{"id":8848,"date":"2026-03-18T10:48:29","date_gmt":"2026-03-18T10:48:29","guid":{"rendered":"https:\/\/anythingtechnicallc.com\/?page_id=8848"},"modified":"2026-03-18T10:48:42","modified_gmt":"2026-03-18T10:48:42","slug":"versand-bearbeitung","status":"publish","type":"page","link":"https:\/\/anythingtechnicallc.com\/index.php\/de\/versand-bearbeitung\/","title":{"rendered":"Versand &amp; Bearbeitung"},"content":{"rendered":"<h3 class=\"wp-block-heading\">VERSANDPOLITIK IM INLAND<\/h3>\n\n\n<p>1. <strong>Bearbeitungszeit f\u00fcr den Versand<\/strong>. Alle Bestellungen werden innerhalb von 2-3 Werktagen bearbeitet. An Wochenenden und Feiertagen werden keine Bestellungen versandt oder geliefert. Wenn wir ein hohes Auftragsvolumen haben, kann sich der Versand um einige Tage verz\u00f6gern. Bitte rechnen Sie mit zus\u00e4tzlichen Tagen f\u00fcr die Zustellung. Artikel, die im R\u00fcckstand sind, werden versandt, sobald sie verf\u00fcgbar sind.<\/p>\n\n\n<p>2. <strong>Versandtarife und voraussichtliche Lieferzeiten<\/strong>. Bei Online-Bestellungen werden die Versandkosten f\u00fcr Ihre Bestellung berechnet und an der Kasse in USD angezeigt. Das voraussichtliche Lieferdatum wird Ihnen mitgeteilt, sobald Ihre per E-Mail zugesandte Tracking-Nummer aktiviert wurde. Eilzustellung ist nur innerhalb der angrenzenden Vereinigten Staaten m\u00f6glich.<\/p>\n\n\n<div class=\"wp-block-image\">\n<figure class=\"aligncenter size-full\"><img loading=\"lazy\" decoding=\"async\" width=\"705\" height=\"430\" src=\"https:\/\/i0.wp.com\/anythingtechnicallc.com\/wp-content\/uploads\/2022\/12\/REGG.png?resize=705%2C430&#038;ssl=1\" alt=\"\" class=\"wp-image-8847\" srcset=\"https:\/\/i0.wp.com\/anythingtechnicallc.com\/wp-content\/uploads\/2022\/12\/REGG.png?w=705&amp;ssl=1 705w, https:\/\/i0.wp.com\/anythingtechnicallc.com\/wp-content\/uploads\/2022\/12\/REGG.png?resize=300%2C183&amp;ssl=1 300w, https:\/\/i0.wp.com\/anythingtechnicallc.com\/wp-content\/uploads\/2022\/12\/REGG.png?resize=98%2C60&amp;ssl=1 98w, https:\/\/i0.wp.com\/anythingtechnicallc.com\/wp-content\/uploads\/2022\/12\/REGG.png?resize=148%2C90&amp;ssl=1 148w\" sizes=\"auto, (max-width: 705px) 100vw, 705px\" data-recalc-dims=\"1\" \/><\/figure>\n<\/div>\n\n<p>3. <strong>Versandbest\u00e4tigung und Auftragsverfolgung<\/strong>. Sie erhalten eine Versandbest\u00e4tigung per E-Mail, sobald Ihre Bestellung aufgegeben wurde, und eine weitere E-Mail mit der\/den Sendungsverfolgungsnummer(n), sobald die Bestellung versandt wurde (f\u00fcr alle nicht &#8220;vorbestellten&#8221; K\u00e4ufe). Die Tracking-Nummer wird innerhalb von 24 Stunden aktiviert. Wenn das von Ihnen gekaufte Ger\u00e4t als &#8220;Vorbestellung&#8221; oder &#8220;Sonderbestellung&#8221; gekennzeichnet war, werden die Tracking-Nummern vom Hersteller bereitgestellt. Die Bestellungen werden jedoch erst am f\u00fcnften Arbeitstag ausgef\u00fchrt, wenn das Ger\u00e4t vom Hersteller zum K\u00e4ufer transportiert wird. <\/p>\n\n\n<p>4.<strong> Kostenloser Versand (Economy-Versand) &#038; Erstk\u00e4ufer-Aktionen.<\/strong><br>Der kostenlose Versand, auch bekannt als &#8220;Economy Shipping&#8221;, gilt nur f\u00fcr Erstk\u00e4ufer. Die kostenlose Versandoption gilt f\u00fcr die meisten Bestellungen, die innerhalb der USA versandt werden, f\u00fcr jede Bestellgr\u00f6\u00dfe mit einer Laufzeit von 7-10 Werktagen und einer Bearbeitungszeit von 1-3 Werktagen. Wenn die Option f\u00fcr Ihr Produkt nicht verf\u00fcgbar ist, qualifiziert es sich nicht f\u00fcr die kostenlose Versandaktion. Die Option Kostenloser Versand (7-10 Werktage) muss f\u00fcr das Produkt w\u00e4hrend des Bestellvorgangs verf\u00fcgbar sein, andernfalls ist der Artikel nicht qualifiziert. Gratis- und Erstk\u00e4ufer-Versandangebote gelten nicht f\u00fcr den erneuten Versand (wenn die Bestellung aus irgendeinem Grund erneut versandt werden muss), Versandumleitungen oder erneute Sendungen (falls zutreffend). Wenn Ihre Bestellung an eine ung\u00fcltige Adresse zur\u00fcckgeschickt werden muss, m\u00fcssen Sie die Kosten f\u00fcr die R\u00fccksendung selbst tragen, da die Aktion nicht f\u00fcr R\u00fccksendungen gilt. Wenn Sie sich NICHT daf\u00fcr entscheiden, den Artikel erneut zu versenden, wird Ihr Artikel als R\u00fccksendung betrachtet und unterliegt daher einer Wiedereinlagerungsgeb\u00fchr von 22% gem\u00e4\u00df den R\u00fcckgabebestimmungen unserer Website.<\/p>\n\n\n<p>5. <strong>Versandaktion f\u00fcr Erstk\u00e4ufer<\/strong>. Bitte beachten Sie die obige Option 4 f\u00fcr Informationen zu allen Versandaktionen f\u00fcr Erstk\u00e4ufer. F\u00fcr alle Erstk\u00e4ufer-Versandaktionen gelten die gleichen Bedingungen. <\/p>\n\n\n<p>6. <strong>Unterschriftserfordernis<\/strong>. F\u00fcr kleine Pakete ist keine Unterschrift bei der Lieferung erforderlich. Wenn Sie diese Option zu Ihrer Bestellung hinzuf\u00fcgen m\u00f6chten, setzen Sie sich bitte mit uns in Verbindung und geben Sie unbedingt Ihre Bestellnummer an. Wenn Sie diese Option w\u00fcnschen, beachten Sie bitte, dass eine Person zum Zeitpunkt der Lieferung anwesend sein muss, um die erforderliche Unterschrift zu leisten.<\/p>\n\n\n<p>7. <strong>Z\u00f6lle, Abgaben und Steuern<\/strong>. Anything Technical L.L.C. ist nicht verantwortlich f\u00fcr Zollabfertigungsgeb\u00fchren, Z\u00f6lle oder Steuern, die auf Ihre Bestellung erhoben werden. Alle Geb\u00fchren, die w\u00e4hrend oder nach dem Versand erhoben werden, liegen in der alleinigen Verantwortung des Kunden (z.B. Steuern, Z\u00f6lle, Mehrwertsteuer).<\/p>\n\n\n<p>8. <strong>Versand nach Puerto Rico, Hawaii, Alaska und, APO-FPO&#8217;s<\/strong><\/p>\n\n\n<p>Aufgrund der begrenzten Verf\u00fcgbarkeit von Transportmitteln sind die von Anything Technical L.L.C. angebotenen Versandzeiten m\u00f6glicherweise nicht g\u00fcltig. In den meisten F\u00e4llen dauert der Versand an diese Ziele zwischen 3-5 Wochen. <\/p>\n\n\n<p>Die P\u00fcnktlichkeit der Zustellung an Ziele au\u00dferhalb der zusammenh\u00e4ngenden USA kann durch die begrenzte Verf\u00fcgbarkeit von Transportmitteln beeintr\u00e4chtigt werden. Aufgrund der unterschiedlichen Transportm\u00f6glichkeiten kann es bei Paketsendungen und USPS Retail Ground\u00ae-Paketen bis zu drei bis f\u00fcnf Wochen dauern, bis sie Hawaii, Alaska, Puerto Rico und alle U.S. Territorien erreichen.<\/p>\n\n\n\n<ul class=\"wp-block-list\">\n<li>Dazu geh\u00f6ren die Postleitzahlen mit den Pr\u00e4fixen 967 und 969 sowie die Postleitzahlen mit den folgenden Pr\u00e4fixen: 995, 996, 997, 998, 999, 968, 006, 007, 008 und 009.<\/li>\n<\/ul>\n\n\n<p>Die Versandzeiten an Military APO\/FPO\/DPO variieren je nach Betriebsbedingungen und der Einheit des Empf\u00e4ngers. Weitere Informationen zu den MPO-Laufzeiten finden <a href=\"https:\/\/faq.usps.com\/s\/article\/How-long-will-it-take-for-mail-to-reach-a-MPO\">Sie hier<\/a>. Um den Unterschied zwischen USPS Retail Ground\u00ae und Priority Mail\u00ae Sendungen an MPOs zu sehen, klicken Sie <a href=\"https:\/\/faq.usps.com\/s\/article\/What-is-the-difference-between-USPS-Retail-Ground-and-Priority-Mail-items-mailed-to-a-Military-or-Diplomatic-Post-Office\">hier<\/a>.<\/p>\n\n\n<p>9. <strong>R\u00dcCKERSTATTUNG DER VERSANDGEB\u00dcHREN<\/strong><br>Jegliche Kosten, die f\u00fcr erweiterte Versandoptionen gezahlt wurden, sind nicht erstattungsf\u00e4hig, z.B.: (Expressversand, Standardversand &#038; Express Elite Versand)<\/p>\n\n\n<p>10.<strong> VERSANDETIKETTEN<\/strong><br>Sie (der K\u00e4ufer) sind f\u00fcr die Bereitstellung eines eigenen Versandetiketts und einer angemessenen Verpackung verantwortlich, wenn Sie Artikel an uns zur\u00fccksenden. R\u00fccksendeetiketten werden von Anything Technical L.L.C. nicht angeboten. Der K\u00e4ufer ist f\u00fcr den Versand seiner Bestellung selbst verantwortlich und muss die R\u00fcckverfolgung seiner Bestellung rechtzeitig veranlassen, wenn er den Artikel an uns zur\u00fcckschickt.<br><br>11. <strong>SELBSTVERSANDKOSTEN<\/strong><br>Wenn Sie (der K\u00e4ufer) berechtigt sind, eine R\u00fcckerstattung zu erhalten, erh\u00e4lt der K\u00e4ufer nur den Kaufpreis des Artikels (abz\u00fcglich etwaiger Wiedereinlagerungsgeb\u00fchren und bezahlter Versandkosten). Die Kosten f\u00fcr den R\u00fcckversand des Artikels werden vom K\u00e4ufer getragen und sind keine erstattungsf\u00e4higen Kosten. Anything Technical L.L.C. ist nicht verantwortlich f\u00fcr das Porto, das Sie (der K\u00e4ufer) f\u00fcr die R\u00fccksendung des Artikels zahlen.<br><br>12. <strong>VERSAND &#038; BEARBEITUNGSZEIT<\/strong><br>Alle Bestellungen (au\u00dfer Sonderbestellungen) werden innerhalb von 2-3 Werktagen bearbeitet. An Wochenenden und Feiertagen werden keine Bestellungen versandt oder geliefert. Wenn wir ein hohes Auftragsvolumen haben, kann sich der Versand um ein paar Tage verz\u00f6gern. Bitte planen Sie zus\u00e4tzliche Tage f\u00fcr die Lieferung ein. Artikel, die im R\u00fcckstand sind, werden verschickt, sobald sie verf\u00fcgbar sind. Es liegt in der Verantwortung des Kunden, uns \u00fcber etwaige Probleme mit der Lieferzeit zu informieren.<\/p>\n\n\n<p>13. <strong>SONDERBESTELLUNGEN (VORBESTELLUNGEN)<\/strong><\/p>\n\n\n<p>F\u00fcr den Fall, dass Sonderbestellungen aufgegeben werden, weil sie in unserem Lager nicht verf\u00fcgbar sind, wird Anything Technical L.L.C den Hersteller kontaktieren, um Ihre Bestellung zu erf\u00fcllen. Sonderbestellungen werden innerhalb von 5 Werktagen erf\u00fcllt (bearbeitet). Die Bearbeitung ist keine Garantie f\u00fcr eine bestimmte Lieferzeit. Versandsch\u00e4tzungen, die Sie von USPS, UPS, FEDEX oder einem anderen Versanddienstleister auf dieser Website erhalten, sind nicht genau. Sie erkl\u00e4ren sich damit einverstanden, Anything Technical L.L.C. nicht f\u00fcr ung\u00fcltige Versandsch\u00e4tzungen verantwortlich zu machen, die von der Website des Versandunternehmens beim Kauf von vorbestellten Waren auf unserer Website angegeben werden. <\/p>\n\n\n<p>14. <strong>INFORMATIONEN ZUR BEARBEITUNG UND NACHVERFOLGUNG VON SONDERBESTELLUNGEN (VORBESTELLUNGEN)<\/strong><\/p>\n\n\n<p>Die Sendungsverfolgung f\u00fcr Bestellungen wird vom Lieferanten w\u00e4hrend der Bearbeitungsphasen im Voraus bereitgestellt. Der Erhalt einer Sendungsverfolgungsnummer f\u00fcr speziell bestellte Artikel bedeutet nicht, dass sich der Artikel gerade auf dem Weg zu Ihrem Zielort befindet.<\/p>\n\n\n<p>15. <strong>VERSANDOPTIONEN (VORBESTELLUNGEN)<\/strong><\/p>\n\n\n<p>Anything Technical L.L.C. versendet Pakete mit verschiedenen Versandunternehmen. Die Versandoptionen k\u00f6nnen ohne vorherige Ank\u00fcndigung ge\u00e4ndert werden. In einigen F\u00e4llen (Sonderbestellungen) muss Anything Technical L.L.C. die angebotenen Versanddienste \u00e4ndern, um Ihre Bestellung zu erf\u00fcllen. Indem Sie die Allgemeinen Gesch\u00e4ftsbedingungen akzeptieren, erteilen Sie Anythingtechnicallc.com die Erlaubnis, die von Ihnen angeforderten Versanddienste zu \u00e4ndern, damit Ihre Bestellung erf\u00fcllt werden kann. <\/p>\n\n\n<p>16. <strong>VERSANDUMLEITUNGEN (STANDARDBESTELLUNGEN &#038; VORBESTELLUNGEN)<\/strong><\/p>\n\n\n<p>Gelegentlich m\u00fcssen Sendungen umgeleitet werden, weil bestimmte Transportunternehmen nicht liefern k\u00f6nnen. Sie erkl\u00e4ren sich damit einverstanden, Anythingtechnicallc.com nicht f\u00fcr Versandumleitungen verantwortlich zu machen, die zu einer Verz\u00f6gerung beim Erhalt Ihres Pakets f\u00fchren. <\/p>\n\n\n<p>17. <strong>VERSANDVERZ\u00d6GERUNGEN<\/strong> <\/p>\n\n\n<p>Sie erkl\u00e4ren sich damit einverstanden, Anything Technical L.L.C. nicht f\u00fcr Versandverz\u00f6gerungen aufgrund von Wetterbedingungen, Herstellerumleitungen oder verpassten Erf\u00fcllungszeiten verantwortlich zu machen. <\/p>\n\n\n<p>18. <strong>\u00c4NDERUNGEN BEI DEN VERSANDANBIETERN<\/strong><\/p>\n\n\n<p>Sie erkl\u00e4ren sich damit einverstanden, Anything Technical L.L.C. nicht f\u00fcr einen Wechsel des Versanddienstleisters verantwortlich zu machen, nachdem ein Versanddienstleister w\u00e4hrend der Kaufabwicklung ausgew\u00e4hlt wurde.<\/p>\n\n\n<p>19. <strong>LIEFERZEITEN DES VERSANDDIENSTLEISTERS<\/strong> <\/p>\n\n\n<p>Anything Technical L.L.C verwendet die Software des United States Postal Service, um Sch\u00e4tzungen \u00fcber die Lieferzeiten abzugeben. Diese Sch\u00e4tzungen sind nicht genau und k\u00f6nnen jederzeit ge\u00e4ndert oder modifiziert werden, abh\u00e4ngig von der Art des Produkts und der Dienstleistung, die Sie von Anythingtechnicallc.com gew\u00e4hlt haben. Sie erkl\u00e4ren sich damit einverstanden, Anything Technical L.L.C nicht f\u00fcr ungenaue Informationen verantwortlich zu machen, die von der Software des United States Postal Service f\u00fcr Versandsch\u00e4tzungen geliefert werden. <\/p>\n\n\n<p>20. <strong>UNFREIWILLIG ODER FREIWILLIG AN DEN ABSENDER ZUR\u00dcCKGESCHICKT <\/strong><\/p>\n\n\n<p>Falls Ihr Paket vom Spediteur als &#8220;R\u00fccksendung an den Absender&#8221; (Anything Technical L.L.C. oder den Hersteller) gekennzeichnet wird, unabh\u00e4ngig davon, ob dies unfreiwillig war oder nicht, haben Sie die M\u00f6glichkeit, den Artikel erneut zu versenden oder eine R\u00fcckerstattung zu erhalten.<\/p>\n\n\n<p><strong>Bitte beachten Sie: <\/strong><\/p>\n\n\n<p>*Es liegt in der Verantwortung des K\u00e4ufers, sich mit dem Versandunternehmen in Verbindung zu setzen, um n\u00e4here Informationen dar\u00fcber zu erhalten, warum sein Paket nicht angekommen ist. <\/p>\n\n\n<p><strong>Option auf Erstattung oder erneute Zusendung:<\/strong><\/p>\n\n\n<p>*F\u00fcr die R\u00fccksendung wird eine zus\u00e4tzliche Versandgeb\u00fchr erhoben, die sich nach der Versanddauer und dem von Ihnen gew\u00e4hlten Versandunternehmen richtet. <\/p>\n\n\n<p>21. <strong>VERLORENE ODER GESTOHLENE PAKETE<\/strong><br>Anything Technical L.L.C ist nicht verantwortlich f\u00fcr verloren gegangene oder gestohlene Pakete, nachdem eine best\u00e4tigte Lieferung an den Haushalt erfolgt ist. Wenn die Sendungsverfolgung zeigt, dass der Artikel erfolgreich am Standort des K\u00e4ufers angekommen ist, haftet Anything Technical L.L.C nicht f\u00fcr verloren gegangene oder gestohlene Pakete in der Folgezeit.<br><br>22. <strong>PAKETE, DIE AUF DEM TRANSPORTWEG VERLOREN GEHEN<\/strong><br>Es liegt in der Verantwortung des K\u00e4ufers, sich mit dem Versandunternehmen in Verbindung zu setzen, um Informationen \u00fcber Pakete zu erhalten, die l\u00e4nger als gew\u00f6hnlich brauchen, um an ihrem Standort anzukommen.<\/p>\n\n\n<h3 class=\"wp-block-heading\">INTERNATIONALER VERSAND<\/h3>\n\n\n<p>Anythingtechnicallc.com versendet weltweit. Wenn Sie sich au\u00dferhalb der USA und Kanadas befinden, wenden Sie sich bitte an einen lokalen Anything Technical L.L.C. H\u00e4ndler in Ihrer Region.<\/p>\n\n\n<p>Wir geben keine Sch\u00e4tzungen \u00fcber Z\u00f6lle, Mehrwertsteuer, Steuern oder Abfertigungsgeb\u00fchren ab, die au\u00dferhalb der USA anfallen k\u00f6nnen, da diese f\u00fcr jedes Zielland spezifisch sind. Der K\u00e4ufer ist allein daf\u00fcr verantwortlich, die Einfuhrbestimmungen des Ziellandes zu kennen und einzuhalten.<\/p>\n\n\n<p>1<strong>. <\/strong><strong> Paypal Global Shipping &#8211; <\/strong>Alle Artikel, die \u00fcber PayPals globales internationales Versandprogramm versandt werden, erhalten innerhalb von 2-3 Werktagen die erste US-Verfolgung \u00fcber unsere Website. Anschlie\u00dfend erhalten Sie innerhalb von 3-5 Werktagen eine 2. internationale Verfolgung per E-Mail, sobald wir von unseren Versandpartnern die Best\u00e4tigung erhalten haben, dass der Artikel erfolgreich bei der internationalen Versandfirma eingegangen ist.<\/p>\n\n\n<p>2. <strong>Alle anderen internationalen<\/strong><strong> Versandoptionen (ohne Paypal)<\/strong> &#8211; alle anderen Versandoptionen erhalten innerhalb von 2-3 Werktagen eine internationale Tracking-Nummer, ohne dass Sie zuerst eine U.S.-Tracking-Nummer erhalten m\u00fcssen. <\/p>\n\n\n<h3 class=\"wp-block-heading\">KEINE VERSANDTAGE<\/h3>\n\n\n<p>Anything Technical L.L.C. beachtet die nationalen Feiertage der USA und versendet an diesen Tagen nicht.<\/p>\n\n\n<p><strong>VERLORENE ODER GESTOHLENE PAKETE<\/strong><\/p>\n\n\n<p>Anything Technical L.L.C. ist nicht verantwortlich f\u00fcr verlorene oder gestohlene Pakete, nachdem eine best\u00e4tigte Lieferung an den Haushalt erfolgt ist.  Wenn die Sendungsverfolgung zeigt, dass der Artikel erfolgreich am Standort des K\u00e4ufers angekommen ist. Anything Technical L.L.C haftet nicht f\u00fcr verloren gegangene oder gestohlene Pakete in der Folgezeit.  <\/p>\n","protected":false},"excerpt":{"rendered":"<p>VERSANDPOLITIK IM INLAND 1. Bearbeitungszeit f\u00fcr den Versand. Alle Bestellungen werden innerhalb von 2-3 Werktagen bearbeitet. An Wochenenden und Feiertagen werden keine Bestellungen versandt oder geliefert. Wenn wir ein hohes Auftragsvolumen haben, kann sich der Versand um einige Tage verz\u00f6gern. Bitte rechnen Sie mit zus\u00e4tzlichen Tagen f\u00fcr die Zustellung. Artikel, die im R\u00fcckstand sind, werden [&hellip;]<\/p>\n","protected":false},"author":1,"featured_media":0,"parent":0,"menu_order":0,"comment_status":"closed","ping_status":"closed","template":"","meta":{"_et_pb_use_builder":"off","_et_pb_old_content":"","_et_gb_content_width":"","footnotes":""},"class_list":["post-8848","page","type-page","status-publish","hentry"],"lang":"de","translations":{"de":8848,"en":75},"jetpack-related-posts":[{"id":8853,"url":"https:\/\/anythingtechnicallc.com\/index.php\/de\/rueckerstattung-und-rueckgabebedingungen\/","url_meta":{"origin":8848,"position":0},"title":"R\u00fcckerstattung und R\u00fcckgabebedingungen","date":"March 18, 2026","format":false,"excerpt":"Overview Unsere Erstattungs- und R\u00fcckgabebestimmungen gelten f\u00fcr 30 Tage. Wenn seit Ihrem Kauf 30 Tage vergangen sind, k\u00f6nnen wir Ihnen keine volle R\u00fcckerstattung oder keinen Umtausch anbieten. Um f\u00fcr eine R\u00fcckgabe in Frage zu kommen, muss Ihr Artikel unbenutzt sein und sich in demselben Zustand befinden, in dem Sie ihn\u2026","rel":"","context":"Similar post","img":{"alt_text":"","src":"","width":0,"height":0},"classes":[]},{"id":8842,"url":"https:\/\/anythingtechnicallc.com\/index.php\/de\/bedingungen-und-konditionen\/","url_meta":{"origin":8848,"position":1},"title":"Bedingungen und Konditionen","date":"March 18, 2026","format":false,"excerpt":"Allgemeine Gesch\u00e4ftsbedingungen Auf der gesamten Website beziehen sich die Begriffe \"wir\", \"uns\" und \"unser\" auf The Anything Technical. Alle Informationen, Tools und Dienstleistungen, die Ihnen, dem Nutzer, auf dieser Website zur Verf\u00fcgung gestellt werden, setzen voraus, dass Sie alle hier genannten Bedingungen, Konditionen, Richtlinien und Hinweise akzeptieren.Sie erkl\u00e4ren sich mit\u2026","rel":"","context":"Similar post","img":{"alt_text":"","src":"","width":0,"height":0},"classes":[]},{"id":8858,"url":"https:\/\/anythingtechnicallc.com\/index.php\/de\/datenschutzbestimmungen\/","url_meta":{"origin":8848,"position":2},"title":"Datenschutzbestimmungen","date":"March 18, 2026","format":false,"excerpt":"Datum des Inkrafttretens: Januar 28, 2020 Um die wesentlichen \u00c4nderungen und ihre G\u00fcltigkeitsdaten zu sehen, scrollen Sie zum Ende der Seite. ANYTHING TILE LLC (\"Anything Technical\") ist Eigent\u00fcmer und Betreiber dieser Website anythingtechnicallc.com. Alle Verweise auf \"wir\", \"uns\", diese \"Website\" oder diese \"Site\" sind so auszulegen, dass sie Anything Technical\u2026","rel":"","context":"Similar post","img":{"alt_text":"","src":"","width":0,"height":0},"classes":[]}],"pll_sync_post":[],"_links":{"self":[{"href":"https:\/\/anythingtechnicallc.com\/index.php\/wp-json\/wp\/v2\/pages\/8848","targetHints":{"allow":["GET"]}}],"collection":[{"href":"https:\/\/anythingtechnicallc.com\/index.php\/wp-json\/wp\/v2\/pages"}],"about":[{"href":"https:\/\/anythingtechnicallc.com\/index.php\/wp-json\/wp\/v2\/types\/page"}],"author":[{"embeddable":true,"href":"https:\/\/anythingtechnicallc.com\/index.php\/wp-json\/wp\/v2\/users\/1"}],"replies":[{"embeddable":true,"href":"https:\/\/anythingtechnicallc.com\/index.php\/wp-json\/wp\/v2\/comments?post=8848"}],"version-history":[{"count":1,"href":"https:\/\/anythingtechnicallc.com\/index.php\/wp-json\/wp\/v2\/pages\/8848\/revisions"}],"predecessor-version":[{"id":8849,"href":"https:\/\/anythingtechnicallc.com\/index.php\/wp-json\/wp\/v2\/pages\/8848\/revisions\/8849"}],"wp:attachment":[{"href":"https:\/\/anythingtechnicallc.com\/index.php\/wp-json\/wp\/v2\/media?parent=8848"}],"curies":[{"name":"wp","href":"https:\/\/api.w.org\/{rel}","templated":true}]}}