{"id":8853,"date":"2026-03-18T10:50:40","date_gmt":"2026-03-18T10:50:40","guid":{"rendered":"https:\/\/anythingtechnicallc.com\/?page_id=8853"},"modified":"2026-03-18T10:50:54","modified_gmt":"2026-03-18T10:50:54","slug":"rueckerstattung-und-rueckgabebedingungen","status":"publish","type":"page","link":"https:\/\/anythingtechnicallc.com\/index.php\/de\/rueckerstattung-und-rueckgabebedingungen\/","title":{"rendered":"R\u00fcckerstattung und R\u00fcckgabebedingungen"},"content":{"rendered":"\n<p><h3>Overview<\/h3><\/p>\n\n\n<p>Unsere Erstattungs- und R\u00fcckgabebestimmungen gelten f\u00fcr 30 Tage. Wenn seit Ihrem Kauf 30 Tage vergangen sind, k\u00f6nnen wir Ihnen keine volle R\u00fcckerstattung oder keinen Umtausch anbieten.<\/p>\n\n\n<p>Um f\u00fcr eine R\u00fcckgabe in Frage zu kommen, muss Ihr Artikel unbenutzt sein und sich in demselben Zustand befinden, in dem Sie ihn erhalten haben. Au\u00dferdem muss er in der Originalverpackung sein.<\/p>\n\n\n<p>Einige Arten von Waren sind von der R\u00fcckgabe ausgenommen. Verderbliche Waren wie Lebensmittel, Blumen, Zeitungen oder Zeitschriften k\u00f6nnen nicht zur\u00fcckgegeben werden. Wir nehmen auch keine Produkte an, bei denen es sich um Intim- oder Hygieneartikel, Gefahrgut oder brennbare Fl\u00fcssigkeiten oder Gase handelt.<\/p>\n\n\n<p>Zus\u00e4tzliche Artikel, die nicht zur\u00fcckgegeben werden k\u00f6nnen:<\/p>\n\n\n<ul class=\"wp-block-list\"><li>Geschenkkarten<\/li><li>Herunterladbare Software-Produkte<\/li><li>Einige Artikel zur Gesundheits- und K\u00f6rperpflege<\/li><\/ul>\n\n\n<p>Um Ihre R\u00fcckgabe abzuschlie\u00dfen, ben\u00f6tigen wir eine Quittung oder einen Kaufbeleg.<\/p>\n\n\n<p>Bitte senden Sie Ihren Kauf nicht an den Hersteller zur\u00fcck.<\/p>\n\n\n<p>Es gibt bestimmte Situationen, in denen nur Teilerstattungen gew\u00e4hrt werden:<\/p>\n\n\n<ul class=\"wp-block-list\"><li>Buch mit deutlichen Gebrauchsspuren<\/li><li>CD, DVD, VHS-Kassette, Software, Videospiel, Kassette oder Schallplatte, die ge\u00f6ffnet wurde.<\/li><li>Jeder Artikel, der sich nicht im Originalzustand befindet, besch\u00e4digt ist oder dem Teile fehlen, die nicht auf unseren Fehler zur\u00fcckzuf\u00fchren sind.<\/li><li>Jeder Artikel, der mehr als 30 Tage nach der Lieferung zur\u00fcckgegeben wird<\/li><\/ul>\n\n\n\n<p><h2>Refunds<\/h2><\/p>\n\n\n<p>Sobald wir Ihre R\u00fccksendung erhalten und gepr\u00fcft haben, senden wir Ihnen eine E-Mail, um Sie dar\u00fcber zu informieren, dass wir Ihren zur\u00fcckgesendeten Artikel erhalten haben. Wir werden Sie auch \u00fcber die Genehmigung oder Ablehnung Ihrer R\u00fcckerstattung informieren.<\/p>\n\n\n<p>Wenn Sie die Genehmigung erhalten, wird Ihre R\u00fcckerstattung bearbeitet und eine Gutschrift auf Ihre Kreditkarte oder Ihre urspr\u00fcngliche Zahlungsmethode wird automatisch innerhalb einer bestimmten Anzahl von Tagen vorgenommen.<\/p>\n\n\n<p><b>Versp\u00e4tete oder fehlende Erstattungen<\/b><\/p>\n\n\n<p>Wenn Sie noch keine R\u00fcckerstattung erhalten haben, \u00fcberpr\u00fcfen Sie zun\u00e4chst noch einmal Ihr Bankkonto.<\/p>\n\n\n<p>Wenden Sie sich dann an Ihr Kreditkartenunternehmen. Es kann einige Zeit dauern, bis Ihre Erstattung offiziell verbucht wird.<\/p>\n\n\n<p>Wenden Sie sich dann an Ihre Bank. Es dauert oft eine gewisse Zeit, bis eine Erstattung gebucht wird.<\/p>\n\n\n<p>Wenn Sie all dies getan haben und Ihre R\u00fcckerstattung immer noch nicht erhalten haben, kontaktieren Sie uns bitte unter <span \n                data-original-string='mhKcqGOLLDXbebdXdzHXeA==235I1fu\/CxIV4gOxSRH4Znn23nz3e8qsgfx0QGVBOYSEHA='\n                class='apbct-email-encoder'\n                title='This contact has been encoded by Anti-Spam by CleanTalk. Click to decode. To finish the decoding make sure that JavaScript is enabled in your browser.'>am<span class=\"apbct-blur\">************<\/span>@<span class=\"apbct-blur\">***<\/span>il.com<\/span>.<\/p>\n\n\n<p><b>Verkaufsartikel<\/b><\/p>\n\n\n<p>Nur Artikel zum regul\u00e4ren Preis k\u00f6nnen erstattet werden. Ausverkaufsartikel k\u00f6nnen nicht zur\u00fcckerstattet werden.<\/p>\n\n\n\n<p><h2>Exchanges<\/h2><\/p>\n\n\n<p>Wir ersetzen Artikel nur, wenn sie defekt oder besch\u00e4digt sind. Wenn Sie ihn gegen den gleichen Artikel umtauschen m\u00f6chten, senden Sie uns eine E-Mail an <span \n                data-original-string='rozKUrjycns9c4U7TJFZKg==235qzvg0soxsrnd8OIzezysi1ntmIMftG1UXPOyGcGfBRI='\n                class='apbct-email-encoder'\n                title='This contact has been encoded by Anti-Spam by CleanTalk. Click to decode. To finish the decoding make sure that JavaScript is enabled in your browser.'>am<span class=\"apbct-blur\">************<\/span>@<span class=\"apbct-blur\">***<\/span>il.com<\/span> und schicken Sie Ihren Artikel an: 605 Bres Ave, Monroe, LA 71201.<\/p>\n\n\n\n<p><h2>Gifts<\/h2><\/p>\n\n\n<p>Wenn der Artikel beim Kauf als Geschenk gekennzeichnet und direkt an Sie versandt wurde, erhalten Sie eine Geschenkgutschrift in H\u00f6he des Wertes Ihrer R\u00fccksendung. Sobald der zur\u00fcckgesendete Artikel eingegangen ist, wird Ihnen ein Geschenkgutschein zugeschickt.<\/p>\n\n\n<p>Wenn der Artikel beim Kauf nicht als Geschenk gekennzeichnet war oder der Schenkende die Bestellung an sich selbst geschickt hat, um sie Ihnen sp\u00e4ter zu schenken, senden wir eine R\u00fcckerstattung an den Schenkenden und er wird von Ihrer R\u00fcckgabe erfahren.<\/p>\n\n\n\n<p><h2>Shipping returns<\/h2><\/p>\n\n\n<p>Wenn Sie Ihr Produkt zur\u00fcckgeben m\u00f6chten, schicken Sie es bitte an: 605 Bres Ave, Monroe, LA 71201.<\/p>\n\n\n<p>Sie m\u00fcssen die Versandkosten f\u00fcr die R\u00fccksendung Ihres Artikels selbst tragen. Die Versandkosten sind nicht erstattungsf\u00e4hig. Wenn Sie eine R\u00fcckerstattung erhalten, werden die Kosten f\u00fcr den R\u00fcckversand von Ihrer R\u00fcckerstattung abgezogen.<\/p>\n\n\n<p>Je nachdem, wo Sie wohnen, kann es unterschiedlich lange dauern, bis Ihr ausgetauschtes Produkt bei Ihnen eintrifft.<\/p>\n\n\n<p>Wenn Sie teurere Artikel zur\u00fcckschicken, sollten Sie einen verfolgbaren Versanddienst nutzen oder eine Versandversicherung abschlie\u00dfen. Wir garantieren nicht, dass wir Ihren zur\u00fcckgesendeten Artikel erhalten.<\/p>\n\n\n\n<p><h2>Need help?<\/h2><\/p>\n\n\n<p>Wenden Sie sich bei Fragen zu Erstattungen und R\u00fcckgaben an <span \n                data-original-string='ym+I0Ttv3pLdJwOa49Kv+w==23536Wxkte+a6\/PbJmk+pxWIV1+xXrjT\/ljIJ4jUXsGCdo='\n                class='apbct-email-encoder'\n                title='This contact has been encoded by Anti-Spam by CleanTalk. Click to decode. To finish the decoding make sure that JavaScript is enabled in your browser.'>am<span class=\"apbct-blur\">************<\/span>@<span class=\"apbct-blur\">***<\/span>il.com<\/span>.<\/p>\n","protected":false},"excerpt":{"rendered":"<p>Overview Unsere Erstattungs- und R\u00fcckgabebestimmungen gelten f\u00fcr 30 Tage. Wenn seit Ihrem Kauf 30 Tage vergangen sind, k\u00f6nnen wir Ihnen keine volle R\u00fcckerstattung oder keinen Umtausch anbieten. Um f\u00fcr eine R\u00fcckgabe in Frage zu kommen, muss Ihr Artikel unbenutzt sein und sich in demselben Zustand befinden, in dem Sie ihn erhalten haben. Au\u00dferdem muss er [&hellip;]<\/p>\n","protected":false},"author":1,"featured_media":0,"parent":0,"menu_order":0,"comment_status":"closed","ping_status":"closed","template":"","meta":{"_et_pb_use_builder":"","_et_pb_old_content":"","_et_gb_content_width":"","footnotes":""},"class_list":["post-8853","page","type-page","status-publish","hentry"],"lang":"de","translations":{"de":8853,"en":58},"jetpack-related-posts":[{"id":8848,"url":"https:\/\/anythingtechnicallc.com\/index.php\/de\/versand-bearbeitung\/","url_meta":{"origin":8853,"position":0},"title":"Versand &amp; Bearbeitung","date":"March 18, 2026","format":false,"excerpt":"VERSANDPOLITIK IM INLAND 1. Bearbeitungszeit f\u00fcr den Versand. Alle Bestellungen werden innerhalb von 2-3 Werktagen bearbeitet. An Wochenenden und Feiertagen werden keine Bestellungen versandt oder geliefert. Wenn wir ein hohes Auftragsvolumen haben, kann sich der Versand um einige Tage verz\u00f6gern. Bitte rechnen Sie mit zus\u00e4tzlichen Tagen f\u00fcr die Zustellung. Artikel,\u2026","rel":"","context":"Similar post","img":{"alt_text":"","src":"https:\/\/i0.wp.com\/anythingtechnicallc.com\/wp-content\/uploads\/2022\/12\/REGG.png?resize=350%2C200&ssl=1","width":350,"height":200},"classes":[]},{"id":8842,"url":"https:\/\/anythingtechnicallc.com\/index.php\/de\/bedingungen-und-konditionen\/","url_meta":{"origin":8853,"position":1},"title":"Bedingungen und Konditionen","date":"March 18, 2026","format":false,"excerpt":"Allgemeine Gesch\u00e4ftsbedingungen Auf der gesamten Website beziehen sich die Begriffe \"wir\", \"uns\" und \"unser\" auf The Anything Technical. Alle Informationen, Tools und Dienstleistungen, die Ihnen, dem Nutzer, auf dieser Website zur Verf\u00fcgung gestellt werden, setzen voraus, dass Sie alle hier genannten Bedingungen, Konditionen, Richtlinien und Hinweise akzeptieren.Sie erkl\u00e4ren sich mit\u2026","rel":"","context":"Similar post","img":{"alt_text":"","src":"","width":0,"height":0},"classes":[]},{"id":8858,"url":"https:\/\/anythingtechnicallc.com\/index.php\/de\/datenschutzbestimmungen\/","url_meta":{"origin":8853,"position":2},"title":"Datenschutzbestimmungen","date":"March 18, 2026","format":false,"excerpt":"Datum des Inkrafttretens: Januar 28, 2020 Um die wesentlichen \u00c4nderungen und ihre G\u00fcltigkeitsdaten zu sehen, scrollen Sie zum Ende der Seite. ANYTHING TILE LLC (\"Anything Technical\") ist Eigent\u00fcmer und Betreiber dieser Website anythingtechnicallc.com. Alle Verweise auf \"wir\", \"uns\", diese \"Website\" oder diese \"Site\" sind so auszulegen, dass sie Anything Technical\u2026","rel":"","context":"Similar post","img":{"alt_text":"","src":"","width":0,"height":0},"classes":[]}],"pll_sync_post":[],"_links":{"self":[{"href":"https:\/\/anythingtechnicallc.com\/index.php\/wp-json\/wp\/v2\/pages\/8853","targetHints":{"allow":["GET"]}}],"collection":[{"href":"https:\/\/anythingtechnicallc.com\/index.php\/wp-json\/wp\/v2\/pages"}],"about":[{"href":"https:\/\/anythingtechnicallc.com\/index.php\/wp-json\/wp\/v2\/types\/page"}],"author":[{"embeddable":true,"href":"https:\/\/anythingtechnicallc.com\/index.php\/wp-json\/wp\/v2\/users\/1"}],"replies":[{"embeddable":true,"href":"https:\/\/anythingtechnicallc.com\/index.php\/wp-json\/wp\/v2\/comments?post=8853"}],"version-history":[{"count":1,"href":"https:\/\/anythingtechnicallc.com\/index.php\/wp-json\/wp\/v2\/pages\/8853\/revisions"}],"predecessor-version":[{"id":8854,"href":"https:\/\/anythingtechnicallc.com\/index.php\/wp-json\/wp\/v2\/pages\/8853\/revisions\/8854"}],"wp:attachment":[{"href":"https:\/\/anythingtechnicallc.com\/index.php\/wp-json\/wp\/v2\/media?parent=8853"}],"curies":[{"name":"wp","href":"https:\/\/api.w.org\/{rel}","templated":true}]}}