{"id":8861,"date":"2026-03-18T10:53:01","date_gmt":"2026-03-18T10:53:01","guid":{"rendered":"https:\/\/anythingtechnicallc.com\/?page_id=8861"},"modified":"2026-03-18T10:53:10","modified_gmt":"2026-03-18T10:53:10","slug":"kontaktieren-sie-uns","status":"publish","type":"page","link":"https:\/\/anythingtechnicallc.com\/index.php\/de\/kontaktieren-sie-uns\/","title":{"rendered":"Kontaktieren Sie uns"},"content":{"rendered":"\n<div itemprop=\"location\" itemscope itemtype=\"http:\/\/schema.org\/Organization\" class=\"wp-block-jetpack-contact-info\">\n<div class=\"wp-block-jetpack-email\"><a itemprop=\"email\" href=\"mailto:am************@***il.com\" data-original-string=\"GN1UoY4em2UsRNDuXmMuug==235ECzRC5smxMOvcVYHGe9DHs4xbTRoNxFXTCBEUr2X8qY=\" title=\"This contact has been encoded by Anti-Spam by CleanTalk. Click to decode. To finish the decoding make sure that JavaScript is enabled in your browser.\"><span \n                data-original-string='WKVJctVDRv78Gsnd++M38w==2356cWhgMcbG2vxu+9Ua\/LgNc\/WwK4pTkNpjWND3aeBfKY='\n                class='apbct-email-encoder'\n                title='This contact has been encoded by Anti-Spam by CleanTalk. Click to decode. To finish the decoding make sure that JavaScript is enabled in your browser.'>am<span class=\"apbct-blur\">************<\/span>@<span class=\"apbct-blur\">***<\/span>il.com<\/span><\/a><\/div>\n\n\n\n<div class=\"wp-block-jetpack-phone\"><span itemprop=\"telephone\"><a href=\"tel:3188017277\">318-801-7277<\/a><\/span><\/div>\n\n\n\n<div itemprop=\"address\" itemscope itemtype=\"http:\/\/schema.org\/PostalAddress\" class=\"wp-block-jetpack-address\" ><a href=\"https:\/\/www.google.com\/maps\/search\/Anything+Technical L.L.C,605 Bres Ave, ,+Monroe,+LA,+71201\" target=\"_blank\" rel=\"noopener noreferrer\" title=\"Open address in Google Maps\"><div itemprop=\"streetAddress\" class=\"jetpack-address__address jetpack-address__address1\">Anything Technical L.L.C<\/div><div itemprop=\"streetAddress\" class=\"jetpack-address__address jetpack-address__address2\">605 Bres Ave, <\/div><div><span itemprop=\"addressLocality\" class=\"jetpack-address__city\">Monroe<\/span>, <span itemprop=\"addressRegion\" class=\"jetpack-address__region\">LA<\/span> <span itemprop=\"postalCode\" class=\"jetpack-address__postal\">71201<\/span><\/div><\/a><\/div>\n<\/div>\n\n\n<div class=\"wp-block-jetpack-contact-form\"><a href=\"https:\/\/anythingtechnicallc.com\/index.php\/de\/kontaktieren-sie-uns\/\" target=\"_blank\" rel=\"noopener noreferrer\">Submit a form.<\/a><\/div>","protected":false},"excerpt":{"rendered":"amandakayglynn@gmail.com 318-801-7277 Anything Technical L.L.C605 Bres Ave, Monroe, LA 71201","protected":false},"author":1,"featured_media":0,"parent":0,"menu_order":0,"comment_status":"closed","ping_status":"open","template":"","meta":{"_et_pb_use_builder":"","_et_pb_old_content":"","_et_gb_content_width":"","footnotes":""},"class_list":["post-8861","page","type-page","status-publish","hentry"],"lang":"de","translations":{"de":8861,"en":2},"jetpack-related-posts":[{"id":8853,"url":"https:\/\/anythingtechnicallc.com\/index.php\/de\/rueckerstattung-und-rueckgabebedingungen\/","url_meta":{"origin":8861,"position":0},"title":"R\u00fcckerstattung und R\u00fcckgabebedingungen","date":"March 18, 2026","format":false,"excerpt":"Overview Unsere Erstattungs- und R\u00fcckgabebestimmungen gelten f\u00fcr 30 Tage. Wenn seit Ihrem Kauf 30 Tage vergangen sind, k\u00f6nnen wir Ihnen keine volle R\u00fcckerstattung oder keinen Umtausch anbieten. Um f\u00fcr eine R\u00fcckgabe in Frage zu kommen, muss Ihr Artikel unbenutzt sein und sich in demselben Zustand befinden, in dem Sie ihn\u2026","rel":"","context":"Similar post","img":{"alt_text":"","src":"","width":0,"height":0},"classes":[]},{"id":8858,"url":"https:\/\/anythingtechnicallc.com\/index.php\/de\/datenschutzbestimmungen\/","url_meta":{"origin":8861,"position":1},"title":"Datenschutzbestimmungen","date":"March 18, 2026","format":false,"excerpt":"Datum des Inkrafttretens: Januar 28, 2020 Um die wesentlichen \u00c4nderungen und ihre G\u00fcltigkeitsdaten zu sehen, scrollen Sie zum Ende der Seite. ANYTHING TILE LLC (\"Anything Technical\") ist Eigent\u00fcmer und Betreiber dieser Website anythingtechnicallc.com. Alle Verweise auf \"wir\", \"uns\", diese \"Website\" oder diese \"Site\" sind so auszulegen, dass sie Anything Technical\u2026","rel":"","context":"Similar post","img":{"alt_text":"","src":"","width":0,"height":0},"classes":[]},{"id":8848,"url":"https:\/\/anythingtechnicallc.com\/index.php\/de\/versand-bearbeitung\/","url_meta":{"origin":8861,"position":2},"title":"Versand &amp; Bearbeitung","date":"March 18, 2026","format":false,"excerpt":"VERSANDPOLITIK IM INLAND 1. Bearbeitungszeit f\u00fcr den Versand. Alle Bestellungen werden innerhalb von 2-3 Werktagen bearbeitet. An Wochenenden und Feiertagen werden keine Bestellungen versandt oder geliefert. Wenn wir ein hohes Auftragsvolumen haben, kann sich der Versand um einige Tage verz\u00f6gern. Bitte rechnen Sie mit zus\u00e4tzlichen Tagen f\u00fcr die Zustellung. Artikel,\u2026","rel":"","context":"Similar post","img":{"alt_text":"","src":"https:\/\/i0.wp.com\/anythingtechnicallc.com\/wp-content\/uploads\/2022\/12\/REGG.png?resize=350%2C200&ssl=1","width":350,"height":200},"classes":[]},{"id":8842,"url":"https:\/\/anythingtechnicallc.com\/index.php\/de\/bedingungen-und-konditionen\/","url_meta":{"origin":8861,"position":3},"title":"Bedingungen und Konditionen","date":"March 18, 2026","format":false,"excerpt":"Allgemeine Gesch\u00e4ftsbedingungen Auf der gesamten Website beziehen sich die Begriffe \"wir\", \"uns\" und \"unser\" auf The Anything Technical. Alle Informationen, Tools und Dienstleistungen, die Ihnen, dem Nutzer, auf dieser Website zur Verf\u00fcgung gestellt werden, setzen voraus, dass Sie alle hier genannten Bedingungen, Konditionen, Richtlinien und Hinweise akzeptieren.Sie erkl\u00e4ren sich mit\u2026","rel":"","context":"Similar post","img":{"alt_text":"","src":"","width":0,"height":0},"classes":[]},{"id":8828,"url":"https:\/\/anythingtechnicallc.com\/index.php\/de\/warenkorb\/","url_meta":{"origin":8861,"position":4},"title":"Warenkorb","date":"July 26, 2021","format":false,"excerpt":"","rel":"","context":"Similar post","img":{"alt_text":"","src":"","width":0,"height":0},"classes":[]},{"id":8832,"url":"https:\/\/anythingtechnicallc.com\/index.php\/de\/kasse\/","url_meta":{"origin":8861,"position":5},"title":"Kasse","date":"July 26, 2021","format":false,"excerpt":"","rel":"","context":"Similar post","img":{"alt_text":"","src":"","width":0,"height":0},"classes":[]}],"pll_sync_post":[],"_links":{"self":[{"href":"https:\/\/anythingtechnicallc.com\/index.php\/wp-json\/wp\/v2\/pages\/8861","targetHints":{"allow":["GET"]}}],"collection":[{"href":"https:\/\/anythingtechnicallc.com\/index.php\/wp-json\/wp\/v2\/pages"}],"about":[{"href":"https:\/\/anythingtechnicallc.com\/index.php\/wp-json\/wp\/v2\/types\/page"}],"author":[{"embeddable":true,"href":"https:\/\/anythingtechnicallc.com\/index.php\/wp-json\/wp\/v2\/users\/1"}],"replies":[{"embeddable":true,"href":"https:\/\/anythingtechnicallc.com\/index.php\/wp-json\/wp\/v2\/comments?post=8861"}],"version-history":[{"count":1,"href":"https:\/\/anythingtechnicallc.com\/index.php\/wp-json\/wp\/v2\/pages\/8861\/revisions"}],"predecessor-version":[{"id":8862,"href":"https:\/\/anythingtechnicallc.com\/index.php\/wp-json\/wp\/v2\/pages\/8861\/revisions\/8862"}],"wp:attachment":[{"href":"https:\/\/anythingtechnicallc.com\/index.php\/wp-json\/wp\/v2\/media?parent=8861"}],"curies":[{"name":"wp","href":"https:\/\/api.w.org\/{rel}","templated":true}]}}