{"id":8869,"date":"2026-03-18T10:58:12","date_gmt":"2026-03-18T10:58:12","guid":{"rendered":"https:\/\/anythingtechnicallc.com\/?post_type=product&#038;p=8869"},"modified":"2026-03-18T15:02:47","modified_gmt":"2026-03-18T15:02:47","slug":"razer-hammerhead-pro-v2-ohrstoepsel-custom-tuned-dual-driver-technologie-in-line-mikrofon-lautstaerkeregler-aluminiumrahmen-3-5mm-kopfhoereranschluss-gruen","status":"publish","type":"product","link":"https:\/\/anythingtechnicallc.com\/index.php\/de\/product\/razer-hammerhead-pro-v2-ohrstoepsel-custom-tuned-dual-driver-technologie-in-line-mikrofon-lautstaerkeregler-aluminiumrahmen-3-5mm-kopfhoereranschluss-gruen\/","title":{"rendered":"Razer Hammerhead Pro v2 Ohrst\u00f6psel: Custom-Tuned Dual-Driver Technologie &#8211; In-Line Mikrofon &#038; Lautst\u00e4rkeregler &#8211; Aluminiumrahmen &#8211; 3.5mm Kopfh\u00f6reranschluss &#8211; Gr\u00fcn"},"content":{"rendered":"<p>[Galerie]<\/p>\n<p><!-- show up to 2 reviews by default -->Die neuen Razer Hammerhead Pro V2 und Razer Hammerhead V2 verf\u00fcgen beide \u00fcber ein verbessertes Geh\u00e4use, das aus Flugzeugaluminium CNC-gefr\u00e4st ist, und flache Kabel, die sich ideal f\u00fcr den mobilen Gaming- und Musikgebrauch eignen. Das In-Ear-Headset und der Kopfh\u00f6rer sind mit extragro\u00dfen, dynamischen 10-mm-Treibern ausgestattet &#8211; eine Steigerung von 20 Prozent im Vergleich zu den Vorg\u00e4ngermodellen &#8211; und sorgen so f\u00fcr eine verbesserte akustische Klarheit und kraftvollere B\u00e4sse, f\u00fcr die die Razer Hammerhead-Serie bekannt ist.<\/p>\n<p>10 mm extra gro\u00dfe dynamische Treiber f\u00fcr herausragende Klangtreue<br \/>\nV\u00f6llig neues Geh\u00e4usedesign mit flachen Kabeln f\u00fcr Robustheit unterwegs<br \/>\nInline-Mikrofon mit 3 Quick Action Control-Tasten f\u00fcr iOS- und Android-Ger\u00e4te<\/p>\n","protected":false},"excerpt":{"rendered":"<p>Extra gro\u00dfe 10-mm-Treiber f\u00fcr herausragende Klangqualit\u00e4t<br \/>\nV\u00f6llig neues Geh\u00e4usedesign mit flachen Kabeln f\u00fcr Robustheit unterwegs<br \/>\nInline-Mikrofon mit 3 Quick Action Control-Tasten f\u00fcr iOS- und Android-Ger\u00e4te<\/p>\n","protected":false},"featured_media":8868,"comment_status":"open","ping_status":"closed","template":"","meta":{"_et_pb_use_builder":"","_et_pb_old_content":"","_et_gb_content_width":""},"product_brand":[],"product_cat":[1372],"product_tag":[],"class_list":{"0":"post-8869","1":"product","2":"type-product","3":"status-publish","4":"has-post-thumbnail","6":"product_cat-elektronik","7":"pa_brand-besuchen-sie-den-razer-store","8":"pa_date-first-available-april-5-2016","9":"pa_is-discontinued-by-manufactur-nein","10":"pa_item-model-number-rz04-01730100-r3u1","11":"pa_item-weight-0691-unzen","12":"pa_manufacturer-razer-inc","13":"pa_product-dimensions-52-x-1-x-05-zoll","15":"first","16":"instock","17":"taxable","18":"shipping-taxable","19":"purchasable","20":"product-type-simple"},"exclude_global_add_ons":[],"addons":[],"jetpack-related-posts":[{"id":8881,"url":"https:\/\/anythingtechnicallc.com\/index.php\/de\/product\/razer-hammerhead-duo-konsole-custom-tuned-dual-driver-technologie-inline-mikrofon-stummschalter-aluminiumrahmen-spezielle-tragetasche-35-mm-kopfhoereranschluss-gruen-rz12-03030300-r3m1\/","url_meta":{"origin":8869,"position":0},"title":"Razer Hammerhead Duo Konsole: Custom-Tuned Dual-Driver-Technologie &#8211; Inline-Mikrofon-Stummschalter &#8211; Aluminiumrahmen &#8211; spezielle Tragetasche &#8211; 3,5-mm-Kopfh\u00f6reranschluss &#8211; Gr\u00fcn (RZ12-03030300-R3M1)","date":"March 18, 2026","format":false,"excerpt":"Geben Sie Ihre Modellnummer ein, um sicherzustellen, dass dieses Modell passt. Mitrei\u00dfender Klang \u00fcber den gesamten Frequenzbereich Individuell abgestimmte Doppeltreibertechnologie sorgt f\u00fcr tiefere B\u00e4sse und h\u00f6here Frequenzdetails f\u00fcr einen dynamischen, klaren Klang unterwegs. Sicherer Sitz im Ohr und passive Ger\u00e4uschisolierung Wird mit 3 Gr\u00f6\u00dfen von Silikonaufs\u00e4tzen geliefert, um die beste\u2026","rel":"","context":"Similar post","img":{"alt_text":"","src":"https:\/\/i0.wp.com\/anythingtechnicallc.com\/wp-content\/uploads\/2023\/03\/Razer-Hammerhead-Duo-Console-Custom-Tuned-Dual-Driver-Technology-in-Line-Mic-Mute-Switch-Aluminum-Frame-Dedicated-Carrying-Case-35mm-Headphone-Jack-Green-RZ12-03030300-R3M1-0.jpg?fit=448%2C500&ssl=1&resize=350%2C200","width":350,"height":200},"classes":[]},{"id":8888,"url":"https:\/\/anythingtechnicallc.com\/index.php\/de\/product\/razer-hammerhead-true-wireless-2-generation-bluetooth-gaming-kopfhoerer-chroma-rgb-beleuchtung-60ms-low-latency-aktive-geraeuschunterdrueckung-zwei-mikrofone-mit-umgebungsgeraeuschunterdruecku\/","url_meta":{"origin":8869,"position":1},"title":"Razer Hammerhead True Wireless (2. Generation) Bluetooth Gaming-Kopfh\u00f6rer: Chroma RGB-Beleuchtung -60ms Low-Latency- Aktive Ger\u00e4uschunterdr\u00fcckung &#8211; Zwei Mikrofone mit Umgebungsger\u00e4uschunterdr\u00fcckung- Klassisches Schwarz","date":"March 18, 2026","format":false,"excerpt":"Powered by Razer Chroma RGB: Mit 16,8 Millionen Farben und einer Reihe von Effekten, aus denen Sie w\u00e4hlen k\u00f6nnen, unterstreichen Sie Ihren Stil und heben sich von der Masse ab - mit dem ultimativen kabellosen Ohrst\u00f6psel Flex.Hinweis: Wenn die Gr\u00f6\u00dfe der Ohrst\u00f6pselaufs\u00e4tze nicht mit der Gr\u00f6\u00dfe Ihrer Geh\u00f6rg\u00e4nge \u00fcbereinstimmt oder\u2026","rel":"","context":"Similar post","img":{"alt_text":"","src":"https:\/\/i0.wp.com\/anythingtechnicallc.com\/wp-content\/uploads\/2023\/03\/Razer-Hammerhead-True-Wireless-2nd-Gen-Bluetooth-Gaming-Earbuds-Chroma-RGB-Lighting-60ms-Low-Latency-Active-Noise-Cancellation-Dual-Environmental-Noise-Cancelling-Microphones-Classic-Black-0.jpg?fit=500%2C375&ssl=1&resize=350%2C200","width":350,"height":200},"classes":[]},{"id":8908,"url":"https:\/\/anythingtechnicallc.com\/index.php\/de\/product\/razer-kraken-7-1-chroma-v2-usb-gaming-headset-ovale-ohrpolster-7-1-surround-sound-mit-versenkbarem-digitalen-mikrofon-und-chroma-beleuchtung\/","url_meta":{"origin":8869,"position":2},"title":"Razer Kraken 7.1 Chroma V2 USB Gaming Headset &#8211; Ovale Ohrpolster &#8211; 7.1 Surround Sound mit versenkbarem digitalen Mikrofon und Chroma-Beleuchtung","date":"March 18, 2026","format":false,"excerpt":"Stellen Sie sicher, dass dieses Produkt passt, indem Sie Ihre Modellnummer eingeben. Dank der integrierten fortschrittlichen 7.1 Virtual Surround Sound-Engine liefert das Razer Kraken 7.1 V2 positionsgetreuen Klang mit h\u00f6chster Pr\u00e4zision. Der neue und verbesserte Kopfb\u00fcgel des Razer Kraken 7.1 V2 besteht aus Bauxit-Aluminium und ist sowohl leicht als auch\u2026","rel":"","context":"Similar post","img":{"alt_text":"","src":"https:\/\/i0.wp.com\/anythingtechnicallc.com\/wp-content\/uploads\/2023\/03\/Razer-Kraken-71-Chroma-V2-USB-Gaming-Headset-Oval-Ear-Cushions-71-Surround-Sound-with-Retractable-Digital-Microphone-and-Chroma-Lighting-Renewed-0.jpg?fit=500%2C334&ssl=1&resize=350%2C200","width":350,"height":200},"classes":[]},{"id":8895,"url":"https:\/\/anythingtechnicallc.com\/index.php\/de\/product\/razer-blackshark-v2-x-gaming-headset-7-1-surround-sound-50mm-treiber-memory-foam-cushion-fuer-pc-ps4-ps5-switch-xbox-one-xbox-series-xs-mobile-3-5mm-audio-jack-classic-black\/","url_meta":{"origin":8869,"position":3},"title":"Razer BlackShark V2 X Gaming Headset: 7.1 Surround Sound &#8211; 50mm Treiber &#8211; Memory Foam Cushion &#8211; f\u00fcr PC, PS4, PS5, Switch, Xbox One, Xbox Series X|S, Mobile &#8211; 3.5mm Audio Jack &#8211; Classic Black","date":"March 18, 2026","format":false,"excerpt":"Stellen Sie sicher, dass dieser Artikel passt, indem Sie Ihre Modellnummer eingeben. Frequenzgang 12 Hz - 28 kHz.Kopfh\u00f6rertyp:Over-Ear.Mikrofon Frequenzgang 100 Hz - 10 kHz Gaming-Peripherieger\u00e4te Marke: Quelle - The NPD Group, Inc. U.S. Retail Tracking Service: Gaming-Tastaturen, Gaming-M\u00e4use, Gaming-Headsets, Gaming-Peripherieger\u00e4te; Basierend auf dem Dollar-Umsatz, Januar-Sept. 2021 zusammen","rel":"","context":"Similar post","img":{"alt_text":"","src":"https:\/\/i0.wp.com\/anythingtechnicallc.com\/wp-content\/uploads\/2023\/03\/Razer-BlackShark-V2-X-Gaming-Headset-71-Surround-Sound-50mm-Drivers-Memory-Foam-Cushion-for-PC-PS4-PS5-Switch-Xbox-One-Xbox-Series-XS-Mobile-35mm-Audio-Jack-Classic-Black-0.jpg?fit=500%2C500&ssl=1&resize=350%2C200","width":350,"height":200},"classes":[]},{"id":9136,"url":"https:\/\/anythingtechnicallc.com\/index.php\/de\/product\/steelseries-arctis-7-lossless-wireless-gaming-headset-mit-dts-headphone-x-v2-0-surround-fuer-pc-und-playstation-4-schwarz-erneuert\/","url_meta":{"origin":8869,"position":4},"title":"SteelSeries Arctis 7 &#8211; Lossless Wireless Gaming Headset mit DTS Headphone: X v2.0 Surround &#8211; f\u00fcr PC und PlayStation 4 &#8211; Schwarz Erneuert","date":"March 19, 2026","format":false,"excerpt":"Die 2,4-Gramm-Verbindung wurde speziell f\u00fcr Spiele entwickelt und bietet eine solide, verlustfreie kabellose Audio\u00fcbertragung mit extrem geringer Latenz und ohne Interferenzen. Das von Discord zertifizierte Clear Cast-Mikrofon gilt als das beste Mikrofon f\u00fcr Spiele und liefert klare Stimmen in Studioqualit\u00e4t und unterdr\u00fcckt Hintergrundger\u00e4usche. Mit den s1-Lautsprechertreibern, die f\u00fcr eine extrem\u2026","rel":"","context":"Similar post","img":{"alt_text":"","src":"https:\/\/i0.wp.com\/anythingtechnicallc.com\/wp-content\/uploads\/2025\/02\/81pCpKFjBZL._AC_SL1500_.jpg?fit=708%2C1200&ssl=1&resize=350%2C200","width":350,"height":200},"classes":[]},{"id":9570,"url":"https:\/\/anythingtechnicallc.com\/index.php\/de\/product\/hyperx-cloud-iii-kabelgebundenes-gaming-headset-pc-ps5-xbox-serie-xs-abgewinkelte-53mm-treiber-dts-spatial-audio-memory-foam-stabiler-rahmen-ultraklares-10mm-mikrofon-usb-c-usb-a-3-5mm-2\/","url_meta":{"origin":8869,"position":5},"title":"HyperX Cloud III &#8211; Kabelgebundenes Gaming-Headset, PC, PS5, Xbox Serie X|S, abgewinkelte 53mm Treiber, DTS Spatial Audio, Memory Foam, stabiler Rahmen, ultraklares 10mm Mikrofon, USB-C, USB-A, 3.5mm &#8211; Schwarz","date":"March 21, 2026","format":false,"excerpt":"Komfort ist K\u00f6nig: Komfort liegt in der DNA des Cloud III. Gebaut f\u00fcr Gamer, die nicht wollen, dass ein unbequemes Headset den Fluss ihrer Full-Combo ruiniert, ihren Speedrun unterbricht oder sie aus der Zone wirft. Audio f\u00fcr Ihre Unterhaltung abgestimmt: Die angewinkelten 53-mm-Treiber wurden von den HyperX-Audioingenieuren so abgestimmt, dass\u2026","rel":"","context":"Similar post","img":{"alt_text":"","src":"https:\/\/i0.wp.com\/anythingtechnicallc.com\/wp-content\/uploads\/2025\/10\/HyperX-Cloud-III-\u2013-Wired-Gaming-Headset-Black.jpg?fit=1117%2C1200&ssl=1&resize=350%2C200","width":350,"height":200},"classes":[]}],"pll_sync_post":[],"lang":"de","translations":{"de":8869,"en":2825},"_links":{"self":[{"href":"https:\/\/anythingtechnicallc.com\/index.php\/wp-json\/wp\/v2\/product\/8869","targetHints":{"allow":["GET"]}}],"collection":[{"href":"https:\/\/anythingtechnicallc.com\/index.php\/wp-json\/wp\/v2\/product"}],"about":[{"href":"https:\/\/anythingtechnicallc.com\/index.php\/wp-json\/wp\/v2\/types\/product"}],"replies":[{"embeddable":true,"href":"https:\/\/anythingtechnicallc.com\/index.php\/wp-json\/wp\/v2\/comments?post=8869"}],"wp:featuredmedia":[{"embeddable":true,"href":"https:\/\/anythingtechnicallc.com\/index.php\/wp-json\/wp\/v2\/media\/8868"}],"wp:attachment":[{"href":"https:\/\/anythingtechnicallc.com\/index.php\/wp-json\/wp\/v2\/media?parent=8869"}],"wp:term":[{"taxonomy":"product_brand","embeddable":true,"href":"https:\/\/anythingtechnicallc.com\/index.php\/wp-json\/wp\/v2\/product_brand?post=8869"},{"taxonomy":"product_cat","embeddable":true,"href":"https:\/\/anythingtechnicallc.com\/index.php\/wp-json\/wp\/v2\/product_cat?post=8869"},{"taxonomy":"product_tag","embeddable":true,"href":"https:\/\/anythingtechnicallc.com\/index.php\/wp-json\/wp\/v2\/product_tag?post=8869"}],"curies":[{"name":"wp","href":"https:\/\/api.w.org\/{rel}","templated":true}]}}