{"id":8895,"date":"2026-03-18T11:07:56","date_gmt":"2026-03-18T11:07:56","guid":{"rendered":"https:\/\/anythingtechnicallc.com\/?post_type=product&#038;p=8895"},"modified":"2026-03-18T14:59:13","modified_gmt":"2026-03-18T14:59:13","slug":"razer-blackshark-v2-x-gaming-headset-7-1-surround-sound-50mm-treiber-memory-foam-cushion-fuer-pc-ps4-ps5-switch-xbox-one-xbox-series-xs-mobile-3-5mm-audio-jack-classic-black","status":"publish","type":"product","link":"https:\/\/anythingtechnicallc.com\/index.php\/de\/product\/razer-blackshark-v2-x-gaming-headset-7-1-surround-sound-50mm-treiber-memory-foam-cushion-fuer-pc-ps4-ps5-switch-xbox-one-xbox-series-xs-mobile-3-5mm-audio-jack-classic-black\/","title":{"rendered":"Razer BlackShark V2 X Gaming Headset: 7.1 Surround Sound &#8211; 50mm Treiber &#8211; Memory Foam Cushion &#8211; f\u00fcr PC, PS4, PS5, Switch, Xbox One, Xbox Series X|S, Mobile &#8211; 3.5mm Audio Jack &#8211; Classic Black"},"content":{"rendered":"<p>[Galerie]<\/p>\n<p><!-- show up to 2 reviews by default -->Genie\u00dfen Sie den Sound des Esports mit dem Razer BlackShark V2 X &#8211; eine dreifache Bedrohung mit erstaunlichem Klang, \u00fcberragender Mikrofonklarheit und hervorragender Schallisolierung. Mit unserem besten Headset-Mikrofon und den besten Audiotreibern in einem einzigartigen Headset im Flugzeugstil wird Ihr Wettkampfspiel zum Profi.<\/p>\n<p>Geben Sie Ihre Modellnummer ein, um sicherzustellen, dass dieses Produkt passt.<br \/>\nFrequenzgang 12 Hz &#8211; 28 kHz.Kopfh\u00f6rertyp:Over-Ear.Mikrofon Frequenzgang 100 Hz &#8211; 10 kHz<br \/>\nGaming-Peripherieger\u00e4te Marke: Quelle &#8211; The NPD Group, Inc. U.S. Retail Tracking Service: Gaming-Tastaturen, Gaming-M\u00e4use, Gaming-Headsets, Gaming-Peripherieger\u00e4te; Basierend auf Dollar-Umsatz, Januar-Sept. 2021 zusammen<br \/>\nImmersiver 7.1-Surround-Sound f\u00fcr positionsabh\u00e4ngiges Audio: Ausgestattet mit speziell abgestimmten 50-mm-Treibern, f\u00e4hig zu softwareaktiviertem Surround Sound (nur unter Windows 10 64-bit verf\u00fcgbar)<br \/>\nTriforce Titanium 50mm High-End Sound-Treiber: Ausgestattet mit hochmodernen 50-mm-Treibern, die in 3 Teile unterteilt sind und eine individuelle Abstimmung der H\u00f6hen, Mitten und B\u00e4sse erm\u00f6glichen<br \/>\nLeichtes Design mit atmungsaktiven Memory Foam Ohrpolstern: Der BlackShark V2X wiegt nur 240 g und wurde von Grund auf f\u00fcr maximalen Komfort entwickelt.<br \/>\nRazer Hyperclear Cardioid Mikrofon: Ein verbessertes Abnahmemuster sorgt f\u00fcr mehr Stimme und weniger Rauschen, da es sich zur R\u00fcckseite und zu den Seiten des Mikrofons hin verj\u00fcngt.<br \/>\nPlattform\u00fcbergreifende Kompatibilit\u00e4t: Funktioniert mit PC, Mac, PS4, Xbox One, Nintendo Switch und mobilen Ger\u00e4ten \u00fcber die 3,5-mm-Buchse, so dass Sie auf fast allen Plattformen einen unfairen Audio-Vorteil genie\u00dfen k\u00f6nnen<\/p>\n","protected":false},"excerpt":{"rendered":"<p>Stellen Sie sicher, dass dieser Artikel passt, indem Sie Ihre Modellnummer eingeben.<br \/>\nFrequenzgang 12 Hz &#8211; 28 kHz.Kopfh\u00f6rertyp:Over-Ear.Mikrofon Frequenzgang 100 Hz &#8211; 10 kHz<br \/>\nGaming-Peripherieger\u00e4te Marke: Quelle &#8211; The NPD Group, Inc. U.S. Retail Tracking Service: Gaming-Tastaturen, Gaming-M\u00e4use, Gaming-Headsets, Gaming-Peripherieger\u00e4te; Basierend auf dem Dollar-Umsatz, Januar-Sept. 2021 zusammen<\/p>\n","protected":false},"featured_media":8894,"comment_status":"open","ping_status":"closed","template":"","meta":{"_et_pb_use_builder":"","_et_pb_old_content":"","_et_gb_content_width":""},"product_brand":[],"product_cat":[1372],"product_tag":[],"class_list":{"0":"post-8895","1":"product","2":"type-product","3":"status-publish","4":"has-post-thumbnail","6":"product_cat-elektronik","7":"pa_brand-besuchen-sie-den-razer-store","8":"pa_country-of-origin-china","9":"pa_date-first-available-juli-30-2020","10":"pa_item-model-number-rz04-03240100-r3u1","11":"pa_item-weight-12-pfund","12":"pa_manufacturer-razer","13":"pa_product-dimensions-76-x-676-x-386-zoll","15":"first","16":"instock","17":"taxable","18":"shipping-taxable","19":"purchasable","20":"product-type-simple"},"exclude_global_add_ons":[],"addons":[],"jetpack-related-posts":[{"id":8908,"url":"https:\/\/anythingtechnicallc.com\/index.php\/de\/product\/razer-kraken-7-1-chroma-v2-usb-gaming-headset-ovale-ohrpolster-7-1-surround-sound-mit-versenkbarem-digitalen-mikrofon-und-chroma-beleuchtung\/","url_meta":{"origin":8895,"position":0},"title":"Razer Kraken 7.1 Chroma V2 USB Gaming Headset &#8211; Ovale Ohrpolster &#8211; 7.1 Surround Sound mit versenkbarem digitalen Mikrofon und Chroma-Beleuchtung","date":"March 18, 2026","format":false,"excerpt":"Stellen Sie sicher, dass dieses Produkt passt, indem Sie Ihre Modellnummer eingeben. Dank der integrierten fortschrittlichen 7.1 Virtual Surround Sound-Engine liefert das Razer Kraken 7.1 V2 positionsgetreuen Klang mit h\u00f6chster Pr\u00e4zision. Der neue und verbesserte Kopfb\u00fcgel des Razer Kraken 7.1 V2 besteht aus Bauxit-Aluminium und ist sowohl leicht als auch\u2026","rel":"","context":"Similar post","img":{"alt_text":"","src":"https:\/\/i0.wp.com\/anythingtechnicallc.com\/wp-content\/uploads\/2023\/03\/Razer-Kraken-71-Chroma-V2-USB-Gaming-Headset-Oval-Ear-Cushions-71-Surround-Sound-with-Retractable-Digital-Microphone-and-Chroma-Lighting-Renewed-0.jpg?fit=500%2C334&ssl=1&resize=350%2C200","width":350,"height":200},"classes":[]},{"id":9561,"url":"https:\/\/anythingtechnicallc.com\/index.php\/de\/product\/hyperx-cloud-alpha-gaming-headset-dual-chamber-drivers-legendaerer-komfort-aluminiumrahmen-abnehmbares-mikrofon-funktioniert-auf-pc-ps4-ps5-xbox-one-series-xs-nintendo-switch-und-handy\/","url_meta":{"origin":8895,"position":1},"title":"HyperX Cloud Alpha &#8211; Gaming Headset, Dual Chamber Drivers, legend\u00e4rer Komfort, Aluminiumrahmen, abnehmbares Mikrofon, funktioniert auf PC, PS4, PS5, Xbox One\/ Series X|S, Nintendo Switch und Handy &#8211; Rot","date":"March 21, 2026","format":false,"excerpt":"Das bahnbrechende Dual Chamber Drivers Design des HyperXTM Cloud Alpha verleiht dem Klang mehr Differenzierung und Klarheit, indem es Verzerrungen reduziert. Die beiden Kammern trennen die B\u00e4sse und sorgen so f\u00fcr einen klareren, sanfteren Klang. Das Cloud Alpha ist mit rotem Premium-Memory-Schaumstoff, einem erweiterten Kopfband und weicherem, biegsamem Kunstleder, einem\u2026","rel":"","context":"Similar post","img":{"alt_text":"","src":"https:\/\/i0.wp.com\/anythingtechnicallc.com\/wp-content\/uploads\/2025\/10\/HyperX-Cloud-Alpha-Gaming-Headset.jpg?fit=1200%2C1200&ssl=1&resize=350%2C200","width":350,"height":200},"classes":[]},{"id":9564,"url":"https:\/\/anythingtechnicallc.com\/index.php\/de\/product\/hyperx-cloud-alpha-wireless-gaming-headset-fuer-pc-300-stunden-akkulaufzeit-dts-headphonex-spatial-audio-memory-schaumstoff-doppelkammertreiber-mikrofon-mit-geraeuschunterdrueckung-stabiler-a\/","url_meta":{"origin":8895,"position":2},"title":"HyperX Cloud Alpha Wireless &#8211; Gaming-Headset f\u00fcr PC, 300 Stunden Akkulaufzeit, DTS Headphone:X Spatial Audio, Memory-Schaumstoff, Doppelkammertreiber, Mikrofon mit Ger\u00e4uschunterdr\u00fcckung, stabiler Aluminiumrahmen, Rot","date":"March 21, 2026","format":false,"excerpt":"HyperX-typischer Komfort: Dieses leichte, bequeme Headset mit dem charakteristischen HyperX Memory Foam und atmungsaktivem Kunstleder hilft Ihnen, sich auch bei Marathon-Gaming-Sessions zu konzentrieren. HyperX Zweikammer-Treiber: Das bahnbrechende Zweikammer-Treibersystem des Cloud Alpha Wireless stimmt die Mitten und H\u00f6hen getrennt von den basslastigen B\u00e4ssen ab, um einen unglaublich klaren Klang zu liefern.\u2026","rel":"","context":"Similar post","img":{"alt_text":"","src":"https:\/\/i0.wp.com\/anythingtechnicallc.com\/wp-content\/uploads\/2025\/10\/HyperX-Cloud-Alpha-Wireless-Gaming-Headset.jpg?fit=1200%2C1169&ssl=1&resize=350%2C200","width":350,"height":200},"classes":[]},{"id":9582,"url":"https:\/\/anythingtechnicallc.com\/index.php\/de\/product\/hyperx-cloudx-stinger-core-kabelloses-gaming-headset-fuer-xbox-serie-xs-und-xbox-one-memory-schaumstoff-premium-kunstleder-ohrpolster-geraeuschunterdrueckung-schwarz\/","url_meta":{"origin":8895,"position":3},"title":"HyperX CloudX Stinger Core &#8211; Kabelloses Gaming-Headset, f\u00fcr Xbox Serie X|S und Xbox One, Memory-Schaumstoff &#038; Premium-Kunstleder-Ohrpolster, Ger\u00e4uschunterdr\u00fcckung, Schwarz","date":"March 21, 2026","format":false,"excerpt":"Offiziell lizenziertes Xbox Headset: Entwickelt f\u00fcr nahtlose Kompatibilit\u00e4t mit Xbox Series X|S und Xbox One Konsolen. Direkte drahtlose Xbox-Verbindung: Hochwertige kabellose Audioqualit\u00e4t auf Tastendruck. Sie ben\u00f6tigen keine zus\u00e4tzlichen drahtlosen Adapter. Eingebauter Headset-Chat-Mixer: Passen Sie die Balance zwischen Spiel- und Chat-Audiopegeln mit den Chat-Mix-Reglern an der Headset-H\u00f6rmuschel an. Immersiver Klang mit\u2026","rel":"","context":"Similar post","img":{"alt_text":"","src":"https:\/\/i0.wp.com\/anythingtechnicallc.com\/wp-content\/uploads\/2025\/10\/HyperX-CloudX-Stinger-Core-Black.jpg?fit=1200%2C1064&ssl=1&resize=350%2C200","width":350,"height":200},"classes":[]},{"id":9573,"url":"https:\/\/anythingtechnicallc.com\/index.php\/de\/product\/hyperx-cloud-ii-gaming-headset-7-1-surround-sound-memory-foam-ear-pads-robuster-aluminiumrahmen-abnehmbares-mikrofon-kompatibel-mit-pc-ps5-ps4-xbox-series-xs-xbox-one-rot\/","url_meta":{"origin":8895,"position":4},"title":"HyperX Cloud II &#8211; Gaming Headset, 7.1 Surround Sound, Memory Foam Ear Pads, robuster Aluminiumrahmen, abnehmbares Mikrofon, kompatibel mit PC, PS5, PS4, Xbox Series X|S, Xbox One &#8211; Rot","date":"March 21, 2026","format":false,"excerpt":"15-25kKhz Frequenzgang.Kopfh\u00f6rertyp:Over-Ear.Hinweis : Wenn die Gr\u00f6\u00dfe der Ohrst\u00f6psel nicht mit der Gr\u00f6\u00dfe Ihrer Geh\u00f6rg\u00e4nge \u00fcbereinstimmt oder das Headset nicht richtig in Ihren Ohren getragen wird, erhalten Sie m\u00f6glicherweise nicht die richtige Klangqualit\u00e4t oder Gespr\u00e4chsleistung. Tauschen Sie die Ohrst\u00f6psel gegen solche aus, die besser in Ihr Ohr passen. Entwickelt f\u00fcr Komfort:\u2026","rel":"","context":"Similar post","img":{"alt_text":"","src":"https:\/\/i0.wp.com\/anythingtechnicallc.com\/wp-content\/uploads\/2025\/10\/HyperX-Cloud-II-Gaming-Headset-Red.jpg?fit=1070%2C1200&ssl=1&resize=350%2C200","width":350,"height":200},"classes":[]},{"id":8869,"url":"https:\/\/anythingtechnicallc.com\/index.php\/de\/product\/razer-hammerhead-pro-v2-ohrstoepsel-custom-tuned-dual-driver-technologie-in-line-mikrofon-lautstaerkeregler-aluminiumrahmen-3-5mm-kopfhoereranschluss-gruen\/","url_meta":{"origin":8895,"position":5},"title":"Razer Hammerhead Pro v2 Ohrst\u00f6psel: Custom-Tuned Dual-Driver Technologie &#8211; In-Line Mikrofon &#038; Lautst\u00e4rkeregler &#8211; Aluminiumrahmen &#8211; 3.5mm Kopfh\u00f6reranschluss &#8211; Gr\u00fcn","date":"March 18, 2026","format":false,"excerpt":"Extra gro\u00dfe 10-mm-Treiber f\u00fcr herausragende Klangqualit\u00e4t V\u00f6llig neues Geh\u00e4usedesign mit flachen Kabeln f\u00fcr Robustheit unterwegs Inline-Mikrofon mit 3 Quick Action Control-Tasten f\u00fcr iOS- und Android-Ger\u00e4te","rel":"","context":"Similar post","img":{"alt_text":"","src":"https:\/\/i0.wp.com\/anythingtechnicallc.com\/wp-content\/uploads\/2023\/03\/Razer-Hammerhead-Pro-v2-Earbuds-Custom-Tuned-Dual-Driver-Technology-in-Line-Mic-Volume-Control-Aluminum-Frame-35mm-Headphone-Jack-Green-0.jpg?fit=352%2C500&ssl=1&resize=350%2C200","width":350,"height":200},"classes":[]}],"pll_sync_post":[],"lang":"de","translations":{"de":8895,"en":2847},"_links":{"self":[{"href":"https:\/\/anythingtechnicallc.com\/index.php\/wp-json\/wp\/v2\/product\/8895","targetHints":{"allow":["GET"]}}],"collection":[{"href":"https:\/\/anythingtechnicallc.com\/index.php\/wp-json\/wp\/v2\/product"}],"about":[{"href":"https:\/\/anythingtechnicallc.com\/index.php\/wp-json\/wp\/v2\/types\/product"}],"replies":[{"embeddable":true,"href":"https:\/\/anythingtechnicallc.com\/index.php\/wp-json\/wp\/v2\/comments?post=8895"}],"wp:featuredmedia":[{"embeddable":true,"href":"https:\/\/anythingtechnicallc.com\/index.php\/wp-json\/wp\/v2\/media\/8894"}],"wp:attachment":[{"href":"https:\/\/anythingtechnicallc.com\/index.php\/wp-json\/wp\/v2\/media?parent=8895"}],"wp:term":[{"taxonomy":"product_brand","embeddable":true,"href":"https:\/\/anythingtechnicallc.com\/index.php\/wp-json\/wp\/v2\/product_brand?post=8895"},{"taxonomy":"product_cat","embeddable":true,"href":"https:\/\/anythingtechnicallc.com\/index.php\/wp-json\/wp\/v2\/product_cat?post=8895"},{"taxonomy":"product_tag","embeddable":true,"href":"https:\/\/anythingtechnicallc.com\/index.php\/wp-json\/wp\/v2\/product_tag?post=8895"}],"curies":[{"name":"wp","href":"https:\/\/api.w.org\/{rel}","templated":true}]}}