{"id":8908,"date":"2026-03-18T11:09:31","date_gmt":"2026-03-18T11:09:31","guid":{"rendered":"https:\/\/anythingtechnicallc.com\/?post_type=product&#038;p=8908"},"modified":"2026-03-18T14:58:22","modified_gmt":"2026-03-18T14:58:22","slug":"razer-kraken-7-1-chroma-v2-usb-gaming-headset-ovale-ohrpolster-7-1-surround-sound-mit-versenkbarem-digitalen-mikrofon-und-chroma-beleuchtung","status":"publish","type":"product","link":"https:\/\/anythingtechnicallc.com\/index.php\/de\/product\/razer-kraken-7-1-chroma-v2-usb-gaming-headset-ovale-ohrpolster-7-1-surround-sound-mit-versenkbarem-digitalen-mikrofon-und-chroma-beleuchtung\/","title":{"rendered":"Razer Kraken 7.1 Chroma V2 USB Gaming Headset &#8211; Ovale Ohrpolster &#8211; 7.1 Surround Sound mit versenkbarem digitalen Mikrofon und Chroma-Beleuchtung"},"content":{"rendered":"<p>[Galerie]<\/p>\n<p><!-- show up to 2 reviews by default -->Das Razer Kraken 7.1 V2 bietet ein beeindruckendes Surround-Sound-Spielerlebnis, das Ihr akustisches Situationsbewusstsein verbessert. Sie werden immer h\u00f6ren, woher der Feind kommt und wo sich Ihr Team befindet, um pr\u00e4zise zuzuschlagen. Dank der fortschrittlichen virtuellen 7.1-Surround-Sound-Software \u00fcber Razer Synapse k\u00f6nnen Sie das Headset auf Ihre eigenen H\u00f6rvorlieben kalibrieren. **Nur f\u00fcr PS4, PC und Mac.<\/p>\n<p>Stellen Sie sicher, dass es passt, indem Sie Ihre Modellnummer eingeben.<br \/>\nDank der integrierten fortschrittlichen 7.1 Virtual Surround Sound-Engine liefert das Razer Kraken 7.1 V2 positionsgetreuen Klang mit h\u00f6chster Pr\u00e4zision. Der neue und verbesserte Kopfb\u00fcgel des Razer Kraken 7.1 V2 besteht aus Bauxit-Aluminium und ist sowohl leicht als auch extrem flexibel.<br \/>\nPassen Sie den Surround-Sound \u00fcber Razer Synapse an Ihre H\u00f6rvorlieben an und wissen Sie genau, woher der Feind kommt, um pr\u00e4zise zuzuschlagen und Ihren Sieg zu sichern<br \/>\nDas Razer Kraken 7.1 V2 wurde entwickelt, um bei Bedarf eine kristallklare Kommunikation zu erm\u00f6glichen, und verf\u00fcgt \u00fcber ein vollst\u00e4ndig einziehbares Mikrofon mit aktiver Mikrofonger\u00e4uschunterdr\u00fcckung<br \/>\nDas Razer Kraken 7.1 V2 verf\u00fcgt \u00fcber 50-mm-Audiotreiber, die speziell f\u00fcr eine ausgewogene und kristallklare Audio- und Kommunikationssituation im Spiel abgestimmt sind, Kabell\u00e4nge: 2 m<\/p>\n","protected":false},"excerpt":{"rendered":"<p>Stellen Sie sicher, dass dieses Produkt passt, indem Sie Ihre Modellnummer eingeben.<br \/>\nDank der integrierten fortschrittlichen 7.1 Virtual Surround Sound-Engine liefert das Razer Kraken 7.1 V2 positionsgetreuen Klang mit h\u00f6chster Pr\u00e4zision. Der neue und verbesserte Kopfb\u00fcgel des Razer Kraken 7.1 V2 besteht aus Bauxit-Aluminium und ist sowohl leicht als auch extrem flexibel.<br \/>\nPassen Sie den Surround-Sound \u00fcber Razer Synapse an Ihre H\u00f6rvorlieben an und wissen Sie genau, woher der Feind kommt, um pr\u00e4zise zuzuschlagen und Ihren Sieg zu sichern<\/p>\n","protected":false},"featured_media":8903,"comment_status":"open","ping_status":"closed","template":"","meta":{"_et_pb_use_builder":"","_et_pb_old_content":"","_et_gb_content_width":""},"product_brand":[],"product_cat":[1372],"product_tag":[],"class_list":{"0":"post-8908","1":"product","2":"type-product","3":"status-publish","4":"has-post-thumbnail","6":"product_cat-elektronik","7":"pa_batteries-1-lithium-ionen-akku-erforderlich","8":"pa_brand-besuchen-sie-den-amazon-renewed-store","9":"pa_color-7-1-chroma","10":"pa_color-gruen","11":"pa_date-first-available-maerz-6-2018","12":"pa_hardware-platform-pc","13":"pa_is-discontinued-by-manufactur-nein","14":"pa_item-dimensions-lxwxh-615-x-386-x-78-zoll","15":"pa_item-model-number-rz04-02060200-b","16":"pa_item-weight-125-pfund","17":"pa_manufacturer-nicht-zugewiesen","18":"pa_product-dimensions-615-x-386-x-78-zoll","19":"pa_size-50-mm-treiber","20":"pa_style-oval","22":"first","23":"instock","24":"sale","25":"taxable","26":"shipping-taxable","27":"purchasable","28":"product-type-variable"},"exclude_global_add_ons":[],"addons":[],"jetpack-related-posts":[{"id":8895,"url":"https:\/\/anythingtechnicallc.com\/index.php\/de\/product\/razer-blackshark-v2-x-gaming-headset-7-1-surround-sound-50mm-treiber-memory-foam-cushion-fuer-pc-ps4-ps5-switch-xbox-one-xbox-series-xs-mobile-3-5mm-audio-jack-classic-black\/","url_meta":{"origin":8908,"position":0},"title":"Razer BlackShark V2 X Gaming Headset: 7.1 Surround Sound &#8211; 50mm Treiber &#8211; Memory Foam Cushion &#8211; f\u00fcr PC, PS4, PS5, Switch, Xbox One, Xbox Series X|S, Mobile &#8211; 3.5mm Audio Jack &#8211; Classic Black","date":"March 18, 2026","format":false,"excerpt":"Stellen Sie sicher, dass dieser Artikel passt, indem Sie Ihre Modellnummer eingeben. Frequenzgang 12 Hz - 28 kHz.Kopfh\u00f6rertyp:Over-Ear.Mikrofon Frequenzgang 100 Hz - 10 kHz Gaming-Peripherieger\u00e4te Marke: Quelle - The NPD Group, Inc. U.S. Retail Tracking Service: Gaming-Tastaturen, Gaming-M\u00e4use, Gaming-Headsets, Gaming-Peripherieger\u00e4te; Basierend auf dem Dollar-Umsatz, Januar-Sept. 2021 zusammen","rel":"","context":"Similar post","img":{"alt_text":"","src":"https:\/\/i0.wp.com\/anythingtechnicallc.com\/wp-content\/uploads\/2023\/03\/Razer-BlackShark-V2-X-Gaming-Headset-71-Surround-Sound-50mm-Drivers-Memory-Foam-Cushion-for-PC-PS4-PS5-Switch-Xbox-One-Xbox-Series-XS-Mobile-35mm-Audio-Jack-Classic-Black-0.jpg?fit=500%2C500&ssl=1&resize=350%2C200","width":350,"height":200},"classes":[]},{"id":9136,"url":"https:\/\/anythingtechnicallc.com\/index.php\/de\/product\/steelseries-arctis-7-lossless-wireless-gaming-headset-mit-dts-headphone-x-v2-0-surround-fuer-pc-und-playstation-4-schwarz-erneuert\/","url_meta":{"origin":8908,"position":1},"title":"SteelSeries Arctis 7 &#8211; Lossless Wireless Gaming Headset mit DTS Headphone: X v2.0 Surround &#8211; f\u00fcr PC und PlayStation 4 &#8211; Schwarz Erneuert","date":"March 19, 2026","format":false,"excerpt":"Die 2,4-Gramm-Verbindung wurde speziell f\u00fcr Spiele entwickelt und bietet eine solide, verlustfreie kabellose Audio\u00fcbertragung mit extrem geringer Latenz und ohne Interferenzen. Das von Discord zertifizierte Clear Cast-Mikrofon gilt als das beste Mikrofon f\u00fcr Spiele und liefert klare Stimmen in Studioqualit\u00e4t und unterdr\u00fcckt Hintergrundger\u00e4usche. Mit den s1-Lautsprechertreibern, die f\u00fcr eine extrem\u2026","rel":"","context":"Similar post","img":{"alt_text":"","src":"https:\/\/i0.wp.com\/anythingtechnicallc.com\/wp-content\/uploads\/2025\/02\/81pCpKFjBZL._AC_SL1500_.jpg?fit=708%2C1200&ssl=1&resize=350%2C200","width":350,"height":200},"classes":[]},{"id":9573,"url":"https:\/\/anythingtechnicallc.com\/index.php\/de\/product\/hyperx-cloud-ii-gaming-headset-7-1-surround-sound-memory-foam-ear-pads-robuster-aluminiumrahmen-abnehmbares-mikrofon-kompatibel-mit-pc-ps5-ps4-xbox-series-xs-xbox-one-rot\/","url_meta":{"origin":8908,"position":2},"title":"HyperX Cloud II &#8211; Gaming Headset, 7.1 Surround Sound, Memory Foam Ear Pads, robuster Aluminiumrahmen, abnehmbares Mikrofon, kompatibel mit PC, PS5, PS4, Xbox Series X|S, Xbox One &#8211; Rot","date":"March 21, 2026","format":false,"excerpt":"15-25kKhz Frequenzgang.Kopfh\u00f6rertyp:Over-Ear.Hinweis : Wenn die Gr\u00f6\u00dfe der Ohrst\u00f6psel nicht mit der Gr\u00f6\u00dfe Ihrer Geh\u00f6rg\u00e4nge \u00fcbereinstimmt oder das Headset nicht richtig in Ihren Ohren getragen wird, erhalten Sie m\u00f6glicherweise nicht die richtige Klangqualit\u00e4t oder Gespr\u00e4chsleistung. Tauschen Sie die Ohrst\u00f6psel gegen solche aus, die besser in Ihr Ohr passen. Entwickelt f\u00fcr Komfort:\u2026","rel":"","context":"Similar post","img":{"alt_text":"","src":"https:\/\/i0.wp.com\/anythingtechnicallc.com\/wp-content\/uploads\/2025\/10\/HyperX-Cloud-II-Gaming-Headset-Red.jpg?fit=1070%2C1200&ssl=1&resize=350%2C200","width":350,"height":200},"classes":[]},{"id":9579,"url":"https:\/\/anythingtechnicallc.com\/index.php\/de\/product\/hyperx-cloud-ii-gaming-headset-7-1-virtual-surround-sound-memory-foam-ohrpolster-robuster-aluminiumrahmen-abnehmbares-mikrofon-kompatibel-mit-pc-ps5-ps4-weiss-pink\/","url_meta":{"origin":8908,"position":3},"title":"HyperX Cloud II &#8211; Gaming Headset, 7.1 Virtual Surround Sound, Memory Foam Ohrpolster, robuster Aluminiumrahmen, abnehmbares Mikrofon, kompatibel mit PC, PS5, PS4 &#8211; Wei\u00df\/Pink","date":"March 21, 2026","format":false,"excerpt":"Erweiterte Audio Control Box: Schalten Sie den 7.1 Surround Sound mit nur einem Tastendruck ein und aus. Mit unabh\u00e4ngigen Lautst\u00e4rkereglern f\u00fcr Audio und Mikrofon f\u00fcr zus\u00e4tzlichen Komfort. 7.1 Virtueller Surround-Sound: Erzeugen Sie ein virtuelles 7.1-Surround-Sound-Erlebnis, um Distanz und Tiefe zu erzeugen, die jedes Spiel-, Film- oder Musikerlebnis bereichern. \u00dcberragende Audioleistung:\u2026","rel":"","context":"Similar post","img":{"alt_text":"","src":"https:\/\/i0.wp.com\/anythingtechnicallc.com\/wp-content\/uploads\/2025\/10\/HyperX-Cloud-II-Gaming-Headset-White-Pink.jpg?fit=1054%2C1200&ssl=1&resize=350%2C200","width":350,"height":200},"classes":[]},{"id":8888,"url":"https:\/\/anythingtechnicallc.com\/index.php\/de\/product\/razer-hammerhead-true-wireless-2-generation-bluetooth-gaming-kopfhoerer-chroma-rgb-beleuchtung-60ms-low-latency-aktive-geraeuschunterdrueckung-zwei-mikrofone-mit-umgebungsgeraeuschunterdruecku\/","url_meta":{"origin":8908,"position":4},"title":"Razer Hammerhead True Wireless (2. Generation) Bluetooth Gaming-Kopfh\u00f6rer: Chroma RGB-Beleuchtung -60ms Low-Latency- Aktive Ger\u00e4uschunterdr\u00fcckung &#8211; Zwei Mikrofone mit Umgebungsger\u00e4uschunterdr\u00fcckung- Klassisches Schwarz","date":"March 18, 2026","format":false,"excerpt":"Powered by Razer Chroma RGB: Mit 16,8 Millionen Farben und einer Reihe von Effekten, aus denen Sie w\u00e4hlen k\u00f6nnen, unterstreichen Sie Ihren Stil und heben sich von der Masse ab - mit dem ultimativen kabellosen Ohrst\u00f6psel Flex.Hinweis: Wenn die Gr\u00f6\u00dfe der Ohrst\u00f6pselaufs\u00e4tze nicht mit der Gr\u00f6\u00dfe Ihrer Geh\u00f6rg\u00e4nge \u00fcbereinstimmt oder\u2026","rel":"","context":"Similar post","img":{"alt_text":"","src":"https:\/\/i0.wp.com\/anythingtechnicallc.com\/wp-content\/uploads\/2023\/03\/Razer-Hammerhead-True-Wireless-2nd-Gen-Bluetooth-Gaming-Earbuds-Chroma-RGB-Lighting-60ms-Low-Latency-Active-Noise-Cancellation-Dual-Environmental-Noise-Cancelling-Microphones-Classic-Black-0.jpg?fit=500%2C375&ssl=1&resize=350%2C200","width":350,"height":200},"classes":[]},{"id":8869,"url":"https:\/\/anythingtechnicallc.com\/index.php\/de\/product\/razer-hammerhead-pro-v2-ohrstoepsel-custom-tuned-dual-driver-technologie-in-line-mikrofon-lautstaerkeregler-aluminiumrahmen-3-5mm-kopfhoereranschluss-gruen\/","url_meta":{"origin":8908,"position":5},"title":"Razer Hammerhead Pro v2 Ohrst\u00f6psel: Custom-Tuned Dual-Driver Technologie &#8211; In-Line Mikrofon &#038; Lautst\u00e4rkeregler &#8211; Aluminiumrahmen &#8211; 3.5mm Kopfh\u00f6reranschluss &#8211; Gr\u00fcn","date":"March 18, 2026","format":false,"excerpt":"Extra gro\u00dfe 10-mm-Treiber f\u00fcr herausragende Klangqualit\u00e4t V\u00f6llig neues Geh\u00e4usedesign mit flachen Kabeln f\u00fcr Robustheit unterwegs Inline-Mikrofon mit 3 Quick Action Control-Tasten f\u00fcr iOS- und Android-Ger\u00e4te","rel":"","context":"Similar post","img":{"alt_text":"","src":"https:\/\/i0.wp.com\/anythingtechnicallc.com\/wp-content\/uploads\/2023\/03\/Razer-Hammerhead-Pro-v2-Earbuds-Custom-Tuned-Dual-Driver-Technology-in-Line-Mic-Volume-Control-Aluminum-Frame-35mm-Headphone-Jack-Green-0.jpg?fit=352%2C500&ssl=1&resize=350%2C200","width":350,"height":200},"classes":[]}],"pll_sync_post":[],"lang":"de","translations":{"de":8908,"en":2853},"_links":{"self":[{"href":"https:\/\/anythingtechnicallc.com\/index.php\/wp-json\/wp\/v2\/product\/8908","targetHints":{"allow":["GET"]}}],"collection":[{"href":"https:\/\/anythingtechnicallc.com\/index.php\/wp-json\/wp\/v2\/product"}],"about":[{"href":"https:\/\/anythingtechnicallc.com\/index.php\/wp-json\/wp\/v2\/types\/product"}],"replies":[{"embeddable":true,"href":"https:\/\/anythingtechnicallc.com\/index.php\/wp-json\/wp\/v2\/comments?post=8908"}],"wp:featuredmedia":[{"embeddable":true,"href":"https:\/\/anythingtechnicallc.com\/index.php\/wp-json\/wp\/v2\/media\/8903"}],"wp:attachment":[{"href":"https:\/\/anythingtechnicallc.com\/index.php\/wp-json\/wp\/v2\/media?parent=8908"}],"wp:term":[{"taxonomy":"product_brand","embeddable":true,"href":"https:\/\/anythingtechnicallc.com\/index.php\/wp-json\/wp\/v2\/product_brand?post=8908"},{"taxonomy":"product_cat","embeddable":true,"href":"https:\/\/anythingtechnicallc.com\/index.php\/wp-json\/wp\/v2\/product_cat?post=8908"},{"taxonomy":"product_tag","embeddable":true,"href":"https:\/\/anythingtechnicallc.com\/index.php\/wp-json\/wp\/v2\/product_tag?post=8908"}],"curies":[{"name":"wp","href":"https:\/\/api.w.org\/{rel}","templated":true}]}}