{"id":8915,"date":"2026-03-18T11:10:45","date_gmt":"2026-03-18T11:10:45","guid":{"rendered":"https:\/\/anythingtechnicallc.com\/?post_type=product&#038;p=8915"},"modified":"2026-03-19T09:31:26","modified_gmt":"2026-03-19T09:31:26","slug":"shure-rmce-bt1-bluetooth-faehiges-zubehoerkabel-mit-fernbedienung-mikrofon","status":"publish","type":"product","link":"https:\/\/anythingtechnicallc.com\/index.php\/de\/product\/shure-rmce-bt1-bluetooth-faehiges-zubehoerkabel-mit-fernbedienung-mikrofon\/","title":{"rendered":"Shure RMCE-BT1 Bluetooth-f\u00e4higes Zubeh\u00f6rkabel mit Fernbedienung + Mikrofon"},"content":{"rendered":"<p>[Galerie]<\/p>\n<p><!-- show up to 2 reviews by default -->Bluetooth-f\u00e4higes Kommunikationskabel mit MMCX-Anschl\u00fcssen f\u00fcr die meisten Shure Sound Isolating Ohrh\u00f6rer bietet stundenlangen H\u00f6rgenuss mit der Freiheit der kabellosen \u00dcbertragung und der Einfachheit von Bluetooth. Die Remote + Mic-Funktionalit\u00e4t steuert das Ger\u00e4t, die Wiedergabe und liefert Audio f\u00fcr Anrufe. Das RMCE-BT1 eignet sich optimal f\u00fcr vorhandene SE Ohrh\u00f6rer mit abnehmbaren Kabeln, einschlie\u00dflich SE215, SE315, SE425, SE535 und SE846. Es bietet bis zu 8 Stunden transparenten Klang mit einer einzigen Ladung und hat eine Reichweite von bis zu 10 m.<\/p>\n<p>MMCX-Anschl\u00fcsse f\u00fcr die meisten Shure Sound Isolating Ohrh\u00f6rer sorgen f\u00fcr stundenlangen H\u00f6rgenuss mit der Freiheit der drahtlosen \u00dcbertragung und der Einfachheit von Bluetooth.<br \/>\nZu den kompatiblen Modellen geh\u00f6ren SE215, SE315, SE425, SE535 und SE846 (Ohrh\u00f6rer nicht im Lieferumfang enthalten).<br \/>\nBluetooth 4.1 l\u00e4sst sich mit den meisten Mobiltelefonen, Laptops und Tablets koppeln und bietet eine Akkulaufzeit von bis zu 8 Stunden und eine Reichweite von 10 Metern (30 Fu\u00df).<br \/>\nSteuern Sie Ihre Welt mit Ihren Fingerspitzen. Die Drei-Tasten-Fernbedienung und das Mikrofon bieten Audio f\u00fcr Telefonanrufe, Sprachbefehle und andere sprachaktivierte Ger\u00e4tefunktionen.<br \/>\nMulti-Point-Pairing erm\u00f6glicht das Pairing von bis zu zwei Ger\u00e4ten &#8211; f\u00fcr \u00dcberg\u00e4nge vom B\u00fcro bis unterwegs zwischen verschiedenen Quellen und Medien.<br \/>\nSound Isolating Design mit komfortablen, schallisolierenden \u00c4rmeln blockiert bis zu 37 dB Umgebungsger\u00e4usche; verhindert, dass Au\u00dfenger\u00e4usche Ihr H\u00f6rerlebnis st\u00f6ren.<br \/>\nGeschlossener, wiederaufladbarer Lithium-Polymer-Akku f\u00fcr bis zu 8 Stunden H\u00f6rgenuss mit einer einzigen Ladung; Schnellladung f\u00fcr bis zu zwei Stunden mit nur 15 Minuten Ladezeit.<br \/>\nDer Kleidungsclip stabilisiert das Kabel f\u00fcr Sicherheit und Stabilit\u00e4t beim Sport und auf Reisen.<\/p>\n","protected":false},"excerpt":{"rendered":"<p>MMCX-Anschl\u00fcsse f\u00fcr die meisten Shure Sound Isolating Ohrh\u00f6rer sorgen f\u00fcr stundenlangen H\u00f6rgenuss mit der Freiheit der kabellosen \u00dcbertragung und der Einfachheit von Bluetooth.<br \/>\nZu den kompatiblen Modellen geh\u00f6ren SE215, SE315, SE425, SE535 und SE846 (Ohrh\u00f6rer nicht im Lieferumfang enthalten).<br \/>\nBluetooth 4.1 l\u00e4sst sich mit den meisten Mobiltelefonen, Laptops und Tablets koppeln und bietet eine Akkulaufzeit von bis zu 8 Stunden und eine Reichweite von 10 Metern (30 Fu\u00df).<\/p>\n","protected":false},"featured_media":8914,"comment_status":"open","ping_status":"closed","template":"","meta":{"_et_pb_use_builder":"","_et_pb_old_content":"","_et_gb_content_width":""},"product_brand":[],"product_cat":[703,1578],"product_tag":[],"class_list":{"0":"post-8915","1":"product","2":"type-product","3":"status-publish","4":"has-post-thumbnail","6":"product_cat-uncategorized-de","7":"product_cat-headset","8":"pa_batteries-1-lithium-polymer-batterie-erforderlich-enthalten","9":"pa_battery-type-lithium-ion","10":"pa_brand-besuchen-sie-den-shure-store","11":"pa_color-name-nur-kabel","12":"pa_compatible-phone-models-apple-iphone-se","13":"pa_connector-gender-maennlich-zu-maennlich","14":"pa_date-first-available-september-18-2017","15":"pa_is-discontinued-by-manufactur-nein","16":"pa_item-model-number-rmce-bt1","17":"pa_item-weight-0704-unzen","18":"pa_material-type-polymer","19":"pa_number-of-items-1520","20":"pa_product-dimensions-55-x-25-x-13-zoll","21":"pa_size-nur-kabel","22":"pa_special-feature-drahtlos-mikrofon-sport-und-bewegung-sprachaktiviert","23":"pa_unit-count-1-0-zaehlung","24":"pa_wireless-communication-techno-bluetooth","26":"first","27":"instock","28":"taxable","29":"shipping-taxable","30":"purchasable","31":"product-type-simple"},"exclude_global_add_ons":[],"addons":[],"jetpack-related-posts":[{"id":9024,"url":"https:\/\/anythingtechnicallc.com\/index.php\/de\/product\/shure-ohrhoerer-ersatzkabel-fuer-se-sound-isolating-ohrhoerer-mit-abnehmbaren-mmcx-anschlusskabeln-se215-se315-se425-se535-se846-64-zoll-lang-schwarz-eac46bk\/","url_meta":{"origin":8915,"position":0},"title":"Shure Ohrh\u00f6rer-Ersatzkabel f\u00fcr SE Sound Isolating Ohrh\u00f6rer mit abnehmbaren MMCX-Anschlusskabeln (SE215, SE315, SE425, SE535, SE846) &#8211; 64 Zoll lang, schwarz (EAC46BK)","date":"March 18, 2026","format":false,"excerpt":"Legend\u00e4re Shure Qualit\u00e4t f\u00fcr den harten Alltagseinsatz. Echtes Shure Zubeh\u00f6r. Vernickelter MMCX-Anschluss. Bietet lang anhaltenden Komfort und Strapazierf\u00e4higkeit f\u00fcr die B\u00fchne oder den t\u00e4glichen Gebrauch.","rel":"","context":"Similar post","img":{"alt_text":"","src":"https:\/\/i0.wp.com\/anythingtechnicallc.com\/wp-content\/uploads\/2024\/09\/41VxWmtGlL._AC_SL1000_.jpg?fit=282%2C772&ssl=1&resize=350%2C200","width":350,"height":200},"classes":[]},{"id":9346,"url":"https:\/\/anythingtechnicallc.com\/index.php\/de\/product\/shure-ohrhoerer-ersatzkabel-fuer-se-sound-isolating-ohrhoerer-mit-abnehmbaren-mmcx-anschlusskabeln-se215-se315-se425-se535-se846-46-zoll-lang-klar-eac46cls\/","url_meta":{"origin":8915,"position":1},"title":"Shure Ohrh\u00f6rer-Ersatzkabel f\u00fcr SE Sound Isolating Ohrh\u00f6rer mit abnehmbaren MMCX-Anschlusskabeln (SE215, SE315, SE425, SE535, SE846) &#8211; 46 Zoll lang, klar (EAC46CLS)","date":"March 19, 2026","format":false,"excerpt":"Abnehmbares, 46 Zoll langes Kabel mit silbernem MMCX-Anschluss. Farbe: Kristallklar. Ersatz-Zubeh\u00f6r.","rel":"","context":"Similar post","img":{"alt_text":"","src":"https:\/\/i0.wp.com\/anythingtechnicallc.com\/wp-content\/uploads\/2025\/08\/717DdiyeH1L._AC_SL1500_.jpg?fit=1200%2C758&ssl=1&resize=350%2C200","width":350,"height":200},"classes":[]},{"id":9038,"url":"https:\/\/anythingtechnicallc.com\/index.php\/de\/product\/shure-rmce-ltg-lightning-kabel-kopfhoerer-zubehoer\/","url_meta":{"origin":8915,"position":2},"title":"Shure RMCE-LTG Lightning Kabel Kopfh\u00f6rer-Zubeh\u00f6r","date":"March 18, 2026","format":false,"excerpt":"Mit dem Premium Remote + Mic Lightning Accessory Cable (RMCE-LTG) k\u00f6nnen die Shure SE Earphones mit abnehmbarem Kabel direkt mit den neuesten Apple iOS-Ger\u00e4ten verbunden werden, um hochwertige digitale Audio- und Kommunikationssteuerung zu erm\u00f6glichen. Funktioniert mit SE215, SE315, SE425, SE535 und SE846 Sound Isolating Earphones. 50-Zoll-Kabel f\u00fcr die Verwendung mit\u2026","rel":"","context":"Similar post","img":{"alt_text":"","src":"https:\/\/i0.wp.com\/anythingtechnicallc.com\/wp-content\/uploads\/2024\/09\/61SbpsJoELL._AC_SL1500_.jpg?fit=1200%2C451&ssl=1&resize=350%2C200","width":350,"height":200},"classes":[]},{"id":9006,"url":"https:\/\/anythingtechnicallc.com\/index.php\/de\/product\/shure-rmce-bt2-hochaufloesendes-bluetooth-5-0-kommunikationskabel\/","url_meta":{"origin":8915,"position":3},"title":"Shure RMCE-BT2 Hochaufl\u00f6sendes Bluetooth 5.0 Kommunikationskabel","date":"March 18, 2026","format":false,"excerpt":"Erstklassige, kabellose Audioleistung. Ein spezieller, hochwertiger Kopfh\u00f6rerverst\u00e4rker sorgt f\u00fcr \u00fcberragende High-Fidelity-Audioqualit\u00e4t mit kabelloser Funktion Unterst\u00fctzung f\u00fcr mehrere Codecs. Qualcomm apt audio, apt HD, apt Low Latency, AAC und SBC erm\u00f6glichen erstklassige digitale Audioqualit\u00e4t. Ausgestattet mit der drahtlosen Bluetooth 5-Technologie. Bluetooth 5. 0 ist au\u00dferdem abw\u00e4rtskompatibel und l\u00e4sst sich mit allen\u2026","rel":"","context":"Similar post","img":{"alt_text":"","src":"https:\/\/i0.wp.com\/anythingtechnicallc.com\/wp-content\/uploads\/2023\/03\/Shure-RMCE-BT2-High-Resolution-Bluetooth-50-Communication-Cable-0.jpg?fit=365%2C500&ssl=1&resize=350%2C200","width":350,"height":200},"classes":[]},{"id":9355,"url":"https:\/\/anythingtechnicallc.com\/index.php\/de\/product\/gebrauchte-shure-rmce-tw1-wireless-adapter-fuer-shure-sound-isolating-earphones-wireless-bluetooth-kompatibel-8-stunden-akkulaufzeit-komfortable-over-ear-passform-schwarz\/","url_meta":{"origin":8915,"position":4},"title":"Gebrauchte Shure Rmce-Tw1, Wireless Adapter f\u00fcr Shure Sound Isolating Earphones, Wireless Bluetooth kompatibel, 8 Stunden Akkulaufzeit, komfortable Over Ear Passform, Schwarz","date":"March 19, 2026","format":false,"excerpt":"Machen Sie Schluss mit Kabeln: Das Shure True Wireless Secure Fit Adapter Set verwandelt jeden abnehmbaren Shure Sound Isolating Ohrh\u00f6rer in einen echten kabellosen Kopfh\u00f6rer (Ohrh\u00f6rer sind separat erh\u00e4ltlich). SICHERER & KOMFORTABLER SITZ: Dieser Adapter f\u00fcr \u00dcber-Ohr-Kopfh\u00f6rer wurde mit dem gleichen Design entwickelt, das Musiker f\u00fcr In-Ear-Monitoring auf der B\u00fchne\u2026","rel":"","context":"Similar post","img":{"alt_text":"","src":"https:\/\/i0.wp.com\/anythingtechnicallc.com\/wp-content\/uploads\/2025\/08\/Shure-RMCE-TW1.jpg?fit=1200%2C900&ssl=1&resize=350%2C200","width":350,"height":200},"classes":[]},{"id":9352,"url":"https:\/\/anythingtechnicallc.com\/index.php\/de\/product\/shure-true-wireless-adapter-gen-2-fuer-klangisolierende-ohrhoerer-sichere-ueber-ohr-passform-bluetooth-5-wireless-technologie-lange-akkulaufzeit-mit-ladeetui-fingertip-steuerung-rmce-tw2\/","url_meta":{"origin":8915,"position":5},"title":"Shure True Wireless Adapter (Gen 2) f\u00fcr klangisolierende Ohrh\u00f6rer, sichere \u00dcber-Ohr-Passform, Bluetooth 5 Wireless-Technologie, lange Akkulaufzeit mit Ladeetui &#038; Fingertip-Steuerung (RMCE-TW2)","date":"March 19, 2026","format":false,"excerpt":"TRUE WIRELESS ADAPTER GEN 2 - Der True Wireless Adapter, Gen 2 verwandelt jeden abnehmbaren Shure Sound Isolating Ohrh\u00f6rer in ein echtes Drahtlosger\u00e4t (Ohrh\u00f6rer separat erh\u00e4ltlich). SCHWEISS- UND WASSERBEST\u00c4NDIG - Schwei\u00df- und wasserfest mit einer IPX4-Einstufung in Verbindung mit abnehmbaren Shure Ohrh\u00f6rern. Sie wurden strengen Qualit\u00e4ts- und Haltbarkeitstests unterzogen, um\u2026","rel":"","context":"Similar post","img":{"alt_text":"","src":"https:\/\/i0.wp.com\/anythingtechnicallc.com\/wp-content\/uploads\/2025\/08\/511IBeHiNdL._AC_SL1000_.jpg?fit=927%2C938&ssl=1&resize=350%2C200","width":350,"height":200},"classes":[]}],"pll_sync_post":[],"lang":"de","translations":{"de":8915,"en":2863},"_links":{"self":[{"href":"https:\/\/anythingtechnicallc.com\/index.php\/wp-json\/wp\/v2\/product\/8915","targetHints":{"allow":["GET"]}}],"collection":[{"href":"https:\/\/anythingtechnicallc.com\/index.php\/wp-json\/wp\/v2\/product"}],"about":[{"href":"https:\/\/anythingtechnicallc.com\/index.php\/wp-json\/wp\/v2\/types\/product"}],"replies":[{"embeddable":true,"href":"https:\/\/anythingtechnicallc.com\/index.php\/wp-json\/wp\/v2\/comments?post=8915"}],"wp:featuredmedia":[{"embeddable":true,"href":"https:\/\/anythingtechnicallc.com\/index.php\/wp-json\/wp\/v2\/media\/8914"}],"wp:attachment":[{"href":"https:\/\/anythingtechnicallc.com\/index.php\/wp-json\/wp\/v2\/media?parent=8915"}],"wp:term":[{"taxonomy":"product_brand","embeddable":true,"href":"https:\/\/anythingtechnicallc.com\/index.php\/wp-json\/wp\/v2\/product_brand?post=8915"},{"taxonomy":"product_cat","embeddable":true,"href":"https:\/\/anythingtechnicallc.com\/index.php\/wp-json\/wp\/v2\/product_cat?post=8915"},{"taxonomy":"product_tag","embeddable":true,"href":"https:\/\/anythingtechnicallc.com\/index.php\/wp-json\/wp\/v2\/product_tag?post=8915"}],"curies":[{"name":"wp","href":"https:\/\/api.w.org\/{rel}","templated":true}]}}