{"id":8936,"date":"2026-03-18T14:12:12","date_gmt":"2026-03-18T14:12:12","guid":{"rendered":"https:\/\/anythingtechnicallc.com\/?post_type=product&#038;p=8936"},"modified":"2026-03-18T14:52:10","modified_gmt":"2026-03-18T14:52:10","slug":"sennheiser-cx-sport-bluetooth-sport-kopfhoerer","status":"publish","type":"product","link":"https:\/\/anythingtechnicallc.com\/index.php\/de\/product\/sennheiser-cx-sport-bluetooth-sport-kopfhoerer\/","title":{"rendered":"Sennheiser CX Sport Bluetooth Sport-Kopfh\u00f6rer"},"content":{"rendered":"<p>[Galerie]<\/p>\n<p><!-- show up to 2 reviews by default -->Erleben Sie die Freude an der Bewegung mit den Sennheiser CX SPORT In-Ear Wireless Ohrh\u00f6rern. Das leichte, schwei\u00df- und spritzwassergesch\u00fctzte Design kann f\u00fcr einen sicheren ergonomischen Sitz um den Hals oder vorne getragen werden, w\u00e4hrend die fortschrittliche Bluetooth-Technologie Ihnen die Freiheit gibt, hochwertigen Klang zu erleben, w\u00e4hrend Sie sich bewegen. Bluetooth 4.2 und Qualcomm apt-X sorgen f\u00fcr kompromisslose Audioqualit\u00e4t. Die Bedienung ist intuitiv und m\u00fchelos dank der Drei-Tasten-Fernbedienung zur einfachen Verwaltung von Musik und Anrufen. Ergonomisch geformte B\u00fcgel sorgen daf\u00fcr, dass diese Ohrh\u00f6rer auch beim Training sicher sitzen. Die Akkulaufzeit von sechs Stunden wird durch eine Schnellladefunktion erg\u00e4nzt, damit der CX SPORT bereit ist, wenn Sie es sind.<\/p>\n<p>Geben Sie Ihre Modellnummer ein, um sicherzustellen, dass das Produkt passt.<br \/>\nDie von Sennheiser entwickelten und in Deutschland hergestellten Schallwandler liefern einen ausgewogenen und detaillierten Klang mit dynamischen B\u00e4ssen.<br \/>\nSchwei\u00df- und spritzwassergesch\u00fctzt, entwickelt als Erg\u00e4nzung zu Ihren Trainingsaktivit\u00e4ten<br \/>\n6 Stunden Akkulaufzeit bei einer Ladezeit von 1,5 Stunden. Eine 10-min\u00fctige Schnellladung sorgt f\u00fcr eine zus\u00e4tzliche 1-st\u00fcndige Akkulaufzeit, so dass der CX SPORT immer bereit ist, wenn Sie trainieren<br \/>\nBluetooth 4.2 mit Multipoint-Konnektivit\u00e4t erm\u00f6glicht die Kopplung mit acht (8) Ger\u00e4ten und die gleichzeitige Verbindung mit zwei (2) Ger\u00e4ten<br \/>\nEine Auswahl an Ohradaptern in vier Gr\u00f6\u00dfen (XS, S, M, L) und Ohrflossen in drei Gr\u00f6\u00dfen (S, M, L) erm\u00f6glicht eine individuelle Passform f\u00fcr optimalen Tragekomfort und hervorragende passive Reduzierung von Au\u00dfenger\u00e4uschen. Konnektivit\u00e4tstechnologie: Bluetooth 4.2<br \/>\nFrequenzgang &#8211; 17 &#8211; 21.000 Hertz , Impedanz &#8211; 28 Ohm (Passiv), 480 Ohm (Aktiv). Reichweite &#8211; bis zu 10m<br \/>\nHinweis: Bitte lesen Sie vor der Verwendung das Benutzerhandbuch<\/p>\n","protected":false},"excerpt":{"rendered":"<p>Geben Sie Ihre Modellnummer ein, um sicherzustellen, dass das Produkt passt.<br \/>\nDie von Sennheiser entwickelten und in Deutschland hergestellten Schallwandler liefern einen ausgewogenen und detaillierten Klang mit dynamischen B\u00e4ssen.<br \/>\nSchwei\u00df- und spritzwassergesch\u00fctzt, entwickelt als Erg\u00e4nzung zu Ihren Trainingsaktivit\u00e4ten<\/p>\n","protected":false},"featured_media":8935,"comment_status":"open","ping_status":"closed","template":"","meta":{"_et_pb_use_builder":"","_et_pb_old_content":"","_et_gb_content_width":""},"product_brand":[],"product_cat":[1372],"product_tag":[],"class_list":{"0":"post-8936","1":"product","2":"type-product","3":"status-publish","4":"has-post-thumbnail","6":"product_cat-elektronik","7":"pa_batteries-1-lithium-polymer-akku-erforderlich","8":"pa_brand-besuchen-sie-den-sennheiser-consumer-audio-store","9":"pa_date-first-available-mai-17-2018","10":"pa_is-discontinued-by-manufactur-nein","11":"pa_item-model-number-cx-sport","12":"pa_item-weight-052-unzen","13":"pa_manufacturer-sennheiser","14":"pa_product-dimensions-1254-x-056-x-178-zoll","16":"first","17":"instock","18":"sale","19":"taxable","20":"shipping-taxable","21":"purchasable","22":"product-type-simple"},"exclude_global_add_ons":[],"addons":[],"jetpack-related-posts":[{"id":8929,"url":"https:\/\/anythingtechnicallc.com\/index.php\/de\/product\/sennheiser-cx-300s-in-ear-kopfhoerer-mit-intelligenter-ein-knopf-fernbedienung-schwarz\/","url_meta":{"origin":8936,"position":0},"title":"Sennheiser CX 300S In-Ear-Kopfh\u00f6rer mit intelligenter Ein-Knopf-Fernbedienung &#8211; Schwarz","date":"March 18, 2026","format":false,"excerpt":"Vergewissern Sie sich, dass das Produkt passt, indem Sie Ihre Modellnummer eingeben. Hinweis : Wenn die Gr\u00f6\u00dfe der Ohrst\u00f6psel nicht mit der Gr\u00f6\u00dfe Ihrer Geh\u00f6rg\u00e4nge \u00fcbereinstimmt oder das Headset nicht richtig in Ihren Ohren getragen wird, erhalten Sie m\u00f6glicherweise nicht die richtige Klangqualit\u00e4t oder Gespr\u00e4chsleistung. Tauschen Sie die Ohrst\u00f6psel gegen\u2026","rel":"","context":"Similar post","img":{"alt_text":"","src":"https:\/\/i0.wp.com\/anythingtechnicallc.com\/wp-content\/uploads\/2023\/03\/Sennheiser-CX-300S-In-Ear-Headphone-with-One-Button-Smart-Remote-Black-0.jpg?fit=500%2C500&ssl=1&resize=350%2C200","width":350,"height":200},"classes":[]},{"id":9735,"url":"https:\/\/anythingtechnicallc.com\/index.php\/de\/product\/gebrauchter-sennheiser-ie-400-pro-professioneller-in-ear-monitoring-kopfhoerer-klar\/","url_meta":{"origin":8936,"position":1},"title":"Gebrauchter Sennheiser IE 400 PRO Professioneller In-Ear-Monitoring-Kopfh\u00f6rer, klar","date":"March 24, 2026","format":false,"excerpt":"Erleben Sie Audio auf Profi-Niveau mit diesen In-Ear-Monitoren von Sennheiser, perfekt f\u00fcr Live-Auftritte. Erzielen Sie eine \u00fcberragende Ger\u00e4uschisolierung von bis zu 26 dB, die selbst in lauten Umgebungen einen kristallklaren Klang gew\u00e4hrleistet. Dieser robuste In-Ear-Kopfh\u00f6rer verf\u00fcgt \u00fcber einen breiten Frequenzgang von 6-19.000 Hz f\u00fcr detailreichen Klang. Die niedrige Impedanz des\u2026","rel":"","context":"Similar post","img":{"alt_text":"","src":"https:\/\/i0.wp.com\/anythingtechnicallc.com\/wp-content\/uploads\/2026\/03\/Sennheiser-IE-400-PRO-Professional-In-Ear-Monitoring-Headphones-Clear.jpg?fit=1200%2C1200&ssl=1&resize=350%2C200","width":350,"height":200},"classes":[]},{"id":9315,"url":"https:\/\/anythingtechnicallc.com\/index.php\/de\/product\/renewed-sennheiser-momentum-4-wireless-headphones-bluetooth-kopfhoerer-fuer-kristallklare-anrufe-mit-adaptiver-geraeuschunterdrueckung-60-stunden-akkulaufzeit-leichtes-faltbares-design-schwarz\/","url_meta":{"origin":8936,"position":2},"title":"Renewed Sennheiser MOMENTUM 4 Wireless Headphones &#8211; Bluetooth-Kopfh\u00f6rer f\u00fcr kristallklare Anrufe mit adaptiver Ger\u00e4uschunterdr\u00fcckung, 60 Stunden Akkulaufzeit, leichtes, faltbares Design, Schwarz","date":"March 19, 2026","format":false,"excerpt":"Firmware und Software aktualisiert: Genie\u00dfen Sie ein reibungsloseres und zuverl\u00e4ssigeres Benutzererlebnis, einschlie\u00dflich eines ANC-Ausschalters in der Smart Control Plus App und eines dauerhaften Aus-Schalters f\u00fcr das Touchpad. Maximale Audioaufl\u00f6sung mit Sennheiser Signature Sound: Genie\u00dfen Sie den ganzen Tag lang erstklassige Musikqualit\u00e4t dank des audiophilen 42-mm-Wandlersystems des Kopfh\u00f6rers und aptX Adaptive.\u2026","rel":"","context":"Similar post","img":{"alt_text":"","src":"https:\/\/i0.wp.com\/anythingtechnicallc.com\/wp-content\/uploads\/2025\/07\/7164xC2wL._AC_SL1500_.jpg?fit=874%2C1200&ssl=1&resize=350%2C200","width":350,"height":200},"classes":[]},{"id":9726,"url":"https:\/\/anythingtechnicallc.com\/index.php\/de\/product\/bose-soundsport-wireless-earbuds-schweissfeste-bluetooth-kopfhoerer-fuer-laufen-und-sport-schwarz-erneuert\/","url_meta":{"origin":8936,"position":3},"title":"Bose SoundSport, Wireless Earbuds, (schwei\u00dffeste Bluetooth-Kopfh\u00f6rer f\u00fcr Laufen und Sport), Schwarz (erneuert)","date":"March 24, 2026","format":false,"excerpt":"Leistungsstarker Klang, der Sie in Bewegung h\u00e4lt, Wenn Sie ein anstrengendes Training absolvieren, m\u00fcssen die Ohrh\u00f6rer an ihrem Platz bleiben. Genau daf\u00fcr hat Bose die StayHear+ Sport-Aufs\u00e4tze entwickelt. Die Spitze ist in einer einzigartigen Form geformt, um eine sanfte Abdichtung am Eingang des Geh\u00f6rgangs zu schaffen und so die Audioleistung\u2026","rel":"","context":"Similar post","img":{"alt_text":"","src":"https:\/\/i0.wp.com\/anythingtechnicallc.com\/wp-content\/uploads\/2026\/02\/Bose-SoundSport.jpg?fit=901%2C1200&ssl=1&resize=350%2C200","width":350,"height":200},"classes":[]},{"id":9605,"url":"https:\/\/anythingtechnicallc.com\/index.php\/de\/product\/erneuert-bose-the-soundlink-revolve-der-tragbare-bluetooth-lautsprecher-mit-360-wireless-surround-sound-triple-black\/","url_meta":{"origin":8936,"position":4},"title":"Erneuert Bose The SoundLink Revolve, der tragbare Bluetooth-Lautsprecher mit 360 Wireless Surround Sound, Triple Black","date":"March 24, 2026","format":false,"excerpt":"Erleben Sie mit dem SoundLink Revolve Bluetooth-Lautsprecher einen beeindruckenden 360-Grad-Sound. Das nahtlose Aluminiumgeh\u00e4use ist langlebig und wasserfest (IPX4), so dass er sowohl f\u00fcr den Innen- als auch f\u00fcr den Au\u00dfenbereich geeignet ist. Die Bose Connects App hilft Ihnen au\u00dferdem bei der Verwaltung Ihrer Ger\u00e4te, w\u00e4hrend das konisch zulaufende zylindrische Design\u2026","rel":"","context":"Similar post","img":{"alt_text":"","src":"https:\/\/i0.wp.com\/anythingtechnicallc.com\/wp-content\/uploads\/2025\/10\/514juzcbNCL._AC_SL1000_.jpg?fit=748%2C1000&ssl=1&resize=350%2C200","width":350,"height":200},"classes":[]},{"id":9861,"url":"https:\/\/anythingtechnicallc.com\/index.php\/de\/product\/gebrauchte-bose-quietcomfort-earbuds-true-wireless-bluetooth-earbuds-mit-aktiver-geraeuschunterdrueckung-und-mikrofon-usb-c-aufladung-ipx4-bewertung-bis-zu-85-stunden-spielzeit-schwarz\/","url_meta":{"origin":8936,"position":5},"title":"Gebrauchte Bose QuietComfort Earbuds &#8211; True Wireless Bluetooth Earbuds mit aktiver Ger\u00e4uschunterdr\u00fcckung und Mikrofon, USB-C Aufladung, IPX4 Bewertung, bis zu 8,5 Stunden Spielzeit, Schwarz","date":"April 8, 2026","format":false,"excerpt":"KLANG OHNE KOMPROMISS: Nutzen Sie den Tag auf Ihre Weise und trotzen Sie Ablenkungen mit diesen kabellosen Ohrh\u00f6rern mit weltbekannter Ger\u00e4uschunterdr\u00fcckung f\u00fcr ein H\u00f6rerlebnis, das den Alltag episch erscheinen l\u00e4sst. SEIZE-THE-DAY STAYING POWER: Diese Ohrh\u00f6rer mit Ger\u00e4uschunterdr\u00fcckung lassen sich kabellos aufladen und erm\u00f6glichen Ihnen eine H\u00f6rdauer von bis zu 8,5\u2026","rel":"","context":"Similar post","img":{"alt_text":"","src":"https:\/\/i0.wp.com\/anythingtechnicallc.com\/wp-content\/uploads\/2026\/03\/Bose-QuietComfort-Earbuds.jpg?fit=1200%2C900&ssl=1&resize=350%2C200","width":350,"height":200},"classes":[]}],"pll_sync_post":[],"lang":"de","translations":{"de":8936,"en":2880},"_links":{"self":[{"href":"https:\/\/anythingtechnicallc.com\/index.php\/wp-json\/wp\/v2\/product\/8936","targetHints":{"allow":["GET"]}}],"collection":[{"href":"https:\/\/anythingtechnicallc.com\/index.php\/wp-json\/wp\/v2\/product"}],"about":[{"href":"https:\/\/anythingtechnicallc.com\/index.php\/wp-json\/wp\/v2\/types\/product"}],"replies":[{"embeddable":true,"href":"https:\/\/anythingtechnicallc.com\/index.php\/wp-json\/wp\/v2\/comments?post=8936"}],"wp:featuredmedia":[{"embeddable":true,"href":"https:\/\/anythingtechnicallc.com\/index.php\/wp-json\/wp\/v2\/media\/8935"}],"wp:attachment":[{"href":"https:\/\/anythingtechnicallc.com\/index.php\/wp-json\/wp\/v2\/media?parent=8936"}],"wp:term":[{"taxonomy":"product_brand","embeddable":true,"href":"https:\/\/anythingtechnicallc.com\/index.php\/wp-json\/wp\/v2\/product_brand?post=8936"},{"taxonomy":"product_cat","embeddable":true,"href":"https:\/\/anythingtechnicallc.com\/index.php\/wp-json\/wp\/v2\/product_cat?post=8936"},{"taxonomy":"product_tag","embeddable":true,"href":"https:\/\/anythingtechnicallc.com\/index.php\/wp-json\/wp\/v2\/product_tag?post=8936"}],"curies":[{"name":"wp","href":"https:\/\/api.w.org\/{rel}","templated":true}]}}