{"id":8946,"date":"2026-03-18T14:20:33","date_gmt":"2026-03-18T14:20:33","guid":{"rendered":"https:\/\/anythingtechnicallc.com\/?post_type=product&#038;p=8946"},"modified":"2026-03-19T09:31:25","modified_gmt":"2026-03-19T09:31:25","slug":"skullcandy-hesh-anc-over-ear-noise-cancelling-wireless-kopfhoerer-mit-ladekabel-22-stunden-akku-mikrofon-funktioniert-mit-iphone-android-und-bluetooth-geraeten-mod-white","status":"publish","type":"product","link":"https:\/\/anythingtechnicallc.com\/index.php\/de\/product\/skullcandy-hesh-anc-over-ear-noise-cancelling-wireless-kopfhoerer-mit-ladekabel-22-stunden-akku-mikrofon-funktioniert-mit-iphone-android-und-bluetooth-geraeten-mod-white\/","title":{"rendered":"Skullcandy Hesh ANC Over-Ear Noise Cancelling Wireless Kopfh\u00f6rer mit Ladekabel, 22 Stunden Akku, Mikrofon, funktioniert mit iPhone, Android und Bluetooth-Ger\u00e4ten &#8211; Mod White"},"content":{"rendered":"<ul class=\"a-unordered-list a-vertical a-spacing-mini\">\n<li class=\"a-spacing-mini\"><span class=\"a-list-item\">Bew\u00e4hrte Klangqualit\u00e4t &#8211; Mit unseren 40-mm-Treibern sorgt der Hesh ANC f\u00fcr eine extrem hohe Audioqualit\u00e4t mit knorrigen B\u00e4ssen, einem gro\u00dfen Dynamikbereich und einer au\u00dfergew\u00f6hnlichen Akustik. UND eine Akkulaufzeit von satten 22 Stunden bei aktivem Noise Cancelling.<\/span><\/li>\n<li class=\"a-spacing-mini\"><span class=\"a-list-item\">Ger\u00e4uschunterdr\u00fcckungswahnsinn &#8211; halten Sie mit der aktiven Ger\u00e4uschunterdr\u00fcckung die Au\u00dfenger\u00e4usche drau\u00dfen. Hesh ANC verf\u00fcgt \u00fcber eine digitale aktive Ger\u00e4uschunterdr\u00fcckung mit 4 Mikrofonen, die sich mit allem auf dem Markt messen kann.<\/span><\/li>\n<li class=\"a-spacing-mini\"><span class=\"a-list-item\">22 Stunden Akkulaufzeit &#8211; Mit einer einzigen Ladung k\u00f6nnen Sie satte 22 Stunden spielen und wenn Ihnen der Saft ausgeht, k\u00f6nnen Sie mit einer 10-min\u00fctigen Schnellladung weitere 3 Stunden spielen.<\/span><\/li>\n<li class=\"a-spacing-mini\"><span class=\"a-list-item\">Nie mehr verloren mit Tile &#8211; Mit der Tile-Technologie von Skullcandy k\u00f6nnen Sie Ihre Kopfh\u00f6rer ganz einfach aufsp\u00fcren und Ihre Ger\u00e4te sicher aufbewahren. Laden Sie die Tile-App herunter und folgen Sie den Anweisungen zur Aktivierung.<\/span><\/li>\n<\/ul>\n","protected":false},"excerpt":{"rendered":"<ul class=\"a-unordered-list a-vertical a-spacing-mini\">\n<li class=\"a-spacing-mini\"><span class=\"a-list-item\">Bew\u00e4hrte Klangqualit\u00e4t &#8211; Mit unseren 40-mm-Treibern sorgt der Hesh ANC f\u00fcr eine extrem hohe Audioqualit\u00e4t mit knorrigen B\u00e4ssen, einem gro\u00dfen Dynamikbereich und einer au\u00dfergew\u00f6hnlichen Akustik. UND eine Akkulaufzeit von satten 22 Stunden bei aktivem Noise Cancelling.<\/span><\/li>\n<li class=\"a-spacing-mini\"><span class=\"a-list-item\">Ger\u00e4uschunterdr\u00fcckungswahnsinn &#8211; halten Sie mit der aktiven Ger\u00e4uschunterdr\u00fcckung die Au\u00dfenger\u00e4usche drau\u00dfen. Hesh ANC verf\u00fcgt \u00fcber eine digitale aktive Ger\u00e4uschunterdr\u00fcckung mit 4 Mikrofonen, die sich mit allem auf dem Markt messen kann.<\/span><\/li>\n<li class=\"a-spacing-mini\"><span class=\"a-list-item\">22 Stunden Akkulaufzeit &#8211; Mit einer einzigen Ladung k\u00f6nnen Sie satte 22 Stunden spielen und wenn Ihnen der Saft ausgeht, k\u00f6nnen Sie mit einer 10-min\u00fctigen Schnellladung weitere 3 Stunden spielen.<\/span><\/li>\n<li class=\"a-spacing-mini\"><span class=\"a-list-item\">Nie mehr verloren mit Tile &#8211; Mit der Tile-Technologie von Skullcandy k\u00f6nnen Sie Ihre Kopfh\u00f6rer ganz einfach aufsp\u00fcren und Ihre Ger\u00e4te sicher aufbewahren. Laden Sie die Tile-App herunter und folgen Sie den Anweisungen zur Aktivierung.<\/span><\/li>\n<\/ul>\n","protected":false},"featured_media":8945,"comment_status":"open","ping_status":"closed","template":"","meta":{"_et_pb_use_builder":"","_et_pb_old_content":"","_et_gb_content_width":""},"product_brand":[],"product_cat":[703,1578],"product_tag":[],"class_list":{"0":"post-8946","1":"product","2":"type-product","3":"status-publish","4":"has-post-thumbnail","6":"product_cat-uncategorized-de","7":"product_cat-headset","9":"first","10":"instock","11":"sale","12":"taxable","13":"shipping-taxable","14":"purchasable","15":"product-type-simple"},"exclude_global_add_ons":[],"addons":[],"jetpack-related-posts":[{"id":9209,"url":"https:\/\/anythingtechnicallc.com\/index.php\/de\/product\/erneuert-shure-aonic-40-over-ear-wireless-bluetooth-noise-cancelling-kopfhoerer-mit-mikrofon-klang-in-studioqualitaet-25-stunden-akkulaufzeit-fingertip-bedienung-kompatibel-mit-iphone-und-android\/","url_meta":{"origin":8946,"position":0},"title":"Erneuert Shure AONIC 40 Over Ear Wireless Bluetooth Noise Cancelling Kopfh\u00f6rer mit Mikrofon, Klang in Studioqualit\u00e4t, 25 Stunden Akkulaufzeit, Fingertip-Bedienung, kompatibel mit iPhone und Android &#8211; Schwarz","date":"March 19, 2026","format":false,"excerpt":"PREMIUM-KLANG IN STUDIOQUALIT\u00c4T: Klarer Klang in Studioqualit\u00e4t, der auf jahrzehntelanger Erfahrung in der Entwicklung von Produkten f\u00fcr Musiklegenden und K\u00fcnstler aller Art beruht. EINSTELLBARE GER\u00c4USCHUNTERDR\u00dcCKUNG & UMGEBUNGSMODUS: Die anpassbare Ger\u00e4uschunterdr\u00fcckung unterdr\u00fcckt St\u00f6rger\u00e4usche f\u00fcr ein wirklich intensives H\u00f6rerlebnis. Drei digitale ANC-Einstellungen f\u00fcr erweiterte Unterdr\u00fcckung niedriger Frequenzen und ein nat\u00fcrliches H\u00f6rerlebnis. LANGER\u2026","rel":"","context":"Similar post","img":{"alt_text":"","src":"https:\/\/i0.wp.com\/anythingtechnicallc.com\/wp-content\/uploads\/2025\/02\/8161xyfr9bL._AC_SL1500_.jpg?fit=926%2C1200&ssl=1&resize=350%2C200","width":350,"height":200},"classes":[]},{"id":9683,"url":"https:\/\/anythingtechnicallc.com\/index.php\/de\/product\/bose-quietcomfort-ultra-wireless-noise-cancelling-headphones-mit-spatial-audio-over-the-ear-kopfhoerer-mit-mikrofon-bis-zu-24-stunden-akkulaufzeit-white-smoke-renewed\/","url_meta":{"origin":8946,"position":1},"title":"Bose QuietComfort Ultra Wireless Noise Cancelling Headphones mit Spatial Audio, Over-The-Ear-Kopfh\u00f6rer mit Mikrofon, bis zu 24 Stunden Akkulaufzeit, White Smoke (Renewed)","date":"March 24, 2026","format":false,"excerpt":"LEVELED-UP LISTENING: Die Bose QuietComfort Ultra Headphones mit Spatial Audio bieten Ihnen ein immersives Erlebnis, bei dem sich Musik noch realer anf\u00fchlt; die CustomTune Technologie bietet Ihnen einen personalisierten, auf Sie zugeschnittenen Klang. GER\u00c4USCHUNTERDR\u00dcCKUNG DER WELTKLASSE: Diese Kopfh\u00f6rer mit Ger\u00e4uschunterdr\u00fcckung verf\u00fcgen \u00fcber den Quiet Mode, den Aware Mode und den\u2026","rel":"","context":"Similar post","img":{"alt_text":"","src":"https:\/\/i0.wp.com\/anythingtechnicallc.com\/wp-content\/uploads\/2026\/01\/Bose-QuietComfort-Ultra-White-Smoke.jpg?fit=1200%2C1200&ssl=1&resize=350%2C200","width":350,"height":200},"classes":[]},{"id":9482,"url":"https:\/\/anythingtechnicallc.com\/index.php\/de\/product\/alienware-pro-wireless-gaming-headset-kabelgebunden-drahtlos-bluetooth-5-3-15-minuten-schnelles-aufladen-audioausgang-20-hz-akku-gespraechszeit-anc-eingeschaltet-bis-zu-24-stunden-bluetooth\/","url_meta":{"origin":8946,"position":2},"title":"Alienware Pro Wireless Gaming Headset &#8211; kabelgebunden\/drahtlos, Bluetooth 5.3, 15 Minuten schnelles Aufladen, Audioausgang 20 Hz, Akku-Gespr\u00e4chszeit (ANC eingeschaltet) bis zu 24 Stunden (Bluetooth), Dark Side of The Moon","date":"March 21, 2026","format":false,"excerpt":"Bef\u00fcrwortet von Champions. Entwickelt von Experten. Ein professionelles Gaming-Headset, das mit dem Input und der Expertise von Team Liquid und mehr als 100 anderen esports-Athleten entwickelt wurde. 50-mm-Treiber mit Graphen-Beschichtung: High-Fidelity-Audio, das auf Gaming abgestimmt ist, sorgt f\u00fcr ein noch intensiveres Klangerlebnis. Aktive Ger\u00e4uschunterdr\u00fcckung: Blockieren Sie Au\u00dfenger\u00e4usche und konzentrieren Sie\u2026","rel":"","context":"Similar post","img":{"alt_text":"","src":"https:\/\/i0.wp.com\/anythingtechnicallc.com\/wp-content\/uploads\/2025\/08\/61sbnsp-jSL._AC_SL1500_.jpg?fit=993%2C1200&ssl=1&resize=350%2C200","width":350,"height":200},"classes":[]},{"id":8956,"url":"https:\/\/anythingtechnicallc.com\/index.php\/de\/product\/skullcandy-hesh-2-over-ear-wireless-kopfhoerer-15-std-akku-mikrofon-funktioniert-mit-iphone-android-und-bluetooth-geraeten-schwarz\/","url_meta":{"origin":8946,"position":3},"title":"Skullcandy Hesh 2 Over-Ear Wireless Kopfh\u00f6rer, 15 Std. Akku, Mikrofon, funktioniert mit iPhone, Android und Bluetooth-Ger\u00e4ten &#8211; Schwarz","date":"March 18, 2026","format":false,"excerpt":"\u00dcberragender Klang: Hesh 2 Wireless ist mit der Supreme Sound Technologie ausgestattet, die angreifende, kraftvolle B\u00e4sse, warme, nat\u00fcrliche Stimmen und pr\u00e4zise H\u00f6hen produziert. Ganzt\u00e4giger Komfort, alltagstauglich: Weiche Kunstleder-Ohrpolster bieten endlosen Komfort f\u00fcr Ihre l\u00e4ngsten Playlists. Der flexible Kopfb\u00fcgel ist mit einer Metallunterkonstruktion versehen, die den t\u00e4glichen Belastungen standh\u00e4lt. Lange Akkulaufzeit:\u2026","rel":"","context":"Similar post","img":{"alt_text":"","src":"https:\/\/i0.wp.com\/anythingtechnicallc.com\/wp-content\/uploads\/2024\/09\/71KEOerw6VL._AC_SL1500_.jpg?fit=1091%2C1200&ssl=1&resize=350%2C200","width":350,"height":200},"classes":[]},{"id":8950,"url":"https:\/\/anythingtechnicallc.com\/index.php\/de\/product\/skullcandy-hesh-evo-drahtloser-kopfhoerer-mit-ladekabel-36-stunden-akku-mikrofon-funktioniert-mit-iphone-android-und-bluetooth-geraeten-true-black\/","url_meta":{"origin":8946,"position":4},"title":"Skullcandy Hesh Evo Drahtloser Kopfh\u00f6rer mit Ladekabel, 36 Stunden Akku, Mikrofon, funktioniert mit iPhone, Android und Bluetooth-Ger\u00e4ten &#8211; True Black","date":"March 18, 2026","format":false,"excerpt":"Supreme Audio - Mit leistungsstarken 40-mm-Treibern und au\u00dfergew\u00f6hnlicher Akustik werden Ihre Lieblingssongs kristallklar sein. F\u00fcr den erschwinglichen Preis des Hesh Evo \u00fcbertrifft es die Konkurrenz und bietet die beste Klangqualit\u00e4t in seiner Klasse. 36 Stunden Akkulaufzeit - Ganz gleich, ob Sie unterwegs sind und nicht aufladen k\u00f6nnen oder ob Sie\u2026","rel":"","context":"Similar post","img":{"alt_text":"","src":"https:\/\/i0.wp.com\/anythingtechnicallc.com\/wp-content\/uploads\/2024\/09\/714rWTJzaEL._AC_SL1500_.jpg?fit=1186%2C1200&ssl=1&resize=350%2C200","width":350,"height":200},"classes":[]},{"id":8967,"url":"https:\/\/anythingtechnicallc.com\/index.php\/de\/product\/jbl-live-660nc-kabelloser-over-ear-kopfhoerer-mit-geraeuschunterdrueckung-ausdauerndem-akku-und-sprachassistent-schwarz-medium\/","url_meta":{"origin":8946,"position":5},"title":"JBL Live 660NC &#8211; Kabelloser Over-Ear-Kopfh\u00f6rer mit Ger\u00e4uschunterdr\u00fcckung, ausdauerndem Akku und Sprachassistent &#8211; Schwarz, Medium","date":"March 18, 2026","format":false,"excerpt":"Der kabellose Kopfh\u00f6rer JBL Live 660NC verf\u00fcgt \u00fcber 40-mm-Treiber und eine Klangsignatur, die in den ber\u00fchmtesten Veranstaltungsorten auf der ganzen Welt zu finden ist. Halten Sie den L\u00e4rm fern und konzentrieren Sie sich auf die Musik mit der adaptiven Ger\u00e4uschunterdr\u00fcckung dieser Bluetooth-Kopfh\u00f6rer. Die Ambient Aware Technologie erm\u00f6glicht es Ihnen, sicher\u2026","rel":"","context":"Similar post","img":{"alt_text":"","src":"https:\/\/i0.wp.com\/anythingtechnicallc.com\/wp-content\/uploads\/2024\/09\/61cjF3Y4pwL._AC_SL1500_.jpg?fit=981%2C1164&ssl=1&resize=350%2C200","width":350,"height":200},"classes":[]}],"pll_sync_post":[],"lang":"de","translations":{"de":8946,"en":5230},"_links":{"self":[{"href":"https:\/\/anythingtechnicallc.com\/index.php\/wp-json\/wp\/v2\/product\/8946","targetHints":{"allow":["GET"]}}],"collection":[{"href":"https:\/\/anythingtechnicallc.com\/index.php\/wp-json\/wp\/v2\/product"}],"about":[{"href":"https:\/\/anythingtechnicallc.com\/index.php\/wp-json\/wp\/v2\/types\/product"}],"replies":[{"embeddable":true,"href":"https:\/\/anythingtechnicallc.com\/index.php\/wp-json\/wp\/v2\/comments?post=8946"}],"wp:featuredmedia":[{"embeddable":true,"href":"https:\/\/anythingtechnicallc.com\/index.php\/wp-json\/wp\/v2\/media\/8945"}],"wp:attachment":[{"href":"https:\/\/anythingtechnicallc.com\/index.php\/wp-json\/wp\/v2\/media?parent=8946"}],"wp:term":[{"taxonomy":"product_brand","embeddable":true,"href":"https:\/\/anythingtechnicallc.com\/index.php\/wp-json\/wp\/v2\/product_brand?post=8946"},{"taxonomy":"product_cat","embeddable":true,"href":"https:\/\/anythingtechnicallc.com\/index.php\/wp-json\/wp\/v2\/product_cat?post=8946"},{"taxonomy":"product_tag","embeddable":true,"href":"https:\/\/anythingtechnicallc.com\/index.php\/wp-json\/wp\/v2\/product_tag?post=8946"}],"curies":[{"name":"wp","href":"https:\/\/api.w.org\/{rel}","templated":true}]}}