{"id":8950,"date":"2026-03-18T14:21:56","date_gmt":"2026-03-18T14:21:56","guid":{"rendered":"https:\/\/anythingtechnicallc.com\/?post_type=product&#038;p=8950"},"modified":"2026-03-19T09:31:25","modified_gmt":"2026-03-19T09:31:25","slug":"skullcandy-hesh-evo-drahtloser-kopfhoerer-mit-ladekabel-36-stunden-akku-mikrofon-funktioniert-mit-iphone-android-und-bluetooth-geraeten-true-black","status":"publish","type":"product","link":"https:\/\/anythingtechnicallc.com\/index.php\/de\/product\/skullcandy-hesh-evo-drahtloser-kopfhoerer-mit-ladekabel-36-stunden-akku-mikrofon-funktioniert-mit-iphone-android-und-bluetooth-geraeten-true-black\/","title":{"rendered":"Skullcandy Hesh Evo Drahtloser Kopfh\u00f6rer mit Ladekabel, 36 Stunden Akku, Mikrofon, funktioniert mit iPhone, Android und Bluetooth-Ger\u00e4ten &#8211; True Black"},"content":{"rendered":"<ul class=\"a-unordered-list a-vertical a-spacing-mini\">\n<li class=\"a-spacing-mini\"><span class=\"a-list-item\">Supreme Audio &#8211; Mit leistungsstarken 40-mm-Treibern und au\u00dfergew\u00f6hnlicher Akustik werden Ihre Lieblingssongs kristallklar sein. F\u00fcr den erschwinglichen Preis des Hesh Evo \u00fcbertrifft es die Konkurrenz und bietet die beste Klangqualit\u00e4t in seiner Klasse.<\/span><\/li>\n<li class=\"a-spacing-mini\"><span class=\"a-list-item\">36 Stunden Akkulaufzeit &#8211; Ganz gleich, ob Sie unterwegs sind und nicht aufladen k\u00f6nnen oder ob Sie eine 36-st\u00fcndige Gaming-Session einlegen, der Hesh Evo h\u00e4lt Ihnen den R\u00fccken frei. Nutzen Sie die Schnellladefunktion und eine 10-min\u00fctige Aufladung reicht f\u00fcr 3 Stunden Musikgenuss.<\/span><\/li>\n<li class=\"a-spacing-mini\"><span class=\"a-list-item\">Sick Fit &#8211; Ames schreibt &#8216;gepolstert und pl\u00fcschig. Der Kopfb\u00fcgel ist sch\u00f6n gepolstert und an der Stelle, an der er \u00fcber die Ohren geht, gibt es eine Menge Polsterung. Vergessen Sie nicht den weichen Kopfb\u00fcgel und das ger\u00e4uschisolierende Design.<\/span><\/li>\n<li class=\"a-spacing-mini\"><span class=\"a-list-item\">Nie mehr verloren mit Tile &#8211; Mit der Tile-Technologie macht es Skullcandy ganz einfach, die Kopfh\u00f6rer aufzusp\u00fcren und Ihre Ger\u00e4te sicher aufzubewahren. Laden Sie die Tile-App herunter und folgen Sie den Anweisungen zur Aktivierung.<\/span><\/li>\n<\/ul>\n","protected":false},"excerpt":{"rendered":"<ul class=\"a-unordered-list a-vertical a-spacing-mini\">\n<li class=\"a-spacing-mini\"><span class=\"a-list-item\">Supreme Audio &#8211; Mit leistungsstarken 40-mm-Treibern und au\u00dfergew\u00f6hnlicher Akustik werden Ihre Lieblingssongs kristallklar sein. F\u00fcr den erschwinglichen Preis des Hesh Evo \u00fcbertrifft es die Konkurrenz und bietet die beste Klangqualit\u00e4t in seiner Klasse.<\/span><\/li>\n<li class=\"a-spacing-mini\"><span class=\"a-list-item\">36 Stunden Akkulaufzeit &#8211; Ganz gleich, ob Sie unterwegs sind und nicht aufladen k\u00f6nnen oder ob Sie eine 36-st\u00fcndige Gaming-Session einlegen, der Hesh Evo h\u00e4lt Ihnen den R\u00fccken frei. Nutzen Sie die Schnellladefunktion und eine 10-min\u00fctige Aufladung reicht f\u00fcr 3 Stunden Musikgenuss.<\/span><\/li>\n<li class=\"a-spacing-mini\"><span class=\"a-list-item\">Sick Fit &#8211; Ames schreibt &#8216;gepolstert und pl\u00fcschig. Der Kopfb\u00fcgel ist sch\u00f6n gepolstert und an der Stelle, an der er \u00fcber die Ohren geht, gibt es eine Menge Polsterung. Vergessen Sie nicht den weichen Kopfb\u00fcgel und das ger\u00e4uschisolierende Design.<\/span><\/li>\n<li class=\"a-spacing-mini\"><span class=\"a-list-item\">Nie mehr verloren mit Tile &#8211; Mit der Tile-Technologie macht es Skullcandy ganz einfach, die Kopfh\u00f6rer aufzusp\u00fcren und Ihre Ger\u00e4te sicher aufzubewahren. Laden Sie die Tile-App herunter und folgen Sie den Anweisungen zur Aktivierung.<\/span><\/li>\n<\/ul>\n","protected":false},"featured_media":8949,"comment_status":"open","ping_status":"closed","template":"","meta":{"_et_pb_use_builder":"","_et_pb_old_content":"","_et_gb_content_width":""},"product_brand":[],"product_cat":[703,1578],"product_tag":[],"class_list":{"0":"post-8950","1":"product","2":"type-product","3":"status-publish","4":"has-post-thumbnail","6":"product_cat-uncategorized-de","7":"product_cat-headset","9":"first","10":"instock","11":"sale","12":"taxable","13":"shipping-taxable","14":"purchasable","15":"product-type-simple"},"exclude_global_add_ons":[],"addons":[],"jetpack-related-posts":[{"id":8956,"url":"https:\/\/anythingtechnicallc.com\/index.php\/de\/product\/skullcandy-hesh-2-over-ear-wireless-kopfhoerer-15-std-akku-mikrofon-funktioniert-mit-iphone-android-und-bluetooth-geraeten-schwarz\/","url_meta":{"origin":8950,"position":0},"title":"Skullcandy Hesh 2 Over-Ear Wireless Kopfh\u00f6rer, 15 Std. Akku, Mikrofon, funktioniert mit iPhone, Android und Bluetooth-Ger\u00e4ten &#8211; Schwarz","date":"March 18, 2026","format":false,"excerpt":"\u00dcberragender Klang: Hesh 2 Wireless ist mit der Supreme Sound Technologie ausgestattet, die angreifende, kraftvolle B\u00e4sse, warme, nat\u00fcrliche Stimmen und pr\u00e4zise H\u00f6hen produziert. Ganzt\u00e4giger Komfort, alltagstauglich: Weiche Kunstleder-Ohrpolster bieten endlosen Komfort f\u00fcr Ihre l\u00e4ngsten Playlists. Der flexible Kopfb\u00fcgel ist mit einer Metallunterkonstruktion versehen, die den t\u00e4glichen Belastungen standh\u00e4lt. Lange Akkulaufzeit:\u2026","rel":"","context":"Similar post","img":{"alt_text":"","src":"https:\/\/i0.wp.com\/anythingtechnicallc.com\/wp-content\/uploads\/2024\/09\/71KEOerw6VL._AC_SL1500_.jpg?fit=1091%2C1200&ssl=1&resize=350%2C200","width":350,"height":200},"classes":[]},{"id":8946,"url":"https:\/\/anythingtechnicallc.com\/index.php\/de\/product\/skullcandy-hesh-anc-over-ear-noise-cancelling-wireless-kopfhoerer-mit-ladekabel-22-stunden-akku-mikrofon-funktioniert-mit-iphone-android-und-bluetooth-geraeten-mod-white\/","url_meta":{"origin":8950,"position":1},"title":"Skullcandy Hesh ANC Over-Ear Noise Cancelling Wireless Kopfh\u00f6rer mit Ladekabel, 22 Stunden Akku, Mikrofon, funktioniert mit iPhone, Android und Bluetooth-Ger\u00e4ten &#8211; Mod White","date":"March 18, 2026","format":false,"excerpt":"Bew\u00e4hrte Klangqualit\u00e4t - Mit unseren 40-mm-Treibern sorgt der Hesh ANC f\u00fcr eine extrem hohe Audioqualit\u00e4t mit knorrigen B\u00e4ssen, einem gro\u00dfen Dynamikbereich und einer au\u00dfergew\u00f6hnlichen Akustik. UND eine Akkulaufzeit von satten 22 Stunden bei aktivem Noise Cancelling. Ger\u00e4uschunterdr\u00fcckungswahnsinn - halten Sie mit der aktiven Ger\u00e4uschunterdr\u00fcckung die Au\u00dfenger\u00e4usche drau\u00dfen. Hesh ANC verf\u00fcgt\u2026","rel":"","context":"Similar post","img":{"alt_text":"","src":"https:\/\/i0.wp.com\/anythingtechnicallc.com\/wp-content\/uploads\/2024\/09\/71S2t52tVWL._AC_SL1500_.jpg?fit=1200%2C1190&ssl=1&resize=350%2C200","width":350,"height":200},"classes":[]},{"id":9659,"url":"https:\/\/anythingtechnicallc.com\/index.php\/de\/product\/skullcandy-hesh-3-kabellose-over-the-ear-kopfhoerer-schwarz\/","url_meta":{"origin":8950,"position":2},"title":"Skullcandy &#8211; HESH 3 Kabellose Over-the-Ear Kopfh\u00f6rer &#8211; Schwarz","date":"March 24, 2026","format":false,"excerpt":"Befriedigen Sie Ihre endlose Sehnsucht nach gro\u00dfartigen Kl\u00e4ngen mit diesen Over-Ear-Bluetooth-Kopfh\u00f6rern SkullCandy Hesh 3. Dank der 22-st\u00fcndigen Akkulaufzeit k\u00f6nnen Sie den ganzen Tag nonstop Musik genie\u00dfen, und die 40-mm-Treiber produzieren hochwertigen Klang bei 20 Hz - 20 kHz. Die Memory Foam-Ohrpolster dieses SkullCandy Hesh 3 Bluetooth-Kopfh\u00f6rers sorgen f\u00fcr einen angenehmen\u2026","rel":"","context":"Similar post","img":{"alt_text":"","src":"https:\/\/i0.wp.com\/anythingtechnicallc.com\/wp-content\/uploads\/2026\/01\/Skullcandy-Hesh-3.jpg?fit=1200%2C1200&ssl=1&resize=350%2C200","width":350,"height":200},"classes":[]},{"id":9315,"url":"https:\/\/anythingtechnicallc.com\/index.php\/de\/product\/renewed-sennheiser-momentum-4-wireless-headphones-bluetooth-kopfhoerer-fuer-kristallklare-anrufe-mit-adaptiver-geraeuschunterdrueckung-60-stunden-akkulaufzeit-leichtes-faltbares-design-schwarz\/","url_meta":{"origin":8950,"position":3},"title":"Renewed Sennheiser MOMENTUM 4 Wireless Headphones &#8211; Bluetooth-Kopfh\u00f6rer f\u00fcr kristallklare Anrufe mit adaptiver Ger\u00e4uschunterdr\u00fcckung, 60 Stunden Akkulaufzeit, leichtes, faltbares Design, Schwarz","date":"March 19, 2026","format":false,"excerpt":"Firmware und Software aktualisiert: Genie\u00dfen Sie ein reibungsloseres und zuverl\u00e4ssigeres Benutzererlebnis, einschlie\u00dflich eines ANC-Ausschalters in der Smart Control Plus App und eines dauerhaften Aus-Schalters f\u00fcr das Touchpad. Maximale Audioaufl\u00f6sung mit Sennheiser Signature Sound: Genie\u00dfen Sie den ganzen Tag lang erstklassige Musikqualit\u00e4t dank des audiophilen 42-mm-Wandlersystems des Kopfh\u00f6rers und aptX Adaptive.\u2026","rel":"","context":"Similar post","img":{"alt_text":"","src":"https:\/\/i0.wp.com\/anythingtechnicallc.com\/wp-content\/uploads\/2025\/07\/7164xC2wL._AC_SL1500_.jpg?fit=874%2C1200&ssl=1&resize=350%2C200","width":350,"height":200},"classes":[]},{"id":9588,"url":"https:\/\/anythingtechnicallc.com\/index.php\/de\/product\/hyperx-cloud-iii-s-kabelloses-gaming-headset-fuer-mehrere-plattformen-2-4ghz-bluetooth-akkulaufzeit-bis-zu-120-stunden-2-4ghz-200-stunden-bluetooth-53mm-abgewinkelte-treiber-abnehmbares-mikro\/","url_meta":{"origin":8950,"position":4},"title":"HyperX Cloud III S &#8211; Kabelloses Gaming-Headset f\u00fcr mehrere Plattformen, 2.4GHz, Bluetooth, Akkulaufzeit bis zu 120 Stunden 2.4GHz \/ 200 Stunden Bluetooth, 53mm abgewinkelte Treiber, abnehmbares Mikrofon &#8211; Schwarz","date":"March 21, 2026","format":false,"excerpt":"Bis zu 120 Stunden Spielzeit im 2.4GHz-Modus. Erweitern Sie die Grenzen mit bis zu 200 Stunden im Bluetooth-Modus. Die abgewinkelten 53-mm-Treiber wurden von den HyperX-Audioingenieuren so abgestimmt, dass sie ein optimales H\u00f6rerlebnis bieten, das die dynamischen Kl\u00e4nge des Spiels unterstreicht. Der f\u00fcr HyperX charakteristische Memory-Schaumstoff im Kopfb\u00fcgel und die mit\u2026","rel":"","context":"Similar post","img":{"alt_text":"","src":"https:\/\/i0.wp.com\/anythingtechnicallc.com\/wp-content\/uploads\/2025\/10\/HyperX-Cloud-III-S-Black.jpg?fit=1200%2C1121&ssl=1&resize=350%2C200","width":350,"height":200},"classes":[]},{"id":9264,"url":"https:\/\/anythingtechnicallc.com\/index.php\/de\/product\/gebrauchter-shure-slx4-funkempfaenger-h5-band-518-542-mhz\/","url_meta":{"origin":8950,"position":5},"title":"Gebrauchter Shure SLX4 Funkempf\u00e4nger &#8211; H5 Band 518-542 MHz","date":"March 19, 2026","format":false,"excerpt":"Dieser Sender arbeitet auf 518,000-542,000 MHz. SLX: Klare \u00dcbertragungen Der SLX-Sound basiert auf dem patentierten Audio Reference Companding von Shure, einer Technologie, die drahtlosen Systemen eine klarere \u00dcbertragung und einen gr\u00f6\u00dferen Dynamikbereich verleiht. Im Gegensatz zu herk\u00f6mmlichen drahtlosen Companding-Verfahren, die durch ein festes Kompressionsverh\u00e4ltnis eingeschr\u00e4nkt sind, verwendet diese Technologie ein\u2026","rel":"","context":"Similar post","img":{"alt_text":"","src":"https:\/\/i0.wp.com\/anythingtechnicallc.com\/wp-content\/uploads\/2025\/06\/Shure-SLX4-Wireless-Receiver-H5-Band-scaled.webp?fit=1200%2C608&ssl=1&resize=350%2C200","width":350,"height":200},"classes":[]}],"pll_sync_post":[],"lang":"de","translations":{"de":8950,"en":5232},"_links":{"self":[{"href":"https:\/\/anythingtechnicallc.com\/index.php\/wp-json\/wp\/v2\/product\/8950","targetHints":{"allow":["GET"]}}],"collection":[{"href":"https:\/\/anythingtechnicallc.com\/index.php\/wp-json\/wp\/v2\/product"}],"about":[{"href":"https:\/\/anythingtechnicallc.com\/index.php\/wp-json\/wp\/v2\/types\/product"}],"replies":[{"embeddable":true,"href":"https:\/\/anythingtechnicallc.com\/index.php\/wp-json\/wp\/v2\/comments?post=8950"}],"wp:featuredmedia":[{"embeddable":true,"href":"https:\/\/anythingtechnicallc.com\/index.php\/wp-json\/wp\/v2\/media\/8949"}],"wp:attachment":[{"href":"https:\/\/anythingtechnicallc.com\/index.php\/wp-json\/wp\/v2\/media?parent=8950"}],"wp:term":[{"taxonomy":"product_brand","embeddable":true,"href":"https:\/\/anythingtechnicallc.com\/index.php\/wp-json\/wp\/v2\/product_brand?post=8950"},{"taxonomy":"product_cat","embeddable":true,"href":"https:\/\/anythingtechnicallc.com\/index.php\/wp-json\/wp\/v2\/product_cat?post=8950"},{"taxonomy":"product_tag","embeddable":true,"href":"https:\/\/anythingtechnicallc.com\/index.php\/wp-json\/wp\/v2\/product_tag?post=8950"}],"curies":[{"name":"wp","href":"https:\/\/api.w.org\/{rel}","templated":true}]}}