{"id":8956,"date":"2026-03-18T14:27:24","date_gmt":"2026-03-18T14:27:24","guid":{"rendered":"https:\/\/anythingtechnicallc.com\/?post_type=product&#038;p=8956"},"modified":"2026-03-19T09:25:35","modified_gmt":"2026-03-19T09:25:35","slug":"skullcandy-hesh-2-over-ear-wireless-kopfhoerer-15-std-akku-mikrofon-funktioniert-mit-iphone-android-und-bluetooth-geraeten-schwarz","status":"publish","type":"product","link":"https:\/\/anythingtechnicallc.com\/index.php\/de\/product\/skullcandy-hesh-2-over-ear-wireless-kopfhoerer-15-std-akku-mikrofon-funktioniert-mit-iphone-android-und-bluetooth-geraeten-schwarz\/","title":{"rendered":"Skullcandy Hesh 2 Over-Ear Wireless Kopfh\u00f6rer, 15 Std. Akku, Mikrofon, funktioniert mit iPhone, Android und Bluetooth-Ger\u00e4ten &#8211; Schwarz"},"content":{"rendered":"<ul class=\"a-unordered-list a-vertical a-spacing-mini\">\n<li class=\"a-spacing-mini\"><span class=\"a-list-item\">\u00dcberragender Klang: Hesh 2 Wireless ist mit der Supreme Sound Technologie ausgestattet, die angreifende, kraftvolle B\u00e4sse, warme, nat\u00fcrliche Stimmen und pr\u00e4zise H\u00f6hen produziert.<\/span><\/li>\n<li class=\"a-spacing-mini\"><span class=\"a-list-item\">Ganzt\u00e4giger Komfort, alltagstauglich: Weiche Kunstleder-Ohrpolster bieten endlosen Komfort f\u00fcr Ihre l\u00e4ngsten Playlists. Der flexible Kopfb\u00fcgel ist mit einer Metallunterkonstruktion versehen, die den t\u00e4glichen Belastungen standh\u00e4lt.<\/span><\/li>\n<li class=\"a-spacing-mini\"><span class=\"a-list-item\">Lange Akkulaufzeit: Der wiederaufladbare Akku bietet bei voller Ladung bis zu 15 Stunden Musikgenuss. Hinter der linken Ohrmuschel befindet sich ein Micro-USB-Anschluss zum Aufladen. Eine LED-Anzeige blinkt rot, wenn der Akkustand bei 10% liegt. Vollst\u00e4ndige Aufladung in nur 2,5 Stunden.<\/span><\/li>\n<li class=\"a-spacing-mini\"><span class=\"a-list-item\">Kabellose Kopplung und Steuerung: Streamen Sie Ihre Musik von jedem Bluetooth-f\u00e4higen Ger\u00e4t. Mit den integrierten Plus- und Minustasten k\u00f6nnen Sie die Lautst\u00e4rke einstellen und Titel ausw\u00e4hlen. Mit der runden Einschalttaste k\u00f6nnen Sie Anrufe annehmen und in die Warteschleife legen.<\/span><\/li>\n<\/ul>\n","protected":false},"excerpt":{"rendered":"<ul class=\"a-unordered-list a-vertical a-spacing-mini\">\n<li class=\"a-spacing-mini\"><span class=\"a-list-item\">\u00dcberragender Klang: Hesh 2 Wireless ist mit der Supreme Sound Technologie ausgestattet, die angreifende, kraftvolle B\u00e4sse, warme, nat\u00fcrliche Stimmen und pr\u00e4zise H\u00f6hen produziert.<\/span><\/li>\n<li class=\"a-spacing-mini\"><span class=\"a-list-item\">Ganzt\u00e4giger Komfort, alltagstauglich: Weiche Kunstleder-Ohrpolster bieten endlosen Komfort f\u00fcr Ihre l\u00e4ngsten Playlists. Der flexible Kopfb\u00fcgel ist mit einer Metallunterkonstruktion versehen, die den t\u00e4glichen Belastungen standh\u00e4lt.<\/span><\/li>\n<li class=\"a-spacing-mini\"><span class=\"a-list-item\">Lange Akkulaufzeit: Der wiederaufladbare Akku bietet bei voller Ladung bis zu 15 Stunden Musikgenuss. Hinter der linken Ohrmuschel befindet sich ein Micro-USB-Anschluss zum Aufladen. Eine LED-Anzeige blinkt rot, wenn der Akkustand bei 10% liegt. Vollst\u00e4ndige Aufladung in nur 2,5 Stunden.<\/span><\/li>\n<li class=\"a-spacing-mini\"><span class=\"a-list-item\">Kabellose Kopplung und Steuerung: Streamen Sie Ihre Musik von jedem Bluetooth-f\u00e4higen Ger\u00e4t. Mit den integrierten Plus- und Minustasten k\u00f6nnen Sie die Lautst\u00e4rke einstellen und Titel ausw\u00e4hlen. Mit der runden Einschalttaste k\u00f6nnen Sie Anrufe annehmen und in die Warteschleife legen.<\/span><\/li>\n<\/ul>\n","protected":false},"featured_media":8955,"comment_status":"open","ping_status":"closed","template":"","meta":{"_et_pb_use_builder":"","_et_pb_old_content":"","_et_gb_content_width":""},"product_brand":[],"product_cat":[703,1578],"product_tag":[],"class_list":{"0":"post-8956","1":"product","2":"type-product","3":"status-publish","4":"has-post-thumbnail","6":"product_cat-uncategorized-de","7":"product_cat-headset","9":"first","10":"instock","11":"sale","12":"taxable","13":"shipping-taxable","14":"purchasable","15":"product-type-simple"},"exclude_global_add_ons":[],"addons":[],"jetpack-related-posts":[{"id":8946,"url":"https:\/\/anythingtechnicallc.com\/index.php\/de\/product\/skullcandy-hesh-anc-over-ear-noise-cancelling-wireless-kopfhoerer-mit-ladekabel-22-stunden-akku-mikrofon-funktioniert-mit-iphone-android-und-bluetooth-geraeten-mod-white\/","url_meta":{"origin":8956,"position":0},"title":"Skullcandy Hesh ANC Over-Ear Noise Cancelling Wireless Kopfh\u00f6rer mit Ladekabel, 22 Stunden Akku, Mikrofon, funktioniert mit iPhone, Android und Bluetooth-Ger\u00e4ten &#8211; Mod White","date":"March 18, 2026","format":false,"excerpt":"Bew\u00e4hrte Klangqualit\u00e4t - Mit unseren 40-mm-Treibern sorgt der Hesh ANC f\u00fcr eine extrem hohe Audioqualit\u00e4t mit knorrigen B\u00e4ssen, einem gro\u00dfen Dynamikbereich und einer au\u00dfergew\u00f6hnlichen Akustik. UND eine Akkulaufzeit von satten 22 Stunden bei aktivem Noise Cancelling. Ger\u00e4uschunterdr\u00fcckungswahnsinn - halten Sie mit der aktiven Ger\u00e4uschunterdr\u00fcckung die Au\u00dfenger\u00e4usche drau\u00dfen. Hesh ANC verf\u00fcgt\u2026","rel":"","context":"Similar post","img":{"alt_text":"","src":"https:\/\/i0.wp.com\/anythingtechnicallc.com\/wp-content\/uploads\/2024\/09\/71S2t52tVWL._AC_SL1500_.jpg?fit=1200%2C1190&ssl=1&resize=350%2C200","width":350,"height":200},"classes":[]},{"id":8950,"url":"https:\/\/anythingtechnicallc.com\/index.php\/de\/product\/skullcandy-hesh-evo-drahtloser-kopfhoerer-mit-ladekabel-36-stunden-akku-mikrofon-funktioniert-mit-iphone-android-und-bluetooth-geraeten-true-black\/","url_meta":{"origin":8956,"position":1},"title":"Skullcandy Hesh Evo Drahtloser Kopfh\u00f6rer mit Ladekabel, 36 Stunden Akku, Mikrofon, funktioniert mit iPhone, Android und Bluetooth-Ger\u00e4ten &#8211; True Black","date":"March 18, 2026","format":false,"excerpt":"Supreme Audio - Mit leistungsstarken 40-mm-Treibern und au\u00dfergew\u00f6hnlicher Akustik werden Ihre Lieblingssongs kristallklar sein. F\u00fcr den erschwinglichen Preis des Hesh Evo \u00fcbertrifft es die Konkurrenz und bietet die beste Klangqualit\u00e4t in seiner Klasse. 36 Stunden Akkulaufzeit - Ganz gleich, ob Sie unterwegs sind und nicht aufladen k\u00f6nnen oder ob Sie\u2026","rel":"","context":"Similar post","img":{"alt_text":"","src":"https:\/\/i0.wp.com\/anythingtechnicallc.com\/wp-content\/uploads\/2024\/09\/714rWTJzaEL._AC_SL1500_.jpg?fit=1186%2C1200&ssl=1&resize=350%2C200","width":350,"height":200},"classes":[]},{"id":9488,"url":"https:\/\/anythingtechnicallc.com\/index.php\/de\/product\/alienware-aw610m-tri-mode-kabellose-gaming-maus-2-4ghz-kabellos-lunar-light\/","url_meta":{"origin":8956,"position":2},"title":"Alienware AW610M Tri-Mode kabellose Gaming-Maus &#8211; 2.4GHz kabellos &#8211; Lunar Light","date":"March 21, 2026","format":false,"excerpt":"Entfesseln Sie maximale Pr\u00e4zision: Genie\u00dfen Sie au\u00dfergew\u00f6hnliche Leistung mit 26.000 DPI, einer Abtastung von bis zu 650 IPS und Sensoren, die eine maximale Beschleunigung von bis zu 50 G bew\u00e4ltigen k\u00f6nnen. Marathon-Gaming ist willkommen: Schlie\u00dfen Sie das Ger\u00e4t \u00fcber einen USB-C Wireless Dongle an und genie\u00dfen Sie bis zu 140\u2026","rel":"","context":"Similar post","img":{"alt_text":"","src":"https:\/\/i0.wp.com\/anythingtechnicallc.com\/wp-content\/uploads\/2025\/08\/61iBGToBJuL._AC_SL1500_.jpg?fit=738%2C1200&ssl=1&resize=350%2C200","width":350,"height":200},"classes":[]},{"id":8953,"url":"https:\/\/anythingtechnicallc.com\/index.php\/de\/product\/skullcandy-push-active-in-ear-wireless-earbuds-43-std-akku-skull-iq-alexa-faehig-mikrofon-funktioniert-mit-iphone-android-und-bluetooth-geraeten-true-black-orange\/","url_meta":{"origin":8956,"position":3},"title":"Skullcandy Push Active In-Ear Wireless Earbuds, 43 Std. Akku, Skull-iQ, Alexa-f\u00e4hig, Mikrofon, funktioniert mit iPhone, Android und Bluetooth-Ger\u00e4ten &#8211; True Black\/Orange","date":"March 18, 2026","format":false,"excerpt":"Skull-iQ Smart Feature Technology - Aktivieren Sie die freih\u00e4ndige Sprachsteuerung oder andere Sprachassistenten wie Alexa, indem Sie die Skull-iQ App herunterladen. Sorglos kabellos - Wir haben die Tile Finding Technologie eingebaut, damit Sie die Ohrh\u00f6rer leicht wiederfinden, wenn Sie sie einmal verlegt haben. Laden Sie einfach die Tile App herunter\u2026","rel":"","context":"Similar post","img":{"alt_text":"","src":"https:\/\/i0.wp.com\/anythingtechnicallc.com\/wp-content\/uploads\/2024\/09\/717CyBc08DL._AC_SL1500_.jpg?fit=1128%2C1200&ssl=1&resize=350%2C200","width":350,"height":200},"classes":[]},{"id":8983,"url":"https:\/\/anythingtechnicallc.com\/index.php\/de\/product\/erneuert-beoplay-e8-2-0-true-wireless-ohrhoerer-qi-aufladung-schwarz-einheitsgroesse-1646100\/","url_meta":{"origin":8956,"position":4},"title":"Erneuert Beoplay E8 2.0 True Wireless Ohrh\u00f6rer Qi Aufladung, Schwarz, Einheitsgr\u00f6\u00dfe &#8211; 1646100","date":"March 18, 2026","format":false,"excerpt":"WIRKLICH KABELLOS: Der Beoplay E8 2.0 bietet v\u00f6llig kabellosen Komfort ohne Kabel. Ausgestattet mit kabelloser Qi-Ladetechnik ist dieser In-Ear-Kopfh\u00f6rer mit seinem eleganten Design wirklich tragbar. Impedanz: 16 Ohm TOUCH CONTROL: Steuern Sie Ihr H\u00f6rerlebnis ganz einfach \u00fcber die Touch-Oberfl\u00e4che dieser kabellosen Ohrst\u00f6psel. Tippen Sie einfach darauf, um zwischen Titeln zu\u2026","rel":"","context":"Similar post","img":{"alt_text":"","src":"https:\/\/i0.wp.com\/anythingtechnicallc.com\/wp-content\/uploads\/2024\/09\/81LRBE5O8dL._AC_SL1500_.jpg?fit=982%2C1193&ssl=1&resize=350%2C200","width":350,"height":200},"classes":[]},{"id":9564,"url":"https:\/\/anythingtechnicallc.com\/index.php\/de\/product\/hyperx-cloud-alpha-wireless-gaming-headset-fuer-pc-300-stunden-akkulaufzeit-dts-headphonex-spatial-audio-memory-schaumstoff-doppelkammertreiber-mikrofon-mit-geraeuschunterdrueckung-stabiler-a\/","url_meta":{"origin":8956,"position":5},"title":"HyperX Cloud Alpha Wireless &#8211; Gaming-Headset f\u00fcr PC, 300 Stunden Akkulaufzeit, DTS Headphone:X Spatial Audio, Memory-Schaumstoff, Doppelkammertreiber, Mikrofon mit Ger\u00e4uschunterdr\u00fcckung, stabiler Aluminiumrahmen, Rot","date":"March 21, 2026","format":false,"excerpt":"HyperX-typischer Komfort: Dieses leichte, bequeme Headset mit dem charakteristischen HyperX Memory Foam und atmungsaktivem Kunstleder hilft Ihnen, sich auch bei Marathon-Gaming-Sessions zu konzentrieren. HyperX Zweikammer-Treiber: Das bahnbrechende Zweikammer-Treibersystem des Cloud Alpha Wireless stimmt die Mitten und H\u00f6hen getrennt von den basslastigen B\u00e4ssen ab, um einen unglaublich klaren Klang zu liefern.\u2026","rel":"","context":"Similar post","img":{"alt_text":"","src":"https:\/\/i0.wp.com\/anythingtechnicallc.com\/wp-content\/uploads\/2025\/10\/HyperX-Cloud-Alpha-Wireless-Gaming-Headset.jpg?fit=1200%2C1169&ssl=1&resize=350%2C200","width":350,"height":200},"classes":[]}],"pll_sync_post":[],"lang":"de","translations":{"de":8956,"en":5239},"_links":{"self":[{"href":"https:\/\/anythingtechnicallc.com\/index.php\/wp-json\/wp\/v2\/product\/8956","targetHints":{"allow":["GET"]}}],"collection":[{"href":"https:\/\/anythingtechnicallc.com\/index.php\/wp-json\/wp\/v2\/product"}],"about":[{"href":"https:\/\/anythingtechnicallc.com\/index.php\/wp-json\/wp\/v2\/types\/product"}],"replies":[{"embeddable":true,"href":"https:\/\/anythingtechnicallc.com\/index.php\/wp-json\/wp\/v2\/comments?post=8956"}],"wp:featuredmedia":[{"embeddable":true,"href":"https:\/\/anythingtechnicallc.com\/index.php\/wp-json\/wp\/v2\/media\/8955"}],"wp:attachment":[{"href":"https:\/\/anythingtechnicallc.com\/index.php\/wp-json\/wp\/v2\/media?parent=8956"}],"wp:term":[{"taxonomy":"product_brand","embeddable":true,"href":"https:\/\/anythingtechnicallc.com\/index.php\/wp-json\/wp\/v2\/product_brand?post=8956"},{"taxonomy":"product_cat","embeddable":true,"href":"https:\/\/anythingtechnicallc.com\/index.php\/wp-json\/wp\/v2\/product_cat?post=8956"},{"taxonomy":"product_tag","embeddable":true,"href":"https:\/\/anythingtechnicallc.com\/index.php\/wp-json\/wp\/v2\/product_tag?post=8956"}],"curies":[{"name":"wp","href":"https:\/\/api.w.org\/{rel}","templated":true}]}}