{"id":8962,"date":"2026-03-18T14:30:06","date_gmt":"2026-03-18T14:30:06","guid":{"rendered":"https:\/\/anythingtechnicallc.com\/?post_type=product&#038;p=8962"},"modified":"2026-03-19T09:25:34","modified_gmt":"2026-03-19T09:25:34","slug":"jbl-tune-720bt-kabellose-over-ear-kopfhoerer-mit-jbl-pure-bass-sound-bluetooth-5-3-bis-zu-76-stunden-akkulaufzeit-und-schnellladefunktion-leichtes-komfortables-und-faltbares-design-schwarz","status":"publish","type":"product","link":"https:\/\/anythingtechnicallc.com\/index.php\/de\/product\/jbl-tune-720bt-kabellose-over-ear-kopfhoerer-mit-jbl-pure-bass-sound-bluetooth-5-3-bis-zu-76-stunden-akkulaufzeit-und-schnellladefunktion-leichtes-komfortables-und-faltbares-design-schwarz\/","title":{"rendered":"JBL Tune 720BT &#8211; Kabellose Over-Ear-Kopfh\u00f6rer mit JBL Pure Bass Sound, Bluetooth 5.3, bis zu 76 Stunden Akkulaufzeit und Schnellladefunktion, leichtes, komfortables und faltbares Design (Schwarz)"},"content":{"rendered":"<ul class=\"a-unordered-list a-vertical a-spacing-mini\">\n<li class=\"a-spacing-mini\"><span class=\"a-list-item\">JBL Pure Bass Sound: Der JBL Tune 720BT verf\u00fcgt \u00fcber den renommierten JBL Pure Bass Sound, dieselbe Technologie, die in den ber\u00fchmtesten Veranstaltungsorten auf der ganzen Welt zum Einsatz kommt.<\/span><\/li>\n<li class=\"a-spacing-mini\"><span class=\"a-list-item\">Kabellose Bluetooth 5.3 Technologie: \u00dcbertragen Sie mit Hilfe der neuesten Bluetooth-Technologie kabellos hochwertigen Sound von Ihrem Smartphone ohne l\u00e4stige Kabel.<\/span><\/li>\n<li class=\"a-spacing-mini\"><span class=\"a-list-item\">Passen Sie Ihr H\u00f6rerlebnis an: Laden Sie die kostenlose JBL Headphones App herunter, um den Klang mit dem EQ an Ihren Geschmack anzupassen. Sprachansagen in der von Ihnen gew\u00fcnschten Sprache f\u00fchren Sie durch die Funktionen des Tune 720BT.<\/span><\/li>\n<li class=\"a-spacing-mini\"><span class=\"a-list-item\">Passen Sie Ihr H\u00f6rerlebnis an: Laden Sie die kostenlose JBL Headphones App herunter und passen Sie den Klang an Ihren Geschmack an, indem Sie einen der voreingestellten EQ-Modi w\u00e4hlen oder die EQ-Kurve nach Ihren Inhalten, Ihrem Stil und Ihrem Geschmack anpassen.<\/span><\/li>\n<li class=\"a-spacing-mini\"><span class=\"a-list-item\">Freih\u00e4ndige Anrufe mit Voice Aware: Mit den praktischen Tasten an der Ohrmuschel k\u00f6nnen Sie Ihren Sound ganz einfach steuern und Ihre Anrufe von Ihrem Kopfh\u00f6rer aus verwalten. H\u00f6ren Sie Ihre Stimme beim Sprechen mit Hilfe von Voice Aware.<\/span><\/li>\n<\/ul>\n","protected":false},"excerpt":{"rendered":"<ul class=\"a-unordered-list a-vertical a-spacing-mini\">\n<li class=\"a-spacing-mini\"><span class=\"a-list-item\">JBL Pure Bass Sound: Der JBL Tune 720BT verf\u00fcgt \u00fcber den renommierten JBL Pure Bass Sound, dieselbe Technologie, die in den ber\u00fchmtesten Veranstaltungsorten auf der ganzen Welt zum Einsatz kommt.<\/span><\/li>\n<li class=\"a-spacing-mini\"><span class=\"a-list-item\">Kabellose Bluetooth 5.3 Technologie: \u00dcbertragen Sie mit Hilfe der neuesten Bluetooth-Technologie kabellos und ohne l\u00e4stige Kabel hochwertigen Sound von Ihrem Smartphone.<\/span><\/li>\n<li class=\"a-spacing-mini\"><span class=\"a-list-item\">Passen Sie Ihr H\u00f6rerlebnis an: Laden Sie die kostenlose JBL Headphones App herunter, um den Klang mit dem EQ an Ihren Geschmack anzupassen. Sprachansagen in der von Ihnen gew\u00fcnschten Sprache f\u00fchren Sie durch die Funktionen des Tune 720BT.<\/span><\/li>\n<li class=\"a-spacing-mini\"><span class=\"a-list-item\">Passen Sie Ihr H\u00f6rerlebnis an: Laden Sie die kostenlose JBL Headphones App herunter und passen Sie den Klang an Ihren Geschmack an, indem Sie einen der voreingestellten EQ-Modi w\u00e4hlen oder die EQ-Kurve nach Ihren Inhalten, Ihrem Stil und Ihrem Geschmack anpassen.<\/span><\/li>\n<li class=\"a-spacing-mini\"><span class=\"a-list-item\">Freih\u00e4ndige Anrufe mit Voice Aware: Mit den praktischen Tasten an der Ohrmuschel k\u00f6nnen Sie Ihren Sound ganz einfach steuern und Ihre Anrufe von Ihrem Kopfh\u00f6rer aus verwalten. H\u00f6ren Sie Ihre Stimme beim Sprechen mit Hilfe von Voice Aware.<\/span><\/li>\n<\/ul>\n","protected":false},"featured_media":8961,"comment_status":"open","ping_status":"closed","template":"","meta":{"_et_pb_use_builder":"","_et_pb_old_content":"","_et_gb_content_width":""},"product_brand":[],"product_cat":[703,1578],"product_tag":[],"class_list":{"0":"post-8962","1":"product","2":"type-product","3":"status-publish","4":"has-post-thumbnail","6":"product_cat-uncategorized-de","7":"product_cat-headset","9":"first","10":"instock","11":"sale","12":"taxable","13":"shipping-taxable","14":"purchasable","15":"product-type-simple"},"exclude_global_add_ons":[],"addons":[],"jetpack-related-posts":[{"id":8964,"url":"https:\/\/anythingtechnicallc.com\/index.php\/de\/product\/jbl-tune-770nc-adaptive-geraeuschunterdrueckung-mit-intelligenter-umgebungsgeraeuschunterdrueckung-kabelloser-over-ear-kopfhoerer-bluetooth-5-3-bis-zu-70-stunden-akkulaufzeit-mit-schnellladung-l\/","url_meta":{"origin":8962,"position":0},"title":"JBL TUNE 770NC &#8211; Adaptive Ger\u00e4uschunterdr\u00fcckung mit intelligenter Umgebungsger\u00e4uschunterdr\u00fcckung, kabelloser Over-Ear-Kopfh\u00f6rer, Bluetooth 5.3, bis zu 70 Stunden Akkulaufzeit mit Schnellladung, leichtes, komfortables &#038; faltbares Design (Schwarz)","date":"March 18, 2026","format":false,"excerpt":"Adaptive Ger\u00e4uschunterdr\u00fcckung mit Smart Ambient: Adaptive Ger\u00e4uschunterdr\u00fcckung bedeutet keine Ablenkung, egal ob Sie lernen oder sich in der Musik verlieren. Wenn Sie die Welt um sich herum h\u00f6ren m\u00f6chten, aktivieren Sie Ambient Aware und TalkThru in der JBL Headphones App. Bluetooth 5.3 mit LE Audio: \u00dcbertragen Sie kabellos hochwertigen JBL\u2026","rel":"","context":"Similar post","img":{"alt_text":"","src":"https:\/\/i0.wp.com\/anythingtechnicallc.com\/wp-content\/uploads\/2024\/09\/61EL2AKKcBL._AC_SL1500_.jpg?fit=1056%2C1200&ssl=1&resize=350%2C200","width":350,"height":200},"classes":[]},{"id":8967,"url":"https:\/\/anythingtechnicallc.com\/index.php\/de\/product\/jbl-live-660nc-kabelloser-over-ear-kopfhoerer-mit-geraeuschunterdrueckung-ausdauerndem-akku-und-sprachassistent-schwarz-medium\/","url_meta":{"origin":8962,"position":1},"title":"JBL Live 660NC &#8211; Kabelloser Over-Ear-Kopfh\u00f6rer mit Ger\u00e4uschunterdr\u00fcckung, ausdauerndem Akku und Sprachassistent &#8211; Schwarz, Medium","date":"March 18, 2026","format":false,"excerpt":"Der kabellose Kopfh\u00f6rer JBL Live 660NC verf\u00fcgt \u00fcber 40-mm-Treiber und eine Klangsignatur, die in den ber\u00fchmtesten Veranstaltungsorten auf der ganzen Welt zu finden ist. Halten Sie den L\u00e4rm fern und konzentrieren Sie sich auf die Musik mit der adaptiven Ger\u00e4uschunterdr\u00fcckung dieser Bluetooth-Kopfh\u00f6rer. Die Ambient Aware Technologie erm\u00f6glicht es Ihnen, sicher\u2026","rel":"","context":"Similar post","img":{"alt_text":"","src":"https:\/\/i0.wp.com\/anythingtechnicallc.com\/wp-content\/uploads\/2024\/09\/61cjF3Y4pwL._AC_SL1500_.jpg?fit=981%2C1164&ssl=1&resize=350%2C200","width":350,"height":200},"classes":[]},{"id":9365,"url":"https:\/\/anythingtechnicallc.com\/index.php\/de\/product\/renewed-bose-quietcomfort-qc45-bluetooth-kopfhoerer-kabellose-kopfhoerer-mit-aktiver-geraeuschunterdrueckung-ueber-dem-ohr-und-mikrofon-tiefer-bass-bis-zu-24-stunden-spielzeit-schwarz\/","url_meta":{"origin":8962,"position":2},"title":"Renewed Bose QuietComfort QC45 Bluetooth Kopfh\u00f6rer, kabellose Kopfh\u00f6rer mit aktiver Ger\u00e4uschunterdr\u00fcckung \u00fcber dem Ohr und Mikrofon, tiefer Bass, bis zu 24 Stunden Spielzeit, Schwarz","date":"March 19, 2026","format":false,"excerpt":"GER\u00c4USCHUNTERDR\u00dcCKENDE KOPFH\u00d6RER: Kombinieren Sie die Ger\u00e4uschunterdr\u00fcckungstechnologie m\u00fchelos mit passiven Funktionen, damit Sie die Au\u00dfenwelt abschalten, Ablenkungen ausblenden und Musik \u00fcber den Beat hinaus genie\u00dfen k\u00f6nnen. KOMFORTABLER KOPFH\u00d6RER: Pl\u00fcschige Ohrmuschelpolster schmiegen sich sanft an Ihre Ohren, w\u00e4hrend ein sicheres und bequemes gepolstertes Band Ihre Over-Ear-Kopfh\u00f6rer bei besonders langen H\u00f6rsessions sanft in\u2026","rel":"","context":"Similar post","img":{"alt_text":"","src":"https:\/\/i0.wp.com\/anythingtechnicallc.com\/wp-content\/uploads\/2025\/08\/51f7KKP25PL._AC_SL1000_.jpg?fit=669%2C885&ssl=1&resize=350%2C200","width":350,"height":200},"classes":[]},{"id":9723,"url":"https:\/\/anythingtechnicallc.com\/index.php\/de\/product\/bose-soundlink-color-ii-bluetooth-lautsprecher-soft-schwarz-erneuert\/","url_meta":{"origin":8962,"position":3},"title":"Bose SoundLink Color II Bluetooth Lautsprecher Soft Schwarz (Erneuert)","date":"March 24, 2026","format":false,"excerpt":"Ob am Pool, im Park oder auf der Terrasse - der SoundLink Color Bluetooth-Lautsprecher II bietet Ihnen \u00fcberall vollen, tragbaren Sound. Die fortschrittliche Technologie von Bose bietet gro\u00dfen Klang in einem kleinen, wasserfesten Lautsprecher, der robust genug ist, um Sie \u00fcberallhin zu begleiten, auch an den Pool. Er ist robust\u2026","rel":"","context":"Similar post","img":{"alt_text":"","src":"https:\/\/i0.wp.com\/anythingtechnicallc.com\/wp-content\/uploads\/2026\/02\/Bose-SoundLink-Color-II.jpg?fit=1200%2C1200&ssl=1&resize=350%2C200","width":350,"height":200},"classes":[]},{"id":9068,"url":"https:\/\/anythingtechnicallc.com\/index.php\/de\/product\/shure-aonic-free-true-wireless-earbuds-klangisolierende-kabellose-bluetooth-kopfhoerer-21-stunden-akkulaufzeit-klang-in-studioqualitaet-klare-anrufe-langlebige-qualitaet-geringes-gewicht-steuer\/","url_meta":{"origin":8962,"position":4},"title":"Shure AONIC Free True Wireless Earbuds, klangisolierende kabellose Bluetooth-Kopfh\u00f6rer, 21 Stunden Akkulaufzeit, Klang in Studioqualit\u00e4t, klare Anrufe, langlebige Qualit\u00e4t, geringes Gewicht, Steuerung mit den Fingerspitzen","date":"March 18, 2026","format":false,"excerpt":"Hinweis : Wenn die Gr\u00f6\u00dfe der Ohrst\u00f6psel nicht mit der Gr\u00f6\u00dfe Ihrer Geh\u00f6rg\u00e4nge \u00fcbereinstimmt oder das Headset nicht richtig in Ihren Ohren getragen wird, erhalten Sie m\u00f6glicherweise nicht die richtige Klangqualit\u00e4t oder Anrufleistung. Tauschen Sie die Ohrst\u00f6psel gegen solche aus, die besser in Ihrem Ohr sitzen. Klare, tiefe B\u00e4sse, STUDIO-Klangqualit\u00e4t\u2026","rel":"","context":"Similar post","img":{"alt_text":"","src":"https:\/\/i0.wp.com\/anythingtechnicallc.com\/wp-content\/uploads\/2024\/09\/Shure-Aonic-Free-scaled.jpg?fit=1200%2C675&ssl=1&resize=350%2C200","width":350,"height":200},"classes":[]},{"id":9599,"url":"https:\/\/anythingtechnicallc.com\/index.php\/de\/product\/renewed-bose-quietcomfort-bluetooth-earbuds-true-wireless-earbuds-mit-aktiver-geraeuschunterdrueckung-und-mikrofon-tiefer-bass-ipx4-bewertung-bis-zu-85-stunden-spielzeit-schwarz\/","url_meta":{"origin":8962,"position":5},"title":"Renewed Bose QuietComfort Bluetooth Earbuds, True Wireless Earbuds mit aktiver Ger\u00e4uschunterdr\u00fcckung und Mikrofon, tiefer Bass, IPX4 Bewertung, bis zu 8,5 Stunden Spielzeit, Schwarz","date":"March 24, 2026","format":false,"excerpt":"TON OHNE KOMPROMISS: Nutzen Sie den Tag auf Ihre Weise und trotzen Sie den Ablenkungen mit diesen kabellosen Bluetooth-Kopfh\u00f6rern mit weltbekannter Ger\u00e4uschunterdr\u00fcckung f\u00fcr ein H\u00f6rerlebnis, das den Alltag zu einem Epos macht. LEISTUNGSSTARKES, BEW\u00c4HRTES AUDIO: Diese kabellosen Bluetooth-Kopfh\u00f6rer mit IPX4-Klassifizierung bieten eine bemerkenswerte Klangqualit\u00e4t f\u00fcr ein befriedigendes H\u00f6rerlebnis, das genau\u2026","rel":"","context":"Similar post","img":{"alt_text":"","src":"https:\/\/i0.wp.com\/anythingtechnicallc.com\/wp-content\/uploads\/2025\/10\/61qIEvCy6L._AC_SL1500_.jpg?fit=1200%2C1146&ssl=1&resize=350%2C200","width":350,"height":200},"classes":[]}],"pll_sync_post":[],"lang":"de","translations":{"de":8962,"en":5243},"_links":{"self":[{"href":"https:\/\/anythingtechnicallc.com\/index.php\/wp-json\/wp\/v2\/product\/8962","targetHints":{"allow":["GET"]}}],"collection":[{"href":"https:\/\/anythingtechnicallc.com\/index.php\/wp-json\/wp\/v2\/product"}],"about":[{"href":"https:\/\/anythingtechnicallc.com\/index.php\/wp-json\/wp\/v2\/types\/product"}],"replies":[{"embeddable":true,"href":"https:\/\/anythingtechnicallc.com\/index.php\/wp-json\/wp\/v2\/comments?post=8962"}],"wp:featuredmedia":[{"embeddable":true,"href":"https:\/\/anythingtechnicallc.com\/index.php\/wp-json\/wp\/v2\/media\/8961"}],"wp:attachment":[{"href":"https:\/\/anythingtechnicallc.com\/index.php\/wp-json\/wp\/v2\/media?parent=8962"}],"wp:term":[{"taxonomy":"product_brand","embeddable":true,"href":"https:\/\/anythingtechnicallc.com\/index.php\/wp-json\/wp\/v2\/product_brand?post=8962"},{"taxonomy":"product_cat","embeddable":true,"href":"https:\/\/anythingtechnicallc.com\/index.php\/wp-json\/wp\/v2\/product_cat?post=8962"},{"taxonomy":"product_tag","embeddable":true,"href":"https:\/\/anythingtechnicallc.com\/index.php\/wp-json\/wp\/v2\/product_tag?post=8962"}],"curies":[{"name":"wp","href":"https:\/\/api.w.org\/{rel}","templated":true}]}}