{"id":8964,"date":"2026-03-18T14:31:05","date_gmt":"2026-03-18T14:31:05","guid":{"rendered":"https:\/\/anythingtechnicallc.com\/?post_type=product&#038;p=8964"},"modified":"2026-03-19T09:25:34","modified_gmt":"2026-03-19T09:25:34","slug":"jbl-tune-770nc-adaptive-geraeuschunterdrueckung-mit-intelligenter-umgebungsgeraeuschunterdrueckung-kabelloser-over-ear-kopfhoerer-bluetooth-5-3-bis-zu-70-stunden-akkulaufzeit-mit-schnellladung-l","status":"publish","type":"product","link":"https:\/\/anythingtechnicallc.com\/index.php\/de\/product\/jbl-tune-770nc-adaptive-geraeuschunterdrueckung-mit-intelligenter-umgebungsgeraeuschunterdrueckung-kabelloser-over-ear-kopfhoerer-bluetooth-5-3-bis-zu-70-stunden-akkulaufzeit-mit-schnellladung-l\/","title":{"rendered":"JBL TUNE 770NC &#8211; Adaptive Ger\u00e4uschunterdr\u00fcckung mit intelligenter Umgebungsger\u00e4uschunterdr\u00fcckung, kabelloser Over-Ear-Kopfh\u00f6rer, Bluetooth 5.3, bis zu 70 Stunden Akkulaufzeit mit Schnellladung, leichtes, komfortables &#038; faltbares Design (Schwarz)"},"content":{"rendered":"<ul class=\"a-unordered-list a-vertical a-spacing-mini\">\n<li class=\"a-spacing-mini\"><span class=\"a-list-item\">Adaptive Ger\u00e4uschunterdr\u00fcckung mit Smart Ambient: Adaptive Ger\u00e4uschunterdr\u00fcckung bedeutet keine Ablenkung, egal ob Sie lernen oder sich in der Musik verlieren. Wenn Sie die Welt um sich herum h\u00f6ren m\u00f6chten, aktivieren Sie Ambient Aware und TalkThru in der JBL Headphones App.<\/span><\/li>\n<li class=\"a-spacing-mini\"><span class=\"a-list-item\">Bluetooth 5.3 mit LE Audio: \u00dcbertragen Sie kabellos hochwertigen JBL Pure Bass Sound. W\u00e4hlen Sie in der JBL Headphones App den Audiomodus f\u00fcr die beste Klangqualit\u00e4t oder den Videomodus, um sicherzustellen, dass Ton und Bild Ihres Films\/Spiels synchronisiert sind. *Verf\u00fcgbar \u00fcber OTA-Update<\/span><\/li>\n<li class=\"a-spacing-mini\"><span class=\"a-list-item\">JBL Reiner Bass-Sound: Die JBL Tune 770NC Kopfh\u00f6rer verf\u00fcgen \u00fcber den renommierten JBL Pure Bass Sound &#8211; derselbe, der auch die ber\u00fchmtesten Musikveranstaltungen auf der ganzen Welt beschallt.<\/span><\/li>\n<li class=\"a-spacing-mini\"><span class=\"a-list-item\">Passen Sie Ihr H\u00f6rerlebnis an: Laden Sie die kostenlose JBL Headphones App herunter und passen Sie den Klang an Ihren Geschmack an, indem Sie einen der voreingestellten EQ-Modi w\u00e4hlen oder die EQ-Kurve nach Ihren Inhalten, Ihrem Stil und Ihrem Geschmack anpassen.<\/span><\/li>\n<li class=\"a-spacing-mini\"><span class=\"a-list-item\">Freih\u00e4ndige Anrufe mit VoiceAware: Mit den praktischen Tasten an der Ohrmuschel k\u00f6nnen Sie Ihren Sound ganz einfach steuern und Ihre Anrufe von Ihrem Kopfh\u00f6rer aus verwalten. H\u00f6ren Sie Ihre Stimme, w\u00e4hrend Sie sprechen, mit Hilfe von VoiceAware.<\/span><\/li>\n<\/ul>\n","protected":false},"excerpt":{"rendered":"<ul class=\"a-unordered-list a-vertical a-spacing-mini\">\n<li class=\"a-spacing-mini\"><span class=\"a-list-item\">Adaptive Ger\u00e4uschunterdr\u00fcckung mit Smart Ambient: Adaptive Ger\u00e4uschunterdr\u00fcckung bedeutet keine Ablenkung, egal ob Sie lernen oder sich in der Musik verlieren. Wenn Sie die Welt um sich herum h\u00f6ren m\u00f6chten, aktivieren Sie Ambient Aware und TalkThru in der JBL Headphones App.<\/span><\/li>\n<li class=\"a-spacing-mini\"><span class=\"a-list-item\">Bluetooth 5.3 mit LE Audio: \u00dcbertragen Sie kabellos hochwertigen JBL Pure Bass Sound. W\u00e4hlen Sie in der JBL Headphones App den Audiomodus f\u00fcr die beste Klangqualit\u00e4t oder den Videomodus, um sicherzustellen, dass Ton und Bild Ihres Films\/Spiels synchronisiert sind. *Verf\u00fcgbar \u00fcber OTA-Update<\/span><\/li>\n<li class=\"a-spacing-mini\"><span class=\"a-list-item\">JBL Reiner Bass-Sound: Die JBL Tune 770NC Kopfh\u00f6rer verf\u00fcgen \u00fcber den renommierten JBL Pure Bass Sound &#8211; derselbe, der auch die ber\u00fchmtesten Musikveranstaltungen auf der ganzen Welt beschallt.<\/span><\/li>\n<li class=\"a-spacing-mini\"><span class=\"a-list-item\">Passen Sie Ihr H\u00f6rerlebnis an: Laden Sie die kostenlose JBL Headphones App herunter und passen Sie den Klang an Ihren Geschmack an, indem Sie einen der voreingestellten EQ-Modi w\u00e4hlen oder die EQ-Kurve nach Ihren Inhalten, Ihrem Stil und Ihrem Geschmack anpassen.<\/span><\/li>\n<li class=\"a-spacing-mini\"><span class=\"a-list-item\">Freih\u00e4ndige Anrufe mit VoiceAware: Mit den praktischen Tasten an der Ohrmuschel k\u00f6nnen Sie Ihren Sound ganz einfach steuern und Ihre Anrufe von Ihrem Kopfh\u00f6rer aus verwalten. H\u00f6ren Sie Ihre Stimme, w\u00e4hrend Sie sprechen, mit Hilfe von VoiceAware.<\/span><\/li>\n<\/ul>\n","protected":false},"featured_media":8961,"comment_status":"open","ping_status":"closed","template":"","meta":{"_et_pb_use_builder":"","_et_pb_old_content":"","_et_gb_content_width":""},"product_brand":[],"product_cat":[703,1578],"product_tag":[],"class_list":{"0":"post-8964","1":"product","2":"type-product","3":"status-publish","4":"has-post-thumbnail","6":"product_cat-uncategorized-de","7":"product_cat-headset","9":"first","10":"instock","11":"sale","12":"taxable","13":"shipping-taxable","14":"purchasable","15":"product-type-simple"},"exclude_global_add_ons":[],"addons":[],"jetpack-related-posts":[{"id":8967,"url":"https:\/\/anythingtechnicallc.com\/index.php\/de\/product\/jbl-live-660nc-kabelloser-over-ear-kopfhoerer-mit-geraeuschunterdrueckung-ausdauerndem-akku-und-sprachassistent-schwarz-medium\/","url_meta":{"origin":8964,"position":0},"title":"JBL Live 660NC &#8211; Kabelloser Over-Ear-Kopfh\u00f6rer mit Ger\u00e4uschunterdr\u00fcckung, ausdauerndem Akku und Sprachassistent &#8211; Schwarz, Medium","date":"March 18, 2026","format":false,"excerpt":"Der kabellose Kopfh\u00f6rer JBL Live 660NC verf\u00fcgt \u00fcber 40-mm-Treiber und eine Klangsignatur, die in den ber\u00fchmtesten Veranstaltungsorten auf der ganzen Welt zu finden ist. Halten Sie den L\u00e4rm fern und konzentrieren Sie sich auf die Musik mit der adaptiven Ger\u00e4uschunterdr\u00fcckung dieser Bluetooth-Kopfh\u00f6rer. Die Ambient Aware Technologie erm\u00f6glicht es Ihnen, sicher\u2026","rel":"","context":"Similar post","img":{"alt_text":"","src":"https:\/\/i0.wp.com\/anythingtechnicallc.com\/wp-content\/uploads\/2024\/09\/61cjF3Y4pwL._AC_SL1500_.jpg?fit=981%2C1164&ssl=1&resize=350%2C200","width":350,"height":200},"classes":[]},{"id":8962,"url":"https:\/\/anythingtechnicallc.com\/index.php\/de\/product\/jbl-tune-720bt-kabellose-over-ear-kopfhoerer-mit-jbl-pure-bass-sound-bluetooth-5-3-bis-zu-76-stunden-akkulaufzeit-und-schnellladefunktion-leichtes-komfortables-und-faltbares-design-schwarz\/","url_meta":{"origin":8964,"position":1},"title":"JBL Tune 720BT &#8211; Kabellose Over-Ear-Kopfh\u00f6rer mit JBL Pure Bass Sound, Bluetooth 5.3, bis zu 76 Stunden Akkulaufzeit und Schnellladefunktion, leichtes, komfortables und faltbares Design (Schwarz)","date":"March 18, 2026","format":false,"excerpt":"JBL Pure Bass Sound: Der JBL Tune 720BT verf\u00fcgt \u00fcber den renommierten JBL Pure Bass Sound, dieselbe Technologie, die in den ber\u00fchmtesten Veranstaltungsorten auf der ganzen Welt zum Einsatz kommt. Kabellose Bluetooth 5.3 Technologie: \u00dcbertragen Sie mit Hilfe der neuesten Bluetooth-Technologie kabellos und ohne l\u00e4stige Kabel hochwertigen Sound von Ihrem\u2026","rel":"","context":"Similar post","img":{"alt_text":"","src":"https:\/\/i0.wp.com\/anythingtechnicallc.com\/wp-content\/uploads\/2024\/09\/61EL2AKKcBL._AC_SL1500_.jpg?fit=1056%2C1200&ssl=1&resize=350%2C200","width":350,"height":200},"classes":[]},{"id":9683,"url":"https:\/\/anythingtechnicallc.com\/index.php\/de\/product\/bose-quietcomfort-ultra-wireless-noise-cancelling-headphones-mit-spatial-audio-over-the-ear-kopfhoerer-mit-mikrofon-bis-zu-24-stunden-akkulaufzeit-white-smoke-renewed\/","url_meta":{"origin":8964,"position":2},"title":"Bose QuietComfort Ultra Wireless Noise Cancelling Headphones mit Spatial Audio, Over-The-Ear-Kopfh\u00f6rer mit Mikrofon, bis zu 24 Stunden Akkulaufzeit, White Smoke (Renewed)","date":"March 24, 2026","format":false,"excerpt":"LEVELED-UP LISTENING: Die Bose QuietComfort Ultra Headphones mit Spatial Audio bieten Ihnen ein immersives Erlebnis, bei dem sich Musik noch realer anf\u00fchlt; die CustomTune Technologie bietet Ihnen einen personalisierten, auf Sie zugeschnittenen Klang. GER\u00c4USCHUNTERDR\u00dcCKUNG DER WELTKLASSE: Diese Kopfh\u00f6rer mit Ger\u00e4uschunterdr\u00fcckung verf\u00fcgen \u00fcber den Quiet Mode, den Aware Mode und den\u2026","rel":"","context":"Similar post","img":{"alt_text":"","src":"https:\/\/i0.wp.com\/anythingtechnicallc.com\/wp-content\/uploads\/2026\/01\/Bose-QuietComfort-Ultra-White-Smoke.jpg?fit=1200%2C1200&ssl=1&resize=350%2C200","width":350,"height":200},"classes":[]},{"id":9365,"url":"https:\/\/anythingtechnicallc.com\/index.php\/de\/product\/renewed-bose-quietcomfort-qc45-bluetooth-kopfhoerer-kabellose-kopfhoerer-mit-aktiver-geraeuschunterdrueckung-ueber-dem-ohr-und-mikrofon-tiefer-bass-bis-zu-24-stunden-spielzeit-schwarz\/","url_meta":{"origin":8964,"position":3},"title":"Renewed Bose QuietComfort QC45 Bluetooth Kopfh\u00f6rer, kabellose Kopfh\u00f6rer mit aktiver Ger\u00e4uschunterdr\u00fcckung \u00fcber dem Ohr und Mikrofon, tiefer Bass, bis zu 24 Stunden Spielzeit, Schwarz","date":"March 19, 2026","format":false,"excerpt":"GER\u00c4USCHUNTERDR\u00dcCKENDE KOPFH\u00d6RER: Kombinieren Sie die Ger\u00e4uschunterdr\u00fcckungstechnologie m\u00fchelos mit passiven Funktionen, damit Sie die Au\u00dfenwelt abschalten, Ablenkungen ausblenden und Musik \u00fcber den Beat hinaus genie\u00dfen k\u00f6nnen. KOMFORTABLER KOPFH\u00d6RER: Pl\u00fcschige Ohrmuschelpolster schmiegen sich sanft an Ihre Ohren, w\u00e4hrend ein sicheres und bequemes gepolstertes Band Ihre Over-Ear-Kopfh\u00f6rer bei besonders langen H\u00f6rsessions sanft in\u2026","rel":"","context":"Similar post","img":{"alt_text":"","src":"https:\/\/i0.wp.com\/anythingtechnicallc.com\/wp-content\/uploads\/2025\/08\/51f7KKP25PL._AC_SL1000_.jpg?fit=669%2C885&ssl=1&resize=350%2C200","width":350,"height":200},"classes":[]},{"id":9599,"url":"https:\/\/anythingtechnicallc.com\/index.php\/de\/product\/renewed-bose-quietcomfort-bluetooth-earbuds-true-wireless-earbuds-mit-aktiver-geraeuschunterdrueckung-und-mikrofon-tiefer-bass-ipx4-bewertung-bis-zu-85-stunden-spielzeit-schwarz\/","url_meta":{"origin":8964,"position":4},"title":"Renewed Bose QuietComfort Bluetooth Earbuds, True Wireless Earbuds mit aktiver Ger\u00e4uschunterdr\u00fcckung und Mikrofon, tiefer Bass, IPX4 Bewertung, bis zu 8,5 Stunden Spielzeit, Schwarz","date":"March 24, 2026","format":false,"excerpt":"TON OHNE KOMPROMISS: Nutzen Sie den Tag auf Ihre Weise und trotzen Sie den Ablenkungen mit diesen kabellosen Bluetooth-Kopfh\u00f6rern mit weltbekannter Ger\u00e4uschunterdr\u00fcckung f\u00fcr ein H\u00f6rerlebnis, das den Alltag zu einem Epos macht. LEISTUNGSSTARKES, BEW\u00c4HRTES AUDIO: Diese kabellosen Bluetooth-Kopfh\u00f6rer mit IPX4-Klassifizierung bieten eine bemerkenswerte Klangqualit\u00e4t f\u00fcr ein befriedigendes H\u00f6rerlebnis, das genau\u2026","rel":"","context":"Similar post","img":{"alt_text":"","src":"https:\/\/i0.wp.com\/anythingtechnicallc.com\/wp-content\/uploads\/2025\/10\/61qIEvCy6L._AC_SL1500_.jpg?fit=1200%2C1146&ssl=1&resize=350%2C200","width":350,"height":200},"classes":[]},{"id":9315,"url":"https:\/\/anythingtechnicallc.com\/index.php\/de\/product\/renewed-sennheiser-momentum-4-wireless-headphones-bluetooth-kopfhoerer-fuer-kristallklare-anrufe-mit-adaptiver-geraeuschunterdrueckung-60-stunden-akkulaufzeit-leichtes-faltbares-design-schwarz\/","url_meta":{"origin":8964,"position":5},"title":"Renewed Sennheiser MOMENTUM 4 Wireless Headphones &#8211; Bluetooth-Kopfh\u00f6rer f\u00fcr kristallklare Anrufe mit adaptiver Ger\u00e4uschunterdr\u00fcckung, 60 Stunden Akkulaufzeit, leichtes, faltbares Design, Schwarz","date":"March 19, 2026","format":false,"excerpt":"Firmware und Software aktualisiert: Genie\u00dfen Sie ein reibungsloseres und zuverl\u00e4ssigeres Benutzererlebnis, einschlie\u00dflich eines ANC-Ausschalters in der Smart Control Plus App und eines dauerhaften Aus-Schalters f\u00fcr das Touchpad. Maximale Audioaufl\u00f6sung mit Sennheiser Signature Sound: Genie\u00dfen Sie den ganzen Tag lang erstklassige Musikqualit\u00e4t dank des audiophilen 42-mm-Wandlersystems des Kopfh\u00f6rers und aptX Adaptive.\u2026","rel":"","context":"Similar post","img":{"alt_text":"","src":"https:\/\/i0.wp.com\/anythingtechnicallc.com\/wp-content\/uploads\/2025\/07\/7164xC2wL._AC_SL1500_.jpg?fit=874%2C1200&ssl=1&resize=350%2C200","width":350,"height":200},"classes":[]}],"pll_sync_post":[],"lang":"de","translations":{"de":8964,"en":5246},"_links":{"self":[{"href":"https:\/\/anythingtechnicallc.com\/index.php\/wp-json\/wp\/v2\/product\/8964","targetHints":{"allow":["GET"]}}],"collection":[{"href":"https:\/\/anythingtechnicallc.com\/index.php\/wp-json\/wp\/v2\/product"}],"about":[{"href":"https:\/\/anythingtechnicallc.com\/index.php\/wp-json\/wp\/v2\/types\/product"}],"replies":[{"embeddable":true,"href":"https:\/\/anythingtechnicallc.com\/index.php\/wp-json\/wp\/v2\/comments?post=8964"}],"wp:featuredmedia":[{"embeddable":true,"href":"https:\/\/anythingtechnicallc.com\/index.php\/wp-json\/wp\/v2\/media\/8961"}],"wp:attachment":[{"href":"https:\/\/anythingtechnicallc.com\/index.php\/wp-json\/wp\/v2\/media?parent=8964"}],"wp:term":[{"taxonomy":"product_brand","embeddable":true,"href":"https:\/\/anythingtechnicallc.com\/index.php\/wp-json\/wp\/v2\/product_brand?post=8964"},{"taxonomy":"product_cat","embeddable":true,"href":"https:\/\/anythingtechnicallc.com\/index.php\/wp-json\/wp\/v2\/product_cat?post=8964"},{"taxonomy":"product_tag","embeddable":true,"href":"https:\/\/anythingtechnicallc.com\/index.php\/wp-json\/wp\/v2\/product_tag?post=8964"}],"curies":[{"name":"wp","href":"https:\/\/api.w.org\/{rel}","templated":true}]}}