{"id":8976,"date":"2026-03-18T14:34:47","date_gmt":"2026-03-18T14:34:47","guid":{"rendered":"https:\/\/anythingtechnicallc.com\/?post_type=product&#038;p=8976"},"modified":"2026-03-19T09:25:34","modified_gmt":"2026-03-19T09:25:34","slug":"philips-audio-shp9500-hifi-praezisions-stereo-ohr-kopfhoerer-schwarz","status":"publish","type":"product","link":"https:\/\/anythingtechnicallc.com\/index.php\/de\/product\/philips-audio-shp9500-hifi-praezisions-stereo-ohr-kopfhoerer-schwarz\/","title":{"rendered":"Philips Audio SHP9500 HiFi-Pr\u00e4zisions-Stereo-Ohr-Kopfh\u00f6rer (Schwarz)"},"content":{"rendered":"<p class=\"a-spacing-base\">Mit mehr als 50 Jahren Erfahrung in der Kopfh\u00f6rerakustik sind wir stets bestrebt, hohe Standards in Bezug auf Klang und ergonomische Leistung zu gew\u00e4hrleisten. Deshalb arbeiten wir kontinuierlich an der Verbesserung und Innovation unserer Produkte und integrieren Ihre Vorlieben und Erfahrungen in unsere charakteristischen Designs.<\/p>\n<div class=\"amp-centerthirdcol-listbox\">\n<div class=\"a-box a-spacing-small a-color-alternate-background apm-listbox amp-centerthirdcol-listbox\">\n<div class=\"a-box-inner\">\n<div id=\"featurebullets_feature_div\" class=\"celwidget\" data-feature-name=\"featurebullets\" data-csa-c-type=\"widget\" data-csa-c-content-id=\"featurebullets\" data-csa-c-slot-id=\"featurebullets_feature_div\" data-csa-c-asin=\"B00ENMK1DW\" data-csa-c-is-in-initial-active-row=\"false\" data-csa-c-id=\"mtlkrt-4h0ejx-8suoqj-4sf6pw\">\n<div id=\"feature-bullets\" class=\"a-section a-spacing-medium a-spacing-top-small\">\n<ul class=\"a-unordered-list a-vertical a-spacing-mini\">\n<li class=\"a-spacing-mini\"><span class=\"a-list-item\">50-mm-Neodym-Treiber liefern das gesamte Klangspektrum.<\/span><\/li>\n<li class=\"a-spacing-mini\"><span class=\"a-list-item\">Das 1,5 m lange Kabel bietet Ihnen Bewegungsfreiheit f\u00fcr den Gebrauch in Innenr\u00e4umen.<\/span><\/li>\n<li class=\"a-spacing-mini\"><span class=\"a-list-item\">Bequemes, doppellagiges Kopfb\u00fcgelpolster, atmungsaktive Ohrpolster f\u00fcr l\u00e4ngeren Tragekomfort.<\/span><\/li>\n<li class=\"a-spacing-mini\"><span class=\"a-list-item\">Verarbeitung des Steckers: vergoldet, Akustiksystem: offen, Magnetart: Neodym.<\/span><\/li>\n<\/ul>\n<\/div>\n<\/div>\n<div id=\"acf-carousel_feature_div\" class=\"celwidget\" data-feature-name=\"acf-carousel\" data-csa-c-type=\"widget\" data-csa-c-content-id=\"acf-carousel\" data-csa-c-slot-id=\"acf-carousel_feature_div\" data-csa-c-asin=\"B00ENMK1DW\" data-csa-c-is-in-initial-active-row=\"false\" data-csa-c-id=\"w8exvv-9a7jwo-2gfakk-r2q1lc\"><\/div>\n<div id=\"provenanceCertifications_feature_div\" class=\"celwidget\" data-feature-name=\"provenanceCertifications\" data-csa-c-type=\"widget\" data-csa-c-content-id=\"provenanceCertifications\" data-csa-c-slot-id=\"provenanceCertifications_feature_div\" data-csa-c-asin=\"B00ENMK1DW\" data-csa-c-is-in-initial-active-row=\"false\" data-csa-c-id=\"eda4za-967iu3-fw5w7q-r1fuhb\"><\/div>\n<div id=\"handmadeArtisanCard_feature_div\" class=\"celwidget\" data-feature-name=\"handmadeArtisanCard\" data-csa-c-type=\"widget\" data-csa-c-content-id=\"handmadeArtisanCard\" data-csa-c-slot-id=\"handmadeArtisanCard_feature_div\" data-csa-c-asin=\"B00ENMK1DW\" data-csa-c-is-in-initial-active-row=\"false\" data-csa-c-id=\"jeuk7a-t0ommx-wc5met-3iquqp\"><\/div>\n<div id=\"billOfMaterial_feature_div\" class=\"celwidget\" data-feature-name=\"billOfMaterial\" data-csa-c-type=\"widget\" data-csa-c-content-id=\"billOfMaterial\" data-csa-c-slot-id=\"billOfMaterial_feature_div\" data-csa-c-asin=\"B00ENMK1DW\" data-csa-c-is-in-initial-active-row=\"false\" data-csa-c-id=\"olwips-xu7vl1-7irv5i-fk8dkl\"><\/div>\n<div id=\"globalStoreInfoBullets_feature_div\" class=\"celwidget\" data-feature-name=\"globalStoreInfoBullets\" data-csa-c-type=\"widget\" data-csa-c-content-id=\"globalStoreInfoBullets\" data-csa-c-slot-id=\"globalStoreInfoBullets_feature_div\" data-csa-c-asin=\"B00ENMK1DW\" data-csa-c-is-in-initial-active-row=\"false\" data-csa-c-id=\"jwmddk-d43d5p-ony5k1-qgq1f2\"><\/div>\n<div id=\"addOnItem_feature_div\" class=\"celwidget\" data-feature-name=\"addOnItem\" data-csa-c-type=\"widget\" data-csa-c-content-id=\"addOnItem\" data-csa-c-slot-id=\"addOnItem_feature_div\" data-csa-c-asin=\"B00ENMK1DW\" data-csa-c-is-in-initial-active-row=\"false\" data-csa-c-id=\"67olwe-8r1jro-rx06oq-l0yf8e\"><\/div>\n<div id=\"giftcard-holiday-availability-messaging_feature_div\" class=\"celwidget\" data-feature-name=\"giftCardHolidayAvailabilityMessaging\" data-csa-c-type=\"widget\" data-csa-c-content-id=\"giftCardHolidayAvailabilityMessaging\" data-csa-c-slot-id=\"giftcard-holiday-availability-messaging_feature_div\" data-csa-c-asin=\"B00ENMK1DW\" data-csa-c-is-in-initial-active-row=\"false\" data-csa-c-id=\"8jb42t-qgwg6k-si8jf1-avdrk1\"><\/div>\n<div id=\"andonCord_feature_div\" class=\"celwidget\" data-feature-name=\"andonCord\" data-csa-c-type=\"widget\" data-csa-c-content-id=\"andonCord\" data-csa-c-slot-id=\"andonCord_feature_div\" data-csa-c-asin=\"B00ENMK1DW\" data-csa-c-is-in-initial-active-row=\"false\" data-csa-c-id=\"voxht4-uogy9g-snnzgu-1vmihs\"><\/div>\n<div id=\"olp_feature_div\" class=\"celwidget\" data-feature-name=\"olp\" data-csa-c-type=\"widget\" data-csa-c-content-id=\"olp\" data-csa-c-slot-id=\"olp_feature_div\" data-csa-c-asin=\"B00ENMK1DW\" data-csa-c-is-in-initial-active-row=\"false\" data-csa-c-id=\"k7cvo2-93bk10-9mc7l8-iqs9s5\"><\/div>\n<\/div>\n<\/div>\n<\/div>\n","protected":false},"excerpt":{"rendered":"<p class=\"a-spacing-base\">Mit mehr als 50 Jahren Erfahrung in der Kopfh\u00f6rerakustik sind wir stets bestrebt, hohe Standards in Bezug auf Klang und ergonomische Leistung zu gew\u00e4hrleisten. Deshalb arbeiten wir kontinuierlich an der Verbesserung und Innovation unserer Produkte und integrieren Ihre Vorlieben und Erfahrungen in unsere charakteristischen Designs.<\/p>\n<div class=\"amp-centerthirdcol-listbox\">\n<div class=\"a-box a-spacing-small a-color-alternate-background apm-listbox amp-centerthirdcol-listbox\">\n<div class=\"a-box-inner\">\n<div id=\"featurebullets_feature_div\" class=\"celwidget\" data-feature-name=\"featurebullets\" data-csa-c-type=\"widget\" data-csa-c-content-id=\"featurebullets\" data-csa-c-slot-id=\"featurebullets_feature_div\" data-csa-c-asin=\"B00ENMK1DW\" data-csa-c-is-in-initial-active-row=\"false\" data-csa-c-id=\"mtlkrt-4h0ejx-8suoqj-4sf6pw\">\n<div id=\"feature-bullets\" class=\"a-section a-spacing-medium a-spacing-top-small\">\n<ul class=\"a-unordered-list a-vertical a-spacing-mini\">\n<li class=\"a-spacing-mini\"><span class=\"a-list-item\">50-mm-Neodym-Treiber liefern das gesamte Klangspektrum.<\/span><\/li>\n<li class=\"a-spacing-mini\"><span class=\"a-list-item\">Das 1,5 m lange Kabel bietet Ihnen Bewegungsfreiheit f\u00fcr den Gebrauch in Innenr\u00e4umen.<\/span><\/li>\n<li class=\"a-spacing-mini\"><span class=\"a-list-item\">Bequemes, doppellagiges Kopfb\u00fcgelpolster, atmungsaktive Ohrpolster f\u00fcr l\u00e4ngeren Tragekomfort.<\/span><\/li>\n<li class=\"a-spacing-mini\"><span class=\"a-list-item\">Verarbeitung des Steckers: vergoldet, Akustiksystem: offen, Magnetart: Neodym.<\/span><\/li>\n<\/ul>\n<\/div>\n<\/div>\n<div id=\"acf-carousel_feature_div\" class=\"celwidget\" data-feature-name=\"acf-carousel\" data-csa-c-type=\"widget\" data-csa-c-content-id=\"acf-carousel\" data-csa-c-slot-id=\"acf-carousel_feature_div\" data-csa-c-asin=\"B00ENMK1DW\" data-csa-c-is-in-initial-active-row=\"false\" data-csa-c-id=\"w8exvv-9a7jwo-2gfakk-r2q1lc\"><\/div>\n<div id=\"provenanceCertifications_feature_div\" class=\"celwidget\" data-feature-name=\"provenanceCertifications\" data-csa-c-type=\"widget\" data-csa-c-content-id=\"provenanceCertifications\" data-csa-c-slot-id=\"provenanceCertifications_feature_div\" data-csa-c-asin=\"B00ENMK1DW\" data-csa-c-is-in-initial-active-row=\"false\" data-csa-c-id=\"eda4za-967iu3-fw5w7q-r1fuhb\"><\/div>\n<div id=\"handmadeArtisanCard_feature_div\" class=\"celwidget\" data-feature-name=\"handmadeArtisanCard\" data-csa-c-type=\"widget\" data-csa-c-content-id=\"handmadeArtisanCard\" data-csa-c-slot-id=\"handmadeArtisanCard_feature_div\" data-csa-c-asin=\"B00ENMK1DW\" data-csa-c-is-in-initial-active-row=\"false\" data-csa-c-id=\"jeuk7a-t0ommx-wc5met-3iquqp\"><\/div>\n<div id=\"billOfMaterial_feature_div\" class=\"celwidget\" data-feature-name=\"billOfMaterial\" data-csa-c-type=\"widget\" data-csa-c-content-id=\"billOfMaterial\" data-csa-c-slot-id=\"billOfMaterial_feature_div\" data-csa-c-asin=\"B00ENMK1DW\" data-csa-c-is-in-initial-active-row=\"false\" data-csa-c-id=\"olwips-xu7vl1-7irv5i-fk8dkl\"><\/div>\n<div id=\"globalStoreInfoBullets_feature_div\" class=\"celwidget\" data-feature-name=\"globalStoreInfoBullets\" data-csa-c-type=\"widget\" data-csa-c-content-id=\"globalStoreInfoBullets\" data-csa-c-slot-id=\"globalStoreInfoBullets_feature_div\" data-csa-c-asin=\"B00ENMK1DW\" data-csa-c-is-in-initial-active-row=\"false\" data-csa-c-id=\"jwmddk-d43d5p-ony5k1-qgq1f2\"><\/div>\n<div id=\"addOnItem_feature_div\" class=\"celwidget\" data-feature-name=\"addOnItem\" data-csa-c-type=\"widget\" data-csa-c-content-id=\"addOnItem\" data-csa-c-slot-id=\"addOnItem_feature_div\" data-csa-c-asin=\"B00ENMK1DW\" data-csa-c-is-in-initial-active-row=\"false\" data-csa-c-id=\"67olwe-8r1jro-rx06oq-l0yf8e\"><\/div>\n<div id=\"giftcard-holiday-availability-messaging_feature_div\" class=\"celwidget\" data-feature-name=\"giftCardHolidayAvailabilityMessaging\" data-csa-c-type=\"widget\" data-csa-c-content-id=\"giftCardHolidayAvailabilityMessaging\" data-csa-c-slot-id=\"giftcard-holiday-availability-messaging_feature_div\" data-csa-c-asin=\"B00ENMK1DW\" data-csa-c-is-in-initial-active-row=\"false\" data-csa-c-id=\"8jb42t-qgwg6k-si8jf1-avdrk1\"><\/div>\n<div id=\"andonCord_feature_div\" class=\"celwidget\" data-feature-name=\"andonCord\" data-csa-c-type=\"widget\" data-csa-c-content-id=\"andonCord\" data-csa-c-slot-id=\"andonCord_feature_div\" data-csa-c-asin=\"B00ENMK1DW\" data-csa-c-is-in-initial-active-row=\"false\" data-csa-c-id=\"voxht4-uogy9g-snnzgu-1vmihs\"><\/div>\n<div id=\"olp_feature_div\" class=\"celwidget\" data-feature-name=\"olp\" data-csa-c-type=\"widget\" data-csa-c-content-id=\"olp\" data-csa-c-slot-id=\"olp_feature_div\" data-csa-c-asin=\"B00ENMK1DW\" data-csa-c-is-in-initial-active-row=\"false\" data-csa-c-id=\"k7cvo2-93bk10-9mc7l8-iqs9s5\"><\/div>\n<\/div>\n<\/div>\n<\/div>\n","protected":false},"featured_media":8975,"comment_status":"open","ping_status":"closed","template":"","meta":{"_et_pb_use_builder":"","_et_pb_old_content":"","_et_gb_content_width":""},"product_brand":[],"product_cat":[703,1578],"product_tag":[],"class_list":{"0":"post-8976","1":"product","2":"type-product","3":"status-publish","4":"has-post-thumbnail","6":"product_cat-uncategorized-de","7":"product_cat-headset","9":"first","10":"instock","11":"sale","12":"taxable","13":"shipping-taxable","14":"purchasable","15":"product-type-simple"},"exclude_global_add_ons":[],"addons":[],"jetpack-related-posts":[{"id":8980,"url":"https:\/\/anythingtechnicallc.com\/index.php\/de\/product\/philips-fidelio-x2hr-over-the-ear-open-back-wired-headphone-50mm-drivers-schwarz-professioneller-studio-monitor-kopfhoerer-mit-abnehmbarem-kabel\/","url_meta":{"origin":8976,"position":0},"title":"PHILIPS Fidelio X2HR Over The Ear Open Back Wired Headphone 50mm Drivers- Schwarz Professioneller Studio Monitor Kopfh\u00f6rer mit abnehmbarem Kabel","date":"March 18, 2026","format":false,"excerpt":"Mit mehr als 50 Jahren Erfahrung in der Kopfh\u00f6rerakustik sind wir nach wie vor bestrebt, hohe Standards in Bezug auf Klang und Ergonomie zu gew\u00e4hrleisten. Deshalb arbeiten wir st\u00e4ndig an der Weiterentwicklung und Innovation unserer Produkte und integrieren Ihre Vorlieben und Erfahrungen in unsere charakteristischen Designs. Der Fidelio X2HR vereint\u2026","rel":"","context":"Similar post","img":{"alt_text":"","src":"https:\/\/i0.wp.com\/anythingtechnicallc.com\/wp-content\/uploads\/2024\/09\/51JL0AFHjfL._AC_SL1000_.jpg?fit=844%2C1000&ssl=1&resize=350%2C200","width":350,"height":200},"classes":[]},{"id":9074,"url":"https:\/\/anythingtechnicallc.com\/index.php\/de\/product\/bose-quiet-control-30-kabellose-kopfhoerer-mit-geraeuschunterdrueckung-schwarz-erneuert\/","url_meta":{"origin":8976,"position":1},"title":"Bose Quiet-control 30 Kabellose Kopfh\u00f6rer mit Ger\u00e4uschunterdr\u00fcckung &#8211; Schwarz (Erneuert)","date":"March 18, 2026","format":false,"excerpt":"Entscheiden Sie, wie viel von der Welt Sie hereinlassen wollen Sie k\u00f6nnen nicht kontrollieren, wie laut Ihre Umgebung ist. Aber Sie k\u00f6nnen kontrollieren, wie viel Sie davon h\u00f6ren. Mit den QuietControl 30 Ohrh\u00f6rern k\u00f6nnen Sie den Grad der Ger\u00e4uschunterdr\u00fcckung selbst bestimmen und erhalten bei jeder Lautst\u00e4rke eine ausgewogene Audioleistung. Der\u2026","rel":"","context":"Similar post","img":{"alt_text":"","src":"https:\/\/i0.wp.com\/anythingtechnicallc.com\/wp-content\/uploads\/2024\/10\/61o3xZihqcL._AC_SL1500_.jpg?fit=976%2C1200&ssl=1&resize=350%2C200","width":350,"height":200},"classes":[]},{"id":9726,"url":"https:\/\/anythingtechnicallc.com\/index.php\/de\/product\/bose-soundsport-wireless-earbuds-schweissfeste-bluetooth-kopfhoerer-fuer-laufen-und-sport-schwarz-erneuert\/","url_meta":{"origin":8976,"position":2},"title":"Bose SoundSport, Wireless Earbuds, (schwei\u00dffeste Bluetooth-Kopfh\u00f6rer f\u00fcr Laufen und Sport), Schwarz (erneuert)","date":"March 24, 2026","format":false,"excerpt":"Leistungsstarker Klang, der Sie in Bewegung h\u00e4lt, Wenn Sie ein anstrengendes Training absolvieren, m\u00fcssen die Ohrh\u00f6rer an ihrem Platz bleiben. Genau daf\u00fcr hat Bose die StayHear+ Sport-Aufs\u00e4tze entwickelt. Die Spitze ist in einer einzigartigen Form geformt, um eine sanfte Abdichtung am Eingang des Geh\u00f6rgangs zu schaffen und so die Audioleistung\u2026","rel":"","context":"Similar post","img":{"alt_text":"","src":"https:\/\/i0.wp.com\/anythingtechnicallc.com\/wp-content\/uploads\/2026\/02\/Bose-SoundSport.jpg?fit=901%2C1200&ssl=1&resize=350%2C200","width":350,"height":200},"classes":[]},{"id":9068,"url":"https:\/\/anythingtechnicallc.com\/index.php\/de\/product\/shure-aonic-free-true-wireless-earbuds-klangisolierende-kabellose-bluetooth-kopfhoerer-21-stunden-akkulaufzeit-klang-in-studioqualitaet-klare-anrufe-langlebige-qualitaet-geringes-gewicht-steuer\/","url_meta":{"origin":8976,"position":3},"title":"Shure AONIC Free True Wireless Earbuds, klangisolierende kabellose Bluetooth-Kopfh\u00f6rer, 21 Stunden Akkulaufzeit, Klang in Studioqualit\u00e4t, klare Anrufe, langlebige Qualit\u00e4t, geringes Gewicht, Steuerung mit den Fingerspitzen","date":"March 18, 2026","format":false,"excerpt":"Hinweis : Wenn die Gr\u00f6\u00dfe der Ohrst\u00f6psel nicht mit der Gr\u00f6\u00dfe Ihrer Geh\u00f6rg\u00e4nge \u00fcbereinstimmt oder das Headset nicht richtig in Ihren Ohren getragen wird, erhalten Sie m\u00f6glicherweise nicht die richtige Klangqualit\u00e4t oder Anrufleistung. Tauschen Sie die Ohrst\u00f6psel gegen solche aus, die besser in Ihrem Ohr sitzen. Klare, tiefe B\u00e4sse, STUDIO-Klangqualit\u00e4t\u2026","rel":"","context":"Similar post","img":{"alt_text":"","src":"https:\/\/i0.wp.com\/anythingtechnicallc.com\/wp-content\/uploads\/2024\/09\/Shure-Aonic-Free-scaled.jpg?fit=1200%2C675&ssl=1&resize=350%2C200","width":350,"height":200},"classes":[]},{"id":9053,"url":"https:\/\/anythingtechnicallc.com\/index.php\/de\/product\/gebrauchter-kabelgebundener-shure-srh840a-over-ear-kopfhoerer-fuer-kritisches-abhoeren-und-monitoring-professionelles-headset-angepasster-frequenzgang-hervorragender-detaillierter-klang-verstellb\/","url_meta":{"origin":8976,"position":4},"title":"Gebrauchter kabelgebundener Shure SRH840A Over-Ear-Kopfh\u00f6rer f\u00fcr kritisches Abh\u00f6ren und Monitoring, professionelles Headset, angepasster Frequenzgang, hervorragender, detaillierter Klang, verstellbares und zusammenklappbares Design","date":"March 18, 2026","format":false,"excerpt":"NEUE & VERBESSERTE EIGENSCHAFTEN - Der neue SRH840A Critical Listening and Monitoring Professional Headphones wurde auf der gleichen Grundlage wie der SRH840 entwickelt und bietet erstklassigen, detaillierten Klang sowie ein neues Design und verbesserte Funktionen gegen\u00fcber dem alten SRH840. PREMIUM DETAILED SOUND - Erstklassiger, detaillierter Klang mit geringster harmonischer Verzerrung.\u2026","rel":"","context":"Similar post","img":{"alt_text":"","src":"https:\/\/i0.wp.com\/anythingtechnicallc.com\/wp-content\/uploads\/2024\/09\/71gG4pvy-VL._AC_SL1500_.jpg?fit=703%2C1200&ssl=1&resize=350%2C200","width":350,"height":200},"classes":[]},{"id":8943,"url":"https:\/\/anythingtechnicallc.com\/index.php\/de\/product\/jlab-jbuds-air-anc-true-wireless-bluetooth-earbuds-schwarz-aktive-geraeuschunterdrueckung-low-latency-movie-mode-dual-connect-ip55-schweissresistenz-custom-3-eq-sound-setting\/","url_meta":{"origin":8976,"position":5},"title":"JLab JBuds Air ANC True Wireless Bluetooth Earbuds, Schwarz, Aktive Ger\u00e4uschunterdr\u00fcckung, Low Latency Movie Mode, Dual Connect, IP55 Schwei\u00dfresistenz, Custom 3 EQ Sound Setting","date":"March 18, 2026","format":false,"excerpt":"\ud83d\udd0b L\u00c4NGERE BATTERIENLEBENSDAUER: JBuds Air ANC bietet mehr als 10 Stunden kabellose Wiedergabezeit in jedem Ohrh\u00f6rer und mehr als 30 Stunden in der Ladeh\u00fclle. Das sind insgesamt 40+ Stunden Bluetooth 5.2-Wiedergabezeit. Und wenn Sie ANC verwenden, um noch mehr abzuschalten, erhalten Sie 24+ Stunden ANC-Wiedergabezeit. \ud83e\udde0\ud83d\udd07 SMART ACTIVE NOISE CANCELLATION:\u2026","rel":"","context":"Similar post","img":{"alt_text":"","src":"https:\/\/i0.wp.com\/anythingtechnicallc.com\/wp-content\/uploads\/2024\/09\/71V-89-sOoL._AC_SL1500_.jpg?fit=1200%2C1185&ssl=1&resize=350%2C200","width":350,"height":200},"classes":[]}],"pll_sync_post":[],"lang":"de","translations":{"de":8976,"en":5253},"_links":{"self":[{"href":"https:\/\/anythingtechnicallc.com\/index.php\/wp-json\/wp\/v2\/product\/8976","targetHints":{"allow":["GET"]}}],"collection":[{"href":"https:\/\/anythingtechnicallc.com\/index.php\/wp-json\/wp\/v2\/product"}],"about":[{"href":"https:\/\/anythingtechnicallc.com\/index.php\/wp-json\/wp\/v2\/types\/product"}],"replies":[{"embeddable":true,"href":"https:\/\/anythingtechnicallc.com\/index.php\/wp-json\/wp\/v2\/comments?post=8976"}],"wp:featuredmedia":[{"embeddable":true,"href":"https:\/\/anythingtechnicallc.com\/index.php\/wp-json\/wp\/v2\/media\/8975"}],"wp:attachment":[{"href":"https:\/\/anythingtechnicallc.com\/index.php\/wp-json\/wp\/v2\/media?parent=8976"}],"wp:term":[{"taxonomy":"product_brand","embeddable":true,"href":"https:\/\/anythingtechnicallc.com\/index.php\/wp-json\/wp\/v2\/product_brand?post=8976"},{"taxonomy":"product_cat","embeddable":true,"href":"https:\/\/anythingtechnicallc.com\/index.php\/wp-json\/wp\/v2\/product_cat?post=8976"},{"taxonomy":"product_tag","embeddable":true,"href":"https:\/\/anythingtechnicallc.com\/index.php\/wp-json\/wp\/v2\/product_tag?post=8976"}],"curies":[{"name":"wp","href":"https:\/\/api.w.org\/{rel}","templated":true}]}}