{"id":8986,"date":"2026-03-18T14:38:13","date_gmt":"2026-03-18T14:38:13","guid":{"rendered":"https:\/\/anythingtechnicallc.com\/?post_type=product&#038;p=8986"},"modified":"2026-03-18T14:38:13","modified_gmt":"2026-03-18T14:38:13","slug":"apple-original-1tb-ssd-ersatz-fuer-apple-macbook-pro-retina-13-a1502-15-a1398-ende-2013-2015","status":"publish","type":"product","link":"https:\/\/anythingtechnicallc.com\/index.php\/de\/product\/apple-original-1tb-ssd-ersatz-fuer-apple-macbook-pro-retina-13-a1502-15-a1398-ende-2013-2015\/","title":{"rendered":"Apple Original 1TB SSD Ersatz f\u00fcr Apple MacBook Pro Retina 13&#8243; A1502, 15&#8243; A1398 (Ende 2013-2015)"},"content":{"rendered":"<div class=\"pa_description_section_text\">\n<div>\n<div>\n<div class=\"container\">\n<header>\n<div><strong>Dieses Solid-State-Laufwerk ist f\u00fcr die folgenden Computermodelle geeignet. Sollte Ihr Modell nicht aufgef\u00fchrt sein, kontaktieren Sie uns bitte, da wir m\u00f6glicherweise andere passende Produkte im Angebot haben.<\/strong><\/div>\n<\/header>\n<\/div>\n<\/div>\n<div>\n<div class=\"container\">\n<header>\n<div><strong>Verf\u00fcgbare Kapazit\u00e4ten: 128G 256G 512G 1TB<\/strong><\/div>\n<\/header>\n<\/div>\n<\/div>\n<div><\/div>\n<div><strong>MacBook Air(Maximale Kapazit\u00e4t ist 512GB):<\/strong><\/div>\n<div>11-Zoll A1465 Mitte 2013 EMC:2631 &amp; Anfang 2014 EMC:2631<\/div>\n<div>13-Zoll A1466 Mitte 2013 EMC 2632 &amp; Anfang 2014 EMC:2632<\/div>\n<div><\/div>\n<div><strong>MacBook Pro:<\/strong><\/div>\n<div>13-Zoll A1502 Ende 2013 EMC:2678 Mitte 2014 EMC:2875<\/div>\n<div>13-Zoll A1502 Anfang 2015<\/div>\n<div>15-Zoll A1398 Ende 2013 EMC:2674 &amp; 2745 Mitte 2014 EMC:2876 &amp; 2881<\/div>\n<div><\/div>\n<div><strong>iMac:<\/strong><\/div>\n<div>21,5-Zoll A1418 Ende 2013 EMC:2638<\/div>\n<div>21,5-Zoll A1418 Mitte 2014 EMC:2805 &amp; Ende 2015 EMC:2889 2883 (Nur die Originalfestplatte ist ein Fusion-Laufwerk oder eine SSD kann ersetzt werden.)<\/div>\n<div>21,5-Zoll A1418 2017 Jahr EMC:3068 &amp; 3069 (Nur die Originalfestplatte ist ein Fusion-Laufwerk oder eine SSD kann ersetzt werden.)<\/div>\n<div>27-Zoll A1419 Ende 2013 EMC:2639<\/div>\n<div>27-Zoll A1419 Ende 2014 EMC:2806 &amp; Mitte 2015 EMC:2806<\/div>\n<div><\/div>\n<div><strong>Mac Mini:<\/strong><\/div>\n<div>A1347 Ende 2014 EMC:2840<\/div>\n<div><\/div>\n<div><strong>Mac Pro :<\/strong><\/div>\n<div>A1481 Ende 2013 EMC:2630<\/div>\n<\/div>\n<\/div>\n<div class=\"pa_description_section_titletext1\"><\/div>\n","protected":false},"excerpt":{"rendered":"<div class=\"pa_description_section_text\">\n<div>\n<div>\n<div class=\"container\">\n<header>\n<div><strong>Dieses Solid-State-Laufwerk ist f\u00fcr die folgenden Computermodelle geeignet. Sollte Ihr Modell nicht aufgef\u00fchrt sein, kontaktieren Sie uns bitte, da wir m\u00f6glicherweise andere passende Produkte im Angebot haben.<\/strong><\/div>\n<\/header>\n<\/div>\n<\/div>\n<div>\n<div class=\"container\">\n<header>\n<div><strong>Verf\u00fcgbare Kapazit\u00e4ten: 128G 256G 512G 1TB<\/strong><\/div>\n<\/header>\n<\/div>\n<\/div>\n<div><\/div>\n<div><strong>MacBook Air(Maximale Kapazit\u00e4t ist 512GB):<\/strong><\/div>\n<div>11-Zoll A1465 Mitte 2013 EMC:2631 &amp; Anfang 2014 EMC:2631<\/div>\n<div>13-Zoll A1466 Mitte 2013 EMC 2632 &amp; Anfang 2014 EMC:2632<\/div>\n<div><\/div>\n<div><strong>MacBook Pro:<\/strong><\/div>\n<div>13-Zoll A1502 Ende 2013 EMC:2678 Mitte 2014 EMC:2875<\/div>\n<div>13-Zoll A1502 Anfang 2015<\/div>\n<div>15-Zoll A1398 Ende 2013 EMC:2674 &amp; 2745 Mitte 2014 EMC:2876 &amp; 2881<\/div>\n<div><\/div>\n<div><strong>iMac:<\/strong><\/div>\n<div>21,5-Zoll A1418 Ende 2013 EMC:2638<\/div>\n<div>21,5-Zoll A1418 Mitte 2014 EMC:2805 &amp; Ende 2015 EMC:2889 2883 (Nur die Originalfestplatte ist ein Fusion-Laufwerk oder eine SSD kann ersetzt werden.)<\/div>\n<div>21,5-Zoll A1418 2017 Jahr EMC:3068 &amp; 3069 (Nur die Originalfestplatte ist ein Fusion-Laufwerk oder eine SSD kann ersetzt werden.)<\/div>\n<div>27-Zoll A1419 Ende 2013 EMC:2639<\/div>\n<div>27-Zoll A1419 Ende 2014 EMC:2806 &amp; Mitte 2015 EMC:2806<\/div>\n<div><\/div>\n<div><strong>Mac Mini:<\/strong><\/div>\n<div>A1347 Ende 2014 EMC:2840<\/div>\n<div><\/div>\n<div><strong>Mac Pro :<\/strong><\/div>\n<div>A1481 Ende 2013 EMC:2630<\/div>\n<\/div>\n<\/div>\n<div class=\"pa_description_section_titletext1\"><\/div>\n","protected":false},"featured_media":8985,"comment_status":"open","ping_status":"closed","template":"","meta":{"_et_pb_use_builder":"","_et_pb_old_content":"","_et_gb_content_width":""},"product_brand":[],"product_cat":[1372],"product_tag":[],"class_list":{"0":"post-8986","1":"product","2":"type-product","3":"status-publish","4":"has-post-thumbnail","6":"product_cat-elektronik","8":"first","9":"instock","10":"sale","11":"taxable","12":"shipping-taxable","13":"purchasable","14":"product-type-simple"},"exclude_global_add_ons":[],"addons":[],"jetpack-related-posts":[{"id":9152,"url":"https:\/\/anythingtechnicallc.com\/index.php\/de\/product\/apple-macbook-pro-13-zoll-23ghz-core-i5-256gb-space-grau-2017-erneuert\/","url_meta":{"origin":8986,"position":0},"title":"Apple MacBook Pro 13 Zoll 2,3GHz Core i5, 256GB &#8211; Space Grau &#8211; 2017 (Erneuert)","date":"March 19, 2026","format":false,"excerpt":"Marke Apfel Modell Name MacBook Pro Bildschirmgr\u00f6\u00dfe 13 Zoll Farbe Space Grau Festplattengr\u00f6\u00dfe 256 GB CPU-Modell Kern i5 Installierter Ram-Speicher Gr\u00f6\u00dfe 8 GB Betriebssystem Mac OS Besonderes Merkmal 500 nits Helligkeit, Retina Display, 3.5mm Kopfh\u00f6reranschluss, Stereo-Lautsprecher, Force Touch Trackpad, Beschreibung der Grafikkarte Intel Iris Plus Grafik 640, integriert","rel":"","context":"Similar post","img":{"alt_text":"","src":"https:\/\/i0.wp.com\/anythingtechnicallc.com\/wp-content\/uploads\/2025\/02\/71uQHOdVOOL._AC_SL1362_.jpg?fit=1200%2C803&ssl=1&resize=350%2C200","width":350,"height":200},"classes":[]},{"id":9334,"url":"https:\/\/anythingtechnicallc.com\/index.php\/de\/product\/apple-ipod-nano-16gb-space-grau-7-generation-erneuert-2\/","url_meta":{"origin":8986,"position":1},"title":"Apple iPod nano 16GB Space Grau (7. Generation) (Erneuert)","date":"March 19, 2026","format":false,"excerpt":"Apple beschreibt ihn als den \"d\u00fcnnsten iPod aller Zeiten\". Er ist 38% d\u00fcnner (5,4 mm) als der Nano, den er ersetzt (8,78 mm), und bietet die M\u00f6glichkeit, kabellose Bluetooth 4.0 Headsets, Lautsprecher und andere Ger\u00e4te (wie z.B. Herzfrequenzmesser) zu verwenden. Es enth\u00e4lt weiterhin die Nike+iPod Fitness-Option sowie einen FM-Radio-Tuner, der\u2026","rel":"","context":"Similar post","img":{"alt_text":"","src":"https:\/\/i0.wp.com\/anythingtechnicallc.com\/wp-content\/uploads\/2025\/07\/619LaTAYEPL._AC_SL1500_.jpg?fit=397%2C1200&ssl=1&resize=350%2C200","width":350,"height":200},"classes":[]},{"id":9221,"url":"https:\/\/anythingtechnicallc.com\/index.php\/de\/product\/apple-ipod-nano-16gb-space-grau-7-generation-erneuert\/","url_meta":{"origin":8986,"position":2},"title":"Apple iPod nano 16GB Space Grau (7. Generation) (Erneuert)","date":"March 19, 2026","format":false,"excerpt":"Apple beschreibt ihn als den \"d\u00fcnnsten iPod aller Zeiten\". Er ist 38% d\u00fcnner (5,4 mm) als der Nano, den er ersetzt (8,78 mm), und bietet die M\u00f6glichkeit, kabellose Bluetooth 4.0 Headsets, Lautsprecher und andere Ger\u00e4te (wie z.B. Herzfrequenzmesser) zu verwenden. Es enth\u00e4lt weiterhin die Nike+iPod Fitness-Option sowie einen FM-Radio-Tuner, der\u2026","rel":"","context":"Similar post","img":{"alt_text":"","src":"https:\/\/i0.wp.com\/anythingtechnicallc.com\/wp-content\/uploads\/2025\/03\/Apple-iPod-nano-16GB-Space-Gray-7th-Generation-Renewed.jpg?fit=1019%2C1200&ssl=1&resize=350%2C200","width":350,"height":200},"classes":[]},{"id":9828,"url":"https:\/\/anythingtechnicallc.com\/index.php\/de\/product\/apple-macbook-pro-2020-mit-apple-m1-chip-13-zoll-8gb-ram-256gb-ssd-speicher-space-grau-erneuert\/","url_meta":{"origin":8986,"position":3},"title":"Apple MacBook Pro 2020 mit Apple M1 Chip (13 Zoll, 8GB RAM, 256GB SSD Speicher) Space Grau (Erneuert)","date":"April 8, 2026","format":false,"excerpt":"Von Apple entwickelter M1-Chip f\u00fcr einen gewaltigen Leistungssprung bei CPU, GPU und maschinellem Lernen - Bis zu 20 Stunden Batterielaufzeit. 8-Kern-CPU liefert bis zu 2,8x schnellere Leistung - 8-Kern-GPU mit bis zu 5x schnellerer Grafik. 13,3-Zoll-Retina-Display mit 500 nits Helligkeit f\u00fcr leuchtende Farben und unglaubliche Bilddetails. Neural Engine mit 16\u2026","rel":"","context":"Similar post","img":{"alt_text":"","src":"https:\/\/i0.wp.com\/anythingtechnicallc.com\/wp-content\/uploads\/2026\/03\/Apple-MacBook-Pro-2020-with-Apple-M1.jpg?fit=900%2C1200&ssl=1&resize=350%2C200","width":350,"height":200},"classes":[]},{"id":9699,"url":"https:\/\/anythingtechnicallc.com\/index.php\/de\/product\/gebraucht-rang-a-microsoft-surface-pro-4-tablet-pc-123-2736-x-1824-touchscreen-notebook-core-i5-6300u-4gb-ram-128gb-ssd-cam-windows-11-pro\/","url_meta":{"origin":8986,"position":4},"title":"Gebraucht Rang A Microsoft Surface Pro 4 Tablet PC, 12,3&#8243; (2736 X 1824) Touchscreen Notebook, Core i5-6300U, 4GB RAM, 128GB SSD, CAM, Windows 11 Pro","date":"March 24, 2026","format":false,"excerpt":"Prozessor---Microsoft Surface Pro 4 Tablet mit Core i5-6300U , 4GB RAM 128GB SSD Laufwerk. Display ---12,3-Zoll PixelSense Touchscreen-Display; 2736 x 1824 Aufl\u00f6sung, Stereo-Lautsprecher mit Dolby Audio-verst\u00e4rktem Sound. Anschl\u00fcsse -- Full-size USB 3. 0; microSD-Kartenleser; Kopfh\u00f6reranschluss; Mini DisplayPort; Cover Port; Ladeanschluss, Kamera: 5MP-Kamera auf der Vorderseite und 8MP-Kamera auf der R\u00fcckseite\u2026","rel":"","context":"Similar post","img":{"alt_text":"","src":"https:\/\/i0.wp.com\/anythingtechnicallc.com\/wp-content\/uploads\/2026\/02\/Surface-Pro-4-i5.webp?fit=1200%2C1200&ssl=1&resize=350%2C200","width":350,"height":200},"classes":[]},{"id":9696,"url":"https:\/\/anythingtechnicallc.com\/index.php\/de\/product\/gebraucht-rank-a-microsoft-surface-pro-4-tablet-pc-123-2736-x-1824-touchscreen-notebook-core-m3-6y30-4gb-ram-128gb-ssd-cam-windows-11-pro\/","url_meta":{"origin":8986,"position":5},"title":"Gebraucht RANK A Microsoft Surface Pro 4 Tablet PC, 12,3&#8243; (2736 X 1824) Touchscreen Notebook, Core M3-6Y30, 4GB RAM, 128GB SSD, CAM, Windows 11 Pro","date":"March 24, 2026","format":false,"excerpt":"Prozessor---Microsoft Surface Pro 4 Tablet mit Core M3-6Y30, 4GB RAM 128GB SSD Laufwerk. Display ---12,3-Zoll PixelSense Touchscreen-Display; 2736 x 1824 Aufl\u00f6sung, Stereo-Lautsprecher mit Dolby Audio-verst\u00e4rktem Sound. Anschl\u00fcsse -- Full-size USB 3. 0; microSD-Kartenleser; Kopfh\u00f6reranschluss; Mini DisplayPort; Cover Port; Ladeanschluss, Kamera: 5MP-Kamera auf der Vorderseite und 8MP-Kamera auf der R\u00fcckseite mit\u2026","rel":"","context":"Similar post","img":{"alt_text":"","src":"https:\/\/i0.wp.com\/anythingtechnicallc.com\/wp-content\/uploads\/2026\/02\/surface-Pro-4-.webp?fit=900%2C1200&ssl=1&resize=350%2C200","width":350,"height":200},"classes":[]}],"pll_sync_post":[],"lang":"de","translations":{"de":8986,"en":5310},"_links":{"self":[{"href":"https:\/\/anythingtechnicallc.com\/index.php\/wp-json\/wp\/v2\/product\/8986","targetHints":{"allow":["GET"]}}],"collection":[{"href":"https:\/\/anythingtechnicallc.com\/index.php\/wp-json\/wp\/v2\/product"}],"about":[{"href":"https:\/\/anythingtechnicallc.com\/index.php\/wp-json\/wp\/v2\/types\/product"}],"replies":[{"embeddable":true,"href":"https:\/\/anythingtechnicallc.com\/index.php\/wp-json\/wp\/v2\/comments?post=8986"}],"wp:featuredmedia":[{"embeddable":true,"href":"https:\/\/anythingtechnicallc.com\/index.php\/wp-json\/wp\/v2\/media\/8985"}],"wp:attachment":[{"href":"https:\/\/anythingtechnicallc.com\/index.php\/wp-json\/wp\/v2\/media?parent=8986"}],"wp:term":[{"taxonomy":"product_brand","embeddable":true,"href":"https:\/\/anythingtechnicallc.com\/index.php\/wp-json\/wp\/v2\/product_brand?post=8986"},{"taxonomy":"product_cat","embeddable":true,"href":"https:\/\/anythingtechnicallc.com\/index.php\/wp-json\/wp\/v2\/product_cat?post=8986"},{"taxonomy":"product_tag","embeddable":true,"href":"https:\/\/anythingtechnicallc.com\/index.php\/wp-json\/wp\/v2\/product_tag?post=8986"}],"curies":[{"name":"wp","href":"https:\/\/api.w.org\/{rel}","templated":true}]}}