{"id":8989,"date":"2026-03-18T14:39:19","date_gmt":"2026-03-18T14:39:19","guid":{"rendered":"https:\/\/anythingtechnicallc.com\/?post_type=product&#038;p=8989"},"modified":"2026-03-18T14:39:19","modified_gmt":"2026-03-18T14:39:19","slug":"apple-original-150w-ersatznetzteil-fuer-apple-30-cinema-hd-display-a1083","status":"publish","type":"product","link":"https:\/\/anythingtechnicallc.com\/index.php\/de\/product\/apple-original-150w-ersatznetzteil-fuer-apple-30-cinema-hd-display-a1083\/","title":{"rendered":"Apple original 150W Ersatznetzteil f\u00fcr Apple 30&#8243; Cinema HD Display A1083"},"content":{"rendered":"<div id=\"featurebullets_feature_div\" class=\"celwidget\" data-feature-name=\"featurebullets\" data-csa-c-type=\"widget\" data-csa-c-content-id=\"featurebullets\" data-csa-c-slot-id=\"featurebullets_feature_div\" data-csa-c-asin=\"B01N7KWQAL\" data-csa-c-is-in-initial-active-row=\"false\" data-csa-c-id=\"n9wj8-fpr17y-2ok23d-f3g8i6\" data-cel-widget=\"featurebullets_feature_div\">\n<div id=\"feature-bullets\" class=\"a-section a-spacing-medium a-spacing-top-small\">\n<ul class=\"a-unordered-list a-vertical a-spacing-mini\">\n<li class=\"a-spacing-mini\"><span class=\"a-list-item\">Dieser 150W-Netzadapter wird ben\u00f6tigt, um das klassische 30&#8243; Cinema HD Display zu versorgen.<\/span><\/li>\n<li class=\"a-spacing-mini\"><span class=\"a-list-item\">Es kann auch sicher mit dem 20&#8243; Cinema Display (Modelle A1038 oder A1081) sowie dem 23&#8243; Cinema Display (Modell A1082) verwendet werden.<\/span><\/li>\n<li class=\"a-spacing-mini\"><span class=\"a-list-item\">Im Lieferumfang enthalten: Netzadapter.<\/span><\/li>\n<li class=\"a-spacing-mini\"><span class=\"a-list-item\">* Netzkabel NICHT enthalten.<\/span><\/li>\n<\/ul>\n<\/div>\n<\/div>\n<div id=\"acf-carousel_feature_div\" class=\"celwidget\" data-feature-name=\"acf-carousel\" data-csa-c-type=\"widget\" data-csa-c-content-id=\"acf-carousel\" data-csa-c-slot-id=\"acf-carousel_feature_div\" data-csa-c-asin=\"B01N7KWQAL\" data-csa-c-is-in-initial-active-row=\"false\" data-csa-c-id=\"vpvb18-mmbqok-hdpmmc-l1243v\" data-cel-widget=\"acf-carousel_feature_div\"><\/div>\n<div id=\"provenanceCertifications_feature_div\" class=\"celwidget\" data-feature-name=\"provenanceCertifications\" data-csa-c-type=\"widget\" data-csa-c-content-id=\"provenanceCertifications\" data-csa-c-slot-id=\"provenanceCertifications_feature_div\" data-csa-c-asin=\"B01N7KWQAL\" data-csa-c-is-in-initial-active-row=\"false\" data-csa-c-id=\"4zzx2r-qad4we-m4169l-iscp7p\" data-cel-widget=\"provenanceCertifications_feature_div\">\n<div id=\"provenance-certifications\" class=\"a-section a-spacing-medium a-spacing-top-micro\"><\/div>\n<\/div>\n","protected":false},"excerpt":{"rendered":"<ul class=\"a-unordered-list a-vertical a-spacing-mini\">\n<li class=\"a-spacing-mini\"><span class=\"a-list-item\">Dieser 150W-Netzadapter wird ben\u00f6tigt, um das klassische 30&#8243; Cinema HD Display zu versorgen.<\/span><\/li>\n<li class=\"a-spacing-mini\"><span class=\"a-list-item\">Es kann auch sicher mit dem 20&#8243; Cinema Display (Modelle A1038 oder A1081) sowie dem 23&#8243; Cinema Display (Modell A1082) verwendet werden.<\/span><\/li>\n<li class=\"a-spacing-mini\"><span class=\"a-list-item\">Im Lieferumfang enthalten: Netzadapter.<\/span><\/li>\n<li class=\"a-spacing-mini\"><span class=\"a-list-item\">* Netzkabel NICHT enthalten.<\/span><\/li>\n<\/ul>\n","protected":false},"featured_media":8988,"comment_status":"open","ping_status":"closed","template":"","meta":{"_et_pb_use_builder":"","_et_pb_old_content":"","_et_gb_content_width":""},"product_brand":[],"product_cat":[1372],"product_tag":[],"class_list":{"0":"post-8989","1":"product","2":"type-product","3":"status-publish","4":"has-post-thumbnail","6":"product_cat-elektronik","8":"first","9":"instock","10":"sale","11":"taxable","12":"shipping-taxable","13":"purchasable","14":"product-type-simple"},"exclude_global_add_ons":[],"addons":[],"jetpack-related-posts":[{"id":9479,"url":"https:\/\/anythingtechnicallc.com\/index.php\/de\/product\/apple-thunderbolt-3-usb-c-auf-thunderbolt-2-adapter\/","url_meta":{"origin":8989,"position":0},"title":"Apple Thunderbolt 3 (USB-C) auf Thunderbolt 2 Adapter","date":"March 21, 2026","format":false,"excerpt":"Mit dem Thunderbolt 3 (USB-C) auf Thunderbolt 2 Adapter k\u00f6nnen Sie Thunderbolt- und Thunderbolt 2-Ger\u00e4te - wie externe Festplatten und Thunderbolt-Docks - an jeden der Thunderbolt 3 (USB-C) \/ USB 4-Anschl\u00fcsse Ihres Macs anschlie\u00dfen. Als bidirektionaler Adapter kann er auch neue Thunderbolt 3-Ger\u00e4te an einen Mac mit einem Thunderbolt- oder\u2026","rel":"","context":"Similar post","img":{"alt_text":"","src":"https:\/\/i0.wp.com\/anythingtechnicallc.com\/wp-content\/uploads\/2025\/08\/41YQV7DcaIL._AC_SL1500_.jpg?fit=192%2C1200&ssl=1&resize=350%2C200","width":350,"height":200},"classes":[]},{"id":8992,"url":"https:\/\/anythingtechnicallc.com\/index.php\/de\/product\/sony-mdr7506-professioneller-grossmembrankopfhoerer\/","url_meta":{"origin":8989,"position":1},"title":"Sony MDR7506 Professioneller Gro\u00dfmembrankopfh\u00f6rer","date":"March 18, 2026","format":false,"excerpt":"Neodym-Magnete und 40-Millimeter-Treiber f\u00fcr kraftvollen, detaillierten Klang.Spezifische Verwendungszwecke f\u00fcr das Produkt : Professionelles Audiosystem, Heim-Audiosystem. Das geschlossene Ohrdesign bietet Komfort und eine hervorragende Reduzierung von Au\u00dfenger\u00e4uschen. Das 9,8 Fu\u00df lange Kabel endet in einem vergoldeten Stecker und ist nicht abnehmbar; 1\/4-Zoll-Adapter im Lieferumfang enthalten. Kann zur Aufbewahrung oder zum Transport\u2026","rel":"","context":"Similar post","img":{"alt_text":"","src":"https:\/\/i0.wp.com\/anythingtechnicallc.com\/wp-content\/uploads\/2024\/09\/61KHrqp9C5L._AC_SL1200_.jpg?fit=755%2C1200&ssl=1&resize=350%2C200","width":350,"height":200},"classes":[]},{"id":9608,"url":"https:\/\/anythingtechnicallc.com\/index.php\/de\/product\/erneut-bose-quietcomfort-20-akustische-geraeuschunterdrueckung-kopfhoerer-apple-geraete-schwarz\/","url_meta":{"origin":8989,"position":2},"title":"Erneut Bose QuietComfort 20 Akustische Ger\u00e4uschunterdr\u00fcckung Kopfh\u00f6rer, Apple Ger\u00e4te (Schwarz)","date":"March 24, 2026","format":false,"excerpt":"Blenden Sie die Welt aus und verlieren Sie sich in Ihrer Musik oder h\u00f6ren Sie, was um Sie herum passiert. Sie haben die Wahl mit den ersten In-Ear-Kopfh\u00f6rern mit Ger\u00e4uschunterdr\u00fcckung von Bose. Die Quiet Comfort 20 Acoustic Noise Cancelling Headphones wurden entwickelt, damit Sie jeden Tag und \u00fcberall einen besseren\u2026","rel":"","context":"Similar post","img":{"alt_text":"","src":"https:\/\/i0.wp.com\/anythingtechnicallc.com\/wp-content\/uploads\/2025\/10\/71ZEg1bQ2sL._AC_SL1472_.jpg?fit=1200%2C701&ssl=1&resize=350%2C200","width":350,"height":200},"classes":[]},{"id":9723,"url":"https:\/\/anythingtechnicallc.com\/index.php\/de\/product\/bose-soundlink-color-ii-bluetooth-lautsprecher-soft-schwarz-erneuert\/","url_meta":{"origin":8989,"position":3},"title":"Bose SoundLink Color II Bluetooth Lautsprecher Soft Schwarz (Erneuert)","date":"March 24, 2026","format":false,"excerpt":"Ob am Pool, im Park oder auf der Terrasse - der SoundLink Color Bluetooth-Lautsprecher II bietet Ihnen \u00fcberall vollen, tragbaren Sound. Die fortschrittliche Technologie von Bose bietet gro\u00dfen Klang in einem kleinen, wasserfesten Lautsprecher, der robust genug ist, um Sie \u00fcberallhin zu begleiten, auch an den Pool. Er ist robust\u2026","rel":"","context":"Similar post","img":{"alt_text":"","src":"https:\/\/i0.wp.com\/anythingtechnicallc.com\/wp-content\/uploads\/2026\/02\/Bose-SoundLink-Color-II.jpg?fit=1200%2C1200&ssl=1&resize=350%2C200","width":350,"height":200},"classes":[]},{"id":9831,"url":"https:\/\/anythingtechnicallc.com\/index.php\/de\/product\/apple-ipad-11-zoll-a16-chip-11-zoll-modell-liquid-retina-display-128gb-wi-fi-6-12mp-front-12mp-rueckkamera-touch-id-ganztaegige-batterielaufzeit-blau\/","url_meta":{"origin":8989,"position":4},"title":"Apple iPad 11-Zoll: A16 Chip, 11-Zoll Modell, Liquid Retina Display, 128GB, Wi-Fi 6, 12MP Front-\/12MP R\u00fcckkamera, Touch ID, Ganzt\u00e4gige Batterielaufzeit &#8211; Blau","date":"April 8, 2026","format":false,"excerpt":"WARUM IPAD - Das 11-Zoll-iPad ist jetzt leistungsf\u00e4higer denn je mit dem superschnellen A16-Chip, einem atemberaubenden Liquid Retina-Display, fortschrittlichen Kameras, schnellem Wi-Fi, USB-C-Anschluss und vier pr\u00e4chtigen Farben.* Das iPad bietet eine leistungsstarke M\u00f6glichkeit, zu kreieren, in Verbindung zu bleiben und Dinge zu erledigen. LEISTUNG UND SPEICHER - Der superschnelle A16\u2026","rel":"","context":"Similar post","img":{"alt_text":"","src":"https:\/\/i0.wp.com\/anythingtechnicallc.com\/wp-content\/uploads\/2026\/03\/61aPY8odPSL._AC_SL1500_.jpg?fit=1061%2C1200&ssl=1&resize=350%2C200","width":350,"height":200},"classes":[]},{"id":9418,"url":"https:\/\/anythingtechnicallc.com\/index.php\/de\/product\/bigblue-36w-solarpanel-ladegeraet-mit-dc20v-1-8a-pd-20w-usb-c-und-schnellladung-usb-a-ip54-wasserdicht-tragbares-solarpanel-fuer-camping-kompatibel-mit-iphone-galaxy-tablets-kleine-power-stat\/","url_meta":{"origin":8989,"position":5},"title":"BigBlue 36W Solarpanel Ladeger\u00e4t mit DC(20V\/1.8A), PD 20W USB-C und Schnellladung USB-A, IP54 Wasserdicht, Tragbares Solarpanel f\u00fcr Camping, Kompatibel mit iPhone, Galaxy, Tablets, Kleine Power Station","date":"March 19, 2026","format":false,"excerpt":"\u2705 Kompatibel mit den meisten Ger\u00e4ten: Ein USB-Anschluss mit 5V\/3A, 9V\/2A, 12V\/1,5A zum schnellen Aufladen Ihrer Handys und anderer USB-betriebener Ger\u00e4te; der DC-Ausgang (20V\/1,8A) ist mit einigen kleinen Kraftwerken (weniger als 200W) kompatibel, und ein USB-C-Ausgang (5V\/3A, 9V\/2,22A, 12V\/1,67A) kann Ihr iPad oder Ihren Switch mit PD 20W versorgen; dieses\u2026","rel":"","context":"Similar post","img":{"alt_text":"","src":"https:\/\/i0.wp.com\/anythingtechnicallc.com\/wp-content\/uploads\/2022\/09\/BigBlue-36W-Solar-Panels-Charger-with-DC20V18A-PD-20W-USB-C-and-Fast-Charge-USB-A-IP54-Waterproof-Portable-Solar-Panel-for-Camping-Compatible-with-iPhone-Galaxy-Tablets-Small-Power-Station-0.jpg?fit=500%2C500&ssl=1&resize=350%2C200","width":350,"height":200},"classes":[]}],"pll_sync_post":[],"lang":"de","translations":{"de":8989,"en":5312},"_links":{"self":[{"href":"https:\/\/anythingtechnicallc.com\/index.php\/wp-json\/wp\/v2\/product\/8989","targetHints":{"allow":["GET"]}}],"collection":[{"href":"https:\/\/anythingtechnicallc.com\/index.php\/wp-json\/wp\/v2\/product"}],"about":[{"href":"https:\/\/anythingtechnicallc.com\/index.php\/wp-json\/wp\/v2\/types\/product"}],"replies":[{"embeddable":true,"href":"https:\/\/anythingtechnicallc.com\/index.php\/wp-json\/wp\/v2\/comments?post=8989"}],"wp:featuredmedia":[{"embeddable":true,"href":"https:\/\/anythingtechnicallc.com\/index.php\/wp-json\/wp\/v2\/media\/8988"}],"wp:attachment":[{"href":"https:\/\/anythingtechnicallc.com\/index.php\/wp-json\/wp\/v2\/media?parent=8989"}],"wp:term":[{"taxonomy":"product_brand","embeddable":true,"href":"https:\/\/anythingtechnicallc.com\/index.php\/wp-json\/wp\/v2\/product_brand?post=8989"},{"taxonomy":"product_cat","embeddable":true,"href":"https:\/\/anythingtechnicallc.com\/index.php\/wp-json\/wp\/v2\/product_cat?post=8989"},{"taxonomy":"product_tag","embeddable":true,"href":"https:\/\/anythingtechnicallc.com\/index.php\/wp-json\/wp\/v2\/product_tag?post=8989"}],"curies":[{"name":"wp","href":"https:\/\/api.w.org\/{rel}","templated":true}]}}