{"id":8992,"date":"2026-03-18T14:39:59","date_gmt":"2026-03-18T14:39:59","guid":{"rendered":"https:\/\/anythingtechnicallc.com\/?post_type=product&#038;p=8992"},"modified":"2026-03-18T14:40:00","modified_gmt":"2026-03-18T14:40:00","slug":"sony-mdr7506-professioneller-grossmembrankopfhoerer","status":"publish","type":"product","link":"https:\/\/anythingtechnicallc.com\/index.php\/de\/product\/sony-mdr7506-professioneller-grossmembrankopfhoerer\/","title":{"rendered":"Sony MDR7506 Professioneller Gro\u00dfmembrankopfh\u00f6rer"},"content":{"rendered":"<ul class=\"a-unordered-list a-vertical a-spacing-mini\">\n<li class=\"a-spacing-mini\"><span class=\"a-list-item\">Neodym-Magnete und 40-Millimeter-Treiber f\u00fcr kraftvollen, detaillierten Klang.Spezifische Verwendungszwecke f\u00fcr das Produkt : Professionelles Audiosystem, Heim-Audiosystem.<\/span><\/li>\n<li class=\"a-spacing-mini\"><span class=\"a-list-item\">Das geschlossene Ohrdesign bietet Komfort und eine hervorragende Reduzierung von Au\u00dfenger\u00e4uschen.<\/span><\/li>\n<li class=\"a-spacing-mini\"><span class=\"a-list-item\">Das 9,8 Fu\u00df lange Kabel endet in einem vergoldeten Stecker und ist nicht abnehmbar; 1\/4-Zoll-Adapter im Lieferumfang enthalten.<\/span><\/li>\n<li class=\"a-spacing-mini\"><span class=\"a-list-item\">Kann zur Aufbewahrung oder zum Transport in der mitgelieferten Softtasche zusammengeklappt werden.<\/span><\/li>\n<li class=\"a-spacing-mini\"><span class=\"a-list-item\">Frequenzgang: 10 Hertz bis 20 Kilohertz.<\/span><\/li>\n<li class=\"a-spacing-mini\"><span class=\"a-list-item\">Dieser faltbare Gro\u00dfmembran-Kopfh\u00f6rer verf\u00fcgt \u00fcber eine robuste Konstruktion, ein sicheres, hocheffektives geschlossenes Ohrdesign.<\/span><\/li>\n<li class=\"a-spacing-mini\"><span class=\"a-list-item\">Anschlusstechnologie : Kabelgebunden.<\/span><\/li>\n<li>Zustand: Restposten k\u00f6nnen Kratzer, Dellen, Gebrauchsspuren oder andere kosmetische Sch\u00e4den aufweisen, die die Spielbarkeit oder Leistung nicht beeintr\u00e4chtigen. Sie k\u00f6nnen auch eine abgenutzte oder nicht originale Verpackung haben.<\/li>\n<\/ul>\n","protected":false},"excerpt":{"rendered":"<ul class=\"a-unordered-list a-vertical a-spacing-mini\">\n<li class=\"a-spacing-mini\"><span class=\"a-list-item\">Neodym-Magnete und 40-Millimeter-Treiber f\u00fcr kraftvollen, detaillierten Klang.Spezifische Verwendungszwecke f\u00fcr das Produkt : Professionelles Audiosystem, Heim-Audiosystem.<\/span><\/li>\n<li class=\"a-spacing-mini\"><span class=\"a-list-item\">Das geschlossene Ohrdesign bietet Komfort und eine hervorragende Reduzierung von Au\u00dfenger\u00e4uschen.<\/span><\/li>\n<li class=\"a-spacing-mini\"><span class=\"a-list-item\">Das 9,8 Fu\u00df lange Kabel endet in einem vergoldeten Stecker und ist nicht abnehmbar; 1\/4-Zoll-Adapter im Lieferumfang enthalten.<\/span><\/li>\n<li class=\"a-spacing-mini\"><span class=\"a-list-item\">Kann zur Aufbewahrung oder zum Transport in der mitgelieferten Softtasche zusammengeklappt werden.<\/span><\/li>\n<li class=\"a-spacing-mini\"><span class=\"a-list-item\">Frequenzgang: 10 Hertz bis 20 Kilohertz.<\/span><\/li>\n<li class=\"a-spacing-mini\"><span class=\"a-list-item\">Dieser faltbare Gro\u00dfmembran-Kopfh\u00f6rer verf\u00fcgt \u00fcber eine robuste Konstruktion, ein sicheres, hocheffektives geschlossenes Ohrdesign.<\/span><\/li>\n<li class=\"a-spacing-mini\"><span class=\"a-list-item\">Anschlusstechnologie : Kabelgebunden.<\/span><\/li>\n<li>Zustand: Restposten k\u00f6nnen Kratzer, Dellen, Gebrauchsspuren oder andere kosmetische Sch\u00e4den aufweisen, die die Spielbarkeit oder Leistung nicht beeintr\u00e4chtigen. Sie k\u00f6nnen auch eine abgenutzte oder nicht originale Verpackung haben.<\/li>\n<\/ul>\n","protected":false},"featured_media":8991,"comment_status":"open","ping_status":"closed","template":"","meta":{"_et_pb_use_builder":"","_et_pb_old_content":"","_et_gb_content_width":""},"product_brand":[],"product_cat":[1372],"product_tag":[],"class_list":{"0":"post-8992","1":"product","2":"type-product","3":"status-publish","4":"has-post-thumbnail","6":"product_cat-elektronik","8":"first","9":"instock","10":"sale","11":"taxable","12":"shipping-taxable","13":"purchasable","14":"product-type-simple"},"exclude_global_add_ons":[],"addons":[],"jetpack-related-posts":[{"id":9662,"url":"https:\/\/anythingtechnicallc.com\/index.php\/de\/product\/gebrauchte-skullcandy-roc-nation-aviator-over-the-ear-kopfhoerer-schwarz\/","url_meta":{"origin":8992,"position":0},"title":"Gebrauchte Skullcandy &#8211; Roc Nation Aviator Over-the-Ear Kopfh\u00f6rer &#8211; Schwarz","date":"March 24, 2026","format":false,"excerpt":"\u00dcber-dem-Ohr-Design F\u00fcr Komfort bei l\u00e4ngeren H\u00f6rsessions. Das verstaubare Reisedesign erm\u00f6glicht einen einfachen Transport. Neodym-Magnete Sorgt f\u00fcr Klangverst\u00e4rkung. Mylar-Treiber Liefern kraftvollen Klang. 100 mW Belastbarkeit H\u00e4lt auch extremen Leistungspegeln stand. Optisch inspiriertes Lautsprechergeh\u00e4use aus Polykarbonat F\u00fcr ein langlebiges Design. 20Hz - 20kHz Frequenzgang F\u00fcr eine originalgetreue Klangwiedergabe. 65 Ohm Impedanz Leitet\u2026","rel":"","context":"Similar post","img":{"alt_text":"","src":"https:\/\/i0.wp.com\/anythingtechnicallc.com\/wp-content\/uploads\/2026\/01\/Skullcandy-Roc-Nation-Aviator.jpg?fit=900%2C1200&ssl=1&resize=350%2C200","width":350,"height":200},"classes":[]},{"id":9053,"url":"https:\/\/anythingtechnicallc.com\/index.php\/de\/product\/gebrauchter-kabelgebundener-shure-srh840a-over-ear-kopfhoerer-fuer-kritisches-abhoeren-und-monitoring-professionelles-headset-angepasster-frequenzgang-hervorragender-detaillierter-klang-verstellb\/","url_meta":{"origin":8992,"position":1},"title":"Gebrauchter kabelgebundener Shure SRH840A Over-Ear-Kopfh\u00f6rer f\u00fcr kritisches Abh\u00f6ren und Monitoring, professionelles Headset, angepasster Frequenzgang, hervorragender, detaillierter Klang, verstellbares und zusammenklappbares Design","date":"March 18, 2026","format":false,"excerpt":"NEUE & VERBESSERTE EIGENSCHAFTEN - Der neue SRH840A Critical Listening and Monitoring Professional Headphones wurde auf der gleichen Grundlage wie der SRH840 entwickelt und bietet erstklassigen, detaillierten Klang sowie ein neues Design und verbesserte Funktionen gegen\u00fcber dem alten SRH840. PREMIUM DETAILED SOUND - Erstklassiger, detaillierter Klang mit geringster harmonischer Verzerrung.\u2026","rel":"","context":"Similar post","img":{"alt_text":"","src":"https:\/\/i0.wp.com\/anythingtechnicallc.com\/wp-content\/uploads\/2024\/09\/71gG4pvy-VL._AC_SL1500_.jpg?fit=703%2C1200&ssl=1&resize=350%2C200","width":350,"height":200},"classes":[]},{"id":8976,"url":"https:\/\/anythingtechnicallc.com\/index.php\/de\/product\/philips-audio-shp9500-hifi-praezisions-stereo-ohr-kopfhoerer-schwarz\/","url_meta":{"origin":8992,"position":2},"title":"Philips Audio SHP9500 HiFi-Pr\u00e4zisions-Stereo-Ohr-Kopfh\u00f6rer (Schwarz)","date":"March 18, 2026","format":false,"excerpt":"Mit mehr als 50 Jahren Erfahrung in der Kopfh\u00f6rerakustik sind wir stets bestrebt, hohe Standards in Bezug auf Klang und ergonomische Leistung zu gew\u00e4hrleisten. Deshalb arbeiten wir kontinuierlich an der Verbesserung und Innovation unserer Produkte und integrieren Ihre Vorlieben und Erfahrungen in unsere charakteristischen Designs. 50-mm-Neodym-Treiber liefern das gesamte Klangspektrum.\u2026","rel":"","context":"Similar post","img":{"alt_text":"","src":"https:\/\/i0.wp.com\/anythingtechnicallc.com\/wp-content\/uploads\/2024\/09\/61CN8jOBy3L._AC_SL1335_.jpg?fit=621%2C1072&ssl=1&resize=350%2C200","width":350,"height":200},"classes":[]},{"id":9139,"url":"https:\/\/anythingtechnicallc.com\/index.php\/de\/product\/audio-technica-ath-m50x-professioneller-studio-monitor-kopfhoerer-schwarz\/","url_meta":{"origin":8992,"position":3},"title":"Audio-Technica ATH-M50x Professioneller Studio-Monitor-Kopfh\u00f6rer, Schwarz","date":"March 19, 2026","format":false,"excerpt":"Von Top-Audio-Ingenieuren und Pro-Audio-Rezensenten gelobte klangliche Leistung. Propriet\u00e4re 45-Millimeter-Treiber mit gro\u00dfen \u00d6ffnungen, Seltenerdmagneten und kupferummantelten Aluminiumdraht-Schwingspulen. Au\u00dfergew\u00f6hnliche Klarheit \u00fcber einen erweiterten Frequenzbereich mit tiefer, pr\u00e4ziser Basswiedergabe. Das ohrumschlie\u00dfende Design schmiegt sich an die Ohren an und sorgt f\u00fcr eine hervorragende Schallisolierung in lauten Umgebungen. Um 90 Grad schwenkbare Ohrmuscheln f\u00fcr\u2026","rel":"","context":"Similar post","img":{"alt_text":"","src":"https:\/\/i0.wp.com\/anythingtechnicallc.com\/wp-content\/uploads\/2025\/02\/81v8UeBnyeL._AC_SL1500_.jpg?fit=603%2C1200&ssl=1&resize=350%2C200","width":350,"height":200},"classes":[]},{"id":8973,"url":"https:\/\/anythingtechnicallc.com\/index.php\/de\/product\/philips-ph805-aktive-geraeuschunterdrueckung-anc-over-ear-bluetooth-performance-kopfhoerer-mit-hi-res-audio-bequemer-passform-und-30-stunden-spielzeit-taph805bk\/","url_meta":{"origin":8992,"position":4},"title":"PHILIPS PH805 Aktive Ger\u00e4uschunterdr\u00fcckung (ANC) Over Ear Bluetooth Performance Kopfh\u00f6rer mit Hi-Res Audio, bequemer Passform und 30 Stunden Spielzeit (TAPH805BK)","date":"March 18, 2026","format":false,"excerpt":"Aktive Ger\u00e4uschunterdr\u00fcckung (Anc). Lassen Sie mit der aktiven Ger\u00e4uschunterdr\u00fcckung alles hinter sich. Schalten Sie den L\u00e4rm eines Zuges oder eines gesch\u00e4ftigen B\u00fcros auf Knopfdruck aus. Wenn Sie unterwegs sind, k\u00f6nnen Sie im Awareness-Modus Ihre Musik h\u00f6ren und gleichzeitig den Stra\u00dfenl\u00e4rm ausblenden. 30 Stunden Spiel- oder Gespr\u00e4chszeit (25 Stunden mit eingeschaltetem\u2026","rel":"","context":"Similar post","img":{"alt_text":"","src":"https:\/\/i0.wp.com\/anythingtechnicallc.com\/wp-content\/uploads\/2024\/09\/81G9PXF96lL._AC_SL1500_.jpg?fit=932%2C1200&ssl=1&resize=350%2C200","width":350,"height":200},"classes":[]},{"id":8980,"url":"https:\/\/anythingtechnicallc.com\/index.php\/de\/product\/philips-fidelio-x2hr-over-the-ear-open-back-wired-headphone-50mm-drivers-schwarz-professioneller-studio-monitor-kopfhoerer-mit-abnehmbarem-kabel\/","url_meta":{"origin":8992,"position":5},"title":"PHILIPS Fidelio X2HR Over The Ear Open Back Wired Headphone 50mm Drivers- Schwarz Professioneller Studio Monitor Kopfh\u00f6rer mit abnehmbarem Kabel","date":"March 18, 2026","format":false,"excerpt":"Mit mehr als 50 Jahren Erfahrung in der Kopfh\u00f6rerakustik sind wir nach wie vor bestrebt, hohe Standards in Bezug auf Klang und Ergonomie zu gew\u00e4hrleisten. Deshalb arbeiten wir st\u00e4ndig an der Weiterentwicklung und Innovation unserer Produkte und integrieren Ihre Vorlieben und Erfahrungen in unsere charakteristischen Designs. Der Fidelio X2HR vereint\u2026","rel":"","context":"Similar post","img":{"alt_text":"","src":"https:\/\/i0.wp.com\/anythingtechnicallc.com\/wp-content\/uploads\/2024\/09\/51JL0AFHjfL._AC_SL1000_.jpg?fit=844%2C1000&ssl=1&resize=350%2C200","width":350,"height":200},"classes":[]}],"pll_sync_post":[],"lang":"de","translations":{"de":8992,"en":5320},"_links":{"self":[{"href":"https:\/\/anythingtechnicallc.com\/index.php\/wp-json\/wp\/v2\/product\/8992","targetHints":{"allow":["GET"]}}],"collection":[{"href":"https:\/\/anythingtechnicallc.com\/index.php\/wp-json\/wp\/v2\/product"}],"about":[{"href":"https:\/\/anythingtechnicallc.com\/index.php\/wp-json\/wp\/v2\/types\/product"}],"replies":[{"embeddable":true,"href":"https:\/\/anythingtechnicallc.com\/index.php\/wp-json\/wp\/v2\/comments?post=8992"}],"wp:featuredmedia":[{"embeddable":true,"href":"https:\/\/anythingtechnicallc.com\/index.php\/wp-json\/wp\/v2\/media\/8991"}],"wp:attachment":[{"href":"https:\/\/anythingtechnicallc.com\/index.php\/wp-json\/wp\/v2\/media?parent=8992"}],"wp:term":[{"taxonomy":"product_brand","embeddable":true,"href":"https:\/\/anythingtechnicallc.com\/index.php\/wp-json\/wp\/v2\/product_brand?post=8992"},{"taxonomy":"product_cat","embeddable":true,"href":"https:\/\/anythingtechnicallc.com\/index.php\/wp-json\/wp\/v2\/product_cat?post=8992"},{"taxonomy":"product_tag","embeddable":true,"href":"https:\/\/anythingtechnicallc.com\/index.php\/wp-json\/wp\/v2\/product_tag?post=8992"}],"curies":[{"name":"wp","href":"https:\/\/api.w.org\/{rel}","templated":true}]}}