{"id":9006,"date":"2026-03-18T14:55:16","date_gmt":"2026-03-18T14:55:16","guid":{"rendered":"https:\/\/anythingtechnicallc.com\/?post_type=product&#038;p=9006"},"modified":"2026-03-18T14:55:17","modified_gmt":"2026-03-18T14:55:17","slug":"shure-rmce-bt2-hochaufloesendes-bluetooth-5-0-kommunikationskabel","status":"publish","type":"product","link":"https:\/\/anythingtechnicallc.com\/index.php\/de\/product\/shure-rmce-bt2-hochaufloesendes-bluetooth-5-0-kommunikationskabel\/","title":{"rendered":"Shure RMCE-BT2 Hochaufl\u00f6sendes Bluetooth 5.0 Kommunikationskabel"},"content":{"rendered":"<p>[Galerie]<\/p>\n<p><!-- show up to 2 reviews by default --><\/p>\n<h3>Produkt Beschreibung<\/h3>\n<p>Die hochaufl\u00f6sende Bluetooth 5. 0-Kommunikation erm\u00f6glicht die kabellose Kommunikation und Steuerung der Shure Sound Isolating Ohrh\u00f6rer. Ein spezieller Premium-Kopfh\u00f6rerverst\u00e4rker sorgt mit Unterst\u00fctzung f\u00fcr Qualcomm apt audio, apt HD, apt Low Latency, AAC und SBC Audiocodecs f\u00fcr erstklassigen digitalen Klang. Das Bluetooth-Kabel wird mit einem USB-Ladekabel geliefert und bietet bis zu 10 Stunden Audiogenuss mit einer einzigen Aufladung und einer Reichweite von bis zu 10 m.<\/p>\n<h3>Vom Hersteller<\/h3>\n<p>Die hochaufl\u00f6sende Bluetooth\u00ae 5.0-Kommunikation erm\u00f6glicht die drahtlose Kommunikation und Steuerung der Shure Sound Isolating\u2122 Ohrh\u00f6rer. Ein spezieller, hochwertiger Kopfh\u00f6rerverst\u00e4rker sorgt f\u00fcr \u00fcberragenden digitalen H\u00f6rgenuss mit Unterst\u00fctzung f\u00fcr Qualcomm\u00ae aptX\u2122 Audio, aptX\u2122 HD, aptX\u2122 Low Latency, AAC und SBC Audiocodecs. Das Bluetooth-Kabel wird mit einem USB-Ladekabel geliefert und bietet bis zu 10 Stunden Audiogenuss mit einer einzigen Akkuladung und einer Reichweite von bis zu 10 m (30 ft.).<\/p>\n<p>Erstklassige, kabellose Audioleistung. Ein spezieller, hochwertiger Kopfh\u00f6rerverst\u00e4rker sorgt f\u00fcr \u00fcberragende High-Fidelity-Audioqualit\u00e4t mit kabelloser Funktion.<br \/>\nUnterst\u00fctzung f\u00fcr mehrere Codecs. Qualcomm apt audio, apt HD, apt Low Latency, AAC und SBC erm\u00f6glichen erstklassige digitale Audioqualit\u00e4t.<br \/>\nAusgestattet mit der drahtlosen Bluetooth 5-Technologie. Bluetooth 5. 0 ist auch abw\u00e4rtskompatibel und l\u00e4sst sich mit allen Bluetooth-Quellen integrieren.<br \/>\nBis zu 10 Stunden Spielzeit. Der Akku erm\u00f6glicht bis zu 10 Stunden Wiedergabezeit und bis zu 350 Stunden Standby-Zeit und kann \u00fcber ein USB-Mikrokabel wieder aufgeladen werden.<br \/>\nKompatibel mit allen abnehmbaren Ohrh\u00f6rern von Shure mit MMCX-Kabelanschluss<br \/>\nR\u00fcsten Sie Ihr kabelloses Bluetooth-System auf und erhalten Sie einen Rabatt von $50 f\u00fcr die Inzahlungnahme. G\u00fcltig vom 1. November 2019 bis zum 30. April 2020. Siehe Details auf dem letzten Bild<\/p>\n","protected":false},"excerpt":{"rendered":"<p>Erstklassige, kabellose Audioleistung. Ein spezieller, hochwertiger Kopfh\u00f6rerverst\u00e4rker sorgt f\u00fcr \u00fcberragende High-Fidelity-Audioqualit\u00e4t mit kabelloser Funktion<br \/>\nUnterst\u00fctzung f\u00fcr mehrere Codecs. Qualcomm apt audio, apt HD, apt Low Latency, AAC und SBC erm\u00f6glichen erstklassige digitale Audioqualit\u00e4t.<br \/>\nAusgestattet mit der drahtlosen Bluetooth 5-Technologie. Bluetooth 5. 0 ist au\u00dferdem abw\u00e4rtskompatibel und l\u00e4sst sich mit allen Bluetooth-Quellen integrieren.<\/p>\n","protected":false},"featured_media":9005,"comment_status":"open","ping_status":"closed","template":"","meta":{"_et_pb_use_builder":"","_et_pb_old_content":"","_et_gb_content_width":""},"product_brand":[],"product_cat":[1578],"product_tag":[],"class_list":{"0":"post-9006","1":"product","2":"type-product","3":"status-publish","4":"has-post-thumbnail","6":"product_cat-headset","7":"pa_batteries-1-lithium-polymer-batterie-erforderlich-enthalten","8":"pa_battery-type-lithium-ion","9":"pa_brand-besuchen-sie-den-shure-store","10":"pa_colour-schwarz","11":"pa_compatible-devices-shure-se846-shure-se315-shure-se425-shure-se535-shure-se215","12":"pa_date-first-available-oktober-25-2018","13":"pa_is-discontinued-by-manufactur-nein","14":"pa_item-model-number-rmce-bt2","15":"pa_item-weight-0464-unzen","16":"pa_product-dimensions-55-x-25-x-13-zoll","17":"pa_size-bluetooth-5-0","19":"first","20":"instock","21":"sale","22":"taxable","23":"shipping-taxable","24":"purchasable","25":"product-type-simple"},"exclude_global_add_ons":[],"addons":[],"jetpack-related-posts":[{"id":9209,"url":"https:\/\/anythingtechnicallc.com\/index.php\/de\/product\/erneuert-shure-aonic-40-over-ear-wireless-bluetooth-noise-cancelling-kopfhoerer-mit-mikrofon-klang-in-studioqualitaet-25-stunden-akkulaufzeit-fingertip-bedienung-kompatibel-mit-iphone-und-android\/","url_meta":{"origin":9006,"position":0},"title":"Erneuert Shure AONIC 40 Over Ear Wireless Bluetooth Noise Cancelling Kopfh\u00f6rer mit Mikrofon, Klang in Studioqualit\u00e4t, 25 Stunden Akkulaufzeit, Fingertip-Bedienung, kompatibel mit iPhone und Android &#8211; Schwarz","date":"March 19, 2026","format":false,"excerpt":"PREMIUM-KLANG IN STUDIOQUALIT\u00c4T: Klarer Klang in Studioqualit\u00e4t, der auf jahrzehntelanger Erfahrung in der Entwicklung von Produkten f\u00fcr Musiklegenden und K\u00fcnstler aller Art beruht. EINSTELLBARE GER\u00c4USCHUNTERDR\u00dcCKUNG & UMGEBUNGSMODUS: Die anpassbare Ger\u00e4uschunterdr\u00fcckung unterdr\u00fcckt St\u00f6rger\u00e4usche f\u00fcr ein wirklich intensives H\u00f6rerlebnis. Drei digitale ANC-Einstellungen f\u00fcr erweiterte Unterdr\u00fcckung niedriger Frequenzen und ein nat\u00fcrliches H\u00f6rerlebnis. LANGER\u2026","rel":"","context":"Similar post","img":{"alt_text":"","src":"https:\/\/i0.wp.com\/anythingtechnicallc.com\/wp-content\/uploads\/2025\/02\/8161xyfr9bL._AC_SL1500_.jpg?fit=926%2C1200&ssl=1&resize=350%2C200","width":350,"height":200},"classes":[]},{"id":9359,"url":"https:\/\/anythingtechnicallc.com\/index.php\/de\/product\/shure-rmce-tw2-gen-2-true-wireless-secure-fit-adapter-links-rechts\/","url_meta":{"origin":9006,"position":1},"title":"Shure RMCE-TW2 Gen 2 True Wireless Secure Fit Adapter &#8211; Links \/ Rechts","date":"March 19, 2026","format":false,"excerpt":"Der True Wireless Adapter verwandelt jeden abnehmbaren Shure Sound Isolating Ohrh\u00f6rer in einen kabellosen Kopfh\u00f6rer (Ohrh\u00f6rer separat erh\u00e4ltlich). Sicherer, ohrumschlie\u00dfender Sitz. Ihre Ohrh\u00f6rer bleiben an Ort und Stelle und sorgen f\u00fcr einen unvergleichlichen, lang anhaltenden Tragekomfort, selbst bei anstrengenden Aktivit\u00e4ten. Umgebungsmodus. H\u00f6ren Sie die Au\u00dfenwelt mit nur einem Knopfdruck. Bis\u2026","rel":"","context":"Similar post","img":{"alt_text":"","src":"https:\/\/i0.wp.com\/anythingtechnicallc.com\/wp-content\/uploads\/2025\/08\/61QmtAN3qwL._AC_SL1200_.jpg?fit=1089%2C1200&ssl=1&resize=350%2C200","width":350,"height":200},"classes":[]},{"id":9352,"url":"https:\/\/anythingtechnicallc.com\/index.php\/de\/product\/shure-true-wireless-adapter-gen-2-fuer-klangisolierende-ohrhoerer-sichere-ueber-ohr-passform-bluetooth-5-wireless-technologie-lange-akkulaufzeit-mit-ladeetui-fingertip-steuerung-rmce-tw2\/","url_meta":{"origin":9006,"position":2},"title":"Shure True Wireless Adapter (Gen 2) f\u00fcr klangisolierende Ohrh\u00f6rer, sichere \u00dcber-Ohr-Passform, Bluetooth 5 Wireless-Technologie, lange Akkulaufzeit mit Ladeetui &#038; Fingertip-Steuerung (RMCE-TW2)","date":"March 19, 2026","format":false,"excerpt":"TRUE WIRELESS ADAPTER GEN 2 - Der True Wireless Adapter, Gen 2 verwandelt jeden abnehmbaren Shure Sound Isolating Ohrh\u00f6rer in ein echtes Drahtlosger\u00e4t (Ohrh\u00f6rer separat erh\u00e4ltlich). SCHWEISS- UND WASSERBEST\u00c4NDIG - Schwei\u00df- und wasserfest mit einer IPX4-Einstufung in Verbindung mit abnehmbaren Shure Ohrh\u00f6rern. Sie wurden strengen Qualit\u00e4ts- und Haltbarkeitstests unterzogen, um\u2026","rel":"","context":"Similar post","img":{"alt_text":"","src":"https:\/\/i0.wp.com\/anythingtechnicallc.com\/wp-content\/uploads\/2025\/08\/511IBeHiNdL._AC_SL1000_.jpg?fit=927%2C938&ssl=1&resize=350%2C200","width":350,"height":200},"classes":[]},{"id":8915,"url":"https:\/\/anythingtechnicallc.com\/index.php\/de\/product\/shure-rmce-bt1-bluetooth-faehiges-zubehoerkabel-mit-fernbedienung-mikrofon\/","url_meta":{"origin":9006,"position":3},"title":"Shure RMCE-BT1 Bluetooth-f\u00e4higes Zubeh\u00f6rkabel mit Fernbedienung + Mikrofon","date":"March 18, 2026","format":false,"excerpt":"MMCX-Anschl\u00fcsse f\u00fcr die meisten Shure Sound Isolating Ohrh\u00f6rer sorgen f\u00fcr stundenlangen H\u00f6rgenuss mit der Freiheit der kabellosen \u00dcbertragung und der Einfachheit von Bluetooth. Zu den kompatiblen Modellen geh\u00f6ren SE215, SE315, SE425, SE535 und SE846 (Ohrh\u00f6rer nicht im Lieferumfang enthalten). Bluetooth 4.1 l\u00e4sst sich mit den meisten Mobiltelefonen, Laptops und Tablets\u2026","rel":"","context":"Similar post","img":{"alt_text":"","src":"https:\/\/i0.wp.com\/anythingtechnicallc.com\/wp-content\/uploads\/2023\/03\/Shure-RMCE-BT1-Bluetooth-Enabled-Accessory-Cable-with-Remote-Mic-0.jpg?fit=387%2C500&ssl=1&resize=350%2C200","width":350,"height":200},"classes":[]},{"id":9355,"url":"https:\/\/anythingtechnicallc.com\/index.php\/de\/product\/gebrauchte-shure-rmce-tw1-wireless-adapter-fuer-shure-sound-isolating-earphones-wireless-bluetooth-kompatibel-8-stunden-akkulaufzeit-komfortable-over-ear-passform-schwarz\/","url_meta":{"origin":9006,"position":4},"title":"Gebrauchte Shure Rmce-Tw1, Wireless Adapter f\u00fcr Shure Sound Isolating Earphones, Wireless Bluetooth kompatibel, 8 Stunden Akkulaufzeit, komfortable Over Ear Passform, Schwarz","date":"March 19, 2026","format":false,"excerpt":"Machen Sie Schluss mit Kabeln: Das Shure True Wireless Secure Fit Adapter Set verwandelt jeden abnehmbaren Shure Sound Isolating Ohrh\u00f6rer in einen echten kabellosen Kopfh\u00f6rer (Ohrh\u00f6rer sind separat erh\u00e4ltlich). SICHERER & KOMFORTABLER SITZ: Dieser Adapter f\u00fcr \u00dcber-Ohr-Kopfh\u00f6rer wurde mit dem gleichen Design entwickelt, das Musiker f\u00fcr In-Ear-Monitoring auf der B\u00fchne\u2026","rel":"","context":"Similar post","img":{"alt_text":"","src":"https:\/\/i0.wp.com\/anythingtechnicallc.com\/wp-content\/uploads\/2025\/08\/Shure-RMCE-TW1.jpg?fit=1200%2C900&ssl=1&resize=350%2C200","width":350,"height":200},"classes":[]},{"id":9068,"url":"https:\/\/anythingtechnicallc.com\/index.php\/de\/product\/shure-aonic-free-true-wireless-earbuds-klangisolierende-kabellose-bluetooth-kopfhoerer-21-stunden-akkulaufzeit-klang-in-studioqualitaet-klare-anrufe-langlebige-qualitaet-geringes-gewicht-steuer\/","url_meta":{"origin":9006,"position":5},"title":"Shure AONIC Free True Wireless Earbuds, klangisolierende kabellose Bluetooth-Kopfh\u00f6rer, 21 Stunden Akkulaufzeit, Klang in Studioqualit\u00e4t, klare Anrufe, langlebige Qualit\u00e4t, geringes Gewicht, Steuerung mit den Fingerspitzen","date":"March 18, 2026","format":false,"excerpt":"Hinweis : Wenn die Gr\u00f6\u00dfe der Ohrst\u00f6psel nicht mit der Gr\u00f6\u00dfe Ihrer Geh\u00f6rg\u00e4nge \u00fcbereinstimmt oder das Headset nicht richtig in Ihren Ohren getragen wird, erhalten Sie m\u00f6glicherweise nicht die richtige Klangqualit\u00e4t oder Anrufleistung. Tauschen Sie die Ohrst\u00f6psel gegen solche aus, die besser in Ihrem Ohr sitzen. Klare, tiefe B\u00e4sse, STUDIO-Klangqualit\u00e4t\u2026","rel":"","context":"Similar post","img":{"alt_text":"","src":"https:\/\/i0.wp.com\/anythingtechnicallc.com\/wp-content\/uploads\/2024\/09\/Shure-Aonic-Free-scaled.jpg?fit=1200%2C675&ssl=1&resize=350%2C200","width":350,"height":200},"classes":[]}],"pll_sync_post":[],"lang":"de","translations":{"de":9006,"en":2869},"_links":{"self":[{"href":"https:\/\/anythingtechnicallc.com\/index.php\/wp-json\/wp\/v2\/product\/9006","targetHints":{"allow":["GET"]}}],"collection":[{"href":"https:\/\/anythingtechnicallc.com\/index.php\/wp-json\/wp\/v2\/product"}],"about":[{"href":"https:\/\/anythingtechnicallc.com\/index.php\/wp-json\/wp\/v2\/types\/product"}],"replies":[{"embeddable":true,"href":"https:\/\/anythingtechnicallc.com\/index.php\/wp-json\/wp\/v2\/comments?post=9006"}],"wp:featuredmedia":[{"embeddable":true,"href":"https:\/\/anythingtechnicallc.com\/index.php\/wp-json\/wp\/v2\/media\/9005"}],"wp:attachment":[{"href":"https:\/\/anythingtechnicallc.com\/index.php\/wp-json\/wp\/v2\/media?parent=9006"}],"wp:term":[{"taxonomy":"product_brand","embeddable":true,"href":"https:\/\/anythingtechnicallc.com\/index.php\/wp-json\/wp\/v2\/product_brand?post=9006"},{"taxonomy":"product_cat","embeddable":true,"href":"https:\/\/anythingtechnicallc.com\/index.php\/wp-json\/wp\/v2\/product_cat?post=9006"},{"taxonomy":"product_tag","embeddable":true,"href":"https:\/\/anythingtechnicallc.com\/index.php\/wp-json\/wp\/v2\/product_tag?post=9006"}],"curies":[{"name":"wp","href":"https:\/\/api.w.org\/{rel}","templated":true}]}}