{"id":9035,"date":"2026-03-18T15:12:56","date_gmt":"2026-03-18T15:12:56","guid":{"rendered":"https:\/\/anythingtechnicallc.com\/?post_type=product&#038;p=9035"},"modified":"2026-03-18T15:12:57","modified_gmt":"2026-03-18T15:12:57","slug":"shure-rmce-usb-kopfhoerer-kommunikationskabel","status":"publish","type":"product","link":"https:\/\/anythingtechnicallc.com\/index.php\/de\/product\/shure-rmce-usb-kopfhoerer-kommunikationskabel\/","title":{"rendered":"Shure RMCE-USB Kopfh\u00f6rer Kommunikationskabel"},"content":{"rendered":"<ul class=\"a-unordered-list a-vertical a-spacing-mini\">\n<li class=\"a-spacing-mini\"><span class=\"a-list-item\">Usb-c Kommunikationskabel mit Mikrofon und Bedienelementen f\u00fcr Shure Sound Isolating Ohrh\u00f6rer mit direktem Anschluss an Android-Ger\u00e4te mit Mini-USB.<\/span><\/li>\n<li class=\"a-spacing-mini\"><span class=\"a-list-item\">Integrierter DAC\/Kopfh\u00f6rerverst\u00e4rker f\u00fcr 24-bit\/96 kHz digitales Audio.<\/span><\/li>\n<li class=\"a-spacing-mini\"><span class=\"a-list-item\">Das Inline-Mikrofon und die Fernbedienung sorgen f\u00fcr Klarheit bei Anrufen und Sprachansagen und bieten eine Lautst\u00e4rke- und Wiedergabesteuerung.<\/span><\/li>\n<li class=\"a-spacing-mini\"><span class=\"a-list-item\">Misst 50 Zoll (127 cm) in der L\u00e4nge.<\/span><\/li>\n<\/ul>\n","protected":false},"excerpt":{"rendered":"<ul class=\"a-unordered-list a-vertical a-spacing-mini\">\n<li class=\"a-spacing-mini\"><span class=\"a-list-item\">Usb-c Kommunikationskabel mit Mikrofon und Bedienelementen f\u00fcr Shure Sound Isolating Ohrh\u00f6rer mit direktem Anschluss an Android-Ger\u00e4te mit Mini-USB.<\/span><\/li>\n<li class=\"a-spacing-mini\"><span class=\"a-list-item\">Integrierter DAC\/Kopfh\u00f6rerverst\u00e4rker f\u00fcr 24-bit\/96 kHz digitales Audio.<\/span><\/li>\n<li class=\"a-spacing-mini\"><span class=\"a-list-item\">Das Inline-Mikrofon und die Fernbedienung sorgen f\u00fcr Klarheit bei Anrufen und Sprachansagen und bieten eine Lautst\u00e4rke- und Wiedergabesteuerung.<\/span><\/li>\n<li class=\"a-spacing-mini\"><span class=\"a-list-item\">Misst 50 Zoll (127 cm) in der L\u00e4nge.<\/span><\/li>\n<\/ul>\n","protected":false},"featured_media":9034,"comment_status":"open","ping_status":"closed","template":"","meta":{"_et_pb_use_builder":"","_et_pb_old_content":"","_et_gb_content_width":""},"product_brand":[],"product_cat":[1372],"product_tag":[],"class_list":{"0":"post-9035","1":"product","2":"type-product","3":"status-publish","4":"has-post-thumbnail","6":"product_cat-elektronik","8":"first","9":"instock","10":"taxable","11":"shipping-taxable","12":"purchasable","13":"product-type-simple"},"exclude_global_add_ons":[],"addons":[],"jetpack-related-posts":[{"id":9026,"url":"https:\/\/anythingtechnicallc.com\/index.php\/de\/product\/shure-rmce-uni-remote-mic-universal-kommunikationskabel-fuer-abnehmbare-se-ohrhoerer-35-mm-anschluss-50-zoll-lang-anrufe-sprachansagen-lautstaerke-wiedergabesteuerung-auf-apple-und-android-g\/","url_meta":{"origin":9035,"position":0},"title":"Shure RMCE-UNI Remote Mic Universal Kommunikationskabel f\u00fcr abnehmbare SE Ohrh\u00f6rer &#8211; 3,5 mm Anschluss, 50 Zoll lang &#8211; Anrufe, Sprachansagen, Lautst\u00e4rke-\/Wiedergabesteuerung auf Apple- und Android-Ger\u00e4ten","date":"March 18, 2026","format":false,"excerpt":"Nahtloser \u00dcbergang zwischen Apple- und Android-Ger\u00e4ten. Kompatibel mit allen abnehmbaren SE Sound Isolating Earphones. Das integrierte Mikrofon erm\u00f6glicht eine hervorragende Lautst\u00e4rke- und Wiedergabesteuerung. Dieselbe au\u00dfergew\u00f6hnliche Klangqualit\u00e4t, die Sie von Shure gewohnt sind.","rel":"","context":"Similar post","img":{"alt_text":"","src":"https:\/\/i0.wp.com\/anythingtechnicallc.com\/wp-content\/uploads\/2024\/09\/41VxWmtGlL._AC_SL1000_.jpg?fit=282%2C772&ssl=1&resize=350%2C200","width":350,"height":200},"classes":[]},{"id":8915,"url":"https:\/\/anythingtechnicallc.com\/index.php\/de\/product\/shure-rmce-bt1-bluetooth-faehiges-zubehoerkabel-mit-fernbedienung-mikrofon\/","url_meta":{"origin":9035,"position":1},"title":"Shure RMCE-BT1 Bluetooth-f\u00e4higes Zubeh\u00f6rkabel mit Fernbedienung + Mikrofon","date":"March 18, 2026","format":false,"excerpt":"MMCX-Anschl\u00fcsse f\u00fcr die meisten Shure Sound Isolating Ohrh\u00f6rer sorgen f\u00fcr stundenlangen H\u00f6rgenuss mit der Freiheit der kabellosen \u00dcbertragung und der Einfachheit von Bluetooth. Zu den kompatiblen Modellen geh\u00f6ren SE215, SE315, SE425, SE535 und SE846 (Ohrh\u00f6rer nicht im Lieferumfang enthalten). Bluetooth 4.1 l\u00e4sst sich mit den meisten Mobiltelefonen, Laptops und Tablets\u2026","rel":"","context":"Similar post","img":{"alt_text":"","src":"https:\/\/i0.wp.com\/anythingtechnicallc.com\/wp-content\/uploads\/2023\/03\/Shure-RMCE-BT1-Bluetooth-Enabled-Accessory-Cable-with-Remote-Mic-0.jpg?fit=387%2C500&ssl=1&resize=350%2C200","width":350,"height":200},"classes":[]},{"id":9349,"url":"https:\/\/anythingtechnicallc.com\/index.php\/de\/product\/gebrauchtes-shure-mvi-digital-audio-interface-mit-usb-und-lightning-kabeln\/","url_meta":{"origin":9035,"position":2},"title":"Gebrauchtes Shure MVi Digital Audio Interface mit USB- und Lightning-Kabeln","date":"March 19, 2026","format":false,"excerpt":"Digitales Audio-Interface f\u00fcr den Anschluss eines professionellen XLR-Mikrofons oder eines 1\/4\"-Instrumentenausgangs an einen Computer oder ein mobiles Ger\u00e4t. Zu den Funktionen geh\u00f6ren 5 voreingestellte DSP-Modi f\u00fcr EQ-, Kompressions- und Limiter-Einstellungen, Verst\u00e4rkungsregelung, Stummschaltung und Lautst\u00e4rke sowie Phantomspeisung. 5 DSP-Vorgabemodi (Sprache, Gesang, flach, akustisches Instrument, laut) f\u00fcr EQ-, Kompressions- und Limiter-Einstellungen. \u00dcber\u2026","rel":"","context":"Similar post","img":{"alt_text":"","src":"https:\/\/i0.wp.com\/anythingtechnicallc.com\/wp-content\/uploads\/2025\/08\/71tfHTkRJvL._AC_SL1500_.jpg?fit=1200%2C806&ssl=1&resize=350%2C200","width":350,"height":200},"classes":[]},{"id":9038,"url":"https:\/\/anythingtechnicallc.com\/index.php\/de\/product\/shure-rmce-ltg-lightning-kabel-kopfhoerer-zubehoer\/","url_meta":{"origin":9035,"position":3},"title":"Shure RMCE-LTG Lightning Kabel Kopfh\u00f6rer-Zubeh\u00f6r","date":"March 18, 2026","format":false,"excerpt":"Mit dem Premium Remote + Mic Lightning Accessory Cable (RMCE-LTG) k\u00f6nnen die Shure SE Earphones mit abnehmbarem Kabel direkt mit den neuesten Apple iOS-Ger\u00e4ten verbunden werden, um hochwertige digitale Audio- und Kommunikationssteuerung zu erm\u00f6glichen. Funktioniert mit SE215, SE315, SE425, SE535 und SE846 Sound Isolating Earphones. 50-Zoll-Kabel f\u00fcr die Verwendung mit\u2026","rel":"","context":"Similar post","img":{"alt_text":"","src":"https:\/\/i0.wp.com\/anythingtechnicallc.com\/wp-content\/uploads\/2024\/09\/61SbpsJoELL._AC_SL1500_.jpg?fit=1200%2C451&ssl=1&resize=350%2C200","width":350,"height":200},"classes":[]},{"id":9130,"url":"https:\/\/anythingtechnicallc.com\/index.php\/de\/product\/shure-mv7-usb-mikrofon-fuer-podcasting-aufnahmen-live-streaming-und-spiele-integrierter-kopfhoererausgang-dynamisches-usb-xlr-mikrofon-aus-metall-sprachisolierende-technologie-teamspeak-und-zoo\/","url_meta":{"origin":9035,"position":4},"title":"Shure MV7 USB-Mikrofon f\u00fcr Podcasting, Aufnahmen, Live-Streaming und Spiele, integrierter Kopfh\u00f6rerausgang, dynamisches USB\/XLR-Mikrofon aus Metall, sprachisolierende Technologie, TeamSpeak- und Zoom-zertifiziert &#8211; Schwarz","date":"March 19, 2026","format":false,"excerpt":"Das Shure MV7 ist ein professionelles dynamisches USB\/XLR-Mikrofon, das vom legend\u00e4ren SM7B inspiriert wurde und sich ideal f\u00fcr Nahbesprechungsanwendungen eignet, bei denen eine gute Sprachverst\u00e4ndlichkeit und ein ausgewogener Klang erforderlich sind. \u00dcber ein Touchpanel am Mikrofon selbst k\u00f6nnen Sie die Mikrofonverst\u00e4rkung, den Kopfh\u00f6rerpegel, den Monitormix und die Stummschaltung steuern. Mit\u2026","rel":"","context":"Similar post","img":{"alt_text":"","src":"https:\/\/i0.wp.com\/anythingtechnicallc.com\/wp-content\/uploads\/2025\/02\/81ZHXEuhgIL._AC_SL1500_.jpg?fit=909%2C1200&ssl=1&resize=350%2C200","width":350,"height":200},"classes":[]},{"id":9309,"url":"https:\/\/anythingtechnicallc.com\/index.php\/de\/product\/shure-mv88-video-kit-digitales-stereo-kondensatormikrofon-fuer-apple-und-android-mit-manfrotto-pixi-stativ-telefonklammer-halterung-ios-und-usb-c-kabel-fuer-kompatibilitaet-und-konnektivitaet\/","url_meta":{"origin":9035,"position":5},"title":"Shure MV88+ Video Kit &#8211; Digitales Stereo-Kondensatormikrofon f\u00fcr Apple und Android, mit Manfrotto PIXI-Stativ, Telefonklammer, Halterung, iOS- und USB-C-Kabel f\u00fcr Kompatibilit\u00e4t und Konnektivit\u00e4t auf h\u00f6chstem Niveau","date":"March 19, 2026","format":false,"excerpt":"Das MOTIV MV88+ Video Kit ist ein hochwertiges digitales Stereo-Kondensatormikrofon. Ihr neues mobiles Aufnahmeger\u00e4t l\u00e4sst sich \u00fcber einen Lightning-Anschluss direkt mit jedem Apple-Ger\u00e4t oder \u00fcber USB-C mit ausgew\u00e4hlten weiteren Ger\u00e4ten verbinden. Das MV88+ hat alles, was Sie brauchen, um gro\u00dfartige Aufnahmen zu machen - direkt nach dem Auspacken. Die im\u2026","rel":"","context":"Similar post","img":{"alt_text":"","src":"https:\/\/i0.wp.com\/anythingtechnicallc.com\/wp-content\/uploads\/2025\/07\/71V1p0Wj5JL._AC_SL1500_.jpg?fit=1163%2C1200&ssl=1&resize=350%2C200","width":350,"height":200},"classes":[]}],"pll_sync_post":[],"lang":"de","translations":{"de":9035,"en":5353},"_links":{"self":[{"href":"https:\/\/anythingtechnicallc.com\/index.php\/wp-json\/wp\/v2\/product\/9035","targetHints":{"allow":["GET"]}}],"collection":[{"href":"https:\/\/anythingtechnicallc.com\/index.php\/wp-json\/wp\/v2\/product"}],"about":[{"href":"https:\/\/anythingtechnicallc.com\/index.php\/wp-json\/wp\/v2\/types\/product"}],"replies":[{"embeddable":true,"href":"https:\/\/anythingtechnicallc.com\/index.php\/wp-json\/wp\/v2\/comments?post=9035"}],"wp:featuredmedia":[{"embeddable":true,"href":"https:\/\/anythingtechnicallc.com\/index.php\/wp-json\/wp\/v2\/media\/9034"}],"wp:attachment":[{"href":"https:\/\/anythingtechnicallc.com\/index.php\/wp-json\/wp\/v2\/media?parent=9035"}],"wp:term":[{"taxonomy":"product_brand","embeddable":true,"href":"https:\/\/anythingtechnicallc.com\/index.php\/wp-json\/wp\/v2\/product_brand?post=9035"},{"taxonomy":"product_cat","embeddable":true,"href":"https:\/\/anythingtechnicallc.com\/index.php\/wp-json\/wp\/v2\/product_cat?post=9035"},{"taxonomy":"product_tag","embeddable":true,"href":"https:\/\/anythingtechnicallc.com\/index.php\/wp-json\/wp\/v2\/product_tag?post=9035"}],"curies":[{"name":"wp","href":"https:\/\/api.w.org\/{rel}","templated":true}]}}