{"id":9038,"date":"2026-03-18T15:13:48","date_gmt":"2026-03-18T15:13:48","guid":{"rendered":"https:\/\/anythingtechnicallc.com\/?post_type=product&#038;p=9038"},"modified":"2026-03-18T15:13:49","modified_gmt":"2026-03-18T15:13:49","slug":"shure-rmce-ltg-lightning-kabel-kopfhoerer-zubehoer","status":"publish","type":"product","link":"https:\/\/anythingtechnicallc.com\/index.php\/de\/product\/shure-rmce-ltg-lightning-kabel-kopfhoerer-zubehoer\/","title":{"rendered":"Shure RMCE-LTG Lightning Kabel Kopfh\u00f6rer-Zubeh\u00f6r"},"content":{"rendered":"<div id=\"featurebullets_feature_div\" class=\"celwidget\" data-feature-name=\"featurebullets\" data-csa-c-type=\"widget\" data-csa-c-content-id=\"featurebullets\" data-csa-c-slot-id=\"featurebullets_feature_div\" data-csa-c-asin=\"B06XDLT77Y\" data-csa-c-is-in-initial-active-row=\"false\" data-csa-c-id=\"kt6iw5-ibjgbv-ksn88p-q1y0r9\">\n<div id=\"feature-bullets\" class=\"a-section a-spacing-medium a-spacing-top-small\">\n<ul class=\"a-unordered-list a-vertical a-spacing-mini\">\n<li class=\"a-spacing-mini\"><span class=\"a-list-item\">Mit dem Premium Remote + Mic Lightning Accessory Cable (RMCE-LTG) k\u00f6nnen die Shure SE Earphones mit abnehmbarem Kabel direkt mit den neuesten Apple iOS-Ger\u00e4ten verbunden werden, um hochwertige digitale Audio- und Kommunikationssteuerung zu erm\u00f6glichen.<\/span><\/li>\n<li class=\"a-spacing-mini\"><span class=\"a-list-item\">Funktioniert mit SE215, SE315, SE425, SE535 und SE846 Sound Isolating Earphones.<\/span><\/li>\n<li class=\"a-spacing-mini\"><span class=\"a-list-item\">50-Zoll-Kabel f\u00fcr die Verwendung mit Apple iOS-Ger\u00e4ten mit Lightning-Anschluss.<\/span><\/li>\n<li class=\"a-spacing-mini\"><span class=\"a-list-item\">Die Inline-Fernbedienung mit drei Tasten steuert die wichtigsten Telefonfunktionen mit einem reaktionsschnellen, taktilen Gef\u00fchl. Kommunikation: Anruf senden\/beenden, Siri-Sprachsteuerung. Musikwiedergabe: Abspielen, Anhalten, Vorspulen, Zur\u00fcckspulen, \u00dcberspringen. Das Mikrofon ist so platziert, dass die Sprache klar und die Sprachbefehle verst\u00e4ndlich sind.<\/span><\/li>\n<li class=\"a-spacing-mini\"><span class=\"a-list-item\">Mit strapazierf\u00e4higem, verst\u00e4rktem Kabel f\u00fcr jahrelange Nutzung, MMCX-Anschl\u00fcssen und einer anpassbaren Kabelform.<\/span><\/li>\n<\/ul>\n<\/div>\n<\/div>\n<div id=\"acf-carousel_feature_div\" class=\"celwidget\" data-feature-name=\"acf-carousel\" data-csa-c-type=\"widget\" data-csa-c-content-id=\"acf-carousel\" data-csa-c-slot-id=\"acf-carousel_feature_div\" data-csa-c-asin=\"B06XDLT77Y\" data-csa-c-is-in-initial-active-row=\"false\" data-csa-c-id=\"61homy-u1di6i-skf5j6-8qrewc\"><\/div>\n<div id=\"provenanceCertifications_feature_div\" class=\"celwidget\" data-feature-name=\"provenanceCertifications\" data-csa-c-type=\"widget\" data-csa-c-content-id=\"provenanceCertifications\" data-csa-c-slot-id=\"provenanceCertifications_feature_div\" data-csa-c-asin=\"B06XDLT77Y\" data-csa-c-is-in-initial-active-row=\"false\" data-csa-c-id=\"8tchxr-wg9luy-eidx32-ef3l7d\"><\/div>\n<div id=\"globalStoreInfoBullets_feature_div\" class=\"celwidget\" data-feature-name=\"globalStoreInfoBullets\" data-csa-c-type=\"widget\" data-csa-c-content-id=\"globalStoreInfoBullets\" data-csa-c-slot-id=\"globalStoreInfoBullets_feature_div\" data-csa-c-asin=\"B06XDLT77Y\" data-csa-c-is-in-initial-active-row=\"false\" data-csa-c-id=\"pygm9i-ue4ge1-25q835-nprszi\"><\/div>\n<div id=\"addOnItem_feature_div\" class=\"celwidget\" data-feature-name=\"addOnItem\" data-csa-c-type=\"widget\" data-csa-c-content-id=\"addOnItem\" data-csa-c-slot-id=\"addOnItem_feature_div\" data-csa-c-asin=\"B06XDLT77Y\" data-csa-c-is-in-initial-active-row=\"false\" data-csa-c-id=\"y9o3ov-abk162-153v07-oztqly\"><\/div>\n<div id=\"andonCord_feature_div\" class=\"celwidget\" data-feature-name=\"andonCord\" data-csa-c-type=\"widget\" data-csa-c-content-id=\"andonCord\" data-csa-c-slot-id=\"andonCord_feature_div\" data-csa-c-asin=\"B06XDLT77Y\" data-csa-c-is-in-initial-active-row=\"false\" data-csa-c-id=\"ss5024-fln0ne-myhg64-xe91wb\"><\/div>\n<div id=\"HLCXComparisonJumplink_feature_div\"><\/div>\n<div id=\"buyingOptionNostosBadge_feature_div\" class=\"celwidget\" data-feature-name=\"buyingOptionNostosBadge\" data-csa-c-type=\"widget\" data-csa-c-content-id=\"buyingOptionNostosBadge\" data-csa-c-slot-id=\"buyingOptionNostosBadge_feature_div\" data-csa-c-asin=\"B06XDLT77Y\" data-csa-c-is-in-initial-active-row=\"false\" data-csa-c-id=\"1izo0w-beou5l-3qxvi5-d17pxy\"><\/div>\n<div id=\"tellAmazon_feature_div\" class=\"celwidget\" data-feature-name=\"tellAmazon\" data-csa-c-type=\"widget\" data-csa-c-content-id=\"tellAmazon\" data-csa-c-slot-id=\"tellAmazon_feature_div\" data-csa-c-asin=\"B06XDLT77Y\" data-csa-c-is-in-initial-active-row=\"false\" data-csa-c-id=\"lfyv51-6kiy22-qqhkzb-4zehu3\">\n<div class=\"celwidget c-f\" data-csa-op-log-render=\"\" data-csa-c-content-id=\"DsUnknown\" data-csa-c-slot-id=\"DsUnknown-3\" data-csa-c-type=\"widget\" data-csa-c-painter=\"tell-amazon-desktop-cards\" data-csa-c-id=\"2fl3bj-8ubboy-g2whb5-9ld1xn\">\n<div id=\"CardInstancepXjPPuv2lFhDP2OxRr5QFQ\" data-card-metrics-id=\"tell-amazon-desktop_DetailPage_2\" data-acp-tracking=\"{}\" data-mix-claimed=\"true\">\n<div class=\"_tell-amazon-desktop_style_tell_amazon_div__1YDZk\" data-asin=\"B06XDLT77Y\" data-marketplace=\"ATVPDKIKX0DER\" data-logged-in=\"true\"><\/div>\n<\/div>\n<\/div>\n<\/div>\n","protected":false},"excerpt":{"rendered":"<div id=\"featurebullets_feature_div\" class=\"celwidget\" data-feature-name=\"featurebullets\" data-csa-c-type=\"widget\" data-csa-c-content-id=\"featurebullets\" data-csa-c-slot-id=\"featurebullets_feature_div\" data-csa-c-asin=\"B06XDLT77Y\" data-csa-c-is-in-initial-active-row=\"false\" data-csa-c-id=\"kt6iw5-ibjgbv-ksn88p-q1y0r9\">\n<div id=\"feature-bullets\" class=\"a-section a-spacing-medium a-spacing-top-small\">\n<ul class=\"a-unordered-list a-vertical a-spacing-mini\">\n<li class=\"a-spacing-mini\"><span class=\"a-list-item\">Mit dem Premium Remote + Mic Lightning Accessory Cable (RMCE-LTG) k\u00f6nnen die Shure SE Earphones mit abnehmbarem Kabel direkt mit den neuesten Apple iOS-Ger\u00e4ten verbunden werden, um hochwertige digitale Audio- und Kommunikationssteuerung zu erm\u00f6glichen.<\/span><\/li>\n<li class=\"a-spacing-mini\"><span class=\"a-list-item\">Funktioniert mit SE215, SE315, SE425, SE535 und SE846 Sound Isolating Earphones.<\/span><\/li>\n<li class=\"a-spacing-mini\"><span class=\"a-list-item\">50-Zoll-Kabel f\u00fcr die Verwendung mit Apple iOS-Ger\u00e4ten mit Lightning-Anschluss.<\/span><\/li>\n<li class=\"a-spacing-mini\"><span class=\"a-list-item\">Die Inline-Fernbedienung mit drei Tasten steuert die wichtigsten Telefonfunktionen mit einem reaktionsschnellen, taktilen Gef\u00fchl. Kommunikation: Anruf senden\/beenden, Siri-Sprachsteuerung. Musikwiedergabe: Abspielen, Anhalten, Vorspulen, Zur\u00fcckspulen, \u00dcberspringen. Das Mikrofon ist so platziert, dass die Sprache klar und die Sprachbefehle verst\u00e4ndlich sind.<\/span><\/li>\n<li class=\"a-spacing-mini\"><span class=\"a-list-item\">Mit strapazierf\u00e4higem, verst\u00e4rktem Kabel f\u00fcr jahrelange Nutzung, MMCX-Anschl\u00fcssen und einer anpassbaren Kabelform.<\/span><\/li>\n<\/ul>\n<\/div>\n<\/div>\n<div id=\"acf-carousel_feature_div\" class=\"celwidget\" data-feature-name=\"acf-carousel\" data-csa-c-type=\"widget\" data-csa-c-content-id=\"acf-carousel\" data-csa-c-slot-id=\"acf-carousel_feature_div\" data-csa-c-asin=\"B06XDLT77Y\" data-csa-c-is-in-initial-active-row=\"false\" data-csa-c-id=\"61homy-u1di6i-skf5j6-8qrewc\"><\/div>\n<div id=\"provenanceCertifications_feature_div\" class=\"celwidget\" data-feature-name=\"provenanceCertifications\" data-csa-c-type=\"widget\" data-csa-c-content-id=\"provenanceCertifications\" data-csa-c-slot-id=\"provenanceCertifications_feature_div\" data-csa-c-asin=\"B06XDLT77Y\" data-csa-c-is-in-initial-active-row=\"false\" data-csa-c-id=\"8tchxr-wg9luy-eidx32-ef3l7d\"><\/div>\n<div id=\"globalStoreInfoBullets_feature_div\" class=\"celwidget\" data-feature-name=\"globalStoreInfoBullets\" data-csa-c-type=\"widget\" data-csa-c-content-id=\"globalStoreInfoBullets\" data-csa-c-slot-id=\"globalStoreInfoBullets_feature_div\" data-csa-c-asin=\"B06XDLT77Y\" data-csa-c-is-in-initial-active-row=\"false\" data-csa-c-id=\"pygm9i-ue4ge1-25q835-nprszi\"><\/div>\n<div id=\"addOnItem_feature_div\" class=\"celwidget\" data-feature-name=\"addOnItem\" data-csa-c-type=\"widget\" data-csa-c-content-id=\"addOnItem\" data-csa-c-slot-id=\"addOnItem_feature_div\" data-csa-c-asin=\"B06XDLT77Y\" data-csa-c-is-in-initial-active-row=\"false\" data-csa-c-id=\"y9o3ov-abk162-153v07-oztqly\"><\/div>\n<div id=\"andonCord_feature_div\" class=\"celwidget\" data-feature-name=\"andonCord\" data-csa-c-type=\"widget\" data-csa-c-content-id=\"andonCord\" data-csa-c-slot-id=\"andonCord_feature_div\" data-csa-c-asin=\"B06XDLT77Y\" data-csa-c-is-in-initial-active-row=\"false\" data-csa-c-id=\"ss5024-fln0ne-myhg64-xe91wb\"><\/div>\n<div id=\"HLCXComparisonJumplink_feature_div\"><\/div>\n<div id=\"buyingOptionNostosBadge_feature_div\" class=\"celwidget\" data-feature-name=\"buyingOptionNostosBadge\" data-csa-c-type=\"widget\" data-csa-c-content-id=\"buyingOptionNostosBadge\" data-csa-c-slot-id=\"buyingOptionNostosBadge_feature_div\" data-csa-c-asin=\"B06XDLT77Y\" data-csa-c-is-in-initial-active-row=\"false\" data-csa-c-id=\"1izo0w-beou5l-3qxvi5-d17pxy\"><\/div>\n<div id=\"tellAmazon_feature_div\" class=\"celwidget\" data-feature-name=\"tellAmazon\" data-csa-c-type=\"widget\" data-csa-c-content-id=\"tellAmazon\" data-csa-c-slot-id=\"tellAmazon_feature_div\" data-csa-c-asin=\"B06XDLT77Y\" data-csa-c-is-in-initial-active-row=\"false\" data-csa-c-id=\"lfyv51-6kiy22-qqhkzb-4zehu3\">\n<div class=\"celwidget c-f\" data-csa-op-log-render=\"\" data-csa-c-content-id=\"DsUnknown\" data-csa-c-slot-id=\"DsUnknown-3\" data-csa-c-type=\"widget\" data-csa-c-painter=\"tell-amazon-desktop-cards\" data-csa-c-id=\"2fl3bj-8ubboy-g2whb5-9ld1xn\">\n<div id=\"CardInstancepXjPPuv2lFhDP2OxRr5QFQ\" data-card-metrics-id=\"tell-amazon-desktop_DetailPage_2\" data-acp-tracking=\"{}\" data-mix-claimed=\"true\">\n<div class=\"_tell-amazon-desktop_style_tell_amazon_div__1YDZk\" data-asin=\"B06XDLT77Y\" data-marketplace=\"ATVPDKIKX0DER\" data-logged-in=\"true\"><\/div>\n<\/div>\n<\/div>\n<\/div>\n","protected":false},"featured_media":9037,"comment_status":"open","ping_status":"closed","template":"","meta":{"_et_pb_use_builder":"","_et_pb_old_content":"","_et_gb_content_width":""},"product_brand":[],"product_cat":[1372],"product_tag":[],"class_list":{"0":"post-9038","1":"product","2":"type-product","3":"status-publish","4":"has-post-thumbnail","6":"product_cat-elektronik","8":"first","9":"instock","10":"taxable","11":"shipping-taxable","12":"purchasable","13":"product-type-simple"},"exclude_global_add_ons":[],"addons":[],"jetpack-related-posts":[{"id":8915,"url":"https:\/\/anythingtechnicallc.com\/index.php\/de\/product\/shure-rmce-bt1-bluetooth-faehiges-zubehoerkabel-mit-fernbedienung-mikrofon\/","url_meta":{"origin":9038,"position":0},"title":"Shure RMCE-BT1 Bluetooth-f\u00e4higes Zubeh\u00f6rkabel mit Fernbedienung + Mikrofon","date":"March 18, 2026","format":false,"excerpt":"MMCX-Anschl\u00fcsse f\u00fcr die meisten Shure Sound Isolating Ohrh\u00f6rer sorgen f\u00fcr stundenlangen H\u00f6rgenuss mit der Freiheit der kabellosen \u00dcbertragung und der Einfachheit von Bluetooth. Zu den kompatiblen Modellen geh\u00f6ren SE215, SE315, SE425, SE535 und SE846 (Ohrh\u00f6rer nicht im Lieferumfang enthalten). Bluetooth 4.1 l\u00e4sst sich mit den meisten Mobiltelefonen, Laptops und Tablets\u2026","rel":"","context":"Similar post","img":{"alt_text":"","src":"https:\/\/i0.wp.com\/anythingtechnicallc.com\/wp-content\/uploads\/2023\/03\/Shure-RMCE-BT1-Bluetooth-Enabled-Accessory-Cable-with-Remote-Mic-0.jpg?fit=387%2C500&ssl=1&resize=350%2C200","width":350,"height":200},"classes":[]},{"id":9346,"url":"https:\/\/anythingtechnicallc.com\/index.php\/de\/product\/shure-ohrhoerer-ersatzkabel-fuer-se-sound-isolating-ohrhoerer-mit-abnehmbaren-mmcx-anschlusskabeln-se215-se315-se425-se535-se846-46-zoll-lang-klar-eac46cls\/","url_meta":{"origin":9038,"position":1},"title":"Shure Ohrh\u00f6rer-Ersatzkabel f\u00fcr SE Sound Isolating Ohrh\u00f6rer mit abnehmbaren MMCX-Anschlusskabeln (SE215, SE315, SE425, SE535, SE846) &#8211; 46 Zoll lang, klar (EAC46CLS)","date":"March 19, 2026","format":false,"excerpt":"Abnehmbares, 46 Zoll langes Kabel mit silbernem MMCX-Anschluss. Farbe: Kristallklar. Ersatz-Zubeh\u00f6r.","rel":"","context":"Similar post","img":{"alt_text":"","src":"https:\/\/i0.wp.com\/anythingtechnicallc.com\/wp-content\/uploads\/2025\/08\/717DdiyeH1L._AC_SL1500_.jpg?fit=1200%2C758&ssl=1&resize=350%2C200","width":350,"height":200},"classes":[]},{"id":9024,"url":"https:\/\/anythingtechnicallc.com\/index.php\/de\/product\/shure-ohrhoerer-ersatzkabel-fuer-se-sound-isolating-ohrhoerer-mit-abnehmbaren-mmcx-anschlusskabeln-se215-se315-se425-se535-se846-64-zoll-lang-schwarz-eac46bk\/","url_meta":{"origin":9038,"position":2},"title":"Shure Ohrh\u00f6rer-Ersatzkabel f\u00fcr SE Sound Isolating Ohrh\u00f6rer mit abnehmbaren MMCX-Anschlusskabeln (SE215, SE315, SE425, SE535, SE846) &#8211; 64 Zoll lang, schwarz (EAC46BK)","date":"March 18, 2026","format":false,"excerpt":"Legend\u00e4re Shure Qualit\u00e4t f\u00fcr den harten Alltagseinsatz. Echtes Shure Zubeh\u00f6r. Vernickelter MMCX-Anschluss. Bietet lang anhaltenden Komfort und Strapazierf\u00e4higkeit f\u00fcr die B\u00fchne oder den t\u00e4glichen Gebrauch.","rel":"","context":"Similar post","img":{"alt_text":"","src":"https:\/\/i0.wp.com\/anythingtechnicallc.com\/wp-content\/uploads\/2024\/09\/41VxWmtGlL._AC_SL1000_.jpg?fit=282%2C772&ssl=1&resize=350%2C200","width":350,"height":200},"classes":[]},{"id":9026,"url":"https:\/\/anythingtechnicallc.com\/index.php\/de\/product\/shure-rmce-uni-remote-mic-universal-kommunikationskabel-fuer-abnehmbare-se-ohrhoerer-35-mm-anschluss-50-zoll-lang-anrufe-sprachansagen-lautstaerke-wiedergabesteuerung-auf-apple-und-android-g\/","url_meta":{"origin":9038,"position":3},"title":"Shure RMCE-UNI Remote Mic Universal Kommunikationskabel f\u00fcr abnehmbare SE Ohrh\u00f6rer &#8211; 3,5 mm Anschluss, 50 Zoll lang &#8211; Anrufe, Sprachansagen, Lautst\u00e4rke-\/Wiedergabesteuerung auf Apple- und Android-Ger\u00e4ten","date":"March 18, 2026","format":false,"excerpt":"Nahtloser \u00dcbergang zwischen Apple- und Android-Ger\u00e4ten. Kompatibel mit allen abnehmbaren SE Sound Isolating Earphones. Das integrierte Mikrofon erm\u00f6glicht eine hervorragende Lautst\u00e4rke- und Wiedergabesteuerung. Dieselbe au\u00dfergew\u00f6hnliche Klangqualit\u00e4t, die Sie von Shure gewohnt sind.","rel":"","context":"Similar post","img":{"alt_text":"","src":"https:\/\/i0.wp.com\/anythingtechnicallc.com\/wp-content\/uploads\/2024\/09\/41VxWmtGlL._AC_SL1000_.jpg?fit=282%2C772&ssl=1&resize=350%2C200","width":350,"height":200},"classes":[]},{"id":9309,"url":"https:\/\/anythingtechnicallc.com\/index.php\/de\/product\/shure-mv88-video-kit-digitales-stereo-kondensatormikrofon-fuer-apple-und-android-mit-manfrotto-pixi-stativ-telefonklammer-halterung-ios-und-usb-c-kabel-fuer-kompatibilitaet-und-konnektivitaet\/","url_meta":{"origin":9038,"position":4},"title":"Shure MV88+ Video Kit &#8211; Digitales Stereo-Kondensatormikrofon f\u00fcr Apple und Android, mit Manfrotto PIXI-Stativ, Telefonklammer, Halterung, iOS- und USB-C-Kabel f\u00fcr Kompatibilit\u00e4t und Konnektivit\u00e4t auf h\u00f6chstem Niveau","date":"March 19, 2026","format":false,"excerpt":"Das MOTIV MV88+ Video Kit ist ein hochwertiges digitales Stereo-Kondensatormikrofon. Ihr neues mobiles Aufnahmeger\u00e4t l\u00e4sst sich \u00fcber einen Lightning-Anschluss direkt mit jedem Apple-Ger\u00e4t oder \u00fcber USB-C mit ausgew\u00e4hlten weiteren Ger\u00e4ten verbinden. Das MV88+ hat alles, was Sie brauchen, um gro\u00dfartige Aufnahmen zu machen - direkt nach dem Auspacken. Die im\u2026","rel":"","context":"Similar post","img":{"alt_text":"","src":"https:\/\/i0.wp.com\/anythingtechnicallc.com\/wp-content\/uploads\/2025\/07\/71V1p0Wj5JL._AC_SL1500_.jpg?fit=1163%2C1200&ssl=1&resize=350%2C200","width":350,"height":200},"classes":[]},{"id":9006,"url":"https:\/\/anythingtechnicallc.com\/index.php\/de\/product\/shure-rmce-bt2-hochaufloesendes-bluetooth-5-0-kommunikationskabel\/","url_meta":{"origin":9038,"position":5},"title":"Shure RMCE-BT2 Hochaufl\u00f6sendes Bluetooth 5.0 Kommunikationskabel","date":"March 18, 2026","format":false,"excerpt":"Erstklassige, kabellose Audioleistung. Ein spezieller, hochwertiger Kopfh\u00f6rerverst\u00e4rker sorgt f\u00fcr \u00fcberragende High-Fidelity-Audioqualit\u00e4t mit kabelloser Funktion Unterst\u00fctzung f\u00fcr mehrere Codecs. Qualcomm apt audio, apt HD, apt Low Latency, AAC und SBC erm\u00f6glichen erstklassige digitale Audioqualit\u00e4t. Ausgestattet mit der drahtlosen Bluetooth 5-Technologie. Bluetooth 5. 0 ist au\u00dferdem abw\u00e4rtskompatibel und l\u00e4sst sich mit allen\u2026","rel":"","context":"Similar post","img":{"alt_text":"","src":"https:\/\/i0.wp.com\/anythingtechnicallc.com\/wp-content\/uploads\/2023\/03\/Shure-RMCE-BT2-High-Resolution-Bluetooth-50-Communication-Cable-0.jpg?fit=365%2C500&ssl=1&resize=350%2C200","width":350,"height":200},"classes":[]}],"pll_sync_post":[],"lang":"de","translations":{"de":9038,"en":5355},"_links":{"self":[{"href":"https:\/\/anythingtechnicallc.com\/index.php\/wp-json\/wp\/v2\/product\/9038","targetHints":{"allow":["GET"]}}],"collection":[{"href":"https:\/\/anythingtechnicallc.com\/index.php\/wp-json\/wp\/v2\/product"}],"about":[{"href":"https:\/\/anythingtechnicallc.com\/index.php\/wp-json\/wp\/v2\/types\/product"}],"replies":[{"embeddable":true,"href":"https:\/\/anythingtechnicallc.com\/index.php\/wp-json\/wp\/v2\/comments?post=9038"}],"wp:featuredmedia":[{"embeddable":true,"href":"https:\/\/anythingtechnicallc.com\/index.php\/wp-json\/wp\/v2\/media\/9037"}],"wp:attachment":[{"href":"https:\/\/anythingtechnicallc.com\/index.php\/wp-json\/wp\/v2\/media?parent=9038"}],"wp:term":[{"taxonomy":"product_brand","embeddable":true,"href":"https:\/\/anythingtechnicallc.com\/index.php\/wp-json\/wp\/v2\/product_brand?post=9038"},{"taxonomy":"product_cat","embeddable":true,"href":"https:\/\/anythingtechnicallc.com\/index.php\/wp-json\/wp\/v2\/product_cat?post=9038"},{"taxonomy":"product_tag","embeddable":true,"href":"https:\/\/anythingtechnicallc.com\/index.php\/wp-json\/wp\/v2\/product_tag?post=9038"}],"curies":[{"name":"wp","href":"https:\/\/api.w.org\/{rel}","templated":true}]}}