{"id":9041,"date":"2026-03-18T15:14:30","date_gmt":"2026-03-18T15:14:30","guid":{"rendered":"https:\/\/anythingtechnicallc.com\/?post_type=product&#038;p=9041"},"modified":"2026-03-18T15:14:30","modified_gmt":"2026-03-18T15:14:30","slug":"shure-wl93-serie-subminiatur-kondensator-lavaliermikrofonewl93-schwarz-mit-12-m-4-fuss-kabel","status":"publish","type":"product","link":"https:\/\/anythingtechnicallc.com\/index.php\/de\/product\/shure-wl93-serie-subminiatur-kondensator-lavaliermikrofonewl93-schwarz-mit-12-m-4-fuss-kabel\/","title":{"rendered":"Shure WL93 Serie Subminiatur-Kondensator-Lavaliermikrofone,WL93- Schwarz, mit 1,2 m (4-Fu\u00df) Kabel"},"content":{"rendered":"<ul class=\"a-unordered-list a-vertical a-spacing-mini\">\n<li class=\"a-spacing-mini\"><span class=\"a-list-item\">Das omnidirektionale Miniatur-Lavaliermikrofon sorgt f\u00fcr einen vollen, klaren Klang bei Sprachanwendungen, wie z.B. bei Rundfunkmoderationen und Reden. Verf\u00fcgt \u00fcber einen glatten Frequenzgang, eine kontrollierte Absenkung der niedrigen Frequenzen und vielseitiges Montagezubeh\u00f6r.<\/span><\/li>\n<li class=\"a-spacing-mini\"><span class=\"a-list-item\">Inklusive 1,2 m (4 ft.) Kabel. Verbinden Sie den m\u00e4nnlichen, vierpoligen Miniaturstecker (TA4M) am Ende des 93er Mikrofonkabels mit einem drahtlosen Shure Body-Pack. HINWEIS: Schlie\u00dfen Sie das Mikrofon 93 nicht direkt an ein Mischpult an, ohne den mitgelieferten Vorverst\u00e4rker oder das Body-Pack zu verwenden.<\/span><\/li>\n<li class=\"a-spacing-mini\"><span class=\"a-list-item\">Das WL93, das f\u00fcr den drahtlosen Einsatz vorgesehen ist, wird direkt an einen drahtlosen Shure Taschensender angeschlossen.<\/span><\/li>\n<li class=\"a-spacing-mini\"><span class=\"a-list-item\">Subminiatur-Lavalierdesign; ideale Gr\u00f6\u00dfe f\u00fcr Theater, Fernsehen, Video, Film und Beschallung.<\/span><\/li>\n<li class=\"a-spacing-mini\"><span class=\"a-list-item\">Voller, klarer Klang, vergleichbar mit gr\u00f6\u00dferen Mikrofonen.<\/span><\/li>\n<li class=\"a-spacing-mini\"><span class=\"a-list-item\">Sanfter, erweiterter Frequenzgang mit Pr\u00e4senzanhebung, speziell f\u00fcr den Betrieb als Brustb\u00fcgelmikrofon entwickelt.<\/span><\/li>\n<li class=\"a-spacing-mini\"><span class=\"a-list-item\">Kontrollierter Niederfrequenz-Rolloff reduziert tieffrequente Kleidung und Raumger\u00e4usche.<\/span><\/li>\n<\/ul>\n<div class=\"a-row a-expander-container a-expander-inline-container\">\n<div class=\"a-expander-content a-expander-extend-content a-expander-content-expanded\" data-expanded=\"true\">\n<ul class=\"a-unordered-list a-vertical a-spacing-none\">\n<li class=\"a-spacing-mini\"><span class=\"a-list-item\">Geringe Verzerrung, gro\u00dfer Dynamikbereich. Einheitliche Kugelcharakteristik.<\/span><\/li>\n<li class=\"a-spacing-mini\"><span class=\"a-list-item\">Kleine, unauff\u00e4llige Befestigungselemente: Verwenden Sie den federbelasteten G\u00fcrtelclip, um den Verst\u00e4rker an einem G\u00fcrtel, Rock- oder Hosenbund oder einer Innentasche zu befestigen. Die mit dem WL93 mitgelieferten Krawattenklammern und der Befestigungsb\u00fcgel erm\u00f6glichen es dem Benutzer, das Mikrofon auf verschiedene Weise zu tragen. Um eine optimale Aufnahme zu erzielen, befestigen Sie das Mikrofon an der Brust des Benutzers. Sie erhalten auch einen hochwertigen Klang, wenn Sie das Mikrofon im Haar tragen, in die Kleidung einn\u00e4hen oder an einem akustischen Instrument wie einer Gitarre befestigen.<\/span><\/li>\n<li class=\"a-spacing-mini\"><span class=\"a-list-item\">Ein akustischer Schaumstoff-Windschutz wird mitgeliefert, um unerw\u00fcnschte Windger\u00e4usche bei der Mikrofonierung im Freien zu reduzieren.<\/span><\/li>\n<\/ul>\n<\/div>\n<\/div>\n","protected":false},"excerpt":{"rendered":"<ul class=\"a-unordered-list a-vertical a-spacing-mini\">\n<li class=\"a-spacing-mini\"><span class=\"a-list-item\">Das omnidirektionale Miniatur-Lavaliermikrofon sorgt f\u00fcr einen vollen, klaren Klang bei Sprachanwendungen, wie z.B. bei Rundfunkmoderationen und Reden. Verf\u00fcgt \u00fcber einen glatten Frequenzgang, eine kontrollierte Absenkung der niedrigen Frequenzen und vielseitiges Montagezubeh\u00f6r.<\/span><\/li>\n<li class=\"a-spacing-mini\"><span class=\"a-list-item\">Inklusive 1,2 m (4 ft.) Kabel. Verbinden Sie den m\u00e4nnlichen, vierpoligen Miniaturstecker (TA4M) am Ende des 93er Mikrofonkabels mit einem drahtlosen Shure Body-Pack. HINWEIS: Schlie\u00dfen Sie das Mikrofon 93 nicht direkt an ein Mischpult an, ohne den mitgelieferten Vorverst\u00e4rker oder das Body-Pack zu verwenden.<\/span><\/li>\n<li class=\"a-spacing-mini\"><span class=\"a-list-item\">Das WL93, das f\u00fcr den drahtlosen Einsatz vorgesehen ist, wird direkt an einen drahtlosen Shure Taschensender angeschlossen.<\/span><\/li>\n<li class=\"a-spacing-mini\"><span class=\"a-list-item\">Subminiatur-Lavalierdesign; ideale Gr\u00f6\u00dfe f\u00fcr Theater, Fernsehen, Video, Film und Beschallung.<\/span><\/li>\n<li class=\"a-spacing-mini\"><span class=\"a-list-item\">Voller, klarer Klang, vergleichbar mit gr\u00f6\u00dferen Mikrofonen.<\/span><\/li>\n<li class=\"a-spacing-mini\"><span class=\"a-list-item\">Sanfter, erweiterter Frequenzgang mit Pr\u00e4senzanhebung, speziell f\u00fcr den Betrieb als Brustb\u00fcgelmikrofon entwickelt.<\/span><\/li>\n<li class=\"a-spacing-mini\"><span class=\"a-list-item\">Kontrollierter Niederfrequenz-Rolloff reduziert tieffrequente Kleidung und Raumger\u00e4usche.<\/span><\/li>\n<\/ul>\n<div class=\"a-row a-expander-container a-expander-inline-container\">\n<div class=\"a-expander-content a-expander-extend-content a-expander-content-expanded\" data-expanded=\"true\">\n<ul class=\"a-unordered-list a-vertical a-spacing-none\">\n<li class=\"a-spacing-mini\"><span class=\"a-list-item\">Geringe Verzerrung, gro\u00dfer Dynamikbereich. Einheitliche Kugelcharakteristik.<\/span><\/li>\n<li class=\"a-spacing-mini\"><span class=\"a-list-item\">Kleine, unauff\u00e4llige Befestigungselemente: Verwenden Sie den federbelasteten G\u00fcrtelclip, um den Verst\u00e4rker an einem G\u00fcrtel, Rock- oder Hosenbund oder einer Innentasche zu befestigen. Die mit dem WL93 mitgelieferten Krawattenklammern und der Befestigungsb\u00fcgel erm\u00f6glichen es dem Benutzer, das Mikrofon auf verschiedene Weise zu tragen. Um eine optimale Aufnahme zu erzielen, befestigen Sie das Mikrofon an der Brust des Benutzers. Eine hohe Klangqualit\u00e4t erzielen Sie auch, wenn Sie das Mikrofon im Haar tragen, in die Kleidung einn\u00e4hen oder an einem akustischen Instrument, z.B. einer Gitarre, befestigen.<\/span><\/li>\n<li class=\"a-spacing-mini\"><span class=\"a-list-item\">Ein akustischer Schaumstoff-Windschutz wird mitgeliefert, um unerw\u00fcnschte Windger\u00e4usche bei der Mikrofonierung im Freien zu reduzieren.<\/span><\/li>\n<\/ul>\n<\/div>\n<\/div>\n","protected":false},"featured_media":9040,"comment_status":"open","ping_status":"closed","template":"","meta":{"_et_pb_use_builder":"","_et_pb_old_content":"","_et_gb_content_width":""},"product_brand":[],"product_cat":[1372],"product_tag":[],"class_list":{"0":"post-9041","1":"product","2":"type-product","3":"status-publish","4":"has-post-thumbnail","6":"product_cat-elektronik","8":"first","9":"instock","10":"sale","11":"taxable","12":"shipping-taxable","13":"purchasable","14":"product-type-simple"},"exclude_global_add_ons":[],"addons":[],"jetpack-related-posts":[{"id":9355,"url":"https:\/\/anythingtechnicallc.com\/index.php\/de\/product\/gebrauchte-shure-rmce-tw1-wireless-adapter-fuer-shure-sound-isolating-earphones-wireless-bluetooth-kompatibel-8-stunden-akkulaufzeit-komfortable-over-ear-passform-schwarz\/","url_meta":{"origin":9041,"position":0},"title":"Gebrauchte Shure Rmce-Tw1, Wireless Adapter f\u00fcr Shure Sound Isolating Earphones, Wireless Bluetooth kompatibel, 8 Stunden Akkulaufzeit, komfortable Over Ear Passform, Schwarz","date":"March 19, 2026","format":false,"excerpt":"Machen Sie Schluss mit Kabeln: Das Shure True Wireless Secure Fit Adapter Set verwandelt jeden abnehmbaren Shure Sound Isolating Ohrh\u00f6rer in einen echten kabellosen Kopfh\u00f6rer (Ohrh\u00f6rer sind separat erh\u00e4ltlich). SICHERER & KOMFORTABLER SITZ: Dieser Adapter f\u00fcr \u00dcber-Ohr-Kopfh\u00f6rer wurde mit dem gleichen Design entwickelt, das Musiker f\u00fcr In-Ear-Monitoring auf der B\u00fchne\u2026","rel":"","context":"Similar post","img":{"alt_text":"","src":"https:\/\/i0.wp.com\/anythingtechnicallc.com\/wp-content\/uploads\/2025\/08\/Shure-RMCE-TW1.jpg?fit=1200%2C900&ssl=1&resize=350%2C200","width":350,"height":200},"classes":[]},{"id":9006,"url":"https:\/\/anythingtechnicallc.com\/index.php\/de\/product\/shure-rmce-bt2-hochaufloesendes-bluetooth-5-0-kommunikationskabel\/","url_meta":{"origin":9041,"position":1},"title":"Shure RMCE-BT2 Hochaufl\u00f6sendes Bluetooth 5.0 Kommunikationskabel","date":"March 18, 2026","format":false,"excerpt":"Erstklassige, kabellose Audioleistung. Ein spezieller, hochwertiger Kopfh\u00f6rerverst\u00e4rker sorgt f\u00fcr \u00fcberragende High-Fidelity-Audioqualit\u00e4t mit kabelloser Funktion Unterst\u00fctzung f\u00fcr mehrere Codecs. Qualcomm apt audio, apt HD, apt Low Latency, AAC und SBC erm\u00f6glichen erstklassige digitale Audioqualit\u00e4t. Ausgestattet mit der drahtlosen Bluetooth 5-Technologie. Bluetooth 5. 0 ist au\u00dferdem abw\u00e4rtskompatibel und l\u00e4sst sich mit allen\u2026","rel":"","context":"Similar post","img":{"alt_text":"","src":"https:\/\/i0.wp.com\/anythingtechnicallc.com\/wp-content\/uploads\/2023\/03\/Shure-RMCE-BT2-High-Resolution-Bluetooth-50-Communication-Cable-0.jpg?fit=365%2C500&ssl=1&resize=350%2C200","width":350,"height":200},"classes":[]},{"id":9080,"url":"https:\/\/anythingtechnicallc.com\/index.php\/de\/product\/gebrauchter-shure-blx1-wireless-bodypack-transmitter-mit-ein-aus-schalter-einstellbarem-gain-regler-tqg-anschluss-zur-verwendung-mit-blx-wireless-mikrofonsystemen-empfaenger-separat-erhaeltlich\/","url_meta":{"origin":9041,"position":2},"title":"Gebrauchter Shure BLX1 Wireless Bodypack Transmitter mit Ein\/Aus-Schalter, einstellbarem Gain-Regler, TQG-Anschluss &#8211; zur Verwendung mit BLX Wireless Mikrofonsystemen (Empf\u00e4nger separat erh\u00e4ltlich) | H10 Band","date":"March 19, 2026","format":false,"excerpt":"AUSWAHL DES DRAHTLOSEN FREQUENZBANDES - Bitte vergewissern Sie sich vor dem Kauf, dass das von Ihnen gew\u00e4hlte drahtlose Frequenzband in Ihrer Region funktioniert (Einzelheiten finden Sie auf der Shure Website > Suche nach Shure Wireless Frequency Finder). NUR KOMPONENTE: Damit dieser BLX1 Taschensender funktioniert, m\u00fcssen Sie ihn auf das Frequenzband\u2026","rel":"","context":"Similar post","img":{"alt_text":"","src":"https:\/\/i0.wp.com\/anythingtechnicallc.com\/wp-content\/uploads\/2024\/10\/51oOVm4giXL._AC_SL1500_.jpg?fit=643%2C1200&ssl=1&resize=350%2C200","width":350,"height":200},"classes":[]},{"id":9050,"url":"https:\/\/anythingtechnicallc.com\/index.php\/de\/product\/shure-pg185-kondensator-lavaliermikrofon-qg\/","url_meta":{"origin":9041,"position":3},"title":"Shure PG185 Kondensator-Lavaliermikrofon, QG","date":"March 18, 2026","format":false,"excerpt":"Das Pg185 ist ein Elektret-Kondensatormikrofon zum Anstecken an einen drahtlosen Taschensender, Kleidungsclip zur sicheren Platzierung, akustischer Windschutz zur Minimierung von Windger\u00e4uschen bei Au\u00dfenanwendungen","rel":"","context":"Similar post","img":{"alt_text":"","src":"https:\/\/i0.wp.com\/anythingtechnicallc.com\/wp-content\/uploads\/2024\/09\/51XQhdV1EVL._AC_SL1500_.jpg?fit=303%2C1200&ssl=1&resize=350%2C200","width":350,"height":200},"classes":[]},{"id":9264,"url":"https:\/\/anythingtechnicallc.com\/index.php\/de\/product\/gebrauchter-shure-slx4-funkempfaenger-h5-band-518-542-mhz\/","url_meta":{"origin":9041,"position":4},"title":"Gebrauchter Shure SLX4 Funkempf\u00e4nger &#8211; H5 Band 518-542 MHz","date":"March 19, 2026","format":false,"excerpt":"Dieser Sender arbeitet auf 518,000-542,000 MHz. SLX: Klare \u00dcbertragungen Der SLX-Sound basiert auf dem patentierten Audio Reference Companding von Shure, einer Technologie, die drahtlosen Systemen eine klarere \u00dcbertragung und einen gr\u00f6\u00dferen Dynamikbereich verleiht. Im Gegensatz zu herk\u00f6mmlichen drahtlosen Companding-Verfahren, die durch ein festes Kompressionsverh\u00e4ltnis eingeschr\u00e4nkt sind, verwendet diese Technologie ein\u2026","rel":"","context":"Similar post","img":{"alt_text":"","src":"https:\/\/i0.wp.com\/anythingtechnicallc.com\/wp-content\/uploads\/2025\/06\/Shure-SLX4-Wireless-Receiver-H5-Band-scaled.webp?fit=1200%2C608&ssl=1&resize=350%2C200","width":350,"height":200},"classes":[]},{"id":9047,"url":"https:\/\/anythingtechnicallc.com\/index.php\/de\/product\/gebrauchter-shure-pgx1-drahtloser-bodypack-sender\/","url_meta":{"origin":9041,"position":5},"title":"Gebrauchter SHURE PGX1 Drahtloser Bodypack-Sender","date":"March 18, 2026","format":false,"excerpt":"Das PGX1 von Shure wurde speziell f\u00fcr die Bed\u00fcrfnisse reisender K\u00fcnstler entwickelt und kann mit Kopfb\u00fcgel-, Lavalier- oder Instrumentenmikrofonen sowie mit Gitarren oder B\u00e4ssen verwendet werden. Die drahtlosen Systeme von Performance Gear sind mit dem patentierten Audio Reference Companding von Shure ausgestattet, das f\u00fcr einen kristallklaren Klang sorgt, der die\u2026","rel":"","context":"Similar post","img":{"alt_text":"","src":"https:\/\/i0.wp.com\/anythingtechnicallc.com\/wp-content\/uploads\/2024\/09\/Shure-PGX1.jpg?fit=1200%2C900&ssl=1&resize=350%2C200","width":350,"height":200},"classes":[]}],"pll_sync_post":[],"lang":"de","translations":{"de":9041,"en":5357},"_links":{"self":[{"href":"https:\/\/anythingtechnicallc.com\/index.php\/wp-json\/wp\/v2\/product\/9041","targetHints":{"allow":["GET"]}}],"collection":[{"href":"https:\/\/anythingtechnicallc.com\/index.php\/wp-json\/wp\/v2\/product"}],"about":[{"href":"https:\/\/anythingtechnicallc.com\/index.php\/wp-json\/wp\/v2\/types\/product"}],"replies":[{"embeddable":true,"href":"https:\/\/anythingtechnicallc.com\/index.php\/wp-json\/wp\/v2\/comments?post=9041"}],"wp:featuredmedia":[{"embeddable":true,"href":"https:\/\/anythingtechnicallc.com\/index.php\/wp-json\/wp\/v2\/media\/9040"}],"wp:attachment":[{"href":"https:\/\/anythingtechnicallc.com\/index.php\/wp-json\/wp\/v2\/media?parent=9041"}],"wp:term":[{"taxonomy":"product_brand","embeddable":true,"href":"https:\/\/anythingtechnicallc.com\/index.php\/wp-json\/wp\/v2\/product_brand?post=9041"},{"taxonomy":"product_cat","embeddable":true,"href":"https:\/\/anythingtechnicallc.com\/index.php\/wp-json\/wp\/v2\/product_cat?post=9041"},{"taxonomy":"product_tag","embeddable":true,"href":"https:\/\/anythingtechnicallc.com\/index.php\/wp-json\/wp\/v2\/product_tag?post=9041"}],"curies":[{"name":"wp","href":"https:\/\/api.w.org\/{rel}","templated":true}]}}