{"id":9044,"date":"2026-03-18T15:15:22","date_gmt":"2026-03-18T15:15:22","guid":{"rendered":"https:\/\/anythingtechnicallc.com\/?post_type=product&#038;p=9044"},"modified":"2026-03-18T15:15:22","modified_gmt":"2026-03-18T15:15:22","slug":"shure-motiv-mv88-digitales-stereo-kondensatormikrofon-zum-anstecken-an-ios-geraete-lightning-anschluss-professioneller-klang-aus-einem-ios-kompatiblen-ansteckmikrofon","status":"publish","type":"product","link":"https:\/\/anythingtechnicallc.com\/index.php\/de\/product\/shure-motiv-mv88-digitales-stereo-kondensatormikrofon-zum-anstecken-an-ios-geraete-lightning-anschluss-professioneller-klang-aus-einem-ios-kompatiblen-ansteckmikrofon\/","title":{"rendered":"Shure Motiv MV88 Digitales Stereo-Kondensatormikrofon &#8211; zum Anstecken an iOS-Ger\u00e4te, Lightning-Anschluss, professioneller Klang aus einem iOS-kompatiblen Ansteckmikrofon"},"content":{"rendered":"<ul class=\"a-unordered-list a-vertical a-spacing-mini\">\n<li class=\"a-spacing-mini\"><span class=\"a-list-item\">IOS LIGHTNING ANSCHLUSS &#8211; Apple MFi zertifiziert und kompatibel mit allen iOS-Ger\u00e4ten mit Lightning-Anschluss.<\/span><\/li>\n<li class=\"a-spacing-mini\"><span class=\"a-list-item\">TASCHENFREUNDLICH &#8211; Nehmen Sie unterwegs leistungsstarke Audioaufnahmen auf, ohne dass Sie eine gro\u00dfe und schwere Audioausr\u00fcstung ben\u00f6tigen.<\/span><\/li>\n<li class=\"a-spacing-mini\"><span class=\"a-list-item\">VOLLST\u00c4NDIG ANPASSBAR &#8211; Sie k\u00f6nnen das Mikrofon um bis zu 90\u00b0 neigen, kippen und drehen, um unabh\u00e4ngig von der Klangquelle eine klare Stereoqualit\u00e4t zu erhalten.<\/span><\/li>\n<li class=\"a-spacing-mini\"><span class=\"a-list-item\">ZWEI KOSTENLOSE APPS &#8211; ShurePlus MOTIV Audio und ShurePlus MOTIV Video erm\u00f6glichen es Ihnen, die Leistung und Einrichtung des Mikrofons f\u00fcr professionelle Audio- und Videoaufnahmen anzupassen. Laden Sie sie direkt vom App Store herunter.<\/span><\/li>\n<li class=\"a-spacing-mini\"><span class=\"a-list-item\">KEIN WINDGER\u00c4USCH &#8211; Inklusive schwarzem Schaumstoff-Windschutz (Teilenummer AMV88-WS); bitte beachten Sie, dass der Windschutz angebracht ist und auf Wunsch entfernt werden kann.<\/span><\/li>\n<li class=\"a-spacing-mini\"><span class=\"a-list-item\">F\u00dcR DIE LANGLEBIGKEIT GEBAUT &#8211; Ganzmetallkonstruktion und hochwertige Shure Technik, die sich in den letzten 90 Jahren auf Tourneen und Live-B\u00fchnen in aller Welt bew\u00e4hrt hat.<\/span><\/li>\n<li class=\"a-spacing-mini\"><span class=\"a-list-item\">SCHUTZ BEIM TRANSPORT &#8211; Hochwertige Tragetasche mit Rei\u00dfverschluss f\u00fcr den Schutz auf Reisen im Lieferumfang enthalten.<\/span><\/li>\n<\/ul>\n","protected":false},"excerpt":{"rendered":"<ul class=\"a-unordered-list a-vertical a-spacing-mini\">\n<li class=\"a-spacing-mini\"><span class=\"a-list-item\">IOS LIGHTNING ANSCHLUSS &#8211; Apple MFi zertifiziert und kompatibel mit allen iOS-Ger\u00e4ten mit Lightning-Anschluss.<\/span><\/li>\n<li class=\"a-spacing-mini\"><span class=\"a-list-item\">TASCHENFREUNDLICH &#8211; Nehmen Sie unterwegs leistungsstarke Audioaufnahmen auf, ohne dass Sie eine gro\u00dfe und schwere Audioausr\u00fcstung ben\u00f6tigen.<\/span><\/li>\n<li class=\"a-spacing-mini\"><span class=\"a-list-item\">VOLLST\u00c4NDIG ANPASSBAR &#8211; Sie k\u00f6nnen das Mikrofon um bis zu 90\u00b0 neigen, kippen und drehen, um unabh\u00e4ngig von der Klangquelle eine klare Stereoqualit\u00e4t zu erhalten.<\/span><\/li>\n<li class=\"a-spacing-mini\"><span class=\"a-list-item\">ZWEI KOSTENLOSE APPS &#8211; ShurePlus MOTIV Audio und ShurePlus MOTIV Video erm\u00f6glichen es Ihnen, die Leistung und Einrichtung des Mikrofons f\u00fcr professionelle Audio- und Videoaufnahmen anzupassen. Laden Sie sie direkt vom App Store herunter.<\/span><\/li>\n<li class=\"a-spacing-mini\"><span class=\"a-list-item\">KEIN WINDGER\u00c4USCH &#8211; Inklusive schwarzem Schaumstoff-Windschutz (Teilenummer AMV88-WS); bitte beachten Sie, dass der Windschutz angebracht ist und auf Wunsch entfernt werden kann.<\/span><\/li>\n<li class=\"a-spacing-mini\"><span class=\"a-list-item\">F\u00dcR DIE LANGLEBIGKEIT GEBAUT &#8211; Ganzmetallkonstruktion und hochwertige Shure Technik, die sich in den letzten 90 Jahren auf Tourneen und Live-B\u00fchnen in aller Welt bew\u00e4hrt hat.<\/span><\/li>\n<li class=\"a-spacing-mini\"><span class=\"a-list-item\">SCHUTZ BEIM TRANSPORT &#8211; Hochwertige Tragetasche mit Rei\u00dfverschluss f\u00fcr den Schutz auf Reisen im Lieferumfang enthalten.<\/span><\/li>\n<\/ul>\n","protected":false},"featured_media":9043,"comment_status":"open","ping_status":"closed","template":"","meta":{"_et_pb_use_builder":"","_et_pb_old_content":"","_et_gb_content_width":""},"product_brand":[],"product_cat":[1372],"product_tag":[],"class_list":{"0":"post-9044","1":"product","2":"type-product","3":"status-publish","4":"has-post-thumbnail","6":"product_cat-elektronik","8":"first","9":"instock","10":"sale","11":"taxable","12":"shipping-taxable","13":"purchasable","14":"product-type-simple"},"exclude_global_add_ons":[],"addons":[],"jetpack-related-posts":[{"id":9349,"url":"https:\/\/anythingtechnicallc.com\/index.php\/de\/product\/gebrauchtes-shure-mvi-digital-audio-interface-mit-usb-und-lightning-kabeln\/","url_meta":{"origin":9044,"position":0},"title":"Gebrauchtes Shure MVi Digital Audio Interface mit USB- und Lightning-Kabeln","date":"March 19, 2026","format":false,"excerpt":"Digitales Audio-Interface f\u00fcr den Anschluss eines professionellen XLR-Mikrofons oder eines 1\/4\"-Instrumentenausgangs an einen Computer oder ein mobiles Ger\u00e4t. Zu den Funktionen geh\u00f6ren 5 voreingestellte DSP-Modi f\u00fcr EQ-, Kompressions- und Limiter-Einstellungen, Verst\u00e4rkungsregelung, Stummschaltung und Lautst\u00e4rke sowie Phantomspeisung. 5 DSP-Vorgabemodi (Sprache, Gesang, flach, akustisches Instrument, laut) f\u00fcr EQ-, Kompressions- und Limiter-Einstellungen. \u00dcber\u2026","rel":"","context":"Similar post","img":{"alt_text":"","src":"https:\/\/i0.wp.com\/anythingtechnicallc.com\/wp-content\/uploads\/2025\/08\/71tfHTkRJvL._AC_SL1500_.jpg?fit=1200%2C806&ssl=1&resize=350%2C200","width":350,"height":200},"classes":[]},{"id":9309,"url":"https:\/\/anythingtechnicallc.com\/index.php\/de\/product\/shure-mv88-video-kit-digitales-stereo-kondensatormikrofon-fuer-apple-und-android-mit-manfrotto-pixi-stativ-telefonklammer-halterung-ios-und-usb-c-kabel-fuer-kompatibilitaet-und-konnektivitaet\/","url_meta":{"origin":9044,"position":1},"title":"Shure MV88+ Video Kit &#8211; Digitales Stereo-Kondensatormikrofon f\u00fcr Apple und Android, mit Manfrotto PIXI-Stativ, Telefonklammer, Halterung, iOS- und USB-C-Kabel f\u00fcr Kompatibilit\u00e4t und Konnektivit\u00e4t auf h\u00f6chstem Niveau","date":"March 19, 2026","format":false,"excerpt":"Das MOTIV MV88+ Video Kit ist ein hochwertiges digitales Stereo-Kondensatormikrofon. Ihr neues mobiles Aufnahmeger\u00e4t l\u00e4sst sich \u00fcber einen Lightning-Anschluss direkt mit jedem Apple-Ger\u00e4t oder \u00fcber USB-C mit ausgew\u00e4hlten weiteren Ger\u00e4ten verbinden. Das MV88+ hat alles, was Sie brauchen, um gro\u00dfartige Aufnahmen zu machen - direkt nach dem Auspacken. Die im\u2026","rel":"","context":"Similar post","img":{"alt_text":"","src":"https:\/\/i0.wp.com\/anythingtechnicallc.com\/wp-content\/uploads\/2025\/07\/71V1p0Wj5JL._AC_SL1500_.jpg?fit=1163%2C1200&ssl=1&resize=350%2C200","width":350,"height":200},"classes":[]},{"id":9062,"url":"https:\/\/anythingtechnicallc.com\/index.php\/de\/product\/shure-mv51-digitales-grossmembran-kondensatormikrofon-mit-usb-und-lightning-kabeln\/","url_meta":{"origin":9044,"position":2},"title":"Shure MV51 Digitales Gro\u00dfmembran-Kondensatormikrofon mit USB- und Lightning-Kabeln","date":"March 18, 2026","format":false,"excerpt":"Gro\u00dfmembran-Kondensatorkapsel f\u00fcr vollmundige Tonaufnahmen. iOS- und USB-Konnektivit\u00e4t erm\u00f6glicht eine schnelle Einrichtung ohne Audio-Interface oder zus\u00e4tzliche Adapter oder Anschluss-Kits (Apple MFi-zertifiziert). Integrierter hinterer St\u00e4nder f\u00fcr die Verwendung auf dem Tisch. Oder schrauben Sie die Endkappe ab und befestigen Sie sie an einem Standard 5\/8\"-Mikrofonst\u00e4nder. Ber\u00fchrungssteuerung auf der Vorderseite f\u00fcr 5 DSP-Voreinstellungsmodi,\u2026","rel":"","context":"Similar post","img":{"alt_text":"","src":"https:\/\/i0.wp.com\/anythingtechnicallc.com\/wp-content\/uploads\/2024\/09\/71vrOq5on1L._AC_SL1500_.jpg?fit=834%2C1200&ssl=1&resize=350%2C200","width":350,"height":200},"classes":[]},{"id":9038,"url":"https:\/\/anythingtechnicallc.com\/index.php\/de\/product\/shure-rmce-ltg-lightning-kabel-kopfhoerer-zubehoer\/","url_meta":{"origin":9044,"position":3},"title":"Shure RMCE-LTG Lightning Kabel Kopfh\u00f6rer-Zubeh\u00f6r","date":"March 18, 2026","format":false,"excerpt":"Mit dem Premium Remote + Mic Lightning Accessory Cable (RMCE-LTG) k\u00f6nnen die Shure SE Earphones mit abnehmbarem Kabel direkt mit den neuesten Apple iOS-Ger\u00e4ten verbunden werden, um hochwertige digitale Audio- und Kommunikationssteuerung zu erm\u00f6glichen. Funktioniert mit SE215, SE315, SE425, SE535 und SE846 Sound Isolating Earphones. 50-Zoll-Kabel f\u00fcr die Verwendung mit\u2026","rel":"","context":"Similar post","img":{"alt_text":"","src":"https:\/\/i0.wp.com\/anythingtechnicallc.com\/wp-content\/uploads\/2024\/09\/61SbpsJoELL._AC_SL1500_.jpg?fit=1200%2C451&ssl=1&resize=350%2C200","width":350,"height":200},"classes":[]},{"id":9334,"url":"https:\/\/anythingtechnicallc.com\/index.php\/de\/product\/apple-ipod-nano-16gb-space-grau-7-generation-erneuert-2\/","url_meta":{"origin":9044,"position":4},"title":"Apple iPod nano 16GB Space Grau (7. Generation) (Erneuert)","date":"March 19, 2026","format":false,"excerpt":"Apple beschreibt ihn als den \"d\u00fcnnsten iPod aller Zeiten\". Er ist 38% d\u00fcnner (5,4 mm) als der Nano, den er ersetzt (8,78 mm), und bietet die M\u00f6glichkeit, kabellose Bluetooth 4.0 Headsets, Lautsprecher und andere Ger\u00e4te (wie z.B. Herzfrequenzmesser) zu verwenden. Es enth\u00e4lt weiterhin die Nike+iPod Fitness-Option sowie einen FM-Radio-Tuner, der\u2026","rel":"","context":"Similar post","img":{"alt_text":"","src":"https:\/\/i0.wp.com\/anythingtechnicallc.com\/wp-content\/uploads\/2025\/07\/619LaTAYEPL._AC_SL1500_.jpg?fit=397%2C1200&ssl=1&resize=350%2C200","width":350,"height":200},"classes":[]},{"id":9221,"url":"https:\/\/anythingtechnicallc.com\/index.php\/de\/product\/apple-ipod-nano-16gb-space-grau-7-generation-erneuert\/","url_meta":{"origin":9044,"position":5},"title":"Apple iPod nano 16GB Space Grau (7. Generation) (Erneuert)","date":"March 19, 2026","format":false,"excerpt":"Apple beschreibt ihn als den \"d\u00fcnnsten iPod aller Zeiten\". Er ist 38% d\u00fcnner (5,4 mm) als der Nano, den er ersetzt (8,78 mm), und bietet die M\u00f6glichkeit, kabellose Bluetooth 4.0 Headsets, Lautsprecher und andere Ger\u00e4te (wie z.B. Herzfrequenzmesser) zu verwenden. Es enth\u00e4lt weiterhin die Nike+iPod Fitness-Option sowie einen FM-Radio-Tuner, der\u2026","rel":"","context":"Similar post","img":{"alt_text":"","src":"https:\/\/i0.wp.com\/anythingtechnicallc.com\/wp-content\/uploads\/2025\/03\/Apple-iPod-nano-16GB-Space-Gray-7th-Generation-Renewed.jpg?fit=1019%2C1200&ssl=1&resize=350%2C200","width":350,"height":200},"classes":[]}],"pll_sync_post":[],"lang":"de","translations":{"de":9044,"en":5359},"_links":{"self":[{"href":"https:\/\/anythingtechnicallc.com\/index.php\/wp-json\/wp\/v2\/product\/9044","targetHints":{"allow":["GET"]}}],"collection":[{"href":"https:\/\/anythingtechnicallc.com\/index.php\/wp-json\/wp\/v2\/product"}],"about":[{"href":"https:\/\/anythingtechnicallc.com\/index.php\/wp-json\/wp\/v2\/types\/product"}],"replies":[{"embeddable":true,"href":"https:\/\/anythingtechnicallc.com\/index.php\/wp-json\/wp\/v2\/comments?post=9044"}],"wp:featuredmedia":[{"embeddable":true,"href":"https:\/\/anythingtechnicallc.com\/index.php\/wp-json\/wp\/v2\/media\/9043"}],"wp:attachment":[{"href":"https:\/\/anythingtechnicallc.com\/index.php\/wp-json\/wp\/v2\/media?parent=9044"}],"wp:term":[{"taxonomy":"product_brand","embeddable":true,"href":"https:\/\/anythingtechnicallc.com\/index.php\/wp-json\/wp\/v2\/product_brand?post=9044"},{"taxonomy":"product_cat","embeddable":true,"href":"https:\/\/anythingtechnicallc.com\/index.php\/wp-json\/wp\/v2\/product_cat?post=9044"},{"taxonomy":"product_tag","embeddable":true,"href":"https:\/\/anythingtechnicallc.com\/index.php\/wp-json\/wp\/v2\/product_tag?post=9044"}],"curies":[{"name":"wp","href":"https:\/\/api.w.org\/{rel}","templated":true}]}}