{"id":9050,"date":"2026-03-18T15:18:16","date_gmt":"2026-03-18T15:18:16","guid":{"rendered":"https:\/\/anythingtechnicallc.com\/?post_type=product&#038;p=9050"},"modified":"2026-03-18T15:18:16","modified_gmt":"2026-03-18T15:18:16","slug":"shure-pg185-kondensator-lavaliermikrofon-qg","status":"publish","type":"product","link":"https:\/\/anythingtechnicallc.com\/index.php\/de\/product\/shure-pg185-kondensator-lavaliermikrofon-qg\/","title":{"rendered":"Shure PG185 Kondensator-Lavaliermikrofon, QG"},"content":{"rendered":"<div id=\"featurebullets_feature_div\" class=\"celwidget\" data-feature-name=\"featurebullets\" data-csa-c-type=\"widget\" data-csa-c-content-id=\"featurebullets\" data-csa-c-slot-id=\"featurebullets_feature_div\" data-csa-c-asin=\"B001123EC2\" data-csa-c-is-in-initial-active-row=\"false\" data-csa-c-id=\"ypdvxq-azqvxe-j06hx9-gb07yn\" data-cel-widget=\"featurebullets_feature_div\">\n<div id=\"feature-bullets\" class=\"a-section a-spacing-medium a-spacing-top-small\">\n<ul class=\"a-unordered-list a-vertical a-spacing-mini\">\n<li class=\"a-spacing-mini\"><span class=\"a-list-item\">Das Pg185 ist ein Elektret-Kondensatormikrofon zum Anstecken an einen drahtlosen Taschensender, Kleidungsclip f\u00fcr sichere Platzierung, akustischer Windschutz minimiert Windger\u00e4usche bei Au\u00dfenanwendungen<\/span><\/li>\n<\/ul>\n<\/div>\n<\/div>\n<div id=\"acf-carousel_feature_div\" class=\"celwidget\" data-feature-name=\"acf-carousel\" data-csa-c-type=\"widget\" data-csa-c-content-id=\"acf-carousel\" data-csa-c-slot-id=\"acf-carousel_feature_div\" data-csa-c-asin=\"B001123EC2\" data-csa-c-is-in-initial-active-row=\"false\" data-csa-c-id=\"cih7bs-qnwwsy-bm4hti-ey59fr\" data-cel-widget=\"acf-carousel_feature_div\"><\/div>\n<div id=\"provenanceCertifications_feature_div\" class=\"celwidget\" data-feature-name=\"provenanceCertifications\" data-csa-c-type=\"widget\" data-csa-c-content-id=\"provenanceCertifications\" data-csa-c-slot-id=\"provenanceCertifications_feature_div\" data-csa-c-asin=\"B001123EC2\" data-csa-c-is-in-initial-active-row=\"false\" data-csa-c-id=\"gjhis1-aglz8o-ch76hm-hizcks\" data-cel-widget=\"provenanceCertifications_feature_div\"><\/div>\n<div id=\"globalStoreInfoBullets_feature_div\" class=\"celwidget\" data-feature-name=\"globalStoreInfoBullets\" data-csa-c-type=\"widget\" data-csa-c-content-id=\"globalStoreInfoBullets\" data-csa-c-slot-id=\"globalStoreInfoBullets_feature_div\" data-csa-c-asin=\"B001123EC2\" data-csa-c-is-in-initial-active-row=\"false\" data-csa-c-id=\"do4chy-hp5kf2-40cbnl-v4hh8e\" data-cel-widget=\"globalStoreInfoBullets_feature_div\"><\/div>\n<div id=\"addOnItem_feature_div\" class=\"celwidget\" data-feature-name=\"addOnItem\" data-csa-c-type=\"widget\" data-csa-c-content-id=\"addOnItem\" data-csa-c-slot-id=\"addOnItem_feature_div\" data-csa-c-asin=\"B001123EC2\" data-csa-c-is-in-initial-active-row=\"false\" data-csa-c-id=\"hf34ao-hjl4v9-milgv5-f8ztcf\" data-cel-widget=\"addOnItem_feature_div\"><\/div>\n<div id=\"andonCord_feature_div\" class=\"celwidget\" data-feature-name=\"andonCord\" data-csa-c-type=\"widget\" data-csa-c-content-id=\"andonCord\" data-csa-c-slot-id=\"andonCord_feature_div\" data-csa-c-asin=\"B001123EC2\" data-csa-c-is-in-initial-active-row=\"false\" data-csa-c-id=\"3v4qp9-yxsia7-ssneb5-pcmpvo\" data-cel-widget=\"andonCord_feature_div\"><\/div>\n<div id=\"HLCXComparisonJumplink_feature_div\"><\/div>\n<div id=\"buyingOptionNostosBadge_feature_div\" class=\"celwidget\" data-feature-name=\"buyingOptionNostosBadge\" data-csa-c-type=\"widget\" data-csa-c-content-id=\"buyingOptionNostosBadge\" data-csa-c-slot-id=\"buyingOptionNostosBadge_feature_div\" data-csa-c-asin=\"B001123EC2\" data-csa-c-is-in-initial-active-row=\"false\" data-csa-c-id=\"z9pcd7-bvt55z-pt2m8h-g715sq\" data-cel-widget=\"buyingOptionNostosBadge_feature_div\"><\/div>\n<div id=\"tellAmazon_feature_div\" class=\"celwidget\" data-feature-name=\"tellAmazon\" data-csa-c-type=\"widget\" data-csa-c-content-id=\"tellAmazon\" data-csa-c-slot-id=\"tellAmazon_feature_div\" data-csa-c-asin=\"B001123EC2\" data-csa-c-is-in-initial-active-row=\"false\" data-csa-c-id=\"ah85fp-2l2u5r-eabcfz-vkni3t\" data-cel-widget=\"tellAmazon_feature_div\">\n<div class=\"celwidget c-f\" data-csa-op-log-render=\"\" data-csa-c-content-id=\"DsUnknown\" data-csa-c-slot-id=\"DsUnknown-1\" data-csa-c-type=\"widget\" data-csa-c-painter=\"tell-amazon-desktop-cards\" data-csa-c-id=\"l7oe04-vxj1r0-r00e2t-vlnqka\" data-cel-widget=\"tell-amazon-desktop_DetailPage_0\">\n<div id=\"CardInstanceY_4uZBQZ3jB95FCxUzE2JQ\" data-card-metrics-id=\"tell-amazon-desktop_DetailPage_0\" data-acp-tracking=\"{}\" data-mix-claimed=\"true\">\n<div class=\"_tell-amazon-desktop_style_tell_amazon_div__1YDZk\" data-asin=\"B001123EC2\" data-marketplace=\"ATVPDKIKX0DER\" data-logged-in=\"true\"><\/div>\n<\/div>\n<\/div>\n<\/div>\n","protected":false},"excerpt":{"rendered":"<div id=\"featurebullets_feature_div\" class=\"celwidget\" data-feature-name=\"featurebullets\" data-csa-c-type=\"widget\" data-csa-c-content-id=\"featurebullets\" data-csa-c-slot-id=\"featurebullets_feature_div\" data-csa-c-asin=\"B001123EC2\" data-csa-c-is-in-initial-active-row=\"false\" data-csa-c-id=\"ypdvxq-azqvxe-j06hx9-gb07yn\" data-cel-widget=\"featurebullets_feature_div\">\n<div id=\"feature-bullets\" class=\"a-section a-spacing-medium a-spacing-top-small\">\n<ul class=\"a-unordered-list a-vertical a-spacing-mini\">\n<li class=\"a-spacing-mini\"><span class=\"a-list-item\">Das Pg185 ist ein Elektret-Kondensatormikrofon zum Anstecken an einen drahtlosen Taschensender, Kleidungsclip zur sicheren Platzierung, akustischer Windschutz zur Minimierung von Windger\u00e4uschen bei Au\u00dfenanwendungen<\/span><\/li>\n<\/ul>\n<\/div>\n<\/div>\n<div id=\"acf-carousel_feature_div\" class=\"celwidget\" data-feature-name=\"acf-carousel\" data-csa-c-type=\"widget\" data-csa-c-content-id=\"acf-carousel\" data-csa-c-slot-id=\"acf-carousel_feature_div\" data-csa-c-asin=\"B001123EC2\" data-csa-c-is-in-initial-active-row=\"false\" data-csa-c-id=\"cih7bs-qnwwsy-bm4hti-ey59fr\" data-cel-widget=\"acf-carousel_feature_div\"><\/div>\n<div id=\"provenanceCertifications_feature_div\" class=\"celwidget\" data-feature-name=\"provenanceCertifications\" data-csa-c-type=\"widget\" data-csa-c-content-id=\"provenanceCertifications\" data-csa-c-slot-id=\"provenanceCertifications_feature_div\" data-csa-c-asin=\"B001123EC2\" data-csa-c-is-in-initial-active-row=\"false\" data-csa-c-id=\"gjhis1-aglz8o-ch76hm-hizcks\" data-cel-widget=\"provenanceCertifications_feature_div\"><\/div>\n<div id=\"globalStoreInfoBullets_feature_div\" class=\"celwidget\" data-feature-name=\"globalStoreInfoBullets\" data-csa-c-type=\"widget\" data-csa-c-content-id=\"globalStoreInfoBullets\" data-csa-c-slot-id=\"globalStoreInfoBullets_feature_div\" data-csa-c-asin=\"B001123EC2\" data-csa-c-is-in-initial-active-row=\"false\" data-csa-c-id=\"do4chy-hp5kf2-40cbnl-v4hh8e\" data-cel-widget=\"globalStoreInfoBullets_feature_div\"><\/div>\n<div id=\"addOnItem_feature_div\" class=\"celwidget\" data-feature-name=\"addOnItem\" data-csa-c-type=\"widget\" data-csa-c-content-id=\"addOnItem\" data-csa-c-slot-id=\"addOnItem_feature_div\" data-csa-c-asin=\"B001123EC2\" data-csa-c-is-in-initial-active-row=\"false\" data-csa-c-id=\"hf34ao-hjl4v9-milgv5-f8ztcf\" data-cel-widget=\"addOnItem_feature_div\"><\/div>\n<div id=\"andonCord_feature_div\" class=\"celwidget\" data-feature-name=\"andonCord\" data-csa-c-type=\"widget\" data-csa-c-content-id=\"andonCord\" data-csa-c-slot-id=\"andonCord_feature_div\" data-csa-c-asin=\"B001123EC2\" data-csa-c-is-in-initial-active-row=\"false\" data-csa-c-id=\"3v4qp9-yxsia7-ssneb5-pcmpvo\" data-cel-widget=\"andonCord_feature_div\"><\/div>\n<div id=\"HLCXComparisonJumplink_feature_div\"><\/div>\n<div id=\"buyingOptionNostosBadge_feature_div\" class=\"celwidget\" data-feature-name=\"buyingOptionNostosBadge\" data-csa-c-type=\"widget\" data-csa-c-content-id=\"buyingOptionNostosBadge\" data-csa-c-slot-id=\"buyingOptionNostosBadge_feature_div\" data-csa-c-asin=\"B001123EC2\" data-csa-c-is-in-initial-active-row=\"false\" data-csa-c-id=\"z9pcd7-bvt55z-pt2m8h-g715sq\" data-cel-widget=\"buyingOptionNostosBadge_feature_div\"><\/div>\n<div id=\"tellAmazon_feature_div\" class=\"celwidget\" data-feature-name=\"tellAmazon\" data-csa-c-type=\"widget\" data-csa-c-content-id=\"tellAmazon\" data-csa-c-slot-id=\"tellAmazon_feature_div\" data-csa-c-asin=\"B001123EC2\" data-csa-c-is-in-initial-active-row=\"false\" data-csa-c-id=\"ah85fp-2l2u5r-eabcfz-vkni3t\" data-cel-widget=\"tellAmazon_feature_div\">\n<div class=\"celwidget c-f\" data-csa-op-log-render=\"\" data-csa-c-content-id=\"DsUnknown\" data-csa-c-slot-id=\"DsUnknown-1\" data-csa-c-type=\"widget\" data-csa-c-painter=\"tell-amazon-desktop-cards\" data-csa-c-id=\"l7oe04-vxj1r0-r00e2t-vlnqka\" data-cel-widget=\"tell-amazon-desktop_DetailPage_0\">\n<div id=\"CardInstanceY_4uZBQZ3jB95FCxUzE2JQ\" data-card-metrics-id=\"tell-amazon-desktop_DetailPage_0\" data-acp-tracking=\"{}\" data-mix-claimed=\"true\">\n<div class=\"_tell-amazon-desktop_style_tell_amazon_div__1YDZk\" data-asin=\"B001123EC2\" data-marketplace=\"ATVPDKIKX0DER\" data-logged-in=\"true\"><\/div>\n<\/div>\n<\/div>\n<\/div>\n","protected":false},"featured_media":9049,"comment_status":"open","ping_status":"closed","template":"","meta":{"_et_pb_use_builder":"","_et_pb_old_content":"","_et_gb_content_width":""},"product_brand":[],"product_cat":[1372],"product_tag":[],"class_list":{"0":"post-9050","1":"product","2":"type-product","3":"status-publish","4":"has-post-thumbnail","6":"product_cat-elektronik","8":"first","9":"instock","10":"taxable","11":"shipping-taxable","12":"purchasable","13":"product-type-simple"},"exclude_global_add_ons":[],"addons":[],"jetpack-related-posts":[{"id":9059,"url":"https:\/\/anythingtechnicallc.com\/index.php\/de\/product\/shure-pga31-headset-kondensatormikrofon-mit-nierencharakteristik-flexiblem-schwanenhals-schaumstoff-windschutz-und-ta4f-tqg-anschluss-zur-verwendung-mit-shure-drahtlos-systemen-pga31-tqgschwarz\/","url_meta":{"origin":9050,"position":0},"title":"Shure PGA31 Headset-Kondensatormikrofon mit Nierencharakteristik, flexiblem Schwanenhals, Schaumstoff-Windschutz und TA4F (TQG) Anschluss zur Verwendung mit Shure Drahtlos-Systemen (PGA31-TQG),Schwarz","date":"March 18, 2026","format":false,"excerpt":"Drahtb\u00fcgel-Headset mit sicherem Sitz f\u00fcr aktive Sprecher und Gesangsinterpreten. Permanent geladene Elektret-Kondensatormikrofone liefern detaillierte, klare Stimmen. Unidirektionale Nieren-Richtcharakteristik unterdr\u00fcckt unerw\u00fcnschte Ger\u00e4usche f\u00fcr eine verbesserte Klangqualit\u00e4t und h\u00f6here Verst\u00e4rkung vor R\u00fcckkopplung. Das flexible Schwanenhalsdesign und die diskreten Einstellm\u00f6glichkeiten optimieren die Mikrofonpositionierung f\u00fcr eine weitere Quellenisolierung. Der TA4F (TQG)-Anschluss l\u00e4sst sich nahtlos\u2026","rel":"","context":"Similar post","img":{"alt_text":"","src":"https:\/\/i0.wp.com\/anythingtechnicallc.com\/wp-content\/uploads\/2024\/09\/61HUbziagL._AC_SL1500_.jpg?fit=1200%2C957&ssl=1&resize=350%2C200","width":350,"height":200},"classes":[]},{"id":9041,"url":"https:\/\/anythingtechnicallc.com\/index.php\/de\/product\/shure-wl93-serie-subminiatur-kondensator-lavaliermikrofonewl93-schwarz-mit-12-m-4-fuss-kabel\/","url_meta":{"origin":9050,"position":1},"title":"Shure WL93 Serie Subminiatur-Kondensator-Lavaliermikrofone,WL93- Schwarz, mit 1,2 m (4-Fu\u00df) Kabel","date":"March 18, 2026","format":false,"excerpt":"Das omnidirektionale Miniatur-Lavaliermikrofon sorgt f\u00fcr einen vollen, klaren Klang bei Sprachanwendungen, wie z.B. bei Rundfunkmoderationen und Reden. Verf\u00fcgt \u00fcber einen glatten Frequenzgang, eine kontrollierte Absenkung der niedrigen Frequenzen und vielseitiges Montagezubeh\u00f6r. Inklusive 1,2 m (4 ft.) Kabel. Verbinden Sie den m\u00e4nnlichen, vierpoligen Miniaturstecker (TA4M) am Ende des 93er Mikrofonkabels mit\u2026","rel":"","context":"Similar post","img":{"alt_text":"","src":"https:\/\/i0.wp.com\/anythingtechnicallc.com\/wp-content\/uploads\/2024\/09\/51hdweGtGOL._AC_SL1000_.jpg?fit=859%2C590&ssl=1&resize=350%2C200","width":350,"height":200},"classes":[]},{"id":9285,"url":"https:\/\/anythingtechnicallc.com\/index.php\/de\/product\/gebrauchtes-shure-sm35-performance-headset-kondensatormikrofon-fuer-freisprechanlagen-tqg-anschluss-zur-verwendung-mit-drahtlossystemen-taschensender-separat-erhaeltlich-sm35-tqg\/","url_meta":{"origin":9050,"position":2},"title":"Gebrauchtes Shure SM35 Performance Headset-Kondensatormikrofon f\u00fcr Freisprechanlagen, TQG-Anschluss zur Verwendung mit Drahtlossystemen &#8211; Taschensender separat erh\u00e4ltlich (SM35-TQG)","date":"March 19, 2026","format":false,"excerpt":"Die Leute werden Ihnen nicht zuh\u00f6ren, wenn Sie nicht gut klingen. Mit dem Shure SM35 Headset-Mikrofon werden Sie die Aufmerksamkeit der Leute auf sich ziehen und behalten. Egal, ob Sie singen, eine Pr\u00e4sentation halten oder ein Produkt in einer praktischen Vorf\u00fchrung zeigen, das komfortable SM35 bietet Ihnen eine klare und\u2026","rel":"","context":"Similar post","img":{"alt_text":"","src":"https:\/\/i0.wp.com\/anythingtechnicallc.com\/wp-content\/uploads\/2025\/06\/61hZnoDGHkL._AC_SL1500_.jpg?fit=1028%2C1200&ssl=1&resize=350%2C200","width":350,"height":200},"classes":[]},{"id":9203,"url":"https:\/\/anythingtechnicallc.com\/index.php\/de\/product\/used-shure-wl183-lavalier-kondensatormikrofon-mit-kugelcharakteristik-tqg-fuer-sprachanwendungen-mit-12-m-4-ft-kabel-mit-4-poligem-mini-anschluss-drahtloser-bodypack-sender-separat-erhaeltlich\/","url_meta":{"origin":9050,"position":3},"title":"USED Shure WL183 Lavalier-Kondensatormikrofon mit Kugelcharakteristik (TQG) f\u00fcr Sprachanwendungen mit 1,2 m (4 ft) Kabel mit 4-poligem Mini-Anschluss (drahtloser Bodypack-Sender separat erh\u00e4ltlich)","date":"March 19, 2026","format":false,"excerpt":"Das WL183 ist ein Lavalier-Mikrofon mit Kugelcharakteristik, einem Aufnahmewinkel von 360 Grad und geringem St\u00f6rger\u00e4usch. Es wird f\u00fcr allgemeine Beschallungs-, Aufnahme- und Fern\u00fcberwachungsanwendungen empfohlen. Es hat ein 1,2 Meter langes Kabel, das mit einem 4-poligen Miniaturstecker abgeschlossen ist. Die mitgelieferte Krawattenklammer kann in 90-Grad-Schritten gedreht werden, um eine flexible Platzierung\u2026","rel":"","context":"Similar post","img":{"alt_text":"","src":"https:\/\/i0.wp.com\/anythingtechnicallc.com\/wp-content\/uploads\/2025\/02\/51lkFF0oVlL._AC_SL1000_.jpg?fit=932%2C932&ssl=1&resize=350%2C200","width":350,"height":200},"classes":[]},{"id":9276,"url":"https:\/\/anythingtechnicallc.com\/index.php\/de\/product\/gebrauchtes-shure-wl184-lavalier-mikrofon-premium-wireless-tqg-supercardioid-kondensator-lav-mikrofon-fuer-sprachanwendungen-mit-drehbarem-tie-clip-snap-fit-windschutz-4-ft-kabel-und-commshield-te\/","url_meta":{"origin":9050,"position":4},"title":"Gebrauchtes Shure WL184 Lavalier-Mikrofon &#8211; Premium Wireless TQG Supercardioid Kondensator-Lav-Mikrofon f\u00fcr Sprachanwendungen mit drehbarem Tie-Clip, Snap-Fit Windschutz, 4 ft Kabel und CommShield Technologie","date":"March 19, 2026","format":false,"excerpt":"Das WL184 ist ein Lavalier-Mikrofon mit Supernierencharakteristik und einem Aufnahmewinkel von 115 Grad und wird f\u00fcr Beschallungsanwendungen empfohlen, die eine hohe Unterdr\u00fcckung von Umgebungsger\u00e4uschen und einen engen Aufnahmewinkel erfordern. Es hat ein 1,2 Meter langes Kabel, das mit einem 4-poligen Miniaturstecker abgeschlossen ist. Die mitgelieferte Krawattenklammer kann in 90-Grad-Schritten gedreht\u2026","rel":"","context":"Similar post","img":{"alt_text":"","src":"https:\/\/i0.wp.com\/anythingtechnicallc.com\/wp-content\/uploads\/2025\/06\/51CwQYOT-mL._AC_SL1000_.jpg?fit=826%2C915&ssl=1&resize=350%2C200","width":350,"height":200},"classes":[]},{"id":9044,"url":"https:\/\/anythingtechnicallc.com\/index.php\/de\/product\/shure-motiv-mv88-digitales-stereo-kondensatormikrofon-zum-anstecken-an-ios-geraete-lightning-anschluss-professioneller-klang-aus-einem-ios-kompatiblen-ansteckmikrofon\/","url_meta":{"origin":9050,"position":5},"title":"Shure Motiv MV88 Digitales Stereo-Kondensatormikrofon &#8211; zum Anstecken an iOS-Ger\u00e4te, Lightning-Anschluss, professioneller Klang aus einem iOS-kompatiblen Ansteckmikrofon","date":"March 18, 2026","format":false,"excerpt":"IOS LIGHTNING ANSCHLUSS - Apple MFi zertifiziert und kompatibel mit allen iOS-Ger\u00e4ten mit Lightning-Anschluss. TASCHENFREUNDLICH - Nehmen Sie unterwegs leistungsstarke Audioaufnahmen auf, ohne dass Sie eine gro\u00dfe und schwere Audioausr\u00fcstung ben\u00f6tigen. VOLLST\u00c4NDIG ANPASSBAR - Sie k\u00f6nnen das Mikrofon um bis zu 90\u00b0 neigen, kippen und drehen, um unabh\u00e4ngig von der\u2026","rel":"","context":"Similar post","img":{"alt_text":"","src":"https:\/\/i0.wp.com\/anythingtechnicallc.com\/wp-content\/uploads\/2024\/09\/51YPM4TyDtL._AC_SL1500_.jpg?fit=640%2C1200&ssl=1&resize=350%2C200","width":350,"height":200},"classes":[]}],"pll_sync_post":[],"lang":"de","translations":{"de":9050,"en":5363},"_links":{"self":[{"href":"https:\/\/anythingtechnicallc.com\/index.php\/wp-json\/wp\/v2\/product\/9050","targetHints":{"allow":["GET"]}}],"collection":[{"href":"https:\/\/anythingtechnicallc.com\/index.php\/wp-json\/wp\/v2\/product"}],"about":[{"href":"https:\/\/anythingtechnicallc.com\/index.php\/wp-json\/wp\/v2\/types\/product"}],"replies":[{"embeddable":true,"href":"https:\/\/anythingtechnicallc.com\/index.php\/wp-json\/wp\/v2\/comments?post=9050"}],"wp:featuredmedia":[{"embeddable":true,"href":"https:\/\/anythingtechnicallc.com\/index.php\/wp-json\/wp\/v2\/media\/9049"}],"wp:attachment":[{"href":"https:\/\/anythingtechnicallc.com\/index.php\/wp-json\/wp\/v2\/media?parent=9050"}],"wp:term":[{"taxonomy":"product_brand","embeddable":true,"href":"https:\/\/anythingtechnicallc.com\/index.php\/wp-json\/wp\/v2\/product_brand?post=9050"},{"taxonomy":"product_cat","embeddable":true,"href":"https:\/\/anythingtechnicallc.com\/index.php\/wp-json\/wp\/v2\/product_cat?post=9050"},{"taxonomy":"product_tag","embeddable":true,"href":"https:\/\/anythingtechnicallc.com\/index.php\/wp-json\/wp\/v2\/product_tag?post=9050"}],"curies":[{"name":"wp","href":"https:\/\/api.w.org\/{rel}","templated":true}]}}