{"id":9053,"date":"2026-03-18T15:18:59","date_gmt":"2026-03-18T15:18:59","guid":{"rendered":"https:\/\/anythingtechnicallc.com\/?post_type=product&#038;p=9053"},"modified":"2026-03-18T15:18:59","modified_gmt":"2026-03-18T15:18:59","slug":"gebrauchter-kabelgebundener-shure-srh840a-over-ear-kopfhoerer-fuer-kritisches-abhoeren-und-monitoring-professionelles-headset-angepasster-frequenzgang-hervorragender-detaillierter-klang-verstellb","status":"publish","type":"product","link":"https:\/\/anythingtechnicallc.com\/index.php\/de\/product\/gebrauchter-kabelgebundener-shure-srh840a-over-ear-kopfhoerer-fuer-kritisches-abhoeren-und-monitoring-professionelles-headset-angepasster-frequenzgang-hervorragender-detaillierter-klang-verstellb\/","title":{"rendered":"Gebrauchter kabelgebundener Shure SRH840A Over-Ear-Kopfh\u00f6rer f\u00fcr kritisches Abh\u00f6ren und Monitoring, professionelles Headset, angepasster Frequenzgang, hervorragender, detaillierter Klang, verstellbares und zusammenklappbares Design"},"content":{"rendered":"<ul class=\"a-unordered-list a-vertical a-spacing-mini\">\n<li class=\"a-spacing-mini\"><span class=\"a-list-item\">NEUE &amp; VERBESSERTE EIGENSCHAFTEN &#8211; Der neue SRH840A Critical Listening and Monitoring Professional Headphones wurde auf der gleichen Grundlage wie der SRH840 entwickelt und bietet erstklassigen, detaillierten Klang sowie ein neues Design und verbesserte Funktionen gegen\u00fcber dem alten SRH840.<\/span><\/li>\n<li class=\"a-spacing-mini\"><span class=\"a-list-item\">PREMIUM DETAILED SOUND &#8211; Erstklassiger, detaillierter Klang mit geringster harmonischer Verzerrung. Klarer und pr\u00e4ziser Klang f\u00fcr kritisches H\u00f6ren und Monitoring.<\/span><\/li>\n<li class=\"a-spacing-mini\"><span class=\"a-list-item\">ABGESTIMMTER FREQUENZANTWORT &#8211; Pr\u00e4zise abgestimmter Frequenzgang liefert satte B\u00e4sse, klare Mitten und erweiterte H\u00f6hen<\/span><\/li>\n<li class=\"a-spacing-mini\"><span class=\"a-list-item\">HOCHWERTIGER KOMFORT &amp; EINFACHE PORTABILIT\u00c4T &#8211; Der hochwertige, breit gepolsterte Kopfb\u00fcgel mit faltbarer Konstruktion bietet eine ergonomische Passform f\u00fcr h\u00f6chsten Komfort und leichte Tragbarkeit.<\/span><\/li>\n<li class=\"a-spacing-mini\"><span class=\"a-list-item\">OVER THE EAR CLOSED BACK DESIGN &#8211; Das ohrumschlie\u00dfende und geschlossene Design liegt bequem \u00fcber den Ohren und reduziert Hintergrundger\u00e4usche.<\/span><\/li>\n<li class=\"a-spacing-mini\"><span class=\"a-list-item\">LANGES ABNEHMBARES SCHLOSSKABEL &#8211; Das abnehmbare, gerade Kabel ist 3 m lang und l\u00e4sst sich leicht verstauen und austauschen.<\/span><\/li>\n<\/ul>\n","protected":false},"excerpt":{"rendered":"<ul class=\"a-unordered-list a-vertical a-spacing-mini\">\n<li class=\"a-spacing-mini\"><span class=\"a-list-item\">NEUE &amp; VERBESSERTE EIGENSCHAFTEN &#8211; Der neue SRH840A Critical Listening and Monitoring Professional Headphones wurde auf der gleichen Grundlage wie der SRH840 entwickelt und bietet erstklassigen, detaillierten Klang sowie ein neues Design und verbesserte Funktionen gegen\u00fcber dem alten SRH840.<\/span><\/li>\n<li class=\"a-spacing-mini\"><span class=\"a-list-item\">PREMIUM DETAILED SOUND &#8211; Erstklassiger, detaillierter Klang mit geringster harmonischer Verzerrung. Klarer und pr\u00e4ziser Klang f\u00fcr kritisches H\u00f6ren und Monitoring.<\/span><\/li>\n<li class=\"a-spacing-mini\"><span class=\"a-list-item\">ABGESTIMMTER FREQUENZANTWORT &#8211; Pr\u00e4zise abgestimmter Frequenzgang liefert satte B\u00e4sse, klare Mitten und erweiterte H\u00f6hen<\/span><\/li>\n<li class=\"a-spacing-mini\"><span class=\"a-list-item\">HOCHWERTIGER KOMFORT &amp; EINFACHE PORTABILIT\u00c4T &#8211; Der hochwertige, breit gepolsterte Kopfb\u00fcgel mit faltbarer Konstruktion bietet eine ergonomische Passform f\u00fcr h\u00f6chsten Komfort und leichte Tragbarkeit.<\/span><\/li>\n<li class=\"a-spacing-mini\"><span class=\"a-list-item\">OVER THE EAR CLOSED BACK DESIGN &#8211; Das ohrumschlie\u00dfende und geschlossene Design liegt bequem \u00fcber den Ohren und reduziert Hintergrundger\u00e4usche.<\/span><\/li>\n<li class=\"a-spacing-mini\"><span class=\"a-list-item\">LANGES ABNEHMBARES SCHLOSSKABEL &#8211; Das abnehmbare, gerade Kabel ist 3 m lang und l\u00e4sst sich leicht verstauen und austauschen.<\/span><\/li>\n<\/ul>\n","protected":false},"featured_media":9052,"comment_status":"open","ping_status":"closed","template":"","meta":{"_et_pb_use_builder":"","_et_pb_old_content":"","_et_gb_content_width":""},"product_brand":[],"product_cat":[1372],"product_tag":[],"class_list":{"0":"post-9053","1":"product","2":"type-product","3":"status-publish","4":"has-post-thumbnail","6":"product_cat-elektronik","8":"first","9":"instock","10":"sale","11":"taxable","12":"shipping-taxable","13":"purchasable","14":"product-type-simple"},"exclude_global_add_ons":[],"addons":[],"jetpack-related-posts":[{"id":9735,"url":"https:\/\/anythingtechnicallc.com\/index.php\/de\/product\/gebrauchter-sennheiser-ie-400-pro-professioneller-in-ear-monitoring-kopfhoerer-klar\/","url_meta":{"origin":9053,"position":0},"title":"Gebrauchter Sennheiser IE 400 PRO Professioneller In-Ear-Monitoring-Kopfh\u00f6rer, klar","date":"March 24, 2026","format":false,"excerpt":"Erleben Sie Audio auf Profi-Niveau mit diesen In-Ear-Monitoren von Sennheiser, perfekt f\u00fcr Live-Auftritte. Erzielen Sie eine \u00fcberragende Ger\u00e4uschisolierung von bis zu 26 dB, die selbst in lauten Umgebungen einen kristallklaren Klang gew\u00e4hrleistet. Dieser robuste In-Ear-Kopfh\u00f6rer verf\u00fcgt \u00fcber einen breiten Frequenzgang von 6-19.000 Hz f\u00fcr detailreichen Klang. Die niedrige Impedanz des\u2026","rel":"","context":"Similar post","img":{"alt_text":"","src":"https:\/\/i0.wp.com\/anythingtechnicallc.com\/wp-content\/uploads\/2026\/03\/Sennheiser-IE-400-PRO-Professional-In-Ear-Monitoring-Headphones-Clear.jpg?fit=1200%2C1200&ssl=1&resize=350%2C200","width":350,"height":200},"classes":[]},{"id":9041,"url":"https:\/\/anythingtechnicallc.com\/index.php\/de\/product\/shure-wl93-serie-subminiatur-kondensator-lavaliermikrofonewl93-schwarz-mit-12-m-4-fuss-kabel\/","url_meta":{"origin":9053,"position":1},"title":"Shure WL93 Serie Subminiatur-Kondensator-Lavaliermikrofone,WL93- Schwarz, mit 1,2 m (4-Fu\u00df) Kabel","date":"March 18, 2026","format":false,"excerpt":"Das omnidirektionale Miniatur-Lavaliermikrofon sorgt f\u00fcr einen vollen, klaren Klang bei Sprachanwendungen, wie z.B. bei Rundfunkmoderationen und Reden. Verf\u00fcgt \u00fcber einen glatten Frequenzgang, eine kontrollierte Absenkung der niedrigen Frequenzen und vielseitiges Montagezubeh\u00f6r. Inklusive 1,2 m (4 ft.) Kabel. Verbinden Sie den m\u00e4nnlichen, vierpoligen Miniaturstecker (TA4M) am Ende des 93er Mikrofonkabels mit\u2026","rel":"","context":"Similar post","img":{"alt_text":"","src":"https:\/\/i0.wp.com\/anythingtechnicallc.com\/wp-content\/uploads\/2024\/09\/51hdweGtGOL._AC_SL1000_.jpg?fit=859%2C590&ssl=1&resize=350%2C200","width":350,"height":200},"classes":[]},{"id":9561,"url":"https:\/\/anythingtechnicallc.com\/index.php\/de\/product\/hyperx-cloud-alpha-gaming-headset-dual-chamber-drivers-legendaerer-komfort-aluminiumrahmen-abnehmbares-mikrofon-funktioniert-auf-pc-ps4-ps5-xbox-one-series-xs-nintendo-switch-und-handy\/","url_meta":{"origin":9053,"position":2},"title":"HyperX Cloud Alpha &#8211; Gaming Headset, Dual Chamber Drivers, legend\u00e4rer Komfort, Aluminiumrahmen, abnehmbares Mikrofon, funktioniert auf PC, PS4, PS5, Xbox One\/ Series X|S, Nintendo Switch und Handy &#8211; Rot","date":"March 21, 2026","format":false,"excerpt":"Das bahnbrechende Dual Chamber Drivers Design des HyperXTM Cloud Alpha verleiht dem Klang mehr Differenzierung und Klarheit, indem es Verzerrungen reduziert. Die beiden Kammern trennen die B\u00e4sse und sorgen so f\u00fcr einen klareren, sanfteren Klang. Das Cloud Alpha ist mit rotem Premium-Memory-Schaumstoff, einem erweiterten Kopfband und weicherem, biegsamem Kunstleder, einem\u2026","rel":"","context":"Similar post","img":{"alt_text":"","src":"https:\/\/i0.wp.com\/anythingtechnicallc.com\/wp-content\/uploads\/2025\/10\/HyperX-Cloud-Alpha-Gaming-Headset.jpg?fit=1200%2C1200&ssl=1&resize=350%2C200","width":350,"height":200},"classes":[]},{"id":9318,"url":"https:\/\/anythingtechnicallc.com\/index.php\/de\/product\/erneuerter-sennheiser-hd-600-audiophiler-hi-res-kopfhoerer-mit-offener-rueckwand\/","url_meta":{"origin":9053,"position":3},"title":"Erneuerter Sennheiser HD 600 &#8211; Audiophiler Hi-Res-Kopfh\u00f6rer mit offener R\u00fcckwand","date":"March 19, 2026","format":false,"excerpt":"Leichte Aluminium-Schwingspulen sorgen f\u00fcr ein hervorragendes Einschwingverhalten.Spezifische Anwendungen f\u00fcr das Produkt : Professionell. Neodym-Eisenmagnete sorgen f\u00fcr optimale Empfindlichkeit und hervorragende Dynamik. Anspruchsvolles Design, elegantes Finish in Schwarz und Grau. Hochwertige Ohrmuschelabdeckungen aus offenem Metallgewebe. Abnehmbares, Kevlar-verst\u00e4rktes, sauerstofffreies Kupferkabel mit sehr geringem \u00dcbertragungsrauschen. Anschlusstechnologie : Kabelgebunden.","rel":"","context":"Similar post","img":{"alt_text":"","src":"https:\/\/i0.wp.com\/anythingtechnicallc.com\/wp-content\/uploads\/2025\/07\/71gVDPygNL._AC_SL1312_.jpg?fit=662%2C1200&ssl=1&resize=350%2C200","width":350,"height":200},"classes":[]},{"id":9662,"url":"https:\/\/anythingtechnicallc.com\/index.php\/de\/product\/gebrauchte-skullcandy-roc-nation-aviator-over-the-ear-kopfhoerer-schwarz\/","url_meta":{"origin":9053,"position":4},"title":"Gebrauchte Skullcandy &#8211; Roc Nation Aviator Over-the-Ear Kopfh\u00f6rer &#8211; Schwarz","date":"March 24, 2026","format":false,"excerpt":"\u00dcber-dem-Ohr-Design F\u00fcr Komfort bei l\u00e4ngeren H\u00f6rsessions. Das verstaubare Reisedesign erm\u00f6glicht einen einfachen Transport. Neodym-Magnete Sorgt f\u00fcr Klangverst\u00e4rkung. Mylar-Treiber Liefern kraftvollen Klang. 100 mW Belastbarkeit H\u00e4lt auch extremen Leistungspegeln stand. Optisch inspiriertes Lautsprechergeh\u00e4use aus Polykarbonat F\u00fcr ein langlebiges Design. 20Hz - 20kHz Frequenzgang F\u00fcr eine originalgetreue Klangwiedergabe. 65 Ohm Impedanz Leitet\u2026","rel":"","context":"Similar post","img":{"alt_text":"","src":"https:\/\/i0.wp.com\/anythingtechnicallc.com\/wp-content\/uploads\/2026\/01\/Skullcandy-Roc-Nation-Aviator.jpg?fit=900%2C1200&ssl=1&resize=350%2C200","width":350,"height":200},"classes":[]},{"id":8936,"url":"https:\/\/anythingtechnicallc.com\/index.php\/de\/product\/sennheiser-cx-sport-bluetooth-sport-kopfhoerer\/","url_meta":{"origin":9053,"position":5},"title":"Sennheiser CX Sport Bluetooth Sport-Kopfh\u00f6rer","date":"March 18, 2026","format":false,"excerpt":"Geben Sie Ihre Modellnummer ein, um sicherzustellen, dass das Produkt passt. Die von Sennheiser entwickelten und in Deutschland hergestellten Schallwandler liefern einen ausgewogenen und detaillierten Klang mit dynamischen B\u00e4ssen. Schwei\u00df- und spritzwassergesch\u00fctzt, entwickelt als Erg\u00e4nzung zu Ihren Trainingsaktivit\u00e4ten","rel":"","context":"Similar post","img":{"alt_text":"","src":"https:\/\/i0.wp.com\/anythingtechnicallc.com\/wp-content\/uploads\/2023\/03\/Sennheiser-CX-Sport-Bluetooth-Sports-Headphone-0.jpg?fit=423%2C500&ssl=1&resize=350%2C200","width":350,"height":200},"classes":[]}],"pll_sync_post":[],"lang":"de","translations":{"de":9053,"en":5365},"_links":{"self":[{"href":"https:\/\/anythingtechnicallc.com\/index.php\/wp-json\/wp\/v2\/product\/9053","targetHints":{"allow":["GET"]}}],"collection":[{"href":"https:\/\/anythingtechnicallc.com\/index.php\/wp-json\/wp\/v2\/product"}],"about":[{"href":"https:\/\/anythingtechnicallc.com\/index.php\/wp-json\/wp\/v2\/types\/product"}],"replies":[{"embeddable":true,"href":"https:\/\/anythingtechnicallc.com\/index.php\/wp-json\/wp\/v2\/comments?post=9053"}],"wp:featuredmedia":[{"embeddable":true,"href":"https:\/\/anythingtechnicallc.com\/index.php\/wp-json\/wp\/v2\/media\/9052"}],"wp:attachment":[{"href":"https:\/\/anythingtechnicallc.com\/index.php\/wp-json\/wp\/v2\/media?parent=9053"}],"wp:term":[{"taxonomy":"product_brand","embeddable":true,"href":"https:\/\/anythingtechnicallc.com\/index.php\/wp-json\/wp\/v2\/product_brand?post=9053"},{"taxonomy":"product_cat","embeddable":true,"href":"https:\/\/anythingtechnicallc.com\/index.php\/wp-json\/wp\/v2\/product_cat?post=9053"},{"taxonomy":"product_tag","embeddable":true,"href":"https:\/\/anythingtechnicallc.com\/index.php\/wp-json\/wp\/v2\/product_tag?post=9053"}],"curies":[{"name":"wp","href":"https:\/\/api.w.org\/{rel}","templated":true}]}}