{"id":9056,"date":"2026-03-18T15:21:11","date_gmt":"2026-03-18T15:21:11","guid":{"rendered":"https:\/\/anythingtechnicallc.com\/?post_type=product&#038;p=9056"},"modified":"2026-03-18T15:21:11","modified_gmt":"2026-03-18T15:21:11","slug":"shure-wh30-kondensator-kopfbuegelmikrofone-erneuert","status":"publish","type":"product","link":"https:\/\/anythingtechnicallc.com\/index.php\/de\/product\/shure-wh30-kondensator-kopfbuegelmikrofone-erneuert\/","title":{"rendered":"Shure WH30 Kondensator-Kopfb\u00fcgelmikrofone erneuert"},"content":{"rendered":"<p>Das Shure Modell WH30 ist ein leichtes und dennoch robustes Headset-Mikrofon. Das WH30 wurde f\u00fcr S\u00e4nger und Instrumentalisten entwickelt und verf\u00fcgt \u00fcber eine hochwertige Elektret-Kondensator-Kapsel, die sich f\u00fcr alle Anwendungen eignet, bei denen Mobilit\u00e4t, Komfort, geringe Sichtbarkeit des Mikrofons und hohe Klangqualit\u00e4t erforderlich sind. Aufgrund seiner Nierencharakteristik (unidirektional) bietet das WH30 eine Isolierung von fremden Schallquellen und eine hohe Verst\u00e4rkung vor R\u00fcckkopplung. Der Drahtb\u00fcgel und der Schwanenhals passen sich an jede Kopfgr\u00f6\u00dfe und -form an. Ein integrierter elastischer Kopfb\u00fcgel polstert und sichert das Headset bequem. Das WH30 wird mit zwei einrastenden Windschutzscheiben, einem Bekleidungsclip, einer Aufbewahrungstasche und einer Kabelf\u00fchrungsvorrichtung geliefert. Das WH30 ist die perfekte L\u00f6sung f\u00fcr alle, die v\u00f6llige Bewegungsfreiheit w\u00fcnschen und die hohe Audioqualit\u00e4t eines Kondensatormikrofons ben\u00f6tigen.<\/p>\n","protected":false},"excerpt":{"rendered":"<p>Das Shure Modell WH30 ist ein leichtes und dennoch robustes Headset-Mikrofon. Das WH30 wurde f\u00fcr S\u00e4nger und Instrumentalisten entwickelt und verf\u00fcgt \u00fcber eine hochwertige Elektret-Kondensator-Kapsel, die sich f\u00fcr alle Anwendungen eignet, bei denen Mobilit\u00e4t, Komfort, geringe Sichtbarkeit des Mikrofons und hohe Klangqualit\u00e4t erforderlich sind. Aufgrund seiner Nierencharakteristik (unidirektional) bietet das WH30 eine Isolierung von fremden Schallquellen und eine hohe Verst\u00e4rkung vor R\u00fcckkopplung. Der Drahtb\u00fcgel und der Schwanenhals passen sich an jede Kopfgr\u00f6\u00dfe und -form an. Ein integrierter elastischer Kopfb\u00fcgel polstert und sichert das Headset bequem. Das WH30 wird mit zwei einrastenden Windschutzscheiben, einem Bekleidungsclip, einer Aufbewahrungstasche und einer Kabelf\u00fchrungsvorrichtung geliefert. Das WH30 ist die perfekte L\u00f6sung f\u00fcr alle, die v\u00f6llige Bewegungsfreiheit w\u00fcnschen und die hohe Audioqualit\u00e4t eines Kondensatormikrofons ben\u00f6tigen.<\/p>\n","protected":false},"featured_media":9055,"comment_status":"open","ping_status":"closed","template":"","meta":{"_et_pb_use_builder":"","_et_pb_old_content":"","_et_gb_content_width":""},"product_brand":[],"product_cat":[1372],"product_tag":[],"class_list":{"0":"post-9056","1":"product","2":"type-product","3":"status-publish","4":"has-post-thumbnail","6":"product_cat-elektronik","8":"first","9":"instock","10":"sale","11":"taxable","12":"shipping-taxable","13":"purchasable","14":"product-type-simple"},"exclude_global_add_ons":[],"addons":[],"jetpack-related-posts":[{"id":9200,"url":"https:\/\/anythingtechnicallc.com\/index.php\/de\/product\/used-shure-centraverse-cvl-lavalier-mikrofon-schwarz-kondensator-mini-lav-mikrofon-mit-nierencharakteristik-clip-on-fuer-freihandbetrieb-ta4f-tqg-anschluss-fuer-drahtlose-bodypacks-cvl-b-c-tqg\/","url_meta":{"origin":9056,"position":0},"title":"USED Shure Centraverse CVL Lavalier-Mikrofon &#8211; Schwarz, Kondensator-Mini-Lav-Mikrofon mit Nierencharakteristik, Clip-On f\u00fcr Freihandbetrieb, TA4F (TQG) Anschluss f\u00fcr drahtlose Bodypacks (CVL-B\/C-TQG)","date":"March 19, 2026","format":false,"excerpt":"F\u00fcr professionelle Pr\u00e4sentationen, die ein Mikrofon erfordern, das man h\u00f6rt, aber nicht sieht, bietet das Centraverse CVL Lavalier-Kondensatormikrofon ein kompaktes Clip-on-Design und eine einfache, unkomplizierte Einrichtung. Die unidirektionale Nierencharakteristik unterdr\u00fcckt unerw\u00fcnschte Ger\u00e4usche und sorgt so f\u00fcr eine hervorragende Audioqualit\u00e4t und Stimmwiedergabe. Pr\u00e4zisionsgefertigt f\u00fcr den jahrelangen Einsatz mit allen Shure Drahtlossystemen.","rel":"","context":"Similar post","img":{"alt_text":"","src":"https:\/\/i0.wp.com\/anythingtechnicallc.com\/wp-content\/uploads\/2025\/02\/51IHIZ9mrqL._AC_SL1500_.jpg?fit=526%2C1200&ssl=1&resize=350%2C200","width":350,"height":200},"classes":[]},{"id":9276,"url":"https:\/\/anythingtechnicallc.com\/index.php\/de\/product\/gebrauchtes-shure-wl184-lavalier-mikrofon-premium-wireless-tqg-supercardioid-kondensator-lav-mikrofon-fuer-sprachanwendungen-mit-drehbarem-tie-clip-snap-fit-windschutz-4-ft-kabel-und-commshield-te\/","url_meta":{"origin":9056,"position":1},"title":"Gebrauchtes Shure WL184 Lavalier-Mikrofon &#8211; Premium Wireless TQG Supercardioid Kondensator-Lav-Mikrofon f\u00fcr Sprachanwendungen mit drehbarem Tie-Clip, Snap-Fit Windschutz, 4 ft Kabel und CommShield Technologie","date":"March 19, 2026","format":false,"excerpt":"Das WL184 ist ein Lavalier-Mikrofon mit Supernierencharakteristik und einem Aufnahmewinkel von 115 Grad und wird f\u00fcr Beschallungsanwendungen empfohlen, die eine hohe Unterdr\u00fcckung von Umgebungsger\u00e4uschen und einen engen Aufnahmewinkel erfordern. Es hat ein 1,2 Meter langes Kabel, das mit einem 4-poligen Miniaturstecker abgeschlossen ist. Die mitgelieferte Krawattenklammer kann in 90-Grad-Schritten gedreht\u2026","rel":"","context":"Similar post","img":{"alt_text":"","src":"https:\/\/i0.wp.com\/anythingtechnicallc.com\/wp-content\/uploads\/2025\/06\/51CwQYOT-mL._AC_SL1000_.jpg?fit=826%2C915&ssl=1&resize=350%2C200","width":350,"height":200},"classes":[]},{"id":9041,"url":"https:\/\/anythingtechnicallc.com\/index.php\/de\/product\/shure-wl93-serie-subminiatur-kondensator-lavaliermikrofonewl93-schwarz-mit-12-m-4-fuss-kabel\/","url_meta":{"origin":9056,"position":2},"title":"Shure WL93 Serie Subminiatur-Kondensator-Lavaliermikrofone,WL93- Schwarz, mit 1,2 m (4-Fu\u00df) Kabel","date":"March 18, 2026","format":false,"excerpt":"Das omnidirektionale Miniatur-Lavaliermikrofon sorgt f\u00fcr einen vollen, klaren Klang bei Sprachanwendungen, wie z.B. bei Rundfunkmoderationen und Reden. Verf\u00fcgt \u00fcber einen glatten Frequenzgang, eine kontrollierte Absenkung der niedrigen Frequenzen und vielseitiges Montagezubeh\u00f6r. Inklusive 1,2 m (4 ft.) Kabel. Verbinden Sie den m\u00e4nnlichen, vierpoligen Miniaturstecker (TA4M) am Ende des 93er Mikrofonkabels mit\u2026","rel":"","context":"Similar post","img":{"alt_text":"","src":"https:\/\/i0.wp.com\/anythingtechnicallc.com\/wp-content\/uploads\/2024\/09\/51hdweGtGOL._AC_SL1000_.jpg?fit=859%2C590&ssl=1&resize=350%2C200","width":350,"height":200},"classes":[]},{"id":9240,"url":"https:\/\/anythingtechnicallc.com\/index.php\/de\/product\/audio-technica-at2020-kondensator-studiomikrofon-mit-nierencharakteristik-xlr-ideal-fuer-projekt-heimstudioanwendungen\/","url_meta":{"origin":9056,"position":3},"title":"Audio-Technica AT2020 Kondensator-Studiomikrofon mit Nierencharakteristik XLR, ideal f\u00fcr Projekt-\/Heimstudioanwendungen","date":"March 19, 2026","format":false,"excerpt":"Die strengen Qualit\u00e4ts- und Konsistenzstandards von Audio-Technica heben das AT2020 von anderen Mikrofonen seiner Klasse ab. Seine massearme Membran wurde speziell f\u00fcr einen erweiterten Frequenzgang und ein hervorragendes Einschwingverhalten entwickelt. Die robuste Konstruktion sorgt f\u00fcr eine dauerhafte Leistung, das Mikrofon bietet einen gro\u00dfen Dynamikbereich und bew\u00e4ltigt hohe Schalldruckpegel mit Leichtigkeit.\u2026","rel":"","context":"Similar post","img":{"alt_text":"","src":"https:\/\/i0.wp.com\/anythingtechnicallc.com\/wp-content\/uploads\/2025\/03\/71ZMXqrB9XL._AC_SL1500_.jpg?fit=383%2C1200&ssl=1&resize=350%2C200","width":350,"height":200},"classes":[]},{"id":9285,"url":"https:\/\/anythingtechnicallc.com\/index.php\/de\/product\/gebrauchtes-shure-sm35-performance-headset-kondensatormikrofon-fuer-freisprechanlagen-tqg-anschluss-zur-verwendung-mit-drahtlossystemen-taschensender-separat-erhaeltlich-sm35-tqg\/","url_meta":{"origin":9056,"position":4},"title":"Gebrauchtes Shure SM35 Performance Headset-Kondensatormikrofon f\u00fcr Freisprechanlagen, TQG-Anschluss zur Verwendung mit Drahtlossystemen &#8211; Taschensender separat erh\u00e4ltlich (SM35-TQG)","date":"March 19, 2026","format":false,"excerpt":"Die Leute werden Ihnen nicht zuh\u00f6ren, wenn Sie nicht gut klingen. Mit dem Shure SM35 Headset-Mikrofon werden Sie die Aufmerksamkeit der Leute auf sich ziehen und behalten. Egal, ob Sie singen, eine Pr\u00e4sentation halten oder ein Produkt in einer praktischen Vorf\u00fchrung zeigen, das komfortable SM35 bietet Ihnen eine klare und\u2026","rel":"","context":"Similar post","img":{"alt_text":"","src":"https:\/\/i0.wp.com\/anythingtechnicallc.com\/wp-content\/uploads\/2025\/06\/61hZnoDGHkL._AC_SL1500_.jpg?fit=1028%2C1200&ssl=1&resize=350%2C200","width":350,"height":200},"classes":[]},{"id":9212,"url":"https:\/\/anythingtechnicallc.com\/index.php\/de\/product\/gebrauchtes-shure-sm31fh-tqg-wasserabweisendes-kondensatormikrofon-mit-nierencharakteristik-fuer-kopfhoerer\/","url_meta":{"origin":9056,"position":5},"title":"Gebrauchtes Shure SM31FH-TQG Wasserabweisendes Kondensatormikrofon mit Nierencharakteristik f\u00fcr Kopfh\u00f6rer","date":"March 19, 2026","format":false,"excerpt":"WETTERFESTES DESIGN - Das SM31FH wurde f\u00fcr den Einsatz in rauen Umgebungen und unter schwierigen Wetterbedingungen entwickelt und eignet sich perfekt f\u00fcr Fitness-Trainer und aktive K\u00fcnstler. SICHERER SITZ - Das komfortable, sicher sitzende Drahtb\u00fcgel-Headset ist so konzipiert, dass es auch bei energiegeladenen Auftritten und anstrengenden Aktivit\u00e4ten an seinem Platz bleibt.\u2026","rel":"","context":"Similar post","img":{"alt_text":"","src":"https:\/\/i0.wp.com\/anythingtechnicallc.com\/wp-content\/uploads\/2025\/02\/61oDR6SKIL._AC_SL1500_.jpg?fit=1200%2C1032&ssl=1&resize=350%2C200","width":350,"height":200},"classes":[]}],"pll_sync_post":[],"lang":"de","translations":{"de":9056,"en":5367},"_links":{"self":[{"href":"https:\/\/anythingtechnicallc.com\/index.php\/wp-json\/wp\/v2\/product\/9056","targetHints":{"allow":["GET"]}}],"collection":[{"href":"https:\/\/anythingtechnicallc.com\/index.php\/wp-json\/wp\/v2\/product"}],"about":[{"href":"https:\/\/anythingtechnicallc.com\/index.php\/wp-json\/wp\/v2\/types\/product"}],"replies":[{"embeddable":true,"href":"https:\/\/anythingtechnicallc.com\/index.php\/wp-json\/wp\/v2\/comments?post=9056"}],"wp:featuredmedia":[{"embeddable":true,"href":"https:\/\/anythingtechnicallc.com\/index.php\/wp-json\/wp\/v2\/media\/9055"}],"wp:attachment":[{"href":"https:\/\/anythingtechnicallc.com\/index.php\/wp-json\/wp\/v2\/media?parent=9056"}],"wp:term":[{"taxonomy":"product_brand","embeddable":true,"href":"https:\/\/anythingtechnicallc.com\/index.php\/wp-json\/wp\/v2\/product_brand?post=9056"},{"taxonomy":"product_cat","embeddable":true,"href":"https:\/\/anythingtechnicallc.com\/index.php\/wp-json\/wp\/v2\/product_cat?post=9056"},{"taxonomy":"product_tag","embeddable":true,"href":"https:\/\/anythingtechnicallc.com\/index.php\/wp-json\/wp\/v2\/product_tag?post=9056"}],"curies":[{"name":"wp","href":"https:\/\/api.w.org\/{rel}","templated":true}]}}