{"id":9059,"date":"2026-03-18T15:22:35","date_gmt":"2026-03-18T15:22:35","guid":{"rendered":"https:\/\/anythingtechnicallc.com\/?post_type=product&#038;p=9059"},"modified":"2026-03-18T15:22:35","modified_gmt":"2026-03-18T15:22:35","slug":"shure-pga31-headset-kondensatormikrofon-mit-nierencharakteristik-flexiblem-schwanenhals-schaumstoff-windschutz-und-ta4f-tqg-anschluss-zur-verwendung-mit-shure-drahtlos-systemen-pga31-tqgschwarz","status":"publish","type":"product","link":"https:\/\/anythingtechnicallc.com\/index.php\/de\/product\/shure-pga31-headset-kondensatormikrofon-mit-nierencharakteristik-flexiblem-schwanenhals-schaumstoff-windschutz-und-ta4f-tqg-anschluss-zur-verwendung-mit-shure-drahtlos-systemen-pga31-tqgschwarz\/","title":{"rendered":"Shure PGA31 Headset-Kondensatormikrofon mit Nierencharakteristik, flexiblem Schwanenhals, Schaumstoff-Windschutz und TA4F (TQG) Anschluss zur Verwendung mit Shure Drahtlos-Systemen (PGA31-TQG),Schwarz"},"content":{"rendered":"<ul class=\"a-unordered-list a-vertical a-spacing-mini\">\n<li class=\"a-spacing-mini\"><span class=\"a-list-item\">Drahtb\u00fcgel-Headset mit sicherem Sitz f\u00fcr aktive Sprecher und Gesangsinterpreten.<\/span><\/li>\n<li class=\"a-spacing-mini\"><span class=\"a-list-item\">Permanent geladene Elektret-Kondensatormikrofone liefern detaillierte, klare Stimmen.<\/span><\/li>\n<li class=\"a-spacing-mini\"><span class=\"a-list-item\">Unidirektionale Nieren-Richtcharakteristik unterdr\u00fcckt unerw\u00fcnschte Ger\u00e4usche f\u00fcr eine verbesserte Klangqualit\u00e4t und h\u00f6here Verst\u00e4rkung vor R\u00fcckkopplung.<\/span><\/li>\n<li class=\"a-spacing-mini\"><span class=\"a-list-item\">Das flexible Schwanenhalsdesign und die diskreten Einstellm\u00f6glichkeiten optimieren die Mikrofonpositionierung f\u00fcr eine weitere Quellenisolierung.<\/span><\/li>\n<li class=\"a-spacing-mini\"><span class=\"a-list-item\">Der TA4F (TQG)-Anschluss l\u00e4sst sich nahtlos in drahtlose Shure Bodypacks integrieren.<\/span><\/li>\n<\/ul>\n","protected":false},"excerpt":{"rendered":"<ul class=\"a-unordered-list a-vertical a-spacing-mini\">\n<li class=\"a-spacing-mini\"><span class=\"a-list-item\">Drahtb\u00fcgel-Headset mit sicherem Sitz f\u00fcr aktive Sprecher und Gesangsinterpreten.<\/span><\/li>\n<li class=\"a-spacing-mini\"><span class=\"a-list-item\">Permanent geladene Elektret-Kondensatormikrofone liefern detaillierte, klare Stimmen.<\/span><\/li>\n<li class=\"a-spacing-mini\"><span class=\"a-list-item\">Unidirektionale Nieren-Richtcharakteristik unterdr\u00fcckt unerw\u00fcnschte Ger\u00e4usche f\u00fcr eine verbesserte Klangqualit\u00e4t und h\u00f6here Verst\u00e4rkung vor R\u00fcckkopplung.<\/span><\/li>\n<li class=\"a-spacing-mini\"><span class=\"a-list-item\">Das flexible Schwanenhalsdesign und die diskreten Einstellm\u00f6glichkeiten optimieren die Mikrofonpositionierung f\u00fcr eine weitere Quellenisolierung.<\/span><\/li>\n<li class=\"a-spacing-mini\"><span class=\"a-list-item\">Der TA4F (TQG)-Anschluss l\u00e4sst sich nahtlos in die drahtlosen Shure Body Packs integrieren.<\/span><\/li>\n<\/ul>\n","protected":false},"featured_media":9058,"comment_status":"open","ping_status":"closed","template":"","meta":{"_et_pb_use_builder":"","_et_pb_old_content":"","_et_gb_content_width":""},"product_brand":[],"product_cat":[1372],"product_tag":[],"class_list":{"0":"post-9059","1":"product","2":"type-product","3":"status-publish","4":"has-post-thumbnail","6":"product_cat-elektronik","8":"first","9":"instock","10":"taxable","11":"shipping-taxable","12":"purchasable","13":"product-type-simple"},"exclude_global_add_ons":[],"addons":[],"jetpack-related-posts":[{"id":9279,"url":"https:\/\/anythingtechnicallc.com\/index.php\/de\/product\/gebrauchtes-shure-wh20-dynamisches-headset-mikrofon-robust-leicht-sicherer-sitz-fuer-aktive-mikrofonbenutzer-fuer-ausbilder-musiker-tqg-connector-wireless-bodypack-transmitter-wh20tqg\/","url_meta":{"origin":9059,"position":0},"title":"Gebrauchtes Shure WH20 Dynamisches Headset-Mikrofon &#8211; Robust, leicht, sicherer Sitz f\u00fcr aktive Mikrofonbenutzer, f\u00fcr Ausbilder\/Musiker, TQG Connector Wireless Bodypack Transmitter (WH20TQG)","date":"March 19, 2026","format":false,"excerpt":"WH20TQG: 4-polige Minibuchse (TA4F \/ TQG). Leichter Drahtb\u00fcgel und elastischer Kopfb\u00fcgel f\u00fcr einen sicheren, bequemen Sitz. Das extrastarke Mikrofonkabel mit kleinem Durchmesser ist bruchsicher. Zusammenklappbarer Mikrofonarm f\u00fcr einfache Aufbewahrung und Transport. Gleichm\u00e4\u00dfiger, nat\u00fcrlicher Frequenzgang, vergleichbar mit hochwertigen dynamischen Gesangsmikrofonen. Hoher Eingangs\u00fcbersteuerungspegel verhindert \u00dcbersteuerungsverzerrungen. Zuverl\u00e4ssig bei extremen Temperaturen und Feuchtigkeit.","rel":"","context":"Similar post","img":{"alt_text":"","src":"https:\/\/i0.wp.com\/anythingtechnicallc.com\/wp-content\/uploads\/2025\/06\/51vVIsoVkOL._AC_SL1500_.jpg?fit=1200%2C1142&ssl=1&resize=350%2C200","width":350,"height":200},"classes":[]},{"id":9200,"url":"https:\/\/anythingtechnicallc.com\/index.php\/de\/product\/used-shure-centraverse-cvl-lavalier-mikrofon-schwarz-kondensator-mini-lav-mikrofon-mit-nierencharakteristik-clip-on-fuer-freihandbetrieb-ta4f-tqg-anschluss-fuer-drahtlose-bodypacks-cvl-b-c-tqg\/","url_meta":{"origin":9059,"position":1},"title":"USED Shure Centraverse CVL Lavalier-Mikrofon &#8211; Schwarz, Kondensator-Mini-Lav-Mikrofon mit Nierencharakteristik, Clip-On f\u00fcr Freihandbetrieb, TA4F (TQG) Anschluss f\u00fcr drahtlose Bodypacks (CVL-B\/C-TQG)","date":"March 19, 2026","format":false,"excerpt":"F\u00fcr professionelle Pr\u00e4sentationen, die ein Mikrofon erfordern, das man h\u00f6rt, aber nicht sieht, bietet das Centraverse CVL Lavalier-Kondensatormikrofon ein kompaktes Clip-on-Design und eine einfache, unkomplizierte Einrichtung. Die unidirektionale Nierencharakteristik unterdr\u00fcckt unerw\u00fcnschte Ger\u00e4usche und sorgt so f\u00fcr eine hervorragende Audioqualit\u00e4t und Stimmwiedergabe. Pr\u00e4zisionsgefertigt f\u00fcr den jahrelangen Einsatz mit allen Shure Drahtlossystemen.","rel":"","context":"Similar post","img":{"alt_text":"","src":"https:\/\/i0.wp.com\/anythingtechnicallc.com\/wp-content\/uploads\/2025\/02\/51IHIZ9mrqL._AC_SL1500_.jpg?fit=526%2C1200&ssl=1&resize=350%2C200","width":350,"height":200},"classes":[]},{"id":9285,"url":"https:\/\/anythingtechnicallc.com\/index.php\/de\/product\/gebrauchtes-shure-sm35-performance-headset-kondensatormikrofon-fuer-freisprechanlagen-tqg-anschluss-zur-verwendung-mit-drahtlossystemen-taschensender-separat-erhaeltlich-sm35-tqg\/","url_meta":{"origin":9059,"position":2},"title":"Gebrauchtes Shure SM35 Performance Headset-Kondensatormikrofon f\u00fcr Freisprechanlagen, TQG-Anschluss zur Verwendung mit Drahtlossystemen &#8211; Taschensender separat erh\u00e4ltlich (SM35-TQG)","date":"March 19, 2026","format":false,"excerpt":"Die Leute werden Ihnen nicht zuh\u00f6ren, wenn Sie nicht gut klingen. Mit dem Shure SM35 Headset-Mikrofon werden Sie die Aufmerksamkeit der Leute auf sich ziehen und behalten. Egal, ob Sie singen, eine Pr\u00e4sentation halten oder ein Produkt in einer praktischen Vorf\u00fchrung zeigen, das komfortable SM35 bietet Ihnen eine klare und\u2026","rel":"","context":"Similar post","img":{"alt_text":"","src":"https:\/\/i0.wp.com\/anythingtechnicallc.com\/wp-content\/uploads\/2025\/06\/61hZnoDGHkL._AC_SL1500_.jpg?fit=1028%2C1200&ssl=1&resize=350%2C200","width":350,"height":200},"classes":[]},{"id":9273,"url":"https:\/\/anythingtechnicallc.com\/index.php\/de\/product\/gebrauchtes-shure-mx150b-o-tqg-lavalier-mikrofon-fuer-shure-wireless\/","url_meta":{"origin":9059,"position":3},"title":"Gebrauchtes Shure MX150B\/O-TQG Lavalier-Mikrofon f\u00fcr Shure Wireless","date":"March 19, 2026","format":false,"excerpt":"Die CommShield Technologie sch\u00fctzt vor Interferenzen durch RF-Mobilfunkger\u00e4te und digitale Bodypack-Sender. Mattschwarzes, schlankes Design f\u00fcr eine unauff\u00e4llige Platzierung. Der Multi-Positions-Clip erm\u00f6glicht eine Vielzahl von Platzierungsoptionen und verf\u00fcgt \u00fcber ein integriertes Kabelmanagementsystem f\u00fcr eine bequeme und ger\u00e4uscharme Kabelf\u00fchrung. Das mit Kevlar verst\u00e4rkte Soft-Flex-Kabel reduziert die St\u00f6rger\u00e4usche weiter und bietet gleichzeitig eine\u2026","rel":"","context":"Similar post","img":{"alt_text":"","src":"https:\/\/i0.wp.com\/anythingtechnicallc.com\/wp-content\/uploads\/2025\/06\/Shure-MX150B-O-TQG-Lavalier-Microphone.jpg?fit=750%2C611&ssl=1&resize=350%2C200","width":350,"height":200},"classes":[]},{"id":9282,"url":"https:\/\/anythingtechnicallc.com\/index.php\/de\/product\/gebrauchtes-shure-microflex-mx153-ohrbuegel-mikrofon-fuer-kopfhoerer-tan-kugelmikrofon-tqg-ta4f-anschluss-drahtlose-taschensender-mx153t-o-tqg\/","url_meta":{"origin":9059,"position":4},"title":"Gebrauchtes Shure Microflex MX153 Ohrb\u00fcgel-Mikrofon f\u00fcr Kopfh\u00f6rer &#8211; Tan, Kugelmikrofon, TQG \/ TA4F Anschluss Drahtlose Taschensender (MX153T\/O-TQG)","date":"March 19, 2026","format":false,"excerpt":"Subminiatur-Kugelmikrofon mit Kugelcharakteristik bietet \u00fcberragende Klarheit und verbesserten Plosivschutz ohne Nahbesprechungseffekt. Mit TQG \/ TA4F-Anschluss f\u00fcr den direkten Anschluss an drahtlose Shure Bodypack-Sender. Das ultraleichte, komfortable und flexible Design ist stabil und l\u00e4sst sich leicht \u00fcber beide Ohren tragen. Die CommShield Technologie sch\u00fctzt vor Interferenzen durch RF-Mobilfunkger\u00e4te und digitale Bodypack-Sender.\u2026","rel":"","context":"Similar post","img":{"alt_text":"","src":"https:\/\/i0.wp.com\/anythingtechnicallc.com\/wp-content\/uploads\/2025\/06\/41UMIMgNDZL._AC_SL1500_.jpg?fit=1200%2C702&ssl=1&resize=350%2C200","width":350,"height":200},"classes":[]},{"id":9212,"url":"https:\/\/anythingtechnicallc.com\/index.php\/de\/product\/gebrauchtes-shure-sm31fh-tqg-wasserabweisendes-kondensatormikrofon-mit-nierencharakteristik-fuer-kopfhoerer\/","url_meta":{"origin":9059,"position":5},"title":"Gebrauchtes Shure SM31FH-TQG Wasserabweisendes Kondensatormikrofon mit Nierencharakteristik f\u00fcr Kopfh\u00f6rer","date":"March 19, 2026","format":false,"excerpt":"WETTERFESTES DESIGN - Das SM31FH wurde f\u00fcr den Einsatz in rauen Umgebungen und unter schwierigen Wetterbedingungen entwickelt und eignet sich perfekt f\u00fcr Fitness-Trainer und aktive K\u00fcnstler. SICHERER SITZ - Das komfortable, sicher sitzende Drahtb\u00fcgel-Headset ist so konzipiert, dass es auch bei energiegeladenen Auftritten und anstrengenden Aktivit\u00e4ten an seinem Platz bleibt.\u2026","rel":"","context":"Similar post","img":{"alt_text":"","src":"https:\/\/i0.wp.com\/anythingtechnicallc.com\/wp-content\/uploads\/2025\/02\/61oDR6SKIL._AC_SL1500_.jpg?fit=1200%2C1032&ssl=1&resize=350%2C200","width":350,"height":200},"classes":[]}],"pll_sync_post":[],"lang":"de","translations":{"de":9059,"en":5369},"_links":{"self":[{"href":"https:\/\/anythingtechnicallc.com\/index.php\/wp-json\/wp\/v2\/product\/9059","targetHints":{"allow":["GET"]}}],"collection":[{"href":"https:\/\/anythingtechnicallc.com\/index.php\/wp-json\/wp\/v2\/product"}],"about":[{"href":"https:\/\/anythingtechnicallc.com\/index.php\/wp-json\/wp\/v2\/types\/product"}],"replies":[{"embeddable":true,"href":"https:\/\/anythingtechnicallc.com\/index.php\/wp-json\/wp\/v2\/comments?post=9059"}],"wp:featuredmedia":[{"embeddable":true,"href":"https:\/\/anythingtechnicallc.com\/index.php\/wp-json\/wp\/v2\/media\/9058"}],"wp:attachment":[{"href":"https:\/\/anythingtechnicallc.com\/index.php\/wp-json\/wp\/v2\/media?parent=9059"}],"wp:term":[{"taxonomy":"product_brand","embeddable":true,"href":"https:\/\/anythingtechnicallc.com\/index.php\/wp-json\/wp\/v2\/product_brand?post=9059"},{"taxonomy":"product_cat","embeddable":true,"href":"https:\/\/anythingtechnicallc.com\/index.php\/wp-json\/wp\/v2\/product_cat?post=9059"},{"taxonomy":"product_tag","embeddable":true,"href":"https:\/\/anythingtechnicallc.com\/index.php\/wp-json\/wp\/v2\/product_tag?post=9059"}],"curies":[{"name":"wp","href":"https:\/\/api.w.org\/{rel}","templated":true}]}}