{"id":9062,"date":"2026-03-18T15:25:43","date_gmt":"2026-03-18T15:25:43","guid":{"rendered":"https:\/\/anythingtechnicallc.com\/?post_type=product&#038;p=9062"},"modified":"2026-03-18T15:25:43","modified_gmt":"2026-03-18T15:25:43","slug":"shure-mv51-digitales-grossmembran-kondensatormikrofon-mit-usb-und-lightning-kabeln","status":"publish","type":"product","link":"https:\/\/anythingtechnicallc.com\/index.php\/de\/product\/shure-mv51-digitales-grossmembran-kondensatormikrofon-mit-usb-und-lightning-kabeln\/","title":{"rendered":"Shure MV51 Digitales Gro\u00dfmembran-Kondensatormikrofon mit USB- und Lightning-Kabeln"},"content":{"rendered":"<ul class=\"a-unordered-list a-vertical a-spacing-mini\">\n<li class=\"a-spacing-mini\"><span class=\"a-list-item\">Gro\u00dfmembran-Kondensatorkapsel f\u00fcr vollmundige Tonaufnahmen.<\/span><\/li>\n<li class=\"a-spacing-mini\"><span class=\"a-list-item\">iOS- und USB-Konnektivit\u00e4t erm\u00f6glicht eine schnelle Einrichtung ohne Audio-Interface oder zus\u00e4tzliche Adapter oder Anschluss-Kits (Apple MFi-zertifiziert).<\/span><\/li>\n<li class=\"a-spacing-mini\"><span class=\"a-list-item\">Integrierter hinterer St\u00e4nder f\u00fcr die Verwendung auf dem Tisch. Oder schrauben Sie die Endkappe ab und befestigen Sie sie an einem Standard 5\/8&#8243;-Mikrofonst\u00e4nder.<\/span><\/li>\n<li class=\"a-spacing-mini\"><span class=\"a-list-item\">Ber\u00fchrungssteuerung auf der Vorderseite f\u00fcr 5 DSP-Voreinstellungsmodi, Kopfh\u00f6rerlautst\u00e4rke und mehr.<\/span><\/li>\n<li class=\"a-spacing-mini\"><span class=\"a-list-item\">Mit der kostenlosen ShurePlus MOTIV iOS App k\u00f6nnen Sie Aufnahmen aufnehmen, bearbeiten und weitergeben.<\/span><\/li>\n<li class=\"a-spacing-mini\"><span class=\"a-list-item\">Kompatibel mit g\u00e4ngigen iOS Audio- und Video-Apps.<\/span><\/li>\n<li class=\"a-spacing-mini\"><span class=\"a-list-item\">Null-Latenz-Kopfh\u00f6rerausgang f\u00fcr Echtzeit-Monitoring.<\/span><\/li>\n<\/ul>\n<div class=\"a-row a-expander-container a-expander-inline-container\">\n<div class=\"a-expander-content a-expander-extend-content a-expander-content-expanded\" data-expanded=\"true\">\n<ul class=\"a-unordered-list a-vertical a-spacing-none\">\n<li class=\"a-spacing-mini\"><span class=\"a-list-item\">Ikonischer K\u00fchlergrill, inspiriert von alten Shure Produkten, und Ganzmetallkonstruktion.<\/span><\/li>\n<li>Zustand: Restock-Produkte k\u00f6nnen Kratzer, Dellen, Gebrauchsspuren oder andere kosmetische Sch\u00e4den aufweisen, die die Spielbarkeit oder Leistung nicht beeintr\u00e4chtigen. Sie k\u00f6nnen auch abgenutzte oder nicht originale Verpackungen haben.<\/li>\n<\/ul>\n<\/div>\n<\/div>\n","protected":false},"excerpt":{"rendered":"<ul class=\"a-unordered-list a-vertical a-spacing-mini\">\n<li class=\"a-spacing-mini\"><span class=\"a-list-item\">Gro\u00dfmembran-Kondensatorkapsel f\u00fcr vollmundige Tonaufnahmen.<\/span><\/li>\n<li class=\"a-spacing-mini\"><span class=\"a-list-item\">iOS- und USB-Konnektivit\u00e4t erm\u00f6glicht eine schnelle Einrichtung ohne Audio-Interface oder zus\u00e4tzliche Adapter oder Anschluss-Kits (Apple MFi-zertifiziert).<\/span><\/li>\n<li class=\"a-spacing-mini\"><span class=\"a-list-item\">Integrierter hinterer St\u00e4nder f\u00fcr die Verwendung auf dem Tisch. Oder schrauben Sie die Endkappe ab und befestigen Sie sie an einem Standard 5\/8&#8243;-Mikrofonst\u00e4nder.<\/span><\/li>\n<li class=\"a-spacing-mini\"><span class=\"a-list-item\">Ber\u00fchrungssteuerung auf der Vorderseite f\u00fcr 5 DSP-Voreinstellungsmodi, Kopfh\u00f6rerlautst\u00e4rke und mehr.<\/span><\/li>\n<li class=\"a-spacing-mini\"><span class=\"a-list-item\">Mit der kostenlosen ShurePlus MOTIV iOS App k\u00f6nnen Sie Aufnahmen aufnehmen, bearbeiten und weitergeben.<\/span><\/li>\n<li class=\"a-spacing-mini\"><span class=\"a-list-item\">Kompatibel mit g\u00e4ngigen iOS Audio- und Video-Apps.<\/span><\/li>\n<li class=\"a-spacing-mini\"><span class=\"a-list-item\">Null-Latenz-Kopfh\u00f6rerausgang f\u00fcr Echtzeit-Monitoring.<\/span><\/li>\n<\/ul>\n<div class=\"a-row a-expander-container a-expander-inline-container\">\n<div class=\"a-expander-content a-expander-extend-content a-expander-content-expanded\" data-expanded=\"true\">\n<ul class=\"a-unordered-list a-vertical a-spacing-none\">\n<li class=\"a-spacing-mini\"><span class=\"a-list-item\">Ikonischer K\u00fchlergrill, inspiriert von alten Shure Produkten, und Ganzmetallkonstruktion.<\/span><\/li>\n<li>Zustand: Restock-Produkte k\u00f6nnen Kratzer, Dellen, Gebrauchsspuren oder andere kosmetische Sch\u00e4den aufweisen, die die Spielbarkeit oder Leistung nicht beeintr\u00e4chtigen. Sie k\u00f6nnen auch abgenutzte oder nicht originale Verpackungen haben.<\/li>\n<\/ul>\n<\/div>\n<\/div>\n","protected":false},"featured_media":9061,"comment_status":"open","ping_status":"closed","template":"","meta":{"_et_pb_use_builder":"","_et_pb_old_content":"","_et_gb_content_width":""},"product_brand":[],"product_cat":[1372],"product_tag":[],"class_list":{"0":"post-9062","1":"product","2":"type-product","3":"status-publish","4":"has-post-thumbnail","6":"product_cat-elektronik","8":"first","9":"instock","10":"sale","11":"taxable","12":"shipping-taxable","13":"purchasable","14":"product-type-simple"},"exclude_global_add_ons":[],"addons":[],"jetpack-related-posts":[{"id":9309,"url":"https:\/\/anythingtechnicallc.com\/index.php\/de\/product\/shure-mv88-video-kit-digitales-stereo-kondensatormikrofon-fuer-apple-und-android-mit-manfrotto-pixi-stativ-telefonklammer-halterung-ios-und-usb-c-kabel-fuer-kompatibilitaet-und-konnektivitaet\/","url_meta":{"origin":9062,"position":0},"title":"Shure MV88+ Video Kit &#8211; Digitales Stereo-Kondensatormikrofon f\u00fcr Apple und Android, mit Manfrotto PIXI-Stativ, Telefonklammer, Halterung, iOS- und USB-C-Kabel f\u00fcr Kompatibilit\u00e4t und Konnektivit\u00e4t auf h\u00f6chstem Niveau","date":"March 19, 2026","format":false,"excerpt":"Das MOTIV MV88+ Video Kit ist ein hochwertiges digitales Stereo-Kondensatormikrofon. Ihr neues mobiles Aufnahmeger\u00e4t l\u00e4sst sich \u00fcber einen Lightning-Anschluss direkt mit jedem Apple-Ger\u00e4t oder \u00fcber USB-C mit ausgew\u00e4hlten weiteren Ger\u00e4ten verbinden. Das MV88+ hat alles, was Sie brauchen, um gro\u00dfartige Aufnahmen zu machen - direkt nach dem Auspacken. Die im\u2026","rel":"","context":"Similar post","img":{"alt_text":"","src":"https:\/\/i0.wp.com\/anythingtechnicallc.com\/wp-content\/uploads\/2025\/07\/71V1p0Wj5JL._AC_SL1500_.jpg?fit=1163%2C1200&ssl=1&resize=350%2C200","width":350,"height":200},"classes":[]},{"id":9558,"url":"https:\/\/anythingtechnicallc.com\/index.php\/de\/product\/renewed-poly-voyager-4320-uc-wireless-headset-plantronics-kopfhoerer-mit-buegelmikrofon-anschluss-an-pc-mac-ueber-usb-a-bluetooth-adapter-mobiltelefon-ueber-bluetooth-funktioniert-mit-teams\/","url_meta":{"origin":9062,"position":1},"title":"Renewed Poly &#8211; Voyager 4320 UC Wireless Headset (Plantronics) &#8211; Kopfh\u00f6rer mit B\u00fcgelmikrofon &#8211; Anschluss an PC\/Mac \u00fcber USB-A Bluetooth-Adapter, Mobiltelefon \u00fcber Bluetooth &#8211; Funktioniert mit Teams, Zoom &#038; mehr","date":"March 21, 2026","format":false,"excerpt":"Audioqualit\u00e4t: Anrufer h\u00f6ren Sie - und nicht Ihre Umgebung - mit einem Dual-Mikrofon mit Ger\u00e4uschunterdr\u00fcckung und Acoustic Fence-Technologie, die Hintergrundger\u00e4usche in einem flexiblen Mikrofonarm ausblendet. Ideal f\u00fcr: Hybridarbeiter, die eine erschwingliche L\u00f6sung f\u00fcr die Verbindung zu Hause und im B\u00fcro ben\u00f6tigen. Tragestil: Leichtes Stereo-Headset mit passiver Ger\u00e4uschisolierung, damit Sie immer\u2026","rel":"","context":"Similar post","img":{"alt_text":"","src":"https:\/\/i0.wp.com\/anythingtechnicallc.com\/wp-content\/uploads\/2025\/09\/81AZutdwNpL._AC_SL1500_.jpg?fit=817%2C1200&ssl=1&resize=350%2C200","width":350,"height":200},"classes":[]},{"id":9530,"url":"https:\/\/anythingtechnicallc.com\/index.php\/de\/product\/poly-voyager-4310-uc-wireless-headset-plantronics-einohr-bluetooth-headset-mit-mikrofon-zur-geraeuschunterdrueckung-verbindung-mit-pc-mac-mobiltelefon-ueber-bluetooth-funktioniert-mit-teams-z\/","url_meta":{"origin":9062,"position":2},"title":"Poly Voyager 4310 UC Wireless Headset (Plantronics) &#8211; Einohr-Bluetooth-Headset mit Mikrofon zur Ger\u00e4uschunterdr\u00fcckung &#8211; Verbindung mit PC\/Mac\/Mobiltelefon \u00fcber Bluetooth &#8211; Funktioniert mit Teams, Zoom und mehr &#8211; Amazon Exclusive","date":"March 21, 2026","format":false,"excerpt":"KLARE AUDIOQUALIT\u00c4T: Die Ger\u00e4uschunterdr\u00fcckung mit Acoustic Fence Technologie in einem flexiblen B\u00fcgelmikrofon blendet Hintergrundger\u00e4usche aus, so dass Ihre Gespr\u00e4chspartner nur Sie h\u00f6ren. Mit der Stummschalttaste am B\u00fcgelmikrofon k\u00f6nnen Sie Ihr Mikrofon schnell stummschalten, w\u00e4hrend ein dynamischer Stummschaltungsalarm Sie darauf hinweist, dass Sie stummgeschaltet sind. KONNEKTIVIT\u00c4T & MOBILIT\u00c4T: Verbinden Sie sich\u2026","rel":"","context":"Similar post","img":{"alt_text":"","src":"https:\/\/i0.wp.com\/anythingtechnicallc.com\/wp-content\/uploads\/2025\/09\/81zIcuCc9L._AC_SL1500_.jpg?fit=921%2C1200&ssl=1&resize=350%2C200","width":350,"height":200},"classes":[]},{"id":9551,"url":"https:\/\/anythingtechnicallc.com\/index.php\/de\/product\/hp-usb-c-dock-g5-11-in-1-adapter-fuer-usb-c-und-thunderbolt-faehige-laptops-pcs-und-notebooks-ein-einziges-kabel-zum-aufladen-vernetzen-oder-fuer-datenuebertragungen-ideal-fuer-sicheres-remote\/","url_meta":{"origin":9062,"position":3},"title":"HP USB-C Dock G5-11-in-1 Adapter f\u00fcr USB-C und Thunderbolt-f\u00e4hige Laptops, PCs und Notebooks &#8211; ein einziges Kabel zum Aufladen, Vernetzen oder f\u00fcr Daten\u00fcbertragungen &#8211; ideal f\u00fcr sicheres &#038; Remote Management","date":"March 21, 2026","format":false,"excerpt":"Machen Sie sich an die Arbeit mit dem vielseitigen, eleganten und platzsparenden HP USB-C Dock G5. Diese USB-Dockingstation ist mit HP Laptops, MacBook\u00ae Computern und anderen Notebooks (2) kompatibel und eignet sich dank ihres geringen Platzbedarfs und der Einrichtung mit nur einem Kabel hervorragend zur Organisation Ihres Schreibtisches. Ganz gleich,\u2026","rel":"","context":"Similar post","img":{"alt_text":"","src":"https:\/\/i0.wp.com\/anythingtechnicallc.com\/wp-content\/uploads\/2025\/09\/81xxmKsxxsL._AC_SL1500_.jpg?fit=983%2C1200&ssl=1&resize=350%2C200","width":350,"height":200},"classes":[]},{"id":9491,"url":"https:\/\/anythingtechnicallc.com\/index.php\/de\/product\/alienware-pro-wireless-gaming-keyboard-bluetooth-5-1-2-4-ghz-funkverbindung-linear-mechanical-hot-swap-faehige-schalter-tri-mode-konnektivitaet-einstellbare-hoehe-lunar-light\/","url_meta":{"origin":9062,"position":4},"title":"Alienware Pro Wireless Gaming Keyboard &#8211; Bluetooth 5.1\/2.4 GHz Funkverbindung, Linear Mechanical, Hot-swap-f\u00e4hige Schalter, Tri-Mode-Konnektivit\u00e4t, einstellbare H\u00f6he &#8211; Lunar Light","date":"March 21, 2026","format":false,"excerpt":"Hot-swap-f\u00e4hige Schalter: Das Hot-Swap-f\u00e4hige 5-Pin PCBA-Design passt zu fast allen 3-Pin- und 5-Pin-Schaltern und erm\u00f6glicht die Anpassung von Klang, Haptik und Bet\u00e4tigung an Ihre genauen Vorlieben*. *Trennen Sie die Tastatur vom Stromnetz, bevor Sie die Schalter austauschen. Wir empfehlen die Verwendung von antistatischen\/ESD-B\u00e4ndern oder Handschuhen beim Hot-Swapping. Klein & robust:\u2026","rel":"","context":"Similar post","img":{"alt_text":"","src":"","width":0,"height":0},"classes":[]},{"id":9349,"url":"https:\/\/anythingtechnicallc.com\/index.php\/de\/product\/gebrauchtes-shure-mvi-digital-audio-interface-mit-usb-und-lightning-kabeln\/","url_meta":{"origin":9062,"position":5},"title":"Gebrauchtes Shure MVi Digital Audio Interface mit USB- und Lightning-Kabeln","date":"March 19, 2026","format":false,"excerpt":"Digitales Audio-Interface f\u00fcr den Anschluss eines professionellen XLR-Mikrofons oder eines 1\/4\"-Instrumentenausgangs an einen Computer oder ein mobiles Ger\u00e4t. Zu den Funktionen geh\u00f6ren 5 voreingestellte DSP-Modi f\u00fcr EQ-, Kompressions- und Limiter-Einstellungen, Verst\u00e4rkungsregelung, Stummschaltung und Lautst\u00e4rke sowie Phantomspeisung. 5 DSP-Vorgabemodi (Sprache, Gesang, flach, akustisches Instrument, laut) f\u00fcr EQ-, Kompressions- und Limiter-Einstellungen. \u00dcber\u2026","rel":"","context":"Similar post","img":{"alt_text":"","src":"https:\/\/i0.wp.com\/anythingtechnicallc.com\/wp-content\/uploads\/2025\/08\/71tfHTkRJvL._AC_SL1500_.jpg?fit=1200%2C806&ssl=1&resize=350%2C200","width":350,"height":200},"classes":[]}],"pll_sync_post":[],"lang":"de","translations":{"de":9062,"en":5371},"_links":{"self":[{"href":"https:\/\/anythingtechnicallc.com\/index.php\/wp-json\/wp\/v2\/product\/9062","targetHints":{"allow":["GET"]}}],"collection":[{"href":"https:\/\/anythingtechnicallc.com\/index.php\/wp-json\/wp\/v2\/product"}],"about":[{"href":"https:\/\/anythingtechnicallc.com\/index.php\/wp-json\/wp\/v2\/types\/product"}],"replies":[{"embeddable":true,"href":"https:\/\/anythingtechnicallc.com\/index.php\/wp-json\/wp\/v2\/comments?post=9062"}],"wp:featuredmedia":[{"embeddable":true,"href":"https:\/\/anythingtechnicallc.com\/index.php\/wp-json\/wp\/v2\/media\/9061"}],"wp:attachment":[{"href":"https:\/\/anythingtechnicallc.com\/index.php\/wp-json\/wp\/v2\/media?parent=9062"}],"wp:term":[{"taxonomy":"product_brand","embeddable":true,"href":"https:\/\/anythingtechnicallc.com\/index.php\/wp-json\/wp\/v2\/product_brand?post=9062"},{"taxonomy":"product_cat","embeddable":true,"href":"https:\/\/anythingtechnicallc.com\/index.php\/wp-json\/wp\/v2\/product_cat?post=9062"},{"taxonomy":"product_tag","embeddable":true,"href":"https:\/\/anythingtechnicallc.com\/index.php\/wp-json\/wp\/v2\/product_tag?post=9062"}],"curies":[{"name":"wp","href":"https:\/\/api.w.org\/{rel}","templated":true}]}}