{"id":9065,"date":"2026-03-18T15:27:19","date_gmt":"2026-03-18T15:27:19","guid":{"rendered":"https:\/\/anythingtechnicallc.com\/?post_type=product&#038;p=9065"},"modified":"2026-03-18T15:27:19","modified_gmt":"2026-03-18T15:27:19","slug":"shure-sm7b-dynamisches-gesangsmikrofon","status":"publish","type":"product","link":"https:\/\/anythingtechnicallc.com\/index.php\/de\/product\/shure-sm7b-dynamisches-gesangsmikrofon\/","title":{"rendered":"Shure SM7B Dynamisches Gesangsmikrofon"},"content":{"rendered":"<ul class=\"a-unordered-list a-vertical a-spacing-mini\">\n<li class=\"a-spacing-mini\"><span class=\"a-list-item\">EIN MIKROFON F\u00dcR ALLES &#8211; Studioaufnahmen, Heimaufnahmen, Podcasting und Streaming. Das SM7B wird von den weltweit f\u00fchrenden S\u00e4ngern, Podcastern und Streamern gesch\u00e4tzt.<\/span><\/li>\n<li class=\"a-spacing-mini\"><span class=\"a-list-item\">STUDIO VOCAL RECORDING &#8211; Der dynamische Tonabnehmer des SM7B mit seinem glatten, flachen und weitreichenden Frequenzgang sorgt f\u00fcr eine au\u00dfergew\u00f6hnlich saubere und nat\u00fcrliche Wiedergabe von Musik und Sprache.<\/span><\/li>\n<li class=\"a-spacing-mini\"><span class=\"a-list-item\">PODCAST &amp; BROADCAST &#8211; Das SM7B ist in den besten Podcasting-Studios auf der ganzen Welt zu finden. Die luftgefederte Sto\u00dfd\u00e4mpfung und der Pop-Filter eliminieren sowohl mechanische Ger\u00e4usche als auch die Luftfeuchtigkeit. So kommen die Worte durch und der Rest bleibt aus dem Mix heraus.<\/span><\/li>\n<li class=\"a-spacing-mini\"><span class=\"a-list-item\">STREAMING INHALTE &#8211; Professionelles Live-Streaming beginnt mit einem Mikrofon, das in der Lage ist, eine au\u00dfergew\u00f6hnlich saubere und nat\u00fcrliche Wiedergabe von Musik und Sprache einzufangen. Das SM7B ist seit Jahrzehnten ein Pionier in diesen Bereichen.<\/span><\/li>\n<li class=\"a-spacing-mini\"><span class=\"a-list-item\">PROFESSIONELLER XLR-ANSCHLUSS &#8211; Der XLR-Anschluss in Verbindung mit einem Audio-Interface erm\u00f6glicht Ihnen mehr Kontrolle \u00fcber den Klang &#8211; und damit eine bessere Gesamtklangqualit\u00e4t.<\/span><\/li>\n<li class=\"a-spacing-mini\"><span class=\"a-list-item\">CLASSIC CARDIOID PATTERN WITH UNIFORM CAPTURE &#8211; Die Nierencharakteristik des SM7B ist so konzipiert, dass au\u00dfermittig abgestrahlter Ton unterdr\u00fcckt wird, so dass Sie in einem angenehmen Winkel singen oder sprechen k\u00f6nnen und das Mikrofon den Ton genau so einf\u00e4ngt, wie Sie ihn haben m\u00f6chten, mit minimaler Verf\u00e4rbung.<\/span><\/li>\n<li class=\"a-spacing-mini\"><span class=\"a-list-item\">SCH\u00dcTZEN SIE IHREN TON &#8211; Wir haben eine fortschrittliche elektromagnetische Abschirmung hinzugef\u00fcgt, um das Brummen von Computermonitoren und anderen Studioger\u00e4ten zu bek\u00e4mpfen.<\/span><\/li>\n<\/ul>\n<div class=\"a-row a-expander-container a-expander-inline-container\">\n<div class=\"a-expander-content a-expander-extend-content a-expander-content-expanded\" data-expanded=\"true\">\n<ul class=\"a-unordered-list a-vertical a-spacing-none\">\n<li class=\"a-spacing-mini\"><span class=\"a-list-item\">CLOSE-MIKING STUDIO APPLICATIONS &#8211; Das SM7B gl\u00e4nzt bei der Nahabnahme von Instrumenten und ASMR-Audio, wo warme und weiche volle Frequenzen ein Muss sind.<\/span><\/li>\n<li class=\"a-spacing-mini\"><span class=\"a-list-item\">QUALIT\u00c4T IN DEN DETAILS &#8211; Robuste Konstruktion zur Sicherung der Mikrofonkapsel. Abnehmbarer Nahbesprechungs-Windschutz und Schalterabdeckplatte im Lieferumfang enthalten. Regler f\u00fcr Bassabschw\u00e4chung und Betonung der Mitten (Pr\u00e4senzverst\u00e4rkung) mit grafischer Anzeige der Einstellung.<\/span><\/li>\n<li>Zustand: Restock-Produkte k\u00f6nnen Kratzer, Dellen, Gebrauchsspuren oder andere kosmetische Sch\u00e4den aufweisen, die die Spielbarkeit oder Leistung nicht beeintr\u00e4chtigen. Sie k\u00f6nnen auch abgenutzte oder nicht originale Verpackungen haben.<\/li>\n<\/ul>\n<\/div>\n<\/div>\n","protected":false},"excerpt":{"rendered":"<ul class=\"a-unordered-list a-vertical a-spacing-mini\">\n<li class=\"a-spacing-mini\"><span class=\"a-list-item\">EIN MIKROFON F\u00dcR ALLES &#8211; Studioaufnahmen, Heimaufnahmen, Podcasting und Streaming. Das SM7B wird von den weltweit f\u00fchrenden S\u00e4ngern, Podcastern und Streamern gesch\u00e4tzt.<\/span><\/li>\n<li class=\"a-spacing-mini\"><span class=\"a-list-item\">STUDIO VOCAL RECORDING &#8211; Der dynamische Tonabnehmer des SM7B mit seinem glatten, flachen und weitreichenden Frequenzgang sorgt f\u00fcr eine au\u00dfergew\u00f6hnlich saubere und nat\u00fcrliche Wiedergabe von Musik und Sprache.<\/span><\/li>\n<li class=\"a-spacing-mini\"><span class=\"a-list-item\">PODCAST &amp; BROADCAST &#8211; Das SM7B ist in den besten Podcasting-Studios auf der ganzen Welt zu finden. Die luftgefederte Sto\u00dfd\u00e4mpfung und der Pop-Filter eliminieren sowohl mechanische Ger\u00e4usche als auch die Luftfeuchtigkeit. So kommen die Worte durch und der Rest bleibt aus dem Mix heraus.<\/span><\/li>\n<li class=\"a-spacing-mini\"><span class=\"a-list-item\">STREAMING INHALTE &#8211; Professionelles Live-Streaming beginnt mit einem Mikrofon, das in der Lage ist, eine au\u00dfergew\u00f6hnlich saubere und nat\u00fcrliche Wiedergabe von Musik und Sprache einzufangen. Das SM7B ist seit Jahrzehnten ein Pionier in diesen Bereichen.<\/span><\/li>\n<li class=\"a-spacing-mini\"><span class=\"a-list-item\">PROFESSIONELLER XLR-ANSCHLUSS &#8211; Der XLR-Anschluss in Verbindung mit einem Audio-Interface erm\u00f6glicht Ihnen mehr Kontrolle \u00fcber den Klang &#8211; und damit eine bessere Gesamtklangqualit\u00e4t.<\/span><\/li>\n<li class=\"a-spacing-mini\"><span class=\"a-list-item\">CLASSIC CARDIOID PATTERN WITH UNIFORM CAPTURE &#8211; Die Nierencharakteristik des SM7B ist so konzipiert, dass au\u00dfermittig abgestrahlter Ton unterdr\u00fcckt wird, so dass Sie in einem angenehmen Winkel singen oder sprechen k\u00f6nnen und das Mikrofon den Ton genau so einf\u00e4ngt, wie Sie ihn haben m\u00f6chten, mit minimaler Verf\u00e4rbung.<\/span><\/li>\n<li class=\"a-spacing-mini\"><span class=\"a-list-item\">SCH\u00dcTZEN SIE IHREN TON &#8211; Wir haben eine fortschrittliche elektromagnetische Abschirmung hinzugef\u00fcgt, um das Brummen von Computermonitoren und anderen Studioger\u00e4ten zu bek\u00e4mpfen.<\/span><\/li>\n<\/ul>\n<div class=\"a-row a-expander-container a-expander-inline-container\">\n<div class=\"a-expander-content a-expander-extend-content a-expander-content-expanded\" data-expanded=\"true\">\n<ul class=\"a-unordered-list a-vertical a-spacing-none\">\n<li class=\"a-spacing-mini\"><span class=\"a-list-item\">CLOSE-MIKING STUDIO APPLICATIONS &#8211; Das SM7B gl\u00e4nzt bei der Nahabnahme von Instrumenten und ASMR-Audio, wo warme und weiche volle Frequenzen ein Muss sind.<\/span><\/li>\n<li class=\"a-spacing-mini\"><span class=\"a-list-item\">QUALIT\u00c4T IN DEN DETAILS &#8211; Robuste Konstruktion zur Sicherung der Mikrofonkapsel. Abnehmbarer Nahbesprechungs-Windschutz und Schalterabdeckplatte im Lieferumfang enthalten. Regler f\u00fcr Bassabschw\u00e4chung und Betonung der Mitten (Pr\u00e4senzverst\u00e4rkung) mit grafischer Anzeige der Einstellung.<\/span><\/li>\n<li>Zustand: Restock-Produkte k\u00f6nnen Kratzer, Dellen, Gebrauchsspuren oder andere kosmetische Sch\u00e4den aufweisen, die die Spielbarkeit oder Leistung nicht beeintr\u00e4chtigen. Sie k\u00f6nnen auch abgenutzte oder nicht originale Verpackungen haben.<\/li>\n<\/ul>\n<\/div>\n<\/div>\n","protected":false},"featured_media":9064,"comment_status":"open","ping_status":"closed","template":"","meta":{"_et_pb_use_builder":"","_et_pb_old_content":"","_et_gb_content_width":""},"product_brand":[],"product_cat":[1372],"product_tag":[],"class_list":{"0":"post-9065","1":"product","2":"type-product","3":"status-publish","4":"has-post-thumbnail","6":"product_cat-elektronik","8":"first","9":"instock","10":"sale","11":"taxable","12":"shipping-taxable","13":"purchasable","14":"product-type-simple"},"exclude_global_add_ons":[],"addons":[],"jetpack-related-posts":[{"id":9130,"url":"https:\/\/anythingtechnicallc.com\/index.php\/de\/product\/shure-mv7-usb-mikrofon-fuer-podcasting-aufnahmen-live-streaming-und-spiele-integrierter-kopfhoererausgang-dynamisches-usb-xlr-mikrofon-aus-metall-sprachisolierende-technologie-teamspeak-und-zoo\/","url_meta":{"origin":9065,"position":0},"title":"Shure MV7 USB-Mikrofon f\u00fcr Podcasting, Aufnahmen, Live-Streaming und Spiele, integrierter Kopfh\u00f6rerausgang, dynamisches USB\/XLR-Mikrofon aus Metall, sprachisolierende Technologie, TeamSpeak- und Zoom-zertifiziert &#8211; Schwarz","date":"March 19, 2026","format":false,"excerpt":"Das Shure MV7 ist ein professionelles dynamisches USB\/XLR-Mikrofon, das vom legend\u00e4ren SM7B inspiriert wurde und sich ideal f\u00fcr Nahbesprechungsanwendungen eignet, bei denen eine gute Sprachverst\u00e4ndlichkeit und ein ausgewogener Klang erforderlich sind. \u00dcber ein Touchpanel am Mikrofon selbst k\u00f6nnen Sie die Mikrofonverst\u00e4rkung, den Kopfh\u00f6rerpegel, den Monitormix und die Stummschaltung steuern. Mit\u2026","rel":"","context":"Similar post","img":{"alt_text":"","src":"https:\/\/i0.wp.com\/anythingtechnicallc.com\/wp-content\/uploads\/2025\/02\/81ZHXEuhgIL._AC_SL1500_.jpg?fit=909%2C1200&ssl=1&resize=350%2C200","width":350,"height":200},"classes":[]},{"id":9300,"url":"https:\/\/anythingtechnicallc.com\/index.php\/de\/product\/shure-mv7x-mikrofon-nur-xlr-dynamisches-mikrofon-in-profiqualitaet-fuer-podcasting-und-gesangsaufnahmen-stimmisolierende-technologie-ganzmetallkonstruktion-mikrofonstaender-kompatibel-optimierte\/","url_meta":{"origin":9065,"position":1},"title":"Shure MV7X Mikrofon &#8211; Nur XLR Dynamisches Mikrofon in Profiqualit\u00e4t f\u00fcr Podcasting und Gesangsaufnahmen, stimmisolierende Technologie, Ganzmetallkonstruktion, Mikrofonst\u00e4nder-kompatibel, optimierte Frequenz &#8211; Schwarz","date":"March 19, 2026","format":false,"excerpt":"Das Shure MV7X ist ein professionelles dynamisches XLR-Mikrofon, das sich ideal f\u00fcr Nahbesprechungen eignet, bei denen es auf Sprachverst\u00e4ndlichkeit und einen ausgewogenen Klang ankommt. Die Voice Isolation Technology sorgt daf\u00fcr, dass das Mikrofon auf Ihre Stimme fokussiert ist und keine unerw\u00fcnschten Hintergrundger\u00e4usche aufnimmt, damit Sie auch in unvollkommenen R\u00e4umen perfekte\u2026","rel":"","context":"Similar post","img":{"alt_text":"","src":"https:\/\/i0.wp.com\/anythingtechnicallc.com\/wp-content\/uploads\/2025\/07\/712Xa1xLMIL._AC_SL1500_.jpg?fit=922%2C1200&ssl=1&resize=350%2C200","width":350,"height":200},"classes":[]},{"id":9256,"url":"https:\/\/anythingtechnicallc.com\/index.php\/de\/product\/gebrauchtes-shure-mv7-usb-podcast-mikrofon-silber\/","url_meta":{"origin":9065,"position":2},"title":"Gebrauchtes Shure MV7 USB Podcast Mikrofon &#8211; Silber","date":"March 19, 2026","format":false,"excerpt":"USB- ODER XLR-ANSCHL\u00dcSSE: Der doppelte USB\/XLR-Ausgang erm\u00f6glicht digitale oder analoge Aufnahmen. CLOSE MIC ANWENDUNGEN: Ideal f\u00fcr Podcasting, Aufnahmen, Live-Streaming und mehr. INTUITIVE TOUCHPANEL-BEDIENELEMENTE: Intuitives Touchpanel zur Steuerung von Verst\u00e4rkung, Abh\u00f6rlautst\u00e4rke, Kopfh\u00f6rermix und Mikrofonstummschaltung. INTEGRIERTER KOPFH\u00d6RERAUSGANG: Der integrierte Kopfh\u00f6rerausgang erm\u00f6glicht das direkte Abh\u00f6ren \u00fcber Kopfh\u00f6rer w\u00e4hrend der Aufnahme. RICH & NATURAL\u2026","rel":"","context":"Similar post","img":{"alt_text":"","src":"https:\/\/i0.wp.com\/anythingtechnicallc.com\/wp-content\/uploads\/2025\/06\/7187FWHMGCL._AC_SL1500_.jpg?fit=858%2C1200&ssl=1&resize=350%2C200","width":350,"height":200},"classes":[]},{"id":9246,"url":"https:\/\/anythingtechnicallc.com\/index.php\/de\/product\/rode-wireless-go-ii-zweikanal-drahtlossystem-mit-eingebauten-mikrofonen-mit-analogen-und-digitalen-usb-ausgaengen-kompatibel-mit-kameras-windows-und-macos-computern-ios-und-android-handys\/","url_meta":{"origin":9065,"position":3},"title":"R\u00d8DE Wireless Go II Zweikanal-Drahtlossystem mit eingebauten Mikrofonen mit analogen und digitalen USB-Ausg\u00e4ngen, kompatibel mit Kameras, Windows- und MacOS-Computern, iOS- und Android-Handys","date":"March 19, 2026","format":false,"excerpt":"Ultrakompaktes und einfach zu bedienendes drahtloses Zweikanal-Mikrofonsystem f\u00fcr Filmaufnahmen, Vlogging, TikTok, Streaming, Podcasting und Videoanrufe (Zoom, MS Teams usw.) Analoge und digitale USB-Ausg\u00e4nge, die mit Kameras, Windows- und MacOS-Computern, iOS- und Android-Telefonen kompatibel sind, f\u00fcr den vielseitigen Einsatz in einer Reihe von Umgebungen (f\u00fcr einige Ger\u00e4te kann ein zus\u00e4tzliches Kabel\u2026","rel":"","context":"Similar post","img":{"alt_text":"","src":"https:\/\/i0.wp.com\/anythingtechnicallc.com\/wp-content\/uploads\/2025\/06\/519TvRDJyYL._AC_SL1080_.jpg?fit=770%2C976&ssl=1&resize=350%2C200","width":350,"height":200},"classes":[]},{"id":9297,"url":"https:\/\/anythingtechnicallc.com\/index.php\/de\/product\/erneuertes-dynamisches-shure-mv7-podcast-mikrofon-obs-zertifiziert-enhanced-audio-led-touch-panel-usb-c-xlr-ausgaenge-auto-level-modus-digitaler-pop-filter-halleffekte-podcasting-streamin\/","url_meta":{"origin":9065,"position":4},"title":"Erneuertes dynamisches Shure MV7+ Podcast-Mikrofon. OBS-zertifiziert, Enhanced Audio, LED-Touch-Panel, USB-C- &#038; XLR-Ausg\u00e4nge, Auto-Level-Modus, digitaler Pop-Filter, Halleffekte, Podcasting, Streaming, Aufnahme -Schwarz","date":"March 19, 2026","format":false,"excerpt":"Erschlie\u00dfen Sie das gesamte Klangspektrum. Das MV7+ wurde mit einem anpassbaren LED-Touch-Panel, leistungsstarken DSP-Funktionen und noch besserem Klang aufgefrischt und ist ein dynamisches Mikrofon f\u00fcr anspruchsvolle Podcaster, Streamer und Musiker. Diese aktualisierte Version bietet USB-C- und XLR-Ausg\u00e4nge, einen verbesserten Auto-Level-Modus sowie einen neuen digitalen Pop-Filter, Echtzeit-Denoiser und Reverb-Effekte. W\u00e4hlen Sie\u2026","rel":"","context":"Similar post","img":{"alt_text":"","src":"https:\/\/i0.wp.com\/anythingtechnicallc.com\/wp-content\/uploads\/2025\/07\/81SkpwyPZnL._AC_SL1500_.jpg?fit=846%2C1200&ssl=1&resize=350%2C200","width":350,"height":200},"classes":[]},{"id":9303,"url":"https:\/\/anythingtechnicallc.com\/index.php\/de\/product\/gebrauchtes-shure-mv6-gaming-mikrofon-dynamisches-usb-pc-mikrofon-fuer-videospiele-streaming-desktop-staender-hintergrundgeraeuschunterdrueckung-tap-to-mute-35mm-ausgang-fuer-kopfhoerer-moni\/","url_meta":{"origin":9065,"position":5},"title":"Gebrauchtes Shure MV6 Gaming-Mikrofon, dynamisches USB-PC-Mikrofon f\u00fcr Videospiele &#038; Streaming &#8211; Desktop-St\u00e4nder, Hintergrundger\u00e4uschunterdr\u00fcckung, Tap-to-Mute &#038; 3,5mm-Ausgang f\u00fcr Kopfh\u00f6rer-Monitoring in Echtzeit","date":"March 19, 2026","format":false,"excerpt":"Wir haben alles, was wir \u00fcber dynamische Gesangsmikrofone wissen, in das MV6 gepackt, um ein USB-Mikrofon zu entwickeln, das f\u00fcr jedermann einfach zu bedienen ist, und zwar sofort nach dem Auspacken. Mit dem Design und der Technologie unserer kultigen SM7- und MV7-Mikrofone wurde das MV6 entwickelt, um Gamern und Streamern\u2026","rel":"","context":"Similar post","img":{"alt_text":"","src":"https:\/\/i0.wp.com\/anythingtechnicallc.com\/wp-content\/uploads\/2025\/07\/61u0AqBTp3L._AC_SL1500_.jpg?fit=695%2C1200&ssl=1&resize=350%2C200","width":350,"height":200},"classes":[]}],"pll_sync_post":[],"lang":"de","translations":{"de":9065,"en":5373},"_links":{"self":[{"href":"https:\/\/anythingtechnicallc.com\/index.php\/wp-json\/wp\/v2\/product\/9065","targetHints":{"allow":["GET"]}}],"collection":[{"href":"https:\/\/anythingtechnicallc.com\/index.php\/wp-json\/wp\/v2\/product"}],"about":[{"href":"https:\/\/anythingtechnicallc.com\/index.php\/wp-json\/wp\/v2\/types\/product"}],"replies":[{"embeddable":true,"href":"https:\/\/anythingtechnicallc.com\/index.php\/wp-json\/wp\/v2\/comments?post=9065"}],"wp:featuredmedia":[{"embeddable":true,"href":"https:\/\/anythingtechnicallc.com\/index.php\/wp-json\/wp\/v2\/media\/9064"}],"wp:attachment":[{"href":"https:\/\/anythingtechnicallc.com\/index.php\/wp-json\/wp\/v2\/media?parent=9065"}],"wp:term":[{"taxonomy":"product_brand","embeddable":true,"href":"https:\/\/anythingtechnicallc.com\/index.php\/wp-json\/wp\/v2\/product_brand?post=9065"},{"taxonomy":"product_cat","embeddable":true,"href":"https:\/\/anythingtechnicallc.com\/index.php\/wp-json\/wp\/v2\/product_cat?post=9065"},{"taxonomy":"product_tag","embeddable":true,"href":"https:\/\/anythingtechnicallc.com\/index.php\/wp-json\/wp\/v2\/product_tag?post=9065"}],"curies":[{"name":"wp","href":"https:\/\/api.w.org\/{rel}","templated":true}]}}