{"id":9068,"date":"2026-03-18T15:29:01","date_gmt":"2026-03-18T15:29:01","guid":{"rendered":"https:\/\/anythingtechnicallc.com\/?post_type=product&#038;p=9068"},"modified":"2026-03-18T15:29:01","modified_gmt":"2026-03-18T15:29:01","slug":"shure-aonic-free-true-wireless-earbuds-klangisolierende-kabellose-bluetooth-kopfhoerer-21-stunden-akkulaufzeit-klang-in-studioqualitaet-klare-anrufe-langlebige-qualitaet-geringes-gewicht-steuer","status":"publish","type":"product","link":"https:\/\/anythingtechnicallc.com\/index.php\/de\/product\/shure-aonic-free-true-wireless-earbuds-klangisolierende-kabellose-bluetooth-kopfhoerer-21-stunden-akkulaufzeit-klang-in-studioqualitaet-klare-anrufe-langlebige-qualitaet-geringes-gewicht-steuer\/","title":{"rendered":"Shure AONIC Free True Wireless Earbuds, klangisolierende kabellose Bluetooth-Kopfh\u00f6rer, 21 Stunden Akkulaufzeit, Klang in Studioqualit\u00e4t, klare Anrufe, langlebige Qualit\u00e4t, geringes Gewicht, Steuerung mit den Fingerspitzen"},"content":{"rendered":"<ul class=\"a-unordered-list a-vertical a-spacing-mini\">\n<li class=\"a-spacing-mini\"><span class=\"a-list-item\">Hinweis : Wenn die Gr\u00f6\u00dfe der Ohrst\u00f6psel nicht mit der Gr\u00f6\u00dfe Ihrer Geh\u00f6rg\u00e4nge \u00fcbereinstimmt oder das Headset nicht richtig in Ihren Ohren getragen wird, erhalten Sie m\u00f6glicherweise nicht die richtige Klangqualit\u00e4t oder Anrufleistung. Tauschen Sie die Ohrst\u00f6psel gegen solche aus, die besser in Ihrem Ohr sitzen.<\/span><\/li>\n<li class=\"a-spacing-mini\"><span class=\"a-list-item\">Klare, tiefe B\u00e4sse, STUDIO-Klangqualit\u00e4t &#8211; Entwickelt auf der Grundlage jahrzehntelanger Erfahrung in der Entwicklung von Produkten f\u00fcr Musiklegenden und K\u00fcnstler aller Art.<\/span><\/li>\n<li class=\"a-spacing-mini\"><span class=\"a-list-item\">SLEEK DESIGN, KOMFORTABEL &amp; SICHERER SITZ &#8211; Genie\u00dfen Sie den sicheren Sitz in einem hakenfreien Formfaktor, der den ganzen Tag \u00fcber bequem an seinem Platz bleibt.<\/span><\/li>\n<li class=\"a-spacing-mini\"><span class=\"a-list-item\">DAUERHAFTE VERARBEITUNGSQUALIT\u00c4T &#8211; Langlebige Qualit\u00e4t, die Schwei\u00df und Wind und Wetter standh\u00e4lt. Entwickelt, um strenge Qualit\u00e4ts- und Haltbarkeitstests zu bestehen und eine lange Lebensdauer zu gew\u00e4hrleisten.<\/span><\/li>\n<li class=\"a-spacing-mini\"><span class=\"a-list-item\">EINFACHER ZUGANG &amp; ANPASSBARE STEUERUNG &#8211; Mit der anpassbaren Tastensteuerung haben Sie schnellen Zugriff auf Lautst\u00e4rke, Wiedergabe und Anrufe.<\/span><\/li>\n<li class=\"a-spacing-mini\"><span class=\"a-list-item\">21 STUNDEN BATTERIELAUFZEIT &#8211; Bis zu 21 Stunden Akkulaufzeit in der Tragetasche f\u00fcr ununterbrochenen Musikgenuss unterwegs. Die Ohrh\u00f6rer verf\u00fcgen \u00fcber eine Akkulaufzeit von bis zu 7 Stunden pro Ladung, und die schlanke, umklappbare Tragetasche erm\u00f6glicht zwei zus\u00e4tzliche Ladungen.<\/span><\/li>\n<li class=\"a-spacing-mini\"><span class=\"a-list-item\">BLUETOOTH 5 TECHNOLOGIE &#8211; Die kabellose Bluetooth 5 Technologie sorgt f\u00fcr verbesserte Stabilit\u00e4t und eine Reichweite von bis zu 10 Metern (30 Fu\u00df). L\u00e4sst sich f\u00fcr Musik und Anrufe mit Handys, Tablets und Laptops verbinden.<\/span><\/li>\n<\/ul>\n<div class=\"a-row a-expander-container a-expander-inline-container\">\n<div class=\"a-expander-content a-expander-extend-content a-expander-content-expanded\" data-expanded=\"true\">\n<ul class=\"a-unordered-list a-vertical a-spacing-none\">\n<li class=\"a-spacing-mini\"><span class=\"a-list-item\">SOUND ISOLATING TECHNOLOGY &#8211; Blockiert auf nat\u00fcrliche Weise bis zu 37 dB L\u00e4rm und eliminiert so Ablenkungen. Genie\u00dfen Sie das intensivste H\u00f6rerlebnis, egal wo Sie sind &#8211; im Zug, im Fitnessstudio, am Flughafen oder zu Hause.<\/span><\/li>\n<li class=\"a-spacing-mini\"><span class=\"a-list-item\">H\u00d6REN SIE DIE AUSSENWELT MIT DEM UMGEBUNGSMODUS &#8211; Aktivieren Sie ihn mit einem Knopfdruck am Ohrh\u00f6rer oder verwenden Sie die PausePlus-Funktion in der App, um den Umgebungsmodus automatisch einzuschalten, wenn Sie Ihre Musik \u00fcber die Ohrh\u00f6rer pausieren.<\/span><\/li>\n<li class=\"a-spacing-mini\"><span class=\"a-list-item\">SHUREPLUS PLAY APP &#8211; Mit der ShurePlus PLAY App k\u00f6nnen Sie Ihren EQ, die Tastensteuerung, den Umgebungsmodus und die Eingabeaufforderungen anpassen. Kostenlos zum Download f\u00fcr iOS und Android.<\/span><\/li>\n<li>Zustand: Restock-Produkte k\u00f6nnen Kratzer, Dellen, Gebrauchsspuren oder andere Formen kosmetischer Sch\u00e4den aufweisen, die die Spielbarkeit oder Leistung nicht beeintr\u00e4chtigen. Sie k\u00f6nnen auch eine abgenutzte oder nicht originale Verpackung haben.<\/li>\n<\/ul>\n<\/div>\n<\/div>\n","protected":false},"excerpt":{"rendered":"<ul class=\"a-unordered-list a-vertical a-spacing-mini\">\n<li class=\"a-spacing-mini\"><span class=\"a-list-item\">Hinweis : Wenn die Gr\u00f6\u00dfe der Ohrst\u00f6psel nicht mit der Gr\u00f6\u00dfe Ihrer Geh\u00f6rg\u00e4nge \u00fcbereinstimmt oder das Headset nicht richtig in Ihren Ohren getragen wird, erhalten Sie m\u00f6glicherweise nicht die richtige Klangqualit\u00e4t oder Anrufleistung. Tauschen Sie die Ohrst\u00f6psel gegen solche aus, die besser in Ihrem Ohr sitzen.<\/span><\/li>\n<li class=\"a-spacing-mini\"><span class=\"a-list-item\">Klare, tiefe B\u00e4sse, STUDIO-Klangqualit\u00e4t &#8211; Entwickelt auf der Grundlage jahrzehntelanger Erfahrung in der Entwicklung von Produkten f\u00fcr Musiklegenden und K\u00fcnstler aller Art.<\/span><\/li>\n<li class=\"a-spacing-mini\"><span class=\"a-list-item\">SLEEK DESIGN, KOMFORTABEL &amp; SICHERER SITZ &#8211; Genie\u00dfen Sie den sicheren Sitz in einem hakenfreien Formfaktor, der den ganzen Tag \u00fcber bequem an seinem Platz bleibt.<\/span><\/li>\n<li class=\"a-spacing-mini\"><span class=\"a-list-item\">DAUERHAFTE VERARBEITUNGSQUALIT\u00c4T &#8211; Langlebige Qualit\u00e4t, die Schwei\u00df und Wind und Wetter standh\u00e4lt. Entwickelt, um strenge Qualit\u00e4ts- und Haltbarkeitstests zu bestehen und eine lange Lebensdauer zu gew\u00e4hrleisten.<\/span><\/li>\n<li class=\"a-spacing-mini\"><span class=\"a-list-item\">EINFACHER ZUGANG &amp; ANPASSBARE STEUERUNG &#8211; Mit der anpassbaren Tastensteuerung haben Sie schnellen Zugriff auf Lautst\u00e4rke, Wiedergabe und Anrufe.<\/span><\/li>\n<li class=\"a-spacing-mini\"><span class=\"a-list-item\">21 STUNDEN BATTERIELAUFZEIT &#8211; Bis zu 21 Stunden Akkulaufzeit in der Tragetasche f\u00fcr ununterbrochenen Musikgenuss unterwegs. Die Ohrh\u00f6rer verf\u00fcgen \u00fcber eine Akkulaufzeit von bis zu 7 Stunden pro Ladung, und die schlanke, umklappbare Tragetasche erm\u00f6glicht zwei zus\u00e4tzliche Ladungen.<\/span><\/li>\n<li class=\"a-spacing-mini\"><span class=\"a-list-item\">BLUETOOTH 5 TECHNOLOGIE &#8211; Die drahtlose Bluetooth 5 Technologie sorgt f\u00fcr verbesserte Stabilit\u00e4t und eine Reichweite von bis zu 10 Metern. L\u00e4sst sich f\u00fcr Musik und Anrufe mit Handys, Tablets und Laptops verbinden.<\/span><\/li>\n<\/ul>\n<div class=\"a-row a-expander-container a-expander-inline-container\">\n<div class=\"a-expander-content a-expander-extend-content a-expander-content-expanded\" data-expanded=\"true\">\n<ul class=\"a-unordered-list a-vertical a-spacing-none\">\n<li class=\"a-spacing-mini\"><span class=\"a-list-item\">SOUND ISOLATING TECHNOLOGY &#8211; Blockiert auf nat\u00fcrliche Weise bis zu 37 dB L\u00e4rm und eliminiert so Ablenkungen. Genie\u00dfen Sie das intensivste H\u00f6rerlebnis, egal wo Sie sind &#8211; im Zug, im Fitnessstudio, am Flughafen oder zu Hause.<\/span><\/li>\n<li class=\"a-spacing-mini\"><span class=\"a-list-item\">H\u00d6REN SIE DIE AUSSENWELT MIT DEM UMGEBUNGSMODUS &#8211; Aktivieren Sie ihn mit einem Knopfdruck am Ohrh\u00f6rer oder verwenden Sie die PausePlus-Funktion in der App, um den Umgebungsmodus automatisch einzuschalten, wenn Sie Ihre Musik \u00fcber die Ohrh\u00f6rer pausieren.<\/span><\/li>\n<li class=\"a-spacing-mini\"><span class=\"a-list-item\">SHUREPLUS PLAY APP &#8211; Mit der ShurePlus PLAY App k\u00f6nnen Sie Ihren EQ, die Tastensteuerung, den Umgebungsmodus und die Eingabeaufforderungen anpassen. Kostenlos zum Download f\u00fcr iOS und Android.<\/span><\/li>\n<li>Zustand: Restock-Produkte k\u00f6nnen Kratzer, Dellen, Gebrauchsspuren oder andere Formen kosmetischer Sch\u00e4den aufweisen, die die Spielbarkeit oder Leistung nicht beeintr\u00e4chtigen. Sie k\u00f6nnen auch eine abgenutzte oder nicht originale Verpackung haben.<\/li>\n<\/ul>\n<\/div>\n<\/div>\n","protected":false},"featured_media":9067,"comment_status":"open","ping_status":"closed","template":"","meta":{"_et_pb_use_builder":"","_et_pb_old_content":"","_et_gb_content_width":""},"product_brand":[],"product_cat":[1372],"product_tag":[],"class_list":{"0":"post-9068","1":"product","2":"type-product","3":"status-publish","4":"has-post-thumbnail","6":"product_cat-elektronik","8":"first","9":"instock","10":"sale","11":"taxable","12":"shipping-taxable","13":"purchasable","14":"product-type-simple"},"exclude_global_add_ons":[],"addons":[],"jetpack-related-posts":[{"id":8929,"url":"https:\/\/anythingtechnicallc.com\/index.php\/de\/product\/sennheiser-cx-300s-in-ear-kopfhoerer-mit-intelligenter-ein-knopf-fernbedienung-schwarz\/","url_meta":{"origin":9068,"position":0},"title":"Sennheiser CX 300S In-Ear-Kopfh\u00f6rer mit intelligenter Ein-Knopf-Fernbedienung &#8211; Schwarz","date":"March 18, 2026","format":false,"excerpt":"Vergewissern Sie sich, dass das Produkt passt, indem Sie Ihre Modellnummer eingeben. Hinweis : Wenn die Gr\u00f6\u00dfe der Ohrst\u00f6psel nicht mit der Gr\u00f6\u00dfe Ihrer Geh\u00f6rg\u00e4nge \u00fcbereinstimmt oder das Headset nicht richtig in Ihren Ohren getragen wird, erhalten Sie m\u00f6glicherweise nicht die richtige Klangqualit\u00e4t oder Gespr\u00e4chsleistung. Tauschen Sie die Ohrst\u00f6psel gegen\u2026","rel":"","context":"Similar post","img":{"alt_text":"","src":"https:\/\/i0.wp.com\/anythingtechnicallc.com\/wp-content\/uploads\/2023\/03\/Sennheiser-CX-300S-In-Ear-Headphone-with-One-Button-Smart-Remote-Black-0.jpg?fit=500%2C500&ssl=1&resize=350%2C200","width":350,"height":200},"classes":[]},{"id":8888,"url":"https:\/\/anythingtechnicallc.com\/index.php\/de\/product\/razer-hammerhead-true-wireless-2-generation-bluetooth-gaming-kopfhoerer-chroma-rgb-beleuchtung-60ms-low-latency-aktive-geraeuschunterdrueckung-zwei-mikrofone-mit-umgebungsgeraeuschunterdruecku\/","url_meta":{"origin":9068,"position":1},"title":"Razer Hammerhead True Wireless (2. Generation) Bluetooth Gaming-Kopfh\u00f6rer: Chroma RGB-Beleuchtung -60ms Low-Latency- Aktive Ger\u00e4uschunterdr\u00fcckung &#8211; Zwei Mikrofone mit Umgebungsger\u00e4uschunterdr\u00fcckung- Klassisches Schwarz","date":"March 18, 2026","format":false,"excerpt":"Powered by Razer Chroma RGB: Mit 16,8 Millionen Farben und einer Reihe von Effekten, aus denen Sie w\u00e4hlen k\u00f6nnen, unterstreichen Sie Ihren Stil und heben sich von der Masse ab - mit dem ultimativen kabellosen Ohrst\u00f6psel Flex.Hinweis: Wenn die Gr\u00f6\u00dfe der Ohrst\u00f6pselaufs\u00e4tze nicht mit der Gr\u00f6\u00dfe Ihrer Geh\u00f6rg\u00e4nge \u00fcbereinstimmt oder\u2026","rel":"","context":"Similar post","img":{"alt_text":"","src":"https:\/\/i0.wp.com\/anythingtechnicallc.com\/wp-content\/uploads\/2023\/03\/Razer-Hammerhead-True-Wireless-2nd-Gen-Bluetooth-Gaming-Earbuds-Chroma-RGB-Lighting-60ms-Low-Latency-Active-Noise-Cancellation-Dual-Environmental-Noise-Cancelling-Microphones-Classic-Black-0.jpg?fit=500%2C375&ssl=1&resize=350%2C200","width":350,"height":200},"classes":[]},{"id":9843,"url":"https:\/\/anythingtechnicallc.com\/index.php\/de\/product\/shokz-openrun-bone-conduction-headphones-offene-bluetooth-kopfhoerer-fuer-laufen-und-training-schweissresistent-lange-spielzeit-von-8-stunden-mikrofon-haarband-standard-schwarz\/","url_meta":{"origin":9068,"position":2},"title":"SHOKZ OpenRun Bone Conduction Headphones, Offene Bluetooth-Kopfh\u00f6rer f\u00fcr Laufen und Training, schwei\u00dfresistent, lange Spielzeit von 8 Stunden, Mikrofon, Haarband-Standard-Schwarz","date":"April 8, 2026","format":false,"excerpt":"Open-Ear-Komfort - Das innovative Design des OpenRun bietet einen federleichten, umlaufenden Rahmen und einen kabellosen, offenen Sitz f\u00fcr bequemes H\u00f6ren ohne Ohrst\u00f6psel. Inklusive Shokz-Kopfband. Sicherheit und Verbindung - Bleiben Sie mit unserer Knochenleitungstechnologie der 8. Generation bei jedem Training aufmerksam und motiviert. OpenRun liefert hochwertigen Klang und l\u00e4sst Ihr Trommelfell\u2026","rel":"","context":"Similar post","img":{"alt_text":"","src":"https:\/\/i0.wp.com\/anythingtechnicallc.com\/wp-content\/uploads\/2026\/03\/41BJP39NtLL._AC_SL1500_.jpg?fit=1123%2C502&ssl=1&resize=350%2C200","width":350,"height":200},"classes":[]},{"id":9834,"url":"https:\/\/anythingtechnicallc.com\/index.php\/de\/product\/shokz-openrun-pro-bone-conduction-kopfhoerer-offener-bluetooth-kopfhoerer-fuer-laufen-und-training-schweissresistent-lange-akkulaufzeit-premium-deep-bass-mikrofon-mit-haarband-schwarz\/","url_meta":{"origin":9068,"position":3},"title":"SHOKZ OpenRun Pro-Bone Conduction Kopfh\u00f6rer, Offener Bluetooth-Kopfh\u00f6rer f\u00fcr Laufen und Training, schwei\u00dfresistent, lange Akkulaufzeit, Premium Deep Bass, Mikrofon, mit Haarband, Schwarz","date":"April 8, 2026","format":false,"excerpt":"Open-Ear-Komfort - Der OpenRun Pro bietet unsere bisher beste Passform. Vermeiden Sie die Unannehmlichkeiten von In-Ear-Kopfh\u00f6rern mit unserem knopflosen Design. Diese Kopfh\u00f6rer bleiben bei jedem Workout an Ort und Stelle. Inklusive Shokz-Stirnband. Sicherheit und Verbindung - OpenRun Pro sorgt daf\u00fcr, dass Sie Ihre Lieblingsmusik genie\u00dfen k\u00f6nnen, ohne Ihre Umgebung zu\u2026","rel":"","context":"Similar post","img":{"alt_text":"","src":"https:\/\/i0.wp.com\/anythingtechnicallc.com\/wp-content\/uploads\/2026\/03\/41HKPiu-O-L._AC_SL1500_.jpg?fit=1114%2C499&ssl=1&resize=350%2C200","width":350,"height":200},"classes":[]},{"id":9573,"url":"https:\/\/anythingtechnicallc.com\/index.php\/de\/product\/hyperx-cloud-ii-gaming-headset-7-1-surround-sound-memory-foam-ear-pads-robuster-aluminiumrahmen-abnehmbares-mikrofon-kompatibel-mit-pc-ps5-ps4-xbox-series-xs-xbox-one-rot\/","url_meta":{"origin":9068,"position":4},"title":"HyperX Cloud II &#8211; Gaming Headset, 7.1 Surround Sound, Memory Foam Ear Pads, robuster Aluminiumrahmen, abnehmbares Mikrofon, kompatibel mit PC, PS5, PS4, Xbox Series X|S, Xbox One &#8211; Rot","date":"March 21, 2026","format":false,"excerpt":"15-25kKhz Frequenzgang.Kopfh\u00f6rertyp:Over-Ear.Hinweis : Wenn die Gr\u00f6\u00dfe der Ohrst\u00f6psel nicht mit der Gr\u00f6\u00dfe Ihrer Geh\u00f6rg\u00e4nge \u00fcbereinstimmt oder das Headset nicht richtig in Ihren Ohren getragen wird, erhalten Sie m\u00f6glicherweise nicht die richtige Klangqualit\u00e4t oder Gespr\u00e4chsleistung. Tauschen Sie die Ohrst\u00f6psel gegen solche aus, die besser in Ihr Ohr passen. Entwickelt f\u00fcr Komfort:\u2026","rel":"","context":"Similar post","img":{"alt_text":"","src":"https:\/\/i0.wp.com\/anythingtechnicallc.com\/wp-content\/uploads\/2025\/10\/HyperX-Cloud-II-Gaming-Headset-Red.jpg?fit=1070%2C1200&ssl=1&resize=350%2C200","width":350,"height":200},"classes":[]},{"id":9726,"url":"https:\/\/anythingtechnicallc.com\/index.php\/de\/product\/bose-soundsport-wireless-earbuds-schweissfeste-bluetooth-kopfhoerer-fuer-laufen-und-sport-schwarz-erneuert\/","url_meta":{"origin":9068,"position":5},"title":"Bose SoundSport, Wireless Earbuds, (schwei\u00dffeste Bluetooth-Kopfh\u00f6rer f\u00fcr Laufen und Sport), Schwarz (erneuert)","date":"March 24, 2026","format":false,"excerpt":"Leistungsstarker Klang, der Sie in Bewegung h\u00e4lt, Wenn Sie ein anstrengendes Training absolvieren, m\u00fcssen die Ohrh\u00f6rer an ihrem Platz bleiben. Genau daf\u00fcr hat Bose die StayHear+ Sport-Aufs\u00e4tze entwickelt. Die Spitze ist in einer einzigartigen Form geformt, um eine sanfte Abdichtung am Eingang des Geh\u00f6rgangs zu schaffen und so die Audioleistung\u2026","rel":"","context":"Similar post","img":{"alt_text":"","src":"https:\/\/i0.wp.com\/anythingtechnicallc.com\/wp-content\/uploads\/2026\/02\/Bose-SoundSport.jpg?fit=901%2C1200&ssl=1&resize=350%2C200","width":350,"height":200},"classes":[]}],"pll_sync_post":[],"lang":"de","translations":{"de":9068,"en":5377},"_links":{"self":[{"href":"https:\/\/anythingtechnicallc.com\/index.php\/wp-json\/wp\/v2\/product\/9068","targetHints":{"allow":["GET"]}}],"collection":[{"href":"https:\/\/anythingtechnicallc.com\/index.php\/wp-json\/wp\/v2\/product"}],"about":[{"href":"https:\/\/anythingtechnicallc.com\/index.php\/wp-json\/wp\/v2\/types\/product"}],"replies":[{"embeddable":true,"href":"https:\/\/anythingtechnicallc.com\/index.php\/wp-json\/wp\/v2\/comments?post=9068"}],"wp:featuredmedia":[{"embeddable":true,"href":"https:\/\/anythingtechnicallc.com\/index.php\/wp-json\/wp\/v2\/media\/9067"}],"wp:attachment":[{"href":"https:\/\/anythingtechnicallc.com\/index.php\/wp-json\/wp\/v2\/media?parent=9068"}],"wp:term":[{"taxonomy":"product_brand","embeddable":true,"href":"https:\/\/anythingtechnicallc.com\/index.php\/wp-json\/wp\/v2\/product_brand?post=9068"},{"taxonomy":"product_cat","embeddable":true,"href":"https:\/\/anythingtechnicallc.com\/index.php\/wp-json\/wp\/v2\/product_cat?post=9068"},{"taxonomy":"product_tag","embeddable":true,"href":"https:\/\/anythingtechnicallc.com\/index.php\/wp-json\/wp\/v2\/product_tag?post=9068"}],"curies":[{"name":"wp","href":"https:\/\/api.w.org\/{rel}","templated":true}]}}