{"id":9077,"date":"2026-03-19T03:14:44","date_gmt":"2026-03-19T03:14:44","guid":{"rendered":"https:\/\/anythingtechnicallc.com\/?post_type=product&#038;p=9077"},"modified":"2026-03-19T03:14:45","modified_gmt":"2026-03-19T03:14:45","slug":"gebrauchter-shure-pgx1-drahtloser-taschensender-h6-band-524-542-mhz","status":"publish","type":"product","link":"https:\/\/anythingtechnicallc.com\/index.php\/de\/product\/gebrauchter-shure-pgx1-drahtloser-taschensender-h6-band-524-542-mhz\/","title":{"rendered":"Gebrauchter SHURE PGX1 Drahtloser Taschensender H6 Band, 524 &#8211; 542 MHz"},"content":{"rendered":"<article id=\"desc\" class=\"webtext\">\n<div class=\"webtext-block\">\n<p>Das PGX1 von Shure wurde speziell f\u00fcr die Bed\u00fcrfnisse reisender K\u00fcnstler entwickelt und kann mit Kopfb\u00fcgel-, Lavalier- oder Instrumentenmikrofonen sowie mit Gitarren oder B\u00e4ssen verwendet werden.<\/p>\n<p>Die drahtlosen Systeme von Performance Gear sind mit dem patentierten Audio Reference Companding von Shure ausgestattet, das f\u00fcr einen kristallklaren Klang sorgt, der die Grenzen der herk\u00f6mmlichen Drahtlostechnologie \u00fcberschreitet.<\/p>\n<p><b>Shure PGX1 Merkmale:<\/b><\/p>\n<ul>\n<li>Automatische Einstellung des Senders.<\/li>\n<li>Betriebsfrequenzen: H6-Band, 524 &#8211; 542 MHz.<\/li>\n<li>Multifunktions-LED-Anzeige (Strom, Sperrung, Stummschaltung, schwache Batterie).<\/li>\n<li>-10db-Pad.<\/li>\n<li>2 AA-Batterien sorgen f\u00fcr 8 Stunden Dauerbetrieb.<\/li>\n<li>18 MHz Arbeitsbereich.<\/li>\n<\/ul>\n<\/div>\n<\/article>\n<section class=\"product-disclaimer\">\n<div class=\"product-disclaimer__content\"><\/div>\n<\/section>\n","protected":false},"excerpt":{"rendered":"<article id=\"desc\" class=\"webtext\">\n<div class=\"webtext-block\">\n<p>Das PGX1 von Shure wurde speziell f\u00fcr die Bed\u00fcrfnisse reisender K\u00fcnstler entwickelt und kann mit Kopfb\u00fcgel-, Lavalier- oder Instrumentenmikrofonen sowie mit Gitarren oder B\u00e4ssen verwendet werden.<\/p>\n<p>Die drahtlosen Systeme von Performance Gear sind mit dem patentierten Audio Reference Companding von Shure ausgestattet, das f\u00fcr einen kristallklaren Klang sorgt, der die Grenzen der herk\u00f6mmlichen Drahtlostechnologie \u00fcberschreitet.<\/p>\n<p><b>Shure PGX1 Merkmale:<\/b><\/p>\n<ul>\n<li>Automatische Einstellung des Senders.<\/li>\n<li>Betriebsfrequenzen: H6-Band, 524 &#8211; 542 MHz.<\/li>\n<li>Multifunktions-LED-Anzeige (Strom, Sperrung, Stummschaltung, schwache Batterie).<\/li>\n<li>-10db-Pad.<\/li>\n<li>2 AA-Batterien sorgen f\u00fcr 8 Stunden Dauerbetrieb.<\/li>\n<li>18 MHz Arbeitsbereich.<\/li>\n<\/ul>\n<\/div>\n<\/article>\n<section class=\"product-disclaimer\">\n<div class=\"product-disclaimer__content\"><\/div>\n<\/section>\n","protected":false},"featured_media":9046,"comment_status":"open","ping_status":"closed","template":"","meta":{"_et_pb_use_builder":"","_et_pb_old_content":"","_et_gb_content_width":""},"product_brand":[],"product_cat":[1372],"product_tag":[],"class_list":{"0":"post-9077","1":"product","2":"type-product","3":"status-publish","4":"has-post-thumbnail","6":"product_cat-elektronik","8":"first","9":"instock","10":"taxable","11":"shipping-taxable","12":"purchasable","13":"product-type-simple"},"exclude_global_add_ons":[],"addons":[],"jetpack-related-posts":[{"id":9047,"url":"https:\/\/anythingtechnicallc.com\/index.php\/de\/product\/gebrauchter-shure-pgx1-drahtloser-bodypack-sender\/","url_meta":{"origin":9077,"position":0},"title":"Gebrauchter SHURE PGX1 Drahtloser Bodypack-Sender","date":"March 18, 2026","format":false,"excerpt":"Das PGX1 von Shure wurde speziell f\u00fcr die Bed\u00fcrfnisse reisender K\u00fcnstler entwickelt und kann mit Kopfb\u00fcgel-, Lavalier- oder Instrumentenmikrofonen sowie mit Gitarren oder B\u00e4ssen verwendet werden. Die drahtlosen Systeme von Performance Gear sind mit dem patentierten Audio Reference Companding von Shure ausgestattet, das f\u00fcr einen kristallklaren Klang sorgt, der die\u2026","rel":"","context":"Similar post","img":{"alt_text":"","src":"https:\/\/i0.wp.com\/anythingtechnicallc.com\/wp-content\/uploads\/2024\/09\/Shure-PGX1.jpg?fit=1200%2C900&ssl=1&resize=350%2C200","width":350,"height":200},"classes":[]},{"id":9264,"url":"https:\/\/anythingtechnicallc.com\/index.php\/de\/product\/gebrauchter-shure-slx4-funkempfaenger-h5-band-518-542-mhz\/","url_meta":{"origin":9077,"position":1},"title":"Gebrauchter Shure SLX4 Funkempf\u00e4nger &#8211; H5 Band 518-542 MHz","date":"March 19, 2026","format":false,"excerpt":"Dieser Sender arbeitet auf 518,000-542,000 MHz. SLX: Klare \u00dcbertragungen Der SLX-Sound basiert auf dem patentierten Audio Reference Companding von Shure, einer Technologie, die drahtlosen Systemen eine klarere \u00dcbertragung und einen gr\u00f6\u00dferen Dynamikbereich verleiht. Im Gegensatz zu herk\u00f6mmlichen drahtlosen Companding-Verfahren, die durch ein festes Kompressionsverh\u00e4ltnis eingeschr\u00e4nkt sind, verwendet diese Technologie ein\u2026","rel":"","context":"Similar post","img":{"alt_text":"","src":"https:\/\/i0.wp.com\/anythingtechnicallc.com\/wp-content\/uploads\/2025\/06\/Shure-SLX4-Wireless-Receiver-H5-Band-scaled.webp?fit=1200%2C608&ssl=1&resize=350%2C200","width":350,"height":200},"classes":[]},{"id":9056,"url":"https:\/\/anythingtechnicallc.com\/index.php\/de\/product\/shure-wh30-kondensator-kopfbuegelmikrofone-erneuert\/","url_meta":{"origin":9077,"position":2},"title":"Shure WH30 Kondensator-Kopfb\u00fcgelmikrofone erneuert","date":"March 18, 2026","format":false,"excerpt":"Das Shure Modell WH30 ist ein leichtes und dennoch robustes Headset-Mikrofon. Das WH30 wurde f\u00fcr S\u00e4nger und Instrumentalisten entwickelt und verf\u00fcgt \u00fcber eine hochwertige Elektret-Kondensator-Kapsel, die sich f\u00fcr alle Anwendungen eignet, bei denen Mobilit\u00e4t, Komfort, geringe Sichtbarkeit des Mikrofons und hohe Klangqualit\u00e4t erforderlich sind. Aufgrund seiner Nierencharakteristik (unidirektional) bietet das\u2026","rel":"","context":"Similar post","img":{"alt_text":"","src":"https:\/\/i0.wp.com\/anythingtechnicallc.com\/wp-content\/uploads\/2024\/09\/81s63XUminL._AC_SL1500_.jpg?fit=1200%2C710&ssl=1&resize=350%2C200","width":350,"height":200},"classes":[]},{"id":9273,"url":"https:\/\/anythingtechnicallc.com\/index.php\/de\/product\/gebrauchtes-shure-mx150b-o-tqg-lavalier-mikrofon-fuer-shure-wireless\/","url_meta":{"origin":9077,"position":3},"title":"Gebrauchtes Shure MX150B\/O-TQG Lavalier-Mikrofon f\u00fcr Shure Wireless","date":"March 19, 2026","format":false,"excerpt":"Die CommShield Technologie sch\u00fctzt vor Interferenzen durch RF-Mobilfunkger\u00e4te und digitale Bodypack-Sender. Mattschwarzes, schlankes Design f\u00fcr eine unauff\u00e4llige Platzierung. Der Multi-Positions-Clip erm\u00f6glicht eine Vielzahl von Platzierungsoptionen und verf\u00fcgt \u00fcber ein integriertes Kabelmanagementsystem f\u00fcr eine bequeme und ger\u00e4uscharme Kabelf\u00fchrung. Das mit Kevlar verst\u00e4rkte Soft-Flex-Kabel reduziert die St\u00f6rger\u00e4usche weiter und bietet gleichzeitig eine\u2026","rel":"","context":"Similar post","img":{"alt_text":"","src":"https:\/\/i0.wp.com\/anythingtechnicallc.com\/wp-content\/uploads\/2025\/06\/Shure-MX150B-O-TQG-Lavalier-Microphone.jpg?fit=750%2C611&ssl=1&resize=350%2C200","width":350,"height":200},"classes":[]},{"id":9089,"url":"https:\/\/anythingtechnicallc.com\/index.php\/de\/product\/gebrauchter-shure-pg1-k7-band-590-602-mhz-drahtloser-bodypack-sender\/","url_meta":{"origin":9077,"position":4},"title":"Gebrauchter Shure PG1 K7 Band (590-602 MHz) Drahtloser Bodypack-Sender","date":"March 19, 2026","format":false,"excerpt":"Der drahtlose Shure PG1 Taschensender verf\u00fcgt \u00fcber eine Betriebs-, Stummschaltungs- und Batteriestatus-LED, einen Netz- und Stummschalter und hat eine Reichweite von 250 Fu\u00df. Er wird mit einer 9-V-Batterie betrieben. Die professionellen Drahtlossysteme von Shure bieten legend\u00e4re Klangqualit\u00e4t, b\u00fchnenerprobte Langlebigkeit und eine problemlose Einrichtung f\u00fcr eine sorgenfreie Performance.","rel":"","context":"Similar post","img":{"alt_text":"","src":"https:\/\/i0.wp.com\/anythingtechnicallc.com\/wp-content\/uploads\/2024\/10\/Shure-PG1-Wireless-Bodypack-Transmitter.jpg?fit=1200%2C800&ssl=1&resize=350%2C200","width":350,"height":200},"classes":[]},{"id":9097,"url":"https:\/\/anythingtechnicallc.com\/index.php\/de\/product\/gebrauchter-shure-pg1-r10-band-800-812-mhz-drahtloser-bodypack-sender\/","url_meta":{"origin":9077,"position":5},"title":"Gebrauchter Shure PG1 R10 Band (800-812 MHz) Drahtloser Bodypack-Sender","date":"March 19, 2026","format":false,"excerpt":"Der drahtlose Shure PG1 Taschensender verf\u00fcgt \u00fcber eine Betriebs-, Stummschaltungs- und Batteriestatus-LED, einen Netz- und Stummschalter und hat eine Reichweite von 250 Fu\u00df. Er wird mit einer 9-V-Batterie betrieben. Die professionellen Drahtlossysteme von Shure bieten legend\u00e4re Klangqualit\u00e4t, b\u00fchnenerprobte Langlebigkeit und eine problemlose Einrichtung f\u00fcr eine sorgenfreie Performance.","rel":"","context":"Similar post","img":{"alt_text":"","src":"https:\/\/i0.wp.com\/anythingtechnicallc.com\/wp-content\/uploads\/2024\/10\/Shure-PG1-Wireless-Bodypack-Transmitter.jpg?fit=1200%2C800&ssl=1&resize=350%2C200","width":350,"height":200},"classes":[]}],"pll_sync_post":[],"lang":"de","translations":{"de":9077,"en":5470},"_links":{"self":[{"href":"https:\/\/anythingtechnicallc.com\/index.php\/wp-json\/wp\/v2\/product\/9077","targetHints":{"allow":["GET"]}}],"collection":[{"href":"https:\/\/anythingtechnicallc.com\/index.php\/wp-json\/wp\/v2\/product"}],"about":[{"href":"https:\/\/anythingtechnicallc.com\/index.php\/wp-json\/wp\/v2\/types\/product"}],"replies":[{"embeddable":true,"href":"https:\/\/anythingtechnicallc.com\/index.php\/wp-json\/wp\/v2\/comments?post=9077"}],"wp:featuredmedia":[{"embeddable":true,"href":"https:\/\/anythingtechnicallc.com\/index.php\/wp-json\/wp\/v2\/media\/9046"}],"wp:attachment":[{"href":"https:\/\/anythingtechnicallc.com\/index.php\/wp-json\/wp\/v2\/media?parent=9077"}],"wp:term":[{"taxonomy":"product_brand","embeddable":true,"href":"https:\/\/anythingtechnicallc.com\/index.php\/wp-json\/wp\/v2\/product_brand?post=9077"},{"taxonomy":"product_cat","embeddable":true,"href":"https:\/\/anythingtechnicallc.com\/index.php\/wp-json\/wp\/v2\/product_cat?post=9077"},{"taxonomy":"product_tag","embeddable":true,"href":"https:\/\/anythingtechnicallc.com\/index.php\/wp-json\/wp\/v2\/product_tag?post=9077"}],"curies":[{"name":"wp","href":"https:\/\/api.w.org\/{rel}","templated":true}]}}