{"id":9080,"date":"2026-03-19T03:15:39","date_gmt":"2026-03-19T03:15:39","guid":{"rendered":"https:\/\/anythingtechnicallc.com\/?post_type=product&#038;p=9080"},"modified":"2026-03-19T03:15:39","modified_gmt":"2026-03-19T03:15:39","slug":"gebrauchter-shure-blx1-wireless-bodypack-transmitter-mit-ein-aus-schalter-einstellbarem-gain-regler-tqg-anschluss-zur-verwendung-mit-blx-wireless-mikrofonsystemen-empfaenger-separat-erhaeltlich","status":"publish","type":"product","link":"https:\/\/anythingtechnicallc.com\/index.php\/de\/product\/gebrauchter-shure-blx1-wireless-bodypack-transmitter-mit-ein-aus-schalter-einstellbarem-gain-regler-tqg-anschluss-zur-verwendung-mit-blx-wireless-mikrofonsystemen-empfaenger-separat-erhaeltlich\/","title":{"rendered":"Gebrauchter Shure BLX1 Wireless Bodypack Transmitter mit Ein\/Aus-Schalter, einstellbarem Gain-Regler, TQG-Anschluss &#8211; zur Verwendung mit BLX Wireless Mikrofonsystemen (Empf\u00e4nger separat erh\u00e4ltlich) | H10 Band"},"content":{"rendered":"<ul class=\"a-unordered-list a-vertical a-spacing-mini\">\n<li class=\"a-spacing-mini\"><span class=\"a-list-item\">AUSWAHL DES DRAHTLOSEN FREQUENZBANDES &#8211; Bitte vergewissern Sie sich vor dem Kauf, dass das von Ihnen gew\u00e4hlte drahtlose Frequenzband in Ihrer Region funktioniert (Einzelheiten finden Sie auf der Shure Website &gt; Suche nach Shure Wireless Frequency Finder).<\/span><\/li>\n<li class=\"a-spacing-mini\"><span class=\"a-list-item\">NUR KOMPONENTE: Damit dieser BLX1 Taschensender funktioniert, m\u00fcssen Sie ihn auf das Frequenzband (z.B. H9, H10, J11) Ihres Empf\u00e4ngers (BLX4, BLX4R oder BLX88) abstimmen, der separat erh\u00e4ltlich ist. Sie ben\u00f6tigen au\u00dferdem ein Kabel (z.B. WA302) oder ein Mikrofon (z.B. SM31FH), das mit TQG abschlie\u00dft.<\/span><\/li>\n<li class=\"a-spacing-mini\"><span class=\"a-list-item\">SUPERIOR AUDIO &#8211; Bringen Sie die Show in Schwung, ohne dass Sie etwas daf\u00fcr tun m\u00fcssen. Professioneller Shure-Sound f\u00fcr jede Band und jede Gesangsanforderung.<\/span><\/li>\n<li class=\"a-spacing-mini\"><span class=\"a-list-item\">ERWEITERN SIE DIE B\u00dcHNE &#8211; Das System funktioniert bis zu einer Reichweite von 100 m (300 Fu\u00df), so dass Sie die Show ohne Unterbrechung in die Menge tragen k\u00f6nnen.<\/span><\/li>\n<li class=\"a-spacing-mini\"><span class=\"a-list-item\">SCHNELLES &amp; EINFACHES SETUP &#8211; BLX ist kinderleicht einzurichten und zu bedienen und ist in Rekordzeit einsatzbereit. EINGEBAUTE VIELSEITIGKEIT &#8211; Eine beeindruckende Vielfalt an Shure-Mikrofonen ist in BLX-Systemen verf\u00fcgbar, so dass Sie den Sound finden k\u00f6nnen, der zu Ihnen passt.<\/span><\/li>\n<li class=\"a-spacing-mini\"><span class=\"a-list-item\">BATTERIENLEBENSDAUER &#8211; BLX-Sender k\u00f6nnen mit einem einzigen Paar AA-Batterien bis zu 14 Stunden lang betrieben werden, so dass die Show immer weitergehen kann (und weitergeht).<\/span><\/li>\n<\/ul>\n","protected":false},"excerpt":{"rendered":"<ul class=\"a-unordered-list a-vertical a-spacing-mini\">\n<li class=\"a-spacing-mini\"><span class=\"a-list-item\">AUSWAHL DES DRAHTLOSEN FREQUENZBANDES &#8211; Bitte vergewissern Sie sich vor dem Kauf, dass das von Ihnen gew\u00e4hlte drahtlose Frequenzband in Ihrer Region funktioniert (Einzelheiten finden Sie auf der Shure Website &gt; Suche nach Shure Wireless Frequency Finder).<\/span><\/li>\n<li class=\"a-spacing-mini\"><span class=\"a-list-item\">NUR KOMPONENTE: Damit dieser BLX1 Taschensender funktioniert, m\u00fcssen Sie ihn auf das Frequenzband (z.B. H9, H10, J11) Ihres Empf\u00e4ngers (BLX4, BLX4R oder BLX88) abstimmen, der separat erh\u00e4ltlich ist. Sie ben\u00f6tigen au\u00dferdem ein Kabel (z.B. WA302) oder ein Mikrofon (z.B. SM31FH), das mit TQG abschlie\u00dft.<\/span><\/li>\n<li class=\"a-spacing-mini\"><span class=\"a-list-item\">SUPERIOR AUDIO &#8211; Bringen Sie die Show in Schwung, ohne dass Sie etwas daf\u00fcr tun m\u00fcssen. Professioneller Shure-Sound f\u00fcr jede Band und jede Gesangsanforderung.<\/span><\/li>\n<li class=\"a-spacing-mini\"><span class=\"a-list-item\">ERWEITERN SIE DIE B\u00dcHNE &#8211; Das System funktioniert bis zu einer Reichweite von 100 m (300 Fu\u00df), so dass Sie die Show ohne Unterbrechung in die Menge tragen k\u00f6nnen.<\/span><\/li>\n<li class=\"a-spacing-mini\"><span class=\"a-list-item\">SCHNELLES &amp; EINFACHES SETUP &#8211; BLX ist kinderleicht einzurichten und zu bedienen und ist in Rekordzeit einsatzbereit. EINGEBAUTE VIELSEITIGKEIT &#8211; Eine beeindruckende Vielfalt an Shure-Mikrofonen ist in BLX-Systemen verf\u00fcgbar, so dass Sie den Sound finden k\u00f6nnen, der zu Ihnen passt.<\/span><\/li>\n<li class=\"a-spacing-mini\"><span class=\"a-list-item\">BATTERIENLEBENSDAUER &#8211; BLX-Sender k\u00f6nnen mit einem einzigen Paar AA-Batterien bis zu 14 Stunden lang betrieben werden, so dass die Show immer weitergehen kann (und weitergeht).<\/span><\/li>\n<\/ul>\n","protected":false},"featured_media":9079,"comment_status":"open","ping_status":"closed","template":"","meta":{"_et_pb_use_builder":"","_et_pb_old_content":"","_et_gb_content_width":""},"product_brand":[],"product_cat":[1372],"product_tag":[],"class_list":{"0":"post-9080","1":"product","2":"type-product","3":"status-publish","4":"has-post-thumbnail","6":"product_cat-elektronik","8":"first","9":"instock","10":"sale","11":"taxable","12":"shipping-taxable","13":"purchasable","14":"product-type-simple"},"exclude_global_add_ons":[],"addons":[],"jetpack-related-posts":[{"id":9306,"url":"https:\/\/anythingtechnicallc.com\/index.php\/de\/product\/gebrauchter-shure-blx1-taschensender-zur-verwendung-mit-blx-drahtlos-systemen-572-596mhz-h11-band-blx1-h11\/","url_meta":{"origin":9080,"position":0},"title":"Gebrauchter Shure BLX1 Taschensender &#8211; zur Verwendung mit BLX Drahtlos-Systemen, 572-596mHz | H11 Band (BLX1=-H11)","date":"March 19, 2026","format":false,"excerpt":"DRAHTLOSE FREIHEIT, EINFACH GEMACHT. Das ideale drahtlose Mikrofonsystem der Einstiegsklasse f\u00fcr kleine Veranstaltungsorte. BLX Drahtlos-Systeme bieten professionelle Klangqualit\u00e4t mit einfacher Einrichtung und einer intuitiven Benutzeroberfl\u00e4che. W\u00e4hlen Sie aus einer Vielzahl von Senderformfaktoren (Handsender, Taschensender, Kopfb\u00fcgelmikrofone, Lavaliermikrofone, Instrumenten-Clip-on) und verwenden Sie sie mit Ein- und Zweikanal- sowie Rack-Empf\u00e4ngern.","rel":"","context":"Similar post","img":{"alt_text":"","src":"https:\/\/i0.wp.com\/anythingtechnicallc.com\/wp-content\/uploads\/2025\/07\/51pxQSSfy1L._AC_SL1500_.jpg?fit=354%2C1200&ssl=1&resize=350%2C200","width":350,"height":200},"classes":[]},{"id":9285,"url":"https:\/\/anythingtechnicallc.com\/index.php\/de\/product\/gebrauchtes-shure-sm35-performance-headset-kondensatormikrofon-fuer-freisprechanlagen-tqg-anschluss-zur-verwendung-mit-drahtlossystemen-taschensender-separat-erhaeltlich-sm35-tqg\/","url_meta":{"origin":9080,"position":1},"title":"Gebrauchtes Shure SM35 Performance Headset-Kondensatormikrofon f\u00fcr Freisprechanlagen, TQG-Anschluss zur Verwendung mit Drahtlossystemen &#8211; Taschensender separat erh\u00e4ltlich (SM35-TQG)","date":"March 19, 2026","format":false,"excerpt":"Die Leute werden Ihnen nicht zuh\u00f6ren, wenn Sie nicht gut klingen. Mit dem Shure SM35 Headset-Mikrofon werden Sie die Aufmerksamkeit der Leute auf sich ziehen und behalten. Egal, ob Sie singen, eine Pr\u00e4sentation halten oder ein Produkt in einer praktischen Vorf\u00fchrung zeigen, das komfortable SM35 bietet Ihnen eine klare und\u2026","rel":"","context":"Similar post","img":{"alt_text":"","src":"https:\/\/i0.wp.com\/anythingtechnicallc.com\/wp-content\/uploads\/2025\/06\/61hZnoDGHkL._AC_SL1500_.jpg?fit=1028%2C1200&ssl=1&resize=350%2C200","width":350,"height":200},"classes":[]},{"id":9355,"url":"https:\/\/anythingtechnicallc.com\/index.php\/de\/product\/gebrauchte-shure-rmce-tw1-wireless-adapter-fuer-shure-sound-isolating-earphones-wireless-bluetooth-kompatibel-8-stunden-akkulaufzeit-komfortable-over-ear-passform-schwarz\/","url_meta":{"origin":9080,"position":2},"title":"Gebrauchte Shure Rmce-Tw1, Wireless Adapter f\u00fcr Shure Sound Isolating Earphones, Wireless Bluetooth kompatibel, 8 Stunden Akkulaufzeit, komfortable Over Ear Passform, Schwarz","date":"March 19, 2026","format":false,"excerpt":"Machen Sie Schluss mit Kabeln: Das Shure True Wireless Secure Fit Adapter Set verwandelt jeden abnehmbaren Shure Sound Isolating Ohrh\u00f6rer in einen echten kabellosen Kopfh\u00f6rer (Ohrh\u00f6rer sind separat erh\u00e4ltlich). SICHERER & KOMFORTABLER SITZ: Dieser Adapter f\u00fcr \u00dcber-Ohr-Kopfh\u00f6rer wurde mit dem gleichen Design entwickelt, das Musiker f\u00fcr In-Ear-Monitoring auf der B\u00fchne\u2026","rel":"","context":"Similar post","img":{"alt_text":"","src":"https:\/\/i0.wp.com\/anythingtechnicallc.com\/wp-content\/uploads\/2025\/08\/Shure-RMCE-TW1.jpg?fit=1200%2C900&ssl=1&resize=350%2C200","width":350,"height":200},"classes":[]},{"id":9212,"url":"https:\/\/anythingtechnicallc.com\/index.php\/de\/product\/gebrauchtes-shure-sm31fh-tqg-wasserabweisendes-kondensatormikrofon-mit-nierencharakteristik-fuer-kopfhoerer\/","url_meta":{"origin":9080,"position":3},"title":"Gebrauchtes Shure SM31FH-TQG Wasserabweisendes Kondensatormikrofon mit Nierencharakteristik f\u00fcr Kopfh\u00f6rer","date":"March 19, 2026","format":false,"excerpt":"WETTERFESTES DESIGN - Das SM31FH wurde f\u00fcr den Einsatz in rauen Umgebungen und unter schwierigen Wetterbedingungen entwickelt und eignet sich perfekt f\u00fcr Fitness-Trainer und aktive K\u00fcnstler. SICHERER SITZ - Das komfortable, sicher sitzende Drahtb\u00fcgel-Headset ist so konzipiert, dass es auch bei energiegeladenen Auftritten und anstrengenden Aktivit\u00e4ten an seinem Platz bleibt.\u2026","rel":"","context":"Similar post","img":{"alt_text":"","src":"https:\/\/i0.wp.com\/anythingtechnicallc.com\/wp-content\/uploads\/2025\/02\/61oDR6SKIL._AC_SL1500_.jpg?fit=1200%2C1032&ssl=1&resize=350%2C200","width":350,"height":200},"classes":[]},{"id":9352,"url":"https:\/\/anythingtechnicallc.com\/index.php\/de\/product\/shure-true-wireless-adapter-gen-2-fuer-klangisolierende-ohrhoerer-sichere-ueber-ohr-passform-bluetooth-5-wireless-technologie-lange-akkulaufzeit-mit-ladeetui-fingertip-steuerung-rmce-tw2\/","url_meta":{"origin":9080,"position":4},"title":"Shure True Wireless Adapter (Gen 2) f\u00fcr klangisolierende Ohrh\u00f6rer, sichere \u00dcber-Ohr-Passform, Bluetooth 5 Wireless-Technologie, lange Akkulaufzeit mit Ladeetui &#038; Fingertip-Steuerung (RMCE-TW2)","date":"March 19, 2026","format":false,"excerpt":"TRUE WIRELESS ADAPTER GEN 2 - Der True Wireless Adapter, Gen 2 verwandelt jeden abnehmbaren Shure Sound Isolating Ohrh\u00f6rer in ein echtes Drahtlosger\u00e4t (Ohrh\u00f6rer separat erh\u00e4ltlich). SCHWEISS- UND WASSERBEST\u00c4NDIG - Schwei\u00df- und wasserfest mit einer IPX4-Einstufung in Verbindung mit abnehmbaren Shure Ohrh\u00f6rern. Sie wurden strengen Qualit\u00e4ts- und Haltbarkeitstests unterzogen, um\u2026","rel":"","context":"Similar post","img":{"alt_text":"","src":"https:\/\/i0.wp.com\/anythingtechnicallc.com\/wp-content\/uploads\/2025\/08\/511IBeHiNdL._AC_SL1000_.jpg?fit=927%2C938&ssl=1&resize=350%2C200","width":350,"height":200},"classes":[]},{"id":9273,"url":"https:\/\/anythingtechnicallc.com\/index.php\/de\/product\/gebrauchtes-shure-mx150b-o-tqg-lavalier-mikrofon-fuer-shure-wireless\/","url_meta":{"origin":9080,"position":5},"title":"Gebrauchtes Shure MX150B\/O-TQG Lavalier-Mikrofon f\u00fcr Shure Wireless","date":"March 19, 2026","format":false,"excerpt":"Die CommShield Technologie sch\u00fctzt vor Interferenzen durch RF-Mobilfunkger\u00e4te und digitale Bodypack-Sender. Mattschwarzes, schlankes Design f\u00fcr eine unauff\u00e4llige Platzierung. Der Multi-Positions-Clip erm\u00f6glicht eine Vielzahl von Platzierungsoptionen und verf\u00fcgt \u00fcber ein integriertes Kabelmanagementsystem f\u00fcr eine bequeme und ger\u00e4uscharme Kabelf\u00fchrung. Das mit Kevlar verst\u00e4rkte Soft-Flex-Kabel reduziert die St\u00f6rger\u00e4usche weiter und bietet gleichzeitig eine\u2026","rel":"","context":"Similar post","img":{"alt_text":"","src":"https:\/\/i0.wp.com\/anythingtechnicallc.com\/wp-content\/uploads\/2025\/06\/Shure-MX150B-O-TQG-Lavalier-Microphone.jpg?fit=750%2C611&ssl=1&resize=350%2C200","width":350,"height":200},"classes":[]}],"pll_sync_post":[],"lang":"de","translations":{"de":9080,"en":5534},"_links":{"self":[{"href":"https:\/\/anythingtechnicallc.com\/index.php\/wp-json\/wp\/v2\/product\/9080","targetHints":{"allow":["GET"]}}],"collection":[{"href":"https:\/\/anythingtechnicallc.com\/index.php\/wp-json\/wp\/v2\/product"}],"about":[{"href":"https:\/\/anythingtechnicallc.com\/index.php\/wp-json\/wp\/v2\/types\/product"}],"replies":[{"embeddable":true,"href":"https:\/\/anythingtechnicallc.com\/index.php\/wp-json\/wp\/v2\/comments?post=9080"}],"wp:featuredmedia":[{"embeddable":true,"href":"https:\/\/anythingtechnicallc.com\/index.php\/wp-json\/wp\/v2\/media\/9079"}],"wp:attachment":[{"href":"https:\/\/anythingtechnicallc.com\/index.php\/wp-json\/wp\/v2\/media?parent=9080"}],"wp:term":[{"taxonomy":"product_brand","embeddable":true,"href":"https:\/\/anythingtechnicallc.com\/index.php\/wp-json\/wp\/v2\/product_brand?post=9080"},{"taxonomy":"product_cat","embeddable":true,"href":"https:\/\/anythingtechnicallc.com\/index.php\/wp-json\/wp\/v2\/product_cat?post=9080"},{"taxonomy":"product_tag","embeddable":true,"href":"https:\/\/anythingtechnicallc.com\/index.php\/wp-json\/wp\/v2\/product_tag?post=9080"}],"curies":[{"name":"wp","href":"https:\/\/api.w.org\/{rel}","templated":true}]}}