{"id":9086,"date":"2026-03-19T03:17:34","date_gmt":"2026-03-19T03:17:34","guid":{"rendered":"https:\/\/anythingtechnicallc.com\/?post_type=product&#038;p=9086"},"modified":"2026-03-19T03:17:35","modified_gmt":"2026-03-19T03:17:35","slug":"gebrauchter-shure-qlxd1-wireless-bodypack-sender-empfaenger-separat-erhaeltlich-l51-band-632-696mhz","status":"publish","type":"product","link":"https:\/\/anythingtechnicallc.com\/index.php\/de\/product\/gebrauchter-shure-qlxd1-wireless-bodypack-sender-empfaenger-separat-erhaeltlich-l51-band-632-696mhz\/","title":{"rendered":"Gebrauchter Shure QLXD1 Wireless Bodypack Sender (Empf\u00e4nger separat erh\u00e4ltlich) &#8211; L51 Band 632-696MHz"},"content":{"rendered":"<p>Mit seiner transparenten digitalen 24-Bit-Audioqualit\u00e4t und der unglaublich effizienten Nutzung des HF-Spektrums ist der QLXD1 Taschensender ideal f\u00fcr die drahtlose \u00dcbertragung von Gesang und Instrumenten in Pr\u00e4sentationsr\u00e4umen, Musikveranstaltungen und Gottesh\u00e4usern. Der QLXD1 ist einfach zu bedienen, synchronisiert sich per Tastendruck schnell mit einem drahtlosen Empf\u00e4nger \u00fcber IR und sorgt f\u00fcr ein klares, ununterbrochenes Signal \u00fcber seine gesamte Reichweite von 100 m (330 ft.). Die Ganzmetallkonstruktion sorgt f\u00fcr Langlebigkeit, und eine gro\u00dfe Auswahl an kompatiblen Mikrofonen bietet die legend\u00e4re Shure-Soundsignatur.<\/p>\n<p>L51 BAND 632-696MHz.<\/p>\n","protected":false},"excerpt":{"rendered":"<p>Mit seiner transparenten digitalen 24-Bit-Audioqualit\u00e4t und der unglaublich effizienten Nutzung des HF-Spektrums ist der QLXD1 Taschensender ideal f\u00fcr die drahtlose \u00dcbertragung von Gesang und Instrumenten in Pr\u00e4sentationsr\u00e4umen, Musikveranstaltungen und Gottesh\u00e4usern. Der QLXD1 ist einfach zu bedienen, synchronisiert sich per Tastendruck schnell mit einem drahtlosen Empf\u00e4nger \u00fcber IR und sorgt f\u00fcr ein klares, ununterbrochenes Signal \u00fcber seine gesamte Reichweite von 100 m (330 ft.). Die Ganzmetallkonstruktion sorgt f\u00fcr Langlebigkeit, und eine gro\u00dfe Auswahl an kompatiblen Mikrofonen bietet die legend\u00e4re Shure-Soundsignatur.<\/p>\n<p>L51 BAND 632-696MHz.<\/p>\n","protected":false},"featured_media":9085,"comment_status":"open","ping_status":"closed","template":"","meta":{"_et_pb_use_builder":"","_et_pb_old_content":"","_et_gb_content_width":""},"product_brand":[],"product_cat":[1372],"product_tag":[],"class_list":{"0":"post-9086","1":"product","2":"type-product","3":"status-publish","4":"has-post-thumbnail","6":"product_cat-elektronik","8":"first","9":"instock","10":"sale","11":"taxable","12":"shipping-taxable","13":"purchasable","14":"product-type-simple"},"exclude_global_add_ons":[],"addons":[],"jetpack-related-posts":[{"id":9267,"url":"https:\/\/anythingtechnicallc.com\/index.php\/de\/product\/gebrauchter-shure-qlxd1-taschensender-zur-verwendung-mit-qlx-d-digital-wireless-systemen-empfaenger-separat-erhaeltlich-h50-band-qlxd1-h50\/","url_meta":{"origin":9086,"position":0},"title":"Gebrauchter Shure QLXD1 Taschensender &#8211; zur Verwendung mit QLX-D Digital Wireless Systemen, Empf\u00e4nger separat erh\u00e4ltlich | H50 Band (QLXD1=-H50)","date":"March 19, 2026","format":false,"excerpt":"Der QLXD1 Wireless Body Pack Transmitter synchronisiert sich auf Knopfdruck schnell mit einem drahtlosen Empf\u00e4nger \u00fcber IR und sorgt f\u00fcr ein klares, ununterbrochenes Signal \u00fcber seine gesamte Reichweite. 100 m (328 Fu\u00df) Betriebsreichweite (Sichtlinie). Bietet bis zu 9 Stunden Dauerbetrieb mit 2 AA-Alkalibatterien (im Lieferumfang enthalten) oder bis zu 10\u2026","rel":"","context":"Similar post","img":{"alt_text":"","src":"https:\/\/i0.wp.com\/anythingtechnicallc.com\/wp-content\/uploads\/2025\/06\/61agJz2AuL._AC_SL1500_.jpg?fit=394%2C1200&ssl=1&resize=350%2C200","width":350,"height":200},"classes":[]},{"id":9083,"url":"https:\/\/anythingtechnicallc.com\/index.php\/de\/product\/gebrauchter-shure-ulxd1-drahtloser-taschensender-v50-band\/","url_meta":{"origin":9086,"position":1},"title":"Gebrauchter Shure ULXD1 Drahtloser Taschensender, V50 Band","date":"March 19, 2026","format":false,"excerpt":"Dieser Sender ben\u00f6tigt einen Ulxd4-Empf\u00e4nger, um das System zu vervollst\u00e4ndigen. Hinweis: Wenn Sie separate drahtlose Komponenten kaufen, stimmen Sie bitte deren Frequenzb\u00e4nder aufeinander ab, um den ordnungsgem\u00e4\u00dfen Betrieb des Systems sicherzustellen. Der ULXD1 ist ein drahtloser Bodypack-Sender, der mit den digitalen ULX-D Drahtlossystemen kompatibel ist. Mit seinem robusten und dennoch\u2026","rel":"","context":"Similar post","img":{"alt_text":"","src":"https:\/\/i0.wp.com\/anythingtechnicallc.com\/wp-content\/uploads\/2024\/10\/41fQWcyQrlL._AC_SL1500_.jpg?fit=362%2C1200&ssl=1&resize=350%2C200","width":350,"height":200},"classes":[]},{"id":9092,"url":"https:\/\/anythingtechnicallc.com\/index.php\/de\/product\/gebrauchter-shure-ulxd1-drahtloser-bodypack-sender-q2-band-748-784mhz\/","url_meta":{"origin":9086,"position":2},"title":"Gebrauchter Shure ULXD1 Drahtloser Bodypack-Sender, Q2 Band 748-784MHz","date":"March 19, 2026","format":false,"excerpt":"Dieser Sender ben\u00f6tigt einen Ulxd4-Empf\u00e4nger, um das System zu vervollst\u00e4ndigen. Hinweis: Wenn Sie separate drahtlose Komponenten kaufen, stimmen Sie bitte deren Frequenzb\u00e4nder aufeinander ab, um den ordnungsgem\u00e4\u00dfen Betrieb des Systems sicherzustellen. Der ULXD1 ist ein drahtloser Bodypack-Sender, der mit den digitalen ULX-D Drahtlossystemen kompatibel ist. Mit seinem robusten und dennoch\u2026","rel":"","context":"Similar post","img":{"alt_text":"","src":"https:\/\/i0.wp.com\/anythingtechnicallc.com\/wp-content\/uploads\/2024\/10\/61bGitfCDL._AC_SL1500_.jpg?fit=466%2C1200&ssl=1&resize=350%2C200","width":350,"height":200},"classes":[]},{"id":9883,"url":"https:\/\/anythingtechnicallc.com\/index.php\/de\/product\/gebrauchte-sony-utx-b2-uhf-sender-urx-p2-uhf-diversity-tuner-mikrofon-mikrofon\/","url_meta":{"origin":9086,"position":3},"title":"Gebrauchte Sony UTX-B2 UHF Sender &#038; URX-P2 UHF Diversity Tuner Mikrofon \/ Mikrofon","date":"April 15, 2026","format":false,"excerpt":"Der Sony UTX-B2 ist ein drahtloser Taschensender f\u00fcr das drahtlose Mikrofonsystem der UWP-Serie. Sie haben die Wahl zwischen einer Ausgangsleistung von 5 mW, die f\u00fcr den gleichzeitigen Mehrkanalbetrieb geeignet ist, und einer Ausgangsleistung von 30 mW f\u00fcr die \u00dcbertragung \u00fcber gro\u00dfe Entfernungen. Der Sender verf\u00fcgt \u00fcber einen w\u00e4hlbaren HF-Ausgangspegel, der\u2026","rel":"","context":"Similar post","img":{"alt_text":"","src":"https:\/\/i0.wp.com\/anythingtechnicallc.com\/wp-content\/uploads\/2026\/03\/Sony-UTX-B2-UHF-Transmitter-URX-P2-UHF.jpg?fit=900%2C1200&ssl=1&resize=350%2C200","width":350,"height":200},"classes":[]},{"id":9264,"url":"https:\/\/anythingtechnicallc.com\/index.php\/de\/product\/gebrauchter-shure-slx4-funkempfaenger-h5-band-518-542-mhz\/","url_meta":{"origin":9086,"position":4},"title":"Gebrauchter Shure SLX4 Funkempf\u00e4nger &#8211; H5 Band 518-542 MHz","date":"March 19, 2026","format":false,"excerpt":"Dieser Sender arbeitet auf 518,000-542,000 MHz. SLX: Klare \u00dcbertragungen Der SLX-Sound basiert auf dem patentierten Audio Reference Companding von Shure, einer Technologie, die drahtlosen Systemen eine klarere \u00dcbertragung und einen gr\u00f6\u00dferen Dynamikbereich verleiht. Im Gegensatz zu herk\u00f6mmlichen drahtlosen Companding-Verfahren, die durch ein festes Kompressionsverh\u00e4ltnis eingeschr\u00e4nkt sind, verwendet diese Technologie ein\u2026","rel":"","context":"Similar post","img":{"alt_text":"","src":"https:\/\/i0.wp.com\/anythingtechnicallc.com\/wp-content\/uploads\/2025\/06\/Shure-SLX4-Wireless-Receiver-H5-Band-scaled.webp?fit=1200%2C608&ssl=1&resize=350%2C200","width":350,"height":200},"classes":[]},{"id":9006,"url":"https:\/\/anythingtechnicallc.com\/index.php\/de\/product\/shure-rmce-bt2-hochaufloesendes-bluetooth-5-0-kommunikationskabel\/","url_meta":{"origin":9086,"position":5},"title":"Shure RMCE-BT2 Hochaufl\u00f6sendes Bluetooth 5.0 Kommunikationskabel","date":"March 18, 2026","format":false,"excerpt":"Erstklassige, kabellose Audioleistung. Ein spezieller, hochwertiger Kopfh\u00f6rerverst\u00e4rker sorgt f\u00fcr \u00fcberragende High-Fidelity-Audioqualit\u00e4t mit kabelloser Funktion Unterst\u00fctzung f\u00fcr mehrere Codecs. Qualcomm apt audio, apt HD, apt Low Latency, AAC und SBC erm\u00f6glichen erstklassige digitale Audioqualit\u00e4t. Ausgestattet mit der drahtlosen Bluetooth 5-Technologie. Bluetooth 5. 0 ist au\u00dferdem abw\u00e4rtskompatibel und l\u00e4sst sich mit allen\u2026","rel":"","context":"Similar post","img":{"alt_text":"","src":"https:\/\/i0.wp.com\/anythingtechnicallc.com\/wp-content\/uploads\/2023\/03\/Shure-RMCE-BT2-High-Resolution-Bluetooth-50-Communication-Cable-0.jpg?fit=365%2C500&ssl=1&resize=350%2C200","width":350,"height":200},"classes":[]}],"pll_sync_post":[],"lang":"de","translations":{"de":9086,"en":5539},"_links":{"self":[{"href":"https:\/\/anythingtechnicallc.com\/index.php\/wp-json\/wp\/v2\/product\/9086","targetHints":{"allow":["GET"]}}],"collection":[{"href":"https:\/\/anythingtechnicallc.com\/index.php\/wp-json\/wp\/v2\/product"}],"about":[{"href":"https:\/\/anythingtechnicallc.com\/index.php\/wp-json\/wp\/v2\/types\/product"}],"replies":[{"embeddable":true,"href":"https:\/\/anythingtechnicallc.com\/index.php\/wp-json\/wp\/v2\/comments?post=9086"}],"wp:featuredmedia":[{"embeddable":true,"href":"https:\/\/anythingtechnicallc.com\/index.php\/wp-json\/wp\/v2\/media\/9085"}],"wp:attachment":[{"href":"https:\/\/anythingtechnicallc.com\/index.php\/wp-json\/wp\/v2\/media?parent=9086"}],"wp:term":[{"taxonomy":"product_brand","embeddable":true,"href":"https:\/\/anythingtechnicallc.com\/index.php\/wp-json\/wp\/v2\/product_brand?post=9086"},{"taxonomy":"product_cat","embeddable":true,"href":"https:\/\/anythingtechnicallc.com\/index.php\/wp-json\/wp\/v2\/product_cat?post=9086"},{"taxonomy":"product_tag","embeddable":true,"href":"https:\/\/anythingtechnicallc.com\/index.php\/wp-json\/wp\/v2\/product_tag?post=9086"}],"curies":[{"name":"wp","href":"https:\/\/api.w.org\/{rel}","templated":true}]}}