{"id":9089,"date":"2026-03-19T03:18:12","date_gmt":"2026-03-19T03:18:12","guid":{"rendered":"https:\/\/anythingtechnicallc.com\/?post_type=product&#038;p=9089"},"modified":"2026-03-19T03:18:12","modified_gmt":"2026-03-19T03:18:12","slug":"gebrauchter-shure-pg1-k7-band-590-602-mhz-drahtloser-bodypack-sender","status":"publish","type":"product","link":"https:\/\/anythingtechnicallc.com\/index.php\/de\/product\/gebrauchter-shure-pg1-k7-band-590-602-mhz-drahtloser-bodypack-sender\/","title":{"rendered":"Gebrauchter Shure PG1 K7 Band (590-602 MHz) Drahtloser Bodypack-Sender"},"content":{"rendered":"<div class=\"jsx-56c6603865f59404 description-content panel-content text-base\">Der drahtlose Shure PG1 Taschensender verf\u00fcgt \u00fcber eine Betriebs-, Stummschaltungs- und Batteriestatus-LED, einen Netz- und Stummschalter und hat eine Reichweite von 250 Fu\u00df. Er wird mit einer 9-V-Batterie betrieben. Die professionellen Drahtlossysteme von Shure bieten legend\u00e4re Klangqualit\u00e4t, b\u00fchnenerprobte Langlebigkeit und eine problemlose Einrichtung f\u00fcr eine sorgenfreie Performance.<\/div>\n<div class=\"jsx-56c6603865f59404 flex mt-4 md:mt-8 space-x-8 justify-center\">\n<div class=\"jsx-56c6603865f59404 max-w-[260px] max-h-[260px] w-full\"><\/div>\n<\/div>\n","protected":false},"excerpt":{"rendered":"<div class=\"jsx-56c6603865f59404 description-content panel-content text-base\">Der drahtlose Shure PG1 Taschensender verf\u00fcgt \u00fcber eine Betriebs-, Stummschaltungs- und Batteriestatus-LED, einen Netz- und Stummschalter und hat eine Reichweite von 250 Fu\u00df. Er wird mit einer 9-V-Batterie betrieben. Die professionellen Drahtlossysteme von Shure bieten legend\u00e4re Klangqualit\u00e4t, b\u00fchnenerprobte Langlebigkeit und eine problemlose Einrichtung f\u00fcr eine sorgenfreie Performance.<\/div>\n<div class=\"jsx-56c6603865f59404 flex mt-4 md:mt-8 space-x-8 justify-center\">\n<div class=\"jsx-56c6603865f59404 max-w-[260px] max-h-[260px] w-full\"><\/div>\n<\/div>\n","protected":false},"featured_media":9088,"comment_status":"open","ping_status":"closed","template":"","meta":{"_et_pb_use_builder":"","_et_pb_old_content":"","_et_gb_content_width":""},"product_brand":[],"product_cat":[1372],"product_tag":[],"class_list":{"0":"post-9089","1":"product","2":"type-product","3":"status-publish","4":"has-post-thumbnail","6":"product_cat-elektronik","8":"first","9":"instock","10":"sale","11":"taxable","12":"shipping-taxable","13":"purchasable","14":"product-type-simple"},"exclude_global_add_ons":[],"addons":[],"jetpack-related-posts":[{"id":9097,"url":"https:\/\/anythingtechnicallc.com\/index.php\/de\/product\/gebrauchter-shure-pg1-r10-band-800-812-mhz-drahtloser-bodypack-sender\/","url_meta":{"origin":9089,"position":0},"title":"Gebrauchter Shure PG1 R10 Band (800-812 MHz) Drahtloser Bodypack-Sender","date":"March 19, 2026","format":false,"excerpt":"Der drahtlose Shure PG1 Taschensender verf\u00fcgt \u00fcber eine Betriebs-, Stummschaltungs- und Batteriestatus-LED, einen Netz- und Stummschalter und hat eine Reichweite von 250 Fu\u00df. Er wird mit einer 9-V-Batterie betrieben. Die professionellen Drahtlossysteme von Shure bieten legend\u00e4re Klangqualit\u00e4t, b\u00fchnenerprobte Langlebigkeit und eine problemlose Einrichtung f\u00fcr eine sorgenfreie Performance.","rel":"","context":"Similar post","img":{"alt_text":"","src":"https:\/\/i0.wp.com\/anythingtechnicallc.com\/wp-content\/uploads\/2024\/10\/Shure-PG1-Wireless-Bodypack-Transmitter.jpg?fit=1200%2C800&ssl=1&resize=350%2C200","width":350,"height":200},"classes":[]},{"id":9306,"url":"https:\/\/anythingtechnicallc.com\/index.php\/de\/product\/gebrauchter-shure-blx1-taschensender-zur-verwendung-mit-blx-drahtlos-systemen-572-596mhz-h11-band-blx1-h11\/","url_meta":{"origin":9089,"position":1},"title":"Gebrauchter Shure BLX1 Taschensender &#8211; zur Verwendung mit BLX Drahtlos-Systemen, 572-596mHz | H11 Band (BLX1=-H11)","date":"March 19, 2026","format":false,"excerpt":"DRAHTLOSE FREIHEIT, EINFACH GEMACHT. Das ideale drahtlose Mikrofonsystem der Einstiegsklasse f\u00fcr kleine Veranstaltungsorte. BLX Drahtlos-Systeme bieten professionelle Klangqualit\u00e4t mit einfacher Einrichtung und einer intuitiven Benutzeroberfl\u00e4che. W\u00e4hlen Sie aus einer Vielzahl von Senderformfaktoren (Handsender, Taschensender, Kopfb\u00fcgelmikrofone, Lavaliermikrofone, Instrumenten-Clip-on) und verwenden Sie sie mit Ein- und Zweikanal- sowie Rack-Empf\u00e4ngern.","rel":"","context":"Similar post","img":{"alt_text":"","src":"https:\/\/i0.wp.com\/anythingtechnicallc.com\/wp-content\/uploads\/2025\/07\/51pxQSSfy1L._AC_SL1500_.jpg?fit=354%2C1200&ssl=1&resize=350%2C200","width":350,"height":200},"classes":[]},{"id":9086,"url":"https:\/\/anythingtechnicallc.com\/index.php\/de\/product\/gebrauchter-shure-qlxd1-wireless-bodypack-sender-empfaenger-separat-erhaeltlich-l51-band-632-696mhz\/","url_meta":{"origin":9089,"position":2},"title":"Gebrauchter Shure QLXD1 Wireless Bodypack Sender (Empf\u00e4nger separat erh\u00e4ltlich) &#8211; L51 Band 632-696MHz","date":"March 19, 2026","format":false,"excerpt":"Mit seiner transparenten digitalen 24-Bit-Audioqualit\u00e4t und der unglaublich effizienten Nutzung des HF-Spektrums ist der QLXD1 Taschensender ideal f\u00fcr die drahtlose \u00dcbertragung von Gesang und Instrumenten in Pr\u00e4sentationsr\u00e4umen, Musikveranstaltungen und Gottesh\u00e4usern. Der QLXD1 ist einfach zu bedienen, synchronisiert sich per Tastendruck schnell mit einem drahtlosen Empf\u00e4nger \u00fcber IR und sorgt f\u00fcr\u2026","rel":"","context":"Similar post","img":{"alt_text":"","src":"https:\/\/i0.wp.com\/anythingtechnicallc.com\/wp-content\/uploads\/2024\/10\/41K2zAzwi-L._AC_SL1080_.jpg?fit=320%2C971&ssl=1&resize=350%2C200","width":350,"height":200},"classes":[]},{"id":9267,"url":"https:\/\/anythingtechnicallc.com\/index.php\/de\/product\/gebrauchter-shure-qlxd1-taschensender-zur-verwendung-mit-qlx-d-digital-wireless-systemen-empfaenger-separat-erhaeltlich-h50-band-qlxd1-h50\/","url_meta":{"origin":9089,"position":3},"title":"Gebrauchter Shure QLXD1 Taschensender &#8211; zur Verwendung mit QLX-D Digital Wireless Systemen, Empf\u00e4nger separat erh\u00e4ltlich | H50 Band (QLXD1=-H50)","date":"March 19, 2026","format":false,"excerpt":"Der QLXD1 Wireless Body Pack Transmitter synchronisiert sich auf Knopfdruck schnell mit einem drahtlosen Empf\u00e4nger \u00fcber IR und sorgt f\u00fcr ein klares, ununterbrochenes Signal \u00fcber seine gesamte Reichweite. 100 m (328 Fu\u00df) Betriebsreichweite (Sichtlinie). Bietet bis zu 9 Stunden Dauerbetrieb mit 2 AA-Alkalibatterien (im Lieferumfang enthalten) oder bis zu 10\u2026","rel":"","context":"Similar post","img":{"alt_text":"","src":"https:\/\/i0.wp.com\/anythingtechnicallc.com\/wp-content\/uploads\/2025\/06\/61agJz2AuL._AC_SL1500_.jpg?fit=394%2C1200&ssl=1&resize=350%2C200","width":350,"height":200},"classes":[]},{"id":9264,"url":"https:\/\/anythingtechnicallc.com\/index.php\/de\/product\/gebrauchter-shure-slx4-funkempfaenger-h5-band-518-542-mhz\/","url_meta":{"origin":9089,"position":4},"title":"Gebrauchter Shure SLX4 Funkempf\u00e4nger &#8211; H5 Band 518-542 MHz","date":"March 19, 2026","format":false,"excerpt":"Dieser Sender arbeitet auf 518,000-542,000 MHz. SLX: Klare \u00dcbertragungen Der SLX-Sound basiert auf dem patentierten Audio Reference Companding von Shure, einer Technologie, die drahtlosen Systemen eine klarere \u00dcbertragung und einen gr\u00f6\u00dferen Dynamikbereich verleiht. Im Gegensatz zu herk\u00f6mmlichen drahtlosen Companding-Verfahren, die durch ein festes Kompressionsverh\u00e4ltnis eingeschr\u00e4nkt sind, verwendet diese Technologie ein\u2026","rel":"","context":"Similar post","img":{"alt_text":"","src":"https:\/\/i0.wp.com\/anythingtechnicallc.com\/wp-content\/uploads\/2025\/06\/Shure-SLX4-Wireless-Receiver-H5-Band-scaled.webp?fit=1200%2C608&ssl=1&resize=350%2C200","width":350,"height":200},"classes":[]},{"id":9080,"url":"https:\/\/anythingtechnicallc.com\/index.php\/de\/product\/gebrauchter-shure-blx1-wireless-bodypack-transmitter-mit-ein-aus-schalter-einstellbarem-gain-regler-tqg-anschluss-zur-verwendung-mit-blx-wireless-mikrofonsystemen-empfaenger-separat-erhaeltlich\/","url_meta":{"origin":9089,"position":5},"title":"Gebrauchter Shure BLX1 Wireless Bodypack Transmitter mit Ein\/Aus-Schalter, einstellbarem Gain-Regler, TQG-Anschluss &#8211; zur Verwendung mit BLX Wireless Mikrofonsystemen (Empf\u00e4nger separat erh\u00e4ltlich) | H10 Band","date":"March 19, 2026","format":false,"excerpt":"AUSWAHL DES DRAHTLOSEN FREQUENZBANDES - Bitte vergewissern Sie sich vor dem Kauf, dass das von Ihnen gew\u00e4hlte drahtlose Frequenzband in Ihrer Region funktioniert (Einzelheiten finden Sie auf der Shure Website > Suche nach Shure Wireless Frequency Finder). NUR KOMPONENTE: Damit dieser BLX1 Taschensender funktioniert, m\u00fcssen Sie ihn auf das Frequenzband\u2026","rel":"","context":"Similar post","img":{"alt_text":"","src":"https:\/\/i0.wp.com\/anythingtechnicallc.com\/wp-content\/uploads\/2024\/10\/51oOVm4giXL._AC_SL1500_.jpg?fit=643%2C1200&ssl=1&resize=350%2C200","width":350,"height":200},"classes":[]}],"pll_sync_post":[],"lang":"de","translations":{"de":9089,"en":5541},"_links":{"self":[{"href":"https:\/\/anythingtechnicallc.com\/index.php\/wp-json\/wp\/v2\/product\/9089","targetHints":{"allow":["GET"]}}],"collection":[{"href":"https:\/\/anythingtechnicallc.com\/index.php\/wp-json\/wp\/v2\/product"}],"about":[{"href":"https:\/\/anythingtechnicallc.com\/index.php\/wp-json\/wp\/v2\/types\/product"}],"replies":[{"embeddable":true,"href":"https:\/\/anythingtechnicallc.com\/index.php\/wp-json\/wp\/v2\/comments?post=9089"}],"wp:featuredmedia":[{"embeddable":true,"href":"https:\/\/anythingtechnicallc.com\/index.php\/wp-json\/wp\/v2\/media\/9088"}],"wp:attachment":[{"href":"https:\/\/anythingtechnicallc.com\/index.php\/wp-json\/wp\/v2\/media?parent=9089"}],"wp:term":[{"taxonomy":"product_brand","embeddable":true,"href":"https:\/\/anythingtechnicallc.com\/index.php\/wp-json\/wp\/v2\/product_brand?post=9089"},{"taxonomy":"product_cat","embeddable":true,"href":"https:\/\/anythingtechnicallc.com\/index.php\/wp-json\/wp\/v2\/product_cat?post=9089"},{"taxonomy":"product_tag","embeddable":true,"href":"https:\/\/anythingtechnicallc.com\/index.php\/wp-json\/wp\/v2\/product_tag?post=9089"}],"curies":[{"name":"wp","href":"https:\/\/api.w.org\/{rel}","templated":true}]}}