{"id":9092,"date":"2026-03-19T03:18:56","date_gmt":"2026-03-19T03:18:56","guid":{"rendered":"https:\/\/anythingtechnicallc.com\/?post_type=product&#038;p=9092"},"modified":"2026-03-19T03:18:57","modified_gmt":"2026-03-19T03:18:57","slug":"gebrauchter-shure-ulxd1-drahtloser-bodypack-sender-q2-band-748-784mhz","status":"publish","type":"product","link":"https:\/\/anythingtechnicallc.com\/index.php\/de\/product\/gebrauchter-shure-ulxd1-drahtloser-bodypack-sender-q2-band-748-784mhz\/","title":{"rendered":"Gebrauchter Shure ULXD1 Drahtloser Bodypack-Sender, Q2 Band 748-784MHz"},"content":{"rendered":"<ul class=\"a-unordered-list a-vertical a-spacing-mini\">\n<li class=\"a-spacing-mini\"><span class=\"a-list-item\">Dieser Sender ben\u00f6tigt einen Ulxd4-Empf\u00e4nger, um das System zu vervollst\u00e4ndigen. Hinweis: Wenn Sie separate drahtlose Komponenten kaufen, stimmen Sie bitte deren Frequenzb\u00e4nder aufeinander ab, um den ordnungsgem\u00e4\u00dfen Betrieb des Systems sicherzustellen.<\/span><\/li>\n<li class=\"a-spacing-mini\"><span class=\"a-list-item\">Der ULXD1 ist ein drahtloser Bodypack-Sender, der mit den digitalen ULX-D Drahtlossystemen kompatibel ist.<\/span><\/li>\n<li class=\"a-spacing-mini\"><span class=\"a-list-item\">Mit seinem robusten und dennoch leichten Aluminiumgeh\u00e4use bietet der Ulxd1 kompromisslose Audioqualit\u00e4t und HF-Leistung, AES 256-Bit-Verschl\u00fcsselung f\u00fcr eine sichere \u00dcbertragung und fortschrittliche Aufladeoptionen f\u00fcr professionelle Sound Reinforcement-Anwendungen.<\/span><\/li>\n<li class=\"a-spacing-mini\"><span class=\"a-list-item\">Die Shure-eigene Verst\u00e4rkungsregelung optimiert den Dynamikbereich des Systems f\u00fcr jede Eingangsquelle, so dass eine Anpassung der Senderverst\u00e4rkung nicht mehr erforderlich ist.<\/span><\/li>\n<li class=\"a-spacing-mini\"><span class=\"a-list-item\">zwei AA-Batterien, die eine Betriebsdauer von bis zu 11 Stunden erm\u00f6glichen. Der optionale Shure SB900A Lithium-Ionen-Akku bietet eine Batterielebensdauer von \u00fcber 11 Stunden, eine pr\u00e4zise Anzeige in Stunden und Minuten und keinen Memory-Effekt.<\/span><\/li>\n<\/ul>\n","protected":false},"excerpt":{"rendered":"<ul class=\"a-unordered-list a-vertical a-spacing-mini\">\n<li class=\"a-spacing-mini\"><span class=\"a-list-item\">Dieser Sender ben\u00f6tigt einen Ulxd4-Empf\u00e4nger, um das System zu vervollst\u00e4ndigen. Hinweis: Wenn Sie separate drahtlose Komponenten kaufen, stimmen Sie bitte deren Frequenzb\u00e4nder aufeinander ab, um den ordnungsgem\u00e4\u00dfen Betrieb des Systems sicherzustellen.<\/span><\/li>\n<li class=\"a-spacing-mini\"><span class=\"a-list-item\">Der ULXD1 ist ein drahtloser Bodypack-Sender, der mit den digitalen ULX-D Drahtlossystemen kompatibel ist.<\/span><\/li>\n<li class=\"a-spacing-mini\"><span class=\"a-list-item\">Mit seinem robusten und dennoch leichten Aluminiumgeh\u00e4use bietet der Ulxd1 kompromisslose Audioqualit\u00e4t und HF-Leistung, AES 256-Bit-Verschl\u00fcsselung f\u00fcr eine sichere \u00dcbertragung und fortschrittliche Aufladeoptionen f\u00fcr professionelle Sound Reinforcement-Anwendungen.<\/span><\/li>\n<li class=\"a-spacing-mini\"><span class=\"a-list-item\">Die Shure-eigene Verst\u00e4rkungsregelung optimiert den Dynamikbereich des Systems f\u00fcr jede Eingangsquelle, so dass eine Anpassung der Senderverst\u00e4rkung nicht mehr erforderlich ist.<\/span><\/li>\n<li class=\"a-spacing-mini\"><span class=\"a-list-item\">zwei AA-Batterien, die eine Betriebsdauer von bis zu 11 Stunden erm\u00f6glichen. Der optionale Shure SB900A Lithium-Ionen-Akku bietet eine Batterielebensdauer von \u00fcber 11 Stunden, eine pr\u00e4zise Anzeige in Stunden und Minuten und keinen Memory-Effekt.<\/span><\/li>\n<\/ul>\n","protected":false},"featured_media":9091,"comment_status":"open","ping_status":"closed","template":"","meta":{"_et_pb_use_builder":"","_et_pb_old_content":"","_et_gb_content_width":""},"product_brand":[],"product_cat":[1372],"product_tag":[],"class_list":{"0":"post-9092","1":"product","2":"type-product","3":"status-publish","4":"has-post-thumbnail","6":"product_cat-elektronik","8":"first","9":"instock","10":"sale","11":"taxable","12":"shipping-taxable","13":"purchasable","14":"product-type-simple"},"exclude_global_add_ons":[],"addons":[],"jetpack-related-posts":[{"id":9083,"url":"https:\/\/anythingtechnicallc.com\/index.php\/de\/product\/gebrauchter-shure-ulxd1-drahtloser-taschensender-v50-band\/","url_meta":{"origin":9092,"position":0},"title":"Gebrauchter Shure ULXD1 Drahtloser Taschensender, V50 Band","date":"March 19, 2026","format":false,"excerpt":"Dieser Sender ben\u00f6tigt einen Ulxd4-Empf\u00e4nger, um das System zu vervollst\u00e4ndigen. Hinweis: Wenn Sie separate drahtlose Komponenten kaufen, stimmen Sie bitte deren Frequenzb\u00e4nder aufeinander ab, um den ordnungsgem\u00e4\u00dfen Betrieb des Systems sicherzustellen. Der ULXD1 ist ein drahtloser Bodypack-Sender, der mit den digitalen ULX-D Drahtlossystemen kompatibel ist. Mit seinem robusten und dennoch\u2026","rel":"","context":"Similar post","img":{"alt_text":"","src":"https:\/\/i0.wp.com\/anythingtechnicallc.com\/wp-content\/uploads\/2024\/10\/41fQWcyQrlL._AC_SL1500_.jpg?fit=362%2C1200&ssl=1&resize=350%2C200","width":350,"height":200},"classes":[]},{"id":9089,"url":"https:\/\/anythingtechnicallc.com\/index.php\/de\/product\/gebrauchter-shure-pg1-k7-band-590-602-mhz-drahtloser-bodypack-sender\/","url_meta":{"origin":9092,"position":1},"title":"Gebrauchter Shure PG1 K7 Band (590-602 MHz) Drahtloser Bodypack-Sender","date":"March 19, 2026","format":false,"excerpt":"Der drahtlose Shure PG1 Taschensender verf\u00fcgt \u00fcber eine Betriebs-, Stummschaltungs- und Batteriestatus-LED, einen Netz- und Stummschalter und hat eine Reichweite von 250 Fu\u00df. Er wird mit einer 9-V-Batterie betrieben. Die professionellen Drahtlossysteme von Shure bieten legend\u00e4re Klangqualit\u00e4t, b\u00fchnenerprobte Langlebigkeit und eine problemlose Einrichtung f\u00fcr eine sorgenfreie Performance.","rel":"","context":"Similar post","img":{"alt_text":"","src":"https:\/\/i0.wp.com\/anythingtechnicallc.com\/wp-content\/uploads\/2024\/10\/Shure-PG1-Wireless-Bodypack-Transmitter.jpg?fit=1200%2C800&ssl=1&resize=350%2C200","width":350,"height":200},"classes":[]},{"id":9097,"url":"https:\/\/anythingtechnicallc.com\/index.php\/de\/product\/gebrauchter-shure-pg1-r10-band-800-812-mhz-drahtloser-bodypack-sender\/","url_meta":{"origin":9092,"position":2},"title":"Gebrauchter Shure PG1 R10 Band (800-812 MHz) Drahtloser Bodypack-Sender","date":"March 19, 2026","format":false,"excerpt":"Der drahtlose Shure PG1 Taschensender verf\u00fcgt \u00fcber eine Betriebs-, Stummschaltungs- und Batteriestatus-LED, einen Netz- und Stummschalter und hat eine Reichweite von 250 Fu\u00df. Er wird mit einer 9-V-Batterie betrieben. Die professionellen Drahtlossysteme von Shure bieten legend\u00e4re Klangqualit\u00e4t, b\u00fchnenerprobte Langlebigkeit und eine problemlose Einrichtung f\u00fcr eine sorgenfreie Performance.","rel":"","context":"Similar post","img":{"alt_text":"","src":"https:\/\/i0.wp.com\/anythingtechnicallc.com\/wp-content\/uploads\/2024\/10\/Shure-PG1-Wireless-Bodypack-Transmitter.jpg?fit=1200%2C800&ssl=1&resize=350%2C200","width":350,"height":200},"classes":[]},{"id":9047,"url":"https:\/\/anythingtechnicallc.com\/index.php\/de\/product\/gebrauchter-shure-pgx1-drahtloser-bodypack-sender\/","url_meta":{"origin":9092,"position":3},"title":"Gebrauchter SHURE PGX1 Drahtloser Bodypack-Sender","date":"March 18, 2026","format":false,"excerpt":"Das PGX1 von Shure wurde speziell f\u00fcr die Bed\u00fcrfnisse reisender K\u00fcnstler entwickelt und kann mit Kopfb\u00fcgel-, Lavalier- oder Instrumentenmikrofonen sowie mit Gitarren oder B\u00e4ssen verwendet werden. Die drahtlosen Systeme von Performance Gear sind mit dem patentierten Audio Reference Companding von Shure ausgestattet, das f\u00fcr einen kristallklaren Klang sorgt, der die\u2026","rel":"","context":"Similar post","img":{"alt_text":"","src":"https:\/\/i0.wp.com\/anythingtechnicallc.com\/wp-content\/uploads\/2024\/09\/Shure-PGX1.jpg?fit=1200%2C900&ssl=1&resize=350%2C200","width":350,"height":200},"classes":[]},{"id":9203,"url":"https:\/\/anythingtechnicallc.com\/index.php\/de\/product\/used-shure-wl183-lavalier-kondensatormikrofon-mit-kugelcharakteristik-tqg-fuer-sprachanwendungen-mit-12-m-4-ft-kabel-mit-4-poligem-mini-anschluss-drahtloser-bodypack-sender-separat-erhaeltlich\/","url_meta":{"origin":9092,"position":4},"title":"USED Shure WL183 Lavalier-Kondensatormikrofon mit Kugelcharakteristik (TQG) f\u00fcr Sprachanwendungen mit 1,2 m (4 ft) Kabel mit 4-poligem Mini-Anschluss (drahtloser Bodypack-Sender separat erh\u00e4ltlich)","date":"March 19, 2026","format":false,"excerpt":"Das WL183 ist ein Lavalier-Mikrofon mit Kugelcharakteristik, einem Aufnahmewinkel von 360 Grad und geringem St\u00f6rger\u00e4usch. Es wird f\u00fcr allgemeine Beschallungs-, Aufnahme- und Fern\u00fcberwachungsanwendungen empfohlen. Es hat ein 1,2 Meter langes Kabel, das mit einem 4-poligen Miniaturstecker abgeschlossen ist. Die mitgelieferte Krawattenklammer kann in 90-Grad-Schritten gedreht werden, um eine flexible Platzierung\u2026","rel":"","context":"Similar post","img":{"alt_text":"","src":"https:\/\/i0.wp.com\/anythingtechnicallc.com\/wp-content\/uploads\/2025\/02\/51lkFF0oVlL._AC_SL1000_.jpg?fit=932%2C932&ssl=1&resize=350%2C200","width":350,"height":200},"classes":[]},{"id":9264,"url":"https:\/\/anythingtechnicallc.com\/index.php\/de\/product\/gebrauchter-shure-slx4-funkempfaenger-h5-band-518-542-mhz\/","url_meta":{"origin":9092,"position":5},"title":"Gebrauchter Shure SLX4 Funkempf\u00e4nger &#8211; H5 Band 518-542 MHz","date":"March 19, 2026","format":false,"excerpt":"Dieser Sender arbeitet auf 518,000-542,000 MHz. SLX: Klare \u00dcbertragungen Der SLX-Sound basiert auf dem patentierten Audio Reference Companding von Shure, einer Technologie, die drahtlosen Systemen eine klarere \u00dcbertragung und einen gr\u00f6\u00dferen Dynamikbereich verleiht. Im Gegensatz zu herk\u00f6mmlichen drahtlosen Companding-Verfahren, die durch ein festes Kompressionsverh\u00e4ltnis eingeschr\u00e4nkt sind, verwendet diese Technologie ein\u2026","rel":"","context":"Similar post","img":{"alt_text":"","src":"https:\/\/i0.wp.com\/anythingtechnicallc.com\/wp-content\/uploads\/2025\/06\/Shure-SLX4-Wireless-Receiver-H5-Band-scaled.webp?fit=1200%2C608&ssl=1&resize=350%2C200","width":350,"height":200},"classes":[]}],"pll_sync_post":[],"lang":"de","translations":{"de":9092,"en":5543},"_links":{"self":[{"href":"https:\/\/anythingtechnicallc.com\/index.php\/wp-json\/wp\/v2\/product\/9092","targetHints":{"allow":["GET"]}}],"collection":[{"href":"https:\/\/anythingtechnicallc.com\/index.php\/wp-json\/wp\/v2\/product"}],"about":[{"href":"https:\/\/anythingtechnicallc.com\/index.php\/wp-json\/wp\/v2\/types\/product"}],"replies":[{"embeddable":true,"href":"https:\/\/anythingtechnicallc.com\/index.php\/wp-json\/wp\/v2\/comments?post=9092"}],"wp:featuredmedia":[{"embeddable":true,"href":"https:\/\/anythingtechnicallc.com\/index.php\/wp-json\/wp\/v2\/media\/9091"}],"wp:attachment":[{"href":"https:\/\/anythingtechnicallc.com\/index.php\/wp-json\/wp\/v2\/media?parent=9092"}],"wp:term":[{"taxonomy":"product_brand","embeddable":true,"href":"https:\/\/anythingtechnicallc.com\/index.php\/wp-json\/wp\/v2\/product_brand?post=9092"},{"taxonomy":"product_cat","embeddable":true,"href":"https:\/\/anythingtechnicallc.com\/index.php\/wp-json\/wp\/v2\/product_cat?post=9092"},{"taxonomy":"product_tag","embeddable":true,"href":"https:\/\/anythingtechnicallc.com\/index.php\/wp-json\/wp\/v2\/product_tag?post=9092"}],"curies":[{"name":"wp","href":"https:\/\/api.w.org\/{rel}","templated":true}]}}