{"id":9095,"date":"2026-03-19T03:19:41","date_gmt":"2026-03-19T03:19:41","guid":{"rendered":"https:\/\/anythingtechnicallc.com\/?post_type=product&#038;p=9095"},"modified":"2026-03-19T03:19:41","modified_gmt":"2026-03-19T03:19:41","slug":"gebrauchter-shure-fp1-taschensender-k3e-band-606-630-mhz","status":"publish","type":"product","link":"https:\/\/anythingtechnicallc.com\/index.php\/de\/product\/gebrauchter-shure-fp1-taschensender-k3e-band-606-630-mhz\/","title":{"rendered":"Gebrauchter Shure FP1 Taschensender K3E Band 606-630 MHz"},"content":{"rendered":"<p>Die FP1 Wireless Taschensender zeichnen sich durch ein leichtes und robustes Design aus und sind f\u00fcr die Verwendung mit Mikrofonen mit TA4F-Anschluss, einschlie\u00dflich Lavaliers und Headsets, geeignet. Zur Verwendung mit Shure FP Wireless und SLX Wireless. FP Wireless Systeme verf\u00fcgen \u00fcber die patentierte Audio Reference Companding Technologie f\u00fcr kristallklaren Sound, der die Grenzen herk\u00f6mmlicher Drahtlostechnologie \u00fcberschreitet.<\/p>\n","protected":false},"excerpt":{"rendered":"<p>Die FP1 Wireless Taschensender zeichnen sich durch ein leichtes und robustes Design aus und sind f\u00fcr die Verwendung mit Mikrofonen mit TA4F-Anschluss, einschlie\u00dflich Lavaliers und Headsets, geeignet. Zur Verwendung mit Shure FP Wireless und SLX Wireless. FP Wireless Systeme verf\u00fcgen \u00fcber die patentierte Audio Reference Companding Technologie f\u00fcr kristallklaren Sound, der die Grenzen herk\u00f6mmlicher Drahtlostechnologie \u00fcberschreitet.<\/p>\n","protected":false},"featured_media":9094,"comment_status":"open","ping_status":"closed","template":"","meta":{"_et_pb_use_builder":"","_et_pb_old_content":"","_et_gb_content_width":""},"product_brand":[],"product_cat":[1372],"product_tag":[],"class_list":{"0":"post-9095","1":"product","2":"type-product","3":"status-publish","4":"has-post-thumbnail","6":"product_cat-elektronik","8":"first","9":"instock","10":"sale","11":"taxable","12":"shipping-taxable","13":"purchasable","14":"product-type-simple"},"exclude_global_add_ons":[],"addons":[],"jetpack-related-posts":[{"id":9267,"url":"https:\/\/anythingtechnicallc.com\/index.php\/de\/product\/gebrauchter-shure-qlxd1-taschensender-zur-verwendung-mit-qlx-d-digital-wireless-systemen-empfaenger-separat-erhaeltlich-h50-band-qlxd1-h50\/","url_meta":{"origin":9095,"position":0},"title":"Gebrauchter Shure QLXD1 Taschensender &#8211; zur Verwendung mit QLX-D Digital Wireless Systemen, Empf\u00e4nger separat erh\u00e4ltlich | H50 Band (QLXD1=-H50)","date":"March 19, 2026","format":false,"excerpt":"Der QLXD1 Wireless Body Pack Transmitter synchronisiert sich auf Knopfdruck schnell mit einem drahtlosen Empf\u00e4nger \u00fcber IR und sorgt f\u00fcr ein klares, ununterbrochenes Signal \u00fcber seine gesamte Reichweite. 100 m (328 Fu\u00df) Betriebsreichweite (Sichtlinie). Bietet bis zu 9 Stunden Dauerbetrieb mit 2 AA-Alkalibatterien (im Lieferumfang enthalten) oder bis zu 10\u2026","rel":"","context":"Similar post","img":{"alt_text":"","src":"https:\/\/i0.wp.com\/anythingtechnicallc.com\/wp-content\/uploads\/2025\/06\/61agJz2AuL._AC_SL1500_.jpg?fit=394%2C1200&ssl=1&resize=350%2C200","width":350,"height":200},"classes":[]},{"id":9080,"url":"https:\/\/anythingtechnicallc.com\/index.php\/de\/product\/gebrauchter-shure-blx1-wireless-bodypack-transmitter-mit-ein-aus-schalter-einstellbarem-gain-regler-tqg-anschluss-zur-verwendung-mit-blx-wireless-mikrofonsystemen-empfaenger-separat-erhaeltlich\/","url_meta":{"origin":9095,"position":1},"title":"Gebrauchter Shure BLX1 Wireless Bodypack Transmitter mit Ein\/Aus-Schalter, einstellbarem Gain-Regler, TQG-Anschluss &#8211; zur Verwendung mit BLX Wireless Mikrofonsystemen (Empf\u00e4nger separat erh\u00e4ltlich) | H10 Band","date":"March 19, 2026","format":false,"excerpt":"AUSWAHL DES DRAHTLOSEN FREQUENZBANDES - Bitte vergewissern Sie sich vor dem Kauf, dass das von Ihnen gew\u00e4hlte drahtlose Frequenzband in Ihrer Region funktioniert (Einzelheiten finden Sie auf der Shure Website > Suche nach Shure Wireless Frequency Finder). NUR KOMPONENTE: Damit dieser BLX1 Taschensender funktioniert, m\u00fcssen Sie ihn auf das Frequenzband\u2026","rel":"","context":"Similar post","img":{"alt_text":"","src":"https:\/\/i0.wp.com\/anythingtechnicallc.com\/wp-content\/uploads\/2024\/10\/51oOVm4giXL._AC_SL1500_.jpg?fit=643%2C1200&ssl=1&resize=350%2C200","width":350,"height":200},"classes":[]},{"id":9077,"url":"https:\/\/anythingtechnicallc.com\/index.php\/de\/product\/gebrauchter-shure-pgx1-drahtloser-taschensender-h6-band-524-542-mhz\/","url_meta":{"origin":9095,"position":2},"title":"Gebrauchter SHURE PGX1 Drahtloser Taschensender H6 Band, 524 &#8211; 542 MHz","date":"March 19, 2026","format":false,"excerpt":"Das PGX1 von Shure wurde speziell f\u00fcr die Bed\u00fcrfnisse reisender K\u00fcnstler entwickelt und kann mit Kopfb\u00fcgel-, Lavalier- oder Instrumentenmikrofonen sowie mit Gitarren oder B\u00e4ssen verwendet werden. Die drahtlosen Systeme von Performance Gear sind mit dem patentierten Audio Reference Companding von Shure ausgestattet, das f\u00fcr einen kristallklaren Klang sorgt, der die\u2026","rel":"","context":"Similar post","img":{"alt_text":"","src":"https:\/\/i0.wp.com\/anythingtechnicallc.com\/wp-content\/uploads\/2024\/09\/Shure-PGX1.jpg?fit=1200%2C900&ssl=1&resize=350%2C200","width":350,"height":200},"classes":[]},{"id":9282,"url":"https:\/\/anythingtechnicallc.com\/index.php\/de\/product\/gebrauchtes-shure-microflex-mx153-ohrbuegel-mikrofon-fuer-kopfhoerer-tan-kugelmikrofon-tqg-ta4f-anschluss-drahtlose-taschensender-mx153t-o-tqg\/","url_meta":{"origin":9095,"position":3},"title":"Gebrauchtes Shure Microflex MX153 Ohrb\u00fcgel-Mikrofon f\u00fcr Kopfh\u00f6rer &#8211; Tan, Kugelmikrofon, TQG \/ TA4F Anschluss Drahtlose Taschensender (MX153T\/O-TQG)","date":"March 19, 2026","format":false,"excerpt":"Subminiatur-Kugelmikrofon mit Kugelcharakteristik bietet \u00fcberragende Klarheit und verbesserten Plosivschutz ohne Nahbesprechungseffekt. Mit TQG \/ TA4F-Anschluss f\u00fcr den direkten Anschluss an drahtlose Shure Bodypack-Sender. Das ultraleichte, komfortable und flexible Design ist stabil und l\u00e4sst sich leicht \u00fcber beide Ohren tragen. Die CommShield Technologie sch\u00fctzt vor Interferenzen durch RF-Mobilfunkger\u00e4te und digitale Bodypack-Sender.\u2026","rel":"","context":"Similar post","img":{"alt_text":"","src":"https:\/\/i0.wp.com\/anythingtechnicallc.com\/wp-content\/uploads\/2025\/06\/41UMIMgNDZL._AC_SL1500_.jpg?fit=1200%2C702&ssl=1&resize=350%2C200","width":350,"height":200},"classes":[]},{"id":9288,"url":"https:\/\/anythingtechnicallc.com\/index.php\/de\/product\/gebrauchtes-shure-wireless-beta-98h-c-mikrofon-miniatur-instrumentenmikrofon-mit-ta4f-4-pin-mini-xlr-anschluss-nierenkondensator-clip-on-mit-schwanenhals-fuer-saxophon-blechblaeser-oder-percussion\/","url_meta":{"origin":9095,"position":4},"title":"Gebrauchtes Shure Wireless BETA 98H\/C Mikrofon &#8211; Miniatur-Instrumentenmikrofon mit TA4F 4-Pin Mini-XLR-Anschluss, Nierenkondensator, Clip-on mit Schwanenhals f\u00fcr Saxophon\/Blechbl\u00e4ser oder Percussion (WB98H\/C)","date":"March 19, 2026","format":false,"excerpt":"Drahtloser Shure Taschensender Separat erh\u00e4ltlich Der WB98H\/C verf\u00fcgt \u00fcber eine transformatorlose Vorverst\u00e4rkerschaltung, die die Linearit\u00e4t \u00fcber den gesamten Frequenzbereich verbessert. Das Tonabnehmersystem des Beta 98H\/C bietet eine hohe Verst\u00e4rkung vor der R\u00fcckkopplung und eine hervorragende Unterdr\u00fcckung unerw\u00fcnschter Ger\u00e4usche. Sein hoher maximaler Schalldruckpegel (SPL) erm\u00f6glicht es ihm, die extremen Anforderungen von\u2026","rel":"","context":"Similar post","img":{"alt_text":"","src":"https:\/\/i0.wp.com\/anythingtechnicallc.com\/wp-content\/uploads\/2025\/06\/51JCyyEQ-tL._AC_SL1000_.jpg?fit=924%2C867&ssl=1&resize=350%2C200","width":350,"height":200},"classes":[]},{"id":9306,"url":"https:\/\/anythingtechnicallc.com\/index.php\/de\/product\/gebrauchter-shure-blx1-taschensender-zur-verwendung-mit-blx-drahtlos-systemen-572-596mhz-h11-band-blx1-h11\/","url_meta":{"origin":9095,"position":5},"title":"Gebrauchter Shure BLX1 Taschensender &#8211; zur Verwendung mit BLX Drahtlos-Systemen, 572-596mHz | H11 Band (BLX1=-H11)","date":"March 19, 2026","format":false,"excerpt":"DRAHTLOSE FREIHEIT, EINFACH GEMACHT. Das ideale drahtlose Mikrofonsystem der Einstiegsklasse f\u00fcr kleine Veranstaltungsorte. BLX Drahtlos-Systeme bieten professionelle Klangqualit\u00e4t mit einfacher Einrichtung und einer intuitiven Benutzeroberfl\u00e4che. W\u00e4hlen Sie aus einer Vielzahl von Senderformfaktoren (Handsender, Taschensender, Kopfb\u00fcgelmikrofone, Lavaliermikrofone, Instrumenten-Clip-on) und verwenden Sie sie mit Ein- und Zweikanal- sowie Rack-Empf\u00e4ngern.","rel":"","context":"Similar post","img":{"alt_text":"","src":"https:\/\/i0.wp.com\/anythingtechnicallc.com\/wp-content\/uploads\/2025\/07\/51pxQSSfy1L._AC_SL1500_.jpg?fit=354%2C1200&ssl=1&resize=350%2C200","width":350,"height":200},"classes":[]}],"pll_sync_post":[],"lang":"de","translations":{"de":9095,"en":5545},"_links":{"self":[{"href":"https:\/\/anythingtechnicallc.com\/index.php\/wp-json\/wp\/v2\/product\/9095","targetHints":{"allow":["GET"]}}],"collection":[{"href":"https:\/\/anythingtechnicallc.com\/index.php\/wp-json\/wp\/v2\/product"}],"about":[{"href":"https:\/\/anythingtechnicallc.com\/index.php\/wp-json\/wp\/v2\/types\/product"}],"replies":[{"embeddable":true,"href":"https:\/\/anythingtechnicallc.com\/index.php\/wp-json\/wp\/v2\/comments?post=9095"}],"wp:featuredmedia":[{"embeddable":true,"href":"https:\/\/anythingtechnicallc.com\/index.php\/wp-json\/wp\/v2\/media\/9094"}],"wp:attachment":[{"href":"https:\/\/anythingtechnicallc.com\/index.php\/wp-json\/wp\/v2\/media?parent=9095"}],"wp:term":[{"taxonomy":"product_brand","embeddable":true,"href":"https:\/\/anythingtechnicallc.com\/index.php\/wp-json\/wp\/v2\/product_brand?post=9095"},{"taxonomy":"product_cat","embeddable":true,"href":"https:\/\/anythingtechnicallc.com\/index.php\/wp-json\/wp\/v2\/product_cat?post=9095"},{"taxonomy":"product_tag","embeddable":true,"href":"https:\/\/anythingtechnicallc.com\/index.php\/wp-json\/wp\/v2\/product_tag?post=9095"}],"curies":[{"name":"wp","href":"https:\/\/api.w.org\/{rel}","templated":true}]}}