{"id":9100,"date":"2026-03-19T03:21:09","date_gmt":"2026-03-19T03:21:09","guid":{"rendered":"https:\/\/anythingtechnicallc.com\/?post_type=product&#038;p=9100"},"modified":"2026-03-19T03:21:10","modified_gmt":"2026-03-19T03:21:10","slug":"sony-5-digitaler-ebook-reader-ereader-prs-300-pocket-edition-prs300","status":"publish","type":"product","link":"https:\/\/anythingtechnicallc.com\/index.php\/de\/product\/sony-5-digitaler-ebook-reader-ereader-prs-300-pocket-edition-prs300\/","title":{"rendered":"Sony 5&#8243; Digitaler eBook Reader eReader PRS-300 Pocket Edition PRS300"},"content":{"rendered":"<div id=\"featurebullets_feature_div\" class=\"celwidget\" data-feature-name=\"featurebullets\" data-csa-c-type=\"widget\" data-csa-c-content-id=\"featurebullets\" data-csa-c-slot-id=\"featurebullets_feature_div\" data-csa-c-asin=\"B003UJYD0Q\" data-csa-c-is-in-initial-active-row=\"false\" data-csa-c-id=\"qo7n0c-y5mpmb-2asrhi-63bnle\" data-cel-widget=\"featurebullets_feature_div\">\n<div id=\"feature-bullets\" class=\"a-section a-spacing-medium a-spacing-top-small\">\n<ul class=\"a-unordered-list a-vertical a-spacing-mini\">\n<li class=\"a-spacing-mini\"><span class=\"a-list-item\">5-Zoll Sony Reader Pocket Edition PRS-300SC E-Book-Reader Allgemeine Merkmale: Farbe: Silber.<\/span><\/li>\n<li class=\"a-spacing-mini\"><span class=\"a-list-item\">Leichtes und d\u00fcnnes Design i.MX1L Prozessor E Ink Technologie Vizplex 5-Zoll-Bildschirm.<\/span><\/li>\n<li class=\"a-spacing-mini\"><span class=\"a-list-item\">800 x 600 Aufl\u00f6sung 8-stufige Grauskala Tragen Sie bis zu 350 Ihrer Lieblingsb\u00fccher auf einmal.<\/span><\/li>\n<li class=\"a-spacing-mini\"><span class=\"a-list-item\">Zugriff auf eine gro\u00dfe Anzahl von Online-Buchhandlungen Papier\u00e4hnliches Display f\u00fcr einfaches, nat\u00fcrliches Lesen.<\/span><\/li>\n<li>Zustand: Restposten k\u00f6nnen Kratzer, Dellen, Gebrauchsspuren oder andere kosmetische Sch\u00e4den aufweisen, die die Spielbarkeit oder Leistung nicht beeintr\u00e4chtigen. Sie k\u00f6nnen auch abgenutzte oder nicht originale Verpackungen haben.<\/li>\n<\/ul>\n<\/div>\n<\/div>\n<div id=\"provenanceCertifications_feature_div\" class=\"celwidget\" data-feature-name=\"provenanceCertifications\" data-csa-c-type=\"widget\" data-csa-c-content-id=\"provenanceCertifications\" data-csa-c-slot-id=\"provenanceCertifications_feature_div\" data-csa-c-asin=\"B003UJYD0Q\" data-csa-c-is-in-initial-active-row=\"false\" data-csa-c-id=\"cekm03-srlphf-d15425-fdi51a\" data-cel-widget=\"provenanceCertifications_feature_div\"><\/div>\n<div id=\"handmadeArtisanCard_feature_div\" class=\"celwidget\" data-feature-name=\"handmadeArtisanCard\" data-csa-c-type=\"widget\" data-csa-c-content-id=\"handmadeArtisanCard\" data-csa-c-slot-id=\"handmadeArtisanCard_feature_div\" data-csa-c-asin=\"B003UJYD0Q\" data-csa-c-is-in-initial-active-row=\"false\" data-csa-c-id=\"c3zqlg-9mkz9e-yh2y95-3git9h\" data-cel-widget=\"handmadeArtisanCard_feature_div\"><\/div>\n<div id=\"globalStoreInfoBullets_feature_div\" class=\"celwidget\" data-feature-name=\"globalStoreInfoBullets\" data-csa-c-type=\"widget\" data-csa-c-content-id=\"globalStoreInfoBullets\" data-csa-c-slot-id=\"globalStoreInfoBullets_feature_div\" data-csa-c-asin=\"B003UJYD0Q\" data-csa-c-is-in-initial-active-row=\"false\" data-csa-c-id=\"b0pzn5-mw7bbh-kfq93c-e2dwh8\" data-cel-widget=\"globalStoreInfoBullets_feature_div\"><\/div>\n<div id=\"addOnItem_feature_div\" class=\"celwidget\" data-feature-name=\"addOnItem\" data-csa-c-type=\"widget\" data-csa-c-content-id=\"addOnItem\" data-csa-c-slot-id=\"addOnItem_feature_div\" data-csa-c-asin=\"B003UJYD0Q\" data-csa-c-is-in-initial-active-row=\"false\" data-csa-c-id=\"hfwwvq-qkz0wo-u3qh2c-1rp9bf\" data-cel-widget=\"addOnItem_feature_div\"><\/div>\n<div id=\"giftcard-holiday-availability-messaging_feature_div\" class=\"celwidget\" data-feature-name=\"giftCardHolidayAvailabilityMessaging\" data-csa-c-type=\"widget\" data-csa-c-content-id=\"giftCardHolidayAvailabilityMessaging\" data-csa-c-slot-id=\"giftcard-holiday-availability-messaging_feature_div\" data-csa-c-asin=\"B003UJYD0Q\" data-csa-c-is-in-initial-active-row=\"false\" data-csa-c-id=\"nfui66-2z7428-r1uem9-udo7pp\" data-cel-widget=\"giftcard-holiday-availability-messaging_feature_div\"><\/div>\n<div id=\"andonCord_feature_div\" class=\"celwidget\" data-feature-name=\"andonCord\" data-csa-c-type=\"widget\" data-csa-c-content-id=\"andonCord\" data-csa-c-slot-id=\"andonCord_feature_div\" data-csa-c-asin=\"B003UJYD0Q\" data-csa-c-is-in-initial-active-row=\"false\" data-csa-c-id=\"vtp4oy-8in18k-i8ijz8-q540e5\" data-cel-widget=\"andonCord_feature_div\"><\/div>\n<div id=\"olp_feature_div\" class=\"celwidget\" data-feature-name=\"olp\" data-csa-c-type=\"widget\" data-csa-c-content-id=\"olp\" data-csa-c-slot-id=\"olp_feature_div\" data-csa-c-asin=\"B003UJYD0Q\" data-csa-c-is-in-initial-active-row=\"false\" data-csa-c-id=\"gm2zwo-hucmdm-yc38xt-wiuych\" data-cel-widget=\"olp_feature_div\"><\/div>\n","protected":false},"excerpt":{"rendered":"<div id=\"featurebullets_feature_div\" class=\"celwidget\" data-feature-name=\"featurebullets\" data-csa-c-type=\"widget\" data-csa-c-content-id=\"featurebullets\" data-csa-c-slot-id=\"featurebullets_feature_div\" data-csa-c-asin=\"B003UJYD0Q\" data-csa-c-is-in-initial-active-row=\"false\" data-csa-c-id=\"qo7n0c-y5mpmb-2asrhi-63bnle\" data-cel-widget=\"featurebullets_feature_div\">\n<div id=\"feature-bullets\" class=\"a-section a-spacing-medium a-spacing-top-small\">\n<ul class=\"a-unordered-list a-vertical a-spacing-mini\">\n<li class=\"a-spacing-mini\"><span class=\"a-list-item\">5-Zoll Sony Reader Pocket Edition PRS-300SC E-Book-Reader Allgemeine Eigenschaften: Farbe: Silber.<\/span><\/li>\n<li class=\"a-spacing-mini\"><span class=\"a-list-item\">Leichtes und d\u00fcnnes Design i.MX1L Prozessor E Ink Technologie Vizplex 5-Zoll-Bildschirm.<\/span><\/li>\n<li class=\"a-spacing-mini\"><span class=\"a-list-item\">800 x 600 Aufl\u00f6sung 8-stufige Grauskala Tragen Sie bis zu 350 Ihrer Lieblingsb\u00fccher auf einmal.<\/span><\/li>\n<li class=\"a-spacing-mini\"><span class=\"a-list-item\">Zugriff auf eine gro\u00dfe Anzahl von Online-Buchhandlungen Papier\u00e4hnliches Display f\u00fcr einfaches, nat\u00fcrliches Lesen.<\/span><\/li>\n<li>Zustand: Restposten k\u00f6nnen Kratzer, Dellen, Gebrauchsspuren oder andere kosmetische Sch\u00e4den aufweisen, die die Spielbarkeit oder Leistung nicht beeintr\u00e4chtigen. Sie k\u00f6nnen auch abgenutzte oder nicht originale Verpackungen haben.<\/li>\n<\/ul>\n<\/div>\n<\/div>\n<div id=\"provenanceCertifications_feature_div\" class=\"celwidget\" data-feature-name=\"provenanceCertifications\" data-csa-c-type=\"widget\" data-csa-c-content-id=\"provenanceCertifications\" data-csa-c-slot-id=\"provenanceCertifications_feature_div\" data-csa-c-asin=\"B003UJYD0Q\" data-csa-c-is-in-initial-active-row=\"false\" data-csa-c-id=\"cekm03-srlphf-d15425-fdi51a\" data-cel-widget=\"provenanceCertifications_feature_div\"><\/div>\n<div id=\"handmadeArtisanCard_feature_div\" class=\"celwidget\" data-feature-name=\"handmadeArtisanCard\" data-csa-c-type=\"widget\" data-csa-c-content-id=\"handmadeArtisanCard\" data-csa-c-slot-id=\"handmadeArtisanCard_feature_div\" data-csa-c-asin=\"B003UJYD0Q\" data-csa-c-is-in-initial-active-row=\"false\" data-csa-c-id=\"c3zqlg-9mkz9e-yh2y95-3git9h\" data-cel-widget=\"handmadeArtisanCard_feature_div\"><\/div>\n<div id=\"globalStoreInfoBullets_feature_div\" class=\"celwidget\" data-feature-name=\"globalStoreInfoBullets\" data-csa-c-type=\"widget\" data-csa-c-content-id=\"globalStoreInfoBullets\" data-csa-c-slot-id=\"globalStoreInfoBullets_feature_div\" data-csa-c-asin=\"B003UJYD0Q\" data-csa-c-is-in-initial-active-row=\"false\" data-csa-c-id=\"b0pzn5-mw7bbh-kfq93c-e2dwh8\" data-cel-widget=\"globalStoreInfoBullets_feature_div\"><\/div>\n<div id=\"addOnItem_feature_div\" class=\"celwidget\" data-feature-name=\"addOnItem\" data-csa-c-type=\"widget\" data-csa-c-content-id=\"addOnItem\" data-csa-c-slot-id=\"addOnItem_feature_div\" data-csa-c-asin=\"B003UJYD0Q\" data-csa-c-is-in-initial-active-row=\"false\" data-csa-c-id=\"hfwwvq-qkz0wo-u3qh2c-1rp9bf\" data-cel-widget=\"addOnItem_feature_div\"><\/div>\n<div id=\"giftcard-holiday-availability-messaging_feature_div\" class=\"celwidget\" data-feature-name=\"giftCardHolidayAvailabilityMessaging\" data-csa-c-type=\"widget\" data-csa-c-content-id=\"giftCardHolidayAvailabilityMessaging\" data-csa-c-slot-id=\"giftcard-holiday-availability-messaging_feature_div\" data-csa-c-asin=\"B003UJYD0Q\" data-csa-c-is-in-initial-active-row=\"false\" data-csa-c-id=\"nfui66-2z7428-r1uem9-udo7pp\" data-cel-widget=\"giftcard-holiday-availability-messaging_feature_div\"><\/div>\n<div id=\"andonCord_feature_div\" class=\"celwidget\" data-feature-name=\"andonCord\" data-csa-c-type=\"widget\" data-csa-c-content-id=\"andonCord\" data-csa-c-slot-id=\"andonCord_feature_div\" data-csa-c-asin=\"B003UJYD0Q\" data-csa-c-is-in-initial-active-row=\"false\" data-csa-c-id=\"vtp4oy-8in18k-i8ijz8-q540e5\" data-cel-widget=\"andonCord_feature_div\"><\/div>\n<div id=\"olp_feature_div\" class=\"celwidget\" data-feature-name=\"olp\" data-csa-c-type=\"widget\" data-csa-c-content-id=\"olp\" data-csa-c-slot-id=\"olp_feature_div\" data-csa-c-asin=\"B003UJYD0Q\" data-csa-c-is-in-initial-active-row=\"false\" data-csa-c-id=\"gm2zwo-hucmdm-yc38xt-wiuych\" data-cel-widget=\"olp_feature_div\"><\/div>\n","protected":false},"featured_media":9099,"comment_status":"open","ping_status":"closed","template":"","meta":{"_et_pb_use_builder":"","_et_pb_old_content":"","_et_gb_content_width":""},"product_brand":[],"product_cat":[1372],"product_tag":[],"class_list":{"0":"post-9100","1":"product","2":"type-product","3":"status-publish","4":"has-post-thumbnail","6":"product_cat-elektronik","8":"first","9":"instock","10":"sale","11":"taxable","12":"shipping-taxable","13":"purchasable","14":"product-type-simple"},"exclude_global_add_ons":[],"addons":[],"jetpack-related-posts":[{"id":9705,"url":"https:\/\/anythingtechnicallc.com\/index.php\/de\/product\/apple-2017-macbook-air-mit-1-8ghz-core-i5-cpu-13-zoll-8gb-ram-128-gb-speicher-silber-erneuert\/","url_meta":{"origin":9100,"position":0},"title":"Apple 2017 MacBook Air mit 1.8GHz Core i5 CPU 13 Zoll 8GB RAM 128 GB Speicher Silber (Erneuert)","date":"March 24, 2026","format":false,"excerpt":"1,8 GHz Dual-Core Intel Core i5 Prozessor (Turbo Boost bis zu 2,7 GHz) mit 3 MB gemeinsamem L3-Cache. 8 GB 1600 MHz LPDDR3 RAM; 128 GB PCIe-basierter Flash-Speicher. Intel HD Graphics 6000; 13,3\" Bildschirm mit einer Aufl\u00f6sung von 1440x900; bis zu 12 Stunden Akkulaufzeit.","rel":"","context":"Similar post","img":{"alt_text":"","src":"https:\/\/i0.wp.com\/anythingtechnicallc.com\/wp-content\/uploads\/2026\/02\/Apple-2017-MacBook-Air.jpg?fit=1200%2C675&ssl=1&resize=350%2C200","width":350,"height":200},"classes":[]},{"id":9155,"url":"https:\/\/anythingtechnicallc.com\/index.php\/de\/product\/microsoft-surface-pro-7-123-zoll-touchscreen-intel-i5-1035g4-8gb-ram-256gb-ssd-erneuert\/","url_meta":{"origin":9100,"position":1},"title":"Microsoft Surface Pro 7 12,3 Zoll Touchscreen Intel i5-1035G4 8GB RAM 256GB SSD (Erneuert)","date":"March 19, 2026","format":false,"excerpt":"Intel Core i5-1035G4 Prozessor der 10. Generation: Intelligente Vierkern- und Achtfach-Verarbeitungsleistung. Die Intel Turbo Boost Technologie liefert dynamische Extra-Power, wenn Sie sie brauchen, und erh\u00f6ht die Energieeffizienz, wenn Sie sie nicht brauchen. 12,3\" Bildschirm mit einer Aufl\u00f6sung von 2736 x 1824: Klare, helle Aufl\u00f6sung zum Ansehen von Filmen, Surfen im\u2026","rel":"","context":"Similar post","img":{"alt_text":"","src":"https:\/\/i0.wp.com\/anythingtechnicallc.com\/wp-content\/uploads\/2025\/02\/51d7wx7kBL._AC_SL1500_.jpg?fit=1200%2C486&ssl=1&resize=350%2C200","width":350,"height":200},"classes":[]},{"id":9708,"url":"https:\/\/anythingtechnicallc.com\/index.php\/de\/product\/apple-2018-macbook-air-mit-16ghz-intel-core-i5-13-zoll-8gb-ram-128gb-ssd-speicher-silber-erneuert\/","url_meta":{"origin":9100,"position":2},"title":"Apple 2018 MacBook Air mit 1,6GHz Intel Core i5, 13 Zoll, 8GB RAM, 128GB SSD Speicher &#8211; Silber (Erneuert)","date":"March 24, 2026","format":false,"excerpt":"Atemberaubendes 13,3-Zoll-Retina-Display. Touch ID und die neueste von Apple entworfene Tastatur. Dual-Core Intel Core i5 Prozessor der 8. Generation mit Intel UHD Graphics 617. Schneller SSD-Speicher und 8 GB Arbeitsspeicher. Stereolautsprecher mit breiterem Stereoklang.","rel":"","context":"Similar post","img":{"alt_text":"","src":"https:\/\/i0.wp.com\/anythingtechnicallc.com\/wp-content\/uploads\/2026\/02\/Apple-2018-MacBook-Air.jpg?fit=900%2C1200&ssl=1&resize=350%2C200","width":350,"height":200},"classes":[]},{"id":9825,"url":"https:\/\/anythingtechnicallc.com\/index.php\/de\/product\/apple-early-2020-macbook-air-mit-1-1ghz-intel-core-i3-13-zoll-8gb-ram-256gb-ssd-speicher-space-grau-erneuert\/","url_meta":{"origin":9100,"position":3},"title":"Apple Early 2020 MacBook Air mit 1.1GHz Intel Core i3 13-Zoll 8GB RAM 256GB SSD Speicher Space Grau (Erneuert)","date":"April 8, 2026","format":false,"excerpt":"Atemberaubendes 13,3-Zoll-Retina-Display mit True Tone-Technologie. Intel Iris Plus Grafik. Intel Core i3 Prozessor der zehnten Generation. Hintergrundbeleuchtete Magic Keyboard und Touch ID. Schneller SSD-Speicher.","rel":"","context":"Similar post","img":{"alt_text":"","src":"https:\/\/i0.wp.com\/anythingtechnicallc.com\/wp-content\/uploads\/2026\/03\/Early-2020-MacBook-Air-with-1.1GHz-Intel-Core-i3.jpg?fit=900%2C1200&ssl=1&resize=350%2C200","width":350,"height":200},"classes":[]},{"id":9506,"url":"https:\/\/anythingtechnicallc.com\/index.php\/de\/product\/sony-zv-1f-vlog-kamera-fuer-content-creators-und-vlogger\/","url_meta":{"origin":9100,"position":4},"title":"Sony ZV-1F Vlog Kamera f\u00fcr Content Creators und Vlogger","date":"March 21, 2026","format":false,"excerpt":"Mit der ZV-1F k\u00f6nnen Sie alles festhalten - sie erm\u00f6glicht es Ihnen, ein Gruppen-Selfie zusammen mit einem weitl\u00e4ufigen Blick auf die Hintergrundkulisse aufzunehmen. Da das Ultraweitwinkelobjektiv der Kamera mit 20 mm1 ein gr\u00f6\u00dferes Sichtfeld als das menschliche Gesichtsfeld erfasst, k\u00f6nnen Sie Bilder mit beeindruckender Tiefe und Perspektive aufnehmen. Machen Sie\u2026","rel":"","context":"Similar post","img":{"alt_text":"","src":"https:\/\/i0.wp.com\/anythingtechnicallc.com\/wp-content\/uploads\/2025\/08\/81lRtfnLuiL._AC_SL1500_.jpg?fit=1200%2C1085&ssl=1&resize=350%2C200","width":350,"height":200},"classes":[]},{"id":9227,"url":"https:\/\/anythingtechnicallc.com\/index.php\/de\/product\/ipod-nano-3-generation-8gb-silber-erneuert\/","url_meta":{"origin":9100,"position":5},"title":"iPod Nano 3. Generation (8GB, Silber) (Erneuert)","date":"March 19, 2026","format":false,"excerpt":"Der Apple iPod Nano 3rd Generation ist ein kleiner MP3-Player mit einem 2-Zoll-Bildschirm, der auch Videos abspielen kann. Er wurde im September 2007 auf den Markt gebracht. Vorteile Scharfe, helle Videowiedergabe \u00dcberdurchschnittlich lange Batterielaufzeit Sieht scharf aus Deutlichere Men\u00fctexte und Nachrichten Nachteile Nur 5 Stunden Videowiedergabe","rel":"","context":"Similar post","img":{"alt_text":"","src":"https:\/\/i0.wp.com\/anythingtechnicallc.com\/wp-content\/uploads\/2025\/03\/iPod-Nano-3rd-Generation.jpg?fit=1200%2C716&ssl=1&resize=350%2C200","width":350,"height":200},"classes":[]}],"pll_sync_post":[],"lang":"de","translations":{"de":9100,"en":5549},"_links":{"self":[{"href":"https:\/\/anythingtechnicallc.com\/index.php\/wp-json\/wp\/v2\/product\/9100","targetHints":{"allow":["GET"]}}],"collection":[{"href":"https:\/\/anythingtechnicallc.com\/index.php\/wp-json\/wp\/v2\/product"}],"about":[{"href":"https:\/\/anythingtechnicallc.com\/index.php\/wp-json\/wp\/v2\/types\/product"}],"replies":[{"embeddable":true,"href":"https:\/\/anythingtechnicallc.com\/index.php\/wp-json\/wp\/v2\/comments?post=9100"}],"wp:featuredmedia":[{"embeddable":true,"href":"https:\/\/anythingtechnicallc.com\/index.php\/wp-json\/wp\/v2\/media\/9099"}],"wp:attachment":[{"href":"https:\/\/anythingtechnicallc.com\/index.php\/wp-json\/wp\/v2\/media?parent=9100"}],"wp:term":[{"taxonomy":"product_brand","embeddable":true,"href":"https:\/\/anythingtechnicallc.com\/index.php\/wp-json\/wp\/v2\/product_brand?post=9100"},{"taxonomy":"product_cat","embeddable":true,"href":"https:\/\/anythingtechnicallc.com\/index.php\/wp-json\/wp\/v2\/product_cat?post=9100"},{"taxonomy":"product_tag","embeddable":true,"href":"https:\/\/anythingtechnicallc.com\/index.php\/wp-json\/wp\/v2\/product_tag?post=9100"}],"curies":[{"name":"wp","href":"https:\/\/api.w.org\/{rel}","templated":true}]}}