{"id":9110,"date":"2026-03-19T03:23:12","date_gmt":"2026-03-19T03:23:12","guid":{"rendered":"https:\/\/anythingtechnicallc.com\/?post_type=product&#038;p=9110"},"modified":"2026-03-19T03:23:12","modified_gmt":"2026-03-19T03:23:12","slug":"logitech-mx-brio-ultra-hd-4k-webcam-fuer-zusammenarbeit-und-streaming-1080p-bei-60-fps-zwei-geraeuschreduzierende-mikrofone-show-modus-usb-c-webcam-abdeckung-kompatibel-mit-microsoft-teams-zoom","status":"publish","type":"product","link":"https:\/\/anythingtechnicallc.com\/index.php\/de\/product\/logitech-mx-brio-ultra-hd-4k-webcam-fuer-zusammenarbeit-und-streaming-1080p-bei-60-fps-zwei-geraeuschreduzierende-mikrofone-show-modus-usb-c-webcam-abdeckung-kompatibel-mit-microsoft-teams-zoom\/","title":{"rendered":"Logitech MX Brio Ultra HD 4K-Webcam f\u00fcr Zusammenarbeit und Streaming, 1080p bei 60 FPS, zwei ger\u00e4uschreduzierende Mikrofone, Show-Modus, USB-C, Webcam-Abdeckung, kompatibel mit Microsoft Teams, Zoom, Google Meet &#8211; Graphit"},"content":{"rendered":"<ul class=\"a-unordered-list a-vertical a-spacing-mini\">\n<li class=\"a-spacing-mini\"><span class=\"a-list-item\">Ultra HD 4K-Webcam: Treffen oder streamen Sie in 4K-Aufl\u00f6sung bei 30fps oder 1080p bei 60fps, mit unserem bisher fortschrittlichsten Webcam-Sensor mit 70% mehr Pixeln (1) f\u00fcr scharfe Bildqualit\u00e4t. <\/span><\/li>\n<li class=\"a-spacing-mini\"><span class=\"a-list-item\">KI-verbesserte Bildqualit\u00e4t: Erleben Sie eine 2x bessere Gesichtserkennung mit feineren Bilddetails bei schwierigen Lichtverh\u00e4ltnissen (2), mit automatischer Belichtung, automatischem Wei\u00dfabgleich, Rauschunterdr\u00fcckung und Autofokus. <\/span><\/li>\n<li class=\"a-spacing-mini\"><span class=\"a-list-item\">Gestalten Sie Ihr Bild: Mit den Feineinstellungen (3) dieser Ultra HD-Webcam k\u00f6nnen Sie Belichtung und Wei\u00dfabgleich anpassen, z. B. ISO, Verschlusszeit, Farbton und Lebendigkeit, oder den Automatikmodus nutzen. <\/span><\/li>\n<li class=\"a-spacing-mini\"><span class=\"a-list-item\">Lassen Sie sie jedes Ihrer Worte h\u00f6ren: Integrierte Dual-Beamforming-Mikrofone mit Rauschunterdr\u00fcckung minimieren Hintergrundger\u00e4usche mit Hilfe von KI, um sicherzustellen, dass Sie deutlich zu h\u00f6ren sind. <\/span><\/li>\n<li class=\"a-spacing-mini\"><span class=\"a-list-item\">Teilen Sie Ihre Arbeit: Neigen Sie Ihre Logitech-Webkamera nach unten, um Notizen und Skizzen auf Ihrem Schreibtisch mit dem Show Mode zu teilen, was eine bessere Zusammenarbeit bei Anrufen erm\u00f6glicht. <\/span><\/li>\n<li class=\"a-spacing-mini\"><span class=\"a-list-item\">Keine heimlichen Blicke: Um Ihre Privatsph\u00e4re zwischen den Meetings zu sch\u00fctzen, drehen Sie einfach die integrierte Webcam-Abdeckung, um die Webkamera vollst\u00e4ndig zu verdecken. <\/span><\/li>\n<li class=\"a-spacing-mini\"><span class=\"a-list-item\">Kompatibilit\u00e4t: Diese USB-C-Webcam funktioniert mit Windows, macOS, Chrome OS(4) oder Linux (4). Zertifiziert f\u00fcr Zoom, Microsoft Teams, Chromebook, Google Meet und Streamlabs. <\/span><\/li>\n<li class=\"a-spacing-mini\"><span class=\"a-list-item\">Passen Sie Ihren Arbeitsablauf an: Wenn Sie die MX Brio mit der Logitech-Software (3) koppeln, erhalten Sie ein ma\u00dfgeschneidertes Video-Streaming-Erlebnis, bei dem Sie Ihren Stream \u00fcber Ihre MX-Tastatur und -Maus steuern k\u00f6nnen. <\/span><\/li>\n<\/ul>\n","protected":false},"excerpt":{"rendered":"<div id=\"productDescription_feature_div\" class=\"celwidget pd_rd_w-k59GH pd_rd_r-A4ZMHEFE7NCGC2QB2MN2 pd_rd_wg-YVOPy\" data-feature-name=\"productDescription\" data-csa-c-type=\"widget\" data-csa-c-content-id=\"productDescription\" data-csa-c-slot-id=\"productDescription_feature_div\" data-csa-c-asin=\"\" data-csa-c-is-in-initial-active-row=\"false\" data-csa-c-id=\"lujszp-qw724p-prnppi-w8a9nz\" data-cel-widget=\"productDescription_feature_div\">\n<div>\n<div id=\"productDescription_feature_div\" class=\"a-row feature\" data-feature-name=\"productDescription\" data-template-name=\"productDescription\" data-cel-widget=\"productDescription_feature_div\">\n<div id=\"productDescription\" class=\"a-section a-spacing-small\">\n<p>Treffen Sie sich, streamen Sie, meistern Sie mit der scharfen Ultra HD 4k-Aufl\u00f6sung der MX Brio. Mit 2x besserer Gesichtserkennung und 2x feineren Bilddetails bei schwierigen Lichtverh\u00e4ltnissen(2), KI-Verbesserungen, einem von Logi entwickelten Objektiv, 70% gr\u00f6\u00dferen Pixeln(1) und unserem bisher gr\u00f6\u00dften Webcam-Sensor. Mit den Feineinstellungen(3) k\u00f6nnen Sie Beleuchtung, Wei\u00dfabgleich mit ISO, Verschlusszeit, Temperatur, Farbton und Lebendigkeit anpassen. Mit zwei omnidirektionalen Mikrofonen mit ger\u00e4uschreduzierender Technologie, die Hintergrundger\u00e4usche unterdr\u00fcckt, sind Sie gut zu h\u00f6ren. Teilen Sie Ihre physischen Arbeiten und Notizen bei Videoanrufen, indem Sie die Kamera im Show-Modus nach unten kippen.<\/p>\n<\/div>\n<\/div>\n<\/div>\n<\/div>\n<div id=\"postPurchaseWhatsInTheBox_MP_feature_div\" class=\"celwidget pd_rd_w-3vMtf pd_rd_r-A4ZMHEFE7NCGC2QB2MN2 pd_rd_wg-YVOPy\" data-feature-name=\"postPurchaseWhatsInTheBox_MP\" data-csa-c-type=\"widget\" data-csa-c-content-id=\"postPurchaseWhatsInTheBox_MP\" data-csa-c-slot-id=\"postPurchaseWhatsInTheBox_MP_feature_div\" data-csa-c-asin=\"\" data-csa-c-is-in-initial-active-row=\"false\" data-csa-c-id=\"h6hzh3-621mpz-eo6dhk-jken8w\" data-cel-widget=\"postPurchaseWhatsInTheBox_MP_feature_div\">\n<div id=\"whatsInTheBoxDeck\" class=\"a-section a-spacing-base celwidget\" data-csa-c-id=\"d42cef-tctdz3-5mn87u-cqfjj6\" data-cel-widget=\"whatsInTheBoxDeck\"><\/div>\n<\/div>\n","protected":false},"featured_media":9109,"comment_status":"open","ping_status":"closed","template":"","meta":{"_et_pb_use_builder":"","_et_pb_old_content":"","_et_gb_content_width":""},"product_brand":[],"product_cat":[703],"product_tag":[],"class_list":{"0":"post-9110","1":"product","2":"type-product","3":"status-publish","4":"has-post-thumbnail","6":"product_cat-uncategorized-de","8":"first","9":"instock","10":"sale","11":"taxable","12":"shipping-taxable","13":"purchasable","14":"product-type-simple"},"exclude_global_add_ons":[],"addons":[],"jetpack-related-posts":[{"id":9106,"url":"https:\/\/anythingtechnicallc.com\/index.php\/de\/product\/logitech-2017-brio-4k-webcam\/","url_meta":{"origin":9110,"position":0},"title":"Logitech 2017 Brio 4K Webcam","date":"March 19, 2026","format":false,"excerpt":"UNTERST\u00dcTZEN SIE DIE ARBEIT VON \u00dcBERALL MIT SYNC: Ganz gleich, ob Ihre Mitarbeiter im B\u00fcro, zu Hause oder an einem anderen Ort sind, die Ger\u00e4teverwaltungssoftware Sync hilft allen, in Verbindung zu bleiben, indem Sie sicherstellen, dass ihre pers\u00f6nlichen Logitech Video Collaboration-Ger\u00e4te verwendet werden und auf dem neuesten Stand sind. Ultra\u2026","rel":"","context":"Similar post","img":{"alt_text":"","src":"https:\/\/i0.wp.com\/anythingtechnicallc.com\/wp-content\/uploads\/2025\/02\/71SAamTGWQL._AC_SL1500_.jpg?fit=1200%2C1003&ssl=1&resize=350%2C200","width":350,"height":200},"classes":[]},{"id":9650,"url":"https:\/\/anythingtechnicallc.com\/index.php\/de\/product\/erneuert-gopro-hero10-black-wasserdichte-action-kamera-mit-front-lcd-und-touch-rueckseite-5-3k60-ultra-hd-video-23mp-fotos-1080p-live-streaming-webcam-stabilisierung\/","url_meta":{"origin":9110,"position":1},"title":"Erneuert GoPro HERO10 Black &#8211; Wasserdichte Action-Kamera mit Front-LCD und Touch-R\u00fcckseite, 5.3K60 Ultra HD Video, 23MP Fotos, 1080p Live Streaming, Webcam, Stabilisierung","date":"March 24, 2026","format":false,"excerpt":"Revolution\u00e4rer Prozessor: Schneller. Reibungsloser. Besser. Die leistungsstarke neue GP2-Engine ver\u00e4ndert das Spiel - rasante Leistung, reaktionsschnelle Touch-Bedienelemente und eine doppelt so hohe Bildrate f\u00fcr erstaunlich fl\u00fcssige Aufnahmen. Das GP2 \"System auf einem Chip\" wurde speziell f\u00fcr die anspruchsvollen Anforderungen der GoPro entwickelt und ist mit Abstand das schnellste, das wir\u2026","rel":"","context":"Similar post","img":{"alt_text":"","src":"https:\/\/i0.wp.com\/anythingtechnicallc.com\/wp-content\/uploads\/2025\/10\/51FG4RKwpL._AC_SL1200_.jpg?fit=1200%2C821&ssl=1&resize=350%2C200","width":350,"height":200},"classes":[]},{"id":9647,"url":"https:\/\/anythingtechnicallc.com\/index.php\/de\/product\/erneuert-gopro-hero9-black-wasserdichte-action-kamera-mit-front-lcd-und-touch-rueckseite-5k-ultra-hd-video-20mp-fotos-1080p-live-streaming-webcam-stabilisierung\/","url_meta":{"origin":9110,"position":2},"title":"Erneuert GoPro HERO9 Black &#8211; Wasserdichte Action-Kamera mit Front-LCD und Touch-R\u00fcckseite, 5K Ultra HD Video, 20MP Fotos, 1080p Live-Streaming, Webcam, Stabilisierung","date":"March 24, 2026","format":false,"excerpt":"5K Video - Nehmen Sie atemberaubende Videos mit einer Aufl\u00f6sung von bis zu 5K auf, so dass auch beim Zoomen keine Details verloren gehen. 20MP Foto mit SuperPhoto: Nehmen Sie gestochen scharfe Fotos in Profiqualit\u00e4t mit 20MP auf. Und mit SuperPhoto kann die HERO9 Black automatisch die beste Bildverarbeitung f\u00fcr\u2026","rel":"","context":"Similar post","img":{"alt_text":"","src":"https:\/\/i0.wp.com\/anythingtechnicallc.com\/wp-content\/uploads\/2025\/10\/518PGIaxCPL._AC_SL1200_.jpg?fit=1200%2C697&ssl=1&resize=350%2C200","width":350,"height":200},"classes":[]},{"id":9518,"url":"https:\/\/anythingtechnicallc.com\/index.php\/de\/product\/hp-620-fhd-webcam-1080p-30-fps-fokus-farbe-gegenlichtkorrektur-zwei-geraeuschreduzierende-mikrofone-einstellbare-schwenk-neigefunktion-windows-hello-zoom-certified-privacy-cover-6y7\/","url_meta":{"origin":9110,"position":3},"title":"HP 620 FHD Webcam &#8211; 1080p 30 FPS &#8211; Fokus &#038; Farbe, Gegenlichtkorrektur &#8211; zwei ger\u00e4uschreduzierende Mikrofone &#8211; einstellbare Schwenk-\/Neigefunktion &#8211; Windows Hello, Zoom Certified, &#038; Privacy Cover (6Y7L2AA#ABL)","date":"March 21, 2026","format":false,"excerpt":"AMAZINIERENDE VIDEOQUALIT\u00c4T - Die IR-Sensortechnologie in Kombination mit FHD 1080p bei 30 FPS, HD 720p bei 60 FPS, automatischer Farbgebung und Gegenlichtkorrektur sorgt f\u00fcr eine gestochen scharfe Videoaufl\u00f6sung, damit Sie bei Videokonferenzen und -gespr\u00e4chen von Anfang an scharf sehen. BLEIBEN SIE FOKUSSIERT, SIEHEN SIE GROSSARTIG AUS - Der Autofokus sorgt\u2026","rel":"","context":"Similar post","img":{"alt_text":"","src":"https:\/\/i0.wp.com\/anythingtechnicallc.com\/wp-content\/uploads\/2025\/09\/617KE4ZBTBL._AC_SL1500_.jpg?fit=1200%2C840&ssl=1&resize=350%2C200","width":350,"height":200},"classes":[]},{"id":9515,"url":"https:\/\/anythingtechnicallc.com\/index.php\/de\/product\/dji-osmo-action-4-standard-combo-4k-120fps-wasserdichte-action-kamera-mit-1-13-zoll-sensor-atemberaubende-low-light-bilder-10-bit-d-log-m-farbleistung-lange-laufzeit-von-160-minuten-outdoor-ka\/","url_meta":{"origin":9110,"position":4},"title":"DJI Osmo Action 4 Standard Combo, 4K\/120fps Wasserdichte Action-Kamera mit 1\/1,3-Zoll-Sensor, atemberaubende Low-Light-Bilder, 10-Bit &#038; D-Log M Farbleistung, lange Laufzeit von 160 Minuten, Outdoor-Kamera","date":"March 21, 2026","format":false,"excerpt":"Tadellose Bildqualit\u00e4t bei Tag und Nacht - Erleben Sie mit dem gro\u00dfen 1\/1,3-Zoll-Sensor der 4K-Actionkamera eine atemberaubende Bildsch\u00e4rfe und unvergleichliche Leistung bei schlechten Lichtverh\u00e4ltnissen, die jedes Abenteuer von der Morgend\u00e4mmerung bis zur Abendd\u00e4mmerung in atemberaubenden Details festh\u00e4lt. Lebendige, naturgetreue Farben - Werten Sie Ihre Aufnahmen mit 10-Bit und D-Log M\u2026","rel":"","context":"Similar post","img":{"alt_text":"","src":"https:\/\/i0.wp.com\/anythingtechnicallc.com\/wp-content\/uploads\/2025\/08\/71wlB2kVcL._AC_SL1500_.jpg?fit=1200%2C762&ssl=1&resize=350%2C200","width":350,"height":200},"classes":[]},{"id":9635,"url":"https:\/\/anythingtechnicallc.com\/index.php\/de\/product\/gebrauchte-dji-mini-2-ultraleichter-und-faltbarer-drohnen-quadcopter-3-achsen-gimbal-mit-4k-kamera-12mp-foto-31-minuten-flugzeit-ocusync-2-0-10km-hd-videouebertragung-quickshots-grau\/","url_meta":{"origin":9110,"position":5},"title":"Gebrauchte DJI Mini 2 &#8211; Ultraleichter und faltbarer Drohnen-Quadcopter, 3-Achsen-Gimbal mit 4K Kamera, 12MP Foto, 31 Minuten Flugzeit, OcuSync 2.0 10km HD Video\u00fcbertragung, QuickShots Grau","date":"March 24, 2026","format":false,"excerpt":"\u3010PACKEN SIE LEICHT, FLIEGEN SIE FREI\u3011: Mit weniger als 249 g wiegt sie etwa so viel wie ein Apfel und passt in Ihre Handfl\u00e4che. Kompakt und praktisch ist diese kleine Drohne Ihr idealer Reisebegleiter, der die Art und Weise, wie Sie Ihre sch\u00f6nsten Erinnerungen festhalten, ver\u00e4ndert. \u30103-AXIS GIMBAL MIT 4K\u2026","rel":"","context":"Similar post","img":{"alt_text":"","src":"https:\/\/i0.wp.com\/anythingtechnicallc.com\/wp-content\/uploads\/2025\/10\/DJI-Mini-2.jpg?fit=900%2C1200&ssl=1&resize=350%2C200","width":350,"height":200},"classes":[]}],"pll_sync_post":[],"lang":"de","translations":{"de":9110,"en":6206},"_links":{"self":[{"href":"https:\/\/anythingtechnicallc.com\/index.php\/wp-json\/wp\/v2\/product\/9110","targetHints":{"allow":["GET"]}}],"collection":[{"href":"https:\/\/anythingtechnicallc.com\/index.php\/wp-json\/wp\/v2\/product"}],"about":[{"href":"https:\/\/anythingtechnicallc.com\/index.php\/wp-json\/wp\/v2\/types\/product"}],"replies":[{"embeddable":true,"href":"https:\/\/anythingtechnicallc.com\/index.php\/wp-json\/wp\/v2\/comments?post=9110"}],"wp:featuredmedia":[{"embeddable":true,"href":"https:\/\/anythingtechnicallc.com\/index.php\/wp-json\/wp\/v2\/media\/9109"}],"wp:attachment":[{"href":"https:\/\/anythingtechnicallc.com\/index.php\/wp-json\/wp\/v2\/media?parent=9110"}],"wp:term":[{"taxonomy":"product_brand","embeddable":true,"href":"https:\/\/anythingtechnicallc.com\/index.php\/wp-json\/wp\/v2\/product_brand?post=9110"},{"taxonomy":"product_cat","embeddable":true,"href":"https:\/\/anythingtechnicallc.com\/index.php\/wp-json\/wp\/v2\/product_cat?post=9110"},{"taxonomy":"product_tag","embeddable":true,"href":"https:\/\/anythingtechnicallc.com\/index.php\/wp-json\/wp\/v2\/product_tag?post=9110"}],"curies":[{"name":"wp","href":"https:\/\/api.w.org\/{rel}","templated":true}]}}