{"id":9113,"date":"2026-03-19T03:23:59","date_gmt":"2026-03-19T03:23:59","guid":{"rendered":"https:\/\/anythingtechnicallc.com\/?post_type=product&#038;p=9113"},"modified":"2026-03-19T03:23:59","modified_gmt":"2026-03-19T03:23:59","slug":"sennheiser-officerunner-convertible-wireless-office-mit-mb-pro-2-bluetooth-headset-erneuert","status":"publish","type":"product","link":"https:\/\/anythingtechnicallc.com\/index.php\/de\/product\/sennheiser-officerunner-convertible-wireless-office-mit-mb-pro-2-bluetooth-headset-erneuert\/","title":{"rendered":"Sennheiser OfficeRunner Convertible Wireless Office mit MB Pro 2 Bluetooth Headset erneuert"},"content":{"rendered":"<p><span class=\"a-list-item\">OfficeRunner ist die Nummer 1 unter den schnurlosen B\u00fcro-Headsets mit einer Reichweite von bis zu 400 Fu\u00df.<\/span><\/p>\n<ul class=\"a-unordered-list a-vertical a-spacing-mini\">\n<li class=\"a-spacing-mini\"><span class=\"a-list-item\">Verbindung zu mobilen Ger\u00e4ten: F\u00fcr alle, die einfach eine hervorragende Freisprechl\u00f6sung im B\u00fcro und unterwegs ben\u00f6tigen.<\/span><\/li>\n<li class=\"a-spacing-mini\"><span class=\"a-list-item\">Flexibel: Wechseln Sie nahtlos zwischen zwei verbundenen Bluetooth-Mobiltelefonen und genie\u00dfen Sie so h\u00f6chste Flexibilit\u00e4t bei Ihren Anrufen.<\/span><\/li>\n<li class=\"a-spacing-mini\"><span class=\"a-list-item\">HD-Klang: Ein Neodym-Lautsprecher sorgt f\u00fcr den legend\u00e4ren Sennheiser HD-Sound und damit f\u00fcr ein klareres und nat\u00fcrlicheres Klangerlebnis.<\/span><\/li>\n<li class=\"a-spacing-mini\"><span class=\"a-list-item\">Profile zur Klangverbesserung: Passt den Klang automatisch an und optimiert ihn sowohl f\u00fcr die Kommunikation als auch f\u00fcr Multimedia-\/Musikzwecke.<\/span><\/li>\n<li class=\"a-spacing-mini\"><span class=\"a-list-item\">Ultra-Noise Cancelling Technologie: Filtert alle unerw\u00fcnschten Hintergrundger\u00e4usche f\u00fcr kristallklare Gespr\u00e4che heraus.<\/span><\/li>\n<li class=\"a-spacing-mini\"><span class=\"a-list-item\">Ganzt\u00e4gige Nutzung: Entwickelt f\u00fcr einen ganzen Arbeitstag, mit extra weichen Kunstlederohrpolstern und Kopfb\u00fcgelpolsterung f\u00fcr maximalen Tragekomfort.<\/span><\/li>\n<li class=\"a-spacing-mini\"><span class=\"a-list-item\">Verl\u00e4ngerte Sprechzeit: Mit bis zu 15 Stunden Sprechzeit k\u00f6nnen Sie sich immer auf Ihre Gespr\u00e4che konzentrieren.<\/span><\/li>\n<\/ul>\n<div class=\"a-row a-expander-container a-expander-inline-container\">\n<div class=\"a-expander-content a-expander-extend-content a-expander-content-expanded\" data-expanded=\"true\"><\/div>\n<\/div>\n","protected":false},"excerpt":{"rendered":"<p><span class=\"a-list-item\">OfficeRunner ist die Nummer 1 unter den schnurlosen B\u00fcro-Headsets mit einer Reichweite von bis zu 400 Fu\u00df.<\/span><\/p>\n<ul class=\"a-unordered-list a-vertical a-spacing-mini\">\n<li class=\"a-spacing-mini\"><span class=\"a-list-item\">Verbindung zu mobilen Ger\u00e4ten: F\u00fcr alle, die einfach eine hervorragende Freisprechl\u00f6sung im B\u00fcro und unterwegs ben\u00f6tigen.<\/span><\/li>\n<li class=\"a-spacing-mini\"><span class=\"a-list-item\">Flexibel: Wechseln Sie nahtlos zwischen zwei verbundenen Bluetooth-Mobiltelefonen und genie\u00dfen Sie so h\u00f6chste Flexibilit\u00e4t bei Ihren Anrufen.<\/span><\/li>\n<li class=\"a-spacing-mini\"><span class=\"a-list-item\">HD-Klang: Ein Neodym-Lautsprecher sorgt f\u00fcr den legend\u00e4ren Sennheiser HD-Sound und damit f\u00fcr ein klareres und nat\u00fcrlicheres Klangerlebnis.<\/span><\/li>\n<li class=\"a-spacing-mini\"><span class=\"a-list-item\">Profile zur Klangverbesserung: Passt den Klang automatisch an und optimiert ihn sowohl f\u00fcr die Kommunikation als auch f\u00fcr Multimedia-\/Musikzwecke.<\/span><\/li>\n<li class=\"a-spacing-mini\"><span class=\"a-list-item\">Ultra-Noise Cancelling Technologie: Filtert alle unerw\u00fcnschten Hintergrundger\u00e4usche f\u00fcr kristallklare Gespr\u00e4che heraus.<\/span><\/li>\n<li class=\"a-spacing-mini\"><span class=\"a-list-item\">Ganzt\u00e4gige Nutzung: Entwickelt f\u00fcr einen ganzen Arbeitstag, mit extra weichen Kunstlederohrpolstern und Kopfb\u00fcgelpolsterung f\u00fcr maximalen Tragekomfort.<\/span><\/li>\n<li class=\"a-spacing-mini\"><span class=\"a-list-item\">Verl\u00e4ngerte Sprechzeit: Mit bis zu 15 Stunden Sprechzeit k\u00f6nnen Sie sich immer auf Ihre Gespr\u00e4che konzentrieren.<\/span><\/li>\n<\/ul>\n<div class=\"a-row a-expander-container a-expander-inline-container\">\n<div class=\"a-expander-content a-expander-extend-content a-expander-content-expanded\" data-expanded=\"true\"><\/div>\n<\/div>\n","protected":false},"featured_media":9112,"comment_status":"open","ping_status":"closed","template":"","meta":{"_et_pb_use_builder":"","_et_pb_old_content":"","_et_gb_content_width":""},"product_brand":[],"product_cat":[1562],"product_tag":[],"class_list":{"0":"post-9113","1":"product","2":"type-product","3":"status-publish","4":"has-post-thumbnail","6":"product_cat-bueroelektronik","8":"first","9":"instock","10":"sale","11":"taxable","12":"shipping-taxable","13":"purchasable","14":"product-type-simple"},"exclude_global_add_ons":[],"addons":[],"jetpack-related-posts":[{"id":8936,"url":"https:\/\/anythingtechnicallc.com\/index.php\/de\/product\/sennheiser-cx-sport-bluetooth-sport-kopfhoerer\/","url_meta":{"origin":9113,"position":0},"title":"Sennheiser CX Sport Bluetooth Sport-Kopfh\u00f6rer","date":"March 18, 2026","format":false,"excerpt":"Geben Sie Ihre Modellnummer ein, um sicherzustellen, dass das Produkt passt. Die von Sennheiser entwickelten und in Deutschland hergestellten Schallwandler liefern einen ausgewogenen und detaillierten Klang mit dynamischen B\u00e4ssen. Schwei\u00df- und spritzwassergesch\u00fctzt, entwickelt als Erg\u00e4nzung zu Ihren Trainingsaktivit\u00e4ten","rel":"","context":"Similar post","img":{"alt_text":"","src":"https:\/\/i0.wp.com\/anythingtechnicallc.com\/wp-content\/uploads\/2023\/03\/Sennheiser-CX-Sport-Bluetooth-Sports-Headphone-0.jpg?fit=423%2C500&ssl=1&resize=350%2C200","width":350,"height":200},"classes":[]},{"id":8915,"url":"https:\/\/anythingtechnicallc.com\/index.php\/de\/product\/shure-rmce-bt1-bluetooth-faehiges-zubehoerkabel-mit-fernbedienung-mikrofon\/","url_meta":{"origin":9113,"position":1},"title":"Shure RMCE-BT1 Bluetooth-f\u00e4higes Zubeh\u00f6rkabel mit Fernbedienung + Mikrofon","date":"March 18, 2026","format":false,"excerpt":"MMCX-Anschl\u00fcsse f\u00fcr die meisten Shure Sound Isolating Ohrh\u00f6rer sorgen f\u00fcr stundenlangen H\u00f6rgenuss mit der Freiheit der kabellosen \u00dcbertragung und der Einfachheit von Bluetooth. Zu den kompatiblen Modellen geh\u00f6ren SE215, SE315, SE425, SE535 und SE846 (Ohrh\u00f6rer nicht im Lieferumfang enthalten). Bluetooth 4.1 l\u00e4sst sich mit den meisten Mobiltelefonen, Laptops und Tablets\u2026","rel":"","context":"Similar post","img":{"alt_text":"","src":"https:\/\/i0.wp.com\/anythingtechnicallc.com\/wp-content\/uploads\/2023\/03\/Shure-RMCE-BT1-Bluetooth-Enabled-Accessory-Cable-with-Remote-Mic-0.jpg?fit=387%2C500&ssl=1&resize=350%2C200","width":350,"height":200},"classes":[]},{"id":9530,"url":"https:\/\/anythingtechnicallc.com\/index.php\/de\/product\/poly-voyager-4310-uc-wireless-headset-plantronics-einohr-bluetooth-headset-mit-mikrofon-zur-geraeuschunterdrueckung-verbindung-mit-pc-mac-mobiltelefon-ueber-bluetooth-funktioniert-mit-teams-z\/","url_meta":{"origin":9113,"position":2},"title":"Poly Voyager 4310 UC Wireless Headset (Plantronics) &#8211; Einohr-Bluetooth-Headset mit Mikrofon zur Ger\u00e4uschunterdr\u00fcckung &#8211; Verbindung mit PC\/Mac\/Mobiltelefon \u00fcber Bluetooth &#8211; Funktioniert mit Teams, Zoom und mehr &#8211; Amazon Exclusive","date":"March 21, 2026","format":false,"excerpt":"KLARE AUDIOQUALIT\u00c4T: Die Ger\u00e4uschunterdr\u00fcckung mit Acoustic Fence Technologie in einem flexiblen B\u00fcgelmikrofon blendet Hintergrundger\u00e4usche aus, so dass Ihre Gespr\u00e4chspartner nur Sie h\u00f6ren. Mit der Stummschalttaste am B\u00fcgelmikrofon k\u00f6nnen Sie Ihr Mikrofon schnell stummschalten, w\u00e4hrend ein dynamischer Stummschaltungsalarm Sie darauf hinweist, dass Sie stummgeschaltet sind. KONNEKTIVIT\u00c4T & MOBILIT\u00c4T: Verbinden Sie sich\u2026","rel":"","context":"Similar post","img":{"alt_text":"","src":"https:\/\/i0.wp.com\/anythingtechnicallc.com\/wp-content\/uploads\/2025\/09\/81zIcuCc9L._AC_SL1500_.jpg?fit=921%2C1200&ssl=1&resize=350%2C200","width":350,"height":200},"classes":[]},{"id":9738,"url":"https:\/\/anythingtechnicallc.com\/index.php\/de\/product\/gebrauchte-bose-soundlink-around-ear-wireless-kopfhoerer-ii-schwarz\/","url_meta":{"origin":9113,"position":3},"title":"Gebrauchte Bose SoundLink Around Ear Wireless Kopfh\u00f6rer II &#8211; Schwarz","date":"March 24, 2026","format":false,"excerpt":"Tiefer, intensiver Klang, verbesserter EQ - die beste Leistung in der Klasse der kabellosen Kopfh\u00f6rer. Konnektivit\u00e4tstechnologie: WiredWireless.Ladezeit: 3 Stunden. Neueste Bluetooth-Technologie f\u00fcr einfache Konnektivit\u00e4t und nahtlose Audio-Video-Synchronisation. Fortschrittliches Mikrofonsystem, HD-Voice f\u00fcr klare Gespr\u00e4che in windigen oder lauten Umgebungen. Bis zu 15 Stunden Spielzeit mit wiederaufladbarem Lithium-Ionen-Akku.Hinweis:Wenn Sie Probleme mit der\u2026","rel":"","context":"Similar post","img":{"alt_text":"","src":"https:\/\/i0.wp.com\/anythingtechnicallc.com\/wp-content\/uploads\/2026\/03\/61HNzQu-abL._AC_SL1000_.jpg?fit=720%2C1000&ssl=1&resize=350%2C200","width":350,"height":200},"classes":[]},{"id":9209,"url":"https:\/\/anythingtechnicallc.com\/index.php\/de\/product\/erneuert-shure-aonic-40-over-ear-wireless-bluetooth-noise-cancelling-kopfhoerer-mit-mikrofon-klang-in-studioqualitaet-25-stunden-akkulaufzeit-fingertip-bedienung-kompatibel-mit-iphone-und-android\/","url_meta":{"origin":9113,"position":4},"title":"Erneuert Shure AONIC 40 Over Ear Wireless Bluetooth Noise Cancelling Kopfh\u00f6rer mit Mikrofon, Klang in Studioqualit\u00e4t, 25 Stunden Akkulaufzeit, Fingertip-Bedienung, kompatibel mit iPhone und Android &#8211; Schwarz","date":"March 19, 2026","format":false,"excerpt":"PREMIUM-KLANG IN STUDIOQUALIT\u00c4T: Klarer Klang in Studioqualit\u00e4t, der auf jahrzehntelanger Erfahrung in der Entwicklung von Produkten f\u00fcr Musiklegenden und K\u00fcnstler aller Art beruht. EINSTELLBARE GER\u00c4USCHUNTERDR\u00dcCKUNG & UMGEBUNGSMODUS: Die anpassbare Ger\u00e4uschunterdr\u00fcckung unterdr\u00fcckt St\u00f6rger\u00e4usche f\u00fcr ein wirklich intensives H\u00f6rerlebnis. Drei digitale ANC-Einstellungen f\u00fcr erweiterte Unterdr\u00fcckung niedriger Frequenzen und ein nat\u00fcrliches H\u00f6rerlebnis. LANGER\u2026","rel":"","context":"Similar post","img":{"alt_text":"","src":"https:\/\/i0.wp.com\/anythingtechnicallc.com\/wp-content\/uploads\/2025\/02\/8161xyfr9bL._AC_SL1500_.jpg?fit=926%2C1200&ssl=1&resize=350%2C200","width":350,"height":200},"classes":[]},{"id":9291,"url":"https:\/\/anythingtechnicallc.com\/index.php\/de\/product\/bose-soundlink-flex-bluetooth-portable-speaker-kabelloser-wasserdichter-lautsprecher-fuer-reisen-im-freien-schwarz-erneuert\/","url_meta":{"origin":9113,"position":5},"title":"Bose SoundLink Flex Bluetooth Portable Speaker, kabelloser, wasserdichter Lautsprecher f\u00fcr Reisen im Freien &#8211; Schwarz (erneuert)","date":"March 19, 2026","format":false,"excerpt":"Hochmodernes Design - Der SoundLink Flex Outdoor-Lautsprecher ist vollgepackt mit exklusiven Technologien und einem speziell entwickelten Schallwandler f\u00fcr tiefen, klaren und beeindruckenden Klang zu Hause oder unterwegs. Klarster Klang - Die propriet\u00e4re PositionIQ-Technologie erkennt automatisch die Position Ihres tragbaren Bluetooth-Lautsprechers und sorgt so f\u00fcr optimale Klangqualit\u00e4t in jeder Ausrichtung und\u2026","rel":"","context":"Similar post","img":{"alt_text":"","src":"https:\/\/i0.wp.com\/anythingtechnicallc.com\/wp-content\/uploads\/2025\/06\/71we5E107KL._AC_SL1500_.jpg?fit=1200%2C858&ssl=1&resize=350%2C200","width":350,"height":200},"classes":[]}],"pll_sync_post":[],"lang":"de","translations":{"de":9113,"en":6208},"_links":{"self":[{"href":"https:\/\/anythingtechnicallc.com\/index.php\/wp-json\/wp\/v2\/product\/9113","targetHints":{"allow":["GET"]}}],"collection":[{"href":"https:\/\/anythingtechnicallc.com\/index.php\/wp-json\/wp\/v2\/product"}],"about":[{"href":"https:\/\/anythingtechnicallc.com\/index.php\/wp-json\/wp\/v2\/types\/product"}],"replies":[{"embeddable":true,"href":"https:\/\/anythingtechnicallc.com\/index.php\/wp-json\/wp\/v2\/comments?post=9113"}],"wp:featuredmedia":[{"embeddable":true,"href":"https:\/\/anythingtechnicallc.com\/index.php\/wp-json\/wp\/v2\/media\/9112"}],"wp:attachment":[{"href":"https:\/\/anythingtechnicallc.com\/index.php\/wp-json\/wp\/v2\/media?parent=9113"}],"wp:term":[{"taxonomy":"product_brand","embeddable":true,"href":"https:\/\/anythingtechnicallc.com\/index.php\/wp-json\/wp\/v2\/product_brand?post=9113"},{"taxonomy":"product_cat","embeddable":true,"href":"https:\/\/anythingtechnicallc.com\/index.php\/wp-json\/wp\/v2\/product_cat?post=9113"},{"taxonomy":"product_tag","embeddable":true,"href":"https:\/\/anythingtechnicallc.com\/index.php\/wp-json\/wp\/v2\/product_tag?post=9113"}],"curies":[{"name":"wp","href":"https:\/\/api.w.org\/{rel}","templated":true}]}}