{"id":9118,"date":"2026-03-19T05:21:10","date_gmt":"2026-03-19T05:21:10","guid":{"rendered":"https:\/\/anythingtechnicallc.com\/?post_type=product&#038;p=9118"},"modified":"2026-03-19T09:25:34","modified_gmt":"2026-03-19T09:25:34","slug":"bose-700-noise-cancelling-bluetooth-kopfhoerer-triple-black-erneuert","status":"publish","type":"product","link":"https:\/\/anythingtechnicallc.com\/index.php\/de\/product\/bose-700-noise-cancelling-bluetooth-kopfhoerer-triple-black-erneuert\/","title":{"rendered":"Bose 700 Noise-Cancelling Bluetooth Kopfh\u00f6rer (Triple Black) (Erneuert)"},"content":{"rendered":"<ul class=\"a-unordered-list a-vertical a-spacing-mini\">\n<li class=\"a-spacing-mini\"><span class=\"a-list-item\">Leistungsstarke Kopfh\u00f6rer mit Ger\u00e4uschunterdr\u00fcckung: Dank der 11-stufigen aktiven Ger\u00e4uschunterdr\u00fcckung k\u00f6nnen Sie Musik, Podcasts, Videos und Anrufe ohne Ablenkung genie\u00dfen. <\/span><\/li>\n<li class=\"a-spacing-mini\"><span class=\"a-list-item\">Erstaunlicher Klang: Gestochen scharfe, klare Details. Tiefe, volle B\u00e4sse. Diese kabellosen Kopfh\u00f6rer erzeugen einen aufregenden, lebensechten Klang, der bei jeder Lautst\u00e4rke voll und ausgewogen ist. <\/span><\/li>\n<li class=\"a-spacing-mini\"><span class=\"a-list-item\">Un\u00fcbertroffene Sprachaufnahme: Ein revolution\u00e4res Mikrofonsystem passt sich an laute und windige Umgebungen an, damit Ihre Stimme bei Anrufen immer kristallklar klingt. <\/span><\/li>\n<li class=\"a-spacing-mini\"><span class=\"a-list-item\">Behalten Sie den Kopf oben und die H\u00e4nde frei: Dank des einfachen Zugriffs auf Sprachassistenten wie Alexa und Google Assistant f\u00fcr Musik, Navigation, Wetter und mehr sowie der intuitiven Touch-Bedienung an den Ohrmuscheln bleiben Sie in Verbindung, ohne nach Ihrem Telefon greifen zu m\u00fcssen. <\/span><\/li>\n<li class=\"a-spacing-mini\"><span class=\"a-list-item\">Erstklassiges Design und Komfort: Dank des leichten Kopfb\u00fcgels aus Edelstahl und der f\u00fcr den perfekten Sitz geneigten Ohrmuscheln k\u00f6nnen Sie diese Bluetooth-Kopfh\u00f6rer auch nach Stunden noch bequem tragen. <\/span><\/li>\n<li class=\"a-spacing-mini\"><span class=\"a-list-item\">Bis zu 20 Stunden Musik ohne Unterbrechung: Mit einer einzigen Akkuladung k\u00f6nnen Sie bis zu 20 Stunden kabellose Musik h\u00f6ren. <\/span><\/li>\n<li class=\"a-spacing-mini\"><span class=\"a-list-item\">Spotify mit einer Ber\u00fchrung anh\u00f6ren: H\u00f6ren Sie sich Ihre letzte Spotify-Sitzung an oder entdecken Sie neue Musik, indem Sie die rechte H\u00f6rmuschel antippen und halten. Derzeit nur verf\u00fcgbar, wenn Sie iOS-Ger\u00e4te mit Ihren Kopfh\u00f6rern verwenden. <\/span><\/li>\n<\/ul>\n","protected":false},"excerpt":{"rendered":"<ul class=\"a-unordered-list a-vertical a-spacing-mini\">\n<li class=\"a-spacing-mini\"><span class=\"a-list-item\">Leistungsstarke Kopfh\u00f6rer mit Ger\u00e4uschunterdr\u00fcckung: Mit 11 Stufen aktiver Ger\u00e4uschunterdr\u00fcckung k\u00f6nnen Sie Musik, Podcasts, Videos und Anrufe ohne Ablenkung genie\u00dfen. <\/span><\/li>\n<li class=\"a-spacing-mini\"><span class=\"a-list-item\">Erstaunlicher Klang: Gestochen scharfe, klare Details. Tiefe, volle B\u00e4sse. Diese kabellosen Kopfh\u00f6rer erzeugen einen aufregenden, lebensechten Klang, der bei jeder Lautst\u00e4rke voll und ausgewogen ist. <\/span><\/li>\n<li class=\"a-spacing-mini\"><span class=\"a-list-item\">Un\u00fcbertroffene Sprachaufnahme: Ein revolution\u00e4res Mikrofonsystem passt sich an laute und windige Umgebungen an, damit Ihre Stimme bei Anrufen immer kristallklar klingt. <\/span><\/li>\n<li class=\"a-spacing-mini\"><span class=\"a-list-item\">Behalten Sie den Kopf oben und die H\u00e4nde frei: Dank des einfachen Zugriffs auf Sprachassistenten wie Alexa und Google Assistant f\u00fcr Musik, Navigation, Wetter und mehr sowie der intuitiven Touch-Bedienung an den Ohrmuscheln bleiben Sie in Verbindung, ohne nach Ihrem Telefon greifen zu m\u00fcssen. <\/span><\/li>\n<li class=\"a-spacing-mini\"><span class=\"a-list-item\">Erstklassiges Design und Komfort: Dank des leichten Kopfb\u00fcgels aus Edelstahl und der f\u00fcr den perfekten Sitz geneigten Ohrmuscheln k\u00f6nnen Sie diese Bluetooth-Kopfh\u00f6rer auch nach Stunden noch bequem tragen. <\/span><\/li>\n<li class=\"a-spacing-mini\"><span class=\"a-list-item\">Bis zu 20 Stunden Musik ohne Unterbrechung: Mit einer einzigen Akkuladung k\u00f6nnen Sie bis zu 20 Stunden kabellose Musik h\u00f6ren. <\/span><\/li>\n<li class=\"a-spacing-mini\"><span class=\"a-list-item\">Spotify mit einer Ber\u00fchrung anh\u00f6ren: H\u00f6ren Sie sich Ihre letzte Spotify-Sitzung an oder entdecken Sie neue Musik, indem Sie die rechte H\u00f6rmuschel antippen und halten. Derzeit nur verf\u00fcgbar, wenn Sie iOS-Ger\u00e4te mit Ihren Kopfh\u00f6rern verwenden. <\/span><\/li>\n<\/ul>\n","protected":false},"featured_media":9117,"comment_status":"open","ping_status":"closed","template":"","meta":{"_et_pb_use_builder":"","_et_pb_old_content":"","_et_gb_content_width":""},"product_brand":[],"product_cat":[703,1578],"product_tag":[],"class_list":{"0":"post-9118","1":"product","2":"type-product","3":"status-publish","4":"has-post-thumbnail","6":"product_cat-uncategorized-de","7":"product_cat-headset","9":"first","10":"instock","11":"sale","12":"taxable","13":"shipping-taxable","14":"purchasable","15":"product-type-simple"},"exclude_global_add_ons":[],"addons":[],"jetpack-related-posts":[{"id":9683,"url":"https:\/\/anythingtechnicallc.com\/index.php\/de\/product\/bose-quietcomfort-ultra-wireless-noise-cancelling-headphones-mit-spatial-audio-over-the-ear-kopfhoerer-mit-mikrofon-bis-zu-24-stunden-akkulaufzeit-white-smoke-renewed\/","url_meta":{"origin":9118,"position":0},"title":"Bose QuietComfort Ultra Wireless Noise Cancelling Headphones mit Spatial Audio, Over-The-Ear-Kopfh\u00f6rer mit Mikrofon, bis zu 24 Stunden Akkulaufzeit, White Smoke (Renewed)","date":"March 24, 2026","format":false,"excerpt":"LEVELED-UP LISTENING: Die Bose QuietComfort Ultra Headphones mit Spatial Audio bieten Ihnen ein immersives Erlebnis, bei dem sich Musik noch realer anf\u00fchlt; die CustomTune Technologie bietet Ihnen einen personalisierten, auf Sie zugeschnittenen Klang. GER\u00c4USCHUNTERDR\u00dcCKUNG DER WELTKLASSE: Diese Kopfh\u00f6rer mit Ger\u00e4uschunterdr\u00fcckung verf\u00fcgen \u00fcber den Quiet Mode, den Aware Mode und den\u2026","rel":"","context":"Similar post","img":{"alt_text":"","src":"https:\/\/i0.wp.com\/anythingtechnicallc.com\/wp-content\/uploads\/2026\/01\/Bose-QuietComfort-Ultra-White-Smoke.jpg?fit=1200%2C1200&ssl=1&resize=350%2C200","width":350,"height":200},"classes":[]},{"id":8973,"url":"https:\/\/anythingtechnicallc.com\/index.php\/de\/product\/philips-ph805-aktive-geraeuschunterdrueckung-anc-over-ear-bluetooth-performance-kopfhoerer-mit-hi-res-audio-bequemer-passform-und-30-stunden-spielzeit-taph805bk\/","url_meta":{"origin":9118,"position":1},"title":"PHILIPS PH805 Aktive Ger\u00e4uschunterdr\u00fcckung (ANC) Over Ear Bluetooth Performance Kopfh\u00f6rer mit Hi-Res Audio, bequemer Passform und 30 Stunden Spielzeit (TAPH805BK)","date":"March 18, 2026","format":false,"excerpt":"Aktive Ger\u00e4uschunterdr\u00fcckung (Anc). Lassen Sie mit der aktiven Ger\u00e4uschunterdr\u00fcckung alles hinter sich. Schalten Sie den L\u00e4rm eines Zuges oder eines gesch\u00e4ftigen B\u00fcros auf Knopfdruck aus. Wenn Sie unterwegs sind, k\u00f6nnen Sie im Awareness-Modus Ihre Musik h\u00f6ren und gleichzeitig den Stra\u00dfenl\u00e4rm ausblenden. 30 Stunden Spiel- oder Gespr\u00e4chszeit (25 Stunden mit eingeschaltetem\u2026","rel":"","context":"Similar post","img":{"alt_text":"","src":"https:\/\/i0.wp.com\/anythingtechnicallc.com\/wp-content\/uploads\/2024\/09\/81G9PXF96lL._AC_SL1500_.jpg?fit=932%2C1200&ssl=1&resize=350%2C200","width":350,"height":200},"classes":[]},{"id":9608,"url":"https:\/\/anythingtechnicallc.com\/index.php\/de\/product\/erneut-bose-quietcomfort-20-akustische-geraeuschunterdrueckung-kopfhoerer-apple-geraete-schwarz\/","url_meta":{"origin":9118,"position":2},"title":"Erneut Bose QuietComfort 20 Akustische Ger\u00e4uschunterdr\u00fcckung Kopfh\u00f6rer, Apple Ger\u00e4te (Schwarz)","date":"March 24, 2026","format":false,"excerpt":"Blenden Sie die Welt aus und verlieren Sie sich in Ihrer Musik oder h\u00f6ren Sie, was um Sie herum passiert. Sie haben die Wahl mit den ersten In-Ear-Kopfh\u00f6rern mit Ger\u00e4uschunterdr\u00fcckung von Bose. Die Quiet Comfort 20 Acoustic Noise Cancelling Headphones wurden entwickelt, damit Sie jeden Tag und \u00fcberall einen besseren\u2026","rel":"","context":"Similar post","img":{"alt_text":"","src":"https:\/\/i0.wp.com\/anythingtechnicallc.com\/wp-content\/uploads\/2025\/10\/71ZEg1bQ2sL._AC_SL1472_.jpg?fit=1200%2C701&ssl=1&resize=350%2C200","width":350,"height":200},"classes":[]},{"id":9714,"url":"https:\/\/anythingtechnicallc.com\/index.php\/de\/product\/bose-quietcomfort-35-serie-i-kabellose-kopfhoerer-geraeuschunterdrueckung-schwarz-erneuert\/","url_meta":{"origin":9118,"position":3},"title":"Bose QuietComfort 35 (Serie I) Kabellose Kopfh\u00f6rer, Ger\u00e4uschunterdr\u00fcckung &#8211; Schwarz (Erneuert)","date":"March 24, 2026","format":false,"excerpt":"Die kabellosen Kopfh\u00f6rer Quiet Comfort 35 sind mit einer erstklassigen Ger\u00e4uschunterdr\u00fcckung ausgestattet, die daf\u00fcr sorgt, dass leise Ger\u00e4usche leiser und Musik besser klingt. Befreien Sie sich von Kabeln und verbinden Sie sich ganz einfach mit Ihren Ger\u00e4ten per Bluetooth und NFC-Kopplung. Der volumenoptimierte Equalizer sorgt f\u00fcr eine ausgewogene Audiowiedergabe bei\u2026","rel":"","context":"Similar post","img":{"alt_text":"","src":"https:\/\/i0.wp.com\/anythingtechnicallc.com\/wp-content\/uploads\/2026\/02\/Bose-QuietComfort-35.jpg?fit=1200%2C900&ssl=1&resize=350%2C200","width":350,"height":200},"classes":[]},{"id":9365,"url":"https:\/\/anythingtechnicallc.com\/index.php\/de\/product\/renewed-bose-quietcomfort-qc45-bluetooth-kopfhoerer-kabellose-kopfhoerer-mit-aktiver-geraeuschunterdrueckung-ueber-dem-ohr-und-mikrofon-tiefer-bass-bis-zu-24-stunden-spielzeit-schwarz\/","url_meta":{"origin":9118,"position":4},"title":"Renewed Bose QuietComfort QC45 Bluetooth Kopfh\u00f6rer, kabellose Kopfh\u00f6rer mit aktiver Ger\u00e4uschunterdr\u00fcckung \u00fcber dem Ohr und Mikrofon, tiefer Bass, bis zu 24 Stunden Spielzeit, Schwarz","date":"March 19, 2026","format":false,"excerpt":"GER\u00c4USCHUNTERDR\u00dcCKENDE KOPFH\u00d6RER: Kombinieren Sie die Ger\u00e4uschunterdr\u00fcckungstechnologie m\u00fchelos mit passiven Funktionen, damit Sie die Au\u00dfenwelt abschalten, Ablenkungen ausblenden und Musik \u00fcber den Beat hinaus genie\u00dfen k\u00f6nnen. KOMFORTABLER KOPFH\u00d6RER: Pl\u00fcschige Ohrmuschelpolster schmiegen sich sanft an Ihre Ohren, w\u00e4hrend ein sicheres und bequemes gepolstertes Band Ihre Over-Ear-Kopfh\u00f6rer bei besonders langen H\u00f6rsessions sanft in\u2026","rel":"","context":"Similar post","img":{"alt_text":"","src":"https:\/\/i0.wp.com\/anythingtechnicallc.com\/wp-content\/uploads\/2025\/08\/51f7KKP25PL._AC_SL1000_.jpg?fit=669%2C885&ssl=1&resize=350%2C200","width":350,"height":200},"classes":[]},{"id":9717,"url":"https:\/\/anythingtechnicallc.com\/index.php\/de\/product\/bose-quietcomfort-45-bluetooth-kopfhoerer-mit-drahtloser-geraeuschunterdrueckung-triple-black-erneuert\/","url_meta":{"origin":9118,"position":5},"title":"Bose QuietComfort 45 Bluetooth Kopfh\u00f6rer mit drahtloser Ger\u00e4uschunterdr\u00fcckung &#8211; Triple Black (Erneuert)","date":"March 24, 2026","format":false,"excerpt":"Kabellose Kopfh\u00f6rer mit Ger\u00e4uschunterdr\u00fcckung - Die perfekte Balance aus Ruhe, Komfort und Klang. Bose verwendet winzige Mikrofone, um Au\u00dfenger\u00e4usche zu messen, zu vergleichen und darauf zu reagieren, indem sie sie mit entgegengesetzten Signalen ausl\u00f6schen. High-Fidelity-Audio - Die akustische TriPort-Architektur bietet Tiefe und F\u00fclle. Der f\u00fcr die Lautst\u00e4rke optimierte Active EQ\u2026","rel":"","context":"Similar post","img":{"alt_text":"","src":"https:\/\/i0.wp.com\/anythingtechnicallc.com\/wp-content\/uploads\/2026\/02\/Bose-QuietComfort-45.jpg?fit=900%2C1200&ssl=1&resize=350%2C200","width":350,"height":200},"classes":[]}],"pll_sync_post":[],"lang":"de","translations":{"de":9118,"en":6212},"_links":{"self":[{"href":"https:\/\/anythingtechnicallc.com\/index.php\/wp-json\/wp\/v2\/product\/9118","targetHints":{"allow":["GET"]}}],"collection":[{"href":"https:\/\/anythingtechnicallc.com\/index.php\/wp-json\/wp\/v2\/product"}],"about":[{"href":"https:\/\/anythingtechnicallc.com\/index.php\/wp-json\/wp\/v2\/types\/product"}],"replies":[{"embeddable":true,"href":"https:\/\/anythingtechnicallc.com\/index.php\/wp-json\/wp\/v2\/comments?post=9118"}],"wp:featuredmedia":[{"embeddable":true,"href":"https:\/\/anythingtechnicallc.com\/index.php\/wp-json\/wp\/v2\/media\/9117"}],"wp:attachment":[{"href":"https:\/\/anythingtechnicallc.com\/index.php\/wp-json\/wp\/v2\/media?parent=9118"}],"wp:term":[{"taxonomy":"product_brand","embeddable":true,"href":"https:\/\/anythingtechnicallc.com\/index.php\/wp-json\/wp\/v2\/product_brand?post=9118"},{"taxonomy":"product_cat","embeddable":true,"href":"https:\/\/anythingtechnicallc.com\/index.php\/wp-json\/wp\/v2\/product_cat?post=9118"},{"taxonomy":"product_tag","embeddable":true,"href":"https:\/\/anythingtechnicallc.com\/index.php\/wp-json\/wp\/v2\/product_tag?post=9118"}],"curies":[{"name":"wp","href":"https:\/\/api.w.org\/{rel}","templated":true}]}}