{"id":9127,"date":"2026-03-19T05:23:59","date_gmt":"2026-03-19T05:23:59","guid":{"rendered":"https:\/\/anythingtechnicallc.com\/?post_type=product&#038;p=9127"},"modified":"2026-03-19T05:23:59","modified_gmt":"2026-03-19T05:23:59","slug":"cisco-ip-telefon-8851-mit-multiplattform-firmware-anthrazit-netzteil-nicht-inbegriffen-erneuert","status":"publish","type":"product","link":"https:\/\/anythingtechnicallc.com\/index.php\/de\/product\/cisco-ip-telefon-8851-mit-multiplattform-firmware-anthrazit-netzteil-nicht-inbegriffen-erneuert\/","title":{"rendered":"Cisco IP-Telefon 8851 mit Multiplattform-Firmware &#8211; Anthrazit (Netzteil nicht inbegriffen) (Erneuert)"},"content":{"rendered":"<div id=\"featurebullets_feature_div\" class=\"celwidget\" data-feature-name=\"featurebullets\" data-csa-c-type=\"widget\" data-csa-c-content-id=\"featurebullets\" data-csa-c-slot-id=\"featurebullets_feature_div\" data-csa-c-asin=\"B017YU61OC\" data-csa-c-is-in-initial-active-row=\"false\" data-csa-c-id=\"8m69zz-8j2osi-fujvdc-ub2z58\" data-cel-widget=\"featurebullets_feature_div\">\n<div id=\"feature-bullets\" class=\"a-section a-spacing-medium a-spacing-top-small\">\n<ul class=\"a-unordered-list a-vertical a-spacing-mini\">\n<li class=\"a-spacing-mini\"><span class=\"a-list-item\">Cisco 8851 Ip Phone &#8211; Kabel &#8211; Wandmontage &#8211; Voip &#8211; Anrufererkennung &#8211; FreisprecheinrichtungUnified Communications Manager, Unified Communications Manager Express, User Connect Lizenz &#8211; 2 X Netzwerk (rj-45) &#8211; Usb &#8211; Poe Ports &#8211; Energy Star Compliance<\/span><\/li>\n<\/ul>\n<\/div>\n<\/div>\n<div id=\"provenanceCertifications_feature_div\" class=\"celwidget\" data-feature-name=\"provenanceCertifications\" data-csa-c-type=\"widget\" data-csa-c-content-id=\"provenanceCertifications\" data-csa-c-slot-id=\"provenanceCertifications_feature_div\" data-csa-c-asin=\"B017YU61OC\" data-csa-c-is-in-initial-active-row=\"false\" data-csa-c-id=\"ktfubj-bskahl-crg4fa-vsejn1\" data-cel-widget=\"provenanceCertifications_feature_div\"><\/div>\n<div id=\"globalStoreInfoBullets_feature_div\" class=\"celwidget\" data-feature-name=\"globalStoreInfoBullets\" data-csa-c-type=\"widget\" data-csa-c-content-id=\"globalStoreInfoBullets\" data-csa-c-slot-id=\"globalStoreInfoBullets_feature_div\" data-csa-c-asin=\"B017YU61OC\" data-csa-c-is-in-initial-active-row=\"false\" data-csa-c-id=\"lexg4b-bqf7ir-nnp6xx-uwos0u\" data-cel-widget=\"globalStoreInfoBullets_feature_div\"><\/div>\n<div id=\"addOnItem_feature_div\" class=\"celwidget\" data-feature-name=\"addOnItem\" data-csa-c-type=\"widget\" data-csa-c-content-id=\"addOnItem\" data-csa-c-slot-id=\"addOnItem_feature_div\" data-csa-c-asin=\"B017YU61OC\" data-csa-c-is-in-initial-active-row=\"false\" data-csa-c-id=\"erfyzn-7797ju-gzrhgj-vqoxg4\" data-cel-widget=\"addOnItem_feature_div\"><\/div>\n<div id=\"andonCord_feature_div\" class=\"celwidget\" data-feature-name=\"andonCord\" data-csa-c-type=\"widget\" data-csa-c-content-id=\"andonCord\" data-csa-c-slot-id=\"andonCord_feature_div\" data-csa-c-asin=\"B017YU61OC\" data-csa-c-is-in-initial-active-row=\"false\" data-csa-c-id=\"bwjn04-mybp4b-kw510l-350cvb\" data-cel-widget=\"andonCord_feature_div\"><\/div>\n<div id=\"HLCXComparisonJumplink_feature_div\"><\/div>\n<div id=\"buyingOptionNostosBadge_feature_div\" class=\"celwidget\" data-feature-name=\"buyingOptionNostosBadge\" data-csa-c-type=\"widget\" data-csa-c-content-id=\"buyingOptionNostosBadge\" data-csa-c-slot-id=\"buyingOptionNostosBadge_feature_div\" data-csa-c-asin=\"B017YU61OC\" data-csa-c-is-in-initial-active-row=\"false\" data-csa-c-id=\"j2ovzq-hnfacg-kllhnj-tzf48k\" data-cel-widget=\"buyingOptionNostosBadge_feature_div\"><\/div>\n<div id=\"tellAmazon_feature_div\" class=\"celwidget\" data-feature-name=\"tellAmazon\" data-csa-c-type=\"widget\" data-csa-c-content-id=\"tellAmazon\" data-csa-c-slot-id=\"tellAmazon_feature_div\" data-csa-c-asin=\"B017YU61OC\" data-csa-c-is-in-initial-active-row=\"false\" data-csa-c-id=\"claqzc-yn9jlm-dabvnn-1bj3qn\" data-cel-widget=\"tellAmazon_feature_div\">\n<div class=\"celwidget c-f\" data-csa-op-log-render=\"\" data-csa-c-content-id=\"DsUnknown\" data-csa-c-slot-id=\"DsUnknown-3\" data-csa-c-type=\"widget\" data-csa-c-painter=\"tell-amazon-desktop-cards\" data-csa-c-id=\"5w1mym-mbsmf2-s2zvia-fuvm6w\" data-cel-widget=\"tell-amazon-desktop_DetailPage_2\">\n<div id=\"CardInstancekjgraQmxingGpoeo_1mv0g\" data-card-metrics-id=\"tell-amazon-desktop_DetailPage_2\" data-acp-tracking=\"{}\" data-mix-claimed=\"true\">\n<div class=\"_tell-amazon-desktop_style_tell_amazon_div__1YDZk\" data-asin=\"B017YU61OC\" data-marketplace=\"ATVPDKIKX0DER\" data-logged-in=\"true\"><\/div>\n<\/div>\n<\/div>\n<\/div>\n","protected":false},"excerpt":{"rendered":"<ul>\n<li><span class=\"a-list-item\">Cisco 8851 Ip Phone &#8211; Kabel &#8211; Wandmontage &#8211; Voip &#8211; Anrufererkennung &#8211; FreisprecheinrichtungUnified Communications Manager, Unified Communications Manager Express, User Connect Lizenz &#8211; 2 X Netzwerk (rj-45) &#8211; Usb &#8211; Poe Ports &#8211; Energy Star Compliance<\/span><\/li>\n<\/ul>\n","protected":false},"featured_media":9126,"comment_status":"open","ping_status":"closed","template":"","meta":{"_et_pb_use_builder":"","_et_pb_old_content":"","_et_gb_content_width":""},"product_brand":[],"product_cat":[1562],"product_tag":[],"class_list":{"0":"post-9127","1":"product","2":"type-product","3":"status-publish","4":"has-post-thumbnail","6":"product_cat-bueroelektronik","8":"first","9":"instock","10":"sale","11":"taxable","12":"shipping-taxable","13":"purchasable","14":"product-type-simple"},"exclude_global_add_ons":[],"addons":[],"jetpack-related-posts":[{"id":9121,"url":"https:\/\/anythingtechnicallc.com\/index.php\/de\/product\/polycom-vvx-601-corded-business-media-phone-system-16-leitungen-poe-2200-48600-025-ac-adapter-nicht-im-lieferumfang-enthalten-ersetzt-vvx-600-erneuert\/","url_meta":{"origin":9127,"position":0},"title":"Polycom VVX 601 Corded Business Media Phone System &#8211; 16 Leitungen PoE &#8211; 2200-48600-025 &#8211; AC Adapter (nicht im Lieferumfang enthalten) &#8211; ersetzt VVX 600 (erneuert)","date":"March 19, 2026","format":false,"excerpt":"Premium-Business-Media-Telefone, die erstklassige Desktop-Produktivit\u00e4t f\u00fcr vielbesch\u00e4ftigte F\u00fchrungskr\u00e4fte und Manager bieten. Die Polycom VVX 600 Serie sind Premium-Medientelefone f\u00fcr Unternehmen, die die Zusammenarbeit und pers\u00f6nliche Produktivit\u00e4t verbessern.","rel":"","context":"Similar post","img":{"alt_text":"","src":"https:\/\/i0.wp.com\/anythingtechnicallc.com\/wp-content\/uploads\/2025\/02\/41s1Pq4nyLL._AC_.jpg?fit=334%2C277&ssl=1&resize=350%2C200","width":350,"height":200},"classes":[]},{"id":9551,"url":"https:\/\/anythingtechnicallc.com\/index.php\/de\/product\/hp-usb-c-dock-g5-11-in-1-adapter-fuer-usb-c-und-thunderbolt-faehige-laptops-pcs-und-notebooks-ein-einziges-kabel-zum-aufladen-vernetzen-oder-fuer-datenuebertragungen-ideal-fuer-sicheres-remote\/","url_meta":{"origin":9127,"position":1},"title":"HP USB-C Dock G5-11-in-1 Adapter f\u00fcr USB-C und Thunderbolt-f\u00e4hige Laptops, PCs und Notebooks &#8211; ein einziges Kabel zum Aufladen, Vernetzen oder f\u00fcr Daten\u00fcbertragungen &#8211; ideal f\u00fcr sicheres &#038; Remote Management","date":"March 21, 2026","format":false,"excerpt":"Machen Sie sich an die Arbeit mit dem vielseitigen, eleganten und platzsparenden HP USB-C Dock G5. Diese USB-Dockingstation ist mit HP Laptops, MacBook\u00ae Computern und anderen Notebooks (2) kompatibel und eignet sich dank ihres geringen Platzbedarfs und der Einrichtung mit nur einem Kabel hervorragend zur Organisation Ihres Schreibtisches. Ganz gleich,\u2026","rel":"","context":"Similar post","img":{"alt_text":"","src":"https:\/\/i0.wp.com\/anythingtechnicallc.com\/wp-content\/uploads\/2025\/09\/81xxmKsxxsL._AC_SL1500_.jpg?fit=983%2C1200&ssl=1&resize=350%2C200","width":350,"height":200},"classes":[]},{"id":9381,"url":"https:\/\/anythingtechnicallc.com\/index.php\/de\/product\/dell-thunderbolt-wd22tb4-4-dock-130w\/","url_meta":{"origin":9127,"position":2},"title":"Dell Thunderbolt WD22TB4 4 Dock 130W","date":"March 19, 2026","format":false,"excerpt":"Modulares Thunderbolt-Dock mit austauschbaren Modulen f\u00fcr einfache Upgrades und SuperBoost-Technologien f\u00fcr schnelles Laden. 2 x Thunderbolt-4-Anschl\u00fcsse \/ 1 x USB-C 3.2 Gen 2 \/ 1 x USB-A 3.2 Gen 1 mit PowerShare \/ 2 x DisplayPort 1.4 \/ 1 x HDMI 2.0 \/ 1 x USB-C Multifunction DisplayPort. 2 x\u2026","rel":"","context":"Similar post","img":{"alt_text":"","src":"https:\/\/i0.wp.com\/anythingtechnicallc.com\/wp-content\/uploads\/2025\/08\/41TfyCoNXsL._AC_SL1247_.jpg?fit=1200%2C570&ssl=1&resize=350%2C200","width":350,"height":200},"classes":[]},{"id":9425,"url":"https:\/\/anythingtechnicallc.com\/index.php\/de\/product\/2-usb-anschluesse-28w-solar-ladegeraet-5v-4-8a-max-faltbares-tragbares-solar-handy-ladegeraet-mit-sunpower-solarpanel-kompatibel-mit-iphone-11-xs-xs-max-xr-x-8-7-ipad-samsung-galaxy-lg-etc\/","url_meta":{"origin":9127,"position":3},"title":"2 USB-Anschl\u00fcsse 28W Solar-Ladeger\u00e4t (5V\/4.8A Max), faltbares tragbares Solar-Handy-Ladeger\u00e4t mit SunPower Solarpanel Kompatibel mit iPhone 11\/Xs\/XS Max\/XR\/X\/8\/7, iPad, Samsung Galaxy LG etc.","date":"March 19, 2026","format":false,"excerpt":"Verbesserte zwei USB-A-Anschl\u00fcsse: Jeder hat einen maximalen Ausgang von 5V\/2,4A und der maximale Gesamtstrom liegt bei 5V\/4,8A. Mit dem 28 W Solarladeger\u00e4t k\u00f6nnen Sie mehrere Ger\u00e4te gleichzeitig aufladen. Es ist mit einer intelligenten Ladetechnologie ausgestattet, die Ihr Ger\u00e4t erkennt und dann die optimale Ladegeschwindigkeit f\u00fcr verschiedene Ger\u00e4te bereitstellt. 100% sichere\u2026","rel":"","context":"Similar post","img":{"alt_text":"","src":"https:\/\/i0.wp.com\/anythingtechnicallc.com\/wp-content\/uploads\/2021\/11\/10891131799_1539480740.jpg?fit=750%2C750&ssl=1&resize=350%2C200","width":350,"height":200},"classes":[]},{"id":9689,"url":"https:\/\/anythingtechnicallc.com\/index.php\/de\/product\/hp-thunderbolt-dock-230w-g2-4k-unterstuetzung-thunderbolt-3-usb-c-displayport-vga-fuer-hp-elite-x2-elitebook-folio-zbook-probook-schwarz-erneuert\/","url_meta":{"origin":9127,"position":4},"title":"HP Thunderbolt Dock 230W G2 &#8211; 4K Unterst\u00fctzung, Thunderbolt 3, USB C, DisplayPort, VGA &#8211; F\u00fcr HP Elite x2, Elitebook, Folio, Zbook, Probook &#8211; Schwarz (Erneuert)","date":"March 24, 2026","format":false,"excerpt":"Anschl\u00fcsse an der Vorderseite: 1 USB-C-Anschluss mit Daten- und Stromausgang (15 W); 1 USB-C-Kabel zum Anschluss an das Hostsystem (0,7 m Kabell\u00e4nge). Seitliche Anschl\u00fcsse: 1 USB 3.0-Anschluss mit Stromversorgung; 1 Combo-Audio-Buchse; 1 Kensington Lock-Steckplatz. R\u00fcckseitige Anschl\u00fcsse: 1 Thunderbolt-Anschluss; 1 USB-C DisplayPort Daten- und Stromanschluss (15W); 2 DisplayPort-Anschl\u00fcsse; 1 VGA-Anschluss; 2\u2026","rel":"","context":"Similar post","img":{"alt_text":"","src":"https:\/\/i0.wp.com\/anythingtechnicallc.com\/wp-content\/uploads\/2026\/01\/HP-Thunderbolt-Dock-230W-G2.jpg?fit=1200%2C900&ssl=1&resize=350%2C200","width":350,"height":200},"classes":[]},{"id":9246,"url":"https:\/\/anythingtechnicallc.com\/index.php\/de\/product\/rode-wireless-go-ii-zweikanal-drahtlossystem-mit-eingebauten-mikrofonen-mit-analogen-und-digitalen-usb-ausgaengen-kompatibel-mit-kameras-windows-und-macos-computern-ios-und-android-handys\/","url_meta":{"origin":9127,"position":5},"title":"R\u00d8DE Wireless Go II Zweikanal-Drahtlossystem mit eingebauten Mikrofonen mit analogen und digitalen USB-Ausg\u00e4ngen, kompatibel mit Kameras, Windows- und MacOS-Computern, iOS- und Android-Handys","date":"March 19, 2026","format":false,"excerpt":"Ultrakompaktes und einfach zu bedienendes drahtloses Zweikanal-Mikrofonsystem f\u00fcr Filmaufnahmen, Vlogging, TikTok, Streaming, Podcasting und Videoanrufe (Zoom, MS Teams usw.) Analoge und digitale USB-Ausg\u00e4nge, die mit Kameras, Windows- und MacOS-Computern, iOS- und Android-Telefonen kompatibel sind, f\u00fcr den vielseitigen Einsatz in einer Reihe von Umgebungen (f\u00fcr einige Ger\u00e4te kann ein zus\u00e4tzliches Kabel\u2026","rel":"","context":"Similar post","img":{"alt_text":"","src":"https:\/\/i0.wp.com\/anythingtechnicallc.com\/wp-content\/uploads\/2025\/06\/519TvRDJyYL._AC_SL1080_.jpg?fit=770%2C976&ssl=1&resize=350%2C200","width":350,"height":200},"classes":[]}],"pll_sync_post":[],"lang":"de","translations":{"de":9127,"en":6218},"_links":{"self":[{"href":"https:\/\/anythingtechnicallc.com\/index.php\/wp-json\/wp\/v2\/product\/9127","targetHints":{"allow":["GET"]}}],"collection":[{"href":"https:\/\/anythingtechnicallc.com\/index.php\/wp-json\/wp\/v2\/product"}],"about":[{"href":"https:\/\/anythingtechnicallc.com\/index.php\/wp-json\/wp\/v2\/types\/product"}],"replies":[{"embeddable":true,"href":"https:\/\/anythingtechnicallc.com\/index.php\/wp-json\/wp\/v2\/comments?post=9127"}],"wp:featuredmedia":[{"embeddable":true,"href":"https:\/\/anythingtechnicallc.com\/index.php\/wp-json\/wp\/v2\/media\/9126"}],"wp:attachment":[{"href":"https:\/\/anythingtechnicallc.com\/index.php\/wp-json\/wp\/v2\/media?parent=9127"}],"wp:term":[{"taxonomy":"product_brand","embeddable":true,"href":"https:\/\/anythingtechnicallc.com\/index.php\/wp-json\/wp\/v2\/product_brand?post=9127"},{"taxonomy":"product_cat","embeddable":true,"href":"https:\/\/anythingtechnicallc.com\/index.php\/wp-json\/wp\/v2\/product_cat?post=9127"},{"taxonomy":"product_tag","embeddable":true,"href":"https:\/\/anythingtechnicallc.com\/index.php\/wp-json\/wp\/v2\/product_tag?post=9127"}],"curies":[{"name":"wp","href":"https:\/\/api.w.org\/{rel}","templated":true}]}}