{"id":9133,"date":"2026-03-19T05:25:15","date_gmt":"2026-03-19T05:25:15","guid":{"rendered":"https:\/\/anythingtechnicallc.com\/?post_type=product&#038;p=9133"},"modified":"2026-03-19T09:25:33","modified_gmt":"2026-03-19T09:25:33","slug":"audio-technica-at2020-kondensatormikrofon-mit-nierencharakteristik-erneuert-ideal-fuer-projekt-heimstudioanwendungen","status":"publish","type":"product","link":"https:\/\/anythingtechnicallc.com\/index.php\/de\/product\/audio-technica-at2020-kondensatormikrofon-mit-nierencharakteristik-erneuert-ideal-fuer-projekt-heimstudioanwendungen\/","title":{"rendered":"Audio-Technica AT2020 Kondensatormikrofon mit Nierencharakteristik (erneuert) Ideal f\u00fcr Projekt-\/Heimstudioanwendungen"},"content":{"rendered":"<ul class=\"a-unordered-list a-vertical a-spacing-mini\">\n<li class=\"a-spacing-mini\"><span class=\"a-list-item\">Der Preis-\/Leistungsstandard in der Studio-Kondensatormikrofontechnologie mit seitlicher Ansprache. <\/span><\/li>\n<li class=\"a-spacing-mini\"><span class=\"a-list-item\">Ideal f\u00fcr Projekt-\/Heimstudioanwendungen; der Ger\u00e4uschpegel betr\u00e4gt 20 db spl. <\/span><\/li>\n<li class=\"a-spacing-mini\"><span class=\"a-list-item\">Die hohe Spl-Behandlung und der gro\u00dfe Dynamikbereich sorgen f\u00fcr un\u00fcbertroffene Vielseitigkeit. <\/span><\/li>\n<li class=\"a-spacing-mini\"><span class=\"a-list-item\">Die speziell entwickelte Membran mit geringer Masse bietet einen erweiterten Frequenzgang und ein hervorragendes Einschwingverhalten. <\/span><\/li>\n<li class=\"a-spacing-mini\"><span class=\"a-list-item\">Die Nieren-Richtcharakteristik reduziert die Aufnahme von Schall von den Seiten und von hinten und verbessert die Isolierung der gew\u00fcnschten Schallquelle. Ausgangsanschluss: integrierter 3-poliger XLRM-Typ. <\/span><\/li>\n<li class=\"a-spacing-mini\"><span class=\"a-list-item\">Schwarze Sprenkel auf dem Mikrofon sind die Oberfl\u00e4che des Artikels. Geh\u00e4use von Audio Technica: R7. <\/span><\/li>\n<li class=\"a-spacing-mini\"><span class=\"a-list-item\">Handausrichtung: Rechtsh\u00e4nder. <\/span><\/li>\n<\/ul>\n","protected":false},"excerpt":{"rendered":"<ul class=\"a-unordered-list a-vertical a-spacing-mini\">\n<li class=\"a-spacing-mini\"><span class=\"a-list-item\">Der Preis-\/Leistungsstandard in der Studio-Kondensatormikrofontechnologie mit seitlicher Ansprache. <\/span><\/li>\n<li class=\"a-spacing-mini\"><span class=\"a-list-item\">Ideal f\u00fcr Projekt-\/Heimstudioanwendungen; der Ger\u00e4uschpegel betr\u00e4gt 20 db spl. <\/span><\/li>\n<li class=\"a-spacing-mini\"><span class=\"a-list-item\">Die hohe Spl-Behandlung und der gro\u00dfe Dynamikbereich sorgen f\u00fcr un\u00fcbertroffene Vielseitigkeit. <\/span><\/li>\n<li class=\"a-spacing-mini\"><span class=\"a-list-item\">Die speziell entwickelte Membran mit geringer Masse bietet einen erweiterten Frequenzgang und ein hervorragendes Einschwingverhalten. <\/span><\/li>\n<li class=\"a-spacing-mini\"><span class=\"a-list-item\">Die Nieren-Richtcharakteristik reduziert die Aufnahme von Schall von den Seiten und von hinten und verbessert die Isolierung der gew\u00fcnschten Schallquelle. Ausgangsanschluss: integrierter 3-poliger XLRM-Typ. <\/span><\/li>\n<li class=\"a-spacing-mini\"><span class=\"a-list-item\">Schwarze Sprenkel auf dem Mikrofon sind die Oberfl\u00e4che des Artikels. Geh\u00e4use von Audio Technica: R7. <\/span><\/li>\n<li class=\"a-spacing-mini\"><span class=\"a-list-item\">Handausrichtung: Rechtsh\u00e4nder. <\/span><\/li>\n<\/ul>\n","protected":false},"featured_media":9132,"comment_status":"open","ping_status":"closed","template":"","meta":{"_et_pb_use_builder":"","_et_pb_old_content":"","_et_gb_content_width":""},"product_brand":[],"product_cat":[703,1578],"product_tag":[],"class_list":{"0":"post-9133","1":"product","2":"type-product","3":"status-publish","4":"has-post-thumbnail","6":"product_cat-uncategorized-de","7":"product_cat-headset","9":"first","10":"instock","11":"sale","12":"taxable","13":"shipping-taxable","14":"purchasable","15":"product-type-simple"},"exclude_global_add_ons":[],"addons":[],"jetpack-related-posts":[{"id":9937,"url":"https:\/\/anythingtechnicallc.com\/index.php\/de\/product\/audio-technica-at2020-kondensator-studiomikrofon-mit-nierencharakteristik-schwarz-erneuert\/","url_meta":{"origin":9133,"position":0},"title":"Audio-Technica AT2020 Kondensator-Studiomikrofon mit Nierencharakteristik, Schwarz (Erneuert)","date":"April 15, 2026","format":false,"excerpt":"Das Audio Technica AT2020 Kondensatormikrofon mit Nieren-Richtcharakteristik verf\u00fcgt \u00fcber ein v\u00f6llig neues, patentiertes Design mit der bew\u00e4hrten Zuverl\u00e4ssigkeit von Audio-Technica's moderner Technik und Fertigungsexpertise. Das AT2020 ist ideal f\u00fcr Projekt-\/Heimstudioanwendungen und verf\u00fcgt \u00fcber eine speziell entwickelte, massearme Membran, die einen erweiterten Frequenzgang und die F\u00e4higkeit bietet, extrem hohe Schalldruckpegel zu\u2026","rel":"","context":"Similar post","img":{"alt_text":"","src":"https:\/\/i0.wp.com\/anythingtechnicallc.com\/wp-content\/uploads\/2026\/04\/Audio-Technica-AT2020-Cardioid-Condenser-Studio-Microphone-Black-Renewed.jpg?fit=900%2C1200&ssl=1&resize=350%2C200","width":350,"height":200},"classes":[]},{"id":9240,"url":"https:\/\/anythingtechnicallc.com\/index.php\/de\/product\/audio-technica-at2020-kondensator-studiomikrofon-mit-nierencharakteristik-xlr-ideal-fuer-projekt-heimstudioanwendungen\/","url_meta":{"origin":9133,"position":1},"title":"Audio-Technica AT2020 Kondensator-Studiomikrofon mit Nierencharakteristik XLR, ideal f\u00fcr Projekt-\/Heimstudioanwendungen","date":"March 19, 2026","format":false,"excerpt":"Die strengen Qualit\u00e4ts- und Konsistenzstandards von Audio-Technica heben das AT2020 von anderen Mikrofonen seiner Klasse ab. Seine massearme Membran wurde speziell f\u00fcr einen erweiterten Frequenzgang und ein hervorragendes Einschwingverhalten entwickelt. Die robuste Konstruktion sorgt f\u00fcr eine dauerhafte Leistung, das Mikrofon bietet einen gro\u00dfen Dynamikbereich und bew\u00e4ltigt hohe Schalldruckpegel mit Leichtigkeit.\u2026","rel":"","context":"Similar post","img":{"alt_text":"","src":"https:\/\/i0.wp.com\/anythingtechnicallc.com\/wp-content\/uploads\/2025\/03\/71ZMXqrB9XL._AC_SL1500_.jpg?fit=383%2C1200&ssl=1&resize=350%2C200","width":350,"height":200},"classes":[]},{"id":9288,"url":"https:\/\/anythingtechnicallc.com\/index.php\/de\/product\/gebrauchtes-shure-wireless-beta-98h-c-mikrofon-miniatur-instrumentenmikrofon-mit-ta4f-4-pin-mini-xlr-anschluss-nierenkondensator-clip-on-mit-schwanenhals-fuer-saxophon-blechblaeser-oder-percussion\/","url_meta":{"origin":9133,"position":2},"title":"Gebrauchtes Shure Wireless BETA 98H\/C Mikrofon &#8211; Miniatur-Instrumentenmikrofon mit TA4F 4-Pin Mini-XLR-Anschluss, Nierenkondensator, Clip-on mit Schwanenhals f\u00fcr Saxophon\/Blechbl\u00e4ser oder Percussion (WB98H\/C)","date":"March 19, 2026","format":false,"excerpt":"Drahtloser Shure Taschensender Separat erh\u00e4ltlich Der WB98H\/C verf\u00fcgt \u00fcber eine transformatorlose Vorverst\u00e4rkerschaltung, die die Linearit\u00e4t \u00fcber den gesamten Frequenzbereich verbessert. Das Tonabnehmersystem des Beta 98H\/C bietet eine hohe Verst\u00e4rkung vor der R\u00fcckkopplung und eine hervorragende Unterdr\u00fcckung unerw\u00fcnschter Ger\u00e4usche. Sein hoher maximaler Schalldruckpegel (SPL) erm\u00f6glicht es ihm, die extremen Anforderungen von\u2026","rel":"","context":"Similar post","img":{"alt_text":"","src":"https:\/\/i0.wp.com\/anythingtechnicallc.com\/wp-content\/uploads\/2025\/06\/51JCyyEQ-tL._AC_SL1000_.jpg?fit=924%2C867&ssl=1&resize=350%2C200","width":350,"height":200},"classes":[]},{"id":8983,"url":"https:\/\/anythingtechnicallc.com\/index.php\/de\/product\/erneuert-beoplay-e8-2-0-true-wireless-ohrhoerer-qi-aufladung-schwarz-einheitsgroesse-1646100\/","url_meta":{"origin":9133,"position":3},"title":"Erneuert Beoplay E8 2.0 True Wireless Ohrh\u00f6rer Qi Aufladung, Schwarz, Einheitsgr\u00f6\u00dfe &#8211; 1646100","date":"March 18, 2026","format":false,"excerpt":"WIRKLICH KABELLOS: Der Beoplay E8 2.0 bietet v\u00f6llig kabellosen Komfort ohne Kabel. Ausgestattet mit kabelloser Qi-Ladetechnik ist dieser In-Ear-Kopfh\u00f6rer mit seinem eleganten Design wirklich tragbar. Impedanz: 16 Ohm TOUCH CONTROL: Steuern Sie Ihr H\u00f6rerlebnis ganz einfach \u00fcber die Touch-Oberfl\u00e4che dieser kabellosen Ohrst\u00f6psel. Tippen Sie einfach darauf, um zwischen Titeln zu\u2026","rel":"","context":"Similar post","img":{"alt_text":"","src":"https:\/\/i0.wp.com\/anythingtechnicallc.com\/wp-content\/uploads\/2024\/09\/81LRBE5O8dL._AC_SL1500_.jpg?fit=982%2C1193&ssl=1&resize=350%2C200","width":350,"height":200},"classes":[]},{"id":9512,"url":"https:\/\/anythingtechnicallc.com\/index.php\/de\/product\/dji-osmo-action-5-pro-standard-combo-wasserdichte-action-kamera-mit-1-1-3-sensor-4k-120fps-video-motivverfolgung-stabilisierung-dual-oled-touchscreens-action-kamera-4k-ideal-fuer-sport-vlog\/","url_meta":{"origin":9133,"position":4},"title":"DJI Osmo Action 5 Pro Standard Combo, Wasserdichte Action-Kamera mit 1\/1.3&#8243; Sensor, 4K\/120fps Video, Motivverfolgung, Stabilisierung, Dual OLED Touchscreens, Action-Kamera 4K Ideal f\u00fcr Sport, Vlog","date":"March 21, 2026","format":false,"excerpt":"Halten Sie n\u00e4chtliche Stadtlandschaften fest - Osmo Action 5 Pro verf\u00fcgt \u00fcber einen neuen 1\/1,3\u2033-Sensor f\u00fcr atemberaubendes Low-Light. Ideal f\u00fcr n\u00e4chtliche Fahrradabenteuer in dunklen Umgebungen. Verbesserte Motivverfolgung - 4nm Chip f\u00fcr schnelle, zuverl\u00e4ssige Aufnahmen. Halten Sie sich schnell bewegende Motive in der Mitte. [7] Der 4nm-Chip sorgt f\u00fcr einen reibungslosen\u2026","rel":"","context":"Similar post","img":{"alt_text":"","src":"https:\/\/i0.wp.com\/anythingtechnicallc.com\/wp-content\/uploads\/2025\/08\/71pg9H7KEuL._AC_SL1500_.jpg?fit=1200%2C976&ssl=1&resize=350%2C200","width":350,"height":200},"classes":[]},{"id":9922,"url":"https:\/\/anythingtechnicallc.com\/index.php\/de\/product\/jbl-partybox-wireless-mic-2x-digitale-drahtlose-mikrofone-wiederaufladbarer-akku-20-std-700-mah-klare-stimme-klarer-klang-stabile-24-ghz-verbindung-kompatibel-mit-allen-partybox-lautsprec\/","url_meta":{"origin":9133,"position":5},"title":"JBL PartyBox Wireless Mic &#8211; 2X digitale drahtlose Mikrofone, wiederaufladbarer Akku (20 Std. &#8211; 700 mAh), klare Stimme, klarer Klang, stabile 2,4-GHz-Verbindung, kompatibel mit allen PartyBox Lautsprechern (erneuert)","date":"April 15, 2026","format":false,"excerpt":"Schlie\u00dfen Sie die drahtlosen JBL-Mikrofone an jeden JBL-Lautsprecher an, und drinnen oder drau\u00dfen werden Sie klar und fesselnd klingen. Bis zu 20 Stunden Spielzeit und Sie k\u00f6nnen ein Mikrofon sogar w\u00e4hrend des Aufladens \u00fcber die integrierte Powerbank der PartyBox verwenden. Bis zu 20 Stunden Spielzeit und Sie k\u00f6nnen sogar ein\u2026","rel":"","context":"Similar post","img":{"alt_text":"","src":"https:\/\/i0.wp.com\/anythingtechnicallc.com\/wp-content\/uploads\/2026\/04\/61Yl89uADxL._AC_SL1500_.jpg?fit=1200%2C828&ssl=1&resize=350%2C200","width":350,"height":200},"classes":[]}],"pll_sync_post":[],"lang":"de","translations":{"de":9133,"en":6222},"_links":{"self":[{"href":"https:\/\/anythingtechnicallc.com\/index.php\/wp-json\/wp\/v2\/product\/9133","targetHints":{"allow":["GET"]}}],"collection":[{"href":"https:\/\/anythingtechnicallc.com\/index.php\/wp-json\/wp\/v2\/product"}],"about":[{"href":"https:\/\/anythingtechnicallc.com\/index.php\/wp-json\/wp\/v2\/types\/product"}],"replies":[{"embeddable":true,"href":"https:\/\/anythingtechnicallc.com\/index.php\/wp-json\/wp\/v2\/comments?post=9133"}],"wp:featuredmedia":[{"embeddable":true,"href":"https:\/\/anythingtechnicallc.com\/index.php\/wp-json\/wp\/v2\/media\/9132"}],"wp:attachment":[{"href":"https:\/\/anythingtechnicallc.com\/index.php\/wp-json\/wp\/v2\/media?parent=9133"}],"wp:term":[{"taxonomy":"product_brand","embeddable":true,"href":"https:\/\/anythingtechnicallc.com\/index.php\/wp-json\/wp\/v2\/product_brand?post=9133"},{"taxonomy":"product_cat","embeddable":true,"href":"https:\/\/anythingtechnicallc.com\/index.php\/wp-json\/wp\/v2\/product_cat?post=9133"},{"taxonomy":"product_tag","embeddable":true,"href":"https:\/\/anythingtechnicallc.com\/index.php\/wp-json\/wp\/v2\/product_tag?post=9133"}],"curies":[{"name":"wp","href":"https:\/\/api.w.org\/{rel}","templated":true}]}}