{"id":9139,"date":"2026-03-19T05:28:22","date_gmt":"2026-03-19T05:28:22","guid":{"rendered":"https:\/\/anythingtechnicallc.com\/?post_type=product&#038;p=9139"},"modified":"2026-03-19T09:25:33","modified_gmt":"2026-03-19T09:25:33","slug":"audio-technica-ath-m50x-professioneller-studio-monitor-kopfhoerer-schwarz","status":"publish","type":"product","link":"https:\/\/anythingtechnicallc.com\/index.php\/de\/product\/audio-technica-ath-m50x-professioneller-studio-monitor-kopfhoerer-schwarz\/","title":{"rendered":"Audio-Technica ATH-M50x Professioneller Studio-Monitor-Kopfh\u00f6rer, Schwarz"},"content":{"rendered":"<div id=\"featurebullets_feature_div\" class=\"celwidget\" data-feature-name=\"featurebullets\" data-csa-c-type=\"widget\" data-csa-c-content-id=\"featurebullets\" data-csa-c-slot-id=\"featurebullets_feature_div\" data-csa-c-asin=\"B00HVLUR86\" data-csa-c-is-in-initial-active-row=\"false\" data-csa-c-id=\"f91nhg-wev3tl-58kx9a-q54x9t\" data-cel-widget=\"featurebullets_feature_div\">\n<div id=\"feature-bullets\" class=\"a-section a-spacing-medium a-spacing-top-small\">\n<ul class=\"a-unordered-list a-vertical a-spacing-mini\">\n<li class=\"a-spacing-mini\"><span class=\"a-list-item\">Von Top-Audio-Ingenieuren und Pro-Audio-Rezensenten gelobte klangliche Leistung. <\/span><\/li>\n<li class=\"a-spacing-mini\"><span class=\"a-list-item\">Propriet\u00e4re 45-Millimeter-Treiber mit gro\u00dfen \u00d6ffnungen, Seltenerdmagneten und kupferummantelten Aluminiumdraht-Schwingspulen. <\/span><\/li>\n<li class=\"a-spacing-mini\"><span class=\"a-list-item\">Au\u00dfergew\u00f6hnliche Klarheit \u00fcber einen erweiterten Frequenzbereich mit tiefer, pr\u00e4ziser Basswiedergabe. <\/span><\/li>\n<li class=\"a-spacing-mini\"><span class=\"a-list-item\">Das ohrumschlie\u00dfende Design schmiegt sich an die Ohren an und sorgt f\u00fcr eine hervorragende Schallisolierung in lauten Umgebungen. <\/span><\/li>\n<li class=\"a-spacing-mini\"><span class=\"a-list-item\">Um 90 Grad schwenkbare Ohrmuscheln f\u00fcr einfaches Ein-Ohr-Monitoring und professionelles Material der Ohrpolster und des Kopfb\u00fcgels f\u00fcr mehr Haltbarkeit und Komfort. <\/span><\/li>\n<li class=\"a-spacing-mini\"><span class=\"a-list-item\">Professioneller Studio-Monitor-Kopfh\u00f6rer mit abnehmbarem Kabel. <\/span><\/li>\n<li class=\"a-spacing-mini\"><span class=\"a-list-item\">Von Top-Audioingenieuren und Fachkritikern gelobte Klangleistung ^Eigene 45-mm-Gro\u00dfmembran-Treiber mit Seltene-Erden-Magneten und kupferummantelten Aluminiumdraht-Schwingspulen ^Au\u00dfergew\u00f6hnliche Klarheit \u00fcber einen erweiterten Frequenzbereich mit tiefer, pr\u00e4ziser Basswiedergabe ^Umschlie\u00dfendes Design umschlie\u00dft die Ohren f\u00fcr eine hervorragende Klangisolierung in lauten Umgebungen ^90 Grad drehbare Ohrmuscheln f\u00fcr einfaches Ein-Ohr-Monitoring, professionelle Ohrpolster und Kopfb\u00fcgel aus hochwertigem Material f\u00fcr mehr Haltbarkeit und Komfort. Abnehmbares Kabel. <\/span><\/li>\n<\/ul>\n<\/div>\n<\/div>\n<div id=\"provenanceCertifications_feature_div\" class=\"celwidget\" data-feature-name=\"provenanceCertifications\" data-csa-c-type=\"widget\" data-csa-c-content-id=\"provenanceCertifications\" data-csa-c-slot-id=\"provenanceCertifications_feature_div\" data-csa-c-asin=\"B00HVLUR86\" data-csa-c-is-in-initial-active-row=\"false\" data-csa-c-id=\"v0p70b-ys2bve-xgi8d1-jxib9h\" data-cel-widget=\"provenanceCertifications_feature_div\"><\/div>\n<div id=\"handmadeArtisanCard_feature_div\" class=\"celwidget\" data-feature-name=\"handmadeArtisanCard\" data-csa-c-type=\"widget\" data-csa-c-content-id=\"handmadeArtisanCard\" data-csa-c-slot-id=\"handmadeArtisanCard_feature_div\" data-csa-c-asin=\"B00HVLUR86\" data-csa-c-is-in-initial-active-row=\"false\" data-csa-c-id=\"7mbmfe-dyxu59-g1baan-n3f8sw\" data-cel-widget=\"handmadeArtisanCard_feature_div\"><\/div>\n<div id=\"billOfMaterial_feature_div\" class=\"celwidget\" data-feature-name=\"billOfMaterial\" data-csa-c-type=\"widget\" data-csa-c-content-id=\"billOfMaterial\" data-csa-c-slot-id=\"billOfMaterial_feature_div\" data-csa-c-asin=\"B00HVLUR86\" data-csa-c-is-in-initial-active-row=\"false\" data-csa-c-id=\"9jro9f-wzu0b5-mnso3u-ra5k6v\" data-cel-widget=\"billOfMaterial_feature_div\"><\/div>\n<div id=\"globalStoreInfoBullets_feature_div\" class=\"celwidget\" data-feature-name=\"globalStoreInfoBullets\" data-csa-c-type=\"widget\" data-csa-c-content-id=\"globalStoreInfoBullets\" data-csa-c-slot-id=\"globalStoreInfoBullets_feature_div\" data-csa-c-asin=\"B00HVLUR86\" data-csa-c-is-in-initial-active-row=\"false\" data-csa-c-id=\"muv2ny-teej77-112iz5-krim66\" data-cel-widget=\"globalStoreInfoBullets_feature_div\"><\/div>\n<div id=\"addOnItem_feature_div\" class=\"celwidget\" data-feature-name=\"addOnItem\" data-csa-c-type=\"widget\" data-csa-c-content-id=\"addOnItem\" data-csa-c-slot-id=\"addOnItem_feature_div\" data-csa-c-asin=\"B00HVLUR86\" data-csa-c-is-in-initial-active-row=\"false\" data-csa-c-id=\"87gd3r-g7vacn-g7n1h6-oo1nwt\" data-cel-widget=\"addOnItem_feature_div\"><\/div>\n<div id=\"giftcard-holiday-availability-messaging_feature_div\" class=\"celwidget\" data-feature-name=\"giftCardHolidayAvailabilityMessaging\" data-csa-c-type=\"widget\" data-csa-c-content-id=\"giftCardHolidayAvailabilityMessaging\" data-csa-c-slot-id=\"giftcard-holiday-availability-messaging_feature_div\" data-csa-c-asin=\"B00HVLUR86\" data-csa-c-is-in-initial-active-row=\"false\" data-csa-c-id=\"5wjje7-736my2-zabfh5-122k7e\" data-cel-widget=\"giftcard-holiday-availability-messaging_feature_div\"><\/div>\n<div id=\"olp_feature_div\" class=\"celwidget\" data-feature-name=\"olp\" data-csa-c-type=\"widget\" data-csa-c-content-id=\"olp\" data-csa-c-slot-id=\"olp_feature_div\" data-csa-c-asin=\"B00HVLUR86\" data-csa-c-is-in-initial-active-row=\"false\" data-csa-c-id=\"c165aq-y4bknw-u6cz22-kw7ex0\" data-cel-widget=\"olp_feature_div\"><\/div>\n","protected":false},"excerpt":{"rendered":"<div id=\"featurebullets_feature_div\" class=\"celwidget\" data-feature-name=\"featurebullets\" data-csa-c-type=\"widget\" data-csa-c-content-id=\"featurebullets\" data-csa-c-slot-id=\"featurebullets_feature_div\" data-csa-c-asin=\"B00HVLUR86\" data-csa-c-is-in-initial-active-row=\"false\" data-csa-c-id=\"f91nhg-wev3tl-58kx9a-q54x9t\" data-cel-widget=\"featurebullets_feature_div\">\n<div id=\"feature-bullets\" class=\"a-section a-spacing-medium a-spacing-top-small\">\n<ul class=\"a-unordered-list a-vertical a-spacing-mini\">\n<li class=\"a-spacing-mini\"><span class=\"a-list-item\">Von Top-Audio-Ingenieuren und Pro-Audio-Rezensenten gelobte klangliche Leistung. <\/span><\/li>\n<li class=\"a-spacing-mini\"><span class=\"a-list-item\">Propriet\u00e4re 45-Millimeter-Treiber mit gro\u00dfen \u00d6ffnungen, Seltenerdmagneten und kupferummantelten Aluminiumdraht-Schwingspulen. <\/span><\/li>\n<li class=\"a-spacing-mini\"><span class=\"a-list-item\">Au\u00dfergew\u00f6hnliche Klarheit \u00fcber einen erweiterten Frequenzbereich mit tiefer, pr\u00e4ziser Basswiedergabe. <\/span><\/li>\n<li class=\"a-spacing-mini\"><span class=\"a-list-item\">Das ohrumschlie\u00dfende Design schmiegt sich an die Ohren an und sorgt f\u00fcr eine hervorragende Schallisolierung in lauten Umgebungen. <\/span><\/li>\n<li class=\"a-spacing-mini\"><span class=\"a-list-item\">Um 90 Grad schwenkbare Ohrmuscheln f\u00fcr einfaches Ein-Ohr-Monitoring und professionelles Material der Ohrpolster und des Kopfb\u00fcgels f\u00fcr mehr Haltbarkeit und Komfort. <\/span><\/li>\n<li class=\"a-spacing-mini\"><span class=\"a-list-item\">Studio-Monitoring-Kopfh\u00f6rer in Profiqualit\u00e4t mit abnehmbarem Kabel. <\/span><\/li>\n<li class=\"a-spacing-mini\"><span class=\"a-list-item\">Von Top-Audioingenieuren und Fachkritikern gelobte Klangleistung ^Eigene 45-mm-Gro\u00dfmembran-Treiber mit Seltene-Erden-Magneten und kupferummantelten Aluminiumdraht-Schwingspulen ^Au\u00dfergew\u00f6hnliche Klarheit \u00fcber einen erweiterten Frequenzbereich mit tiefer, pr\u00e4ziser Basswiedergabe ^Umschlie\u00dfendes Design umschlie\u00dft die Ohren f\u00fcr eine hervorragende Klangisolierung in lauten Umgebungen ^90 Grad drehbare Ohrmuscheln f\u00fcr einfaches Ein-Ohr-Monitoring, professionelle Ohrpolster und Kopfb\u00fcgel aus hochwertigem Material f\u00fcr mehr Haltbarkeit und Komfort. Abnehmbares Kabel. <\/span><\/li>\n<\/ul>\n<\/div>\n<\/div>\n<div id=\"provenanceCertifications_feature_div\" class=\"celwidget\" data-feature-name=\"provenanceCertifications\" data-csa-c-type=\"widget\" data-csa-c-content-id=\"provenanceCertifications\" data-csa-c-slot-id=\"provenanceCertifications_feature_div\" data-csa-c-asin=\"B00HVLUR86\" data-csa-c-is-in-initial-active-row=\"false\" data-csa-c-id=\"v0p70b-ys2bve-xgi8d1-jxib9h\" data-cel-widget=\"provenanceCertifications_feature_div\"><\/div>\n<div id=\"handmadeArtisanCard_feature_div\" class=\"celwidget\" data-feature-name=\"handmadeArtisanCard\" data-csa-c-type=\"widget\" data-csa-c-content-id=\"handmadeArtisanCard\" data-csa-c-slot-id=\"handmadeArtisanCard_feature_div\" data-csa-c-asin=\"B00HVLUR86\" data-csa-c-is-in-initial-active-row=\"false\" data-csa-c-id=\"7mbmfe-dyxu59-g1baan-n3f8sw\" data-cel-widget=\"handmadeArtisanCard_feature_div\"><\/div>\n<div id=\"billOfMaterial_feature_div\" class=\"celwidget\" data-feature-name=\"billOfMaterial\" data-csa-c-type=\"widget\" data-csa-c-content-id=\"billOfMaterial\" data-csa-c-slot-id=\"billOfMaterial_feature_div\" data-csa-c-asin=\"B00HVLUR86\" data-csa-c-is-in-initial-active-row=\"false\" data-csa-c-id=\"9jro9f-wzu0b5-mnso3u-ra5k6v\" data-cel-widget=\"billOfMaterial_feature_div\"><\/div>\n<div id=\"globalStoreInfoBullets_feature_div\" class=\"celwidget\" data-feature-name=\"globalStoreInfoBullets\" data-csa-c-type=\"widget\" data-csa-c-content-id=\"globalStoreInfoBullets\" data-csa-c-slot-id=\"globalStoreInfoBullets_feature_div\" data-csa-c-asin=\"B00HVLUR86\" data-csa-c-is-in-initial-active-row=\"false\" data-csa-c-id=\"muv2ny-teej77-112iz5-krim66\" data-cel-widget=\"globalStoreInfoBullets_feature_div\"><\/div>\n<div id=\"addOnItem_feature_div\" class=\"celwidget\" data-feature-name=\"addOnItem\" data-csa-c-type=\"widget\" data-csa-c-content-id=\"addOnItem\" data-csa-c-slot-id=\"addOnItem_feature_div\" data-csa-c-asin=\"B00HVLUR86\" data-csa-c-is-in-initial-active-row=\"false\" data-csa-c-id=\"87gd3r-g7vacn-g7n1h6-oo1nwt\" data-cel-widget=\"addOnItem_feature_div\"><\/div>\n<div id=\"giftcard-holiday-availability-messaging_feature_div\" class=\"celwidget\" data-feature-name=\"giftCardHolidayAvailabilityMessaging\" data-csa-c-type=\"widget\" data-csa-c-content-id=\"giftCardHolidayAvailabilityMessaging\" data-csa-c-slot-id=\"giftcard-holiday-availability-messaging_feature_div\" data-csa-c-asin=\"B00HVLUR86\" data-csa-c-is-in-initial-active-row=\"false\" data-csa-c-id=\"5wjje7-736my2-zabfh5-122k7e\" data-cel-widget=\"giftcard-holiday-availability-messaging_feature_div\"><\/div>\n<div id=\"olp_feature_div\" class=\"celwidget\" data-feature-name=\"olp\" data-csa-c-type=\"widget\" data-csa-c-content-id=\"olp\" data-csa-c-slot-id=\"olp_feature_div\" data-csa-c-asin=\"B00HVLUR86\" data-csa-c-is-in-initial-active-row=\"false\" data-csa-c-id=\"c165aq-y4bknw-u6cz22-kw7ex0\" data-cel-widget=\"olp_feature_div\"><\/div>\n","protected":false},"featured_media":9138,"comment_status":"open","ping_status":"closed","template":"","meta":{"_et_pb_use_builder":"","_et_pb_old_content":"","_et_gb_content_width":""},"product_brand":[],"product_cat":[703,1578],"product_tag":[],"class_list":{"0":"post-9139","1":"product","2":"type-product","3":"status-publish","4":"has-post-thumbnail","6":"product_cat-uncategorized-de","7":"product_cat-headset","9":"first","10":"instock","11":"sale","12":"taxable","13":"shipping-taxable","14":"purchasable","15":"product-type-simple"},"exclude_global_add_ons":[],"addons":[],"jetpack-related-posts":[{"id":8976,"url":"https:\/\/anythingtechnicallc.com\/index.php\/de\/product\/philips-audio-shp9500-hifi-praezisions-stereo-ohr-kopfhoerer-schwarz\/","url_meta":{"origin":9139,"position":0},"title":"Philips Audio SHP9500 HiFi-Pr\u00e4zisions-Stereo-Ohr-Kopfh\u00f6rer (Schwarz)","date":"March 18, 2026","format":false,"excerpt":"Mit mehr als 50 Jahren Erfahrung in der Kopfh\u00f6rerakustik sind wir stets bestrebt, hohe Standards in Bezug auf Klang und ergonomische Leistung zu gew\u00e4hrleisten. Deshalb arbeiten wir kontinuierlich an der Verbesserung und Innovation unserer Produkte und integrieren Ihre Vorlieben und Erfahrungen in unsere charakteristischen Designs. 50-mm-Neodym-Treiber liefern das gesamte Klangspektrum.\u2026","rel":"","context":"Similar post","img":{"alt_text":"","src":"https:\/\/i0.wp.com\/anythingtechnicallc.com\/wp-content\/uploads\/2024\/09\/61CN8jOBy3L._AC_SL1335_.jpg?fit=621%2C1072&ssl=1&resize=350%2C200","width":350,"height":200},"classes":[]},{"id":9237,"url":"https:\/\/anythingtechnicallc.com\/index.php\/de\/product\/erneuert-audio-technica-ath-e40-professioneller-in-ear-monitor-kopfhoerer\/","url_meta":{"origin":9139,"position":1},"title":"Erneuert Audio Technica ATH-E40 Professioneller In-Ear-Monitor-Kopfh\u00f6rer","date":"March 19, 2026","format":false,"excerpt":"Der ATH-E40 liefert kraftvolle B\u00e4sse sowie ausgewogene Mitten und H\u00f6hen, um die volle Emotion der Musik von der B\u00fchne auf die Stra\u00dfe zu \u00fcbertragen. Das propriet\u00e4re Dual-Phase-Push-Pull-Treiberdesign sorgt f\u00fcr verbesserte Klangtreue und Effizienz. Die Audio-Technica Kopfh\u00f6rer der E-Serie bringen die weltweit von der Kritik gefeierte klangliche Handschrift der M-Serie in\u2026","rel":"","context":"Similar post","img":{"alt_text":"","src":"https:\/\/i0.wp.com\/anythingtechnicallc.com\/wp-content\/uploads\/2025\/03\/51jggXkyS6L._AC_SL1000_.jpg?fit=842%2C617&ssl=1&resize=350%2C200","width":350,"height":200},"classes":[]},{"id":9482,"url":"https:\/\/anythingtechnicallc.com\/index.php\/de\/product\/alienware-pro-wireless-gaming-headset-kabelgebunden-drahtlos-bluetooth-5-3-15-minuten-schnelles-aufladen-audioausgang-20-hz-akku-gespraechszeit-anc-eingeschaltet-bis-zu-24-stunden-bluetooth\/","url_meta":{"origin":9139,"position":2},"title":"Alienware Pro Wireless Gaming Headset &#8211; kabelgebunden\/drahtlos, Bluetooth 5.3, 15 Minuten schnelles Aufladen, Audioausgang 20 Hz, Akku-Gespr\u00e4chszeit (ANC eingeschaltet) bis zu 24 Stunden (Bluetooth), Dark Side of The Moon","date":"March 21, 2026","format":false,"excerpt":"Bef\u00fcrwortet von Champions. Entwickelt von Experten. Ein professionelles Gaming-Headset, das mit dem Input und der Expertise von Team Liquid und mehr als 100 anderen esports-Athleten entwickelt wurde. 50-mm-Treiber mit Graphen-Beschichtung: High-Fidelity-Audio, das auf Gaming abgestimmt ist, sorgt f\u00fcr ein noch intensiveres Klangerlebnis. Aktive Ger\u00e4uschunterdr\u00fcckung: Blockieren Sie Au\u00dfenger\u00e4usche und konzentrieren Sie\u2026","rel":"","context":"Similar post","img":{"alt_text":"","src":"https:\/\/i0.wp.com\/anythingtechnicallc.com\/wp-content\/uploads\/2025\/08\/61sbnsp-jSL._AC_SL1500_.jpg?fit=993%2C1200&ssl=1&resize=350%2C200","width":350,"height":200},"classes":[]},{"id":9570,"url":"https:\/\/anythingtechnicallc.com\/index.php\/de\/product\/hyperx-cloud-iii-kabelgebundenes-gaming-headset-pc-ps5-xbox-serie-xs-abgewinkelte-53mm-treiber-dts-spatial-audio-memory-foam-stabiler-rahmen-ultraklares-10mm-mikrofon-usb-c-usb-a-3-5mm-2\/","url_meta":{"origin":9139,"position":3},"title":"HyperX Cloud III &#8211; Kabelgebundenes Gaming-Headset, PC, PS5, Xbox Serie X|S, abgewinkelte 53mm Treiber, DTS Spatial Audio, Memory Foam, stabiler Rahmen, ultraklares 10mm Mikrofon, USB-C, USB-A, 3.5mm &#8211; Schwarz","date":"March 21, 2026","format":false,"excerpt":"Komfort ist K\u00f6nig: Komfort liegt in der DNA des Cloud III. Gebaut f\u00fcr Gamer, die nicht wollen, dass ein unbequemes Headset den Fluss ihrer Full-Combo ruiniert, ihren Speedrun unterbricht oder sie aus der Zone wirft. Audio f\u00fcr Ihre Unterhaltung abgestimmt: Die angewinkelten 53-mm-Treiber wurden von den HyperX-Audioingenieuren so abgestimmt, dass\u2026","rel":"","context":"Similar post","img":{"alt_text":"","src":"https:\/\/i0.wp.com\/anythingtechnicallc.com\/wp-content\/uploads\/2025\/10\/HyperX-Cloud-III-\u2013-Wired-Gaming-Headset-Black.jpg?fit=1117%2C1200&ssl=1&resize=350%2C200","width":350,"height":200},"classes":[]},{"id":9567,"url":"https:\/\/anythingtechnicallc.com\/index.php\/de\/product\/hyperx-cloud-iii-kabelgebundenes-gaming-headset-pc-ps5-xbox-serie-xs-abgewinkelte-53mm-treiber-dts-spatial-audio-memory-foam-stabiler-rahmen-ultraklares-10mm-mikrofon-usb-c-usb-a-3-5mm\/","url_meta":{"origin":9139,"position":4},"title":"HyperX Cloud III &#8211; Kabelgebundenes Gaming-Headset, PC, PS5, Xbox Serie X|S, abgewinkelte 53mm Treiber, DTS Spatial Audio, Memory Foam, stabiler Rahmen, ultraklares 10mm Mikrofon, USB-C, USB-A, 3.5mm &#8211; Schwarz\/Rot","date":"March 21, 2026","format":false,"excerpt":"Komfort ist K\u00f6nig: Komfort liegt in der DNA des Cloud III. Gebaut f\u00fcr Gamer, die nicht wollen, dass ein unbequemes Headset den Fluss ihrer Full-Combo ruiniert, ihren Speedrun unterbricht oder sie aus der Zone wirft. Audio f\u00fcr Ihre Unterhaltung abgestimmt: Die angewinkelten 53-mm-Treiber wurden von den HyperX-Audioingenieuren so abgestimmt, dass\u2026","rel":"","context":"Similar post","img":{"alt_text":"","src":"https:\/\/i0.wp.com\/anythingtechnicallc.com\/wp-content\/uploads\/2025\/10\/HyperX-Cloud-III-\u2013-Wired-Gaming-Headset.jpg?fit=1131%2C1200&ssl=1&resize=350%2C200","width":350,"height":200},"classes":[]},{"id":9585,"url":"https:\/\/anythingtechnicallc.com\/index.php\/de\/product\/hyperx-hhss1c-kb-wt-g-cloud-stinger-core-kabelloses-gaming-headset-fuer-ps4-ps5-pc-leichtgewicht-robuste-stahlschieber-mikrofon-mit-geraeuschunterdrueckung-weiss\/","url_meta":{"origin":9139,"position":5},"title":"HyperX HHSS1C-KB-WT\/G Cloud Stinger Core &#8211; Kabelloses Gaming-Headset, f\u00fcr PS4, PS5, PC, Leichtgewicht, robuste Stahlschieber, Mikrofon mit Ger\u00e4uschunterdr\u00fcckung &#8211; Wei\u00df","date":"March 21, 2026","format":false,"excerpt":"Kabellose Gaming-Qualit\u00e4t: Dank der soliden kabellosen 2,4-GHz-Verbindung in Gaming-Qualit\u00e4t sind Sie frei von Kabeln. Leichter Komfort: Mit diesem leichten Headset und seinen weichen, atmungsaktiven Ohrpolstern k\u00f6nnen Sie l\u00e4nger spielen. Fesselnder Klang im Spiel: Die geschlossenen Ohrmuscheln schirmen Ablenkungen ab, w\u00e4hrend die 40-Millimeter-Treiber und der verst\u00e4rkte Bass daf\u00fcr sorgen, dass Sie\u2026","rel":"","context":"Similar post","img":{"alt_text":"","src":"https:\/\/i0.wp.com\/anythingtechnicallc.com\/wp-content\/uploads\/2025\/10\/HyperX-HHSS1C-KB-WT-Cloud-Stinger-Core-White.jpg?fit=1200%2C1062&ssl=1&resize=350%2C200","width":350,"height":200},"classes":[]}],"pll_sync_post":[],"lang":"de","translations":{"de":9139,"en":6226},"_links":{"self":[{"href":"https:\/\/anythingtechnicallc.com\/index.php\/wp-json\/wp\/v2\/product\/9139","targetHints":{"allow":["GET"]}}],"collection":[{"href":"https:\/\/anythingtechnicallc.com\/index.php\/wp-json\/wp\/v2\/product"}],"about":[{"href":"https:\/\/anythingtechnicallc.com\/index.php\/wp-json\/wp\/v2\/types\/product"}],"replies":[{"embeddable":true,"href":"https:\/\/anythingtechnicallc.com\/index.php\/wp-json\/wp\/v2\/comments?post=9139"}],"wp:featuredmedia":[{"embeddable":true,"href":"https:\/\/anythingtechnicallc.com\/index.php\/wp-json\/wp\/v2\/media\/9138"}],"wp:attachment":[{"href":"https:\/\/anythingtechnicallc.com\/index.php\/wp-json\/wp\/v2\/media?parent=9139"}],"wp:term":[{"taxonomy":"product_brand","embeddable":true,"href":"https:\/\/anythingtechnicallc.com\/index.php\/wp-json\/wp\/v2\/product_brand?post=9139"},{"taxonomy":"product_cat","embeddable":true,"href":"https:\/\/anythingtechnicallc.com\/index.php\/wp-json\/wp\/v2\/product_cat?post=9139"},{"taxonomy":"product_tag","embeddable":true,"href":"https:\/\/anythingtechnicallc.com\/index.php\/wp-json\/wp\/v2\/product_tag?post=9139"}],"curies":[{"name":"wp","href":"https:\/\/api.w.org\/{rel}","templated":true}]}}