{"id":9142,"date":"2026-03-19T05:29:49","date_gmt":"2026-03-19T05:29:49","guid":{"rendered":"https:\/\/anythingtechnicallc.com\/?post_type=product&#038;p=9142"},"modified":"2026-03-19T09:25:33","modified_gmt":"2026-03-19T09:25:33","slug":"focusrite-scarlett-2i2-4th-gen-usb-audio-interface-fuer-aufnahmen-songwriting-streaming-und-podcasting-high-fidelity-aufnahmen-in-studioqualitaet-und-die-gesamte-software-die-sie-zum-aufnehmen-be","status":"publish","type":"product","link":"https:\/\/anythingtechnicallc.com\/index.php\/de\/product\/focusrite-scarlett-2i2-4th-gen-usb-audio-interface-fuer-aufnahmen-songwriting-streaming-und-podcasting-high-fidelity-aufnahmen-in-studioqualitaet-und-die-gesamte-software-die-sie-zum-aufnehmen-be\/","title":{"rendered":"Focusrite Scarlett 2i2 4th Gen USB Audio Interface f\u00fcr Aufnahmen, Songwriting, Streaming und Podcasting &#8211; High-Fidelity-Aufnahmen in Studioqualit\u00e4t und die gesamte Software, die Sie zum Aufnehmen ben\u00f6tigen"},"content":{"rendered":"<div id=\"productDescription_feature_div\" class=\"celwidget\" data-feature-name=\"productDescription\" data-csa-c-type=\"widget\" data-csa-c-content-id=\"productDescription\" data-csa-c-slot-id=\"productDescription_feature_div\" data-csa-c-asin=\"\" data-csa-c-is-in-initial-active-row=\"false\" data-csa-c-id=\"5bv01g-rgnbyq-aaxhuz-h2lfqu\" data-cel-widget=\"productDescription_feature_div\">\n<div>\n<div id=\"productDescription_feature_div\" class=\"a-row feature\" data-feature-name=\"productDescription\" data-template-name=\"productDescription\" data-cel-widget=\"productDescription_feature_div\">\n<div id=\"productDescription\" class=\"a-section a-spacing-small\">\n<p>Die neueste Generation des Scarlett 2i2 macht es Ihnen leicht, jedes Mal bessere Aufnahmen zu machen. Zwei von Focusrites detailliertesten, extrem rauscharmen Mikrofonvorverst\u00e4rkern. Wandler in Studioqualit\u00e4t mit einem riesigen Dynamikbereich von 120 dB, der dem eines professionellen Studios entspricht. Auto Gain, Clip Safe und eine leistungsstarke analoge Verst\u00e4rkung von 69 dB machen die Pegeleinstellung schnell und einfach, so dass jede Aufnahme ein Erfolg wird. Ein komplettes Aufnahme-Toolkit umfasst Pro Tools Intro+, Ableton Live Lite und unser Hitmaker Expansion Software-Bundle mit Auto-Tune Access f\u00fcr Gesang, Softube Marshall Silver Jubilee 2555 f\u00fcr Gitarre, Native Instruments MASSIVE Synthesizer und mehr. Im Air-Modus k\u00f6nnen Sie mit dem Charakter einer gro\u00dfen Studiokonsole aufnehmen. \u00dcber den verst\u00e4rkten Kopfh\u00f6rerausgang des 2i2 mit unabh\u00e4ngiger Lautst\u00e4rkeregelung erhalten Sie gro\u00dfartigen Sound \u00fcber jeden Kopfh\u00f6rer. Der personalisierte Easy Start, der 24\/7\/365-Support und die dreij\u00e4hrige Garantie sorgen daf\u00fcr, dass das Scarlett 2i2 immer einsatzbereit ist, wenn Sie es brauchen.<\/p>\n<\/div>\n<\/div>\n<\/div>\n<\/div>\n<div id=\"brandInsights_feature_div_1\" class=\"celwidget\" data-feature-name=\"brandInsights\" data-csa-c-type=\"widget\" data-csa-c-content-id=\"brandInsights\" data-csa-c-slot-id=\"brandInsights_feature_div_1\" data-csa-c-asin=\"\" data-csa-c-is-in-initial-active-row=\"false\" data-csa-c-id=\"6rp3b5-qsv14m-lhmu8m-l2juff\" data-cel-widget=\"brandInsights_feature_div_1\"><\/div>\n<div id=\"brandInsights_feature_div_3\" class=\"celwidget\" data-feature-name=\"brandInsights\" data-csa-c-type=\"widget\" data-csa-c-content-id=\"brandInsights\" data-csa-c-slot-id=\"brandInsights_feature_div_3\" data-csa-c-asin=\"\" data-csa-c-is-in-initial-active-row=\"false\" data-csa-c-id=\"dgwln7-5pqjmp-vdzjo5-2qekh5\" data-cel-widget=\"brandInsights_feature_div_3\">\n<div data-csa-c-type=\"widget\" data-csa-c-slot-id=\"brandInsightsContent\" data-csa-c-content-id=\"brandInsightsDesktopT3\" data-cel-widget=\"brandInsightsDesktopT3\" data-csa-c-id=\"vhmbnj-k5jpio-qxd6er-rwtpy1\"><\/div>\n<\/div>\n","protected":false},"excerpt":{"rendered":"<div id=\"productDescription_feature_div\" class=\"celwidget\" data-feature-name=\"productDescription\" data-csa-c-type=\"widget\" data-csa-c-content-id=\"productDescription\" data-csa-c-slot-id=\"productDescription_feature_div\" data-csa-c-asin=\"\" data-csa-c-is-in-initial-active-row=\"false\" data-csa-c-id=\"5bv01g-rgnbyq-aaxhuz-h2lfqu\" data-cel-widget=\"productDescription_feature_div\">\n<div>\n<div id=\"productDescription_feature_div\" class=\"a-row feature\" data-feature-name=\"productDescription\" data-template-name=\"productDescription\" data-cel-widget=\"productDescription_feature_div\">\n<div id=\"productDescription\" class=\"a-section a-spacing-small\">\n<p>Die neueste Generation des Scarlett 2i2 macht es Ihnen leicht, jedes Mal bessere Aufnahmen zu machen. Zwei von Focusrites detailliertesten, extrem rauscharmen Mikrofonvorverst\u00e4rkern. Wandler in Studioqualit\u00e4t mit einem riesigen Dynamikbereich von 120 dB, der dem eines professionellen Studios entspricht. Auto Gain, Clip Safe und eine leistungsstarke analoge Verst\u00e4rkung von 69 dB machen die Pegeleinstellung schnell und einfach, so dass jede Aufnahme ein Erfolg wird. Ein komplettes Aufnahme-Toolkit umfasst Pro Tools Intro+, Ableton Live Lite und unser Hitmaker Expansion Software-Bundle mit Auto-Tune Access f\u00fcr Gesang, Softube Marshall Silver Jubilee 2555 f\u00fcr Gitarre, Native Instruments MASSIVE Synthesizer und mehr. Im Air-Modus k\u00f6nnen Sie mit dem Charakter einer gro\u00dfen Studiokonsole aufnehmen. \u00dcber den verst\u00e4rkten Kopfh\u00f6rerausgang des 2i2 mit unabh\u00e4ngiger Lautst\u00e4rkeregelung erhalten Sie gro\u00dfartigen Sound \u00fcber jeden Kopfh\u00f6rer. Der personalisierte Easy Start, der 24\/7\/365-Support und die dreij\u00e4hrige Garantie sorgen daf\u00fcr, dass das Scarlett 2i2 immer einsatzbereit ist, wenn Sie es brauchen.<\/p>\n<\/div>\n<\/div>\n<\/div>\n<\/div>\n<div id=\"brandInsights_feature_div_1\" class=\"celwidget\" data-feature-name=\"brandInsights\" data-csa-c-type=\"widget\" data-csa-c-content-id=\"brandInsights\" data-csa-c-slot-id=\"brandInsights_feature_div_1\" data-csa-c-asin=\"\" data-csa-c-is-in-initial-active-row=\"false\" data-csa-c-id=\"6rp3b5-qsv14m-lhmu8m-l2juff\" data-cel-widget=\"brandInsights_feature_div_1\"><\/div>\n<div id=\"brandInsights_feature_div_3\" class=\"celwidget\" data-feature-name=\"brandInsights\" data-csa-c-type=\"widget\" data-csa-c-content-id=\"brandInsights\" data-csa-c-slot-id=\"brandInsights_feature_div_3\" data-csa-c-asin=\"\" data-csa-c-is-in-initial-active-row=\"false\" data-csa-c-id=\"dgwln7-5pqjmp-vdzjo5-2qekh5\" data-cel-widget=\"brandInsights_feature_div_3\">\n<div data-csa-c-type=\"widget\" data-csa-c-slot-id=\"brandInsightsContent\" data-csa-c-content-id=\"brandInsightsDesktopT3\" data-cel-widget=\"brandInsightsDesktopT3\" data-csa-c-id=\"vhmbnj-k5jpio-qxd6er-rwtpy1\"><\/div>\n<\/div>\n","protected":false},"featured_media":9141,"comment_status":"open","ping_status":"closed","template":"","meta":{"_et_pb_use_builder":"","_et_pb_old_content":"","_et_gb_content_width":""},"product_brand":[],"product_cat":[703,1578],"product_tag":[],"class_list":{"0":"post-9142","1":"product","2":"type-product","3":"status-publish","4":"has-post-thumbnail","6":"product_cat-uncategorized-de","7":"product_cat-headset","9":"first","10":"instock","11":"sale","12":"taxable","13":"shipping-taxable","14":"purchasable","15":"product-type-simple"},"exclude_global_add_ons":[],"addons":[],"jetpack-related-posts":[{"id":9515,"url":"https:\/\/anythingtechnicallc.com\/index.php\/de\/product\/dji-osmo-action-4-standard-combo-4k-120fps-wasserdichte-action-kamera-mit-1-13-zoll-sensor-atemberaubende-low-light-bilder-10-bit-d-log-m-farbleistung-lange-laufzeit-von-160-minuten-outdoor-ka\/","url_meta":{"origin":9142,"position":0},"title":"DJI Osmo Action 4 Standard Combo, 4K\/120fps Wasserdichte Action-Kamera mit 1\/1,3-Zoll-Sensor, atemberaubende Low-Light-Bilder, 10-Bit &#038; D-Log M Farbleistung, lange Laufzeit von 160 Minuten, Outdoor-Kamera","date":"March 21, 2026","format":false,"excerpt":"Tadellose Bildqualit\u00e4t bei Tag und Nacht - Erleben Sie mit dem gro\u00dfen 1\/1,3-Zoll-Sensor der 4K-Actionkamera eine atemberaubende Bildsch\u00e4rfe und unvergleichliche Leistung bei schlechten Lichtverh\u00e4ltnissen, die jedes Abenteuer von der Morgend\u00e4mmerung bis zur Abendd\u00e4mmerung in atemberaubenden Details festh\u00e4lt. Lebendige, naturgetreue Farben - Werten Sie Ihre Aufnahmen mit 10-Bit und D-Log M\u2026","rel":"","context":"Similar post","img":{"alt_text":"","src":"https:\/\/i0.wp.com\/anythingtechnicallc.com\/wp-content\/uploads\/2025\/08\/71wlB2kVcL._AC_SL1500_.jpg?fit=1200%2C762&ssl=1&resize=350%2C200","width":350,"height":200},"classes":[]},{"id":9136,"url":"https:\/\/anythingtechnicallc.com\/index.php\/de\/product\/steelseries-arctis-7-lossless-wireless-gaming-headset-mit-dts-headphone-x-v2-0-surround-fuer-pc-und-playstation-4-schwarz-erneuert\/","url_meta":{"origin":9142,"position":1},"title":"SteelSeries Arctis 7 &#8211; Lossless Wireless Gaming Headset mit DTS Headphone: X v2.0 Surround &#8211; f\u00fcr PC und PlayStation 4 &#8211; Schwarz Erneuert","date":"March 19, 2026","format":false,"excerpt":"Die 2,4-Gramm-Verbindung wurde speziell f\u00fcr Spiele entwickelt und bietet eine solide, verlustfreie kabellose Audio\u00fcbertragung mit extrem geringer Latenz und ohne Interferenzen. Das von Discord zertifizierte Clear Cast-Mikrofon gilt als das beste Mikrofon f\u00fcr Spiele und liefert klare Stimmen in Studioqualit\u00e4t und unterdr\u00fcckt Hintergrundger\u00e4usche. Mit den s1-Lautsprechertreibern, die f\u00fcr eine extrem\u2026","rel":"","context":"Similar post","img":{"alt_text":"","src":"https:\/\/i0.wp.com\/anythingtechnicallc.com\/wp-content\/uploads\/2025\/02\/81pCpKFjBZL._AC_SL1500_.jpg?fit=708%2C1200&ssl=1&resize=350%2C200","width":350,"height":200},"classes":[]},{"id":9209,"url":"https:\/\/anythingtechnicallc.com\/index.php\/de\/product\/erneuert-shure-aonic-40-over-ear-wireless-bluetooth-noise-cancelling-kopfhoerer-mit-mikrofon-klang-in-studioqualitaet-25-stunden-akkulaufzeit-fingertip-bedienung-kompatibel-mit-iphone-und-android\/","url_meta":{"origin":9142,"position":2},"title":"Erneuert Shure AONIC 40 Over Ear Wireless Bluetooth Noise Cancelling Kopfh\u00f6rer mit Mikrofon, Klang in Studioqualit\u00e4t, 25 Stunden Akkulaufzeit, Fingertip-Bedienung, kompatibel mit iPhone und Android &#8211; Schwarz","date":"March 19, 2026","format":false,"excerpt":"PREMIUM-KLANG IN STUDIOQUALIT\u00c4T: Klarer Klang in Studioqualit\u00e4t, der auf jahrzehntelanger Erfahrung in der Entwicklung von Produkten f\u00fcr Musiklegenden und K\u00fcnstler aller Art beruht. EINSTELLBARE GER\u00c4USCHUNTERDR\u00dcCKUNG & UMGEBUNGSMODUS: Die anpassbare Ger\u00e4uschunterdr\u00fcckung unterdr\u00fcckt St\u00f6rger\u00e4usche f\u00fcr ein wirklich intensives H\u00f6rerlebnis. Drei digitale ANC-Einstellungen f\u00fcr erweiterte Unterdr\u00fcckung niedriger Frequenzen und ein nat\u00fcrliches H\u00f6rerlebnis. LANGER\u2026","rel":"","context":"Similar post","img":{"alt_text":"","src":"https:\/\/i0.wp.com\/anythingtechnicallc.com\/wp-content\/uploads\/2025\/02\/8161xyfr9bL._AC_SL1500_.jpg?fit=926%2C1200&ssl=1&resize=350%2C200","width":350,"height":200},"classes":[]},{"id":9497,"url":"https:\/\/anythingtechnicallc.com\/index.php\/de\/product\/dji-osmo-pocket-3-vlogging-kamera-mit-1-cmos-4k-120fps-vlog-kamera-3-achsen-stabilisierung-schnelle-fokussierung-gesichts-objektverfolgung-digitale-vlogging-kamera-fuer-youtube\/","url_meta":{"origin":9142,"position":3},"title":"DJI Osmo Pocket 3, Vlogging-Kamera mit 1&#8221; CMOS &#038; 4K\/120fps Vlog-Kamera, 3-Achsen-Stabilisierung, schnelle Fokussierung, Gesichts-\/Objektverfolgung, digitale Vlogging-Kamera f\u00fcr YouTube","date":"March 21, 2026","format":false,"excerpt":"Ob auf Reisen, bei einem Nachmittag im Park mit der Familie oder beim Vloggen Ihres t\u00e4glichen Lebens - mit dem Osmo Pocket 3 k\u00f6nnen Sie unterwegs atemberaubend fl\u00fcssige Aufnahmen machen. Bitte aktualisieren Sie die Firmware auf die neueste Version f\u00fcr ein besseres Benutzererlebnis. * Aufgrund von Kompatibilit\u00e4tsproblemen mit der Plattform\u2026","rel":"","context":"Similar post","img":{"alt_text":"","src":"https:\/\/i0.wp.com\/anythingtechnicallc.com\/wp-content\/uploads\/2025\/08\/61tukvVUMiL._AC_SL1500_.jpg?fit=476%2C1200&ssl=1&resize=350%2C200","width":350,"height":200},"classes":[]},{"id":9494,"url":"https:\/\/anythingtechnicallc.com\/index.php\/de\/product\/dji-osmo-pocket-3-creator-combo-vlogging-kamera-mit-1-cmos-4k-120fps-vlog-kamera-3-achsen-stabilisierung-gesichts-objektverfolgung-inkl-mikrofon-fuer-klaren-ton-digitale-vlogging-kamera-fu\/","url_meta":{"origin":9142,"position":4},"title":"DJI Osmo Pocket 3 Creator Combo, Vlogging-Kamera mit 1&#8221; CMOS, 4K\/120fps Vlog-Kamera, 3-Achsen-Stabilisierung, Gesichts-\/Objektverfolgung, inkl. Mikrofon f\u00fcr klaren Ton, digitale Vlogging-Kamera f\u00fcr YouTube","date":"March 21, 2026","format":false,"excerpt":"Ob auf Reisen, bei einem Nachmittag im Park mit der Familie oder beim Vloggen Ihres t\u00e4glichen Lebens - mit dem Osmo Pocket 3 k\u00f6nnen Sie unterwegs atemberaubend fl\u00fcssige Aufnahmen machen. Bitte aktualisieren Sie die Firmware auf die neueste Version f\u00fcr ein besseres Benutzererlebnis. * Aufgrund von Kompatibilit\u00e4tsproblemen mit der Plattform\u2026","rel":"","context":"Similar post","img":{"alt_text":"","src":"https:\/\/i0.wp.com\/anythingtechnicallc.com\/wp-content\/uploads\/2025\/08\/514LEUejXYL._AC_SL1500_.jpg?fit=668%2C1200&ssl=1&resize=350%2C200","width":350,"height":200},"classes":[]},{"id":9512,"url":"https:\/\/anythingtechnicallc.com\/index.php\/de\/product\/dji-osmo-action-5-pro-standard-combo-wasserdichte-action-kamera-mit-1-1-3-sensor-4k-120fps-video-motivverfolgung-stabilisierung-dual-oled-touchscreens-action-kamera-4k-ideal-fuer-sport-vlog\/","url_meta":{"origin":9142,"position":5},"title":"DJI Osmo Action 5 Pro Standard Combo, Wasserdichte Action-Kamera mit 1\/1.3&#8243; Sensor, 4K\/120fps Video, Motivverfolgung, Stabilisierung, Dual OLED Touchscreens, Action-Kamera 4K Ideal f\u00fcr Sport, Vlog","date":"March 21, 2026","format":false,"excerpt":"Halten Sie n\u00e4chtliche Stadtlandschaften fest - Osmo Action 5 Pro verf\u00fcgt \u00fcber einen neuen 1\/1,3\u2033-Sensor f\u00fcr atemberaubendes Low-Light. Ideal f\u00fcr n\u00e4chtliche Fahrradabenteuer in dunklen Umgebungen. Verbesserte Motivverfolgung - 4nm Chip f\u00fcr schnelle, zuverl\u00e4ssige Aufnahmen. Halten Sie sich schnell bewegende Motive in der Mitte. [7] Der 4nm-Chip sorgt f\u00fcr einen reibungslosen\u2026","rel":"","context":"Similar post","img":{"alt_text":"","src":"https:\/\/i0.wp.com\/anythingtechnicallc.com\/wp-content\/uploads\/2025\/08\/71pg9H7KEuL._AC_SL1500_.jpg?fit=1200%2C976&ssl=1&resize=350%2C200","width":350,"height":200},"classes":[]}],"pll_sync_post":[],"lang":"de","translations":{"de":9142,"en":6228},"_links":{"self":[{"href":"https:\/\/anythingtechnicallc.com\/index.php\/wp-json\/wp\/v2\/product\/9142","targetHints":{"allow":["GET"]}}],"collection":[{"href":"https:\/\/anythingtechnicallc.com\/index.php\/wp-json\/wp\/v2\/product"}],"about":[{"href":"https:\/\/anythingtechnicallc.com\/index.php\/wp-json\/wp\/v2\/types\/product"}],"replies":[{"embeddable":true,"href":"https:\/\/anythingtechnicallc.com\/index.php\/wp-json\/wp\/v2\/comments?post=9142"}],"wp:featuredmedia":[{"embeddable":true,"href":"https:\/\/anythingtechnicallc.com\/index.php\/wp-json\/wp\/v2\/media\/9141"}],"wp:attachment":[{"href":"https:\/\/anythingtechnicallc.com\/index.php\/wp-json\/wp\/v2\/media?parent=9142"}],"wp:term":[{"taxonomy":"product_brand","embeddable":true,"href":"https:\/\/anythingtechnicallc.com\/index.php\/wp-json\/wp\/v2\/product_brand?post=9142"},{"taxonomy":"product_cat","embeddable":true,"href":"https:\/\/anythingtechnicallc.com\/index.php\/wp-json\/wp\/v2\/product_cat?post=9142"},{"taxonomy":"product_tag","embeddable":true,"href":"https:\/\/anythingtechnicallc.com\/index.php\/wp-json\/wp\/v2\/product_tag?post=9142"}],"curies":[{"name":"wp","href":"https:\/\/api.w.org\/{rel}","templated":true}]}}