{"id":9146,"date":"2026-03-19T05:30:43","date_gmt":"2026-03-19T05:30:43","guid":{"rendered":"https:\/\/anythingtechnicallc.com\/?post_type=product&#038;p=9146"},"modified":"2026-03-19T09:30:40","modified_gmt":"2026-03-19T09:30:40","slug":"corsair-k95-rgb-platinum-mechanische-gaming-tastatur-6x-programmierbare-makrotasten-usb-passthrough-mediensteuerung-schnellste-cherry-mx-geschwindigkeit-rgb-led-hintergrundbeleuchtung-alum","status":"publish","type":"product","link":"https:\/\/anythingtechnicallc.com\/index.php\/de\/product\/corsair-k95-rgb-platinum-mechanische-gaming-tastatur-6x-programmierbare-makrotasten-usb-passthrough-mediensteuerung-schnellste-cherry-mx-geschwindigkeit-rgb-led-hintergrundbeleuchtung-alum\/","title":{"rendered":"Corsair K95 RGB Platinum Mechanische Gaming Tastatur &#8211; 6x programmierbare Makrotasten &#8211; USB Passthrough &#038; Mediensteuerung &#8211; schnellste Cherry MX Geschwindigkeit &#8211; RGB LED Hintergrundbeleuchtung &#8211; Aluminium Finish"},"content":{"rendered":"<ul class=\"a-unordered-list a-vertical a-spacing-mini\">\n<li class=\"a-spacing-mini\"><span class=\"a-list-item\">Rahmen aus eloxiertem, geb\u00fcrstetem Aluminium in Flugzeugqualit\u00e4t: Gebaut, um ein Leben lang zu spielen. Leichtes Gewicht und robuste Haltbarkeit, die f\u00fcr eine Tastatur notwendig sind, die viel in Aktion sein wird. <\/span><\/li>\n<li class=\"a-spacing-mini\"><span class=\"a-list-item\">8 MB Profilspeicher mit Hardware-Makro- und Beleuchtungswiedergabe: Erm\u00f6glichen Sie den Zugriff auf bis zu drei gespeicherte Profile unterwegs, unabh\u00e4ngig von externer Software. Handgelenkst\u00fctze: In voller L\u00e4nge, abnehmbar, doppelseitig mit Soft-Touch-Oberfl\u00e4che. Die Berichtsrate der Tastatur betr\u00e4gt 1000 Hz. <\/span><\/li>\n<li class=\"a-spacing-mini\"><span class=\"a-list-item\">Dynamische mehrfarbige Hintergrundbeleuchtung pro Taste mit Lichtkante: Passen Sie die Farbe und die Beleuchtungsst\u00e4rke jeder einzelnen Taste an, zus\u00e4tzlich zu den 19 Zonen auf der Lichtleiste am oberen Rand f\u00fcr anspruchsvolle und dramatische Animationen. <\/span><\/li>\n<li class=\"a-spacing-mini\"><span class=\"a-list-item\">100% Cherry MX Speed RGB mechanische Tastenschalter: Entfesseln Sie eine rasante Geschwindigkeit mit dem 1,2 mm gro\u00dfen Druckpunkt und der Langlebigkeit der mechanischen Cherry MX-Tastenschalter mit Goldkontakt. PC mit 2 USB 2.0-Anschl\u00fcssen Windows 10, Windows 8, Windows 7 oder Windows Vista; eine Internetverbindung ist erforderlich, um die Corsair Utility Engine Software herunterzuladen. <\/span><\/li>\n<li class=\"a-spacing-mini\"><span class=\"a-list-item\">6 programmierbare G-Tasten f\u00fcr Makros im Spiel: Weisen Sie jeder der 6 dedizierten Makrotasten einzelne Tastenanschl\u00e4ge oder komplexe Multitastenkombinationen zu. <\/span><\/li>\n<\/ul>\n","protected":false},"excerpt":{"rendered":"<ul class=\"a-unordered-list a-vertical a-spacing-mini\">\n<li class=\"a-spacing-mini\"><span class=\"a-list-item\">Rahmen aus eloxiertem, geb\u00fcrstetem Aluminium in Flugzeugqualit\u00e4t: Gebaut, um ein Leben lang zu spielen. Leichtes Gewicht und robuste Haltbarkeit, die f\u00fcr eine Tastatur notwendig sind, die viel in Aktion sein wird. <\/span><\/li>\n<li class=\"a-spacing-mini\"><span class=\"a-list-item\">8 MB Profilspeicher mit Hardware-Makro- und Beleuchtungswiedergabe: Erm\u00f6glichen Sie den Zugriff auf bis zu drei gespeicherte Profile unterwegs, unabh\u00e4ngig von externer Software. Handgelenkst\u00fctze: In voller L\u00e4nge, abnehmbar, doppelseitig mit Soft-Touch-Oberfl\u00e4che. Die Berichtsrate der Tastatur betr\u00e4gt 1000 Hz. <\/span><\/li>\n<li class=\"a-spacing-mini\"><span class=\"a-list-item\">Dynamische mehrfarbige Hintergrundbeleuchtung pro Taste mit Lichtkante: Passen Sie die Farbe und die Beleuchtungsst\u00e4rke jeder einzelnen Taste an, zus\u00e4tzlich zu den 19 Zonen auf der Lichtleiste am oberen Rand f\u00fcr anspruchsvolle und dramatische Animationen. <\/span><\/li>\n<li class=\"a-spacing-mini\"><span class=\"a-list-item\">100% Cherry MX Speed RGB mechanische Tastenschalter: Entfesseln Sie eine rasante Geschwindigkeit mit dem 1,2 mm gro\u00dfen Druckpunkt und der Langlebigkeit der mechanischen Cherry MX-Tastenschalter mit Goldkontakt. PC mit 2 USB 2.0-Anschl\u00fcssen Windows 10, Windows 8, Windows 7 oder Windows Vista; eine Internetverbindung ist erforderlich, um die Corsair Utility Engine Software herunterzuladen. <\/span><\/li>\n<li class=\"a-spacing-mini\"><span class=\"a-list-item\">6 programmierbare G-Tasten f\u00fcr Makros im Spiel: Weisen Sie jeder der 6 dedizierten Makrotasten einzelne Tastenanschl\u00e4ge oder komplexe Multitastenkombinationen zu. <\/span><\/li>\n<\/ul>\n","protected":false},"featured_media":9145,"comment_status":"open","ping_status":"closed","template":"","meta":{"_et_pb_use_builder":"","_et_pb_old_content":"","_et_gb_content_width":""},"product_brand":[],"product_cat":[1372,703],"product_tag":[],"class_list":{"0":"post-9146","1":"product","2":"type-product","3":"status-publish","4":"has-post-thumbnail","6":"product_cat-elektronik","7":"product_cat-uncategorized-de","9":"first","10":"instock","11":"sale","12":"taxable","13":"shipping-taxable","14":"purchasable","15":"product-type-simple"},"exclude_global_add_ons":[],"addons":[],"jetpack-related-posts":[{"id":9491,"url":"https:\/\/anythingtechnicallc.com\/index.php\/de\/product\/alienware-pro-wireless-gaming-keyboard-bluetooth-5-1-2-4-ghz-funkverbindung-linear-mechanical-hot-swap-faehige-schalter-tri-mode-konnektivitaet-einstellbare-hoehe-lunar-light\/","url_meta":{"origin":9146,"position":0},"title":"Alienware Pro Wireless Gaming Keyboard &#8211; Bluetooth 5.1\/2.4 GHz Funkverbindung, Linear Mechanical, Hot-swap-f\u00e4hige Schalter, Tri-Mode-Konnektivit\u00e4t, einstellbare H\u00f6he &#8211; Lunar Light","date":"March 21, 2026","format":false,"excerpt":"Hot-swap-f\u00e4hige Schalter: Das Hot-Swap-f\u00e4hige 5-Pin PCBA-Design passt zu fast allen 3-Pin- und 5-Pin-Schaltern und erm\u00f6glicht die Anpassung von Klang, Haptik und Bet\u00e4tigung an Ihre genauen Vorlieben*. *Trennen Sie die Tastatur vom Stromnetz, bevor Sie die Schalter austauschen. Wir empfehlen die Verwendung von antistatischen\/ESD-B\u00e4ndern oder Handschuhen beim Hot-Swapping. Klein & robust:\u2026","rel":"","context":"Similar post","img":{"alt_text":"","src":"","width":0,"height":0},"classes":[]},{"id":9149,"url":"https:\/\/anythingtechnicallc.com\/index.php\/de\/product\/razer-huntsman-elite-gaming-tastatur-schnelle-tastaturschalter-clicky-optical-switches-chroma-rgb-beleuchtung-magnetische-pluesch-handgelenkauflage-dedizierte-medientasten-wahlrad-klassis\/","url_meta":{"origin":9146,"position":1},"title":"Razer Huntsman Elite Gaming Tastatur: Schnelle Tastaturschalter &#8211; Clicky Optical Switches &#8211; Chroma RGB-Beleuchtung &#8211; Magnetische Pl\u00fcsch-Handgelenkauflage &#8211; Dedizierte Medientasten &#038; Wahlrad &#8211; Klassisches Schwarz","date":"March 19, 2026","format":false,"excerpt":"Schneller als herk\u00f6mmliche mechanische Schalter: Die optischen Schalter von Razer arbeiten mit einer lichtbasierten Bet\u00e4tigung und registrieren Tastendr\u00fccke in Lichtgeschwindigkeit (30 % k\u00fcrzerer Bet\u00e4tigungsabstand als bei anderen Klick-Schaltern mit 1,5 Millimetern) mit einem befriedigenden, klickenden Feedback. Ultimative Personalisierung und Gaming Immersion mit Razer Chroma: Vollst\u00e4ndige Synchronisierung mit beliebten Spielen, Razer-Hardware,\u2026","rel":"","context":"Similar post","img":{"alt_text":"","src":"https:\/\/i0.wp.com\/anythingtechnicallc.com\/wp-content\/uploads\/2025\/02\/81pVmvSiLwL._AC_SL1500_.jpg?fit=1200%2C920&ssl=1&resize=350%2C200","width":350,"height":200},"classes":[]},{"id":9632,"url":"https:\/\/anythingtechnicallc.com\/index.php\/de\/product\/gebraucht-apple-magic-keyboard-fuer-ipad-pro-13-zoll-m4-und-m5-schwarz\/","url_meta":{"origin":9146,"position":2},"title":"Gebraucht Apple &#8211; Magic Keyboard f\u00fcr iPad Pro 13-Zoll (M4 und M5) &#8211; Schwarz","date":"March 24, 2026","format":false,"excerpt":"Das Magic Keyboard f\u00fcr das iPad Pro bietet ein fantastisches Tipp- und Trackpad-Erlebnis in einem schlanken, tragbaren neuen Design mit einer Handballenauflage aus Aluminium. Die Tastatur verf\u00fcgt \u00fcber eine 14-Tasten-Funktionsleiste f\u00fcr den schnellen Zugriff auf die Bildschirmhelligkeit, die Lautst\u00e4rkeregelung und andere Funktionen sowie einen USB-C-Anschluss f\u00fcr die Durchgangsladung. Das schwebende,\u2026","rel":"","context":"Similar post","img":{"alt_text":"","src":"https:\/\/i0.wp.com\/anythingtechnicallc.com\/wp-content\/uploads\/2025\/10\/Magic-Keyboard-for-iPad-Pro-13\u2011inch-M4.jpg?fit=900%2C1200&ssl=1&resize=350%2C200","width":350,"height":200},"classes":[]},{"id":9702,"url":"https:\/\/anythingtechnicallc.com\/index.php\/de\/product\/gebrauchter-microsoft-surface-pro-5-tablet-pc-123-touchscreen-2736-x-1824-tablet-intel-core-i5-7300u-26ghz-35ghz-8gb-ddr4-ram-256gb-ssd-keine-tastatur-kamera-windows-11-pro\/","url_meta":{"origin":9146,"position":3},"title":"Gebrauchter Microsoft Surface Pro 5 Tablet PC, 12,3&#8243; Touchscreen (2736 X 1824) Tablet, Intel Core i5-7300U 2,6GHz-3,5GHz, 8GB DDR4 RAM, 256GB SSD, Keine Tastatur, Kamera, Windows 11 Pro","date":"March 24, 2026","format":false,"excerpt":"Laptop Gr\u00f6\u00dfe: Dieses GEBRAUCHTE wie NEUE Microsoft Surface Pro 5 Tablet, hat eine Bildschirmgr\u00f6\u00dfe von 12,3 \" und ein Touch-Display. Der entspiegelte Bildschirm mit 2736 x 1824 Pixeln reduziert die Erm\u00fcdung bei der Benutzung und erm\u00f6glicht es Ihnen, sich auf die Arbeit zu konzentrieren. Mit seinem geringen Gewicht ist dieser\u2026","rel":"","context":"Similar post","img":{"alt_text":"","src":"https:\/\/i0.wp.com\/anythingtechnicallc.com\/wp-content\/uploads\/2026\/02\/Surface-Pro5-i5-7300U-8G-256.jpg?fit=1200%2C900&ssl=1&resize=350%2C200","width":350,"height":200},"classes":[]},{"id":9708,"url":"https:\/\/anythingtechnicallc.com\/index.php\/de\/product\/apple-2018-macbook-air-mit-16ghz-intel-core-i5-13-zoll-8gb-ram-128gb-ssd-speicher-silber-erneuert\/","url_meta":{"origin":9146,"position":4},"title":"Apple 2018 MacBook Air mit 1,6GHz Intel Core i5, 13 Zoll, 8GB RAM, 128GB SSD Speicher &#8211; Silber (Erneuert)","date":"March 24, 2026","format":false,"excerpt":"Atemberaubendes 13,3-Zoll-Retina-Display. Touch ID und die neueste von Apple entworfene Tastatur. Dual-Core Intel Core i5 Prozessor der 8. Generation mit Intel UHD Graphics 617. Schneller SSD-Speicher und 8 GB Arbeitsspeicher. Stereolautsprecher mit breiterem Stereoklang.","rel":"","context":"Similar post","img":{"alt_text":"","src":"https:\/\/i0.wp.com\/anythingtechnicallc.com\/wp-content\/uploads\/2026\/02\/Apple-2018-MacBook-Air.jpg?fit=900%2C1200&ssl=1&resize=350%2C200","width":350,"height":200},"classes":[]},{"id":9831,"url":"https:\/\/anythingtechnicallc.com\/index.php\/de\/product\/apple-ipad-11-zoll-a16-chip-11-zoll-modell-liquid-retina-display-128gb-wi-fi-6-12mp-front-12mp-rueckkamera-touch-id-ganztaegige-batterielaufzeit-blau\/","url_meta":{"origin":9146,"position":5},"title":"Apple iPad 11-Zoll: A16 Chip, 11-Zoll Modell, Liquid Retina Display, 128GB, Wi-Fi 6, 12MP Front-\/12MP R\u00fcckkamera, Touch ID, Ganzt\u00e4gige Batterielaufzeit &#8211; Blau","date":"April 8, 2026","format":false,"excerpt":"WARUM IPAD - Das 11-Zoll-iPad ist jetzt leistungsf\u00e4higer denn je mit dem superschnellen A16-Chip, einem atemberaubenden Liquid Retina-Display, fortschrittlichen Kameras, schnellem Wi-Fi, USB-C-Anschluss und vier pr\u00e4chtigen Farben.* Das iPad bietet eine leistungsstarke M\u00f6glichkeit, zu kreieren, in Verbindung zu bleiben und Dinge zu erledigen. LEISTUNG UND SPEICHER - Der superschnelle A16\u2026","rel":"","context":"Similar post","img":{"alt_text":"","src":"https:\/\/i0.wp.com\/anythingtechnicallc.com\/wp-content\/uploads\/2026\/03\/61aPY8odPSL._AC_SL1500_.jpg?fit=1061%2C1200&ssl=1&resize=350%2C200","width":350,"height":200},"classes":[]}],"pll_sync_post":[],"lang":"de","translations":{"de":9146,"en":6236},"_links":{"self":[{"href":"https:\/\/anythingtechnicallc.com\/index.php\/wp-json\/wp\/v2\/product\/9146","targetHints":{"allow":["GET"]}}],"collection":[{"href":"https:\/\/anythingtechnicallc.com\/index.php\/wp-json\/wp\/v2\/product"}],"about":[{"href":"https:\/\/anythingtechnicallc.com\/index.php\/wp-json\/wp\/v2\/types\/product"}],"replies":[{"embeddable":true,"href":"https:\/\/anythingtechnicallc.com\/index.php\/wp-json\/wp\/v2\/comments?post=9146"}],"wp:featuredmedia":[{"embeddable":true,"href":"https:\/\/anythingtechnicallc.com\/index.php\/wp-json\/wp\/v2\/media\/9145"}],"wp:attachment":[{"href":"https:\/\/anythingtechnicallc.com\/index.php\/wp-json\/wp\/v2\/media?parent=9146"}],"wp:term":[{"taxonomy":"product_brand","embeddable":true,"href":"https:\/\/anythingtechnicallc.com\/index.php\/wp-json\/wp\/v2\/product_brand?post=9146"},{"taxonomy":"product_cat","embeddable":true,"href":"https:\/\/anythingtechnicallc.com\/index.php\/wp-json\/wp\/v2\/product_cat?post=9146"},{"taxonomy":"product_tag","embeddable":true,"href":"https:\/\/anythingtechnicallc.com\/index.php\/wp-json\/wp\/v2\/product_tag?post=9146"}],"curies":[{"name":"wp","href":"https:\/\/api.w.org\/{rel}","templated":true}]}}