{"id":9149,"date":"2026-03-19T05:32:01","date_gmt":"2026-03-19T05:32:01","guid":{"rendered":"https:\/\/anythingtechnicallc.com\/?post_type=product&#038;p=9149"},"modified":"2026-03-19T09:30:40","modified_gmt":"2026-03-19T09:30:40","slug":"razer-huntsman-elite-gaming-tastatur-schnelle-tastaturschalter-clicky-optical-switches-chroma-rgb-beleuchtung-magnetische-pluesch-handgelenkauflage-dedizierte-medientasten-wahlrad-klassis","status":"publish","type":"product","link":"https:\/\/anythingtechnicallc.com\/index.php\/de\/product\/razer-huntsman-elite-gaming-tastatur-schnelle-tastaturschalter-clicky-optical-switches-chroma-rgb-beleuchtung-magnetische-pluesch-handgelenkauflage-dedizierte-medientasten-wahlrad-klassis\/","title":{"rendered":"Razer Huntsman Elite Gaming Tastatur: Schnelle Tastaturschalter &#8211; Clicky Optical Switches &#8211; Chroma RGB-Beleuchtung &#8211; Magnetische Pl\u00fcsch-Handgelenkauflage &#8211; Dedizierte Medientasten &#038; Wahlrad &#8211; Klassisches Schwarz"},"content":{"rendered":"<ul class=\"a-unordered-list a-vertical a-spacing-mini\">\n<li class=\"a-spacing-mini\"><span class=\"a-list-item\">Schneller als herk\u00f6mmliche mechanische Schalter: Die optischen Schalter von Razer arbeiten mit lichtbasierter Bet\u00e4tigung und registrieren Tastendr\u00fccke in Lichtgeschwindigkeit (30% k\u00fcrzerer Bet\u00e4tigungsweg als bei anderen Klick-Schaltern mit 1,5 Millimetern) mit zufriedenstellendem, klickendem Feedback.<\/span><\/li>\n<li class=\"a-spacing-mini\"><span class=\"a-list-item\">Ultimative Personalisierung und Gaming Immersion mit Razer Chroma: Vollst\u00e4ndige Synchronisierung mit beliebten Spielen, Razer-Hardware, Philips Hue und Ger\u00e4ten von \u00fcber 30 Partnern; unterst\u00fctzt 16,8 Millionen Farben auf individuell beleuchteten Tasten.<\/span><\/li>\n<li class=\"a-spacing-mini\"><span class=\"a-list-item\">Hochwertige Aluminium-Konstruktion: Mit einem matten Aluminiumrahmen f\u00fcr erh\u00f6hte strukturelle Integrit\u00e4t. Tastenkappen &#8211; ABS, regul\u00e4r.<\/span><\/li>\n<li class=\"a-spacing-mini\"><span class=\"a-list-item\">Ergonomische, magnetische Handballenauflage: Aus weichem Kunstleder f\u00fcr maximalen Komfort bei langen Spielesitzungen (mit integrierter Unterlichtbeleuchtung).<\/span><\/li>\n<li class=\"a-spacing-mini\"><span class=\"a-list-item\">Vollst\u00e4ndig programmierbare Makro-Unterst\u00fctzung: Mit der Razer Hypershift k\u00f6nnen alle Tasten und Tastenkombinationen neu belegt werden, um komplexe Befehle auszuf\u00fchren.<\/span><\/li>\n<li class=\"a-spacing-mini\"><span class=\"a-list-item\">Unerreichte Langlebigkeit: Unterst\u00fctzt bis zu 100 Millionen Klicks mit einer Herstellergarantie von 2 Jahren, doppelt so lange wie die meisten Tastaturen der Konkurrenz.<\/span><\/li>\n<\/ul>\n","protected":false},"excerpt":{"rendered":"<ul class=\"a-unordered-list a-vertical a-spacing-mini\">\n<li class=\"a-spacing-mini\"><span class=\"a-list-item\">Schneller als herk\u00f6mmliche mechanische Schalter: Die optischen Schalter von Razer arbeiten mit einer lichtbasierten Bet\u00e4tigung und registrieren Tastendr\u00fccke in Lichtgeschwindigkeit (30 % k\u00fcrzerer Bet\u00e4tigungsabstand als bei anderen Klick-Schaltern mit 1,5 Millimetern) mit einem befriedigenden, klickenden Feedback.<\/span><\/li>\n<li class=\"a-spacing-mini\"><span class=\"a-list-item\">Ultimative Personalisierung und Gaming Immersion mit Razer Chroma: Vollst\u00e4ndige Synchronisierung mit beliebten Spielen, Razer-Hardware, Philips Hue und Ger\u00e4ten von \u00fcber 30 Partnern; unterst\u00fctzt 16,8 Millionen Farben auf individuell beleuchteten Tasten.<\/span><\/li>\n<li class=\"a-spacing-mini\"><span class=\"a-list-item\">Hochwertige Aluminium-Konstruktion: Mit einem matten Aluminiumrahmen f\u00fcr erh\u00f6hte strukturelle Integrit\u00e4t. Tastenkappen &#8211; ABS, regul\u00e4r.<\/span><\/li>\n<li class=\"a-spacing-mini\"><span class=\"a-list-item\">Ergonomische, magnetische Handballenauflage: Aus weichem Kunstleder f\u00fcr maximalen Komfort bei langen Spielesitzungen (mit integrierter Unterlichtbeleuchtung).<\/span><\/li>\n<li class=\"a-spacing-mini\"><span class=\"a-list-item\">Vollst\u00e4ndig programmierbare Makro-Unterst\u00fctzung: Mit der Razer Hypershift k\u00f6nnen alle Tasten und Tastenkombinationen neu belegt werden, um komplexe Befehle auszuf\u00fchren.<\/span><\/li>\n<li class=\"a-spacing-mini\"><span class=\"a-list-item\">Unerreichte Langlebigkeit: Unterst\u00fctzt bis zu 100 Millionen Klicks mit einer Herstellergarantie von 2 Jahren, doppelt so lange wie die meisten Tastaturen der Konkurrenz.<\/span><\/li>\n<\/ul>\n","protected":false},"featured_media":9148,"comment_status":"open","ping_status":"closed","template":"","meta":{"_et_pb_use_builder":"","_et_pb_old_content":"","_et_gb_content_width":""},"product_brand":[],"product_cat":[1372,703],"product_tag":[],"class_list":{"0":"post-9149","1":"product","2":"type-product","3":"status-publish","4":"has-post-thumbnail","6":"product_cat-elektronik","7":"product_cat-uncategorized-de","9":"first","10":"instock","11":"sale","12":"taxable","13":"shipping-taxable","14":"purchasable","15":"product-type-simple"},"exclude_global_add_ons":[],"addons":[],"jetpack-related-posts":[{"id":8908,"url":"https:\/\/anythingtechnicallc.com\/index.php\/de\/product\/razer-kraken-7-1-chroma-v2-usb-gaming-headset-ovale-ohrpolster-7-1-surround-sound-mit-versenkbarem-digitalen-mikrofon-und-chroma-beleuchtung\/","url_meta":{"origin":9149,"position":0},"title":"Razer Kraken 7.1 Chroma V2 USB Gaming Headset &#8211; Ovale Ohrpolster &#8211; 7.1 Surround Sound mit versenkbarem digitalen Mikrofon und Chroma-Beleuchtung","date":"March 18, 2026","format":false,"excerpt":"Stellen Sie sicher, dass dieses Produkt passt, indem Sie Ihre Modellnummer eingeben. Dank der integrierten fortschrittlichen 7.1 Virtual Surround Sound-Engine liefert das Razer Kraken 7.1 V2 positionsgetreuen Klang mit h\u00f6chster Pr\u00e4zision. Der neue und verbesserte Kopfb\u00fcgel des Razer Kraken 7.1 V2 besteht aus Bauxit-Aluminium und ist sowohl leicht als auch\u2026","rel":"","context":"Similar post","img":{"alt_text":"","src":"https:\/\/i0.wp.com\/anythingtechnicallc.com\/wp-content\/uploads\/2023\/03\/Razer-Kraken-71-Chroma-V2-USB-Gaming-Headset-Oval-Ear-Cushions-71-Surround-Sound-with-Retractable-Digital-Microphone-and-Chroma-Lighting-Renewed-0.jpg?fit=500%2C334&ssl=1&resize=350%2C200","width":350,"height":200},"classes":[]},{"id":8888,"url":"https:\/\/anythingtechnicallc.com\/index.php\/de\/product\/razer-hammerhead-true-wireless-2-generation-bluetooth-gaming-kopfhoerer-chroma-rgb-beleuchtung-60ms-low-latency-aktive-geraeuschunterdrueckung-zwei-mikrofone-mit-umgebungsgeraeuschunterdruecku\/","url_meta":{"origin":9149,"position":1},"title":"Razer Hammerhead True Wireless (2. Generation) Bluetooth Gaming-Kopfh\u00f6rer: Chroma RGB-Beleuchtung -60ms Low-Latency- Aktive Ger\u00e4uschunterdr\u00fcckung &#8211; Zwei Mikrofone mit Umgebungsger\u00e4uschunterdr\u00fcckung- Klassisches Schwarz","date":"March 18, 2026","format":false,"excerpt":"Powered by Razer Chroma RGB: Mit 16,8 Millionen Farben und einer Reihe von Effekten, aus denen Sie w\u00e4hlen k\u00f6nnen, unterstreichen Sie Ihren Stil und heben sich von der Masse ab - mit dem ultimativen kabellosen Ohrst\u00f6psel Flex.Hinweis: Wenn die Gr\u00f6\u00dfe der Ohrst\u00f6pselaufs\u00e4tze nicht mit der Gr\u00f6\u00dfe Ihrer Geh\u00f6rg\u00e4nge \u00fcbereinstimmt oder\u2026","rel":"","context":"Similar post","img":{"alt_text":"","src":"https:\/\/i0.wp.com\/anythingtechnicallc.com\/wp-content\/uploads\/2023\/03\/Razer-Hammerhead-True-Wireless-2nd-Gen-Bluetooth-Gaming-Earbuds-Chroma-RGB-Lighting-60ms-Low-Latency-Active-Noise-Cancellation-Dual-Environmental-Noise-Cancelling-Microphones-Classic-Black-0.jpg?fit=500%2C375&ssl=1&resize=350%2C200","width":350,"height":200},"classes":[]},{"id":8869,"url":"https:\/\/anythingtechnicallc.com\/index.php\/de\/product\/razer-hammerhead-pro-v2-ohrstoepsel-custom-tuned-dual-driver-technologie-in-line-mikrofon-lautstaerkeregler-aluminiumrahmen-3-5mm-kopfhoereranschluss-gruen\/","url_meta":{"origin":9149,"position":2},"title":"Razer Hammerhead Pro v2 Ohrst\u00f6psel: Custom-Tuned Dual-Driver Technologie &#8211; In-Line Mikrofon &#038; Lautst\u00e4rkeregler &#8211; Aluminiumrahmen &#8211; 3.5mm Kopfh\u00f6reranschluss &#8211; Gr\u00fcn","date":"March 18, 2026","format":false,"excerpt":"Extra gro\u00dfe 10-mm-Treiber f\u00fcr herausragende Klangqualit\u00e4t V\u00f6llig neues Geh\u00e4usedesign mit flachen Kabeln f\u00fcr Robustheit unterwegs Inline-Mikrofon mit 3 Quick Action Control-Tasten f\u00fcr iOS- und Android-Ger\u00e4te","rel":"","context":"Similar post","img":{"alt_text":"","src":"https:\/\/i0.wp.com\/anythingtechnicallc.com\/wp-content\/uploads\/2023\/03\/Razer-Hammerhead-Pro-v2-Earbuds-Custom-Tuned-Dual-Driver-Technology-in-Line-Mic-Volume-Control-Aluminum-Frame-35mm-Headphone-Jack-Green-0.jpg?fit=352%2C500&ssl=1&resize=350%2C200","width":350,"height":200},"classes":[]},{"id":8895,"url":"https:\/\/anythingtechnicallc.com\/index.php\/de\/product\/razer-blackshark-v2-x-gaming-headset-7-1-surround-sound-50mm-treiber-memory-foam-cushion-fuer-pc-ps4-ps5-switch-xbox-one-xbox-series-xs-mobile-3-5mm-audio-jack-classic-black\/","url_meta":{"origin":9149,"position":3},"title":"Razer BlackShark V2 X Gaming Headset: 7.1 Surround Sound &#8211; 50mm Treiber &#8211; Memory Foam Cushion &#8211; f\u00fcr PC, PS4, PS5, Switch, Xbox One, Xbox Series X|S, Mobile &#8211; 3.5mm Audio Jack &#8211; Classic Black","date":"March 18, 2026","format":false,"excerpt":"Stellen Sie sicher, dass dieser Artikel passt, indem Sie Ihre Modellnummer eingeben. Frequenzgang 12 Hz - 28 kHz.Kopfh\u00f6rertyp:Over-Ear.Mikrofon Frequenzgang 100 Hz - 10 kHz Gaming-Peripherieger\u00e4te Marke: Quelle - The NPD Group, Inc. U.S. Retail Tracking Service: Gaming-Tastaturen, Gaming-M\u00e4use, Gaming-Headsets, Gaming-Peripherieger\u00e4te; Basierend auf dem Dollar-Umsatz, Januar-Sept. 2021 zusammen","rel":"","context":"Similar post","img":{"alt_text":"","src":"https:\/\/i0.wp.com\/anythingtechnicallc.com\/wp-content\/uploads\/2023\/03\/Razer-BlackShark-V2-X-Gaming-Headset-71-Surround-Sound-50mm-Drivers-Memory-Foam-Cushion-for-PC-PS4-PS5-Switch-Xbox-One-Xbox-Series-XS-Mobile-35mm-Audio-Jack-Classic-Black-0.jpg?fit=500%2C500&ssl=1&resize=350%2C200","width":350,"height":200},"classes":[]},{"id":8881,"url":"https:\/\/anythingtechnicallc.com\/index.php\/de\/product\/razer-hammerhead-duo-konsole-custom-tuned-dual-driver-technologie-inline-mikrofon-stummschalter-aluminiumrahmen-spezielle-tragetasche-35-mm-kopfhoereranschluss-gruen-rz12-03030300-r3m1\/","url_meta":{"origin":9149,"position":4},"title":"Razer Hammerhead Duo Konsole: Custom-Tuned Dual-Driver-Technologie &#8211; Inline-Mikrofon-Stummschalter &#8211; Aluminiumrahmen &#8211; spezielle Tragetasche &#8211; 3,5-mm-Kopfh\u00f6reranschluss &#8211; Gr\u00fcn (RZ12-03030300-R3M1)","date":"March 18, 2026","format":false,"excerpt":"Geben Sie Ihre Modellnummer ein, um sicherzustellen, dass dieses Modell passt. Mitrei\u00dfender Klang \u00fcber den gesamten Frequenzbereich Individuell abgestimmte Doppeltreibertechnologie sorgt f\u00fcr tiefere B\u00e4sse und h\u00f6here Frequenzdetails f\u00fcr einen dynamischen, klaren Klang unterwegs. Sicherer Sitz im Ohr und passive Ger\u00e4uschisolierung Wird mit 3 Gr\u00f6\u00dfen von Silikonaufs\u00e4tzen geliefert, um die beste\u2026","rel":"","context":"Similar post","img":{"alt_text":"","src":"https:\/\/i0.wp.com\/anythingtechnicallc.com\/wp-content\/uploads\/2023\/03\/Razer-Hammerhead-Duo-Console-Custom-Tuned-Dual-Driver-Technology-in-Line-Mic-Mute-Switch-Aluminum-Frame-Dedicated-Carrying-Case-35mm-Headphone-Jack-Green-RZ12-03030300-R3M1-0.jpg?fit=448%2C500&ssl=1&resize=350%2C200","width":350,"height":200},"classes":[]},{"id":9491,"url":"https:\/\/anythingtechnicallc.com\/index.php\/de\/product\/alienware-pro-wireless-gaming-keyboard-bluetooth-5-1-2-4-ghz-funkverbindung-linear-mechanical-hot-swap-faehige-schalter-tri-mode-konnektivitaet-einstellbare-hoehe-lunar-light\/","url_meta":{"origin":9149,"position":5},"title":"Alienware Pro Wireless Gaming Keyboard &#8211; Bluetooth 5.1\/2.4 GHz Funkverbindung, Linear Mechanical, Hot-swap-f\u00e4hige Schalter, Tri-Mode-Konnektivit\u00e4t, einstellbare H\u00f6he &#8211; Lunar Light","date":"March 21, 2026","format":false,"excerpt":"Hot-swap-f\u00e4hige Schalter: Das Hot-Swap-f\u00e4hige 5-Pin PCBA-Design passt zu fast allen 3-Pin- und 5-Pin-Schaltern und erm\u00f6glicht die Anpassung von Klang, Haptik und Bet\u00e4tigung an Ihre genauen Vorlieben*. *Trennen Sie die Tastatur vom Stromnetz, bevor Sie die Schalter austauschen. Wir empfehlen die Verwendung von antistatischen\/ESD-B\u00e4ndern oder Handschuhen beim Hot-Swapping. Klein & robust:\u2026","rel":"","context":"Similar post","img":{"alt_text":"","src":"","width":0,"height":0},"classes":[]}],"pll_sync_post":[],"lang":"de","translations":{"de":9149,"en":6239},"_links":{"self":[{"href":"https:\/\/anythingtechnicallc.com\/index.php\/wp-json\/wp\/v2\/product\/9149","targetHints":{"allow":["GET"]}}],"collection":[{"href":"https:\/\/anythingtechnicallc.com\/index.php\/wp-json\/wp\/v2\/product"}],"about":[{"href":"https:\/\/anythingtechnicallc.com\/index.php\/wp-json\/wp\/v2\/types\/product"}],"replies":[{"embeddable":true,"href":"https:\/\/anythingtechnicallc.com\/index.php\/wp-json\/wp\/v2\/comments?post=9149"}],"wp:featuredmedia":[{"embeddable":true,"href":"https:\/\/anythingtechnicallc.com\/index.php\/wp-json\/wp\/v2\/media\/9148"}],"wp:attachment":[{"href":"https:\/\/anythingtechnicallc.com\/index.php\/wp-json\/wp\/v2\/media?parent=9149"}],"wp:term":[{"taxonomy":"product_brand","embeddable":true,"href":"https:\/\/anythingtechnicallc.com\/index.php\/wp-json\/wp\/v2\/product_brand?post=9149"},{"taxonomy":"product_cat","embeddable":true,"href":"https:\/\/anythingtechnicallc.com\/index.php\/wp-json\/wp\/v2\/product_cat?post=9149"},{"taxonomy":"product_tag","embeddable":true,"href":"https:\/\/anythingtechnicallc.com\/index.php\/wp-json\/wp\/v2\/product_tag?post=9149"}],"curies":[{"name":"wp","href":"https:\/\/api.w.org\/{rel}","templated":true}]}}