{"id":9152,"date":"2026-03-19T05:32:50","date_gmt":"2026-03-19T05:32:50","guid":{"rendered":"https:\/\/anythingtechnicallc.com\/?post_type=product&#038;p=9152"},"modified":"2026-03-19T05:32:51","modified_gmt":"2026-03-19T05:32:51","slug":"apple-macbook-pro-13-zoll-23ghz-core-i5-256gb-space-grau-2017-erneuert","status":"publish","type":"product","link":"https:\/\/anythingtechnicallc.com\/index.php\/de\/product\/apple-macbook-pro-13-zoll-23ghz-core-i5-256gb-space-grau-2017-erneuert\/","title":{"rendered":"Apple MacBook Pro 13 Zoll 2,3GHz Core i5, 256GB &#8211; Space Grau &#8211; 2017 (Erneuert)"},"content":{"rendered":"<div id=\"productDescription_feature_div\" class=\"celwidget pd_rd_w-RXABl pd_rd_r-R5HCKFXAN8VW85V27HJG pd_rd_wg-phwxB\" data-feature-name=\"productDescription\" data-csa-c-type=\"widget\" data-csa-c-content-id=\"productDescription\" data-csa-c-slot-id=\"productDescription_feature_div\" data-csa-c-asin=\"\" data-csa-c-is-in-initial-active-row=\"false\" data-csa-c-id=\"8ve6e0-lwyoyk-6j4v80-o6smce\" data-cel-widget=\"productDescription_feature_div\">\n<div>\n<div id=\"productDescription_feature_div\" class=\"a-row feature\" data-feature-name=\"productDescription\" data-template-name=\"productDescription\" data-cel-widget=\"productDescription_feature_div\">\n<div id=\"productDescription\" class=\"a-section a-spacing-small\">\n<p>Dieses general\u00fcberholte Ger\u00e4t ist in einem ausgezeichneten kosmetischen Zustand und weist leichte bis gar keine Gebrauchsspuren auf. Der Bildschirm kann zwar Mikrokratzer aufweisen, diese sind jedoch bei normalem Gebrauch nicht sichtbar. Genie\u00dfen Sie ein Ger\u00e4t mit einer garantierten Akkuleistung von 80%+, komplett mit kompatiblem Zubeh\u00f6r. Bitte beachten Sie, dass die Originalverpackung nicht enthalten ist.<\/p>\n<\/div>\n<\/div>\n<\/div>\n<\/div>\n<div id=\"aplusBrandStory_feature_div\" class=\"celwidget pd_rd_w-FV6eg pd_rd_r-R5HCKFXAN8VW85V27HJG pd_rd_wg-phwxB\" data-feature-name=\"aplusBrandStory\" data-csa-c-type=\"widget\" data-csa-c-content-id=\"aplusBrandStory\" data-csa-c-slot-id=\"aplusBrandStory_feature_div\" data-csa-c-asin=\"\" data-csa-c-is-in-initial-active-row=\"false\" data-csa-c-id=\"dd638g-yc24zs-c25zk0-ahu60a\" data-cel-widget=\"aplusBrandStory_feature_div\">\n<table class=\"a-normal a-spacing-micro\">\n<tbody>\n<tr class=\"a-spacing-small po-brand\">\n<td class=\"a-span3\"><span class=\"a-size-base a-text-bold\">Marke<\/span><\/td>\n<td class=\"a-span9\"><span class=\"a-size-base po-break-word\">Apple<\/span><\/td>\n<\/tr>\n<tr class=\"a-spacing-small po-model_name\">\n<td class=\"a-span3\"><span class=\"a-size-base a-text-bold\">Modell Name<\/span><\/td>\n<td class=\"a-span9\"><span class=\"a-size-base po-break-word\">MacBook Pro<\/span><\/td>\n<\/tr>\n<tr class=\"a-spacing-small po-display.size\">\n<td class=\"a-span3\"><span class=\"a-size-base a-text-bold\">Bildschirmgr\u00f6\u00dfe<\/span><\/td>\n<td class=\"a-span9\"><span class=\"a-size-base po-break-word\">13 Zoll<\/span><\/td>\n<\/tr>\n<tr class=\"a-spacing-small po-color\">\n<td class=\"a-span3\"><span class=\"a-size-base a-text-bold\">Farbe<\/span><\/td>\n<td class=\"a-span9\"><span class=\"a-size-base po-break-word\">Space Grau<\/span><\/td>\n<\/tr>\n<tr class=\"a-spacing-small po-hard_disk.size\">\n<td class=\"a-span3\"><span class=\"a-size-base a-text-bold\">Festplattengr\u00f6\u00dfe<\/span><\/td>\n<td class=\"a-span9\"><span class=\"a-size-base po-break-word\">256 GB<\/span><\/td>\n<\/tr>\n<tr class=\"a-spacing-small po-cpu_model.family\">\n<td class=\"a-span3\"><span class=\"a-size-base a-text-bold\">CPU-Modell<\/span><\/td>\n<td class=\"a-span9\"><span class=\"a-size-base po-break-word\">Kern i5<\/span><\/td>\n<\/tr>\n<tr class=\"a-spacing-small po-ram_memory.installed_size\">\n<td class=\"a-span3\"><span class=\"a-size-base a-text-bold\">Installierter Ram-Speicher Gr\u00f6\u00dfe<\/span><\/td>\n<td class=\"a-span9\"><span class=\"a-size-base po-break-word\">8 GB<\/span><\/td>\n<\/tr>\n<tr class=\"a-spacing-small po-operating_system\">\n<td class=\"a-span3\"><span class=\"a-size-base a-text-bold\">Betriebssystem<\/span><\/td>\n<td class=\"a-span9\"><span class=\"a-size-base po-break-word\">Mac OS<\/span><\/td>\n<\/tr>\n<tr class=\"a-spacing-small po-special_feature\">\n<td class=\"a-span3\"><span class=\"a-size-base a-text-bold\">Besonderes Merkmal<\/span><\/td>\n<td class=\"a-span9\"><span class=\"a-size-base po-break-word\">500 nits Helligkeit, Retina Display, 3.5mm Kopfh\u00f6reranschluss, Stereo-Lautsprecher, Force Touch Trackpad,<\/span><\/td>\n<\/tr>\n<tr class=\"a-spacing-small po-graphics_description\">\n<td class=\"a-span3\"><span class=\"a-size-base a-text-bold\">Beschreibung der Grafikkarte<\/span><\/td>\n<td class=\"a-span9\"><span class=\"a-size-base po-break-word\">Intel Iris Plus Grafik 640, integriert<\/span><\/td>\n<\/tr>\n<\/tbody>\n<\/table>\n<\/div>\n<div id=\"ask-dp-search_feature_div\" class=\"celwidget pd_rd_w-cSZjn pd_rd_r-R5HCKFXAN8VW85V27HJG pd_rd_wg-phwxB\" data-feature-name=\"ask-dp-search\" data-csa-c-type=\"widget\" data-csa-c-content-id=\"ask-dp-search\" data-csa-c-slot-id=\"ask-dp-search_feature_div\" data-csa-c-asin=\"\" data-csa-c-is-in-initial-active-row=\"false\" data-csa-c-id=\"q0ekih-o19zdp-iunjip-gy4cia\" data-cel-widget=\"ask-dp-search_feature_div\">\n<div id=\"ask-dp-search_feature_div\">\n<div id=\"ask-dp-search_feature_div\"><\/div>\n<\/div>\n<\/div>\n<div id=\"promotions_feature_div\" class=\"celwidget pd_rd_w-wnhd4 pd_rd_r-R5HCKFXAN8VW85V27HJG pd_rd_wg-phwxB\" data-feature-name=\"promotions\" data-csa-c-type=\"widget\" data-csa-c-content-id=\"promotions\" data-csa-c-slot-id=\"promotions_feature_div\" data-csa-c-asin=\"\" data-csa-c-is-in-initial-active-row=\"false\" data-csa-c-id=\"uxnp3y-ggcouq-p4vnqa-n6u6hy\" data-cel-widget=\"promotions_feature_div\"><\/div>\n<div id=\"services-widget-2_feature_div\" class=\"celwidget pd_rd_w-JMYfn pd_rd_r-R5HCKFXAN8VW85V27HJG pd_rd_wg-phwxB\" data-feature-name=\"services-widget-2\" data-csa-c-type=\"widget\" data-csa-c-content-id=\"services-widget-2\" data-csa-c-slot-id=\"services-widget-2_feature_div\" data-csa-c-asin=\"\" data-csa-c-is-in-initial-active-row=\"false\" data-csa-c-id=\"gnnonr-qbpgtg-vbgg11-wqtxv6\" data-cel-widget=\"services-widget-2_feature_div\">\n<div id=\"services-widget-2_feature_div\">\n<div id=\"services-widget-2_feature_div\">\n<div><\/div>\n<\/div>\n<\/div>\n<\/div>\n<div id=\"services-widget-1_feature_div\" class=\"celwidget pd_rd_w-BX6Kj pd_rd_r-R5HCKFXAN8VW85V27HJG pd_rd_wg-phwxB\" data-feature-name=\"services-widget-1\" data-csa-c-type=\"widget\" data-csa-c-content-id=\"services-widget-1\" data-csa-c-slot-id=\"services-widget-1_feature_div\" data-csa-c-asin=\"\" data-csa-c-is-in-initial-active-row=\"false\" data-csa-c-id=\"rwyk78-j9w95d-zhqgxx-jxdngc\" data-cel-widget=\"services-widget-1_feature_div\">\n<div id=\"services-widget-1_feature_div\">\n<div id=\"services-widget-1_feature_div\">\n<div><\/div>\n<\/div>\n<\/div>\n<\/div>\n<div id=\"technical-data_feature_div\" class=\"celwidget pd_rd_w-oNObo pd_rd_r-R5HCKFXAN8VW85V27HJG pd_rd_wg-phwxB\" data-feature-name=\"technical-data\" data-csa-c-type=\"widget\" data-csa-c-content-id=\"technical-data\" data-csa-c-slot-id=\"technical-data_feature_div\" data-csa-c-asin=\"\" data-csa-c-is-in-initial-active-row=\"false\" data-csa-c-id=\"ctcoj1-wazkfu-tkxx27-fr8ywj\" data-cel-widget=\"technical-data_feature_div\"><\/div>\n<div id=\"productDocuments_feature_div\" class=\"celwidget pd_rd_w-lbCDy pd_rd_r-R5HCKFXAN8VW85V27HJG pd_rd_wg-phwxB\" data-feature-name=\"productDocuments\" data-csa-c-type=\"widget\" data-csa-c-content-id=\"productDocuments\" data-csa-c-slot-id=\"productDocuments_feature_div\" data-csa-c-asin=\"\" data-csa-c-is-in-initial-active-row=\"false\" data-csa-c-id=\"ynpq5g-s6me9q-2pxfz7-9cdfob\" data-cel-widget=\"productDocuments_feature_div\"><\/div>\n<div id=\"renewedProgramDescriptionBtf_feature_div\" class=\"celwidget pd_rd_w-jHWyi pd_rd_r-R5HCKFXAN8VW85V27HJG pd_rd_wg-phwxB\" data-feature-name=\"renewedProgramDescriptionBtf\" data-csa-c-type=\"widget\" data-csa-c-content-id=\"renewedProgramDescriptionBtf\" data-csa-c-slot-id=\"renewedProgramDescriptionBtf_feature_div\" data-csa-c-asin=\"\" data-csa-c-is-in-initial-active-row=\"false\" data-csa-c-id=\"425lf8-h6q0nt-ti0ta-h41p8c\" data-cel-widget=\"renewedProgramDescriptionBtf_feature_div\">\n<div class=\"renewedOfferConsistency\">\n<div class=\"RENEWED_TIER_2_offerConsistency renewedOfferConsistencyIndex_0\">\n<div id=\"RENEWED_TIER_2_renewedProgramDescriptionBtfSection\" class=\"a-section a-spacing-medium a-spacing-top-base\"><\/div>\n<\/div>\n<\/div>\n<\/div>\n","protected":false},"excerpt":{"rendered":"<table class=\"a-normal a-spacing-micro\">\n<tbody>\n<tr class=\"a-spacing-small po-brand\">\n<td class=\"a-span3\"><span class=\"a-size-base a-text-bold\">Marke<\/span><\/td>\n<td class=\"a-span9\"><span class=\"a-size-base po-break-word\">Apfel<\/span><\/td>\n<\/tr>\n<tr class=\"a-spacing-small po-model_name\">\n<td class=\"a-span3\"><span class=\"a-size-base a-text-bold\">Modell Name<\/span><\/td>\n<td class=\"a-span9\"><span class=\"a-size-base po-break-word\">MacBook Pro<\/span><\/td>\n<\/tr>\n<tr class=\"a-spacing-small po-display.size\">\n<td class=\"a-span3\"><span class=\"a-size-base a-text-bold\">Bildschirmgr\u00f6\u00dfe<\/span><\/td>\n<td class=\"a-span9\"><span class=\"a-size-base po-break-word\">13 Zoll<\/span><\/td>\n<\/tr>\n<tr class=\"a-spacing-small po-color\">\n<td class=\"a-span3\"><span class=\"a-size-base a-text-bold\">Farbe<\/span><\/td>\n<td class=\"a-span9\"><span class=\"a-size-base po-break-word\">Space Grau<\/span><\/td>\n<\/tr>\n<tr class=\"a-spacing-small po-hard_disk.size\">\n<td class=\"a-span3\"><span class=\"a-size-base a-text-bold\">Festplattengr\u00f6\u00dfe<\/span><\/td>\n<td class=\"a-span9\"><span class=\"a-size-base po-break-word\">256 GB<\/span><\/td>\n<\/tr>\n<tr class=\"a-spacing-small po-cpu_model.family\">\n<td class=\"a-span3\"><span class=\"a-size-base a-text-bold\">CPU-Modell<\/span><\/td>\n<td class=\"a-span9\"><span class=\"a-size-base po-break-word\">Kern i5<\/span><\/td>\n<\/tr>\n<tr class=\"a-spacing-small po-ram_memory.installed_size\">\n<td class=\"a-span3\"><span class=\"a-size-base a-text-bold\">Installierter Ram-Speicher Gr\u00f6\u00dfe<\/span><\/td>\n<td class=\"a-span9\"><span class=\"a-size-base po-break-word\">8 GB<\/span><\/td>\n<\/tr>\n<tr class=\"a-spacing-small po-operating_system\">\n<td class=\"a-span3\"><span class=\"a-size-base a-text-bold\">Betriebssystem<\/span><\/td>\n<td class=\"a-span9\"><span class=\"a-size-base po-break-word\">Mac OS<\/span><\/td>\n<\/tr>\n<tr class=\"a-spacing-small po-special_feature\">\n<td class=\"a-span3\"><span class=\"a-size-base a-text-bold\">Besonderes Merkmal<\/span><\/td>\n<td class=\"a-span9\"><span class=\"a-size-base po-break-word\">500 nits Helligkeit, Retina Display, 3.5mm Kopfh\u00f6reranschluss, Stereo-Lautsprecher, Force Touch Trackpad,<\/span><\/td>\n<\/tr>\n<tr class=\"a-spacing-small po-graphics_description\">\n<td class=\"a-span3\"><span class=\"a-size-base a-text-bold\">Beschreibung der Grafikkarte<\/span><\/td>\n<td class=\"a-span9\"><span class=\"a-size-base po-break-word\">Intel Iris Plus Grafik 640, integriert<\/span><\/td>\n<\/tr>\n<\/tbody>\n<\/table>\n","protected":false},"featured_media":9151,"comment_status":"open","ping_status":"closed","template":"","meta":{"_et_pb_use_builder":"","_et_pb_old_content":"","_et_gb_content_width":""},"product_brand":[],"product_cat":[1372],"product_tag":[],"class_list":{"0":"post-9152","1":"product","2":"type-product","3":"status-publish","4":"has-post-thumbnail","6":"product_cat-elektronik","8":"first","9":"instock","10":"sale","11":"taxable","12":"shipping-taxable","13":"purchasable","14":"product-type-simple"},"exclude_global_add_ons":[],"addons":[],"jetpack-related-posts":[{"id":9825,"url":"https:\/\/anythingtechnicallc.com\/index.php\/de\/product\/apple-early-2020-macbook-air-mit-1-1ghz-intel-core-i3-13-zoll-8gb-ram-256gb-ssd-speicher-space-grau-erneuert\/","url_meta":{"origin":9152,"position":0},"title":"Apple Early 2020 MacBook Air mit 1.1GHz Intel Core i3 13-Zoll 8GB RAM 256GB SSD Speicher Space Grau (Erneuert)","date":"April 8, 2026","format":false,"excerpt":"Atemberaubendes 13,3-Zoll-Retina-Display mit True Tone-Technologie. Intel Iris Plus Grafik. Intel Core i3 Prozessor der zehnten Generation. Hintergrundbeleuchtete Magic Keyboard und Touch ID. Schneller SSD-Speicher.","rel":"","context":"Similar post","img":{"alt_text":"","src":"https:\/\/i0.wp.com\/anythingtechnicallc.com\/wp-content\/uploads\/2026\/03\/Early-2020-MacBook-Air-with-1.1GHz-Intel-Core-i3.jpg?fit=900%2C1200&ssl=1&resize=350%2C200","width":350,"height":200},"classes":[]},{"id":9828,"url":"https:\/\/anythingtechnicallc.com\/index.php\/de\/product\/apple-macbook-pro-2020-mit-apple-m1-chip-13-zoll-8gb-ram-256gb-ssd-speicher-space-grau-erneuert\/","url_meta":{"origin":9152,"position":1},"title":"Apple MacBook Pro 2020 mit Apple M1 Chip (13 Zoll, 8GB RAM, 256GB SSD Speicher) Space Grau (Erneuert)","date":"April 8, 2026","format":false,"excerpt":"Von Apple entwickelter M1-Chip f\u00fcr einen gewaltigen Leistungssprung bei CPU, GPU und maschinellem Lernen - Bis zu 20 Stunden Batterielaufzeit. 8-Kern-CPU liefert bis zu 2,8x schnellere Leistung - 8-Kern-GPU mit bis zu 5x schnellerer Grafik. 13,3-Zoll-Retina-Display mit 500 nits Helligkeit f\u00fcr leuchtende Farben und unglaubliche Bilddetails. Neural Engine mit 16\u2026","rel":"","context":"Similar post","img":{"alt_text":"","src":"https:\/\/i0.wp.com\/anythingtechnicallc.com\/wp-content\/uploads\/2026\/03\/Apple-MacBook-Pro-2020-with-Apple-M1.jpg?fit=900%2C1200&ssl=1&resize=350%2C200","width":350,"height":200},"classes":[]},{"id":9334,"url":"https:\/\/anythingtechnicallc.com\/index.php\/de\/product\/apple-ipod-nano-16gb-space-grau-7-generation-erneuert-2\/","url_meta":{"origin":9152,"position":2},"title":"Apple iPod nano 16GB Space Grau (7. Generation) (Erneuert)","date":"March 19, 2026","format":false,"excerpt":"Apple beschreibt ihn als den \"d\u00fcnnsten iPod aller Zeiten\". Er ist 38% d\u00fcnner (5,4 mm) als der Nano, den er ersetzt (8,78 mm), und bietet die M\u00f6glichkeit, kabellose Bluetooth 4.0 Headsets, Lautsprecher und andere Ger\u00e4te (wie z.B. Herzfrequenzmesser) zu verwenden. Es enth\u00e4lt weiterhin die Nike+iPod Fitness-Option sowie einen FM-Radio-Tuner, der\u2026","rel":"","context":"Similar post","img":{"alt_text":"","src":"https:\/\/i0.wp.com\/anythingtechnicallc.com\/wp-content\/uploads\/2025\/07\/619LaTAYEPL._AC_SL1500_.jpg?fit=397%2C1200&ssl=1&resize=350%2C200","width":350,"height":200},"classes":[]},{"id":9221,"url":"https:\/\/anythingtechnicallc.com\/index.php\/de\/product\/apple-ipod-nano-16gb-space-grau-7-generation-erneuert\/","url_meta":{"origin":9152,"position":3},"title":"Apple iPod nano 16GB Space Grau (7. Generation) (Erneuert)","date":"March 19, 2026","format":false,"excerpt":"Apple beschreibt ihn als den \"d\u00fcnnsten iPod aller Zeiten\". Er ist 38% d\u00fcnner (5,4 mm) als der Nano, den er ersetzt (8,78 mm), und bietet die M\u00f6glichkeit, kabellose Bluetooth 4.0 Headsets, Lautsprecher und andere Ger\u00e4te (wie z.B. Herzfrequenzmesser) zu verwenden. Es enth\u00e4lt weiterhin die Nike+iPod Fitness-Option sowie einen FM-Radio-Tuner, der\u2026","rel":"","context":"Similar post","img":{"alt_text":"","src":"https:\/\/i0.wp.com\/anythingtechnicallc.com\/wp-content\/uploads\/2025\/03\/Apple-iPod-nano-16GB-Space-Gray-7th-Generation-Renewed.jpg?fit=1019%2C1200&ssl=1&resize=350%2C200","width":350,"height":200},"classes":[]},{"id":8986,"url":"https:\/\/anythingtechnicallc.com\/index.php\/de\/product\/apple-original-1tb-ssd-ersatz-fuer-apple-macbook-pro-retina-13-a1502-15-a1398-ende-2013-2015\/","url_meta":{"origin":9152,"position":4},"title":"Apple Original 1TB SSD Ersatz f\u00fcr Apple MacBook Pro Retina 13&#8243; A1502, 15&#8243; A1398 (Ende 2013-2015)","date":"March 18, 2026","format":false,"excerpt":"Dieses Solid-State-Laufwerk ist f\u00fcr die folgenden Computermodelle geeignet. Sollte Ihr Modell nicht aufgef\u00fchrt sein, kontaktieren Sie uns bitte, da wir m\u00f6glicherweise andere passende Produkte im Angebot haben. Verf\u00fcgbare Kapazit\u00e4ten: 128G 256G 512G 1TB MacBook Air(Maximale Kapazit\u00e4t ist 512GB): 11-Zoll A1465 Mitte 2013 EMC:2631 & Anfang 2014 EMC:2631 13-Zoll A1466 Mitte\u2026","rel":"","context":"Similar post","img":{"alt_text":"","src":"https:\/\/i0.wp.com\/anythingtechnicallc.com\/wp-content\/uploads\/2024\/09\/IMG_20240919_112329.jpg?fit=1056%2C1200&ssl=1&resize=350%2C200","width":350,"height":200},"classes":[]},{"id":9378,"url":"https:\/\/anythingtechnicallc.com\/index.php\/de\/product\/belkin-tragbares-ladegeraet-3-port-laptop-power-bank-20000-mah-usb-c-usb-a-ports-65w-iphone-ladegeraet-schnelles-aufladen-macbook-apple-iphone-16-ipad-samsung-galaxy-s25-nintendo-switch-2\/","url_meta":{"origin":9152,"position":5},"title":"Belkin Tragbares Ladeger\u00e4t, 3-Port Laptop Power Bank 20000 mAh &#8211; USB-C &#038; USB-A Ports, 65W iPhone Ladeger\u00e4t Schnelles Aufladen &#8211; MacBook, Apple iPhone 16, iPad, Samsung Galaxy S25, Nintendo Switch 2, etc &#8211; Schwarz","date":"March 19, 2026","format":false,"excerpt":"LADEN SIE IHR LAPTOP UNTERWEGS AUF: Diese vielseitige Powerbank liefert eine Leistung von bis zu 65 W an einem einzigen USB-C-Anschluss, um Ihr MacBook oder ein anderes kompatibles Notebook aufzuladen. Laden Sie ein MacBook Pro (14\" M3) in nur 42 Minuten von 0-50% auf. 20K BATTERY LIFE: Mit einer gewaltigen\u2026","rel":"","context":"Similar post","img":{"alt_text":"","src":"https:\/\/i0.wp.com\/anythingtechnicallc.com\/wp-content\/uploads\/2025\/08\/51B1Adm7osL._AC_SL1500_.jpg?fit=890%2C1200&ssl=1&resize=350%2C200","width":350,"height":200},"classes":[]}],"pll_sync_post":[],"lang":"de","translations":{"de":9152,"en":6246},"_links":{"self":[{"href":"https:\/\/anythingtechnicallc.com\/index.php\/wp-json\/wp\/v2\/product\/9152","targetHints":{"allow":["GET"]}}],"collection":[{"href":"https:\/\/anythingtechnicallc.com\/index.php\/wp-json\/wp\/v2\/product"}],"about":[{"href":"https:\/\/anythingtechnicallc.com\/index.php\/wp-json\/wp\/v2\/types\/product"}],"replies":[{"embeddable":true,"href":"https:\/\/anythingtechnicallc.com\/index.php\/wp-json\/wp\/v2\/comments?post=9152"}],"wp:featuredmedia":[{"embeddable":true,"href":"https:\/\/anythingtechnicallc.com\/index.php\/wp-json\/wp\/v2\/media\/9151"}],"wp:attachment":[{"href":"https:\/\/anythingtechnicallc.com\/index.php\/wp-json\/wp\/v2\/media?parent=9152"}],"wp:term":[{"taxonomy":"product_brand","embeddable":true,"href":"https:\/\/anythingtechnicallc.com\/index.php\/wp-json\/wp\/v2\/product_brand?post=9152"},{"taxonomy":"product_cat","embeddable":true,"href":"https:\/\/anythingtechnicallc.com\/index.php\/wp-json\/wp\/v2\/product_cat?post=9152"},{"taxonomy":"product_tag","embeddable":true,"href":"https:\/\/anythingtechnicallc.com\/index.php\/wp-json\/wp\/v2\/product_tag?post=9152"}],"curies":[{"name":"wp","href":"https:\/\/api.w.org\/{rel}","templated":true}]}}