{"id":9158,"date":"2026-03-19T05:34:33","date_gmt":"2026-03-19T05:34:33","guid":{"rendered":"https:\/\/anythingtechnicallc.com\/?post_type=product&#038;p=9158"},"modified":"2026-03-19T09:30:40","modified_gmt":"2026-03-19T09:30:40","slug":"steelseries-rival-600-gaming-maus-12-000-cpi-truemove3-dualer-optischer-sensor-005-lift-off-abstand-gewichtssystemschwarz","status":"publish","type":"product","link":"https:\/\/anythingtechnicallc.com\/index.php\/de\/product\/steelseries-rival-600-gaming-maus-12-000-cpi-truemove3-dualer-optischer-sensor-005-lift-off-abstand-gewichtssystemschwarz\/","title":{"rendered":"SteelSeries Rival 600 &#8211; Gaming-Maus &#8211; 12.000 CPI TrueMove3+ Dualer optischer Sensor &#8211; 0,05 Lift-Off Abstand &#8211; Gewichtssystem,Schwarz"},"content":{"rendered":"<div id=\"featurebullets_feature_div\" class=\"celwidget\" data-feature-name=\"featurebullets\" data-csa-c-type=\"widget\" data-csa-c-content-id=\"featurebullets\" data-csa-c-slot-id=\"featurebullets_feature_div\" data-csa-c-asin=\"B078W926JQ\" data-csa-c-is-in-initial-active-row=\"false\" data-cel-widget=\"featurebullets_feature_div\" data-csa-c-id=\"de23nt-jrc98l-9tf6p6-azp3\">\n<div id=\"feature-bullets\" class=\"a-section a-spacing-medium a-spacing-top-small\">\n<ul class=\"a-unordered-list a-vertical a-spacing-mini\">\n<li class=\"a-spacing-mini\"><span class=\"a-list-item\">Exklusiver TrueMove3 12.000 CPI, 350 IPS optischer 1 zu 1 Tracking esports Sensor. <\/span><\/li>\n<li class=\"a-spacing-mini\"><span class=\"a-list-item\">Eine der niedrigsten und genauesten Abhebedistanzen der Welt. <\/span><\/li>\n<li class=\"a-spacing-mini\"><span class=\"a-list-item\">256 Gewichtskonfigurationen f\u00fcr den Schwerpunkt. <\/span><\/li>\n<li class=\"a-spacing-mini\"><span class=\"a-list-item\">Mechanische Schalter mit geteiltem Ausl\u00f6ser und 60 Millionen Klicks. <\/span><\/li>\n<li class=\"a-spacing-mini\"><span class=\"a-list-item\">Seitliche Silikongriffe f\u00fcr mehr Grip und HaltbarkeitAcht-Zonen-RGB-Beleuchtung mit Discord-BenachrichtigungenSpeichern Sie Sensoreinstellungen, Makros und Beleuchtungseffekte an Bord. <\/span><\/li>\n<\/ul>\n<\/div>\n<\/div>\n<div id=\"provenanceCertifications_feature_div\" class=\"celwidget\" data-feature-name=\"provenanceCertifications\" data-csa-c-type=\"widget\" data-csa-c-content-id=\"provenanceCertifications\" data-csa-c-slot-id=\"provenanceCertifications_feature_div\" data-csa-c-asin=\"B078W926JQ\" data-csa-c-is-in-initial-active-row=\"false\" data-cel-widget=\"provenanceCertifications_feature_div\" data-csa-c-id=\"krtauk-8xko9h-67y9rs-tcq7y8\"><\/div>\n<div id=\"handmadeArtisanCard_feature_div\" class=\"celwidget\" data-feature-name=\"handmadeArtisanCard\" data-csa-c-type=\"widget\" data-csa-c-content-id=\"handmadeArtisanCard\" data-csa-c-slot-id=\"handmadeArtisanCard_feature_div\" data-csa-c-asin=\"B078W926JQ\" data-csa-c-is-in-initial-active-row=\"false\" data-cel-widget=\"handmadeArtisanCard_feature_div\" data-csa-c-id=\"wt5ur0-mjtkde-anknpg-1ul730\"><\/div>\n<div id=\"billOfMaterial_feature_div\" class=\"celwidget\" data-feature-name=\"billOfMaterial\" data-csa-c-type=\"widget\" data-csa-c-content-id=\"billOfMaterial\" data-csa-c-slot-id=\"billOfMaterial_feature_div\" data-csa-c-asin=\"B078W926JQ\" data-csa-c-is-in-initial-active-row=\"false\" data-cel-widget=\"billOfMaterial_feature_div\" data-csa-c-id=\"pan287-eujynv-neliwh-bbvm99\"><\/div>\n<div id=\"globalStoreInfoBullets_feature_div\" class=\"celwidget\" data-feature-name=\"globalStoreInfoBullets\" data-csa-c-type=\"widget\" data-csa-c-content-id=\"globalStoreInfoBullets\" data-csa-c-slot-id=\"globalStoreInfoBullets_feature_div\" data-csa-c-asin=\"B078W926JQ\" data-csa-c-is-in-initial-active-row=\"false\" data-cel-widget=\"globalStoreInfoBullets_feature_div\" data-csa-c-id=\"9gjkn8-pwhxea-847phh-5u9fho\"><\/div>\n<div id=\"addOnItem_feature_div\" class=\"celwidget\" data-feature-name=\"addOnItem\" data-csa-c-type=\"widget\" data-csa-c-content-id=\"addOnItem\" data-csa-c-slot-id=\"addOnItem_feature_div\" data-csa-c-asin=\"B078W926JQ\" data-csa-c-is-in-initial-active-row=\"false\" data-cel-widget=\"addOnItem_feature_div\" data-csa-c-id=\"9kcvh0-niphkq-xbge04-lbw4oy\"><\/div>\n<div id=\"giftcard-holiday-availability-messaging_feature_div\" class=\"celwidget\" data-feature-name=\"giftCardHolidayAvailabilityMessaging\" data-csa-c-type=\"widget\" data-csa-c-content-id=\"giftCardHolidayAvailabilityMessaging\" data-csa-c-slot-id=\"giftcard-holiday-availability-messaging_feature_div\" data-csa-c-asin=\"B078W926JQ\" data-csa-c-is-in-initial-active-row=\"false\" data-cel-widget=\"giftcard-holiday-availability-messaging_feature_div\" data-csa-c-id=\"hejifq-rgmzaa-d59dra-nqxp75\"><\/div>\n<div id=\"olp_feature_div\" class=\"celwidget\" data-feature-name=\"olp\" data-csa-c-type=\"widget\" data-csa-c-content-id=\"olp\" data-csa-c-slot-id=\"olp_feature_div\" data-csa-c-asin=\"B078W926JQ\" data-csa-c-is-in-initial-active-row=\"false\" data-cel-widget=\"olp_feature_div\" data-csa-c-id=\"2at0d6-hwpqrr-9culny-cueqow\"><\/div>\n","protected":false},"excerpt":{"rendered":"<div id=\"featurebullets_feature_div\" class=\"celwidget\" data-feature-name=\"featurebullets\" data-csa-c-type=\"widget\" data-csa-c-content-id=\"featurebullets\" data-csa-c-slot-id=\"featurebullets_feature_div\" data-csa-c-asin=\"B078W926JQ\" data-csa-c-is-in-initial-active-row=\"false\" data-cel-widget=\"featurebullets_feature_div\" data-csa-c-id=\"de23nt-jrc98l-9tf6p6-azp3\">\n<div id=\"feature-bullets\" class=\"a-section a-spacing-medium a-spacing-top-small\">\n<ul class=\"a-unordered-list a-vertical a-spacing-mini\">\n<li class=\"a-spacing-mini\"><span class=\"a-list-item\">Exklusiver TrueMove3 12.000 CPI, 350 IPS optischer 1 zu 1 Tracking esports Sensor. <\/span><\/li>\n<li class=\"a-spacing-mini\"><span class=\"a-list-item\">Eine der niedrigsten und genauesten Abhebedistanzen der Welt. <\/span><\/li>\n<li class=\"a-spacing-mini\"><span class=\"a-list-item\">256 Gewichtskonfigurationen f\u00fcr den Schwerpunkt. <\/span><\/li>\n<li class=\"a-spacing-mini\"><span class=\"a-list-item\">Mechanische Schalter mit geteiltem Ausl\u00f6ser und 60 Millionen Klicks. <\/span><\/li>\n<li class=\"a-spacing-mini\"><span class=\"a-list-item\">Seitliche Silikongriffe f\u00fcr mehr Grip und HaltbarkeitAcht-Zonen-RGB-Beleuchtung mit Discord-BenachrichtigungenSpeichern Sie Sensoreinstellungen, Makros und Beleuchtungseffekte an Bord. <\/span><\/li>\n<\/ul>\n<\/div>\n<\/div>\n<div id=\"provenanceCertifications_feature_div\" class=\"celwidget\" data-feature-name=\"provenanceCertifications\" data-csa-c-type=\"widget\" data-csa-c-content-id=\"provenanceCertifications\" data-csa-c-slot-id=\"provenanceCertifications_feature_div\" data-csa-c-asin=\"B078W926JQ\" data-csa-c-is-in-initial-active-row=\"false\" data-cel-widget=\"provenanceCertifications_feature_div\" data-csa-c-id=\"krtauk-8xko9h-67y9rs-tcq7y8\"><\/div>\n<div id=\"handmadeArtisanCard_feature_div\" class=\"celwidget\" data-feature-name=\"handmadeArtisanCard\" data-csa-c-type=\"widget\" data-csa-c-content-id=\"handmadeArtisanCard\" data-csa-c-slot-id=\"handmadeArtisanCard_feature_div\" data-csa-c-asin=\"B078W926JQ\" data-csa-c-is-in-initial-active-row=\"false\" data-cel-widget=\"handmadeArtisanCard_feature_div\" data-csa-c-id=\"wt5ur0-mjtkde-anknpg-1ul730\"><\/div>\n<div id=\"billOfMaterial_feature_div\" class=\"celwidget\" data-feature-name=\"billOfMaterial\" data-csa-c-type=\"widget\" data-csa-c-content-id=\"billOfMaterial\" data-csa-c-slot-id=\"billOfMaterial_feature_div\" data-csa-c-asin=\"B078W926JQ\" data-csa-c-is-in-initial-active-row=\"false\" data-cel-widget=\"billOfMaterial_feature_div\" data-csa-c-id=\"pan287-eujynv-neliwh-bbvm99\"><\/div>\n<div id=\"globalStoreInfoBullets_feature_div\" class=\"celwidget\" data-feature-name=\"globalStoreInfoBullets\" data-csa-c-type=\"widget\" data-csa-c-content-id=\"globalStoreInfoBullets\" data-csa-c-slot-id=\"globalStoreInfoBullets_feature_div\" data-csa-c-asin=\"B078W926JQ\" data-csa-c-is-in-initial-active-row=\"false\" data-cel-widget=\"globalStoreInfoBullets_feature_div\" data-csa-c-id=\"9gjkn8-pwhxea-847phh-5u9fho\"><\/div>\n<div id=\"addOnItem_feature_div\" class=\"celwidget\" data-feature-name=\"addOnItem\" data-csa-c-type=\"widget\" data-csa-c-content-id=\"addOnItem\" data-csa-c-slot-id=\"addOnItem_feature_div\" data-csa-c-asin=\"B078W926JQ\" data-csa-c-is-in-initial-active-row=\"false\" data-cel-widget=\"addOnItem_feature_div\" data-csa-c-id=\"9kcvh0-niphkq-xbge04-lbw4oy\"><\/div>\n<div id=\"giftcard-holiday-availability-messaging_feature_div\" class=\"celwidget\" data-feature-name=\"giftCardHolidayAvailabilityMessaging\" data-csa-c-type=\"widget\" data-csa-c-content-id=\"giftCardHolidayAvailabilityMessaging\" data-csa-c-slot-id=\"giftcard-holiday-availability-messaging_feature_div\" data-csa-c-asin=\"B078W926JQ\" data-csa-c-is-in-initial-active-row=\"false\" data-cel-widget=\"giftcard-holiday-availability-messaging_feature_div\" data-csa-c-id=\"hejifq-rgmzaa-d59dra-nqxp75\"><\/div>\n<div id=\"olp_feature_div\" class=\"celwidget\" data-feature-name=\"olp\" data-csa-c-type=\"widget\" data-csa-c-content-id=\"olp\" data-csa-c-slot-id=\"olp_feature_div\" data-csa-c-asin=\"B078W926JQ\" data-csa-c-is-in-initial-active-row=\"false\" data-cel-widget=\"olp_feature_div\" data-csa-c-id=\"2at0d6-hwpqrr-9culny-cueqow\"><\/div>\n","protected":false},"featured_media":9157,"comment_status":"open","ping_status":"closed","template":"","meta":{"_et_pb_use_builder":"","_et_pb_old_content":"","_et_gb_content_width":""},"product_brand":[],"product_cat":[1372,703],"product_tag":[],"class_list":{"0":"post-9158","1":"product","2":"type-product","3":"status-publish","4":"has-post-thumbnail","6":"product_cat-elektronik","7":"product_cat-uncategorized-de","9":"first","10":"instock","11":"sale","12":"taxable","13":"shipping-taxable","14":"purchasable","15":"product-type-simple"},"exclude_global_add_ons":[],"addons":[],"jetpack-related-posts":[{"id":9485,"url":"https:\/\/anythingtechnicallc.com\/index.php\/de\/product\/alienware-pro-wireless-gaming-maus-2-4ghz-gaming-wireless-usb-wired-konnektivitaet-einstellbare-dpi-optische-sensor-technologie-6-programmierbare-tasten-650-ips-sensor-max-speed-dark-side-of-t\/","url_meta":{"origin":9158,"position":0},"title":"Alienware Pro Wireless Gaming Maus &#8211; 2.4GHz Gaming Wireless\/USB Wired Konnektivit\u00e4t, einstellbare DPI, optische Sensor Technologie, 6 programmierbare Tasten, 650 IPS Sensor Max Speed &#8211; Dark Side of the Moon","date":"March 21, 2026","format":false,"excerpt":"Blitzschnelle Reaktionszeiten: 4KHz kabellos - 0,25ms Reaktionszeit\/8KHz kabelgebunden - 0,125ms Reaktionszeit. Holen Sie sich den Vorteil, wenn eine Millisekunde den Unterschied zwischen Platz 1 und Platz 2 ausmacht, und nutzen Sie die hohe Abfragerate zur Minimierung der Eingabeverz\u00f6gerung f\u00fcr eine reaktionsschnelle und nahtlose Verbindung zwischen Ihrem Gehirn, der Maus und\u2026","rel":"","context":"Similar post","img":{"alt_text":"","src":"https:\/\/i0.wp.com\/anythingtechnicallc.com\/wp-content\/uploads\/2025\/08\/61W9cp4RMgL._AC_SL1500_.jpg?fit=694%2C1200&ssl=1&resize=350%2C200","width":350,"height":200},"classes":[]},{"id":9506,"url":"https:\/\/anythingtechnicallc.com\/index.php\/de\/product\/sony-zv-1f-vlog-kamera-fuer-content-creators-und-vlogger\/","url_meta":{"origin":9158,"position":1},"title":"Sony ZV-1F Vlog Kamera f\u00fcr Content Creators und Vlogger","date":"March 21, 2026","format":false,"excerpt":"Mit der ZV-1F k\u00f6nnen Sie alles festhalten - sie erm\u00f6glicht es Ihnen, ein Gruppen-Selfie zusammen mit einem weitl\u00e4ufigen Blick auf die Hintergrundkulisse aufzunehmen. Da das Ultraweitwinkelobjektiv der Kamera mit 20 mm1 ein gr\u00f6\u00dferes Sichtfeld als das menschliche Gesichtsfeld erfasst, k\u00f6nnen Sie Bilder mit beeindruckender Tiefe und Perspektive aufnehmen. Machen Sie\u2026","rel":"","context":"Similar post","img":{"alt_text":"","src":"https:\/\/i0.wp.com\/anythingtechnicallc.com\/wp-content\/uploads\/2025\/08\/81lRtfnLuiL._AC_SL1500_.jpg?fit=1200%2C1085&ssl=1&resize=350%2C200","width":350,"height":200},"classes":[]},{"id":9555,"url":"https:\/\/anythingtechnicallc.com\/index.php\/de\/product\/hyperx-solocast-usb-kondensator-gaming-mikrofon-fuer-pc-ps4-ps5-und-mac-tap-to-mute-sensor-nieren-richtcharakteristik-ideal-fuer-streaming-podcasts-twitch-youtube-discordschwarz\/","url_meta":{"origin":9158,"position":2},"title":"HyperX SoloCast &#8211; USB-Kondensator-Gaming-Mikrofon, f\u00fcr PC, PS4, PS5 und Mac, Tap-to-Mute-Sensor, Nieren-Richtcharakteristik, ideal f\u00fcr Streaming, Podcasts, Twitch, YouTube, Discord,Schwarz","date":"March 21, 2026","format":false,"excerpt":"Das HyperX SoloCast ist f\u00fcr Streamer und Gamer gedacht, die ein gut klingendes USB-Mikrofon suchen. Es ist per Plug & Play einfach zu bedienen und verf\u00fcgt \u00fcber unseren bei Fans beliebten Tap-to-Mute-Sensor. Das vielseitige Mikrofon verf\u00fcgt \u00fcber einen flexiblen, verstellbaren St\u00e4nder und ist au\u00dferdem mit den meisten Galgenarmen kompatibel, so\u2026","rel":"","context":"Similar post","img":{"alt_text":"","src":"https:\/\/i0.wp.com\/anythingtechnicallc.com\/wp-content\/uploads\/2025\/09\/61qh7VG4pCL._AC_SL1500_.jpg?fit=526%2C1200&ssl=1&resize=350%2C200","width":350,"height":200},"classes":[]},{"id":9910,"url":"https:\/\/anythingtechnicallc.com\/index.php\/de\/product\/gebrauchte-apple-airpods-pro-drahtlose-ohrhoerer-mit-magsafe-ladegehaeuse\/","url_meta":{"origin":9158,"position":3},"title":"Gebrauchte Apple AirPods Pro Drahtlose Ohrh\u00f6rer mit MagSafe Ladegeh\u00e4use","date":"April 15, 2026","format":false,"excerpt":"Die aktive Ger\u00e4uschunterdr\u00fcckung blockiert Au\u00dfenger\u00e4usche, damit Sie sich ganz auf die Musik konzentrieren k\u00f6nnen. Der Transparenzmodus erm\u00f6glicht es Ihnen, die Welt um Sie herum zu h\u00f6ren und mit ihr zu interagieren. Spatial Audio mit dynamischem Head Tracking platziert den Klang um Sie herum. Adaptive EQ stimmt die Musik automatisch auf\u2026","rel":"","context":"Similar post","img":{"alt_text":"","src":"https:\/\/i0.wp.com\/anythingtechnicallc.com\/wp-content\/uploads\/2026\/04\/Apple-AirPods-Pro-Wireless-Earbuds-with-MagSafe-Charging-Case-Renewed.jpg?fit=675%2C1200&ssl=1&resize=350%2C200","width":350,"height":200},"classes":[]},{"id":9512,"url":"https:\/\/anythingtechnicallc.com\/index.php\/de\/product\/dji-osmo-action-5-pro-standard-combo-wasserdichte-action-kamera-mit-1-1-3-sensor-4k-120fps-video-motivverfolgung-stabilisierung-dual-oled-touchscreens-action-kamera-4k-ideal-fuer-sport-vlog\/","url_meta":{"origin":9158,"position":4},"title":"DJI Osmo Action 5 Pro Standard Combo, Wasserdichte Action-Kamera mit 1\/1.3&#8243; Sensor, 4K\/120fps Video, Motivverfolgung, Stabilisierung, Dual OLED Touchscreens, Action-Kamera 4K Ideal f\u00fcr Sport, Vlog","date":"March 21, 2026","format":false,"excerpt":"Halten Sie n\u00e4chtliche Stadtlandschaften fest - Osmo Action 5 Pro verf\u00fcgt \u00fcber einen neuen 1\/1,3\u2033-Sensor f\u00fcr atemberaubendes Low-Light. Ideal f\u00fcr n\u00e4chtliche Fahrradabenteuer in dunklen Umgebungen. Verbesserte Motivverfolgung - 4nm Chip f\u00fcr schnelle, zuverl\u00e4ssige Aufnahmen. Halten Sie sich schnell bewegende Motive in der Mitte. [7] Der 4nm-Chip sorgt f\u00fcr einen reibungslosen\u2026","rel":"","context":"Similar post","img":{"alt_text":"","src":"https:\/\/i0.wp.com\/anythingtechnicallc.com\/wp-content\/uploads\/2025\/08\/71pg9H7KEuL._AC_SL1500_.jpg?fit=1200%2C976&ssl=1&resize=350%2C200","width":350,"height":200},"classes":[]},{"id":9542,"url":"https:\/\/anythingtechnicallc.com\/index.php\/de\/product\/hyperx-quadcast-s-rgb-usb-kondensatormikrofon-fuer-pc-ps4-ps5-und-mac-anti-vibrations-stossdaempfer-4-richtcharakteristiken-pop-filter-verstaerkungsregelung-gaming-streaming-podcasts-twitc\/","url_meta":{"origin":9158,"position":5},"title":"HyperX QuadCast S &#8211; RGB-USB-Kondensatormikrofon f\u00fcr PC, PS4, PS5 und Mac, Anti-Vibrations-Sto\u00dfd\u00e4mpfer, 4 Richtcharakteristiken, Pop-Filter, Verst\u00e4rkungsregelung, Gaming, Streaming, Podcasts, Twitch, YouTube, Discord","date":"March 21, 2026","format":false,"excerpt":"Strahlende RGB-Beleuchtung mit dynamischen Effekten: Personalisieren Sie die atemberaubende RGB-Beleuchtung und die dynamischen Effekte f\u00fcr eine auff\u00e4llige Aufnahme mit anpassbarem Stil. Eingebaute Anti-Vibrations-Halterung: Isolieren Sie das Mikrofon und unterdr\u00fccken Sie mit der elastischen Seilaufh\u00e4ngung ungewollte Ersch\u00fctterungen und St\u00f6\u00dfe. Tap-to-mute-Sensor mit LED-Statusanzeige: Nutzen Sie die praktische Tap-to-Mute-Funktion, um mit Hilfe der\u2026","rel":"","context":"Similar post","img":{"alt_text":"","src":"https:\/\/i0.wp.com\/anythingtechnicallc.com\/wp-content\/uploads\/2025\/09\/61dQJkzRopL._AC_SL1500_.jpg?fit=486%2C1200&ssl=1&resize=350%2C200","width":350,"height":200},"classes":[]}],"pll_sync_post":[],"lang":"de","translations":{"de":9158,"en":6250},"_links":{"self":[{"href":"https:\/\/anythingtechnicallc.com\/index.php\/wp-json\/wp\/v2\/product\/9158","targetHints":{"allow":["GET"]}}],"collection":[{"href":"https:\/\/anythingtechnicallc.com\/index.php\/wp-json\/wp\/v2\/product"}],"about":[{"href":"https:\/\/anythingtechnicallc.com\/index.php\/wp-json\/wp\/v2\/types\/product"}],"replies":[{"embeddable":true,"href":"https:\/\/anythingtechnicallc.com\/index.php\/wp-json\/wp\/v2\/comments?post=9158"}],"wp:featuredmedia":[{"embeddable":true,"href":"https:\/\/anythingtechnicallc.com\/index.php\/wp-json\/wp\/v2\/media\/9157"}],"wp:attachment":[{"href":"https:\/\/anythingtechnicallc.com\/index.php\/wp-json\/wp\/v2\/media?parent=9158"}],"wp:term":[{"taxonomy":"product_brand","embeddable":true,"href":"https:\/\/anythingtechnicallc.com\/index.php\/wp-json\/wp\/v2\/product_brand?post=9158"},{"taxonomy":"product_cat","embeddable":true,"href":"https:\/\/anythingtechnicallc.com\/index.php\/wp-json\/wp\/v2\/product_cat?post=9158"},{"taxonomy":"product_tag","embeddable":true,"href":"https:\/\/anythingtechnicallc.com\/index.php\/wp-json\/wp\/v2\/product_tag?post=9158"}],"curies":[{"name":"wp","href":"https:\/\/api.w.org\/{rel}","templated":true}]}}