{"id":9164,"date":"2026-03-19T05:36:08","date_gmt":"2026-03-19T05:36:08","guid":{"rendered":"https:\/\/anythingtechnicallc.com\/?post_type=product&#038;p=9164"},"modified":"2026-03-19T05:36:08","modified_gmt":"2026-03-19T05:36:08","slug":"fujitsu-scansnap-ix1500-farb-duplex-dokumentenscanner-mit-touchscreen-fuer-mac-und-pc-erneuert","status":"publish","type":"product","link":"https:\/\/anythingtechnicallc.com\/index.php\/de\/product\/fujitsu-scansnap-ix1500-farb-duplex-dokumentenscanner-mit-touchscreen-fuer-mac-und-pc-erneuert\/","title":{"rendered":"Fujitsu ScanSnap iX1500 Farb-Duplex-Dokumentenscanner mit Touchscreen f\u00fcr Mac und PC (Erneuert)"},"content":{"rendered":"<ul class=\"a-unordered-list a-vertical a-spacing-mini\">\n<li class=\"a-spacing-mini\"><span class=\"a-list-item\">Beidseitiges Scannen mit fortschrittlichem Papiereinzugssystem. Scannen Sie Ihre Dokumente, Visitenkarten, Quittungen und Fotos.<\/span><\/li>\n<li class=\"a-spacing-mini\"><span class=\"a-list-item\">Gro\u00dfer, benutzerfreundlicher 4. 3-Zoll-Touchscreen erm\u00f6glicht es Ihnen, ganz einfach an Ihre bevorzugten Ziele zu scannen. Scannen Sie zu Google Drive, Dropbox, Desktop-Ordner und mehr!<\/span><\/li>\n<li class=\"a-spacing-mini\"><span class=\"a-list-item\">Anschluss \u00fcber USB-Kabel oder Wi-Fi (2. 4 und 5 GHz). Sie k\u00f6nnen \u00fcber Wi-Fi auf Ihren Laptop, Ihr Tablet oder Ihr Smartphone scannen.<\/span><\/li>\n<li class=\"a-spacing-mini\"><span class=\"a-list-item\">Die integrierte Software organisiert und bereinigt Ihre Dokumente durch automatisches Zuschneiden, L\u00f6schen von leeren Seiten und mehr.<\/span><\/li>\n<li class=\"a-spacing-mini\"><span class=\"a-list-item\">Scangeschwindigkeit von bis zu 30 Seiten pro Minute, mit automatischem Dokumenteneinzug (ADF) f\u00fcr 50 Seiten. Optische Aufl\u00f6sung von bis zu 600 dpi.<\/span><\/li>\n<\/ul>\n","protected":false},"excerpt":{"rendered":"<ul class=\"a-unordered-list a-vertical a-spacing-mini\">\n<li class=\"a-spacing-mini\"><span class=\"a-list-item\">Beidseitiges Scannen mit fortschrittlichem Papiereinzugssystem. Scannen Sie Ihre Dokumente, Visitenkarten, Quittungen und Fotos.<\/span><\/li>\n<li class=\"a-spacing-mini\"><span class=\"a-list-item\">Gro\u00dfer, benutzerfreundlicher 4. 3-Zoll-Touchscreen erm\u00f6glicht es Ihnen, ganz einfach an Ihre bevorzugten Ziele zu scannen. Scannen Sie zu Google Drive, Dropbox, Desktop-Ordner und mehr!<\/span><\/li>\n<li class=\"a-spacing-mini\"><span class=\"a-list-item\">Anschluss \u00fcber USB-Kabel oder Wi-Fi (2. 4 und 5 GHz). Sie k\u00f6nnen \u00fcber Wi-Fi auf Ihren Laptop, Ihr Tablet oder Ihr Smartphone scannen.<\/span><\/li>\n<li class=\"a-spacing-mini\"><span class=\"a-list-item\">Die integrierte Software organisiert und bereinigt Ihre Dokumente durch automatisches Zuschneiden, L\u00f6schen von leeren Seiten und mehr.<\/span><\/li>\n<li class=\"a-spacing-mini\"><span class=\"a-list-item\">Scangeschwindigkeit von bis zu 30 Seiten pro Minute, mit automatischem Dokumenteneinzug (ADF) f\u00fcr 50 Seiten. Optische Aufl\u00f6sung von bis zu 600 dpi.<\/span><\/li>\n<\/ul>\n","protected":false},"featured_media":9163,"comment_status":"open","ping_status":"closed","template":"","meta":{"_et_pb_use_builder":"","_et_pb_old_content":"","_et_gb_content_width":""},"product_brand":[],"product_cat":[1566],"product_tag":[],"class_list":{"0":"post-9164","1":"product","2":"type-product","3":"status-publish","4":"has-post-thumbnail","6":"product_cat-druckerteile-zubehoer","8":"first","9":"instock","10":"sale","11":"taxable","12":"shipping-taxable","13":"purchasable","14":"product-type-simple"},"exclude_global_add_ons":[],"addons":[],"jetpack-related-posts":[{"id":9958,"url":"https:\/\/anythingtechnicallc.com\/index.php\/de\/product\/zebra-tc52-rugged-scanner-android-2d-1d-barcode-leser-inkl-ladegeraet-erneuert\/","url_meta":{"origin":9164,"position":0},"title":"Zebra TC52 Rugged Scanner, Android, 2D\/1D Barcode-Leser (inkl. Ladeger\u00e4t) (Erneuert)","date":"April 15, 2026","format":false,"excerpt":"Fortschrittliches Barcode-Scannen: Ausgestattet mit einem 2D\/1D\/QR-Codeleser f\u00fcr schnelles und genaues Scannen von Barcodes, perfekt f\u00fcr die Bestands- und Lagerverwaltung. Robuste Langlebigkeit: Der Zebra TC52 ist f\u00fcr den anspruchsvollen Einsatz in der Industrie und im Freien konzipiert und h\u00e4lt auch rauen Umgebungen stand. Kabellos und leistungsf\u00e4hig: Mit WiFi-Konnektivit\u00e4t f\u00fcr nahtlose Daten\u00fcbertragung\u2026","rel":"","context":"Similar post","img":{"alt_text":"","src":"https:\/\/i0.wp.com\/anythingtechnicallc.com\/wp-content\/uploads\/2026\/04\/Zebra-TC52-Rugged-Scanner.jpg?fit=900%2C1200&ssl=1&resize=350%2C200","width":350,"height":200},"classes":[]},{"id":9831,"url":"https:\/\/anythingtechnicallc.com\/index.php\/de\/product\/apple-ipad-11-zoll-a16-chip-11-zoll-modell-liquid-retina-display-128gb-wi-fi-6-12mp-front-12mp-rueckkamera-touch-id-ganztaegige-batterielaufzeit-blau\/","url_meta":{"origin":9164,"position":1},"title":"Apple iPad 11-Zoll: A16 Chip, 11-Zoll Modell, Liquid Retina Display, 128GB, Wi-Fi 6, 12MP Front-\/12MP R\u00fcckkamera, Touch ID, Ganzt\u00e4gige Batterielaufzeit &#8211; Blau","date":"April 8, 2026","format":false,"excerpt":"WARUM IPAD - Das 11-Zoll-iPad ist jetzt leistungsf\u00e4higer denn je mit dem superschnellen A16-Chip, einem atemberaubenden Liquid Retina-Display, fortschrittlichen Kameras, schnellem Wi-Fi, USB-C-Anschluss und vier pr\u00e4chtigen Farben.* Das iPad bietet eine leistungsstarke M\u00f6glichkeit, zu kreieren, in Verbindung zu bleiben und Dinge zu erledigen. LEISTUNG UND SPEICHER - Der superschnelle A16\u2026","rel":"","context":"Similar post","img":{"alt_text":"","src":"https:\/\/i0.wp.com\/anythingtechnicallc.com\/wp-content\/uploads\/2026\/03\/61aPY8odPSL._AC_SL1500_.jpg?fit=1061%2C1200&ssl=1&resize=350%2C200","width":350,"height":200},"classes":[]},{"id":9946,"url":"https:\/\/anythingtechnicallc.com\/index.php\/de\/product\/zebra-tc56-wireless-android-handheld-2d-1d-qr-code-barcode-scanner-tc56cj-ladegeraet-nicht-inbegriffen-erneuert\/","url_meta":{"origin":9164,"position":2},"title":"Zebra TC56 Wireless Android Handheld 2D\/1D\/QR Code Barcode-Scanner, TC56CJ, Ladeger\u00e4t nicht inbegriffen (Erneuert)","date":"April 15, 2026","format":false,"excerpt":"Kosteng\u00fcnstig und langlebig: Das perfekte Gleichgewicht zwischen Langlebigkeit und Erschwinglichkeit macht es zu einem ausgezeichneten Sparger\u00e4t f\u00fcr Unternehmen, die auf ihre Kosten achten. Vielseitige Scan-F\u00e4higkeiten: Scannt m\u00fchelos 2D-, 1D- und QR-Codes und unterst\u00fctzt eine breite Palette von Barcodeformaten. Android 8.1 mit Play Store-Zugang: Bietet ein vertrautes und benutzerfreundliches Erlebnis mit\u2026","rel":"","context":"Similar post","img":{"alt_text":"","src":"https:\/\/i0.wp.com\/anythingtechnicallc.com\/wp-content\/uploads\/2026\/04\/31Nu0AJetaS._AC_.jpg?fit=201%2C388&ssl=1&resize=350%2C200","width":350,"height":200},"classes":[]},{"id":9512,"url":"https:\/\/anythingtechnicallc.com\/index.php\/de\/product\/dji-osmo-action-5-pro-standard-combo-wasserdichte-action-kamera-mit-1-1-3-sensor-4k-120fps-video-motivverfolgung-stabilisierung-dual-oled-touchscreens-action-kamera-4k-ideal-fuer-sport-vlog\/","url_meta":{"origin":9164,"position":3},"title":"DJI Osmo Action 5 Pro Standard Combo, Wasserdichte Action-Kamera mit 1\/1.3&#8243; Sensor, 4K\/120fps Video, Motivverfolgung, Stabilisierung, Dual OLED Touchscreens, Action-Kamera 4K Ideal f\u00fcr Sport, Vlog","date":"March 21, 2026","format":false,"excerpt":"Halten Sie n\u00e4chtliche Stadtlandschaften fest - Osmo Action 5 Pro verf\u00fcgt \u00fcber einen neuen 1\/1,3\u2033-Sensor f\u00fcr atemberaubendes Low-Light. Ideal f\u00fcr n\u00e4chtliche Fahrradabenteuer in dunklen Umgebungen. Verbesserte Motivverfolgung - 4nm Chip f\u00fcr schnelle, zuverl\u00e4ssige Aufnahmen. Halten Sie sich schnell bewegende Motive in der Mitte. [7] Der 4nm-Chip sorgt f\u00fcr einen reibungslosen\u2026","rel":"","context":"Similar post","img":{"alt_text":"","src":"https:\/\/i0.wp.com\/anythingtechnicallc.com\/wp-content\/uploads\/2025\/08\/71pg9H7KEuL._AC_SL1500_.jpg?fit=1200%2C976&ssl=1&resize=350%2C200","width":350,"height":200},"classes":[]},{"id":9191,"url":"https:\/\/anythingtechnicallc.com\/index.php\/de\/product\/bose-home-speaker-500-intelligenter-bluetooth-lautsprecher-mit-integrierter-alexa-sprachsteuerung-schwarz-erneuert\/","url_meta":{"origin":9164,"position":4},"title":"Bose Home Speaker 500: Intelligenter Bluetooth-Lautsprecher mit integrierter Alexa-Sprachsteuerung, Schwarz (erneuert)","date":"March 19, 2026","format":false,"excerpt":"SOUND PERFORMANCE: F\u00fcllen Sie jeden Raum mit beeindruckendem Stereosound von Wand zu Wand aus einem einzigen Lautsprecher. BUILT-IN-ALEXA: Amazon Alexa und Google Assistant sind in diesen intelligenten Lautsprecher integriert und erm\u00f6glichen eine freih\u00e4ndige Sprachsteuerung. Und ein ger\u00e4uschunterdr\u00fcckendes Mikrofonsystem lauscht in alle Richtungen auf Ihre Stimme. KONNEKTIVIT\u00c4T: Koppeln Sie Ihr Ger\u00e4t\u2026","rel":"","context":"Similar post","img":{"alt_text":"","src":"https:\/\/i0.wp.com\/anythingtechnicallc.com\/wp-content\/uploads\/2025\/02\/A1xlwUXvbCL._AC_SL1500_.jpg?fit=983%2C1200&ssl=1&resize=350%2C200","width":350,"height":200},"classes":[]},{"id":9638,"url":"https:\/\/anythingtechnicallc.com\/index.php\/de\/product\/gebrauchter-kindle-paperwhite-4-vorherige-generation-2018-release-wasserdicht-wi-fi-8-gb-schwarz\/","url_meta":{"origin":9164,"position":5},"title":"Gebrauchter Kindle Paperwhite 4 (vorherige Generation &#8211; 2018 release) Wasserdicht Wi-Fi 8 GB Schwarz","date":"March 24, 2026","format":false,"excerpt":"Der bisher d\u00fcnnste und leichteste Kindle Paperwhite - mit einer b\u00fcndigen Front und einem blendfreien 300 ppi-Display, das sich selbst bei hellem Sonnenlicht wie echtes Papier liest. Jetzt wasserdicht, damit Sie auch am Strand, am Pool oder in der Badewanne lesen und entspannen k\u00f6nnen. Ihr Kindle wurde getestet, um versehentliches\u2026","rel":"","context":"Similar post","img":{"alt_text":"","src":"https:\/\/i0.wp.com\/anythingtechnicallc.com\/wp-content\/uploads\/2025\/10\/613kTHJ4g7L._AC_SL1000_.jpg?fit=850%2C859&ssl=1&resize=350%2C200","width":350,"height":200},"classes":[]}],"pll_sync_post":[],"lang":"de","translations":{"de":9164,"en":6258},"_links":{"self":[{"href":"https:\/\/anythingtechnicallc.com\/index.php\/wp-json\/wp\/v2\/product\/9164","targetHints":{"allow":["GET"]}}],"collection":[{"href":"https:\/\/anythingtechnicallc.com\/index.php\/wp-json\/wp\/v2\/product"}],"about":[{"href":"https:\/\/anythingtechnicallc.com\/index.php\/wp-json\/wp\/v2\/types\/product"}],"replies":[{"embeddable":true,"href":"https:\/\/anythingtechnicallc.com\/index.php\/wp-json\/wp\/v2\/comments?post=9164"}],"wp:featuredmedia":[{"embeddable":true,"href":"https:\/\/anythingtechnicallc.com\/index.php\/wp-json\/wp\/v2\/media\/9163"}],"wp:attachment":[{"href":"https:\/\/anythingtechnicallc.com\/index.php\/wp-json\/wp\/v2\/media?parent=9164"}],"wp:term":[{"taxonomy":"product_brand","embeddable":true,"href":"https:\/\/anythingtechnicallc.com\/index.php\/wp-json\/wp\/v2\/product_brand?post=9164"},{"taxonomy":"product_cat","embeddable":true,"href":"https:\/\/anythingtechnicallc.com\/index.php\/wp-json\/wp\/v2\/product_cat?post=9164"},{"taxonomy":"product_tag","embeddable":true,"href":"https:\/\/anythingtechnicallc.com\/index.php\/wp-json\/wp\/v2\/product_tag?post=9164"}],"curies":[{"name":"wp","href":"https:\/\/api.w.org\/{rel}","templated":true}]}}