{"id":9167,"date":"2026-03-19T05:37:06","date_gmt":"2026-03-19T05:37:06","guid":{"rendered":"https:\/\/anythingtechnicallc.com\/?post_type=product&#038;p=9167"},"modified":"2026-03-19T05:37:07","modified_gmt":"2026-03-19T05:37:07","slug":"canon-imageformula-p-215-mobiler-dokumentenscanner-schwarz-16-x-11-x-37-erneuert","status":"publish","type":"product","link":"https:\/\/anythingtechnicallc.com\/index.php\/de\/product\/canon-imageformula-p-215-mobiler-dokumentenscanner-schwarz-16-x-11-x-37-erneuert\/","title":{"rendered":"Canon imageFORMULA P-215 Mobiler Dokumentenscanner, Schwarz, 1,6&#8243; x 11&#8243; x 3,7&#8243; (Erneuert)"},"content":{"rendered":"<div id=\"productDescription_feature_div\" class=\"celwidget pd_rd_w-Ww0GQ pd_rd_r-8F1EGZFRQ1NSGRJGVFEV pd_rd_wg-7ihUB\" data-feature-name=\"productDescription\" data-csa-c-type=\"widget\" data-csa-c-content-id=\"productDescription\" data-csa-c-slot-id=\"productDescription_feature_div\" data-csa-c-asin=\"\" data-csa-c-is-in-initial-active-row=\"false\" data-csa-c-id=\"tgzqix-v3sc1w-99r81k-j0qkvf\" data-cel-widget=\"productDescription_feature_div\">\n<div>\n<div id=\"productDescription_feature_div\" class=\"a-row feature\" data-feature-name=\"productDescription\" data-template-name=\"productDescription\" data-cel-widget=\"productDescription_feature_div\">\n<div id=\"productDescription\" class=\"a-section a-spacing-small\">\n<p>Der mobile Dokumentenscanner ImageFORMULA P-215 Scan-tini ist eine ideale L\u00f6sung f\u00fcr Windows- und Mac-Umgebungen und eignet sich sowohl f\u00fcr das Heimb\u00fcro als auch f\u00fcr kleine B\u00fcros. Der P-215 ist mit einem integrierten Kartenscanner ausgestattet. Seine kompakte Gr\u00f6\u00dfe, die einfache Bedienung und die hohe Bildqualit\u00e4t machen die mobile Informationserfassung, -speicherung und -zusammenarbeit zu einer anspruchsvollen Angelegenheit.<\/p>\n<\/div>\n<\/div>\n<\/div>\n<\/div>\n<div id=\"HLCXComparisonWidget-override_of_btf_arenas-1-T2\" class=\"celwidget pd_rd_w-KMqsD pd_rd_r-8F1EGZFRQ1NSGRJGVFEV pd_rd_wg-7ihUB\" data-feature-name=\"HLCXComparisonWidget-override_of_btf_arenas-1-T2\" data-csa-c-type=\"widget\" data-csa-c-content-id=\"HLCXComparisonWidget-override_of_btf_arenas-1-T2\" data-csa-c-slot-id=\"HLCXComparisonWidget-override_of_btf_arenas-1-T2\" data-csa-c-asin=\"\" data-csa-c-is-in-initial-active-row=\"false\" data-csa-c-id=\"fe1656-8avljy-262tuv-4gvx90\" data-cel-widget=\"HLCXComparisonWidget-override_of_btf_arenas-1-T2\">\n<div id=\"product-comparison_feature_div\" class=\"celwidget\" data-feature-name=\"product-comparison\" data-csa-c-type=\"widget\" data-csa-c-content-id=\"product-comparison\" data-csa-c-slot-id=\"product-comparison_feature_div\" data-csa-c-asin=\"\" data-csa-c-is-in-initial-active-row=\"false\" data-csa-c-id=\"5s5vcp-9yvgb2-4nf0pd-3pw7lx\" data-cel-widget=\"product-comparison_feature_div\">\n<div id=\"sims-consolidated-4_feature_div\">\n<div id=\"sims-consolidated-4_feature_div\">\n<div class=\"celwidget\" data-csa-c-id=\"hpiipw-jmw26u-t42q05-b15m26\" data-cel-widget=\"sims-consolidated-4_csm_instrumentation_wrapper\">\n<div class=\"celwidget pd_rd_w-37t3q content-id-amzn1.sym.cd152278-debd-42b9-91b9-6f271389fda7 pf_rd_p-cd152278-debd-42b9-91b9-6f271389fda7 pf_rd_r-8F1EGZFRQ1NSGRJGVFEV pd_rd_wg-acpyX pd_rd_r-c321b6d2-d3c6-42b8-b4e4-796e74b2e01a c-f\" data-csa-op-log-render=\"\" data-csa-c-content-id=\"amzn1.sym.cd152278-debd-42b9-91b9-6f271389fda7\" data-csa-c-slot-id=\"comparison-container-5\" data-csa-c-type=\"widget\" data-csa-c-painter=\"product-comparison-desktop-cards\" data-csa-c-id=\"1e7hjq-m0a4t8-4y0n20-14r7w5\" data-cel-widget=\"product-comparison-desktop_DPSims_4\">\n<div id=\"CardInstanceJ1Q-mDoGZFPHlWk5x7AVhA\" class=\"_product-comparison-desktop_styles_psem-product-comparison__22yGa\" data-card-metrics-id=\"product-comparison-desktop_DPSims_4\" data-acp-tracking=\"{&quot;pd_rd_w&quot;:&quot;37t3q&quot;,&quot;content-id&quot;:&quot;amzn1.sym.cd152278-debd-42b9-91b9-6f271389fda7&quot;,&quot;pf_rd_p&quot;:&quot;cd152278-debd-42b9-91b9-6f271389fda7&quot;,&quot;pf_rd_r&quot;:&quot;8F1EGZFRQ1NSGRJGVFEV&quot;,&quot;pd_rd_wg&quot;:&quot;acpyX&quot;,&quot;pd_rd_r&quot;:&quot;c321b6d2-d3c6-42b8-b4e4-796e74b2e01a&quot;,&quot;ref_&quot;:&quot;pd_ci_mcx_pspc_dp_2&quot;}\" data-mix-claimed=\"true\">\n<div class=\"_product-comparison-desktop_desktopFaceoutStyle_comparison-card-wrapper__udgEs\"><\/div>\n<\/div>\n<\/div>\n<\/div>\n<\/div>\n<\/div>\n<\/div>\n<\/div>\n","protected":false},"excerpt":{"rendered":"<div id=\"productDescription_feature_div\" class=\"celwidget pd_rd_w-Ww0GQ pd_rd_r-8F1EGZFRQ1NSGRJGVFEV pd_rd_wg-7ihUB\" data-feature-name=\"productDescription\" data-csa-c-type=\"widget\" data-csa-c-content-id=\"productDescription\" data-csa-c-slot-id=\"productDescription_feature_div\" data-csa-c-asin=\"\" data-csa-c-is-in-initial-active-row=\"false\" data-csa-c-id=\"tgzqix-v3sc1w-99r81k-j0qkvf\" data-cel-widget=\"productDescription_feature_div\">\n<div>\n<div id=\"productDescription_feature_div\" class=\"a-row feature\" data-feature-name=\"productDescription\" data-template-name=\"productDescription\" data-cel-widget=\"productDescription_feature_div\">\n<div id=\"productDescription\" class=\"a-section a-spacing-small\">\n<p>Der mobile Dokumentenscanner ImageFORMULA P-215 Scan-tini ist eine ideale L\u00f6sung f\u00fcr Windows- und Mac-Umgebungen und eignet sich sowohl f\u00fcr das Heimb\u00fcro als auch f\u00fcr kleine B\u00fcros. Der P-215 ist mit einem integrierten Kartenscanner ausgestattet. Seine kompakte Gr\u00f6\u00dfe, die einfache Bedienung und die hohe Bildqualit\u00e4t machen die mobile Informationserfassung, -speicherung und -zusammenarbeit zu einer anspruchsvollen Angelegenheit.<\/p>\n<\/div>\n<\/div>\n<\/div>\n<\/div>\n<div id=\"HLCXComparisonWidget-override_of_btf_arenas-1-T2\" class=\"celwidget pd_rd_w-KMqsD pd_rd_r-8F1EGZFRQ1NSGRJGVFEV pd_rd_wg-7ihUB\" data-feature-name=\"HLCXComparisonWidget-override_of_btf_arenas-1-T2\" data-csa-c-type=\"widget\" data-csa-c-content-id=\"HLCXComparisonWidget-override_of_btf_arenas-1-T2\" data-csa-c-slot-id=\"HLCXComparisonWidget-override_of_btf_arenas-1-T2\" data-csa-c-asin=\"\" data-csa-c-is-in-initial-active-row=\"false\" data-csa-c-id=\"fe1656-8avljy-262tuv-4gvx90\" data-cel-widget=\"HLCXComparisonWidget-override_of_btf_arenas-1-T2\">\n<div id=\"product-comparison_feature_div\" class=\"celwidget\" data-feature-name=\"product-comparison\" data-csa-c-type=\"widget\" data-csa-c-content-id=\"product-comparison\" data-csa-c-slot-id=\"product-comparison_feature_div\" data-csa-c-asin=\"\" data-csa-c-is-in-initial-active-row=\"false\" data-csa-c-id=\"5s5vcp-9yvgb2-4nf0pd-3pw7lx\" data-cel-widget=\"product-comparison_feature_div\">\n<div id=\"sims-consolidated-4_feature_div\">\n<div id=\"sims-consolidated-4_feature_div\">\n<div class=\"celwidget\" data-csa-c-id=\"hpiipw-jmw26u-t42q05-b15m26\" data-cel-widget=\"sims-consolidated-4_csm_instrumentation_wrapper\">\n<div class=\"celwidget pd_rd_w-37t3q content-id-amzn1.sym.cd152278-debd-42b9-91b9-6f271389fda7 pf_rd_p-cd152278-debd-42b9-91b9-6f271389fda7 pf_rd_r-8F1EGZFRQ1NSGRJGVFEV pd_rd_wg-acpyX pd_rd_r-c321b6d2-d3c6-42b8-b4e4-796e74b2e01a c-f\" data-csa-op-log-render=\"\" data-csa-c-content-id=\"amzn1.sym.cd152278-debd-42b9-91b9-6f271389fda7\" data-csa-c-slot-id=\"comparison-container-5\" data-csa-c-type=\"widget\" data-csa-c-painter=\"product-comparison-desktop-cards\" data-csa-c-id=\"1e7hjq-m0a4t8-4y0n20-14r7w5\" data-cel-widget=\"product-comparison-desktop_DPSims_4\">\n<div id=\"CardInstanceJ1Q-mDoGZFPHlWk5x7AVhA\" class=\"_product-comparison-desktop_styles_psem-product-comparison__22yGa\" data-card-metrics-id=\"product-comparison-desktop_DPSims_4\" data-acp-tracking=\"{\" data-mix-claimed=\"true\">\n<div class=\"_product-comparison-desktop_desktopFaceoutStyle_comparison-card-wrapper__udgEs\"><\/div>\n<\/div>\n<\/div>\n<\/div>\n<\/div>\n<\/div>\n<\/div>\n<\/div>\n","protected":false},"featured_media":9166,"comment_status":"open","ping_status":"closed","template":"","meta":{"_et_pb_use_builder":"","_et_pb_old_content":"","_et_gb_content_width":""},"product_brand":[],"product_cat":[1566],"product_tag":[],"class_list":{"0":"post-9167","1":"product","2":"type-product","3":"status-publish","4":"has-post-thumbnail","6":"product_cat-druckerteile-zubehoer","8":"first","9":"instock","10":"sale","11":"taxable","12":"shipping-taxable","13":"purchasable","14":"product-type-simple"},"exclude_global_add_ons":[],"addons":[],"jetpack-related-posts":[{"id":9614,"url":"https:\/\/anythingtechnicallc.com\/index.php\/de\/product\/gebrauchter-zte-mc888-5g-wifi-home-router-freigeschaltet\/","url_meta":{"origin":9167,"position":0},"title":"Gebrauchter ZTE MC888 5G WiFi Home Router, freigeschaltet","date":"March 24, 2026","format":false,"excerpt":"Der ZTE MC888 5G Indoor CPE ist ein leistungsstarker Router, der mit dem neuesten Qualcomm X62-Chipsatz ausgestattet ist und eine nahtlose und stabile 5G-Verbindung f\u00fcr Ihr Zuhause oder Ihr B\u00fcro bietet. Seine hochmoderne 5G-Technologie bietet ultraschnelle Daten\u00fcbertragungsraten und sorgt daf\u00fcr, dass Sie Hochgeschwindigkeitsinternet f\u00fcr Streaming, Spiele und andere bandbreitenintensive Aktivit\u00e4ten\u2026","rel":"","context":"Similar post","img":{"alt_text":"","src":"https:\/\/i0.wp.com\/anythingtechnicallc.com\/wp-content\/uploads\/2025\/10\/ZTE-MC888-5G.webp?fit=920%2C920&ssl=1&resize=350%2C200","width":350,"height":200},"classes":[]},{"id":9212,"url":"https:\/\/anythingtechnicallc.com\/index.php\/de\/product\/gebrauchtes-shure-sm31fh-tqg-wasserabweisendes-kondensatormikrofon-mit-nierencharakteristik-fuer-kopfhoerer\/","url_meta":{"origin":9167,"position":1},"title":"Gebrauchtes Shure SM31FH-TQG Wasserabweisendes Kondensatormikrofon mit Nierencharakteristik f\u00fcr Kopfh\u00f6rer","date":"March 19, 2026","format":false,"excerpt":"WETTERFESTES DESIGN - Das SM31FH wurde f\u00fcr den Einsatz in rauen Umgebungen und unter schwierigen Wetterbedingungen entwickelt und eignet sich perfekt f\u00fcr Fitness-Trainer und aktive K\u00fcnstler. SICHERER SITZ - Das komfortable, sicher sitzende Drahtb\u00fcgel-Headset ist so konzipiert, dass es auch bei energiegeladenen Auftritten und anstrengenden Aktivit\u00e4ten an seinem Platz bleibt.\u2026","rel":"","context":"Similar post","img":{"alt_text":"","src":"https:\/\/i0.wp.com\/anythingtechnicallc.com\/wp-content\/uploads\/2025\/02\/61oDR6SKIL._AC_SL1500_.jpg?fit=1200%2C1032&ssl=1&resize=350%2C200","width":350,"height":200},"classes":[]},{"id":9056,"url":"https:\/\/anythingtechnicallc.com\/index.php\/de\/product\/shure-wh30-kondensator-kopfbuegelmikrofone-erneuert\/","url_meta":{"origin":9167,"position":2},"title":"Shure WH30 Kondensator-Kopfb\u00fcgelmikrofone erneuert","date":"March 18, 2026","format":false,"excerpt":"Das Shure Modell WH30 ist ein leichtes und dennoch robustes Headset-Mikrofon. Das WH30 wurde f\u00fcr S\u00e4nger und Instrumentalisten entwickelt und verf\u00fcgt \u00fcber eine hochwertige Elektret-Kondensator-Kapsel, die sich f\u00fcr alle Anwendungen eignet, bei denen Mobilit\u00e4t, Komfort, geringe Sichtbarkeit des Mikrofons und hohe Klangqualit\u00e4t erforderlich sind. Aufgrund seiner Nierencharakteristik (unidirektional) bietet das\u2026","rel":"","context":"Similar post","img":{"alt_text":"","src":"https:\/\/i0.wp.com\/anythingtechnicallc.com\/wp-content\/uploads\/2024\/09\/81s63XUminL._AC_SL1500_.jpg?fit=1200%2C710&ssl=1&resize=350%2C200","width":350,"height":200},"classes":[]},{"id":9249,"url":"https:\/\/anythingtechnicallc.com\/index.php\/de\/product\/dji-mic-mini-2-tx-1-rx-ladekoffer-drahtloses-mikrofon-fuer-iphone-kamera-android-ultraleicht-detailreiches-audio-48h-nutzung-geraeuschunterdrueckung-automatische-begrenzung-vlog-streamin\/","url_meta":{"origin":9167,"position":3},"title":"DJI Mic Mini (2 TX + 1 RX + Ladekoffer), drahtloses Mikrofon f\u00fcr iPhone\/Kamera\/Android, ultraleicht, detailreiches Audio, 48h Nutzung, Ger\u00e4uschunterdr\u00fcckung, automatische Begrenzung, Vlog, Streaming","date":"March 19, 2026","format":false,"excerpt":"Klein, aber oho - Der DJI Mic Mini Lavaliermikrofon-Sender ist klein und ultraleicht, er wiegt nur 10 g [1] und ist daher angenehm zu tragen, diskret und \u00e4sthetisch ansprechend f\u00fcr die Kamera. Detailreicher Klang - Die drahtlosen Mic Mini-Mikrofone liefern hochwertige Audioqualit\u00e4t. Eine maximale \u00dcbertragungsreichweite von 400 m [2] sorgt\u2026","rel":"","context":"Similar post","img":{"alt_text":"","src":"https:\/\/i0.wp.com\/anythingtechnicallc.com\/wp-content\/uploads\/2025\/06\/6132m-fHnjL._AC_SL1500_.jpg?fit=1200%2C1049&ssl=1&resize=350%2C200","width":350,"height":200},"classes":[]},{"id":9735,"url":"https:\/\/anythingtechnicallc.com\/index.php\/de\/product\/gebrauchter-sennheiser-ie-400-pro-professioneller-in-ear-monitoring-kopfhoerer-klar\/","url_meta":{"origin":9167,"position":4},"title":"Gebrauchter Sennheiser IE 400 PRO Professioneller In-Ear-Monitoring-Kopfh\u00f6rer, klar","date":"March 24, 2026","format":false,"excerpt":"Erleben Sie Audio auf Profi-Niveau mit diesen In-Ear-Monitoren von Sennheiser, perfekt f\u00fcr Live-Auftritte. Erzielen Sie eine \u00fcberragende Ger\u00e4uschisolierung von bis zu 26 dB, die selbst in lauten Umgebungen einen kristallklaren Klang gew\u00e4hrleistet. Dieser robuste In-Ear-Kopfh\u00f6rer verf\u00fcgt \u00fcber einen breiten Frequenzgang von 6-19.000 Hz f\u00fcr detailreichen Klang. Die niedrige Impedanz des\u2026","rel":"","context":"Similar post","img":{"alt_text":"","src":"https:\/\/i0.wp.com\/anythingtechnicallc.com\/wp-content\/uploads\/2026\/03\/Sennheiser-IE-400-PRO-Professional-In-Ear-Monitoring-Headphones-Clear.jpg?fit=1200%2C1200&ssl=1&resize=350%2C200","width":350,"height":200},"classes":[]},{"id":9958,"url":"https:\/\/anythingtechnicallc.com\/index.php\/de\/product\/zebra-tc52-rugged-scanner-android-2d-1d-barcode-leser-inkl-ladegeraet-erneuert\/","url_meta":{"origin":9167,"position":5},"title":"Zebra TC52 Rugged Scanner, Android, 2D\/1D Barcode-Leser (inkl. Ladeger\u00e4t) (Erneuert)","date":"April 15, 2026","format":false,"excerpt":"Fortschrittliches Barcode-Scannen: Ausgestattet mit einem 2D\/1D\/QR-Codeleser f\u00fcr schnelles und genaues Scannen von Barcodes, perfekt f\u00fcr die Bestands- und Lagerverwaltung. Robuste Langlebigkeit: Der Zebra TC52 ist f\u00fcr den anspruchsvollen Einsatz in der Industrie und im Freien konzipiert und h\u00e4lt auch rauen Umgebungen stand. Kabellos und leistungsf\u00e4hig: Mit WiFi-Konnektivit\u00e4t f\u00fcr nahtlose Daten\u00fcbertragung\u2026","rel":"","context":"Similar post","img":{"alt_text":"","src":"https:\/\/i0.wp.com\/anythingtechnicallc.com\/wp-content\/uploads\/2026\/04\/Zebra-TC52-Rugged-Scanner.jpg?fit=900%2C1200&ssl=1&resize=350%2C200","width":350,"height":200},"classes":[]}],"pll_sync_post":[],"lang":"de","translations":{"de":9167,"en":6260},"_links":{"self":[{"href":"https:\/\/anythingtechnicallc.com\/index.php\/wp-json\/wp\/v2\/product\/9167","targetHints":{"allow":["GET"]}}],"collection":[{"href":"https:\/\/anythingtechnicallc.com\/index.php\/wp-json\/wp\/v2\/product"}],"about":[{"href":"https:\/\/anythingtechnicallc.com\/index.php\/wp-json\/wp\/v2\/types\/product"}],"replies":[{"embeddable":true,"href":"https:\/\/anythingtechnicallc.com\/index.php\/wp-json\/wp\/v2\/comments?post=9167"}],"wp:featuredmedia":[{"embeddable":true,"href":"https:\/\/anythingtechnicallc.com\/index.php\/wp-json\/wp\/v2\/media\/9166"}],"wp:attachment":[{"href":"https:\/\/anythingtechnicallc.com\/index.php\/wp-json\/wp\/v2\/media?parent=9167"}],"wp:term":[{"taxonomy":"product_brand","embeddable":true,"href":"https:\/\/anythingtechnicallc.com\/index.php\/wp-json\/wp\/v2\/product_brand?post=9167"},{"taxonomy":"product_cat","embeddable":true,"href":"https:\/\/anythingtechnicallc.com\/index.php\/wp-json\/wp\/v2\/product_cat?post=9167"},{"taxonomy":"product_tag","embeddable":true,"href":"https:\/\/anythingtechnicallc.com\/index.php\/wp-json\/wp\/v2\/product_tag?post=9167"}],"curies":[{"name":"wp","href":"https:\/\/api.w.org\/{rel}","templated":true}]}}