{"id":9170,"date":"2026-03-19T05:38:16","date_gmt":"2026-03-19T05:38:16","guid":{"rendered":"https:\/\/anythingtechnicallc.com\/?post_type=product&#038;p=9170"},"modified":"2026-03-19T09:30:39","modified_gmt":"2026-03-19T09:30:39","slug":"western-digital-2tb-wd-blue-pc-festplatte-7200-rpm-klasse-sata-6-gb-s-256-mb-cache-35-wd20ezbx-erneuert","status":"publish","type":"product","link":"https:\/\/anythingtechnicallc.com\/index.php\/de\/product\/western-digital-2tb-wd-blue-pc-festplatte-7200-rpm-klasse-sata-6-gb-s-256-mb-cache-35-wd20ezbx-erneuert\/","title":{"rendered":"Western Digital 2TB WD Blue PC-Festplatte &#8211; 7200 RPM Klasse, SATA 6 Gb\/s, 256 MB Cache, 3,5&#8243; &#8211; WD20EZBX (Erneuert)"},"content":{"rendered":"<ul class=\"a-unordered-list a-vertical a-spacing-mini\">\n<li class=\"a-spacing-mini\"><span class=\"a-list-item\">NoTouch Ramp Load Technologie &#8211; Der Aufzeichnungskopf ber\u00fchrt das Speichermedium nicht, was eine deutlich geringere Abnutzung des Aufzeichnungskopfes und des Speichermediums sowie einen besseren Schutz des Laufwerks beim Transport gew\u00e4hrleistet.<\/span><\/li>\n<li class=\"a-spacing-mini\"><span class=\"a-list-item\">Niedriger Stromverbrauch &#8211; Modernste Suchalgorithmen und fortschrittliche Energieverwaltungsfunktionen sorgen f\u00fcr einen niedrigen Stromverbrauch.<\/span><\/li>\n<\/ul>\n","protected":false},"excerpt":{"rendered":"<ul class=\"a-unordered-list a-vertical a-spacing-mini\">\n<li class=\"a-spacing-mini\"><span class=\"a-list-item\">NoTouch Ramp Load Technologie &#8211; Der Aufzeichnungskopf ber\u00fchrt das Speichermedium nicht, was eine deutlich geringere Abnutzung des Aufzeichnungskopfes und des Speichermediums sowie einen besseren Schutz des Laufwerks beim Transport gew\u00e4hrleistet.<\/span><\/li>\n<li class=\"a-spacing-mini\"><span class=\"a-list-item\">Niedriger Stromverbrauch &#8211; Modernste Suchalgorithmen und fortschrittliche Energieverwaltungsfunktionen sorgen f\u00fcr einen niedrigen Stromverbrauch.<\/span><\/li>\n<\/ul>\n","protected":false},"featured_media":9169,"comment_status":"open","ping_status":"closed","template":"","meta":{"_et_pb_use_builder":"","_et_pb_old_content":"","_et_gb_content_width":""},"product_brand":[],"product_cat":[1372,703],"product_tag":[],"class_list":{"0":"post-9170","1":"product","2":"type-product","3":"status-publish","4":"has-post-thumbnail","6":"product_cat-elektronik","7":"product_cat-uncategorized-de","9":"first","10":"instock","11":"sale","12":"taxable","13":"shipping-taxable","14":"purchasable","15":"product-type-simple"},"exclude_global_add_ons":[],"addons":[],"jetpack-related-posts":[{"id":9870,"url":"https:\/\/anythingtechnicallc.com\/index.php\/de\/product\/bose-soundlink-home-speaker-premium-tragbarer-und-kabelloser-bluetooth-regal-lautsprecher-bis-zu-9-stunden-akkulaufzeit-cool-grey\/","url_meta":{"origin":9170,"position":0},"title":"Bose SoundLink Home Speaker, Premium, tragbarer und kabelloser Bluetooth Regal-Lautsprecher, bis zu 9 Stunden Akkulaufzeit, Cool Grey","date":"April 8, 2026","format":false,"excerpt":"BEW\u00c4HRTE PREMIUM-AUDIO: Dieser kleine, kabellose Lautsprecher liefert einen klaren, scharfen Sound und hat genug tiefe B\u00e4sse, um jeden Raum zu f\u00fcllen. STEREO, WOHIN SIE AUCH GEHEN: Verst\u00e4rken Sie die Energie, wenn Sie zwei SoundLink Home Speakers f\u00fcr den linken und rechten Kanal koppeln. Verbinden Sie die beiden Lautsprecher einfach \u00fcber\u2026","rel":"","context":"Similar post","img":{"alt_text":"","src":"https:\/\/i0.wp.com\/anythingtechnicallc.com\/wp-content\/uploads\/2026\/03\/Bose-SoundLink-Home-Speaker.jpg?fit=1200%2C1200&ssl=1&resize=350%2C200","width":350,"height":200},"classes":[]},{"id":9852,"url":"https:\/\/anythingtechnicallc.com\/index.php\/de\/product\/shokz-openfit-air-offene-kopfhoerer-true-wireless-earbuds-wasserfest-sichere-ohrbuegel-fuer-den-taeglichen-gebrauch-schwarz\/","url_meta":{"origin":9170,"position":1},"title":"SHOKZ OpenFit Air &#8211; Offene Kopfh\u00f6rer, True Wireless Earbuds, wasserfest, sichere Ohrb\u00fcgel f\u00fcr den t\u00e4glichen Gebrauch, Schwarz","date":"April 8, 2026","format":false,"excerpt":"Ausgekl\u00fcgelte Passform - Entwickelt f\u00fcr verbesserten Komfort mit unserem charakteristischen Open-Ear-Konzept und einem anpassungsf\u00e4higen Ohrb\u00fcgel, der nur 0,3 Unzen wiegt. Diese offenen Ohrst\u00f6psel sind so konstruiert, dass sie sicher an ihrem Platz bleiben. Erstklassiger Klang - Die Shokz DirectPitch-Technologie und die innovativen Stimml\u00f6cher sorgen f\u00fcr einen pr\u00e4zisen, nat\u00fcrlichen Klang mit\u2026","rel":"","context":"Similar post","img":{"alt_text":"","src":"https:\/\/i0.wp.com\/anythingtechnicallc.com\/wp-content\/uploads\/2026\/03\/51VAvyw9MvL._AC_SL1500_.jpg?fit=862%2C1122&ssl=1&resize=350%2C200","width":350,"height":200},"classes":[]},{"id":8936,"url":"https:\/\/anythingtechnicallc.com\/index.php\/de\/product\/sennheiser-cx-sport-bluetooth-sport-kopfhoerer\/","url_meta":{"origin":9170,"position":2},"title":"Sennheiser CX Sport Bluetooth Sport-Kopfh\u00f6rer","date":"March 18, 2026","format":false,"excerpt":"Geben Sie Ihre Modellnummer ein, um sicherzustellen, dass das Produkt passt. Die von Sennheiser entwickelten und in Deutschland hergestellten Schallwandler liefern einen ausgewogenen und detaillierten Klang mit dynamischen B\u00e4ssen. Schwei\u00df- und spritzwassergesch\u00fctzt, entwickelt als Erg\u00e4nzung zu Ihren Trainingsaktivit\u00e4ten","rel":"","context":"Similar post","img":{"alt_text":"","src":"https:\/\/i0.wp.com\/anythingtechnicallc.com\/wp-content\/uploads\/2023\/03\/Sennheiser-CX-Sport-Bluetooth-Sports-Headphone-0.jpg?fit=423%2C500&ssl=1&resize=350%2C200","width":350,"height":200},"classes":[]},{"id":9083,"url":"https:\/\/anythingtechnicallc.com\/index.php\/de\/product\/gebrauchter-shure-ulxd1-drahtloser-taschensender-v50-band\/","url_meta":{"origin":9170,"position":3},"title":"Gebrauchter Shure ULXD1 Drahtloser Taschensender, V50 Band","date":"March 19, 2026","format":false,"excerpt":"Dieser Sender ben\u00f6tigt einen Ulxd4-Empf\u00e4nger, um das System zu vervollst\u00e4ndigen. Hinweis: Wenn Sie separate drahtlose Komponenten kaufen, stimmen Sie bitte deren Frequenzb\u00e4nder aufeinander ab, um den ordnungsgem\u00e4\u00dfen Betrieb des Systems sicherzustellen. Der ULXD1 ist ein drahtloser Bodypack-Sender, der mit den digitalen ULX-D Drahtlossystemen kompatibel ist. Mit seinem robusten und dennoch\u2026","rel":"","context":"Similar post","img":{"alt_text":"","src":"https:\/\/i0.wp.com\/anythingtechnicallc.com\/wp-content\/uploads\/2024\/10\/41fQWcyQrlL._AC_SL1500_.jpg?fit=362%2C1200&ssl=1&resize=350%2C200","width":350,"height":200},"classes":[]},{"id":9588,"url":"https:\/\/anythingtechnicallc.com\/index.php\/de\/product\/hyperx-cloud-iii-s-kabelloses-gaming-headset-fuer-mehrere-plattformen-2-4ghz-bluetooth-akkulaufzeit-bis-zu-120-stunden-2-4ghz-200-stunden-bluetooth-53mm-abgewinkelte-treiber-abnehmbares-mikro\/","url_meta":{"origin":9170,"position":4},"title":"HyperX Cloud III S &#8211; Kabelloses Gaming-Headset f\u00fcr mehrere Plattformen, 2.4GHz, Bluetooth, Akkulaufzeit bis zu 120 Stunden 2.4GHz \/ 200 Stunden Bluetooth, 53mm abgewinkelte Treiber, abnehmbares Mikrofon &#8211; Schwarz","date":"March 21, 2026","format":false,"excerpt":"Bis zu 120 Stunden Spielzeit im 2.4GHz-Modus. Erweitern Sie die Grenzen mit bis zu 200 Stunden im Bluetooth-Modus. Die abgewinkelten 53-mm-Treiber wurden von den HyperX-Audioingenieuren so abgestimmt, dass sie ein optimales H\u00f6rerlebnis bieten, das die dynamischen Kl\u00e4nge des Spiels unterstreicht. Der f\u00fcr HyperX charakteristische Memory-Schaumstoff im Kopfb\u00fcgel und die mit\u2026","rel":"","context":"Similar post","img":{"alt_text":"","src":"https:\/\/i0.wp.com\/anythingtechnicallc.com\/wp-content\/uploads\/2025\/10\/HyperX-Cloud-III-S-Black.jpg?fit=1200%2C1121&ssl=1&resize=350%2C200","width":350,"height":200},"classes":[]},{"id":9092,"url":"https:\/\/anythingtechnicallc.com\/index.php\/de\/product\/gebrauchter-shure-ulxd1-drahtloser-bodypack-sender-q2-band-748-784mhz\/","url_meta":{"origin":9170,"position":5},"title":"Gebrauchter Shure ULXD1 Drahtloser Bodypack-Sender, Q2 Band 748-784MHz","date":"March 19, 2026","format":false,"excerpt":"Dieser Sender ben\u00f6tigt einen Ulxd4-Empf\u00e4nger, um das System zu vervollst\u00e4ndigen. Hinweis: Wenn Sie separate drahtlose Komponenten kaufen, stimmen Sie bitte deren Frequenzb\u00e4nder aufeinander ab, um den ordnungsgem\u00e4\u00dfen Betrieb des Systems sicherzustellen. Der ULXD1 ist ein drahtloser Bodypack-Sender, der mit den digitalen ULX-D Drahtlossystemen kompatibel ist. Mit seinem robusten und dennoch\u2026","rel":"","context":"Similar post","img":{"alt_text":"","src":"https:\/\/i0.wp.com\/anythingtechnicallc.com\/wp-content\/uploads\/2024\/10\/61bGitfCDL._AC_SL1500_.jpg?fit=466%2C1200&ssl=1&resize=350%2C200","width":350,"height":200},"classes":[]}],"pll_sync_post":[],"lang":"de","translations":{"de":9170,"en":6262},"_links":{"self":[{"href":"https:\/\/anythingtechnicallc.com\/index.php\/wp-json\/wp\/v2\/product\/9170","targetHints":{"allow":["GET"]}}],"collection":[{"href":"https:\/\/anythingtechnicallc.com\/index.php\/wp-json\/wp\/v2\/product"}],"about":[{"href":"https:\/\/anythingtechnicallc.com\/index.php\/wp-json\/wp\/v2\/types\/product"}],"replies":[{"embeddable":true,"href":"https:\/\/anythingtechnicallc.com\/index.php\/wp-json\/wp\/v2\/comments?post=9170"}],"wp:featuredmedia":[{"embeddable":true,"href":"https:\/\/anythingtechnicallc.com\/index.php\/wp-json\/wp\/v2\/media\/9169"}],"wp:attachment":[{"href":"https:\/\/anythingtechnicallc.com\/index.php\/wp-json\/wp\/v2\/media?parent=9170"}],"wp:term":[{"taxonomy":"product_brand","embeddable":true,"href":"https:\/\/anythingtechnicallc.com\/index.php\/wp-json\/wp\/v2\/product_brand?post=9170"},{"taxonomy":"product_cat","embeddable":true,"href":"https:\/\/anythingtechnicallc.com\/index.php\/wp-json\/wp\/v2\/product_cat?post=9170"},{"taxonomy":"product_tag","embeddable":true,"href":"https:\/\/anythingtechnicallc.com\/index.php\/wp-json\/wp\/v2\/product_tag?post=9170"}],"curies":[{"name":"wp","href":"https:\/\/api.w.org\/{rel}","templated":true}]}}